{"id":978,"date":"2020-11-20T16:09:58","date_gmt":"2020-11-20T09:09:58","guid":{"rendered":"http:\/\/duyhungmotor.com\/?post_type=product&#038;p=978"},"modified":"2020-11-27T00:51:39","modified_gmt":"2020-11-26T17:51:39","slug":"xe-may-dien-glx-s7-du-mau","status":"publish","type":"product","link":"https:\/\/duyhungmotor.com\/?product=xe-may-dien-glx-s7-du-mau","title":{"rendered":"XE M\u00c1Y \u0110I\u1ec6N GLX S7 \u0110\u1ee6 M\u00c0U"},"content":{"rendered":"<table class=\"shop_attributes\">\n<tbody>\n<tr>\n<th>Lo\u1ea1i xe<\/th>\n<td>Xe g\u1eafn m\u00e1y hai b\u00e1nh (\u0111i\u1ec7n)<\/td>\n<\/tr>\n<tr>\n<th>Ki\u1ec3u \u0111\u1ed9ng c\u01a1<\/th>\n<td>60V 800W, \u0111i\u1ec7n m\u1ed9t chi\u1ec1u kh\u00f4ng ch\u1ed5i than<\/td>\n<\/tr>\n<tr>\n<th>Nhi\u00ean li\u1ec7u s\u1eed d\u1ee5ng<\/th>\n<td>\u0110i\u1ec7n 60V, \u1eafc quy ch\u00ec axit (5*12v-20ah)<\/td>\n<\/tr>\n<tr>\n<th>M\u00e0u s\u1eafc<\/th>\n<td>\u0110en s\u1ea7n, tr\u1eafng s\u1ea7n, \u0111\u1ecf s\u1ea7n, xanh c\u1eedu long<\/td>\n<\/tr>\n<\/tbody>\n<\/table>\n","protected":false},"excerpt":{"rendered":"<ul>\n<li>B\u1ea3o h\u00e0nh \u0111\u1ed9ng c\u01a1 \u0111i\u1ec7n: 1 n\u0103m.<\/li>\n<li>B\u1ea3o h\u00e0nh b\u1ed9 \u0111i\u1ec1u khi\u1ec3n: 1 n\u0103m.<\/li>\n<li>B\u1ea3o h\u00e0nh \u1eafc quy: thay th\u1ebf trong v\u00f2ng 6 th\u00e1ng \u2013 s\u1eeda ch\u1eefa trong v\u00f2ng 1 n\u0103m.<\/li>\n<li>B\u1ea3o h\u00e0nh gi\u1ea3m s\u00f3c: gi\u1ea3m s\u00f3c tr\u01b0\u1edbc 6 th\u00e1ng \u2013 gi\u1ea3m s\u00f3c sau 2 n\u0103m<\/li>\n<li>B\u1ea3o h\u00e0nh khung xe, tay l\u00e1i: trong v\u00f2ng 1 n\u0103m<\/li>\n<\/ul>\n<h4><span style=\"color: #ff0000;\"><strong>KHUY\u1ebeN M\u1ea0I:<\/strong><\/span><\/h4>\n<ul>\n<li>Giao h\u00e0ng mi\u1ec5n ph\u00ed trong 30km.<\/li>\n<li>M\u0169 b\u1ea3o hi\u1ec3m \u0111\u1ea1t chu\u1ea9n.<\/li>\n<li>\u00c1o m\u01b0a \u0111\u1ea1t chu\u1ea9n.<\/li>\n<li>Gi\u1ecf xe.<\/li>\n<\/ul>\n","protected":false},"featured_media":980,"template":"","meta":[],"class_list":{"0":"post-978","1":"product","2":"type-product","3":"status-publish","4":"has-post-thumbnail","6":"product_cat-glx","8":"first","9":"instock","10":"shipping-taxable","11":"product-type-simple"},"yoast_head":"<!-- This site is optimized with the Yoast SEO plugin v19.10 - https:\/\/yoast.com\/wordpress\/plugins\/seo\/ -->\n<title>XE M\u00c1Y \u0110I\u1ec6N GLX S7 \u0110\u1ee6 M\u00c0U -<\/title>\n<meta name=\"robots\" content=\"index, follow, max-snippet:-1, max-image-preview:large, max-video-preview:-1\" \/>\n<link rel=\"canonical\" href=\"https:\/\/duyhungmotor.com\/?product=xe-may-dien-glx-s7-du-mau\" \/>\n<meta property=\"og:locale\" content=\"vi_VN\" \/>\n<meta property=\"og:type\" content=\"article\" \/>\n<meta property=\"og:title\" content=\"XE M\u00c1Y \u0110I\u1ec6N GLX S7 \u0110\u1ee6 M\u00c0U -\" \/>\n<meta property=\"og:description\" content=\"B\u1ea3o h\u00e0nh \u0111\u1ed9ng c\u01a1 \u0111i\u1ec7n: 1 n\u0103m.  B\u1ea3o h\u00e0nh b\u1ed9 \u0111i\u1ec1u khi\u1ec3n: 1 n\u0103m.  B\u1ea3o h\u00e0nh \u1eafc quy: thay th\u1ebf trong v\u00f2ng 6 th\u00e1ng \u2013 s\u1eeda ch\u1eefa trong v\u00f2ng 1 n\u0103m.  B\u1ea3o h\u00e0nh gi\u1ea3m s\u00f3c: gi\u1ea3m s\u00f3c tr\u01b0\u1edbc 6 th\u00e1ng \u2013 gi\u1ea3m s\u00f3c sau 2 n\u0103m  B\u1ea3o h\u00e0nh khung xe, tay l\u00e1i: trong v\u00f2ng 1 n\u0103m  KHUY\u1ebeN M\u1ea0I:   Giao h\u00e0ng mi\u1ec5n ph\u00ed trong 30km.  M\u0169 b\u1ea3o hi\u1ec3m \u0111\u1ea1t chu\u1ea9n.  \u00c1o m\u01b0a \u0111\u1ea1t chu\u1ea9n.  Gi\u1ecf xe.\" \/>\n<meta property=\"og:url\" content=\"https:\/\/duyhungmotor.com\/?product=xe-may-dien-glx-s7-du-mau\" \/>\n<meta property=\"article:modified_time\" content=\"2020-11-26T17:51:39+00:00\" \/>\n<meta property=\"og:image\" content=\"https:\/\/duyhungmotor.com\/wp-content\/uploads\/2020\/11\/17-600x400-1.jpg\" \/>\n\t<meta property=\"og:image:width\" content=\"600\" \/>\n\t<meta property=\"og:image:height\" content=\"400\" \/>\n\t<meta property=\"og:image:type\" content=\"image\/jpeg\" \/>\n<meta name=\"twitter:card\" content=\"summary_large_image\" \/>\n<script type=\"application\/ld+json\" class=\"yoast-schema-graph\">{\"@context\":\"https:\/\/schema.org\",\"@graph\":[{\"@type\":\"WebPage\",\"@id\":\"https:\/\/duyhungmotor.com\/?product=xe-may-dien-glx-s7-du-mau\",\"url\":\"https:\/\/duyhungmotor.com\/?product=xe-may-dien-glx-s7-du-mau\",\"name\":\"XE M\u00c1Y \u0110I\u1ec6N GLX S7 \u0110\u1ee6 M\u00c0U -\",\"isPartOf\":{\"@id\":\"https:\/\/duyhungmotor.com\/#website\"},\"datePublished\":\"2020-11-20T09:09:58+00:00\",\"dateModified\":\"2020-11-26T17:51:39+00:00\",\"breadcrumb\":{\"@id\":\"https:\/\/duyhungmotor.com\/?product=xe-may-dien-glx-s7-du-mau#breadcrumb\"},\"inLanguage\":\"vi\",\"potentialAction\":[{\"@type\":\"ReadAction\",\"target\":[\"https:\/\/duyhungmotor.com\/?product=xe-may-dien-glx-s7-du-mau\"]}]},{\"@type\":\"BreadcrumbList\",\"@id\":\"https:\/\/duyhungmotor.com\/?product=xe-may-dien-glx-s7-du-mau#breadcrumb\",\"itemListElement\":[{\"@type\":\"ListItem\",\"position\":1,\"name\":\"Trang ch\u1ee7\",\"item\":\"https:\/\/duyhungmotor.com\/\"},{\"@type\":\"ListItem\",\"position\":2,\"name\":\"XE M\u00c1Y \u0110I\u1ec6N GLX S7 \u0110\u1ee6 M\u00c0U\"}]},{\"@type\":\"WebSite\",\"@id\":\"https:\/\/duyhungmotor.com\/#website\",\"url\":\"https:\/\/duyhungmotor.com\/\",\"name\":\"\",\"description\":\"\u0110\u1ea1i l\u00fd Xe M\u00e1y - Xe \u0110i\u1ec7n\",\"potentialAction\":[{\"@type\":\"SearchAction\",\"target\":{\"@type\":\"EntryPoint\",\"urlTemplate\":\"https:\/\/duyhungmotor.com\/?s={search_term_string}\"},\"query-input\":\"required name=search_term_string\"}],\"inLanguage\":\"vi\"}]}<\/script>\n<!-- \/ Yoast SEO plugin. -->","yoast_head_json":{"title":"XE M\u00c1Y \u0110I\u1ec6N GLX S7 \u0110\u1ee6 M\u00c0U -","robots":{"index":"index","follow":"follow","max-snippet":"max-snippet:-1","max-image-preview":"max-image-preview:large","max-video-preview":"max-video-preview:-1"},"canonical":"https:\/\/duyhungmotor.com\/?product=xe-may-dien-glx-s7-du-mau","og_locale":"vi_VN","og_type":"article","og_title":"XE M\u00c1Y \u0110I\u1ec6N GLX S7 \u0110\u1ee6 M\u00c0U -","og_description":"B\u1ea3o h\u00e0nh \u0111\u1ed9ng c\u01a1 \u0111i\u1ec7n: 1 n\u0103m.  B\u1ea3o h\u00e0nh b\u1ed9 \u0111i\u1ec1u khi\u1ec3n: 1 n\u0103m.  B\u1ea3o h\u00e0nh \u1eafc quy: thay th\u1ebf trong v\u00f2ng 6 th\u00e1ng \u2013 s\u1eeda ch\u1eefa trong v\u00f2ng 1 n\u0103m.  B\u1ea3o h\u00e0nh gi\u1ea3m s\u00f3c: gi\u1ea3m s\u00f3c tr\u01b0\u1edbc 6 th\u00e1ng \u2013 gi\u1ea3m s\u00f3c sau 2 n\u0103m  B\u1ea3o h\u00e0nh khung xe, tay l\u00e1i: trong v\u00f2ng 1 n\u0103m  KHUY\u1ebeN M\u1ea0I:   Giao h\u00e0ng mi\u1ec5n ph\u00ed trong 30km.  M\u0169 b\u1ea3o hi\u1ec3m \u0111\u1ea1t chu\u1ea9n.  \u00c1o m\u01b0a \u0111\u1ea1t chu\u1ea9n.  Gi\u1ecf xe.","og_url":"https:\/\/duyhungmotor.com\/?product=xe-may-dien-glx-s7-du-mau","article_modified_time":"2020-11-26T17:51:39+00:00","og_image":[{"width":600,"height":400,"url":"https:\/\/duyhungmotor.com\/wp-content\/uploads\/2020\/11\/17-600x400-1.jpg","type":"image\/jpeg"}],"twitter_card":"summary_large_image","schema":{"@context":"https:\/\/schema.org","@graph":[{"@type":"WebPage","@id":"https:\/\/duyhungmotor.com\/?product=xe-may-dien-glx-s7-du-mau","url":"https:\/\/duyhungmotor.com\/?product=xe-may-dien-glx-s7-du-mau","name":"XE M\u00c1Y \u0110I\u1ec6N GLX S7 \u0110\u1ee6 M\u00c0U -","isPartOf":{"@id":"https:\/\/duyhungmotor.com\/#website"},"datePublished":"2020-11-20T09:09:58+00:00","dateModified":"2020-11-26T17:51:39+00:00","breadcrumb":{"@id":"https:\/\/duyhungmotor.com\/?product=xe-may-dien-glx-s7-du-mau#breadcrumb"},"inLanguage":"vi","potentialAction":[{"@type":"ReadAction","target":["https:\/\/duyhungmotor.com\/?product=xe-may-dien-glx-s7-du-mau"]}]},{"@type":"BreadcrumbList","@id":"https:\/\/duyhungmotor.com\/?product=xe-may-dien-glx-s7-du-mau#breadcrumb","itemListElement":[{"@type":"ListItem","position":1,"name":"Trang ch\u1ee7","item":"https:\/\/duyhungmotor.com\/"},{"@type":"ListItem","position":2,"name":"XE M\u00c1Y \u0110I\u1ec6N GLX S7 \u0110\u1ee6 M\u00c0U"}]},{"@type":"WebSite","@id":"https:\/\/duyhungmotor.com\/#website","url":"https:\/\/duyhungmotor.com\/","name":"","description":"\u0110\u1ea1i l\u00fd Xe M\u00e1y - Xe \u0110i\u1ec7n","potentialAction":[{"@type":"SearchAction","target":{"@type":"EntryPoint","urlTemplate":"https:\/\/duyhungmotor.com\/?s={search_term_string}"},"query-input":"required name=search_term_string"}],"inLanguage":"vi"}]}},"_links":{"self":[{"href":"https:\/\/duyhungmotor.com\/index.php?rest_route=\/wp\/v2\/product\/978","targetHints":{"allow":["GET"]}}],"collection":[{"href":"https:\/\/duyhungmotor.com\/index.php?rest_route=\/wp\/v2\/product"}],"about":[{"href":"https:\/\/duyhungmotor.com\/index.php?rest_route=\/wp\/v2\/types\/product"}],"wp:featuredmedia":[{"embeddable":true,"href":"https:\/\/duyhungmotor.com\/index.php?rest_route=\/wp\/v2\/media\/980"}],"wp:attachment":[{"href":"https:\/\/duyhungmotor.com\/index.php?rest_route=%2Fwp%2Fv2%2Fmedia&parent=978"}],"curies":[{"name":"wp","href":"https:\/\/api.w.org\/{rel}","templated":true}]}}