{"id":973,"date":"2020-11-20T16:02:15","date_gmt":"2020-11-20T09:02:15","guid":{"rendered":"http:\/\/duyhungmotor.com\/?post_type=product&#038;p=973"},"modified":"2020-11-27T00:52:06","modified_gmt":"2020-11-26T17:52:06","slug":"jili-v9-2020","status":"publish","type":"product","link":"https:\/\/duyhungmotor.com\/?product=jili-v9-2020","title":{"rendered":"Jili V9 &#8211; 2020"},"content":{"rendered":"<table width=\"100%\">\n<tbody>\n<tr>\n<td class=\"spec-title\">H\u00e3ng s\u1ea3n xu\u1ea5t<\/td>\n<td class=\"spec-content\">Nijia<\/td>\n<\/tr>\n<tr>\n<td class=\"spec-title\">Xu\u1ea5t x\u1ee9<\/td>\n<td class=\"spec-content\">Vi\u1ec7t Nam v\u00e0 Trung Qu\u1ed1c<\/td>\n<\/tr>\n<tr>\n<td class=\"spec-title\">B\u1ea3o h\u00e0nh Khung<\/td>\n<td class=\"spec-content\">3 N\u0103m<\/td>\n<\/tr>\n<tr>\n<td class=\"spec-title\">B\u1ea3o h\u00e0nh \u0102c quy, Motor, B\u1ed9 \u0111i\u1ec1u khi\u1ec3n<\/td>\n<td class=\"spec-content\">1 N\u0103m<\/td>\n<\/tr>\n<tr>\n<td class=\"spec-title\">S\u1ed1 ch\u1ee9ng nh\u1eadn<\/td>\n<td class=\"spec-content\">0032\/VAQ06-01\/18-01<\/td>\n<\/tr>\n<tr>\n<td class=\"spec-title\">M\u00e3 s\u1ed1 khung<\/td>\n<td class=\"spec-content\">RPLYGEHUM?H8?????<\/td>\n<\/tr>\n<tr>\n<th colspan=\"2\">NGO\u1ea0I H\u00ccNH<\/th>\n<\/tr>\n<tr>\n<td class=\"spec-title\">Chi\u1ec1u d\u00e0i x r\u1ed9ng x cao<\/td>\n<td class=\"spec-content\">1790mm x 725mm x 1090mm<\/td>\n<\/tr>\n<tr>\n<td class=\"spec-title\">Chi\u1ec1u d\u00e0i c\u01a1 s\u1edf<\/td>\n<td class=\"spec-content\">1290mm<\/td>\n<\/tr>\n<tr>\n<td class=\"spec-title\">C\u1ee1\u00a0l\u1ed1p tr\u01b0\u1edbc<\/td>\n<td class=\"spec-content\">90\/90-12<\/td>\n<\/tr>\n<tr>\n<td class=\"spec-title\">C\u1edb\u00a0l\u1ed1p sau<\/td>\n<td class=\"spec-content\">90\/90-12<\/td>\n<\/tr>\n<tr>\n<td class=\"spec-title\">M\u00e0u s\u1eafc c\u00f3 b\u00e1n<\/td>\n<td class=\"spec-content\">\u0110en, \u0111\u1ecf, xanh \u0111en, tr\u1eafng<\/td>\n<\/tr>\n<tr>\n<th colspan=\"2\">T\u00cdNH N\u0102NG<\/th>\n<\/tr>\n<tr>\n<td class=\"spec-title\">\u0110\u1ed9ng c\u01a1<\/td>\n<td class=\"spec-content\">950w, 3 pha, m\u1ed9t chi\u1ec1u kh\u00f4ng ch\u1ed5i than<\/td>\n<\/tr>\n<tr>\n<td class=\"spec-title\">C\u00f4ng su\u1ea5t l\u1edbn nh\u00e2t\/t\u1ed1c \u0111\u1ed9 quay<\/td>\n<td class=\"spec-content\">950w\/v\/ph<\/td>\n<\/tr>\n<tr>\n<td class=\"spec-title\">C\u00e1ch th\u1ee9c thao t\u00e1c<\/td>\n<td class=\"spec-content\">T\u1ef1 \u0111\u1ed9ng<\/td>\n<\/tr>\n<tr>\n<td class=\"spec-title\">Qu\u00e3ng \u0111\u01b0\u1eddng di chuy\u1ec3n<\/td>\n<td class=\"spec-content\">60 &#8211; 70km\/1l\u1ea7n s\u1ea1c<\/td>\n<\/tr>\n<tr>\n<td class=\"spec-title\">V\u1eadn t\u1ed1c t\u1ed1i \u0111a<\/td>\n<td class=\"spec-content\">40 &#8211; 50km\/h<\/td>\n<\/tr>\n<tr>\n<td class=\"spec-title\">Kh\u1ea3n n\u0103ng ch\u1edf n\u1eb7ng<\/td>\n<td class=\"spec-content\">227kg<\/td>\n<\/tr>\n<tr>\n<td class=\"spec-title\">S\u1ed1 ng\u01b0\u1eddi cho ph\u00e9p ch\u1edb<\/td>\n<td class=\"spec-content\">2ng\u01b0\u1eddi<\/td>\n<\/tr>\n<tr>\n<td class=\"spec-title\">B\u1ea3o v\u1ec7 t\u1ee5t \u00e1p<\/td>\n<td class=\"spec-content\">51v<\/td>\n<\/tr>\n<tr>\n<th colspan=\"2\">PH\u1ee4 KI\u1ec6N XE<\/th>\n<\/tr>\n<tr>\n<td class=\"spec-title\">\u1eaec quy<\/td>\n<td class=\"spec-content\">60v &#8211; 20a<\/td>\n<\/tr>\n<tr>\n<td class=\"spec-title\">S\u1ea1c \u0111i\u1ec7n<\/td>\n<td class=\"spec-content\">10 &#8211; 12h<\/td>\n<\/tr>\n<tr>\n<td class=\"spec-title\">Board<\/td>\n<td class=\"spec-content\">1000W<\/td>\n<\/tr>\n<tr>\n<td class=\"spec-title\">Khung<\/td>\n<td class=\"spec-content\">Th\u00e9p ch\u1eafc ch\u1eafn &#8211; S\u01a1n t\u0129nh \u0111i\u1ec7n<\/td>\n<\/tr>\n<tr>\n<td class=\"spec-title\">C\u1ed1p xe<\/td>\n<td class=\"spec-content\">R\u1ed9ng r\u00e3i, c\u00f3 kh\u00f3a<\/td>\n<\/tr>\n<tr>\n<td class=\"spec-title\">G\u01b0\u01a1ng<\/td>\n<td class=\"spec-content\">M\u1ed9t c\u1eb7p<\/td>\n<\/tr>\n<tr>\n<td class=\"spec-title\">Kh\u00f3a<\/td>\n<td class=\"spec-content\">2 b\u1ed9<\/td>\n<\/tr>\n<tr>\n<td class=\"spec-title\">S\u1ed5 b\u1ea3o h\u00e0nh<\/td>\n<td class=\"spec-content\">1 cu\u1ed1n<\/td>\n<\/tr>\n<tr>\n<td class=\"spec-title\">Tay ga<\/td>\n<td class=\"spec-content\">L\u00e0m vi\u1ec7c \u1edf m\u1ed9t ch\u1ebf \u0111\u1ed9<\/td>\n<\/tr>\n<tr>\n<td class=\"spec-title\">L\u1ed1p<\/td>\n<td class=\"spec-content\">Kh\u00f4ng s\u0103m<\/td>\n<\/tr>\n<tr>\n<td class=\"spec-title\">\u0110\u00e8n pha<\/td>\n<td class=\"spec-content\">Ho\u1ea1t \u0111\u1ed9ng \u1edf hai ch\u1ebf \u0111\u1ed9<\/td>\n<\/tr>\n<tr>\n<td class=\"spec-title\">Phanh tr\u01b0\u1edbc<\/td>\n<td class=\"spec-content\">Phanh \u0111\u0129a<\/td>\n<\/tr>\n<tr>\n<td class=\"spec-title\">Phanh sau<\/td>\n<td class=\"spec-content\">Phanh ki\u1ec3u tang tr\u1ed1ng<\/td>\n<\/tr>\n<tr>\n<th colspan=\"2\">TH\u00d4NG TIN KH\u00c1C<\/th>\n<\/tr>\n<tr>\n<td class=\"spec-title\">Tr\u1ecdng l\u01b0\u1ee3ng xe<\/td>\n<td class=\"spec-content\">105kg<\/td>\n<\/tr>\n<tr>\n<td class=\"spec-title\">Ph\u00e2n b\u1ed5 b\u00e1nh tr\u01b0\u1edbc<\/td>\n<td class=\"spec-content\">40kg<\/td>\n<\/tr>\n<tr>\n<td class=\"spec-title\">Ph\u00e2n b\u1ed5 b\u00e1nh sau<\/td>\n<td class=\"spec-content\">65kg<\/td>\n<\/tr>\n<tr>\n<td class=\"spec-title\">Ti\u00eau th\u1ee5 n\u0103ng l\u01b0\u01a1ng\/1 l\u1ea7n s\u1ea1c<\/td>\n<td class=\"spec-content\">1200w<\/td>\n<\/tr>\n<tr>\n<td class=\"spec-title\">\u0110i\u1ec7n \u00e1p<\/td>\n<td class=\"spec-content\">220v &#8211; 50hz<\/td>\n<\/tr>\n<tr>\n<td class=\"spec-title\">L\u01b0\u1ee3ng \u0111i\u1ec7n ti\u00eau hao cho 1 l\u1ea7n s\u1ea1c<\/td>\n<td class=\"spec-content\">\u2264 0.5 kw<\/td>\n<\/tr>\n<tr>\n<td class=\"spec-title\">Leo d\u1ed1c<\/td>\n<td class=\"spec-content\">300<\/td>\n<\/tr>\n<tr>\n<td class=\"spec-title\">\u0110i\u1ec7n \u00e1p \u0111\u1ed9ng c\u01a1<\/td>\n<td class=\"spec-content\">60V<\/td>\n<\/tr>\n<\/tbody>\n<\/table>\n","protected":false},"excerpt":{"rendered":"<ul>\n<li>B\u1ea3o h\u00e0nh \u0111\u1ed9ng c\u01a1 \u0111i\u1ec7n: 1 n\u0103m.<\/li>\n<li>B\u1ea3o h\u00e0nh b\u1ed9 \u0111i\u1ec1u khi\u1ec3n: 1 n\u0103m.<\/li>\n<li>B\u1ea3o h\u00e0nh \u1eafc quy: thay th\u1ebf trong v\u00f2ng 6 th\u00e1ng \u2013 s\u1eeda ch\u1eefa trong v\u00f2ng 1 n\u0103m.<\/li>\n<li>B\u1ea3o h\u00e0nh gi\u1ea3m s\u00f3c: gi\u1ea3m s\u00f3c tr\u01b0\u1edbc 6 th\u00e1ng \u2013 gi\u1ea3m s\u00f3c sau 2 n\u0103m<\/li>\n<li>B\u1ea3o h\u00e0nh khung xe, tay l\u00e1i: trong v\u00f2ng 1 n\u0103m<\/li>\n<\/ul>\n<h4><span style=\"color: #ff0000;\"><strong>KHUY\u1ebeN M\u1ea0I:<\/strong><\/span><\/h4>\n<ul>\n<li>Giao h\u00e0ng mi\u1ec5n ph\u00ed trong 30km.<\/li>\n<li>M\u0169 b\u1ea3o hi\u1ec3m \u0111\u1ea1t chu\u1ea9n.<\/li>\n<li>\u00c1o m\u01b0a \u0111\u1ea1t chu\u1ea9n.<\/li>\n<li>Gi\u1ecf xe.<\/li>\n<\/ul>\n","protected":false},"featured_media":975,"template":"","meta":[],"class_list":{"0":"post-973","1":"product","2":"type-product","3":"status-publish","4":"has-post-thumbnail","6":"product_cat-jili","8":"first","9":"instock","10":"shipping-taxable","11":"product-type-simple"},"yoast_head":"<!-- This site is optimized with the Yoast SEO plugin v19.10 - https:\/\/yoast.com\/wordpress\/plugins\/seo\/ -->\n<title>Jili V9 - 2020 -<\/title>\n<meta name=\"robots\" content=\"index, follow, max-snippet:-1, max-image-preview:large, max-video-preview:-1\" \/>\n<link rel=\"canonical\" href=\"https:\/\/duyhungmotor.com\/?product=jili-v9-2020\" \/>\n<meta property=\"og:locale\" content=\"vi_VN\" \/>\n<meta property=\"og:type\" content=\"article\" \/>\n<meta property=\"og:title\" content=\"Jili V9 - 2020 -\" \/>\n<meta property=\"og:description\" content=\"B\u1ea3o h\u00e0nh \u0111\u1ed9ng c\u01a1 \u0111i\u1ec7n: 1 n\u0103m.  B\u1ea3o h\u00e0nh b\u1ed9 \u0111i\u1ec1u khi\u1ec3n: 1 n\u0103m.  B\u1ea3o h\u00e0nh \u1eafc quy: thay th\u1ebf trong v\u00f2ng 6 th\u00e1ng \u2013 s\u1eeda ch\u1eefa trong v\u00f2ng 1 n\u0103m.  B\u1ea3o h\u00e0nh gi\u1ea3m s\u00f3c: gi\u1ea3m s\u00f3c tr\u01b0\u1edbc 6 th\u00e1ng \u2013 gi\u1ea3m s\u00f3c sau 2 n\u0103m  B\u1ea3o h\u00e0nh khung xe, tay l\u00e1i: trong v\u00f2ng 1 n\u0103m  KHUY\u1ebeN M\u1ea0I:   Giao h\u00e0ng mi\u1ec5n ph\u00ed trong 30km.  M\u0169 b\u1ea3o hi\u1ec3m \u0111\u1ea1t chu\u1ea9n.  \u00c1o m\u01b0a \u0111\u1ea1t chu\u1ea9n.  Gi\u1ecf xe.\" \/>\n<meta property=\"og:url\" content=\"https:\/\/duyhungmotor.com\/?product=jili-v9-2020\" \/>\n<meta property=\"article:modified_time\" content=\"2020-11-26T17:52:06+00:00\" \/>\n<meta property=\"og:image\" content=\"https:\/\/duyhungmotor.com\/wp-content\/uploads\/2020\/11\/xe-may-dien-xtreme-v5-nijia232.jpg\" \/>\n\t<meta property=\"og:image:width\" content=\"800\" \/>\n\t<meta property=\"og:image:height\" content=\"600\" \/>\n\t<meta property=\"og:image:type\" content=\"image\/jpeg\" \/>\n<meta name=\"twitter:card\" content=\"summary_large_image\" \/>\n<meta name=\"twitter:label1\" content=\"\u01af\u1edbc t\u00ednh th\u1eddi gian \u0111\u1ecdc\" \/>\n\t<meta name=\"twitter:data1\" content=\"2 ph\u00fat\" \/>\n<script type=\"application\/ld+json\" class=\"yoast-schema-graph\">{\"@context\":\"https:\/\/schema.org\",\"@graph\":[{\"@type\":\"WebPage\",\"@id\":\"https:\/\/duyhungmotor.com\/?product=jili-v9-2020\",\"url\":\"https:\/\/duyhungmotor.com\/?product=jili-v9-2020\",\"name\":\"Jili V9 - 2020 -\",\"isPartOf\":{\"@id\":\"https:\/\/duyhungmotor.com\/#website\"},\"datePublished\":\"2020-11-20T09:02:15+00:00\",\"dateModified\":\"2020-11-26T17:52:06+00:00\",\"breadcrumb\":{\"@id\":\"https:\/\/duyhungmotor.com\/?product=jili-v9-2020#breadcrumb\"},\"inLanguage\":\"vi\",\"potentialAction\":[{\"@type\":\"ReadAction\",\"target\":[\"https:\/\/duyhungmotor.com\/?product=jili-v9-2020\"]}]},{\"@type\":\"BreadcrumbList\",\"@id\":\"https:\/\/duyhungmotor.com\/?product=jili-v9-2020#breadcrumb\",\"itemListElement\":[{\"@type\":\"ListItem\",\"position\":1,\"name\":\"Trang ch\u1ee7\",\"item\":\"https:\/\/duyhungmotor.com\/\"},{\"@type\":\"ListItem\",\"position\":2,\"name\":\"Jili V9 &#8211; 2020\"}]},{\"@type\":\"WebSite\",\"@id\":\"https:\/\/duyhungmotor.com\/#website\",\"url\":\"https:\/\/duyhungmotor.com\/\",\"name\":\"\",\"description\":\"\u0110\u1ea1i l\u00fd Xe M\u00e1y - Xe \u0110i\u1ec7n\",\"potentialAction\":[{\"@type\":\"SearchAction\",\"target\":{\"@type\":\"EntryPoint\",\"urlTemplate\":\"https:\/\/duyhungmotor.com\/?s={search_term_string}\"},\"query-input\":\"required name=search_term_string\"}],\"inLanguage\":\"vi\"}]}<\/script>\n<!-- \/ Yoast SEO plugin. -->","yoast_head_json":{"title":"Jili V9 - 2020 -","robots":{"index":"index","follow":"follow","max-snippet":"max-snippet:-1","max-image-preview":"max-image-preview:large","max-video-preview":"max-video-preview:-1"},"canonical":"https:\/\/duyhungmotor.com\/?product=jili-v9-2020","og_locale":"vi_VN","og_type":"article","og_title":"Jili V9 - 2020 -","og_description":"B\u1ea3o h\u00e0nh \u0111\u1ed9ng c\u01a1 \u0111i\u1ec7n: 1 n\u0103m.  B\u1ea3o h\u00e0nh b\u1ed9 \u0111i\u1ec1u khi\u1ec3n: 1 n\u0103m.  B\u1ea3o h\u00e0nh \u1eafc quy: thay th\u1ebf trong v\u00f2ng 6 th\u00e1ng \u2013 s\u1eeda ch\u1eefa trong v\u00f2ng 1 n\u0103m.  B\u1ea3o h\u00e0nh gi\u1ea3m s\u00f3c: gi\u1ea3m s\u00f3c tr\u01b0\u1edbc 6 th\u00e1ng \u2013 gi\u1ea3m s\u00f3c sau 2 n\u0103m  B\u1ea3o h\u00e0nh khung xe, tay l\u00e1i: trong v\u00f2ng 1 n\u0103m  KHUY\u1ebeN M\u1ea0I:   Giao h\u00e0ng mi\u1ec5n ph\u00ed trong 30km.  M\u0169 b\u1ea3o hi\u1ec3m \u0111\u1ea1t chu\u1ea9n.  \u00c1o m\u01b0a \u0111\u1ea1t chu\u1ea9n.  Gi\u1ecf xe.","og_url":"https:\/\/duyhungmotor.com\/?product=jili-v9-2020","article_modified_time":"2020-11-26T17:52:06+00:00","og_image":[{"width":800,"height":600,"url":"https:\/\/duyhungmotor.com\/wp-content\/uploads\/2020\/11\/xe-may-dien-xtreme-v5-nijia232.jpg","type":"image\/jpeg"}],"twitter_card":"summary_large_image","twitter_misc":{"\u01af\u1edbc t\u00ednh th\u1eddi gian \u0111\u1ecdc":"2 ph\u00fat"},"schema":{"@context":"https:\/\/schema.org","@graph":[{"@type":"WebPage","@id":"https:\/\/duyhungmotor.com\/?product=jili-v9-2020","url":"https:\/\/duyhungmotor.com\/?product=jili-v9-2020","name":"Jili V9 - 2020 -","isPartOf":{"@id":"https:\/\/duyhungmotor.com\/#website"},"datePublished":"2020-11-20T09:02:15+00:00","dateModified":"2020-11-26T17:52:06+00:00","breadcrumb":{"@id":"https:\/\/duyhungmotor.com\/?product=jili-v9-2020#breadcrumb"},"inLanguage":"vi","potentialAction":[{"@type":"ReadAction","target":["https:\/\/duyhungmotor.com\/?product=jili-v9-2020"]}]},{"@type":"BreadcrumbList","@id":"https:\/\/duyhungmotor.com\/?product=jili-v9-2020#breadcrumb","itemListElement":[{"@type":"ListItem","position":1,"name":"Trang ch\u1ee7","item":"https:\/\/duyhungmotor.com\/"},{"@type":"ListItem","position":2,"name":"Jili V9 &#8211; 2020"}]},{"@type":"WebSite","@id":"https:\/\/duyhungmotor.com\/#website","url":"https:\/\/duyhungmotor.com\/","name":"","description":"\u0110\u1ea1i l\u00fd Xe M\u00e1y - Xe \u0110i\u1ec7n","potentialAction":[{"@type":"SearchAction","target":{"@type":"EntryPoint","urlTemplate":"https:\/\/duyhungmotor.com\/?s={search_term_string}"},"query-input":"required name=search_term_string"}],"inLanguage":"vi"}]}},"_links":{"self":[{"href":"https:\/\/duyhungmotor.com\/index.php?rest_route=\/wp\/v2\/product\/973","targetHints":{"allow":["GET"]}}],"collection":[{"href":"https:\/\/duyhungmotor.com\/index.php?rest_route=\/wp\/v2\/product"}],"about":[{"href":"https:\/\/duyhungmotor.com\/index.php?rest_route=\/wp\/v2\/types\/product"}],"wp:featuredmedia":[{"embeddable":true,"href":"https:\/\/duyhungmotor.com\/index.php?rest_route=\/wp\/v2\/media\/975"}],"wp:attachment":[{"href":"https:\/\/duyhungmotor.com\/index.php?rest_route=%2Fwp%2Fv2%2Fmedia&parent=973"}],"curies":[{"name":"wp","href":"https:\/\/api.w.org\/{rel}","templated":true}]}}