{"id":961,"date":"2020-11-20T15:46:27","date_gmt":"2020-11-20T08:46:27","guid":{"rendered":"http:\/\/duyhungmotor.com\/?post_type=product&#038;p=961"},"modified":"2020-11-20T15:46:27","modified_gmt":"2020-11-20T08:46:27","slug":"osakar-s8-mini","status":"publish","type":"product","link":"https:\/\/duyhungmotor.com\/?product=osakar-s8-mini","title":{"rendered":"Osakar S8 Mini"},"content":{"rendered":"<h2 id=\"1-danh-gia-xe-may-dien-s8-cua-osakar-co-ben-khong\"><strong>1. \u0110\u00e1nh gi\u00e1 xe m\u00e1y \u0111i\u1ec7n S8 c\u1ee7a Osakar c\u00f3 b\u1ec1n kh\u00f4ng<\/strong><\/h2>\n<p>L\u1ef1a ch\u1ecdn m\u1ed9t chi\u1ebfc xe m\u00e1y \u0111i\u1ec7n ch\u1ea5t l\u01b0\u1ee3ng l\u00e0 \u0111i\u1ec1u nhi\u1ec1u ng\u01b0\u1eddi lu\u00f4n mong mu\u1ed1n, \u0111\u00e1nh gi\u00e1 xe m\u00e1y \u0111i\u1ec7n S8 sport c\u1ee7a Osakar s\u1ebd gi\u00fap m\u1ecdi ng\u01b0\u1eddi c\u00f3 th\u00eam th\u00f4ng tin c\u1ee7a s\u1ea3n ph\u1ea9m tr\u01b0\u1edbc khi quy\u1ebft \u0111\u1ecbnh ch\u1ecdn mua.<\/p>\n<figure class=\"wp-caption aligncenter\"><img decoding=\"async\" class=\"lazy-load lazy-load-active\" src=\"data:;base64,<svg viewBox=\"0 0 818 688\" xmlns=\"http:\/\/www.w3.org\/2000\/svg\"><\/svg>&#8221; alt=&#8221;Xe m\u00e1y \u0111i\u1ec7n S8 c\u1ee7a Osakar s\u1edf h\u1eefu thi\u1ebft k\u1ebf n\u0103ng \u0111\u1ed9ng, th\u1ec3 thao&#8221; width=&#8221;818&#8243; height=&#8221;688&#8243; data-src=&#8221;https:\/\/img.websosanh.vn\/v2\/users\/review\/images\/s65s8gi0tpc1i.jpg?compress=85&#8243; \/><figcaption class=\"wp-caption-text\">Xe m\u00e1y \u0111i\u1ec7n S8 c\u1ee7a Osakar s\u1edf h\u1eefu thi\u1ebft k\u1ebf n\u0103ng \u0111\u1ed9ng, th\u1ec3 thao<\/figcaption><\/figure>\n<h3 id=\"11.-xuat-xu-xe-may-dien-osakar-s8-cua-nuoc-nao\"><strong>1.1. Xu\u1ea5t x\u1ee9 xe m\u00e1y \u0111i\u1ec7n Osakar S8 c\u1ee7a n\u01b0\u1edbc n\u00e0o?<\/strong><\/h3>\n<p>Hi\u1ec7n nay nhu c\u1ea7u s\u1eed d\u1ee5ng xe \u0111\u1ea1p \u0111i\u1ec7n \u0111\u1ec3 di chuy\u1ec3n tr\u1edf n\u00ean ph\u1ed5 bi\u1ebfn, \u0111\u1eb7c bi\u1ec7t \u0111\u1ed1i v\u1edbi l\u1ee9a tu\u1ed5i h\u1ecdc sinh v\u00e0 sinh vi\u00ean. M\u1ed9t trong\u00a0<strong>nh\u1eefng th\u01b0\u01a1ng hi\u1ec7u xe m\u00e1y \u0111i\u1ec7n \u0111\u01b0\u1ee3c \u01b0a chu\u1ed9ng nh\u1ea5t hi\u1ec7n nay<\/strong>\u00a0c\u00f3 th\u1ec3 k\u1ec3 \u0111\u1ebfn l\u00e0 Osakar S8 Sport. S\u1ea3n ph\u1ea9m c\u00f3 ngu\u1ed3n g\u1ed1c t\u1eeb Vi\u1ec7t Nam v\u00e0 Trung Qu\u1ed1c, linh ki\u1ec7n \u0111\u01b0\u1ee3c s\u1ea3n xu\u1ea5t t\u1ea1i Trung Qu\u1ed1c v\u00e0 l\u1eafp r\u00e1p t\u1ea1i Vi\u1ec7t Nam. S\u1ea3n xu\u1ea5t tr\u00ean d\u00e2y chuy\u1ec1n hi\u1ec7n \u0111\u1ea1i, \u0111\u1ed9 b\u1ec1n cao, an to\u00e0n cho ng\u01b0\u1eddi s\u1eed d\u1ee5ng n\u00ean Osakar S8 Sport \u0111\u01b0\u1ee3c r\u1ea5t \u0111\u00e1nh gi\u00e1 t\u1ed1t v\u00e0 tin d\u00f9ng r\u1ed9ng r\u00e3i.<\/p>\n<h3 id=\"12.-thiet-ke-hien-dai\"><strong>1.2. Thi\u1ebft k\u1ebf hi\u1ec7n \u0111\u1ea1i<\/strong><\/h3>\n<p>M\u1ed9t trong nh\u1eefng y\u1ebfu t\u1ed1 gi\u00fap xe m\u00e1y \u0111i\u1ec7n S8 c\u1ee7a Osakar chi\u1ebfm \u0111\u01b0\u1ee3c c\u1ea3m t\u00ecnh c\u1ee7a gi\u1edbi tr\u1ebb \u0111\u00f3 ch\u00ednh l\u00e0 \u1edf thi\u1ebft k\u1ebf.\u00a0<strong>Osakar S8 ki\u1ec3u d\u00e1ng th\u1eddi trang \u0111\u1ea7y c\u00e1 t\u00ednh<\/strong>, thi\u1ebft k\u1ebf theo ti\u00eau chu\u1ea9n qu\u1ed1c t\u1ebf theo phong c\u00e1ch hi\u1ec7n \u0111\u1ea1i, \u0111\u1eadm ch\u1ea5t th\u1ec3 thao r\u1ea5t m\u1ea1nh m\u1ebd v\u00e0 ch\u1eafc ch\u1eafn. V\u1edbi thi\u1ebft k\u1ebf th\u1ec3 thao, c\u00e1 t\u00ednh m\u1eabu xe Osakar S8 Sport h\u01b0\u1edbng \u0111\u1ebfn ph\u00e2n kh\u00fac ng\u01b0\u1eddi d\u00f9ng tr\u1ebb, mang l\u1ea1i v\u1ebb n\u0103ng \u0111\u1ed9ng cho ng\u01b0\u1eddi l\u00e1i.<\/p>\n<h3 id=\"13.-dac-diem-noi-bat-cua-xe-may-dien-osakar-s8\"><strong>1.3. \u0110\u1eb7c \u0111i\u1ec3m n\u1ed5i b\u1eadt c\u1ee7a xe m\u00e1y \u0111i\u1ec7n Osakar S8<\/strong><\/h3>\n<p>Xe m\u00e1y \u0111i\u1ec7n S8 Sport Osakar ch\u1ea1y c\u00f3 b\u1ec1n kh\u00f4ng? Khi t\u00ecm hi\u1ec3u v\u1ec1 d\u00f2ng xe m\u00e1y \u0111i\u1ec7n S8 c\u1ee7a Osakar ng\u01b0\u1eddi ta nh\u1eadn th\u1ea5y n\u00f3 c\u00f3 kh\u00e1 nhi\u1ec1u \u0111\u1eb7c \u0111i\u1ec3m n\u1ed5i b\u1eadt, mang \u0111\u1ebfn kh\u1ea3 n\u0103ng v\u1eadn h\u00e0nh t\u1ed1t.<\/p>\n<h4><strong>1.3.1. B\u00e1nh tr\u01b0\u1edbc v\u00e0 th\u1eafng c\u01a1<\/strong><\/h4>\n<p>Xe m\u00e1y \u0111i\u1ec7n S8 c\u1ee7a Osakar \u0111\u01b0\u1ee3c trang b\u1ecb th\u1eafng c\u01a1 r\u1ea5t nh\u1ea1y b\u00e9n v\u00e0 an to\u00e0n, gi\u00fap ng\u01b0\u1eddi \u0111i\u1ec1u khi\u1ec3n h\u1ea1n ch\u1ebf t\u1ed1c \u0111\u1ed9 theo \u00fd mu\u1ed1n, b\u00e1nh xe c\u00f3 v\u00e0nh \u0111\u00fac b\u1eb1ng h\u1ee3p kim cao c\u1ea5p c\u00f9ng b\u00e1nh xe kh\u00f4ng ru\u1ed9t c\u00f3 kh\u1ea3 n\u0103ng b\u00e1m \u0111\u01b0\u1eddng r\u1ea5t t\u1ed1t.<\/p>\n<h4><strong>1.3.2. \u0110\u00e8n pha \u0111\u1ed9c \u0111\u00e1o<\/strong><\/h4>\n<p>Xe m\u00e1y \u0111i\u1ec7n S8 sport c\u1ee7a Osakar \u0111\u01b0\u1ee3c trang b\u1ecb h\u1ec7 th\u1ed1ng \u0111\u00e8n pha v\u1edbi thi\u1ebft k\u1ebf \u1ea5n t\u01b0\u1ee3ng, h\u1ec7 th\u1ed1ng \u0111\u00e8n \u0111\u01b0\u1ee3c c\u1ea3i ti\u1ebft si\u00eau s\u00e1ng, m\u1eb7t \u0111\u1ed3ng h\u1ed3 \u0111i\u1ec7n t\u1eed tr\u00ean xe hi\u1ec3n th\u1ecb \u0111\u1ea7y \u0111\u1ee7 c\u00e1c th\u00f4ng s\u1ed1 k\u1ef9 thu\u1eadt c\u1ee7a xe, gi\u00fap cho ng\u01b0\u1eddi \u0111i\u1ec1u khi\u1ec3n d\u1ec5 d\u00e0ng quan s\u00e1t khi di chuy\u1ec3n.<\/p>\n<h4><strong>1.3.3. Ch\u1ed7 \u0111\u1ec3 ch\u00e2n v\u00e0 b\u00ecnh \u1eafc quy<\/strong><\/h4>\n<p>S\u1ea3n ph\u1ea9m \u0111\u01b0\u1ee3c trang b\u1ecb b\u00ecnh \u1eafc quy b\u1ed1 tr\u00ed \u1edf ph\u1ea7n th\u00e2n d\u01b0\u1edbi c\u1ee7a xe, ph\u00eda b\u00ean tr\u00ean l\u00e0 th\u1ea3m \u0111\u1ec3 ch\u00e2n, gi\u00fap ng\u01b0\u1eddi \u0111i\u1ec1u khi\u1ec3n tho\u1ea3i m\u00e1i h\u01a1n khi v\u1eadn h\u00e0nh v\u00e0 chi\u1ebfc xe tr\u00f4ng g\u1ecdn \u0111\u1eb9p h\u01a1n.<\/p>\n<h4><strong>1.3.4. Y\u00ean li\u1ec1n xe<\/strong><\/h4>\n<p>Osakar S8 sport s\u1edf h\u1eefu y\u00ean xe \u0111\u01b0\u1ee3c l\u00e0m t\u1eeb c\u00e1c ch\u1ea5t li\u1ec7u cao c\u1ea5p nh\u1ea5t, m\u00e0u s\u1eafc \u0111a d\u1ea1ng, t\u1ea1o c\u1ea3m gi\u00e1c tho\u1ea3i m\u00e1i cho ng\u01b0\u1eddi ng\u1ed3i khi di chuy\u1ec3n. Y\u00ean c\u00f3 k\u00edch th\u01b0\u1edbc kh\u00e1 r\u1ed9ng c\u00f3 th\u1ec3 ng\u1ed3i \u0111\u01b0\u1ee3c 2 ng\u01b0\u1eddi l\u1edbn.<\/p>\n<h4><strong>1.3.5. H\u1ec7 th\u1ed1ng gi\u1ea3m x\u00f3c d\u1ea7u<\/strong><\/h4>\n<p>M\u1ed9t \u0111i\u1ec3m n\u1ed5i tr\u1ed9i \u1edf xe m\u00e1y \u0111i\u1ec7n Osakar S8 \u0111\u00f3 ch\u00ednh l\u00e0 h\u1ec7 th\u1ed1ng gi\u1ea3m x\u00f3c d\u1ea7u c\u00f3 kh\u1ea3 n\u0103ng ch\u1ecbu l\u1ef1c l\u00ean \u0111\u1ebfn 140kg, d\u00f9 tr\u00ean m\u1ecdi lo\u1ea1i \u0111\u1ecba h\u00ecnh xe v\u1eabn c\u00f3 th\u1ec3 c\u00f3 th\u1ec3 di chuy\u1ec3n t\u1ed1t d\u00f9 ch\u1edf th\u00eam hai ng\u01b0\u1eddi l\u1edbn.<\/p>\n<figure class=\"wp-caption aligncenter\"><img decoding=\"async\" class=\"lazy-load lazy-load-active\" src=\"data:;base64,<svg viewBox=\"0 0 1298 712\" xmlns=\"http:\/\/www.w3.org\/2000\/svg\"><\/svg>&#8221; alt=&#8221;Xe m\u00e1y \u0111i\u1ec7n S8 c\u1ee7a Osakar h\u1ed9i t\u1ee5 nhi\u1ec1u t\u00ednh n\u0103ng \u01b0u vi\u1ec7t &#8221; width=&#8221;1298&#8243; height=&#8221;712&#8243; data-src=&#8221;https:\/\/img.websosanh.vn\/v2\/users\/review\/images\/y1fqxsymoeq1q.jpg?compress=85&#8243; \/><figcaption class=\"wp-caption-text\">Xe m\u00e1y \u0111i\u1ec7n S8 c\u1ee7a Osakar h\u1ed9i t\u1ee5 nhi\u1ec1u t\u00ednh n\u0103ng \u01b0u vi\u1ec7t<\/figcaption><\/figure>\n<h4><strong>1.3.6. \u0110\u1ed9ng c\u01a1 v\u00e0 b\u00e1nh sau<\/strong><\/h4>\n<p>Xe m\u00e1y \u0111i\u1ec7n S8 c\u1ee7a Osakar s\u1edf h\u1eefu \u0111\u1ed9ng c\u01a1 \u0111\u01b0\u1ee3c ch\u1ebf t\u1ea1o theo ti\u00eau chu\u1ea9n qu\u1ed1c t\u1ebf, \u0111\u1ed9 b\u1ec1n cao, ti\u1ebft ki\u1ec7m n\u0103ng l\u01b0\u1ee3ng hi\u1ec7u qu\u1ea3, ch\u1ed1ng n\u01b0\u1edbc t\u1ed1t, \u0111\u01b0\u1ee3c b\u1ea3o v\u1ec7 b\u1edfi b\u00e1nh sau c\u00f9ng nhi\u1ec1u ch\u1ee9c n\u0103ng n\u1ed5i b\u1eadt kh\u00e1c.<\/p>\n<h3 id=\"14.-thong-so-ky-thuat-va-bang-mau\"><strong>1.4. Th\u00f4ng s\u1ed1 k\u1ef9 thu\u1eadt v\u00e0 b\u1ea3ng m\u00e0u<\/strong><\/h3>\n<p>Osakar S8 Sport l\u00e0 m\u1eabu xe \u0111\u01b0\u1ee3c \u0111\u00e1nh gi\u00e1 cao v\u1ec1 t\u00ednh n\u0103ng, \u0111\u1ed9 b\u1ec1n l\u1eabn h\u1ec7 th\u00f4ng s\u1ed1 k\u1ef9 thu\u1eadt. Ch\u1ec9 c\u1ea7n nh\u00ecn v\u00e0o h\u1ec7 th\u00f4ng s\u1ed1 k\u1ef9 thu\u1eadt, ng\u01b0\u1eddi d\u00f9ng ph\u1ea7n n\u00e0o c\u00f3 th\u1ec3 nh\u1eadn th\u1ea5y \u0111\u01b0\u1ee3c \u0111\u1ed9 b\u1ec1n v\u00e0 kh\u1ea3 n\u0103ng v\u1eadn h\u00e0nh c\u1ee7a xe. Osakar S8 Sport c\u00f3 tr\u1ecdng l\u01b0\u1ee3ng 85kg, k\u00edch th\u01b0\u1edbc 1890 x 670 x 1080mm, \u0111\u1ed9ng c\u01a1 450w, 3 pha, m\u1ed9t chi\u1ec1u kh\u00f4ng ch\u1ed5i than, trang b\u1ecb \u1eafc quy 48v \u2013 20a, \u0111i\u1ec7n \u00e1p 220v \u2013 50hz, c\u00f3 kh\u1ea3 n\u0103ng leo d\u1ed1c 30 \u0111\u1ed9, ti\u00eau th\u1ee5 n\u0103ng l\u01b0\u1ee3ng\/1 l\u1ea7n s\u1ea1c 960w,\u2026 V\u1edbi m\u1ed9t s\u1ed1 th\u00f4ng s\u1ed1 k\u1ef9 thu\u1eadt c\u01a1 b\u1ea3n c\u00f3 th\u1ec3 xe c\u00f3 \u0111\u1ed9ng c\u01a1 kh\u00e1 m\u1ea1nh m\u1ebd, h\u1ee9a h\u1eb9n mang \u0111\u1ebfn nh\u1eefng tr\u1ea3i nghi\u1ec7m hay ho cho ng\u01b0\u1eddi l\u00e1i.<\/p>\n<p>Ngo\u00e0i ra, Osakar S8 c\u00f2n n\u1eb1m trong top xe m\u00e1y \u0111i\u1ec7n c\u00f3 kh\u1ea3 n\u0103ng ch\u1ed1ng ng\u1eadp \u0111i d\u01b0\u1edbi tr\u1eddi m\u01b0a nh\u1edd to\u00e0n b\u1ed9 t\u1eeb khung t\u1edbi \u0111\u1ed9ng c\u01a1 c\u1ee7a xe \u0111\u1ec1u ph\u1ee7 1 l\u1edbp nano ch\u1ed1ng th\u1ea5m n\u01b0\u1edbc cao n\u00ean Osakar S8 di chuy\u1ec3n an to\u00e0n, b\u1ea5t ch\u1ea5p m\u1ecdi lo\u1ea1i th\u1eddi ti\u1ebft. \u0110\u00e2y x\u1ee9ng \u0111\u00e1ng l\u00e0 d\u00f2ng xe m\u00e1y \u0111i\u1ec7n kh\u00f4ng th\u1ec3 b\u1ecf qua c\u1ee7a b\u1ea5t k\u1ef3 ai.<\/p>\n<h3 id=\"15.-gia-xe-may-dien-s8-cua-osakar\"><strong>1.5. Gi\u00e1 xe m\u00e1y \u0111i\u1ec7n S8 c\u1ee7a Osakar<\/strong><\/h3>\n<p>T\u00f9y v\u1eddi \u0111\u1ecba ch\u1ec9 b\u1ea1n l\u1ef1a ch\u1ecdn mua xe Osakar S8 Sport m\u00e0 gi\u00e1 th\u00e0nh s\u1ebd kh\u00f4ng gi\u1ed1ng nhau. Nh\u00ecn chung, so v\u1edbi c\u00e1c d\u00f2ng xe m\u00e1y \u0111i\u1ec7n c\u00f9ng ph\u00e2n kh\u00fac thu\u1ed9c nhi\u1ec1u th\u01b0\u01a1ng hi\u1ec7u kh\u00e1c hi\u1ec7n c\u00f3 tr\u00ean th\u1ecb tr\u01b0\u1eddng th\u00ec Osakar S8 Sport c\u00f3 gi\u00e1 th\u00e0nh kh\u00e1 h\u1ee3p l\u00fd, kho\u1ea3ng 11 tri\u1ec7u \u0111\u1ed3ng.<\/p>\n<figure class=\"wp-caption aligncenter\"><img decoding=\"async\" class=\"lazy-load lazy-load-active\" src=\"data:;base64,<svg viewBox=\"0 0 800 485\" xmlns=\"http:\/\/www.w3.org\/2000\/svg\"><\/svg>&#8221; alt=&#8221;Xe m\u00e1y \u0111i\u1ec7n S8 c\u1ee7a Osakar r\u1ea5t b\u1ec1n v\u00e0 ti\u1ec7n d\u1ee5ng&#8221; width=&#8221;800&#8243; height=&#8221;485&#8243; data-src=&#8221;https:\/\/img.websosanh.vn\/v2\/users\/review\/images\/ciqtlyemwopbu.jpg?compress=85&#8243; \/><figcaption class=\"wp-caption-text\">Xe m\u00e1y \u0111i\u1ec7n S8 c\u1ee7a Osakar r\u1ea5t b\u1ec1n v\u00e0 ti\u1ec7n d\u1ee5ng<\/figcaption><\/figure>\n<h2 id=\"2-co-nen-mua-xe-may-dien-osakar-s8-sport\"><strong>2. C\u00f3 n\u00ean mua xe m\u00e1y \u0111i\u1ec7n Osakar S8 Sport<\/strong><\/h2>\n<p><strong>Xe m\u00e1y \u0111i\u1ec7n c\u00f3 b\u1ec1n kh\u00f4ng<\/strong>, hay c\u00f3 n\u00ean mua xe m\u00e1y \u0111i\u1ec7n S8 c\u1ee7a Osakar kh\u00f4ng l\u00e0 \u0111i\u1ec1u m\u00e0 nhi\u1ec1u ng\u01b0\u1eddi b\u0103n kho\u0103n. N\u00ea\u0301u ba\u0323n c\u1ea3m th\u1ea5y kh\u00f3 kh\u0103n khi \u0111i\u1ec1u khi\u1ec3n xe m\u00e1y ch\u1ea1y b\u1eb1ng x\u0103ng, mu\u1ed1n t\u00ecm ch\u1ecdn m\u1ed9t chi\u1ebfc xe c\u00f3 tr\u1ecdng l\u01b0\u1ee3ng g\u1ecdn nh\u1eb9, thi\u1ebft k\u1ebf th\u1ec3 thao, d\u1ec5 d\u00e0ng v\u1eadn h\u00e0nh, ch\u1ea5t l\u01b0\u1ee3ng v\u00e0 an to\u00e0n thi\u0300 t\u00f4\u0301t nh\u00e2\u0301t ha\u0303y t\u00e2\u0323u ngay xe m\u00e1y \u0111i\u1ec7n Osakar S8 \u0111\u00ea\u0309 vi\u1ec7c di chuy\u1ec3n v\u00ec \u0111\u1ed9 b\u1ec1n cao v\u00e0 s\u1ef1 thu\u1eadn ti\u1ec7n m\u00e0 s\u1ea3n ph\u1ea9m \u0111em l\u1ea1i.<\/p>\n<p>Nh\u01b0\u0303ng ti\u0301nh n\u0103ng hi\u00ea\u0323n \u0111a\u0323i, \u0111\u1ed9ng c\u01a1 m\u1ea1nh m\u1ebd, ti\u1ebft ki\u1ec7m \u0111i\u1ec7n, se\u0303 giu\u0301p ba\u0323n ca\u0309m th\u00e2\u0301y nhe\u0323 nho\u0303m, thoa\u0309i ma\u0301i h\u01a1n khi di chuy\u1ec3n ma\u0300 chi phi\u0301 duy tr\u00ec ha\u0300ng tha\u0301ng \u0111\u00ea\u0300u ti\u00ea\u0301t ki\u00ea\u0323m h\u01a1n nhi\u00ea\u0300u. Tuy nhi\u00ean v\u1eabn d\u1ef1a tr\u00ean nhu c\u1ea7u, kh\u1ea3 n\u0103ng, th\u00f3i quen v\u00e0 s\u1edf th\u00edch m\u00e0 m\u1ecdi ng\u01b0\u1eddi c\u00f3 th\u1ec3 th\u1ea5y m\u1eabu xe n\u00e0y ph\u00f9 h\u1ee3p v\u1edbi m\u00ecnh hay kh\u00f4ng. Tham kh\u1ea3o ngay\u00a0<strong>c\u00e1c d\u00f2ng xe m\u00e1y \u0111i\u1ec7n Osakar b\u00e1n ch\u1ea1y h\u00e0ng \u0111\u1ea7u t\u1ea1i xedientamky.com<\/strong>\u00a0ch\u1eafc ch\u1eafn s\u1ebd khi\u1ebfn b\u1ea1n h\u00e0i l\u00f2ng v\u1edbi nh\u1eefng tr\u1ea3i nghi\u1ec7m tuy\u1ec7t v\u1eddi m\u00e0 n\u00f3 mang l\u1ea1i.<\/p>\n","protected":false},"excerpt":{"rendered":"<table width=\"100%\">\n<tbody>\n<tr>\n<td class=\"spec-title\">H\u00e3ng s\u1ea3n xu\u1ea5t<\/td>\n<td class=\"spec-content\"><strong>Osakar<\/strong><\/td>\n<\/tr>\n<tr>\n<td class=\"spec-title\">Nh\u00e3n hi\u1ec7u<\/td>\n<td class=\"spec-content\">OSAKAR A10<\/td>\n<\/tr>\n<tr>\n<td class=\"spec-title\">S\u1ed1 lo\u1ea1i<\/td>\n<td class=\"spec-content\"><\/td>\n<\/tr>\n<tr>\n<td class=\"spec-title\"><\/td>\n<td class=\"spec-content\"><\/td>\n<\/tr>\n<tr>\n<td class=\"spec-title\">B\u1ea3o h\u00e0nh Khung<\/td>\n<td class=\"spec-content\">3 N\u0103m<\/td>\n<\/tr>\n<tr>\n<td class=\"spec-title\">B\u1ea3o h\u00e0nh \u0102c quy, Motor, B\u1ed9 \u0111i\u1ec1u khi\u1ec3n<\/td>\n<td class=\"spec-content\">1 N\u0103m<\/td>\n<\/tr>\n<tr>\n<td class=\"spec-title\">S\u1ed1 ch\u1ee9ng nh\u1eadn<\/td>\n<td class=\"spec-content\">0013\/VAQ14 \u2013 01\/19 \u2013 00<\/td>\n<\/tr>\n<\/tbody>\n<\/table>\n","protected":false},"featured_media":962,"template":"","meta":[],"class_list":{"0":"post-961","1":"product","2":"type-product","3":"status-publish","4":"has-post-thumbnail","6":"product_cat-xe-may-hang","8":"first","9":"instock","10":"shipping-taxable","11":"product-type-simple"},"yoast_head":"<!-- This site is optimized with the Yoast SEO plugin v19.10 - https:\/\/yoast.com\/wordpress\/plugins\/seo\/ -->\n<title>Osakar S8 Mini -<\/title>\n<meta name=\"robots\" content=\"index, follow, max-snippet:-1, max-image-preview:large, max-video-preview:-1\" \/>\n<link rel=\"canonical\" href=\"https:\/\/duyhungmotor.com\/?product=osakar-s8-mini\" \/>\n<meta property=\"og:locale\" content=\"vi_VN\" \/>\n<meta property=\"og:type\" content=\"article\" \/>\n<meta property=\"og:title\" content=\"Osakar S8 Mini -\" \/>\n<meta property=\"og:description\" content=\"H\u00e3ng s\u1ea3n xu\u1ea5t Osakar   Nh\u00e3n hi\u1ec7u OSAKAR A10   S\u1ed1 lo\u1ea1i        B\u1ea3o h\u00e0nh Khung 3 N\u0103m   B\u1ea3o h\u00e0nh \u0102c quy, Motor, B\u1ed9 \u0111i\u1ec1u khi\u1ec3n 1 N\u0103m   S\u1ed1 ch\u1ee9ng nh\u1eadn 0013\/VAQ14 \u2013 01\/19 \u2013 00\" \/>\n<meta property=\"og:url\" content=\"https:\/\/duyhungmotor.com\/?product=osakar-s8-mini\" \/>\n<meta property=\"og:image\" content=\"https:\/\/duyhungmotor.com\/wp-content\/uploads\/2020\/11\/2-xe-500x413-1.png\" \/>\n\t<meta property=\"og:image:width\" content=\"500\" \/>\n\t<meta property=\"og:image:height\" content=\"413\" \/>\n\t<meta property=\"og:image:type\" content=\"image\/png\" \/>\n<meta name=\"twitter:card\" content=\"summary_large_image\" \/>\n<meta name=\"twitter:label1\" content=\"\u01af\u1edbc t\u00ednh th\u1eddi gian \u0111\u1ecdc\" \/>\n\t<meta name=\"twitter:data1\" content=\"8 ph\u00fat\" \/>\n<script type=\"application\/ld+json\" class=\"yoast-schema-graph\">{\"@context\":\"https:\/\/schema.org\",\"@graph\":[{\"@type\":\"WebPage\",\"@id\":\"https:\/\/duyhungmotor.com\/?product=osakar-s8-mini\",\"url\":\"https:\/\/duyhungmotor.com\/?product=osakar-s8-mini\",\"name\":\"Osakar S8 Mini -\",\"isPartOf\":{\"@id\":\"https:\/\/duyhungmotor.com\/#website\"},\"datePublished\":\"2020-11-20T08:46:27+00:00\",\"dateModified\":\"2020-11-20T08:46:27+00:00\",\"breadcrumb\":{\"@id\":\"https:\/\/duyhungmotor.com\/?product=osakar-s8-mini#breadcrumb\"},\"inLanguage\":\"vi\",\"potentialAction\":[{\"@type\":\"ReadAction\",\"target\":[\"https:\/\/duyhungmotor.com\/?product=osakar-s8-mini\"]}]},{\"@type\":\"BreadcrumbList\",\"@id\":\"https:\/\/duyhungmotor.com\/?product=osakar-s8-mini#breadcrumb\",\"itemListElement\":[{\"@type\":\"ListItem\",\"position\":1,\"name\":\"Trang ch\u1ee7\",\"item\":\"https:\/\/duyhungmotor.com\/\"},{\"@type\":\"ListItem\",\"position\":2,\"name\":\"Osakar S8 Mini\"}]},{\"@type\":\"WebSite\",\"@id\":\"https:\/\/duyhungmotor.com\/#website\",\"url\":\"https:\/\/duyhungmotor.com\/\",\"name\":\"\",\"description\":\"\u0110\u1ea1i l\u00fd Xe M\u00e1y - Xe \u0110i\u1ec7n\",\"potentialAction\":[{\"@type\":\"SearchAction\",\"target\":{\"@type\":\"EntryPoint\",\"urlTemplate\":\"https:\/\/duyhungmotor.com\/?s={search_term_string}\"},\"query-input\":\"required name=search_term_string\"}],\"inLanguage\":\"vi\"}]}<\/script>\n<!-- \/ Yoast SEO plugin. -->","yoast_head_json":{"title":"Osakar S8 Mini -","robots":{"index":"index","follow":"follow","max-snippet":"max-snippet:-1","max-image-preview":"max-image-preview:large","max-video-preview":"max-video-preview:-1"},"canonical":"https:\/\/duyhungmotor.com\/?product=osakar-s8-mini","og_locale":"vi_VN","og_type":"article","og_title":"Osakar S8 Mini -","og_description":"H\u00e3ng s\u1ea3n xu\u1ea5t Osakar   Nh\u00e3n hi\u1ec7u OSAKAR A10   S\u1ed1 lo\u1ea1i        B\u1ea3o h\u00e0nh Khung 3 N\u0103m   B\u1ea3o h\u00e0nh \u0102c quy, Motor, B\u1ed9 \u0111i\u1ec1u khi\u1ec3n 1 N\u0103m   S\u1ed1 ch\u1ee9ng nh\u1eadn 0013\/VAQ14 \u2013 01\/19 \u2013 00","og_url":"https:\/\/duyhungmotor.com\/?product=osakar-s8-mini","og_image":[{"width":500,"height":413,"url":"https:\/\/duyhungmotor.com\/wp-content\/uploads\/2020\/11\/2-xe-500x413-1.png","type":"image\/png"}],"twitter_card":"summary_large_image","twitter_misc":{"\u01af\u1edbc t\u00ednh th\u1eddi gian \u0111\u1ecdc":"8 ph\u00fat"},"schema":{"@context":"https:\/\/schema.org","@graph":[{"@type":"WebPage","@id":"https:\/\/duyhungmotor.com\/?product=osakar-s8-mini","url":"https:\/\/duyhungmotor.com\/?product=osakar-s8-mini","name":"Osakar S8 Mini -","isPartOf":{"@id":"https:\/\/duyhungmotor.com\/#website"},"datePublished":"2020-11-20T08:46:27+00:00","dateModified":"2020-11-20T08:46:27+00:00","breadcrumb":{"@id":"https:\/\/duyhungmotor.com\/?product=osakar-s8-mini#breadcrumb"},"inLanguage":"vi","potentialAction":[{"@type":"ReadAction","target":["https:\/\/duyhungmotor.com\/?product=osakar-s8-mini"]}]},{"@type":"BreadcrumbList","@id":"https:\/\/duyhungmotor.com\/?product=osakar-s8-mini#breadcrumb","itemListElement":[{"@type":"ListItem","position":1,"name":"Trang ch\u1ee7","item":"https:\/\/duyhungmotor.com\/"},{"@type":"ListItem","position":2,"name":"Osakar S8 Mini"}]},{"@type":"WebSite","@id":"https:\/\/duyhungmotor.com\/#website","url":"https:\/\/duyhungmotor.com\/","name":"","description":"\u0110\u1ea1i l\u00fd Xe M\u00e1y - Xe \u0110i\u1ec7n","potentialAction":[{"@type":"SearchAction","target":{"@type":"EntryPoint","urlTemplate":"https:\/\/duyhungmotor.com\/?s={search_term_string}"},"query-input":"required name=search_term_string"}],"inLanguage":"vi"}]}},"_links":{"self":[{"href":"https:\/\/duyhungmotor.com\/index.php?rest_route=\/wp\/v2\/product\/961","targetHints":{"allow":["GET"]}}],"collection":[{"href":"https:\/\/duyhungmotor.com\/index.php?rest_route=\/wp\/v2\/product"}],"about":[{"href":"https:\/\/duyhungmotor.com\/index.php?rest_route=\/wp\/v2\/types\/product"}],"wp:featuredmedia":[{"embeddable":true,"href":"https:\/\/duyhungmotor.com\/index.php?rest_route=\/wp\/v2\/media\/962"}],"wp:attachment":[{"href":"https:\/\/duyhungmotor.com\/index.php?rest_route=%2Fwp%2Fv2%2Fmedia&parent=961"}],"curies":[{"name":"wp","href":"https:\/\/api.w.org\/{rel}","templated":true}]}}