{"id":949,"date":"2020-11-20T15:37:47","date_gmt":"2020-11-20T08:37:47","guid":{"rendered":"http:\/\/duyhungmotor.com\/?post_type=product&#038;p=949"},"modified":"2020-11-27T00:54:19","modified_gmt":"2020-11-26T17:54:19","slug":"osakar-x-men-pro","status":"publish","type":"product","link":"https:\/\/duyhungmotor.com\/?product=osakar-x-men-pro","title":{"rendered":"Osakar X-Men Pro"},"content":{"rendered":"<div class=\"container\">\n<div class=\"product-main-title product-main-title--same text-center\">\n<h2>THI\u1ebeT K\u1ebe TH\u1ec2 THAO, M\u1ea0NH M\u1ebc<\/h2>\n<\/div>\n<article>\n<div class=\"article-big\">\n<p>V\u1ebb ngo\u00e0i sang tr\u1ecdng, tinh t\u1ebf, t\u1eebng \u0111\u01b0\u1eddng n\u00e9t \u0111\u01b0\u1ee3c gia c\u00f4ng t\u1ec9 m\u1ec9 t\u1ea1o n\u00ean s\u1ee9c h\u00fat c\u1ee7a ri\u00eang ch\u00fang m\u00e0 kh\u00f4ng s\u1ea3n ph\u1ea9m n\u00e0o c\u00f3 th\u1ec3 s\u00e1nh k\u1ecbp.<\/p>\n<\/div>\n<div class=\"image\"><img decoding=\"async\" src=\"https:\/\/www.osakar.vn\/upload\/product\/original\/osakar-x-men-pro-box-khoi-0-1605232858.jpg\" alt=\"\" \/><\/div>\n<\/article>\n<article>\n<div class=\"article-big desc text-center\">\n<h3><\/h3>\n<p>si\u00eau s\u00e1ng v\u00e0 ti\u1ebft ki\u1ec7m n\u0103ng l\u01b0\u1ee3ng, cung c\u1ea5p cho ng\u01b0\u1eddi \u0111i\u1ec1u khi\u1ec3n g\u00f3c chi\u1ebfu s\u00e1ng ho\u00e0n h\u1ea3o trong m\u1ecdi \u0111i\u1ec1u ki\u1ec7n \u00e1nh s\u00e1ng. (\u1ea3nh \u0111\u1ed9ng \u0111\u00e8n pha nh\u00e1y s\u00e1ng)<\/p>\n<\/div>\n<div class=\"row\">\n<div class=\"col-md-4\">\n<div class=\"article-thumb\">\n<div class=\"image\"><img decoding=\"async\" src=\"https:\/\/www.osakar.vn\/upload\/product\/original\/osakar-x-men-pro-box-khoi-props-0-1605233574.png\" alt=\"\" \/><\/div>\n<div class=\"desc\"><strong>C\u00f4ng ngh\u1ec7 tem n\u01b0\u1edbc ph\u1ee7 b\u00f3ng,<\/strong> ch\u1ed1ng bong tr\u00f3c, cho chi\u1ebfc xe Xmen Pro v\u1ebb ngo\u00e0i c\u1ef1c c\u00e1 t\u00ednh v\u00e0 th\u1eddi th\u01b0\u1ee3ng. (h\u00ecnh \u1ea3nh xe t\u1ed5ng th\u1ec3) B\u1ea1n c\u00f3 th\u1ec3 tho\u1ea3i m\u00e1i l\u1ef1a ch\u1ecdn cho m\u00ecnh m\u1ed9t m\u00e0u s\u1eafc \u1ea5n t\u01b0\u1ee3ng! (n\u00fat chuy\u1ec3n m\u00e0u c\u00e1c m\u00e0u xe)<\/div>\n<\/div>\n<\/div>\n<div class=\"col-md-4\">\n<div class=\"article-thumb\">\n<div class=\"image\"><img decoding=\"async\" src=\"https:\/\/www.osakar.vn\/upload\/product\/original\/osakar-x-men-pro-box-khoi-props-1-1605233576.jpg\" alt=\"\" \/><\/div>\n<div class=\"desc\"><strong>M\u00e0n h\u00ecnh LCD hi\u1ec3n th\u1ecb r\u00f5 r\u00e0ng v\u00e0 s\u1eafc n\u00e9t,<\/strong>gi\u00fap kh\u00e1ch h\u00e0ng d\u1ec5 d\u00e0ng quan s\u00e1t c\u00e1c th\u00f4ng s\u1ed1 c\u1ee7a xe khi \u0111ang l\u01b0u th\u00f4ng tr\u00ean \u0111\u01b0\u1eddng. (m\u00e0n h\u00ecnh LCD c\u1eadn c\u1ea3nh + ch\u1ec9 ra c\u00e1c t\u00ednh n\u0103ng c\u1ee7a t\u1eebng m\u1ee5c)<\/div>\n<\/div>\n<\/div>\n<div class=\"col-md-4\">\n<div class=\"article-thumb\">\n<div class=\"image\"><img decoding=\"async\" src=\"https:\/\/www.osakar.vn\/upload\/product\/original\/osakar-x-men-pro-box-khoi-props-2-1605233577.jpg\" alt=\"\" \/><\/div>\n<div class=\"desc\"><strong>\u0110\u00e8n Pha LED<\/strong> l\u00e0 nh\u1eefng g\u00ec ch\u00fang t\u00f4i mu\u1ed1n truy\u1ec1n t\u1ea3i trong thi\u1ebft k\u1ebf c\u1ee7a d\u00f2ng xe n\u00e0y. Xmen Pro ra \u0111\u1eddi v\u1edbi nh\u1eefng \u0111\u01b0\u1eddng c\u1eaft kh\u1ed1i hi\u1ec7n \u0111\u1ea1i v\u00e0 th\u1eddi trang, mang l\u1ea1i cho ng\u01b0\u1eddi \u0111i\u1ec1u khi\u1ec3n v\u1ebb ngo\u00e0i c\u1ef1c n\u0103ng \u0111\u1ed9ng v\u00e0 t\u1ef1 tin. (\u1ea3nh t\u1ed5ng th\u1ec3 xe)<\/div>\n<\/div>\n<\/div>\n<\/div>\n<\/article>\n<\/div>\n<div class=\"performance\">\n<div class=\"product-main-title--same\">\n<div class=\"number\">2<\/div>\n<h2>HI\u1ec6U N\u0102NG M\u1ea0NH M\u1ebc<\/h2>\n<\/div>\n<article>\n<div class=\"image\"><img decoding=\"async\" src=\"https:\/\/www.osakar.vn\/upload\/product\/original\/osakar-x-men-pro-box-khoi-0-1605235085.jpg\" alt=\"\" \/><\/div>\n<div class=\"desc\"><strong>\u0110\u1ed9ng C\u01a1<\/strong> c\u00f4ng su\u1ea5t l\u00ean t\u1edbi 1550W, gi\u00fap xe d\u1ec5 d\u00e0ng \u0111\u1ea1t t\u1ed1c \u0111\u1ed9 t\u1ed1i \u0111a 42km\/h.<\/div>\n<\/article>\n<article>\n<div class=\"image\"><img decoding=\"async\" src=\"https:\/\/www.osakar.vn\/upload\/product\/original\/osakar-x-men-pro-box-khoi-1-1605235086.jpg\" alt=\"\" \/><\/div>\n<div class=\"desc\"><strong>\u1ed0p C\u00e0ng<\/strong> th\u1ec3 thao, b\u1eaft m\u1eaft<\/div>\n<\/article>\n<article>\n<div class=\"image\"><img decoding=\"async\" src=\"https:\/\/www.osakar.vn\/upload\/product\/original\/osakar-x-men-pro-box-khoi-2-1605235875.jpg\" alt=\"\" \/><\/div>\n<div class=\"desc\"><strong>Phanh E-ABS<\/strong> An to\u00e0n, t\u1ed1t, ch\u1ed1ng tr\u01a1n tr\u01b0\u1ee3t v\u00e0 t\u00e1i t\u1ea1o ngu\u1ed3n \u0111i\u1ec7n, kh\u00f4ng hao t\u1ed1n n\u0103ng l\u01b0\u1ee3ng<\/div>\n<\/article>\n<\/div>\n<div class=\"remote performance\">\n<div class=\"container\">\n<div class=\"product-main-title--same\">\n<div class=\"number\">3<\/div>\n<h2><\/h2>\n<\/div>\n<article><\/article>\n<article>\n<div class=\"row align-items-center\">\n<div class=\"col-md-6\">\n<div class=\"image\"><img decoding=\"async\" src=\"https:\/\/www.osakar.vn\/upload\/product\/original\/osakar-x-men-pro-box-khoi-0-1605236451.jpg\" alt=\"\" \/><\/div>\n<\/div>\n<div class=\"col-md-6\">\n<div class=\"desc\"><strong>Gi\u1ea3m X\u00f3c L\u00f2 Xo Th\u1ee7y L\u1ef1c<\/strong> mang \u0111\u1ebfn s\u1ef1 \u00eam \u00e1i<\/div>\n<\/div>\n<\/div>\n<\/article>\n<article>\n<div class=\"row align-items-center\">\n<div class=\"col-md-6\">\n<div class=\"image\"><img decoding=\"async\" src=\"https:\/\/www.osakar.vn\/upload\/product\/original\/osakar-x-men-pro-box-khoi-1-1605600504.jpg\" alt=\"\" \/><\/div>\n<\/div>\n<div class=\"col-md-6\">\n<div class=\"desc\"><strong>C\u1ed1p xe<\/strong> thi\u1ebft k\u1ebf ch\u1ed1ng \u0111o\u1ea3n m\u1ea1ch v\u00e0 b\u1ea3o v\u1ec7 b\u1ed9 vi \u0111i\u1ec1u khi\u1ec3n kh\u1ecfi nh\u1eefng t\u00e1c \u0111\u1ed9ng c\u1ee7a m\u00f4i tr\u01b0\u1eddng, gi\u00fap xe v\u1eabn ho\u1ea1t \u0111\u1ed9ng t\u1ed1t trong \u0111i\u1ec1u ki\u1ec7n m\u01b0a gi\u00f3<\/div>\n<\/div>\n<\/div>\n<\/article>\n<\/div>\n<\/div>\n<div class=\"brand-quality product-info\">\n<div class=\"container\">\n<div class=\"product-main-title--same\">\n<div class=\"number\">4<\/div>\n<h2>CH\u1ea4T L\u01af\u1ee2NG KH\u1eb2NG \u0110\u1ecaNH TH\u01af\u01a0NG HI\u1ec6U<\/h2>\n<\/div>\n<article>\n<div class=\"row\">\n<div class=\"col-md-4\">\n<div class=\"article-thumb\">\n<div class=\"image\"><img decoding=\"async\" src=\"https:\/\/www.osakar.vn\/upload\/product\/original\/osakar-x-men-pro-box-khoi-0-1605600647.jpg\" alt=\"\" \/><\/div>\n<div class=\"desc\"><strong>C\u1ee5m \u0110i\u1ec1u Khi\u1ec3n<\/strong> Xe \u0111\u01b0\u1ee3c thi\u1ebft k\u1ebf v\u1edbi 2 gi\u1ea3m x\u00f3c sau, l\u00f2 xo v\u00e0 gi\u1ea3m ch\u1ea5n th\u1ee7y l\u1ef1c , gi\u00fap xe v\u1eadn h\u00e0nh \u00eam \u00e1i tr\u00ean m\u1ecdi \u0111\u1ecba h\u00ecnh. S\u00e0n \u0111\u1ec3 ch\u00e2n v\u00f4 c\u00f9ng r\u1ed9ng r\u00e3i, tho\u1ea3i m\u00e1i cho ng\u01b0\u1eddi s\u1eed d\u1ee5ng<\/div>\n<\/div>\n<\/div>\n<div class=\"col-md-4\">\n<div class=\"article-thumb\">\n<div class=\"image\"><img decoding=\"async\" src=\"https:\/\/www.osakar.vn\/upload\/product\/original\/osakar-x-men-pro-box-khoi-1-1604040217.png\" alt=\"\" \/><\/div>\n<div class=\"desc\"><strong>Ch\u00eca Kh\u00f3a Th\u00f4ng Minh<\/strong> H\u1ec7 th\u1ed1ng van tho\u00e1t kh\u00ed 1 chi\u1ec1u \u0111\u1ed9c quy\u1ec1n t\u1eeb nh\u00e0 s\u1ea3n xu\u1ea5t, c\u00f3 kh\u1ea3 n\u0103ng ch\u1ed1ng n\u01b0\u1edbc v\u01b0\u1ee3t tr\u1ed9i<\/div>\n<\/div>\n<\/div>\n<div class=\"col-md-4\">\n<div class=\"article-thumb\">\n<div class=\"image\"><img decoding=\"async\" src=\"https:\/\/www.osakar.vn\/upload\/product\/original\/osakar-x-men-pro-box-khoi-2-1605600648.jpg\" alt=\"\" \/><\/div>\n<div class=\"desc\"><strong>S\u00e0n \u0110\u1ec3 Ch\u00e2n<\/strong> khung xe \u0111\u01b0\u1ee3c sx b\u1eb1ng th\u00e9p ch\u1ecbu l\u1ef1c tr\u00ean d\u00e2y chuy\u1ec1n th\u00e9p k\u00edn chuy\u1ec3n \u0111\u1ed9ng, c\u00f3 \u0111\u1ed9 b\u1ec1n cao, ch\u1ecbu \u0111\u01b0\u1ee3c va \u0111\u1eadp m\u1ea1nh<\/div>\n<\/div>\n<\/div>\n<\/div>\n<\/article>\n<\/div>\n<\/div>\n<div class=\"specifications\">\n<div class=\"product-main-title--same\">\n<div class=\"number\">5<\/div>\n<h2>TH\u00d4NG S\u1ed0 K\u1ef8 THU\u1eacT<\/h2>\n<\/div>\n<div class=\"table-specifications\">\n<div class=\"container\">\n<h3>K\u00cdCH TH\u01af\u1edaC<\/h3>\n<div class=\"line\"><\/div>\n<table class=\"table table-striped\">\n<tbody>\n<tr>\n<td>D\u00e0i x R\u1ed9ng x Cao<\/td>\n<td>1880mm x 750mm x 1060mm<\/td>\n<\/tr>\n<tr>\n<td>Chi\u1ec1u d\u00e0i c\u01a1 s\u1edf<\/td>\n<td>1260 mm<\/td>\n<\/tr>\n<tr>\n<td>Kho\u1ea3ng s\u00e1ng g\u1ea7m xe<\/td>\n<td>140 mm<\/td>\n<\/tr>\n<\/tbody>\n<\/table>\n<h3>KH\u1ed0I L\u01af\u1ee2NG<\/h3>\n<div class=\"line\"><\/div>\n<table class=\"table table-striped\">\n<tbody>\n<tr>\n<td>Kh\u1ed1i l\u01b0\u1ee3ng b\u1ea3n th\u00e2n<\/td>\n<td>98kg<\/td>\n<\/tr>\n<tr>\n<td>Ph\u00e2n b\u1ed1 b\u00e1nh tr\u01b0\u1edbc<\/td>\n<td>42 kg<\/td>\n<\/tr>\n<tr>\n<td>Ph\u00e2n b\u1ed5 b\u00e1nh sau<\/td>\n<td>56 kg<\/td>\n<\/tr>\n<\/tbody>\n<\/table>\n<h3>KH\u1ed0I L\u01af\u1ee2NG CHO PH\u00c9P CH\u1ede<\/h3>\n<div class=\"line\"><\/div>\n<table class=\"table table-striped\">\n<tbody>\n<tr>\n<td>Kh\u1ed1i l\u01b0\u1ee3ng cho ph\u00e9p ch\u1edf<\/td>\n<td>130 kg<\/td>\n<\/tr>\n<tr>\n<td>S\u1ed1 ng\u01b0\u1eddi cho ph\u00e9p ch\u1edf<\/td>\n<td>2 ng\u01b0\u1eddi<\/td>\n<\/tr>\n<tr>\n<td>Kh\u1ed1i l\u01b0\u1ee3ng to\u00e0n b\u1ed9<\/td>\n<td>228 kg<\/td>\n<\/tr>\n<tr>\n<td>Ph\u00e2n b\u1ed5 b\u00e1nh tr\u01b0\u1edbc<\/td>\n<td>85 kg<\/td>\n<\/tr>\n<tr>\n<td>Ph\u00e2n b\u1ed5 b\u00e1nh sau<\/td>\n<td>143 kg<\/td>\n<\/tr>\n<\/tbody>\n<\/table>\n<h3>V\u1eacN T\u1ed0C L\u1edaN NH\u1ea4T<\/h3>\n<div class=\"line\"><\/div>\n<table class=\"table table-striped\">\n<tbody>\n<tr>\n<td>V\u1eadn T\u1ed1c<\/td>\n<td>42 km\/h<\/td>\n<\/tr>\n<\/tbody>\n<\/table>\n<h3>\u0110\u1ed8NG C\u01a0<\/h3>\n<div class=\"line\"><\/div>\n<table class=\"table table-striped\">\n<tbody>\n<tr>\n<td>Ki\u1ec3u \u0111\u1ed9ng c\u01a1<\/td>\n<td>DM JZ60V800W<\/td>\n<\/tr>\n<\/tbody>\n<\/table>\n<h3>\u0110\u1ed8NG C\u01a0 \u0110I\u1ec6N<\/h3>\n<div class=\"line\"><\/div>\n<table class=\"table table-striped\">\n<tbody>\n<tr>\n<td>\u0110i\u1ec7n \u00e1p danh \u0111\u1ecbnh<\/td>\n<td>60V<\/td>\n<\/tr>\n<tr>\n<td>C\u00f4ng xu\u1ea5t l\u1edbn nh\u1ea5t<\/td>\n<td>1550 W<\/td>\n<\/tr>\n<\/tbody>\n<\/table>\n<h3>B\u1ed8 \u0110I\u1ec0U KHI\u1ec2N \u0110\u1ed8NG C\u01a0<\/h3>\n<div class=\"line\"><\/div>\n<table class=\"table table-striped\">\n<tbody>\n<tr>\n<td>S\u1ed1 lo\u1ea1i<\/td>\n<td>60V500W<\/td>\n<\/tr>\n<tr>\n<td>\u0110i\u1ec7n \u00e1p<\/td>\n<td>60V<\/td>\n<\/tr>\n<\/tbody>\n<\/table>\n<h3>B\u00c1NH XE<\/h3>\n<div class=\"line\"><\/div>\n<table class=\"table table-striped\">\n<tbody>\n<tr>\n<td>B\u00e1nh tr\u01b0\u1edbc (k\u00ed hi\u1ec7u\/\u00e1p xu\u1ea5t)<\/td>\n<td>90\/90-12;54J 250 kPa<\/td>\n<\/tr>\n<tr>\n<td>B\u00e1nh sau (k\u00ed hi\u1ec7u\/\u00e1p xu\u1ea5t)<\/td>\n<td>90\/90-12;54J 250 kPa<\/td>\n<\/tr>\n<\/tbody>\n<\/table>\n<h3>H\u1ec6 TH\u1ed0NG PHANH<\/h3>\n<div class=\"line\"><\/div>\n<table class=\"table table-striped\">\n<tbody>\n<tr>\n<td>Ki\u1ec3u phanh tr\u01b0\u1edbc (d\u1eabn \u0111\u1ed9ng\/\u0111i\u1ec1u khi\u1ec3n)<\/td>\n<td>\u0110\u0129a \/th\u1ee7y l\u1ef1c \/b\u1eb1ng tay<\/td>\n<\/tr>\n<tr>\n<td>Ki\u1ec3u phanh sau (d\u1eabn \u0111\u1ed9ng\/\u0111i\u1ec1u khi\u1ec3n)<\/td>\n<td>Tang tr\u1ed1ng\/c\u01a1 kh\u00ed\/b\u1eb1ng tay<\/td>\n<\/tr>\n<\/tbody>\n<\/table>\n<h3>H\u1ec6 TH\u1ed0NG TREO<\/h3>\n<div class=\"line\"><\/div>\n<table class=\"table table-striped\">\n<tbody>\n<tr>\n<td>Tr\u01b0\u1edbc (ki\u1ec3u\/ gi\u1ea3m ch\u1ea5n)<\/td>\n<td>L\u00f2 xo tr\u1ee5 \/th\u1ee7y l\u1ef1c<\/td>\n<\/tr>\n<tr>\n<td>Sau (ki\u1ec3u\/ gi\u1ea3m ch\u1ea5n)<\/td>\n<td>L\u00f2 xo tr\u1ee5 \/th\u1ee7y l\u1ef1c<\/td>\n<\/tr>\n<\/tbody>\n<\/table>\n<h3>\u1eaeC QUY<\/h3>\n<div class=\"line\"><\/div>\n<table class=\"table table-striped\">\n<tbody>\n<tr>\n<td>Lo\u1ea1i \u1eafc quy<\/td>\n<td>Ch\u00ec axit<\/td>\n<\/tr>\n<tr>\n<td>\u0110i\u1ec7n \u00e1p \u0111\u1ecbnh m\u1ee9c<\/td>\n<td>60 V<\/td>\n<\/tr>\n<tr>\n<td>Dung l\u01b0\u1ee3ng danh \u0111\u1ecbnh<\/td>\n<td>20 Ah<\/td>\n<\/tr>\n<\/tbody>\n<\/table>\n<\/div>\n<\/div>\n<\/div>\n","protected":false},"excerpt":{"rendered":"<ul>\n<li>B\u1ea3o h\u00e0nh \u0111\u1ed9ng c\u01a1 \u0111i\u1ec7n: 1 n\u0103m.<\/li>\n<li>B\u1ea3o h\u00e0nh b\u1ed9 \u0111i\u1ec1u khi\u1ec3n: 1 n\u0103m.<\/li>\n<li>B\u1ea3o h\u00e0nh \u1eafc quy: thay th\u1ebf trong v\u00f2ng 6 th\u00e1ng \u2013 s\u1eeda ch\u1eefa trong v\u00f2ng 1 n\u0103m.<\/li>\n<li>B\u1ea3o h\u00e0nh gi\u1ea3m s\u00f3c: gi\u1ea3m s\u00f3c tr\u01b0\u1edbc 6 th\u00e1ng \u2013 gi\u1ea3m s\u00f3c sau 2 n\u0103m<\/li>\n<li>B\u1ea3o h\u00e0nh khung xe, tay l\u00e1i: trong v\u00f2ng 1 n\u0103m<\/li>\n<\/ul>\n<h4><span style=\"color: #ff0000;\"><strong>KHUY\u1ebeN M\u1ea0I:<\/strong><\/span><\/h4>\n<ul>\n<li>Giao h\u00e0ng mi\u1ec5n ph\u00ed trong 30km.<\/li>\n<li>M\u0169 b\u1ea3o hi\u1ec3m \u0111\u1ea1t chu\u1ea9n.<\/li>\n<li>\u00c1o m\u01b0a \u0111\u1ea1t chu\u1ea9n.<\/li>\n<li>Gi\u1ecf xe.<\/li>\n<\/ul>\n","protected":false},"featured_media":952,"template":"","meta":[],"class_list":{"0":"post-949","1":"product","2":"type-product","3":"status-publish","4":"has-post-thumbnail","6":"product_cat-osakar","8":"first","9":"instock","10":"shipping-taxable","11":"product-type-simple"},"yoast_head":"<!-- This site is optimized with the Yoast SEO plugin v19.10 - https:\/\/yoast.com\/wordpress\/plugins\/seo\/ -->\n<title>Osakar X-Men Pro -<\/title>\n<meta name=\"robots\" content=\"index, follow, max-snippet:-1, max-image-preview:large, max-video-preview:-1\" \/>\n<link rel=\"canonical\" href=\"https:\/\/duyhungmotor.com\/?product=osakar-x-men-pro\" \/>\n<meta property=\"og:locale\" content=\"vi_VN\" \/>\n<meta property=\"og:type\" content=\"article\" \/>\n<meta property=\"og:title\" content=\"Osakar X-Men Pro -\" \/>\n<meta property=\"og:description\" content=\"B\u1ea3o h\u00e0nh \u0111\u1ed9ng c\u01a1 \u0111i\u1ec7n: 1 n\u0103m.  B\u1ea3o h\u00e0nh b\u1ed9 \u0111i\u1ec1u khi\u1ec3n: 1 n\u0103m.  B\u1ea3o h\u00e0nh \u1eafc quy: thay th\u1ebf trong v\u00f2ng 6 th\u00e1ng \u2013 s\u1eeda ch\u1eefa trong v\u00f2ng 1 n\u0103m.  B\u1ea3o h\u00e0nh gi\u1ea3m s\u00f3c: gi\u1ea3m s\u00f3c tr\u01b0\u1edbc 6 th\u00e1ng \u2013 gi\u1ea3m s\u00f3c sau 2 n\u0103m  B\u1ea3o h\u00e0nh khung xe, tay l\u00e1i: trong v\u00f2ng 1 n\u0103m  KHUY\u1ebeN M\u1ea0I:   Giao h\u00e0ng mi\u1ec5n ph\u00ed trong 30km.  M\u0169 b\u1ea3o hi\u1ec3m \u0111\u1ea1t chu\u1ea9n.  \u00c1o m\u01b0a \u0111\u1ea1t chu\u1ea9n.  Gi\u1ecf xe.\" \/>\n<meta property=\"og:url\" content=\"https:\/\/duyhungmotor.com\/?product=osakar-x-men-pro\" \/>\n<meta property=\"article:modified_time\" content=\"2020-11-26T17:54:19+00:00\" \/>\n<meta property=\"og:image\" content=\"https:\/\/duyhungmotor.com\/wp-content\/uploads\/2020\/11\/osakar-x-men-pro-ibbc-4-1605233188.png\" \/>\n\t<meta property=\"og:image:width\" content=\"800\" \/>\n\t<meta property=\"og:image:height\" content=\"508\" \/>\n\t<meta property=\"og:image:type\" content=\"image\/png\" \/>\n<meta name=\"twitter:card\" content=\"summary_large_image\" \/>\n<meta name=\"twitter:label1\" content=\"\u01af\u1edbc t\u00ednh th\u1eddi gian \u0111\u1ecdc\" \/>\n\t<meta name=\"twitter:data1\" content=\"5 ph\u00fat\" \/>\n<script type=\"application\/ld+json\" class=\"yoast-schema-graph\">{\"@context\":\"https:\/\/schema.org\",\"@graph\":[{\"@type\":\"WebPage\",\"@id\":\"https:\/\/duyhungmotor.com\/?product=osakar-x-men-pro\",\"url\":\"https:\/\/duyhungmotor.com\/?product=osakar-x-men-pro\",\"name\":\"Osakar X-Men Pro -\",\"isPartOf\":{\"@id\":\"https:\/\/duyhungmotor.com\/#website\"},\"datePublished\":\"2020-11-20T08:37:47+00:00\",\"dateModified\":\"2020-11-26T17:54:19+00:00\",\"breadcrumb\":{\"@id\":\"https:\/\/duyhungmotor.com\/?product=osakar-x-men-pro#breadcrumb\"},\"inLanguage\":\"vi\",\"potentialAction\":[{\"@type\":\"ReadAction\",\"target\":[\"https:\/\/duyhungmotor.com\/?product=osakar-x-men-pro\"]}]},{\"@type\":\"BreadcrumbList\",\"@id\":\"https:\/\/duyhungmotor.com\/?product=osakar-x-men-pro#breadcrumb\",\"itemListElement\":[{\"@type\":\"ListItem\",\"position\":1,\"name\":\"Trang ch\u1ee7\",\"item\":\"https:\/\/duyhungmotor.com\/\"},{\"@type\":\"ListItem\",\"position\":2,\"name\":\"Osakar X-Men Pro\"}]},{\"@type\":\"WebSite\",\"@id\":\"https:\/\/duyhungmotor.com\/#website\",\"url\":\"https:\/\/duyhungmotor.com\/\",\"name\":\"\",\"description\":\"\u0110\u1ea1i l\u00fd Xe M\u00e1y - Xe \u0110i\u1ec7n\",\"potentialAction\":[{\"@type\":\"SearchAction\",\"target\":{\"@type\":\"EntryPoint\",\"urlTemplate\":\"https:\/\/duyhungmotor.com\/?s={search_term_string}\"},\"query-input\":\"required name=search_term_string\"}],\"inLanguage\":\"vi\"}]}<\/script>\n<!-- \/ Yoast SEO plugin. -->","yoast_head_json":{"title":"Osakar X-Men Pro -","robots":{"index":"index","follow":"follow","max-snippet":"max-snippet:-1","max-image-preview":"max-image-preview:large","max-video-preview":"max-video-preview:-1"},"canonical":"https:\/\/duyhungmotor.com\/?product=osakar-x-men-pro","og_locale":"vi_VN","og_type":"article","og_title":"Osakar X-Men Pro -","og_description":"B\u1ea3o h\u00e0nh \u0111\u1ed9ng c\u01a1 \u0111i\u1ec7n: 1 n\u0103m.  B\u1ea3o h\u00e0nh b\u1ed9 \u0111i\u1ec1u khi\u1ec3n: 1 n\u0103m.  B\u1ea3o h\u00e0nh \u1eafc quy: thay th\u1ebf trong v\u00f2ng 6 th\u00e1ng \u2013 s\u1eeda ch\u1eefa trong v\u00f2ng 1 n\u0103m.  B\u1ea3o h\u00e0nh gi\u1ea3m s\u00f3c: gi\u1ea3m s\u00f3c tr\u01b0\u1edbc 6 th\u00e1ng \u2013 gi\u1ea3m s\u00f3c sau 2 n\u0103m  B\u1ea3o h\u00e0nh khung xe, tay l\u00e1i: trong v\u00f2ng 1 n\u0103m  KHUY\u1ebeN M\u1ea0I:   Giao h\u00e0ng mi\u1ec5n ph\u00ed trong 30km.  M\u0169 b\u1ea3o hi\u1ec3m \u0111\u1ea1t chu\u1ea9n.  \u00c1o m\u01b0a \u0111\u1ea1t chu\u1ea9n.  Gi\u1ecf xe.","og_url":"https:\/\/duyhungmotor.com\/?product=osakar-x-men-pro","article_modified_time":"2020-11-26T17:54:19+00:00","og_image":[{"width":800,"height":508,"url":"https:\/\/duyhungmotor.com\/wp-content\/uploads\/2020\/11\/osakar-x-men-pro-ibbc-4-1605233188.png","type":"image\/png"}],"twitter_card":"summary_large_image","twitter_misc":{"\u01af\u1edbc t\u00ednh th\u1eddi gian \u0111\u1ecdc":"5 ph\u00fat"},"schema":{"@context":"https:\/\/schema.org","@graph":[{"@type":"WebPage","@id":"https:\/\/duyhungmotor.com\/?product=osakar-x-men-pro","url":"https:\/\/duyhungmotor.com\/?product=osakar-x-men-pro","name":"Osakar X-Men Pro -","isPartOf":{"@id":"https:\/\/duyhungmotor.com\/#website"},"datePublished":"2020-11-20T08:37:47+00:00","dateModified":"2020-11-26T17:54:19+00:00","breadcrumb":{"@id":"https:\/\/duyhungmotor.com\/?product=osakar-x-men-pro#breadcrumb"},"inLanguage":"vi","potentialAction":[{"@type":"ReadAction","target":["https:\/\/duyhungmotor.com\/?product=osakar-x-men-pro"]}]},{"@type":"BreadcrumbList","@id":"https:\/\/duyhungmotor.com\/?product=osakar-x-men-pro#breadcrumb","itemListElement":[{"@type":"ListItem","position":1,"name":"Trang ch\u1ee7","item":"https:\/\/duyhungmotor.com\/"},{"@type":"ListItem","position":2,"name":"Osakar X-Men Pro"}]},{"@type":"WebSite","@id":"https:\/\/duyhungmotor.com\/#website","url":"https:\/\/duyhungmotor.com\/","name":"","description":"\u0110\u1ea1i l\u00fd Xe M\u00e1y - Xe \u0110i\u1ec7n","potentialAction":[{"@type":"SearchAction","target":{"@type":"EntryPoint","urlTemplate":"https:\/\/duyhungmotor.com\/?s={search_term_string}"},"query-input":"required name=search_term_string"}],"inLanguage":"vi"}]}},"_links":{"self":[{"href":"https:\/\/duyhungmotor.com\/index.php?rest_route=\/wp\/v2\/product\/949","targetHints":{"allow":["GET"]}}],"collection":[{"href":"https:\/\/duyhungmotor.com\/index.php?rest_route=\/wp\/v2\/product"}],"about":[{"href":"https:\/\/duyhungmotor.com\/index.php?rest_route=\/wp\/v2\/types\/product"}],"wp:featuredmedia":[{"embeddable":true,"href":"https:\/\/duyhungmotor.com\/index.php?rest_route=\/wp\/v2\/media\/952"}],"wp:attachment":[{"href":"https:\/\/duyhungmotor.com\/index.php?rest_route=%2Fwp%2Fv2%2Fmedia&parent=949"}],"curies":[{"name":"wp","href":"https:\/\/api.w.org\/{rel}","templated":true}]}}