{"id":945,"date":"2020-11-20T15:32:52","date_gmt":"2020-11-20T08:32:52","guid":{"rendered":"http:\/\/duyhungmotor.com\/?post_type=product&#038;p=945"},"modified":"2020-11-27T00:53:18","modified_gmt":"2020-11-26T17:53:18","slug":"xe-may-dien-kingda-133m-sport","status":"publish","type":"product","link":"https:\/\/duyhungmotor.com\/?product=xe-may-dien-kingda-133m-sport","title":{"rendered":"XE M\u00c1Y \u0110I\u1ec6N KINGDA 133M &#8211; SPORT"},"content":{"rendered":"<div id=\"kingda-133m_layout_user775\">Th\u00f4ng s\u1ed1 k\u1ef9 thu\u1eadt<\/div>\n<div id=\"kingda-133m_layout_user794\">\n<table class=\"table-detail\" border=\"1\" cellspacing=\"1\" cellpadding=\"1\">\n<tbody>\n<tr class=\"row-gray\">\n<td>Kh\u1ed1i l\u01b0\u1ee3ng b\u1ea3n th\u00e2n<\/td>\n<td>40 kg<\/td>\n<\/tr>\n<tr>\n<td>T\u1ea3i tr\u1ecdng<\/td>\n<td>130 kg<\/td>\n<\/tr>\n<tr class=\"row-gray\">\n<td>Chi\u1ec1u d\u00e0i x chi\u1ec1u r\u1ed9ng x chi\u1ec1u cao<\/td>\n<td>1640mm x 640mm x 1200mm<\/td>\n<\/tr>\n<tr>\n<td>Kho\u1ea3ng c\u00e1ch tr\u1ee5c b\u00e1nh xe<\/td>\n<td>1270 mm<\/td>\n<\/tr>\n<tr class=\"row-gray\">\n<td>Chi\u1ec1u cao y\u00ean xe<\/td>\n<td>720 mm<\/td>\n<\/tr>\n<tr>\n<td>Kho\u1ea3ng s\u00e1ng g\u1ea7m xe<\/td>\n<td>140 mm<\/td>\n<\/tr>\n<tr class=\"row-gray\">\n<td>C\u1ee1 l\u1ed1p\u00a0tr\u01b0\u1edbc\/sau<\/td>\n<td>Tr\u01b0\u1edbc-Sau \u00a090\/90 R10 50J<\/td>\n<\/tr>\n<tr>\n<td>Phu\u1ed9c tr\u01b0\u1edbc<\/td>\n<td>\u1ed0ng l\u1ed3ng, gi\u1ea3m ch\u1ea5n th\u1ee7y th\u1ef1c<\/td>\n<\/tr>\n<tr class=\"row-gray\">\n<td>Phu\u1ed9c sau<\/td>\n<td>L\u00f2 xo tr\u1ee5, gi\u1ea3m ch\u1ea5n th\u1ee7<\/td>\n<\/tr>\n<tr>\n<td>V\u1eadn t\u1ed1c l\u1edbn nh\u1ea5t<\/td>\n<td>50 km\/h<\/td>\n<\/tr>\n<tr class=\"row-gray\">\n<td>Qu\u00e3ng \u0111\u01b0\u1eddng \u0111i \u0111\u01b0\u1ee3c<\/td>\n<td>100 km\/ 1 l\u1ea7n s\u1ea1c (\u0111i\u1ec1u ki\u1ec7n ti\u00eau chu\u1ea9n)<\/td>\n<\/tr>\n<tr>\n<td>Ti\u00eau hao \u0111i\u1ec7n\/100km<\/td>\n<td>2kWh<\/td>\n<\/tr>\n<tr class=\"row-gray\">\n<td>Th\u1eddi gian s\u1ea1c<\/td>\n<td>6-8 ti\u1ebfng<\/td>\n<\/tr>\n<tr>\n<td>\u0110i\u1ec7n \u00e1p ho\u1ea1t \u0111\u1ed9ng<\/td>\n<td>DC60V<\/td>\n<\/tr>\n<tr class=\"row-gray\">\n<td>Lo\u1ea1i d\u1ed9ng c\u01a1<\/td>\n<td>\u0110\u1ed9ng c\u01a1 kh\u00f4ng ch\u1ed5i than<\/td>\n<\/tr>\n<tr>\n<td>C\u00f4ng su\u1ea5t danh \u0111\u1ecbnh<\/td>\n<td>1200W<\/td>\n<\/tr>\n<tr class=\"row-gray\">\n<td>Dung l\u01b0\u1ee3ng \u1eafc-quy<\/td>\n<td>20Ah<\/td>\n<\/tr>\n<tr>\n<td>Tay ga \u0111i\u1ec7n t\u1eed<\/td>\n<td>0.8 &#8211; 3.7V<\/td>\n<\/tr>\n<tr class=\"row-gray\">\n<td>B\u1ed9 \u0111i\u1ec1u t\u1ed1c<\/td>\n<td>60V &#8211; 12 FET c\u00f4ng su\u1ea5t, 3 s\u1ed1<\/td>\n<\/tr>\n<\/tbody>\n<\/table>\n<\/div>\n","protected":false},"excerpt":{"rendered":"<ul>\n<li>B\u1ea3o h\u00e0nh \u0111\u1ed9ng c\u01a1 \u0111i\u1ec7n: 1 n\u0103m.<\/li>\n<li>B\u1ea3o h\u00e0nh b\u1ed9 \u0111i\u1ec1u khi\u1ec3n: 1 n\u0103m.<\/li>\n<li>B\u1ea3o h\u00e0nh \u1eafc quy: thay th\u1ebf trong v\u00f2ng 6 th\u00e1ng \u2013 s\u1eeda ch\u1eefa trong v\u00f2ng 1 n\u0103m.<\/li>\n<li>B\u1ea3o h\u00e0nh gi\u1ea3m s\u00f3c: gi\u1ea3m s\u00f3c tr\u01b0\u1edbc 6 th\u00e1ng \u2013 gi\u1ea3m s\u00f3c sau 2 n\u0103m<\/li>\n<li>B\u1ea3o h\u00e0nh khung xe, tay l\u00e1i: trong v\u00f2ng 1 n\u0103m<\/li>\n<\/ul>\n<h4><span style=\"color: #ff0000;\"><strong>KHUY\u1ebeN M\u1ea0I:<\/strong><\/span><\/h4>\n<ul>\n<li>Giao h\u00e0ng mi\u1ec5n ph\u00ed trong 30km.<\/li>\n<li>M\u0169 b\u1ea3o hi\u1ec3m \u0111\u1ea1t chu\u1ea9n.<\/li>\n<li>\u00c1o m\u01b0a \u0111\u1ea1t chu\u1ea9n.<\/li>\n<li>Gi\u1ecf xe.<\/li>\n<\/ul>\n","protected":false},"featured_media":947,"template":"","meta":[],"class_list":{"0":"post-945","1":"product","2":"type-product","3":"status-publish","4":"has-post-thumbnail","6":"product_cat-kingda","8":"first","9":"instock","10":"shipping-taxable","11":"product-type-simple"},"yoast_head":"<!-- This site is optimized with the Yoast SEO plugin v19.10 - https:\/\/yoast.com\/wordpress\/plugins\/seo\/ -->\n<title>XE M\u00c1Y \u0110I\u1ec6N KINGDA 133M - SPORT -<\/title>\n<meta name=\"robots\" content=\"index, follow, max-snippet:-1, max-image-preview:large, max-video-preview:-1\" \/>\n<link rel=\"canonical\" href=\"https:\/\/duyhungmotor.com\/?product=xe-may-dien-kingda-133m-sport\" \/>\n<meta property=\"og:locale\" content=\"vi_VN\" \/>\n<meta property=\"og:type\" content=\"article\" \/>\n<meta property=\"og:title\" content=\"XE M\u00c1Y \u0110I\u1ec6N KINGDA 133M - SPORT -\" \/>\n<meta property=\"og:description\" content=\"B\u1ea3o h\u00e0nh \u0111\u1ed9ng c\u01a1 \u0111i\u1ec7n: 1 n\u0103m.  B\u1ea3o h\u00e0nh b\u1ed9 \u0111i\u1ec1u khi\u1ec3n: 1 n\u0103m.  B\u1ea3o h\u00e0nh \u1eafc quy: thay th\u1ebf trong v\u00f2ng 6 th\u00e1ng \u2013 s\u1eeda ch\u1eefa trong v\u00f2ng 1 n\u0103m.  B\u1ea3o h\u00e0nh gi\u1ea3m s\u00f3c: gi\u1ea3m s\u00f3c tr\u01b0\u1edbc 6 th\u00e1ng \u2013 gi\u1ea3m s\u00f3c sau 2 n\u0103m  B\u1ea3o h\u00e0nh khung xe, tay l\u00e1i: trong v\u00f2ng 1 n\u0103m  KHUY\u1ebeN M\u1ea0I:   Giao h\u00e0ng mi\u1ec5n ph\u00ed trong 30km.  M\u0169 b\u1ea3o hi\u1ec3m \u0111\u1ea1t chu\u1ea9n.  \u00c1o m\u01b0a \u0111\u1ea1t chu\u1ea9n.  Gi\u1ecf xe.\" \/>\n<meta property=\"og:url\" content=\"https:\/\/duyhungmotor.com\/?product=xe-may-dien-kingda-133m-sport\" \/>\n<meta property=\"article:modified_time\" content=\"2020-11-26T17:53:18+00:00\" \/>\n<meta property=\"og:image\" content=\"https:\/\/duyhungmotor.com\/wp-content\/uploads\/2020\/11\/assets_products_31_4kingdam133sports1_png_477.883096366509_500.jpg\" \/>\n\t<meta property=\"og:image:width\" content=\"477\" \/>\n\t<meta property=\"og:image:height\" content=\"500\" \/>\n\t<meta property=\"og:image:type\" content=\"image\/jpeg\" \/>\n<meta name=\"twitter:card\" content=\"summary_large_image\" \/>\n<meta name=\"twitter:label1\" content=\"\u01af\u1edbc t\u00ednh th\u1eddi gian \u0111\u1ecdc\" \/>\n\t<meta name=\"twitter:data1\" content=\"1 ph\u00fat\" \/>\n<script type=\"application\/ld+json\" class=\"yoast-schema-graph\">{\"@context\":\"https:\/\/schema.org\",\"@graph\":[{\"@type\":\"WebPage\",\"@id\":\"https:\/\/duyhungmotor.com\/?product=xe-may-dien-kingda-133m-sport\",\"url\":\"https:\/\/duyhungmotor.com\/?product=xe-may-dien-kingda-133m-sport\",\"name\":\"XE M\u00c1Y \u0110I\u1ec6N KINGDA 133M - SPORT -\",\"isPartOf\":{\"@id\":\"https:\/\/duyhungmotor.com\/#website\"},\"datePublished\":\"2020-11-20T08:32:52+00:00\",\"dateModified\":\"2020-11-26T17:53:18+00:00\",\"breadcrumb\":{\"@id\":\"https:\/\/duyhungmotor.com\/?product=xe-may-dien-kingda-133m-sport#breadcrumb\"},\"inLanguage\":\"vi\",\"potentialAction\":[{\"@type\":\"ReadAction\",\"target\":[\"https:\/\/duyhungmotor.com\/?product=xe-may-dien-kingda-133m-sport\"]}]},{\"@type\":\"BreadcrumbList\",\"@id\":\"https:\/\/duyhungmotor.com\/?product=xe-may-dien-kingda-133m-sport#breadcrumb\",\"itemListElement\":[{\"@type\":\"ListItem\",\"position\":1,\"name\":\"Trang ch\u1ee7\",\"item\":\"https:\/\/duyhungmotor.com\/\"},{\"@type\":\"ListItem\",\"position\":2,\"name\":\"XE M\u00c1Y \u0110I\u1ec6N KINGDA 133M &#8211; SPORT\"}]},{\"@type\":\"WebSite\",\"@id\":\"https:\/\/duyhungmotor.com\/#website\",\"url\":\"https:\/\/duyhungmotor.com\/\",\"name\":\"\",\"description\":\"\u0110\u1ea1i l\u00fd Xe M\u00e1y - Xe \u0110i\u1ec7n\",\"potentialAction\":[{\"@type\":\"SearchAction\",\"target\":{\"@type\":\"EntryPoint\",\"urlTemplate\":\"https:\/\/duyhungmotor.com\/?s={search_term_string}\"},\"query-input\":\"required name=search_term_string\"}],\"inLanguage\":\"vi\"}]}<\/script>\n<!-- \/ Yoast SEO plugin. -->","yoast_head_json":{"title":"XE M\u00c1Y \u0110I\u1ec6N KINGDA 133M - SPORT -","robots":{"index":"index","follow":"follow","max-snippet":"max-snippet:-1","max-image-preview":"max-image-preview:large","max-video-preview":"max-video-preview:-1"},"canonical":"https:\/\/duyhungmotor.com\/?product=xe-may-dien-kingda-133m-sport","og_locale":"vi_VN","og_type":"article","og_title":"XE M\u00c1Y \u0110I\u1ec6N KINGDA 133M - SPORT -","og_description":"B\u1ea3o h\u00e0nh \u0111\u1ed9ng c\u01a1 \u0111i\u1ec7n: 1 n\u0103m.  B\u1ea3o h\u00e0nh b\u1ed9 \u0111i\u1ec1u khi\u1ec3n: 1 n\u0103m.  B\u1ea3o h\u00e0nh \u1eafc quy: thay th\u1ebf trong v\u00f2ng 6 th\u00e1ng \u2013 s\u1eeda ch\u1eefa trong v\u00f2ng 1 n\u0103m.  B\u1ea3o h\u00e0nh gi\u1ea3m s\u00f3c: gi\u1ea3m s\u00f3c tr\u01b0\u1edbc 6 th\u00e1ng \u2013 gi\u1ea3m s\u00f3c sau 2 n\u0103m  B\u1ea3o h\u00e0nh khung xe, tay l\u00e1i: trong v\u00f2ng 1 n\u0103m  KHUY\u1ebeN M\u1ea0I:   Giao h\u00e0ng mi\u1ec5n ph\u00ed trong 30km.  M\u0169 b\u1ea3o hi\u1ec3m \u0111\u1ea1t chu\u1ea9n.  \u00c1o m\u01b0a \u0111\u1ea1t chu\u1ea9n.  Gi\u1ecf xe.","og_url":"https:\/\/duyhungmotor.com\/?product=xe-may-dien-kingda-133m-sport","article_modified_time":"2020-11-26T17:53:18+00:00","og_image":[{"width":477,"height":500,"url":"https:\/\/duyhungmotor.com\/wp-content\/uploads\/2020\/11\/assets_products_31_4kingdam133sports1_png_477.883096366509_500.jpg","type":"image\/jpeg"}],"twitter_card":"summary_large_image","twitter_misc":{"\u01af\u1edbc t\u00ednh th\u1eddi gian \u0111\u1ecdc":"1 ph\u00fat"},"schema":{"@context":"https:\/\/schema.org","@graph":[{"@type":"WebPage","@id":"https:\/\/duyhungmotor.com\/?product=xe-may-dien-kingda-133m-sport","url":"https:\/\/duyhungmotor.com\/?product=xe-may-dien-kingda-133m-sport","name":"XE M\u00c1Y \u0110I\u1ec6N KINGDA 133M - SPORT -","isPartOf":{"@id":"https:\/\/duyhungmotor.com\/#website"},"datePublished":"2020-11-20T08:32:52+00:00","dateModified":"2020-11-26T17:53:18+00:00","breadcrumb":{"@id":"https:\/\/duyhungmotor.com\/?product=xe-may-dien-kingda-133m-sport#breadcrumb"},"inLanguage":"vi","potentialAction":[{"@type":"ReadAction","target":["https:\/\/duyhungmotor.com\/?product=xe-may-dien-kingda-133m-sport"]}]},{"@type":"BreadcrumbList","@id":"https:\/\/duyhungmotor.com\/?product=xe-may-dien-kingda-133m-sport#breadcrumb","itemListElement":[{"@type":"ListItem","position":1,"name":"Trang ch\u1ee7","item":"https:\/\/duyhungmotor.com\/"},{"@type":"ListItem","position":2,"name":"XE M\u00c1Y \u0110I\u1ec6N KINGDA 133M &#8211; SPORT"}]},{"@type":"WebSite","@id":"https:\/\/duyhungmotor.com\/#website","url":"https:\/\/duyhungmotor.com\/","name":"","description":"\u0110\u1ea1i l\u00fd Xe M\u00e1y - Xe \u0110i\u1ec7n","potentialAction":[{"@type":"SearchAction","target":{"@type":"EntryPoint","urlTemplate":"https:\/\/duyhungmotor.com\/?s={search_term_string}"},"query-input":"required name=search_term_string"}],"inLanguage":"vi"}]}},"_links":{"self":[{"href":"https:\/\/duyhungmotor.com\/index.php?rest_route=\/wp\/v2\/product\/945","targetHints":{"allow":["GET"]}}],"collection":[{"href":"https:\/\/duyhungmotor.com\/index.php?rest_route=\/wp\/v2\/product"}],"about":[{"href":"https:\/\/duyhungmotor.com\/index.php?rest_route=\/wp\/v2\/types\/product"}],"wp:featuredmedia":[{"embeddable":true,"href":"https:\/\/duyhungmotor.com\/index.php?rest_route=\/wp\/v2\/media\/947"}],"wp:attachment":[{"href":"https:\/\/duyhungmotor.com\/index.php?rest_route=%2Fwp%2Fv2%2Fmedia&parent=945"}],"curies":[{"name":"wp","href":"https:\/\/api.w.org\/{rel}","templated":true}]}}