{"id":938,"date":"2020-11-20T11:46:20","date_gmt":"2020-11-20T04:46:20","guid":{"rendered":"http:\/\/duyhungmotor.com\/?post_type=product&#038;p=938"},"modified":"2023-06-29T11:19:15","modified_gmt":"2023-06-29T04:19:15","slug":"xe-may-dien-vinfast-impes","status":"publish","type":"product","link":"https:\/\/duyhungmotor.com\/?product=xe-may-dien-vinfast-impes","title":{"rendered":"Xe m\u00e1y \u0111i\u1ec7n Vinfast Impes"},"content":{"rendered":"<h3 class=\"content-block-title\">\u0110\u1eb7c \u0111i\u1ec3m n\u1ed5i b\u1eadt<\/h3>\n<table>\n<tbody>\n<tr>\n<td><img decoding=\"async\" title=\"Thi\u1ebft k\u1ebf Xe m\u00e1y \u0111i\u1ec7n Vinfast Impes\" src=\"https:\/\/thegioixechaydien.com.vn\/uploads\/files\/san-pham\/xe-may-dien\/2019\/10\/VINFAST-IMPES\/thiet-ke-xe-may-dien-vinfast-impes.jpg\" alt=\"Thi\u1ebft k\u1ebf Xe m\u00e1y \u0111i\u1ec7n Vinfast Impes\" \/><\/p>\n<p>Thi\u1ebft k\u1ebf hi\u1ec7n \u0111\u1ea1i v\u1edbi ki\u1ec3u d\u00e1ng g\u00f3c c\u1ea1nh<\/p>\n<p><strong>Xe m\u00e1y \u0111i\u1ec7n Vinfast Impes<\/strong> s\u1edf h\u1eefu thi\u1ebft k\u1ebf th\u1eddi trang v\u1edbi ki\u1ec3u d\u00e1ng thon g\u1ecdn, tr\u1ebb trung \u0111\u1ebfn t\u1eeb Vinfast, v\u1edbi c\u00f4ng ngh\u00ea s\u01a1n n\u01b0\u1edbc ph\u00f9 b\u00f3ng 5 l\u1edbp b\u1ec1n \u0111\u1eb9p theo th\u1eddi gian. \u0110\u01b0\u1ee3c t\u00edch h\u1ee3p v\u1edbi c\u00f4ng ngh\u1ec7 ho\u00e0n to\u00e0n m\u1edbi gi\u00fap xe c\u00f3 th\u1ec3 k\u1ebft n\u1ed1i v\u1edbi app tr\u00ean \u0111i\u1ec7n tho\u1ea1i gi\u00fap ng\u01b0\u1eddi s\u1eed d\u1ee5ng c\u00f3 th\u1ec3 theo d\u00f5i, c\u0169ng nh\u01b0 s\u1eed d\u1ee5ng m\u1ed9t s\u1ed1 t\u00ednh n\u0103ng c\u1ee7a xe. Ngo\u00e0i ra xe c\u00f2n c\u00f3 th\u1ec3 k\u1ebf n\u1ed1i v\u1edbi h\u1ec7 sinh th\u00e1i c\u1ee7a Vinfast bao g\u1ed3m h\u00e0ng ng\u00e0n tr\u1ea1m s\u1ea1c tr\u00ean to\u00e0n qu\u1ed1c.<\/td>\n<td><img decoding=\"async\" title=\"B\u00e1nh tr\u01b0\u1edbc Xe m\u00e1y \u0111i\u1ec7n Vinfast Impes\" src=\"https:\/\/thegioixechaydien.com.vn\/uploads\/files\/san-pham\/xe-may-dien\/2019\/10\/VINFAST-IMPES\/banh-truoc-xe-may-dien-vinfast-impes.jpg\" alt=\"B\u00e1nh tr\u01b0\u1edbc Xe m\u00e1y \u0111i\u1ec7n Vinfast Impes\" \/><\/p>\n<p>B\u00e1nh tr\u01b0\u1edbc v\u1edbi v\u00e0nh \u0111\u00fac Lazang<\/p>\n<p><strong>Xe m\u00e1y \u0111i\u1ec7n Vinfast Impes<\/strong> \u0111\u01b0\u1ee3c trang b\u1ecb b\u00e1nh tr\u01b0\u1edbc v\u1edbi v\u00e0nh \u0111\u00fac h\u1ee3p kim lazang \u0111\u1ed9 b\u1ec1n cao, v\u1edbi thi\u1ebft k\u1ebf n\u0103m ch\u1ea5u th\u1ec3 thao. Bao quanh l\u00e0 l\u1ed1p cao su kh\u00f4ng ru\u1ed9t gi\u00fap xe c\u00f3 th\u1ec3 v\u1eadn h\u00e0nh qua c\u00e1c d\u1ea1ng \u0111\u1ecba h\u00ecnh m\u1ed9t c\u00e1ch d\u1ec5 d\u00e0ng v\u00e0 an to\u00e0n. Th\u1eafng \u0111\u0129a \u1edf t\u00e2m \u0111\u01b0\u1ee3c \u0111\u1ed3ng b\u1ed9 ho\u00e0n to\u00e0n v\u1edbi tay th\u1eafng ph\u00eda tr\u00ean gi\u00fap ng\u01b0\u1eddi s\u1eed d\u1ee5ng c\u00f3 th\u1ec3 d\u1ec5 d\u00e0ng l\u00e0m ch\u1ee7 t\u1ed1c \u0111\u1ed9 trong qu\u00e1 tr\u00ecnh v\u1eadn h\u00e0nh v\u00e0 gi\u1ea3m s\u00f3c \u00eam \u00e1i n\u1ed1i to\u00e0n b\u1ed9 c\u1ee5m b\u00e1nh tr\u01b0\u1edbc v\u1edbi th\u00e2n xe.<\/td>\n<\/tr>\n<tr>\n<td><img decoding=\"async\" title=\"H\u1ec7 th\u1ed1ng chi\u1ebfu s\u00e1ng Xe m\u00e1y \u0111i\u1ec7n Vinfast Impes\" src=\"https:\/\/thegioixechaydien.com.vn\/uploads\/files\/san-pham\/xe-may-dien\/2019\/10\/VINFAST-IMPES\/den-pha-xe-may-dien-vinfast-impes.jpg\" alt=\"H\u1ec7 th\u1ed1ng chi\u1ebfu s\u00e1ng Xe m\u00e1y \u0111i\u1ec7n Vinfast Impes\" \/><\/p>\n<p>\u0110\u00e8n pha full led v\u1edbi kh\u1ea3 n\u0103ng chi\u1ebfu s\u00e1ng cao<\/p>\n<p><strong>Xe m\u00e1y \u0111i\u1ec7n Vinfast Impes<\/strong> c\u00f3 \u0111\u00e8n pha v\u1edbi thi\u1ebft k\u1ebf full led v\u1edbi thi\u1ebft k\u1ebf h\u00ecnh tr\u00e1i tim, v\u1edbi di\u1ec7n t\u00edch l\u1edbn bao ph\u1ee7 ph\u1ea7n m\u1eb7t n\u1ea1 ph\u00eda tr\u01b0\u1edbc c\u1ee7a xe, \u0111\u1ed3ng b\u1ed9 ho\u00e0n to\u00e0n v\u1edbi ph\u1ea7n tay l\u00e1i ph\u00eda tr\u00ean c\u00f3 th\u1ec3 gi\u00fap xe v\u1eadn h\u00e0nh \u1edf hai ch\u1ebf \u0111\u1ed9 chi\u1ebfu xa v\u00e0 chi\u1ebfu g\u1ea7n. \u0110\u1ed1i x\u1ee9ng hai b\u00ean l\u00e0 h\u1ec7 th\u1ed1ng \u0111\u00e8n xi nhan led, \u0111\u1ed3ng b\u1ed9 v\u1edbi c\u00e1c n\u00fat \u0111i\u1ec1u khi\u1ec3n ph\u00eda tr\u00ean gi\u00fap ng\u01b0\u1eddi s\u1eed d\u1ee5ng c\u00f3 th\u1ec3 d\u1ec5 d\u00e0ng th\u00f4ng b\u00e1o h\u01b0\u1edbng chuy\u1ec3n \u0111\u1ed9ng c\u1ee7a xe theo nhu c\u1ea7u s\u1eed d\u1ee5ng th\u1ef1c t\u1ebf.<\/td>\n<td><img decoding=\"async\" title=\"Y\u00ean Xe m\u00e1y \u0111i\u1ec7n Vinfast Impes\" src=\"https:\/\/thegioixechaydien.com.vn\/uploads\/files\/san-pham\/xe-may-dien\/2019\/10\/VINFAST-IMPES\/yen-xe-may-dien-vinfast-impes.jpg\" alt=\"Y\u00ean Xe m\u00e1y \u0111i\u1ec7n Vinfast Impes\" \/><\/p>\n<p>Y\u00ean xe v\u1edbi thi\u1ebft k\u1ebf nguy\u00ean kh\u1ed1i<\/p>\n<p><strong>Xe m\u00e1y \u0111i\u1ec7n Vinfast Impes<\/strong> v\u1edbi y\u00ean x\u00ea c\u00f3 thi\u1ebft k\u1ebf nguy\u00ean kh\u1ed1i k\u00e9o d\u00e0i theo ph\u1ea7n th\u00e2n tr\u00ean c\u1ee7a xe c\u00f3 th\u1ec3 s\u1eed d\u1ee5ng cho hai ng\u01b0\u1eddi c\u00f9ng l\u00fac, \u0111\u01b0\u1ee3c l\u00e0m t\u1eeb c\u00e1c ch\u1ea5t li\u1ec7u cao c\u1ea5p, t\u1ea1o c\u1ea3m gi\u00e1c ng\u1ed3i \u00eam \u00e1i v\u00e0 tho\u1ea3i m\u00e1i t\u1ed1i \u0111a cho ng\u01b0\u1eddi s\u1eed d\u1ee5ng. Ph\u00eda d\u01b0\u1edbi y\u00ean xe l\u00e0 c\u1ed1p l\u1edbn gi\u00fap c\u1ea5t d\u1eef th\u00eam c\u00e1c \u0111\u1ed3 d\u00f9ng kh\u00e1c nhau m\u1ed9t c\u00e1ch ti\u1ec7n l\u1ee3i, c\u1ed1p c\u00f2n \u0111\u01b0\u1ee3c trang b\u1ecb kh\u00f3a gi\u00fap ng\u01b0\u1eddi s\u1eed d\u1ee5ng d\u1ec5 d\u00e0ng b\u00e1o v\u1ec7 cho \u0111\u1ed3 d\u00f9ng \u0111\u01b0\u1ee3c \u0111\u1ec3 b\u00ean trong.<\/td>\n<\/tr>\n<tr>\n<td><img decoding=\"async\" title=\"\u0110\u00e8n h\u1eadu Xe m\u00e1y \u0111i\u1ec7n Vinfast Impes\" src=\"https:\/\/thegioixechaydien.com.vn\/uploads\/files\/san-pham\/xe-may-dien\/2019\/10\/VINFAST-IMPES\/den-hau-xe-may-dien-vinfast-impes.jpg\" alt=\"\u0110\u00e8n h\u1eadu Xe m\u00e1y \u0111i\u1ec7n Vinfast Impes\" \/><\/p>\n<p>\u0110\u00e8n h\u1eadu v\u1edbi thi\u1ebft k\u1ebf hi\u1ec7n \u0111\u1ea1i<\/p>\n<p><strong>Xe m\u00e1y \u0111i\u1ec7n Vinfast Impes<\/strong> \u0111\u01b0\u1ee3c trang b\u1ecb h\u1ec7 th\u00f4ng \u0111\u00e8n h\u1eadu hi\u1ec7n \u0111\u1ea1i v\u1edbi thi\u1ebft k\u1ebf full led, \u0111\u1ed3ng b\u1ed9 ho\u00e0n to\u00e0n v\u1edbi tay th\u1eafng v\u00e0 c\u00e1c n\u00fat \u0111i\u1ec1u khi\u1ec3n ph\u00eda tr\u00ean gi\u00fap ng\u01b0\u1eddi s\u1eed d\u1ee5ng \u0111\u1ec5 d\u00e0ng th\u00f4ng b\u00e1o t\u00ecnh tr\u1ea1ng v\u1eadn h\u00e0nh c\u1ee7a xe v\u00e0 h\u01b0\u1edbng chuy\u1ec3n \u0111\u1ed9ng c\u00f3 c\u00e1c ph\u01b0\u01a1ng ti\u1ec7n di chuy\u1ec3n c\u00f9ng chi\u1ec1u.<\/td>\n<td><img decoding=\"async\" title=\"\u0110\u1ed9ng c\u01a1 Xe m\u00e1y \u0111i\u1ec7n Vinfast Impes\" src=\"https:\/\/thegioixechaydien.com.vn\/uploads\/files\/san-pham\/xe-may-dien\/2019\/10\/VINFAST-IMPES\/dong-co-xe-may-dien-vinfast-impes.jpg\" alt=\"\u0110\u1ed9ng c\u01a1 Xe m\u00e1y \u0111i\u1ec7n Vinfast Impes\" \/><\/p>\n<p>S\u1eed d\u1ee5ng \u0111\u1ed9ng c\u01a1 c\u00f4ng su\u1ea5t 1200W<\/p>\n<p><strong>Xe m\u00e1y \u0111i\u1ec7n Vinfast Impes<\/strong> s\u1eed d\u1ee5ng \u0111\u1ed9ng c\u01a1 c\u00f4ng su\u1ea5t 1200W \u0111\u01b0\u1ee3c s\u1ea3n xu\u1ea5t b\u1edfi Bosch v\u1edbi c\u00f4ng ngh\u1ec7 \u0111\u1ebfn t\u1eeb \u0110\u1ee9c, v\u1edbi kh\u1ea3 n\u0103ng ch\u1ed1ng n\u01b0\u1edbc ho\u00e0n h\u1ea3o, t\u0103ng t\u1ed1c nhanh, gi\u1ea3m hao ph\u00ed trong qu\u00e1 tr\u00ecnh v\u1eadn h\u00e0nh. V\u1edbi c\u01a1 ch\u1ebf truy\u1ec1n \u0111\u1ed9ng tr\u1ef1c ti\u1ebfp gi\u00fap xe t\u0103ng t\u1ed1c nhanh, \u0111\u1ed9ng c\u01a1 m\u1ea1nh m\u1ebd c\u00f3 th\u1ec3 gi\u00fap xe \u0111\u1ea1t v\u1eadn t\u1ed1c t\u1ed1i \u0111a l\u00ean \u0111\u1ebfn 50km\/h<\/td>\n<\/tr>\n<\/tbody>\n<\/table>\n<p>&nbsp;<\/p>\n","protected":false},"excerpt":{"rendered":"<ul>\n<li>B\u1ea3o h\u00e0nh \u0111\u1ed9ng c\u01a1 \u0111i\u1ec7n: 1 n\u0103m.<\/li>\n<li>B\u1ea3o h\u00e0nh b\u1ed9 \u0111i\u1ec1u khi\u1ec3n: 1 n\u0103m.<\/li>\n<li>B\u1ea3o h\u00e0nh \u1eafc quy: thay th\u1ebf trong v\u00f2ng 6 th\u00e1ng \u2013 s\u1eeda ch\u1eefa trong v\u00f2ng 1 n\u0103m.<\/li>\n<li>B\u1ea3o h\u00e0nh gi\u1ea3m s\u00f3c: gi\u1ea3m s\u00f3c tr\u01b0\u1edbc 6 th\u00e1ng \u2013 gi\u1ea3m s\u00f3c sau 2 n\u0103m<\/li>\n<li>B\u1ea3o h\u00e0nh khung xe, tay l\u00e1i: trong v\u00f2ng 1 n\u0103m<\/li>\n<\/ul>\n<h4><span style=\"color: #ff0000\"><strong>KHUY\u1ebeN M\u1ea0I:<\/strong><\/span><\/h4>\n<ul>\n<li>Giao h\u00e0ng mi\u1ec5n ph\u00ed trong 30km.<\/li>\n<li>M\u0169 b\u1ea3o hi\u1ec3m \u0111\u1ea1t chu\u1ea9n.<\/li>\n<li>\u00c1o m\u01b0a \u0111\u1ea1t chu\u1ea9n.<\/li>\n<li>Gi\u1ecf xe.<\/li>\n<\/ul>\n","protected":false},"featured_media":941,"template":"","meta":[],"class_list":{"0":"post-938","1":"product","2":"type-product","3":"status-publish","4":"has-post-thumbnail","6":"product_cat-vinfast","8":"first","9":"outofstock","10":"featured","11":"shipping-taxable","12":"product-type-simple"},"yoast_head":"<!-- This site is optimized with the Yoast SEO plugin v19.10 - https:\/\/yoast.com\/wordpress\/plugins\/seo\/ -->\n<title>Xe m\u00e1y \u0111i\u1ec7n Vinfast Impes -<\/title>\n<meta name=\"robots\" content=\"index, follow, max-snippet:-1, max-image-preview:large, max-video-preview:-1\" \/>\n<link rel=\"canonical\" href=\"https:\/\/duyhungmotor.com\/?product=xe-may-dien-vinfast-impes\" \/>\n<meta property=\"og:locale\" content=\"vi_VN\" \/>\n<meta property=\"og:type\" content=\"article\" \/>\n<meta property=\"og:title\" content=\"Xe m\u00e1y \u0111i\u1ec7n Vinfast Impes -\" \/>\n<meta property=\"og:description\" content=\"B\u1ea3o h\u00e0nh \u0111\u1ed9ng c\u01a1 \u0111i\u1ec7n: 1 n\u0103m.  B\u1ea3o h\u00e0nh b\u1ed9 \u0111i\u1ec1u khi\u1ec3n: 1 n\u0103m.  B\u1ea3o h\u00e0nh \u1eafc quy: thay th\u1ebf trong v\u00f2ng 6 th\u00e1ng \u2013 s\u1eeda ch\u1eefa trong v\u00f2ng 1 n\u0103m.  B\u1ea3o h\u00e0nh gi\u1ea3m s\u00f3c: gi\u1ea3m s\u00f3c tr\u01b0\u1edbc 6 th\u00e1ng \u2013 gi\u1ea3m s\u00f3c sau 2 n\u0103m  B\u1ea3o h\u00e0nh khung xe, tay l\u00e1i: trong v\u00f2ng 1 n\u0103m  KHUY\u1ebeN M\u1ea0I:   Giao h\u00e0ng mi\u1ec5n ph\u00ed trong 30km.  M\u0169 b\u1ea3o hi\u1ec3m \u0111\u1ea1t chu\u1ea9n.  \u00c1o m\u01b0a \u0111\u1ea1t chu\u1ea9n.  Gi\u1ecf xe.\" \/>\n<meta property=\"og:url\" content=\"https:\/\/duyhungmotor.com\/?product=xe-may-dien-vinfast-impes\" \/>\n<meta property=\"article:modified_time\" content=\"2023-06-29T04:19:15+00:00\" \/>\n<meta property=\"og:image\" content=\"https:\/\/duyhungmotor.com\/wp-content\/uploads\/2020\/11\/xe-may-dien-vinfast-impes274.jpg\" \/>\n\t<meta property=\"og:image:width\" content=\"800\" \/>\n\t<meta property=\"og:image:height\" content=\"600\" \/>\n\t<meta property=\"og:image:type\" content=\"image\/jpeg\" \/>\n<meta name=\"twitter:card\" content=\"summary_large_image\" \/>\n<meta name=\"twitter:label1\" content=\"\u01af\u1edbc t\u00ednh th\u1eddi gian \u0111\u1ecdc\" \/>\n\t<meta name=\"twitter:data1\" content=\"4 ph\u00fat\" \/>\n<script type=\"application\/ld+json\" class=\"yoast-schema-graph\">{\"@context\":\"https:\/\/schema.org\",\"@graph\":[{\"@type\":\"WebPage\",\"@id\":\"https:\/\/duyhungmotor.com\/?product=xe-may-dien-vinfast-impes\",\"url\":\"https:\/\/duyhungmotor.com\/?product=xe-may-dien-vinfast-impes\",\"name\":\"Xe m\u00e1y \u0111i\u1ec7n Vinfast Impes -\",\"isPartOf\":{\"@id\":\"https:\/\/duyhungmotor.com\/#website\"},\"datePublished\":\"2020-11-20T04:46:20+00:00\",\"dateModified\":\"2023-06-29T04:19:15+00:00\",\"breadcrumb\":{\"@id\":\"https:\/\/duyhungmotor.com\/?product=xe-may-dien-vinfast-impes#breadcrumb\"},\"inLanguage\":\"vi\",\"potentialAction\":[{\"@type\":\"ReadAction\",\"target\":[\"https:\/\/duyhungmotor.com\/?product=xe-may-dien-vinfast-impes\"]}]},{\"@type\":\"BreadcrumbList\",\"@id\":\"https:\/\/duyhungmotor.com\/?product=xe-may-dien-vinfast-impes#breadcrumb\",\"itemListElement\":[{\"@type\":\"ListItem\",\"position\":1,\"name\":\"Trang ch\u1ee7\",\"item\":\"https:\/\/duyhungmotor.com\/\"},{\"@type\":\"ListItem\",\"position\":2,\"name\":\"Xe m\u00e1y \u0111i\u1ec7n Vinfast Impes\"}]},{\"@type\":\"WebSite\",\"@id\":\"https:\/\/duyhungmotor.com\/#website\",\"url\":\"https:\/\/duyhungmotor.com\/\",\"name\":\"\",\"description\":\"\u0110\u1ea1i l\u00fd Xe M\u00e1y - Xe \u0110i\u1ec7n\",\"potentialAction\":[{\"@type\":\"SearchAction\",\"target\":{\"@type\":\"EntryPoint\",\"urlTemplate\":\"https:\/\/duyhungmotor.com\/?s={search_term_string}\"},\"query-input\":\"required name=search_term_string\"}],\"inLanguage\":\"vi\"}]}<\/script>\n<!-- \/ Yoast SEO plugin. -->","yoast_head_json":{"title":"Xe m\u00e1y \u0111i\u1ec7n Vinfast Impes -","robots":{"index":"index","follow":"follow","max-snippet":"max-snippet:-1","max-image-preview":"max-image-preview:large","max-video-preview":"max-video-preview:-1"},"canonical":"https:\/\/duyhungmotor.com\/?product=xe-may-dien-vinfast-impes","og_locale":"vi_VN","og_type":"article","og_title":"Xe m\u00e1y \u0111i\u1ec7n Vinfast Impes -","og_description":"B\u1ea3o h\u00e0nh \u0111\u1ed9ng c\u01a1 \u0111i\u1ec7n: 1 n\u0103m.  B\u1ea3o h\u00e0nh b\u1ed9 \u0111i\u1ec1u khi\u1ec3n: 1 n\u0103m.  B\u1ea3o h\u00e0nh \u1eafc quy: thay th\u1ebf trong v\u00f2ng 6 th\u00e1ng \u2013 s\u1eeda ch\u1eefa trong v\u00f2ng 1 n\u0103m.  B\u1ea3o h\u00e0nh gi\u1ea3m s\u00f3c: gi\u1ea3m s\u00f3c tr\u01b0\u1edbc 6 th\u00e1ng \u2013 gi\u1ea3m s\u00f3c sau 2 n\u0103m  B\u1ea3o h\u00e0nh khung xe, tay l\u00e1i: trong v\u00f2ng 1 n\u0103m  KHUY\u1ebeN M\u1ea0I:   Giao h\u00e0ng mi\u1ec5n ph\u00ed trong 30km.  M\u0169 b\u1ea3o hi\u1ec3m \u0111\u1ea1t chu\u1ea9n.  \u00c1o m\u01b0a \u0111\u1ea1t chu\u1ea9n.  Gi\u1ecf xe.","og_url":"https:\/\/duyhungmotor.com\/?product=xe-may-dien-vinfast-impes","article_modified_time":"2023-06-29T04:19:15+00:00","og_image":[{"width":800,"height":600,"url":"https:\/\/duyhungmotor.com\/wp-content\/uploads\/2020\/11\/xe-may-dien-vinfast-impes274.jpg","type":"image\/jpeg"}],"twitter_card":"summary_large_image","twitter_misc":{"\u01af\u1edbc t\u00ednh th\u1eddi gian \u0111\u1ecdc":"4 ph\u00fat"},"schema":{"@context":"https:\/\/schema.org","@graph":[{"@type":"WebPage","@id":"https:\/\/duyhungmotor.com\/?product=xe-may-dien-vinfast-impes","url":"https:\/\/duyhungmotor.com\/?product=xe-may-dien-vinfast-impes","name":"Xe m\u00e1y \u0111i\u1ec7n Vinfast Impes -","isPartOf":{"@id":"https:\/\/duyhungmotor.com\/#website"},"datePublished":"2020-11-20T04:46:20+00:00","dateModified":"2023-06-29T04:19:15+00:00","breadcrumb":{"@id":"https:\/\/duyhungmotor.com\/?product=xe-may-dien-vinfast-impes#breadcrumb"},"inLanguage":"vi","potentialAction":[{"@type":"ReadAction","target":["https:\/\/duyhungmotor.com\/?product=xe-may-dien-vinfast-impes"]}]},{"@type":"BreadcrumbList","@id":"https:\/\/duyhungmotor.com\/?product=xe-may-dien-vinfast-impes#breadcrumb","itemListElement":[{"@type":"ListItem","position":1,"name":"Trang ch\u1ee7","item":"https:\/\/duyhungmotor.com\/"},{"@type":"ListItem","position":2,"name":"Xe m\u00e1y \u0111i\u1ec7n Vinfast Impes"}]},{"@type":"WebSite","@id":"https:\/\/duyhungmotor.com\/#website","url":"https:\/\/duyhungmotor.com\/","name":"","description":"\u0110\u1ea1i l\u00fd Xe M\u00e1y - Xe \u0110i\u1ec7n","potentialAction":[{"@type":"SearchAction","target":{"@type":"EntryPoint","urlTemplate":"https:\/\/duyhungmotor.com\/?s={search_term_string}"},"query-input":"required name=search_term_string"}],"inLanguage":"vi"}]}},"_links":{"self":[{"href":"https:\/\/duyhungmotor.com\/index.php?rest_route=\/wp\/v2\/product\/938","targetHints":{"allow":["GET"]}}],"collection":[{"href":"https:\/\/duyhungmotor.com\/index.php?rest_route=\/wp\/v2\/product"}],"about":[{"href":"https:\/\/duyhungmotor.com\/index.php?rest_route=\/wp\/v2\/types\/product"}],"wp:featuredmedia":[{"embeddable":true,"href":"https:\/\/duyhungmotor.com\/index.php?rest_route=\/wp\/v2\/media\/941"}],"wp:attachment":[{"href":"https:\/\/duyhungmotor.com\/index.php?rest_route=%2Fwp%2Fv2%2Fmedia&parent=938"}],"curies":[{"name":"wp","href":"https:\/\/api.w.org\/{rel}","templated":true}]}}