{"id":919,"date":"2020-11-20T11:33:42","date_gmt":"2020-11-20T04:33:42","guid":{"rendered":"http:\/\/duyhungmotor.com\/?post_type=product&#038;p=919"},"modified":"2023-06-29T11:20:08","modified_gmt":"2023-06-29T04:20:08","slug":"vinfast-klara-acid","status":"publish","type":"product","link":"https:\/\/duyhungmotor.com\/?product=vinfast-klara-acid","title":{"rendered":"Vinfast klara acid"},"content":{"rendered":"<aside class=\"sidebar right-sidebar col-md-4 col-sm-12 col-xs-12 no-padding\">\n<div class=\"row sidebar-box\">\n<div class=\"col-md-12 col-sm-12 col-xs-12\">\n<div class=\"sidebar-box-content sidebar-padding-box product-single-info\">\n<div id=\"lsColor\" class=\"lsColor\"><\/div>\n<div class=\"promotion hide_promotion\">\n<div id=\"part_promotion\">\n<p>&nbsp;<\/p>\n<\/div>\n<\/div>\n<\/div>\n<\/div>\n<\/div>\n<\/aside>\n<section class=\"main-content col-md-12 col-sm-12 col-xs-12\">\n<section class=\"sidebar-slider\">\n<div id=\"product-single\">\n<div class=\"product-single\">\n<div class=\"page-noneback no-padding\">\n<div class=\"row\">\n<div class=\"content-noibat expand\"><img decoding=\"async\" src=\"https:\/\/thegioixechaydien.com.vn\/uploads\/files\/hinh-xoay\/7867\/ps\/2.jpg\" alt=\"Xe m\u00e1y \u0111i\u1ec7n VinFast Klara Acid Ch\u00ec\" width=\"100%\" \/><img decoding=\"async\" src=\"https:\/\/thegioixechaydien.com.vn\/uploads\/files\/hinh-xoay\/7867\/ps\/3.jpg\" alt=\"Xe m\u00e1y \u0111i\u1ec7n VinFast Klara Acid Ch\u00ec\" width=\"100%\" \/><img decoding=\"async\" src=\"https:\/\/thegioixechaydien.com.vn\/uploads\/files\/hinh-xoay\/7867\/ps\/4.jpg\" alt=\"Xe m\u00e1y \u0111i\u1ec7n VinFast Klara Acid Ch\u00ec\" width=\"100%\" \/><img decoding=\"async\" src=\"https:\/\/thegioixechaydien.com.vn\/uploads\/files\/hinh-xoay\/7867\/ps\/5.jpg\" alt=\"Xe m\u00e1y \u0111i\u1ec7n VinFast Klara Acid Ch\u00ec\" width=\"100%\" \/><img decoding=\"async\" src=\"https:\/\/thegioixechaydien.com.vn\/uploads\/files\/hinh-xoay\/7867\/ps\/6.jpg\" alt=\"Xe m\u00e1y \u0111i\u1ec7n VinFast Klara Acid Ch\u00ec\" width=\"100%\" \/><img decoding=\"async\" src=\"https:\/\/thegioixechaydien.com.vn\/uploads\/files\/hinh-xoay\/7867\/ps\/7.jpg\" alt=\"Xe m\u00e1y \u0111i\u1ec7n VinFast Klara Acid Ch\u00ec\" width=\"100%\" \/><img decoding=\"async\" src=\"https:\/\/thegioixechaydien.com.vn\/uploads\/files\/hinh-xoay\/7867\/ps\/8.jpg\" alt=\"Xe m\u00e1y \u0111i\u1ec7n VinFast Klara Acid Ch\u00ec\" width=\"100%\" \/><img decoding=\"async\" src=\"https:\/\/thegioixechaydien.com.vn\/uploads\/files\/hinh-xoay\/7867\/ps\/9.jpg\" alt=\"Xe m\u00e1y \u0111i\u1ec7n VinFast Klara Acid Ch\u00ec\" width=\"100%\" \/><\/div>\n<\/div>\n<\/div>\n<\/div>\n<\/div>\n<\/section>\n<\/section>\n","protected":false},"excerpt":{"rendered":"<ul>\n<li>B\u1ea3o h\u00e0nh \u0111\u1ed9ng c\u01a1 \u0111i\u1ec7n: 1 n\u0103m.<\/li>\n<li>B\u1ea3o h\u00e0nh b\u1ed9 \u0111i\u1ec1u khi\u1ec3n: 1 n\u0103m.<\/li>\n<li>B\u1ea3o h\u00e0nh \u1eafc quy: thay th\u1ebf trong v\u00f2ng 6 th\u00e1ng \u2013 s\u1eeda ch\u1eefa trong v\u00f2ng 1 n\u0103m.<\/li>\n<li>B\u1ea3o h\u00e0nh gi\u1ea3m s\u00f3c: gi\u1ea3m s\u00f3c tr\u01b0\u1edbc 6 th\u00e1ng \u2013 gi\u1ea3m s\u00f3c sau 2 n\u0103m<\/li>\n<li>B\u1ea3o h\u00e0nh khung xe, tay l\u00e1i: trong v\u00f2ng 1 n\u0103m<\/li>\n<\/ul>\n<h4><span style=\"color: #ff0000\"><strong>KHUY\u1ebeN M\u1ea0I:<\/strong><\/span><\/h4>\n<ul>\n<li>Giao h\u00e0ng mi\u1ec5n ph\u00ed trong 30km.<\/li>\n<li>M\u0169 b\u1ea3o hi\u1ec3m \u0111\u1ea1t chu\u1ea9n.<\/li>\n<li>\u00c1o m\u01b0a \u0111\u1ea1t chu\u1ea9n.<\/li>\n<li>Gi\u1ecf xe.<\/li>\n<\/ul>\n","protected":false},"featured_media":921,"template":"","meta":[],"class_list":{"0":"post-919","1":"product","2":"type-product","3":"status-publish","4":"has-post-thumbnail","6":"product_cat-vinfast","8":"first","9":"outofstock","10":"featured","11":"shipping-taxable","12":"product-type-simple"},"yoast_head":"<!-- This site is optimized with the Yoast SEO plugin v19.10 - https:\/\/yoast.com\/wordpress\/plugins\/seo\/ -->\n<title>Vinfast klara acid -<\/title>\n<meta name=\"robots\" content=\"index, follow, max-snippet:-1, max-image-preview:large, max-video-preview:-1\" \/>\n<link rel=\"canonical\" href=\"https:\/\/duyhungmotor.com\/?product=vinfast-klara-acid\" \/>\n<meta property=\"og:locale\" content=\"vi_VN\" \/>\n<meta property=\"og:type\" content=\"article\" \/>\n<meta property=\"og:title\" content=\"Vinfast klara acid -\" \/>\n<meta property=\"og:description\" content=\"B\u1ea3o h\u00e0nh \u0111\u1ed9ng c\u01a1 \u0111i\u1ec7n: 1 n\u0103m.  B\u1ea3o h\u00e0nh b\u1ed9 \u0111i\u1ec1u khi\u1ec3n: 1 n\u0103m.  B\u1ea3o h\u00e0nh \u1eafc quy: thay th\u1ebf trong v\u00f2ng 6 th\u00e1ng \u2013 s\u1eeda ch\u1eefa trong v\u00f2ng 1 n\u0103m.  B\u1ea3o h\u00e0nh gi\u1ea3m s\u00f3c: gi\u1ea3m s\u00f3c tr\u01b0\u1edbc 6 th\u00e1ng \u2013 gi\u1ea3m s\u00f3c sau 2 n\u0103m  B\u1ea3o h\u00e0nh khung xe, tay l\u00e1i: trong v\u00f2ng 1 n\u0103m  KHUY\u1ebeN M\u1ea0I:   Giao h\u00e0ng mi\u1ec5n ph\u00ed trong 30km.  M\u0169 b\u1ea3o hi\u1ec3m \u0111\u1ea1t chu\u1ea9n.  \u00c1o m\u01b0a \u0111\u1ea1t chu\u1ea9n.  Gi\u1ecf xe.\" \/>\n<meta property=\"og:url\" content=\"https:\/\/duyhungmotor.com\/?product=vinfast-klara-acid\" \/>\n<meta property=\"article:modified_time\" content=\"2023-06-29T04:20:08+00:00\" \/>\n<meta property=\"og:image\" content=\"https:\/\/duyhungmotor.com\/wp-content\/uploads\/2020\/11\/xe-may-dien-vinfast-kalara-a1984.jpg\" \/>\n\t<meta property=\"og:image:width\" content=\"800\" \/>\n\t<meta property=\"og:image:height\" content=\"600\" \/>\n\t<meta property=\"og:image:type\" content=\"image\/jpeg\" \/>\n<meta name=\"twitter:card\" content=\"summary_large_image\" \/>\n<script type=\"application\/ld+json\" class=\"yoast-schema-graph\">{\"@context\":\"https:\/\/schema.org\",\"@graph\":[{\"@type\":\"WebPage\",\"@id\":\"https:\/\/duyhungmotor.com\/?product=vinfast-klara-acid\",\"url\":\"https:\/\/duyhungmotor.com\/?product=vinfast-klara-acid\",\"name\":\"Vinfast klara acid -\",\"isPartOf\":{\"@id\":\"https:\/\/duyhungmotor.com\/#website\"},\"datePublished\":\"2020-11-20T04:33:42+00:00\",\"dateModified\":\"2023-06-29T04:20:08+00:00\",\"breadcrumb\":{\"@id\":\"https:\/\/duyhungmotor.com\/?product=vinfast-klara-acid#breadcrumb\"},\"inLanguage\":\"vi\",\"potentialAction\":[{\"@type\":\"ReadAction\",\"target\":[\"https:\/\/duyhungmotor.com\/?product=vinfast-klara-acid\"]}]},{\"@type\":\"BreadcrumbList\",\"@id\":\"https:\/\/duyhungmotor.com\/?product=vinfast-klara-acid#breadcrumb\",\"itemListElement\":[{\"@type\":\"ListItem\",\"position\":1,\"name\":\"Trang ch\u1ee7\",\"item\":\"https:\/\/duyhungmotor.com\/\"},{\"@type\":\"ListItem\",\"position\":2,\"name\":\"Vinfast klara acid\"}]},{\"@type\":\"WebSite\",\"@id\":\"https:\/\/duyhungmotor.com\/#website\",\"url\":\"https:\/\/duyhungmotor.com\/\",\"name\":\"\",\"description\":\"\u0110\u1ea1i l\u00fd Xe M\u00e1y - Xe \u0110i\u1ec7n\",\"potentialAction\":[{\"@type\":\"SearchAction\",\"target\":{\"@type\":\"EntryPoint\",\"urlTemplate\":\"https:\/\/duyhungmotor.com\/?s={search_term_string}\"},\"query-input\":\"required name=search_term_string\"}],\"inLanguage\":\"vi\"}]}<\/script>\n<!-- \/ Yoast SEO plugin. -->","yoast_head_json":{"title":"Vinfast klara acid -","robots":{"index":"index","follow":"follow","max-snippet":"max-snippet:-1","max-image-preview":"max-image-preview:large","max-video-preview":"max-video-preview:-1"},"canonical":"https:\/\/duyhungmotor.com\/?product=vinfast-klara-acid","og_locale":"vi_VN","og_type":"article","og_title":"Vinfast klara acid -","og_description":"B\u1ea3o h\u00e0nh \u0111\u1ed9ng c\u01a1 \u0111i\u1ec7n: 1 n\u0103m.  B\u1ea3o h\u00e0nh b\u1ed9 \u0111i\u1ec1u khi\u1ec3n: 1 n\u0103m.  B\u1ea3o h\u00e0nh \u1eafc quy: thay th\u1ebf trong v\u00f2ng 6 th\u00e1ng \u2013 s\u1eeda ch\u1eefa trong v\u00f2ng 1 n\u0103m.  B\u1ea3o h\u00e0nh gi\u1ea3m s\u00f3c: gi\u1ea3m s\u00f3c tr\u01b0\u1edbc 6 th\u00e1ng \u2013 gi\u1ea3m s\u00f3c sau 2 n\u0103m  B\u1ea3o h\u00e0nh khung xe, tay l\u00e1i: trong v\u00f2ng 1 n\u0103m  KHUY\u1ebeN M\u1ea0I:   Giao h\u00e0ng mi\u1ec5n ph\u00ed trong 30km.  M\u0169 b\u1ea3o hi\u1ec3m \u0111\u1ea1t chu\u1ea9n.  \u00c1o m\u01b0a \u0111\u1ea1t chu\u1ea9n.  Gi\u1ecf xe.","og_url":"https:\/\/duyhungmotor.com\/?product=vinfast-klara-acid","article_modified_time":"2023-06-29T04:20:08+00:00","og_image":[{"width":800,"height":600,"url":"https:\/\/duyhungmotor.com\/wp-content\/uploads\/2020\/11\/xe-may-dien-vinfast-kalara-a1984.jpg","type":"image\/jpeg"}],"twitter_card":"summary_large_image","schema":{"@context":"https:\/\/schema.org","@graph":[{"@type":"WebPage","@id":"https:\/\/duyhungmotor.com\/?product=vinfast-klara-acid","url":"https:\/\/duyhungmotor.com\/?product=vinfast-klara-acid","name":"Vinfast klara acid -","isPartOf":{"@id":"https:\/\/duyhungmotor.com\/#website"},"datePublished":"2020-11-20T04:33:42+00:00","dateModified":"2023-06-29T04:20:08+00:00","breadcrumb":{"@id":"https:\/\/duyhungmotor.com\/?product=vinfast-klara-acid#breadcrumb"},"inLanguage":"vi","potentialAction":[{"@type":"ReadAction","target":["https:\/\/duyhungmotor.com\/?product=vinfast-klara-acid"]}]},{"@type":"BreadcrumbList","@id":"https:\/\/duyhungmotor.com\/?product=vinfast-klara-acid#breadcrumb","itemListElement":[{"@type":"ListItem","position":1,"name":"Trang ch\u1ee7","item":"https:\/\/duyhungmotor.com\/"},{"@type":"ListItem","position":2,"name":"Vinfast klara acid"}]},{"@type":"WebSite","@id":"https:\/\/duyhungmotor.com\/#website","url":"https:\/\/duyhungmotor.com\/","name":"","description":"\u0110\u1ea1i l\u00fd Xe M\u00e1y - Xe \u0110i\u1ec7n","potentialAction":[{"@type":"SearchAction","target":{"@type":"EntryPoint","urlTemplate":"https:\/\/duyhungmotor.com\/?s={search_term_string}"},"query-input":"required name=search_term_string"}],"inLanguage":"vi"}]}},"_links":{"self":[{"href":"https:\/\/duyhungmotor.com\/index.php?rest_route=\/wp\/v2\/product\/919","targetHints":{"allow":["GET"]}}],"collection":[{"href":"https:\/\/duyhungmotor.com\/index.php?rest_route=\/wp\/v2\/product"}],"about":[{"href":"https:\/\/duyhungmotor.com\/index.php?rest_route=\/wp\/v2\/types\/product"}],"wp:featuredmedia":[{"embeddable":true,"href":"https:\/\/duyhungmotor.com\/index.php?rest_route=\/wp\/v2\/media\/921"}],"wp:attachment":[{"href":"https:\/\/duyhungmotor.com\/index.php?rest_route=%2Fwp%2Fv2%2Fmedia&parent=919"}],"curies":[{"name":"wp","href":"https:\/\/api.w.org\/{rel}","templated":true}]}}