{"id":830,"date":"2020-11-18T15:26:15","date_gmt":"2020-11-18T08:26:15","guid":{"rendered":"http:\/\/duyhungmotor.com\/?post_type=product&#038;p=830"},"modified":"2020-11-18T15:26:15","modified_gmt":"2020-11-18T08:26:15","slug":"khoa-chong-trom-xe-may-osuno-mh60","status":"publish","type":"product","link":"https:\/\/duyhungmotor.com\/?product=khoa-chong-trom-xe-may-osuno-mh60","title":{"rendered":"KH\u00d3A CH\u1ed0NG TR\u1ed8M XE M\u00c1Y OSUNO MH60"},"content":{"rendered":"<ol>\n<li>\n<h1>.T\u00cdNH N\u0102NG V\u00c0 PH\u01af\u01a0NG TH\u1ee8C HO\u1ea0T \u0110\u1ed8NG C\u1ee6A CH\u00ccA KH\u00d3A TH\u00d4NG MINH<\/h1>\n<\/li>\n<\/ol>\n<p>Thi\u1ebft b\u1ecb ch\u1ed1ng tr\u1ed9m OSUNO JAPAN d\u00f9ng cho xe m\u00e1y \u0111\u01b0\u1ee3c s\u1ea3n xu\u1ea5t d\u1ef1a tr\u00ean c\u00f4ng ngh\u1ec7 m\u00e3 h\u00f3a \u0111\u1eb7c bi\u1ec7t v\u1edbi t\u00ednh b\u1ea3o m\u1eadt cao, c\u00e1c ch\u1ee9c n\u0103ng ho\u00e0n to\u00e0n t\u1ef1 \u0111\u1ed9ng, c\u00f4ng ngh\u1ec7 \u0111ang \u0111\u01b0\u1ee3c \u1ee9ng d\u1ee5ng cho c\u00e1c d\u00f2ng xe \u00f4 t\u00f4 cao c\u1ea5p hi\u1ec7n nay:<a href=\"http:\/\/osuno.vn\/wp-content\/uploads\/2017\/12\/img448.jpg\"><img loading=\"lazy\" decoding=\"async\" class=\" size-thumbnail wp-image-1002 alignright\" src=\"http:\/\/osuno.vn\/wp-content\/uploads\/2017\/12\/img448-150x150.jpg\" alt=\"img448\" width=\"150\" height=\"150\" \/><\/a><\/p>\n<ul>\n<li>Thi\u1ebft b\u1ecb g\u1ed3m 3 b\u00f4 ph\u1eadn:<\/li>\n<li>B\u1ed9 ph\u1eadn \u0111i\u1ec1u khi\u1ec3n l\u1eafp tr\u00ean xe<\/li>\n<li>Ch\u00eca kh\u00f3a th\u00f4ng minh g\u1ed3m 3 ph\u1ea7n: (1) m\u1edf xe \/ (2) kh\u00f3a xe \/\u00a0 \u00a0(3) t\u00ecm xe<\/li>\n<\/ul>\n<ul>\n<li><strong>Ch\u1ee9c n\u0103ng ch\u1ed1ng tr\u1ed9m<\/strong>: Ch\u1ee9c\u00a0 n\u0103ng ch\u1ed1ng tr\u1ed9m s\u1ebd \u0111\u01b0\u1ee3c k\u00edch ho\u1ea1t t\u1ef1 \u0111\u1ed9ng ho\u00e0n to\u00e0n khi ch\u00eca kh\u00f3a c\u1ee7a xe \u0111\u01b0\u1ee3c \u0111\u01b0a v\u1ec1 tr\u1ea1ng th\u00e1i t\u1eaft<\/li>\n<li><strong>Ch\u1ee9c n\u0103ng ch\u1ed1ng c\u01b0\u1edbp<\/strong>: Trong tr\u01b0\u1eddng h\u1ee3p k\u1ebb gian m\u1edf \u0111\u01b0\u1ee3c kh\u00f3a xe trong ph\u1ea1m vi kho\u1ea3ng c\u00e1ch t\u1eeb 5-70m, b\u1ea1n b\u1ea5m ph\u00edm s\u1ed1 2 xe s\u1ebd t\u1eaft m\u00e1y kh\u00f4ng \u0111i \u0111\u01b0\u1ee3c n\u1eefa. Xe t\u1eaft m\u00e1y.<\/li>\n<li><strong>Ch\u1ee9c n\u0103ng t\u00ecm xe<\/strong>: Tr\u1ecdng ph\u1ea1m vi 70m, khi b\u1ea1n b\u1ea5m ph\u00edm s\u1ed1 3 thi\u1ebft b\u1ecb s\u1ebd k\u00eau 02 ti\u1ebfng t\u00edt t\u00edt n\u1ebfu xe \u0111ang trong tr\u1ea1ng th\u00e1i kh\u00f3a ho\u1eb7c k\u00eau m\u1ed9t (01)\u00a0 ti\u1ebfng t\u00edt n\u1ebfu xe \u0111ang trong tr\u1ea1ng th\u00e1i m\u1edf. Tr\u01b0\u1eddng h\u1ee3p k\u1ebb gian ph\u00e1 kh\u00f3a th\u00ec trong v\u00f2ng 03 gi\u00e2y, h\u1ec7 th\u1ed1ng s\u1ebd t\u1ef1 \u0111\u1ed9ng b\u1eadt c\u00f2i c\u1ea3nh b\u00e1o. V\u00e0 t\u1ef1 \u0111\u1ed9ng kh\u00f3a ng\u1eaft \u0111i\u1ec7n, k\u1ebb gian kh\u00f4ng th\u1ebb kh\u1edfi \u0111\u1ed9ng \u0111\u01b0\u1ee3c xe.<\/li>\n<li><strong>Khi kh\u1edfi \u0111\u1ed9ng xe<\/strong>: Ng\u01b0\u1eddi s\u1eed d\u1ee5ng b\u1ea5m ph\u00edm s\u1ed1 1 \u0111\u1ec3 kh\u1edfi \u0111\u1ed9ng \u0111\u01b0\u1ee3c h\u1ec7 th\u1ed1ng \u0111i\u1ec7n c\u1ee7a xe. Khi b\u1ea5m ph\u00edm s\u1ed1 1 thi\u1ebft b\u1ecb s\u1ebd nh\u1eadn t\u00edn hi\u1ec7u, c\u00f2i t\u1eeb c\u1ee5c thi\u1ebft b\u1ecb tr\u1ecfng xe s\u1ebd k\u00eau m\u1ed9t ti\u1ebfng t\u00edt. B\u00e1o cho ng\u01b0\u1eddi s\u1eed d\u1ee5ng bi\u1ebft c\u00f3 th\u1ec3 v\u1eadn h\u00e0nh.<\/li>\n<li><em><strong>Trong tr\u01b0\u1eddng h\u1ee3p sau khi \u0111\u00e3 b\u1eadt ph\u00edm s\u1ed1 1 \u0111\u1ec3 kh\u1edfi \u0111\u1ed9ng xe, trong v\u00f2ng 10s tra ch\u00eca kh\u00f3a v\u00e0o \u1ed5 kh\u00f3a th\u00ec thi\u1ebft b\u1ecb t\u1ef1 \u0111\u1ed9ng kh\u00f3a tr\u1edf l\u1ea1i sau hai ti\u1ebfng k\u00eau t\u00edt t\u00edt<\/strong><\/em><\/li>\n<li><strong>Khi t\u1eaft m\u00e1y<\/strong>: Khi t\u1eaft ch\u00eca kho\u00e1 ph\u00edm s\u1ed1 2 hai ti\u1ebfng k\u00eau t\u00edt b\u00e1o hi\u1ec7u xe c\u1ee7a b\u1ea1n \u0111\u01b0\u1ee3c an to\u00e0n.<\/li>\n<\/ul>\n<p>\u2663 M\u1ed9t s\u1ed1 \u01b0u \u0111i\u1ec3m kh\u00e1c: Kh\u00e1c v\u1edbi c\u00e1c lo\u1ea1i kh\u00f3a th\u00f4ng th\u01b0\u1eddng tr\u00ean th\u1ecb tr\u01b0\u1eddng \u0111\u1ec1u ph\u1ea3i s\u1eed d\u1ee5ng c\u00f4ng t\u1eafc ti\u1ebft ki\u1ec7m Pin v\u00e0 ph\u1ea3i thay Pin, <strong>CHIP \u0111i\u1ec7n t\u1eed OSUNO s\u1eed d\u1ee5ng c\u00f4ng ngh\u1ec7 NANO WATT v\u1edbi Pin Sony CR2450 do Nh\u1eadt B\u1ea3n s\u1ea3n xu\u1ea5t<\/strong>, th\u1eddi gian s\u1eed d\u1ee5ng l\u1edbn h\u01a1n 3 n\u0103m m\u00e0 kh\u00f4ng ph\u1ea3i thay Pin, kh\u00f4ng ph\u1ea3i s\u1eed d\u1ee5ng c\u00f4ng t\u1eafc ngu\u1ed3n.<br \/>\nL\u00e0m vi\u1ec7c ho\u00e0n to\u00e0n t\u1ef1 \u0111\u1ed9ng.<br \/>\nKh\u1ea3 n\u0103ng ch\u1ed1ng nhi\u1ec5u tuy\u1ec7t \u0111\u1ed1i do s\u1eed d\u1ee5ng t\u1ea7n s\u1ed1 thu ph\u00e1t 2,4 GHz v\u00e0 ch\u1ed1ng sao ch\u00e9p t\u1ea7n s\u1ed1.<br \/>\nS\u1eed d\u1ee5ng v\u1ecf v\u00e0 d\u00e2y \u0111i\u1ec7n lo\u1ea1i ch\u1ed1ng ch\u00e1y.<br \/>\nKh\u1ea3 n\u0103ng ch\u1ecbu n\u01b0\u1edbc v\u00e0 va \u0111\u1eadp m\u1ea1nh<br \/>\n\u0110\u1eb7c bi\u1ec7t \u01b0u \u0111i\u1ec3m c\u1ee7a thi\u1ebft b\u1ecb OSUNO l\u1eafp \u0111\u1eb7t r\u1ea5t \u0111\u01a1n gi\u1ea3n thu\u1eadn ti\u1ec7n (kh\u00f4ng ph\u1ea3i c\u1eaft d\u00e2y \u0111i\u1ec7n \u0111\u1ec3 \u0111\u1ea5u n\u1ed1i m\u00e0 ch\u1ec9 c\u1eafm gi\u1eafc). Kh\u00f4ng l\u00e0m \u1ea3nh h\u01b0\u1edfng t\u1edbi b\u1ed9 d\u00e2y \u0111i\u1ec7n tr\u00ean xe.<\/p>\n<ol start=\"2\">\n<li>\n<h1>\u0110I\u1ec0U KI\u1ec6N B\u1ea2O H\u00c0NH<\/h1>\n<p>M\u1ed7i s\u1ea3n ph\u1ea9m OSUNO JAPAN MH-60 \u0111\u1ec1u c\u00f3 m\u1ed9t th\u1ebb b\u1ea3o h\u00e0nh v\u1edbi s\u1ed1 Serial v\u00e0 m\u00e3 s\u1ea3n ph\u1ea9m \u0111\u00ednh k\u00e8m<br \/>\nS\u1ea3n ph\u1ea9m \u0111\u01b0\u1ee3c b\u1ea3o h\u00e0nh trong v\u00f2ng 2 n\u0103m \u0111\u1ed5i m\u1edbi t\u1ea1i \u0111\u1ea1i l\u00fd v\u00e0 nh\u00e0 ph\u00e2n ph\u1ed1i ch\u00ednh h\u00e3ng theo c\u00e1c \u0111i\u1ec1u ki\u1ec7n sau:<\/li>\n<\/ol>\n<p>\u2013\u00a0 C\u00f3 th\u1ebb b\u1ea3o h\u00e0nh, s\u1ed1 Serial tr\u00ean th\u1ebb ph\u1ea3i tr\u00f9ng v\u1edbi s\u1ed1 tr\u00ean c\u1ee5c thi\u1ebft b\u1ecb.<\/p>\n<p>\u2013\u00a0 S\u1ea3n ph\u1ea9m l\u1ed7i do nh\u00e0 s\u1ea3n xu\u1ea5t.<\/p>\n<p>\u2013\u00a0 S\u1ea3n ph\u1ea9m ph\u1ea3i c\u00f2n nguy\u00ean h\u00ecnh d\u1ea1ng, kh\u00f4ng \u0111\u01b0\u1ee3c c\u1eaft d\u00e2y \u0111i\u1ec7n.<\/p>\n<ul>\n<li>\u0110\u1ec3 k\u00edch ho\u1ea1t b\u1ea3o h\u00e0nh, so\u1ea1n tin nh\u1eafn theo c\u00fa ph\u00e1p: OSUNO&lt;D\u1ea5u c\u00e1ch&gt;&lt;M\u00e3 serial&gt;G\u1eedi 6088. V\u00ed d\u1ee5: OSUNO MH60:60012345<\/li>\n<\/ul>\n<p><em>L\u01b0u \u00fd: Khi Qu\u00fd kh\u00e1ch b\u1ecb h\u1ecfng, m\u1ea5t ho\u1eb7c mu\u1ed1n l\u00e0m th\u00eam ch\u00eca CHIP y\u00eau c\u1ea7u ph\u1ea3i c\u00f3 th\u1ebb b\u1ea3o h\u00e0nh v\u00e0 \u00edt nh\u1ea5t 01 ch\u00eca CHIP h\u00e3y li\u00ean h\u1ec7 v\u1edbi \u0111\u1ea1i l\u00fd g\u1ea7n nh\u1ea5t ho\u1eb7c HOTLINE \u0111\u1ec3 \u0111\u01b0\u1ee3c h\u1ed7 tr\u1ee3.<\/em><\/p>\n<p><a href=\"http:\/\/osuno.vn\/wp-content\/uploads\/2017\/12\/To-Roi-MH-60.pdf\">To Roi MH \u2013 60<\/a><a href=\"http:\/\/osuno.vn\/wp-content\/uploads\/2017\/12\/0001.jpg\"><img loading=\"lazy\" decoding=\"async\" class=\"alignnone size-full wp-image-1000\" src=\"http:\/\/osuno.vn\/wp-content\/uploads\/2017\/12\/0001.jpg\" alt=\"0001\" width=\"2292\" height=\"3148\" \/><\/a><a href=\"http:\/\/osuno.vn\/wp-content\/uploads\/2017\/12\/0002.jpg\"><img loading=\"lazy\" decoding=\"async\" class=\"alignnone size-full wp-image-1001\" src=\"http:\/\/osuno.vn\/wp-content\/uploads\/2017\/12\/0002.jpg\" alt=\"0002\" width=\"2292\" height=\"3148\" \/><\/a><\/p>\n","protected":false},"excerpt":{"rendered":"<p>.T\u00cdNH N\u0102NG V\u00c0 PH\u01af\u01a0NG TH\u1ee8C HO\u1ea0T \u0110\u1ed8NG C\u1ee6A CH\u00ccA KH\u00d3A TH\u00d4NG MINH Thi\u1ebft b\u1ecb ch\u1ed1ng tr\u1ed9m OSUNO JAPAN d\u00f9ng cho xe m\u00e1y \u0111\u01b0\u1ee3c s\u1ea3n xu\u1ea5t d\u1ef1a tr\u00ean c\u00f4ng ngh\u1ec7 m\u00e3 h\u00f3a \u0111\u1eb7c bi\u1ec7t v\u1edbi t\u00ednh b\u1ea3o m\u1eadt cao, c\u00e1c ch\u1ee9c n\u0103ng ho\u00e0n to\u00e0n t\u1ef1 \u0111\u1ed9ng, c\u00f4ng ngh\u1ec7 \u0111ang \u0111\u01b0\u1ee3c \u1ee9ng d\u1ee5ng cho c\u00e1c d\u00f2ng xe [&hellip;]<\/p>\n","protected":false},"featured_media":832,"template":"","meta":[],"class_list":{"0":"post-830","1":"product","2":"type-product","3":"status-publish","4":"has-post-thumbnail","6":"product_cat-phu-kien-xe-hang","8":"first","9":"instock","10":"shipping-taxable","11":"product-type-simple"},"yoast_head":"<!-- This site is optimized with the Yoast SEO plugin v19.10 - https:\/\/yoast.com\/wordpress\/plugins\/seo\/ -->\n<title>KH\u00d3A CH\u1ed0NG TR\u1ed8M XE M\u00c1Y OSUNO MH60 -<\/title>\n<meta name=\"robots\" content=\"index, follow, max-snippet:-1, max-image-preview:large, max-video-preview:-1\" \/>\n<link rel=\"canonical\" href=\"https:\/\/duyhungmotor.com\/?product=khoa-chong-trom-xe-may-osuno-mh60\" \/>\n<meta property=\"og:locale\" content=\"vi_VN\" \/>\n<meta property=\"og:type\" content=\"article\" \/>\n<meta property=\"og:title\" content=\"KH\u00d3A CH\u1ed0NG TR\u1ed8M XE M\u00c1Y OSUNO MH60 -\" \/>\n<meta property=\"og:description\" content=\".T\u00cdNH N\u0102NG V\u00c0 PH\u01af\u01a0NG TH\u1ee8C HO\u1ea0T \u0110\u1ed8NG C\u1ee6A CH\u00ccA KH\u00d3A TH\u00d4NG MINH Thi\u1ebft b\u1ecb ch\u1ed1ng tr\u1ed9m OSUNO JAPAN d\u00f9ng cho xe m\u00e1y \u0111\u01b0\u1ee3c s\u1ea3n xu\u1ea5t d\u1ef1a tr\u00ean c\u00f4ng ngh\u1ec7 m\u00e3 h\u00f3a \u0111\u1eb7c bi\u1ec7t v\u1edbi t\u00ednh b\u1ea3o m\u1eadt cao, c\u00e1c ch\u1ee9c n\u0103ng ho\u00e0n to\u00e0n t\u1ef1 \u0111\u1ed9ng, c\u00f4ng ngh\u1ec7 \u0111ang \u0111\u01b0\u1ee3c \u1ee9ng d\u1ee5ng cho c\u00e1c d\u00f2ng xe [&hellip;]\" \/>\n<meta property=\"og:url\" content=\"https:\/\/duyhungmotor.com\/?product=khoa-chong-trom-xe-may-osuno-mh60\" \/>\n<meta property=\"og:image\" content=\"https:\/\/duyhungmotor.com\/wp-content\/uploads\/2020\/11\/IMG_2825-1.jpg\" \/>\n\t<meta property=\"og:image:width\" content=\"800\" \/>\n\t<meta property=\"og:image:height\" content=\"718\" \/>\n\t<meta property=\"og:image:type\" content=\"image\/jpeg\" \/>\n<meta name=\"twitter:card\" content=\"summary_large_image\" \/>\n<meta name=\"twitter:label1\" content=\"\u01af\u1edbc t\u00ednh th\u1eddi gian \u0111\u1ecdc\" \/>\n\t<meta name=\"twitter:data1\" content=\"5 ph\u00fat\" \/>\n<script type=\"application\/ld+json\" class=\"yoast-schema-graph\">{\"@context\":\"https:\/\/schema.org\",\"@graph\":[{\"@type\":\"WebPage\",\"@id\":\"https:\/\/duyhungmotor.com\/?product=khoa-chong-trom-xe-may-osuno-mh60\",\"url\":\"https:\/\/duyhungmotor.com\/?product=khoa-chong-trom-xe-may-osuno-mh60\",\"name\":\"KH\u00d3A CH\u1ed0NG TR\u1ed8M XE M\u00c1Y OSUNO MH60 -\",\"isPartOf\":{\"@id\":\"https:\/\/duyhungmotor.com\/#website\"},\"datePublished\":\"2020-11-18T08:26:15+00:00\",\"dateModified\":\"2020-11-18T08:26:15+00:00\",\"breadcrumb\":{\"@id\":\"https:\/\/duyhungmotor.com\/?product=khoa-chong-trom-xe-may-osuno-mh60#breadcrumb\"},\"inLanguage\":\"vi\",\"potentialAction\":[{\"@type\":\"ReadAction\",\"target\":[\"https:\/\/duyhungmotor.com\/?product=khoa-chong-trom-xe-may-osuno-mh60\"]}]},{\"@type\":\"BreadcrumbList\",\"@id\":\"https:\/\/duyhungmotor.com\/?product=khoa-chong-trom-xe-may-osuno-mh60#breadcrumb\",\"itemListElement\":[{\"@type\":\"ListItem\",\"position\":1,\"name\":\"Trang ch\u1ee7\",\"item\":\"https:\/\/duyhungmotor.com\/\"},{\"@type\":\"ListItem\",\"position\":2,\"name\":\"KH\u00d3A CH\u1ed0NG TR\u1ed8M XE M\u00c1Y OSUNO MH60\"}]},{\"@type\":\"WebSite\",\"@id\":\"https:\/\/duyhungmotor.com\/#website\",\"url\":\"https:\/\/duyhungmotor.com\/\",\"name\":\"\",\"description\":\"\u0110\u1ea1i l\u00fd Xe M\u00e1y - Xe \u0110i\u1ec7n\",\"potentialAction\":[{\"@type\":\"SearchAction\",\"target\":{\"@type\":\"EntryPoint\",\"urlTemplate\":\"https:\/\/duyhungmotor.com\/?s={search_term_string}\"},\"query-input\":\"required name=search_term_string\"}],\"inLanguage\":\"vi\"}]}<\/script>\n<!-- \/ Yoast SEO plugin. -->","yoast_head_json":{"title":"KH\u00d3A CH\u1ed0NG TR\u1ed8M XE M\u00c1Y OSUNO MH60 -","robots":{"index":"index","follow":"follow","max-snippet":"max-snippet:-1","max-image-preview":"max-image-preview:large","max-video-preview":"max-video-preview:-1"},"canonical":"https:\/\/duyhungmotor.com\/?product=khoa-chong-trom-xe-may-osuno-mh60","og_locale":"vi_VN","og_type":"article","og_title":"KH\u00d3A CH\u1ed0NG TR\u1ed8M XE M\u00c1Y OSUNO MH60 -","og_description":".T\u00cdNH N\u0102NG V\u00c0 PH\u01af\u01a0NG TH\u1ee8C HO\u1ea0T \u0110\u1ed8NG C\u1ee6A CH\u00ccA KH\u00d3A TH\u00d4NG MINH Thi\u1ebft b\u1ecb ch\u1ed1ng tr\u1ed9m OSUNO JAPAN d\u00f9ng cho xe m\u00e1y \u0111\u01b0\u1ee3c s\u1ea3n xu\u1ea5t d\u1ef1a tr\u00ean c\u00f4ng ngh\u1ec7 m\u00e3 h\u00f3a \u0111\u1eb7c bi\u1ec7t v\u1edbi t\u00ednh b\u1ea3o m\u1eadt cao, c\u00e1c ch\u1ee9c n\u0103ng ho\u00e0n to\u00e0n t\u1ef1 \u0111\u1ed9ng, c\u00f4ng ngh\u1ec7 \u0111ang \u0111\u01b0\u1ee3c \u1ee9ng d\u1ee5ng cho c\u00e1c d\u00f2ng xe [&hellip;]","og_url":"https:\/\/duyhungmotor.com\/?product=khoa-chong-trom-xe-may-osuno-mh60","og_image":[{"width":800,"height":718,"url":"https:\/\/duyhungmotor.com\/wp-content\/uploads\/2020\/11\/IMG_2825-1.jpg","type":"image\/jpeg"}],"twitter_card":"summary_large_image","twitter_misc":{"\u01af\u1edbc t\u00ednh th\u1eddi gian \u0111\u1ecdc":"5 ph\u00fat"},"schema":{"@context":"https:\/\/schema.org","@graph":[{"@type":"WebPage","@id":"https:\/\/duyhungmotor.com\/?product=khoa-chong-trom-xe-may-osuno-mh60","url":"https:\/\/duyhungmotor.com\/?product=khoa-chong-trom-xe-may-osuno-mh60","name":"KH\u00d3A CH\u1ed0NG TR\u1ed8M XE M\u00c1Y OSUNO MH60 -","isPartOf":{"@id":"https:\/\/duyhungmotor.com\/#website"},"datePublished":"2020-11-18T08:26:15+00:00","dateModified":"2020-11-18T08:26:15+00:00","breadcrumb":{"@id":"https:\/\/duyhungmotor.com\/?product=khoa-chong-trom-xe-may-osuno-mh60#breadcrumb"},"inLanguage":"vi","potentialAction":[{"@type":"ReadAction","target":["https:\/\/duyhungmotor.com\/?product=khoa-chong-trom-xe-may-osuno-mh60"]}]},{"@type":"BreadcrumbList","@id":"https:\/\/duyhungmotor.com\/?product=khoa-chong-trom-xe-may-osuno-mh60#breadcrumb","itemListElement":[{"@type":"ListItem","position":1,"name":"Trang ch\u1ee7","item":"https:\/\/duyhungmotor.com\/"},{"@type":"ListItem","position":2,"name":"KH\u00d3A CH\u1ed0NG TR\u1ed8M XE M\u00c1Y OSUNO MH60"}]},{"@type":"WebSite","@id":"https:\/\/duyhungmotor.com\/#website","url":"https:\/\/duyhungmotor.com\/","name":"","description":"\u0110\u1ea1i l\u00fd Xe M\u00e1y - Xe \u0110i\u1ec7n","potentialAction":[{"@type":"SearchAction","target":{"@type":"EntryPoint","urlTemplate":"https:\/\/duyhungmotor.com\/?s={search_term_string}"},"query-input":"required name=search_term_string"}],"inLanguage":"vi"}]}},"_links":{"self":[{"href":"https:\/\/duyhungmotor.com\/index.php?rest_route=\/wp\/v2\/product\/830","targetHints":{"allow":["GET"]}}],"collection":[{"href":"https:\/\/duyhungmotor.com\/index.php?rest_route=\/wp\/v2\/product"}],"about":[{"href":"https:\/\/duyhungmotor.com\/index.php?rest_route=\/wp\/v2\/types\/product"}],"wp:featuredmedia":[{"embeddable":true,"href":"https:\/\/duyhungmotor.com\/index.php?rest_route=\/wp\/v2\/media\/832"}],"wp:attachment":[{"href":"https:\/\/duyhungmotor.com\/index.php?rest_route=%2Fwp%2Fv2%2Fmedia&parent=830"}],"curies":[{"name":"wp","href":"https:\/\/api.w.org\/{rel}","templated":true}]}}