{"id":806,"date":"2020-11-18T14:58:05","date_gmt":"2020-11-18T07:58:05","guid":{"rendered":"http:\/\/duyhungmotor.com\/?post_type=product&#038;p=806"},"modified":"2020-11-27T00:59:44","modified_gmt":"2020-11-26T17:59:44","slug":"espero-50c2","status":"publish","type":"product","link":"https:\/\/duyhungmotor.com\/?product=espero-50c2","title":{"rendered":"ESPERO 50C2"},"content":{"rendered":"<table>\n<tbody>\n<tr>\n<td><b>Tr\u1ecdng l\u01b0\u1ee3ng b\u1ea3n th\u00e2n<\/b><\/td>\n<td>90 Kg<\/td>\n<\/tr>\n<tr>\n<td><b>D\u00e0i x R\u1ed9ng x Cao<\/b><\/td>\n<td>1900mm x 660mm x 1040mm<\/td>\n<\/tr>\n<tr>\n<td><b>Chi\u1ec1u d\u00e0i c\u01a1 s\u1edf<\/b><\/td>\n<td>1.200mm<\/td>\n<\/tr>\n<tr>\n<td><b>\u0110\u1ed9 cao c\u1ee7a y\u00ean<\/b><\/td>\n<td>660mm<\/td>\n<\/tr>\n<tr>\n<td><b>Dung t\u00edch b\u00ecnh x\u0103ng<\/b><\/td>\n<td>4,5 l\u00edt<\/td>\n<\/tr>\n<tr>\n<td><b>C\u1ee1 l\u1ed1p tr\u01b0\u1edbc\/sau<\/b><\/td>\n<td>Tr\u01b0\u1edbc 70\/90 &#8211; 17 \/ Sau 80\/90 &#8211; 17<\/td>\n<\/tr>\n<tr>\n<td><b>Phu\u1ed9c tr\u01b0\u1edbc<\/b><\/td>\n<td>\u1ed0ng l\u1ed3ng gi\u1ea3m ch\u1ea5n th\u1ee7y l\u1ef1c<\/td>\n<\/tr>\n<tr>\n<td><b>Phu\u1ed9c sau<\/b><\/td>\n<td>L\u00f2 xo tr\u1ee5 gi\u1ea3m ch\u1ea5n th\u1ee7y l\u1ef1c<\/td>\n<\/tr>\n<tr>\n<td><b>Lo\u1ea1i \u0111\u1ed9ng c\u01a1<\/b><\/td>\n<td>X\u0103ng 4 k\u1ef3, 1 xi lanh l\u00e0m m\u00e1t b\u1eb1ng kh\u00f4ng kh\u00ed<\/td>\n<\/tr>\n<tr>\n<td><b>Dung t\u00edch xi lanh<\/b><\/td>\n<td>49,5 cm3<\/td>\n<\/tr>\n<tr>\n<td><b>C\u00f4ng su\u1ea5t t\u1ed1i \u0111a<\/b><\/td>\n<td>2,2kw-7500 v\u00f2ng\/ph\u00fat<\/td>\n<\/tr>\n<tr>\n<td><b>Dung t\u00edch nh\u1edbt m\u00e1y<\/b><\/td>\n<td>1,0 l\u00edt khi r\u00e3 m\u00e1y\/0,8 l\u00edt khi thay nh\u1edbt<\/td>\n<\/tr>\n<tr>\n<td><b>H\u1ec7 th\u1ed1ng kh\u1edfi \u0111\u1ed9ng<\/b><\/td>\n<td>\u0110i\u1ec7n\/\u0110\u1ea1p ch\u00e2n<\/td>\n<\/tr>\n<\/tbody>\n<\/table>\n","protected":false},"excerpt":{"rendered":"<ul>\n<li>B\u1ea3o h\u00e0nh \u0110\u1ed8NG C\u01a0 : B\u1ea3o h\u00e0nh 12 th\u00e1ng.<\/li>\n<li>B\u1ea3o h\u00e0nh KHUNG xe tay l\u00e1i : 24 th\u00e1ng.<\/li>\n<\/ul>\n<h4><span style=\"color: #ff0000;\"><strong>Khuy\u1ebfn m\u1ea1i<\/strong><\/span><\/h4>\n<ul>\n<li>Qu\u00e0 khuy\u1ebfn m\u1ea1i : Giao h\u00e0ng mi\u1ec5n ph\u00ed trong 30km<\/li>\n<li>M\u0169 b\u1ea3o hi\u1ec3m \u0111\u1ea1t chu\u1ea9n \u00c1o m\u01b0a \u0111\u1ea1t chu\u1ea9n<\/li>\n<li>B\u1ea3o hi\u1ec3m d\u00e2n s\u1ef1 1 n\u0103m<\/li>\n<li>B\u1ed9 b\u1ea3o v\u1ec7 , m\u00f3c h\u00e0ng , c\u00f2i ch\u00edp<\/li>\n<li>Gi\u1ecf xe (n\u1ebfu c\u00f3)<\/li>\n<li>Y\u00ean ph\u1ee5 (n\u1ebfu c\u00f3)<\/li>\n<\/ul>\n","protected":false},"featured_media":811,"template":"","meta":[],"class_list":{"0":"post-806","1":"product","2":"type-product","3":"status-publish","4":"has-post-thumbnail","6":"product_cat-detech","8":"first","9":"instock","10":"shipping-taxable","11":"product-type-simple"},"yoast_head":"<!-- This site is optimized with the Yoast SEO plugin v19.10 - https:\/\/yoast.com\/wordpress\/plugins\/seo\/ -->\n<title>ESPERO 50C2 -<\/title>\n<meta name=\"robots\" content=\"index, follow, max-snippet:-1, max-image-preview:large, max-video-preview:-1\" \/>\n<link rel=\"canonical\" href=\"https:\/\/duyhungmotor.com\/?product=espero-50c2\" \/>\n<meta property=\"og:locale\" content=\"vi_VN\" \/>\n<meta property=\"og:type\" content=\"article\" \/>\n<meta property=\"og:title\" content=\"ESPERO 50C2 -\" \/>\n<meta property=\"og:description\" content=\"B\u1ea3o h\u00e0nh \u0110\u1ed8NG C\u01a0 : B\u1ea3o h\u00e0nh 12 th\u00e1ng.  B\u1ea3o h\u00e0nh KHUNG xe tay l\u00e1i : 24 th\u00e1ng.  Khuy\u1ebfn m\u1ea1i   Qu\u00e0 khuy\u1ebfn m\u1ea1i : Giao h\u00e0ng mi\u1ec5n ph\u00ed trong 30km  M\u0169 b\u1ea3o hi\u1ec3m \u0111\u1ea1t chu\u1ea9n \u00c1o m\u01b0a \u0111\u1ea1t chu\u1ea9n  B\u1ea3o hi\u1ec3m d\u00e2n s\u1ef1 1 n\u0103m  B\u1ed9 b\u1ea3o v\u1ec7 , m\u00f3c h\u00e0ng , c\u00f2i ch\u00edp  Gi\u1ecf xe (n\u1ebfu c\u00f3)  Y\u00ean ph\u1ee5 (n\u1ebfu c\u00f3)\" \/>\n<meta property=\"og:url\" content=\"https:\/\/duyhungmotor.com\/?product=espero-50c2\" \/>\n<meta property=\"article:modified_time\" content=\"2020-11-26T17:59:44+00:00\" \/>\n<meta property=\"og:image\" content=\"https:\/\/duyhungmotor.com\/wp-content\/uploads\/2020\/11\/1652018113740Si_Xanh-Den.png\" \/>\n\t<meta property=\"og:image:width\" content=\"600\" \/>\n\t<meta property=\"og:image:height\" content=\"400\" \/>\n\t<meta property=\"og:image:type\" content=\"image\/png\" \/>\n<meta name=\"twitter:card\" content=\"summary_large_image\" \/>\n<meta name=\"twitter:label1\" content=\"\u01af\u1edbc t\u00ednh th\u1eddi gian \u0111\u1ecdc\" \/>\n\t<meta name=\"twitter:data1\" content=\"1 ph\u00fat\" \/>\n<script type=\"application\/ld+json\" class=\"yoast-schema-graph\">{\"@context\":\"https:\/\/schema.org\",\"@graph\":[{\"@type\":\"WebPage\",\"@id\":\"https:\/\/duyhungmotor.com\/?product=espero-50c2\",\"url\":\"https:\/\/duyhungmotor.com\/?product=espero-50c2\",\"name\":\"ESPERO 50C2 -\",\"isPartOf\":{\"@id\":\"https:\/\/duyhungmotor.com\/#website\"},\"datePublished\":\"2020-11-18T07:58:05+00:00\",\"dateModified\":\"2020-11-26T17:59:44+00:00\",\"breadcrumb\":{\"@id\":\"https:\/\/duyhungmotor.com\/?product=espero-50c2#breadcrumb\"},\"inLanguage\":\"vi\",\"potentialAction\":[{\"@type\":\"ReadAction\",\"target\":[\"https:\/\/duyhungmotor.com\/?product=espero-50c2\"]}]},{\"@type\":\"BreadcrumbList\",\"@id\":\"https:\/\/duyhungmotor.com\/?product=espero-50c2#breadcrumb\",\"itemListElement\":[{\"@type\":\"ListItem\",\"position\":1,\"name\":\"Trang ch\u1ee7\",\"item\":\"https:\/\/duyhungmotor.com\/\"},{\"@type\":\"ListItem\",\"position\":2,\"name\":\"ESPERO 50C2\"}]},{\"@type\":\"WebSite\",\"@id\":\"https:\/\/duyhungmotor.com\/#website\",\"url\":\"https:\/\/duyhungmotor.com\/\",\"name\":\"\",\"description\":\"\u0110\u1ea1i l\u00fd Xe M\u00e1y - Xe \u0110i\u1ec7n\",\"potentialAction\":[{\"@type\":\"SearchAction\",\"target\":{\"@type\":\"EntryPoint\",\"urlTemplate\":\"https:\/\/duyhungmotor.com\/?s={search_term_string}\"},\"query-input\":\"required name=search_term_string\"}],\"inLanguage\":\"vi\"}]}<\/script>\n<!-- \/ Yoast SEO plugin. -->","yoast_head_json":{"title":"ESPERO 50C2 -","robots":{"index":"index","follow":"follow","max-snippet":"max-snippet:-1","max-image-preview":"max-image-preview:large","max-video-preview":"max-video-preview:-1"},"canonical":"https:\/\/duyhungmotor.com\/?product=espero-50c2","og_locale":"vi_VN","og_type":"article","og_title":"ESPERO 50C2 -","og_description":"B\u1ea3o h\u00e0nh \u0110\u1ed8NG C\u01a0 : B\u1ea3o h\u00e0nh 12 th\u00e1ng.  B\u1ea3o h\u00e0nh KHUNG xe tay l\u00e1i : 24 th\u00e1ng.  Khuy\u1ebfn m\u1ea1i   Qu\u00e0 khuy\u1ebfn m\u1ea1i : Giao h\u00e0ng mi\u1ec5n ph\u00ed trong 30km  M\u0169 b\u1ea3o hi\u1ec3m \u0111\u1ea1t chu\u1ea9n \u00c1o m\u01b0a \u0111\u1ea1t chu\u1ea9n  B\u1ea3o hi\u1ec3m d\u00e2n s\u1ef1 1 n\u0103m  B\u1ed9 b\u1ea3o v\u1ec7 , m\u00f3c h\u00e0ng , c\u00f2i ch\u00edp  Gi\u1ecf xe (n\u1ebfu c\u00f3)  Y\u00ean ph\u1ee5 (n\u1ebfu c\u00f3)","og_url":"https:\/\/duyhungmotor.com\/?product=espero-50c2","article_modified_time":"2020-11-26T17:59:44+00:00","og_image":[{"width":600,"height":400,"url":"https:\/\/duyhungmotor.com\/wp-content\/uploads\/2020\/11\/1652018113740Si_Xanh-Den.png","type":"image\/png"}],"twitter_card":"summary_large_image","twitter_misc":{"\u01af\u1edbc t\u00ednh th\u1eddi gian \u0111\u1ecdc":"1 ph\u00fat"},"schema":{"@context":"https:\/\/schema.org","@graph":[{"@type":"WebPage","@id":"https:\/\/duyhungmotor.com\/?product=espero-50c2","url":"https:\/\/duyhungmotor.com\/?product=espero-50c2","name":"ESPERO 50C2 -","isPartOf":{"@id":"https:\/\/duyhungmotor.com\/#website"},"datePublished":"2020-11-18T07:58:05+00:00","dateModified":"2020-11-26T17:59:44+00:00","breadcrumb":{"@id":"https:\/\/duyhungmotor.com\/?product=espero-50c2#breadcrumb"},"inLanguage":"vi","potentialAction":[{"@type":"ReadAction","target":["https:\/\/duyhungmotor.com\/?product=espero-50c2"]}]},{"@type":"BreadcrumbList","@id":"https:\/\/duyhungmotor.com\/?product=espero-50c2#breadcrumb","itemListElement":[{"@type":"ListItem","position":1,"name":"Trang ch\u1ee7","item":"https:\/\/duyhungmotor.com\/"},{"@type":"ListItem","position":2,"name":"ESPERO 50C2"}]},{"@type":"WebSite","@id":"https:\/\/duyhungmotor.com\/#website","url":"https:\/\/duyhungmotor.com\/","name":"","description":"\u0110\u1ea1i l\u00fd Xe M\u00e1y - Xe \u0110i\u1ec7n","potentialAction":[{"@type":"SearchAction","target":{"@type":"EntryPoint","urlTemplate":"https:\/\/duyhungmotor.com\/?s={search_term_string}"},"query-input":"required name=search_term_string"}],"inLanguage":"vi"}]}},"_links":{"self":[{"href":"https:\/\/duyhungmotor.com\/index.php?rest_route=\/wp\/v2\/product\/806","targetHints":{"allow":["GET"]}}],"collection":[{"href":"https:\/\/duyhungmotor.com\/index.php?rest_route=\/wp\/v2\/product"}],"about":[{"href":"https:\/\/duyhungmotor.com\/index.php?rest_route=\/wp\/v2\/types\/product"}],"wp:featuredmedia":[{"embeddable":true,"href":"https:\/\/duyhungmotor.com\/index.php?rest_route=\/wp\/v2\/media\/811"}],"wp:attachment":[{"href":"https:\/\/duyhungmotor.com\/index.php?rest_route=%2Fwp%2Fv2%2Fmedia&parent=806"}],"curies":[{"name":"wp","href":"https:\/\/api.w.org\/{rel}","templated":true}]}}