{"id":756,"date":"2020-11-18T11:18:34","date_gmt":"2020-11-18T04:18:34","guid":{"rendered":"http:\/\/duyhungmotor.com\/?post_type=product&#038;p=756"},"modified":"2020-11-18T11:18:34","modified_gmt":"2020-11-18T04:18:34","slug":"star-sr-170-abs","status":"publish","type":"product","link":"https:\/\/duyhungmotor.com\/?product=star-sr-170-abs","title":{"rendered":"Star SR 170 (ABS)"},"content":{"rendered":"<section class=\"content-sym\">\n<div class=\"box-index box-detail\">\n<div class=\"container\">\n<div class=\"fleft w100per posrelative\">\n<div class=\"fleft w100per box-detail-products\">\n<div class=\"head\">\n<div class=\"title\"><span class=\"t-first\">TH\u00d4NG S\u1ed0<\/span><span class=\"t-last\">K\u1ef8 THU\u1eacT<\/span><\/div>\n<\/div>\n<div class=\"content\">\n<table border=\"1\" cellspacing=\"0\" cellpadding=\"0\">\n<tbody>\n<tr>\n<td>\u00a0 Model<\/td>\n<td>\u00a0 \u00a0 STAR SR 170<\/td>\n<\/tr>\n<tr>\n<td>\u00a0 D\u00e0i \u2013 R\u1ed9ng \u2013 Cao<\/td>\n<td>\u00a0 2000 \u2013 720 \u2013 1115mm<\/td>\n<\/tr>\n<tr>\n<td>\u00a0 Kho\u1ea3ng c\u00e1ch tr\u1ee5c<\/td>\n<td>\u00a0 1305mm<\/td>\n<\/tr>\n<tr>\n<td>\u00a0 Kho\u1ea3ng c\u00e1ch g\u1ea7m<\/td>\n<td>\u00a0 125mm<\/td>\n<\/tr>\n<tr>\n<td>\u00a0 Tr\u1ecdng l\u01b0\u1ee3ng kh\u00f4<\/td>\n<td>\u00a0 130kg<\/td>\n<\/tr>\n<tr>\n<td>\u00a0 \u0110\u1ed9ng c\u01a1<\/td>\n<td>\u00a0 4 th\u00ec (S.O.H.C)<\/td>\n<\/tr>\n<tr>\n<td>\u00a0 \u0110\u01b0\u1eddng k\u00ednh v\u00e0 h\u00e0nh tr\u00ecnh piston<\/td>\n<td>\u00a0 63.5&#215;55.1mm<\/td>\n<\/tr>\n<tr>\n<td>\u00a0 Ph\u00e2n kh\u1ed1i<\/td>\n<td>\u00a0 174.5cc<\/td>\n<\/tr>\n<tr>\n<td>\u00a0 H\u1ec7 th\u1ed1ng l\u00e0m m\u00e1t<\/td>\n<td>\u00a0 dung d\u1ecbch<\/td>\n<\/tr>\n<tr>\n<td>\u00a0 Nhi\u00ean li\u1ec7u s\u1eed d\u1ee5ng<\/td>\n<td>\u00a0 X\u0103ng kh\u00f4ng ch\u00ec (tr\u00ean A92)<\/td>\n<\/tr>\n<tr>\n<td>\u00a0 Dung t\u00edch b\u00ecnh x\u0103ng<\/td>\n<td>\u00a0 6.5L<\/td>\n<\/tr>\n<tr>\n<td>\u00a0 T\u1ef3 s\u1ed1 n\u00e9n<\/td>\n<td>\u00a0 10.6.1<\/td>\n<\/tr>\n<tr>\n<td>\u00a0 C\u00f4ng su\u1ea5t t\u1ed1i \u0111a<\/td>\n<td>\u00a0 11.2kw\/8.500rpm<\/td>\n<\/tr>\n<tr>\n<td>\u00a0 Momen c\u1ef1c \u0111\u1ea1i<\/td>\n<td>\u00a0 13.6Nm\/7.500rpm<\/td>\n<\/tr>\n<tr>\n<td>\u00a0 H\u1ec7 th\u1ed1ng kh\u1edfi \u0111\u1ed9ng<\/td>\n<td>\u00a0 \u0111\u1ec1<\/td>\n<\/tr>\n<tr>\n<td>\u00a0 H\u1ec7 th\u1ed1ng truy\u1ec1n \u0111\u1ed9ng<\/td>\n<td>\u00a0 6 s\u1ed1 (1-N-2-3-4-5-6)<\/td>\n<\/tr>\n<tr>\n<td>\u00a0 Th\u1eafng tr\u01b0\u1edbc<\/td>\n<td>\u00a0 \u0111\u0129a (ABS)<\/td>\n<\/tr>\n<tr>\n<td>\u00a0 Th\u1eafng sau<\/td>\n<td>\u00a0 \u0111\u0129a<\/td>\n<\/tr>\n<tr>\n<td>\u00a0 V\u1ecf\/l\u1ed1p tr\u01b0\u1edbc<\/td>\n<td>\u00a0 90\/80-17<\/td>\n<\/tr>\n<tr>\n<td>\u00a0 V\u1ecf\/l\u1ed1p sau<\/td>\n<td>\u00a0 120\/70-17<\/td>\n<\/tr>\n<tr>\n<td>\u00a0 \u0110\u00e8n pha<\/td>\n<td>\u00a0 12V\/35W<\/td>\n<\/tr>\n<tr>\n<td>\u00a0 \u0110\u00e8n \u0111\u1ecbnh v\u1ecb<\/td>\n<td>\u00a0 LED<\/td>\n<\/tr>\n<tr>\n<td>\u00a0 \u0110\u00e8n th\u1eafng<\/td>\n<td>\u00a0 LED<\/td>\n<\/tr>\n<tr>\n<td>\u00a0 \u0110\u00e8n signal (tr\u01b0\u1edbc, sau)<\/td>\n<td>\u00a0 LED<\/td>\n<\/tr>\n<tr>\n<td>&nbsp;<\/td>\n<td>&nbsp;<\/td>\n<\/tr>\n<\/tbody>\n<\/table>\n<\/div>\n<\/div>\n<div class=\"fleft w100per box-detail-products pos-link-scroll-last\"><\/div>\n<\/div>\n<\/div>\n<\/div>\n<\/section>\n<footer>\n<div class=\"box-ft-top\">\n<div class=\"container\">\n<div class=\"footer-mail col fhd-6  col-lg-6 col-md-6 col-sm-6 col-xs-12\"><\/div>\n<\/div>\n<\/div>\n<\/footer>\n","protected":false},"excerpt":{"rendered":"<p>TH\u00d4NG S\u1ed0K\u1ef8 THU\u1eacT \u00a0 Model \u00a0 \u00a0 STAR SR 170 \u00a0 D\u00e0i \u2013 R\u1ed9ng \u2013 Cao \u00a0 2000 \u2013 720 \u2013 1115mm \u00a0 Kho\u1ea3ng c\u00e1ch tr\u1ee5c \u00a0 1305mm \u00a0 Kho\u1ea3ng c\u00e1ch g\u1ea7m \u00a0 125mm \u00a0 Tr\u1ecdng l\u01b0\u1ee3ng kh\u00f4 \u00a0 130kg \u00a0 \u0110\u1ed9ng c\u01a1 \u00a0 4 th\u00ec (S.O.H.C) \u00a0 \u0110\u01b0\u1eddng k\u00ednh v\u00e0 h\u00e0nh tr\u00ecnh piston \u00a0 [&hellip;]<\/p>\n","protected":false},"featured_media":757,"template":"","meta":[],"class_list":{"0":"post-756","1":"product","2":"type-product","3":"status-publish","4":"has-post-thumbnail","6":"product_cat-xe-may-sym","8":"first","9":"instock","10":"shipping-taxable","11":"product-type-simple"},"yoast_head":"<!-- This site is optimized with the Yoast SEO plugin v19.10 - https:\/\/yoast.com\/wordpress\/plugins\/seo\/ -->\n<title>Star SR 170 (ABS) -<\/title>\n<meta name=\"robots\" content=\"index, follow, max-snippet:-1, max-image-preview:large, max-video-preview:-1\" \/>\n<link rel=\"canonical\" href=\"https:\/\/duyhungmotor.com\/?product=star-sr-170-abs\" \/>\n<meta property=\"og:locale\" content=\"vi_VN\" \/>\n<meta property=\"og:type\" content=\"article\" \/>\n<meta property=\"og:title\" content=\"Star SR 170 (ABS) -\" \/>\n<meta property=\"og:description\" content=\"TH\u00d4NG S\u1ed0K\u1ef8 THU\u1eacT \u00a0 Model \u00a0 \u00a0 STAR SR 170 \u00a0 D\u00e0i \u2013 R\u1ed9ng \u2013 Cao \u00a0 2000 \u2013 720 \u2013 1115mm \u00a0 Kho\u1ea3ng c\u00e1ch tr\u1ee5c \u00a0 1305mm \u00a0 Kho\u1ea3ng c\u00e1ch g\u1ea7m \u00a0 125mm \u00a0 Tr\u1ecdng l\u01b0\u1ee3ng kh\u00f4 \u00a0 130kg \u00a0 \u0110\u1ed9ng c\u01a1 \u00a0 4 th\u00ec (S.O.H.C) \u00a0 \u0110\u01b0\u1eddng k\u00ednh v\u00e0 h\u00e0nh tr\u00ecnh piston \u00a0 [&hellip;]\" \/>\n<meta property=\"og:url\" content=\"https:\/\/duyhungmotor.com\/?product=star-sr-170-abs\" \/>\n<meta property=\"og:image\" content=\"https:\/\/duyhungmotor.com\/wp-content\/uploads\/2020\/11\/61_400_1545035511.png\" \/>\n\t<meta property=\"og:image:width\" content=\"800\" \/>\n\t<meta property=\"og:image:height\" content=\"800\" \/>\n\t<meta property=\"og:image:type\" content=\"image\/png\" \/>\n<meta name=\"twitter:card\" content=\"summary_large_image\" \/>\n<meta name=\"twitter:label1\" content=\"\u01af\u1edbc t\u00ednh th\u1eddi gian \u0111\u1ecdc\" \/>\n\t<meta name=\"twitter:data1\" content=\"1 ph\u00fat\" \/>\n<script type=\"application\/ld+json\" class=\"yoast-schema-graph\">{\"@context\":\"https:\/\/schema.org\",\"@graph\":[{\"@type\":\"WebPage\",\"@id\":\"https:\/\/duyhungmotor.com\/?product=star-sr-170-abs\",\"url\":\"https:\/\/duyhungmotor.com\/?product=star-sr-170-abs\",\"name\":\"Star SR 170 (ABS) -\",\"isPartOf\":{\"@id\":\"https:\/\/duyhungmotor.com\/#website\"},\"datePublished\":\"2020-11-18T04:18:34+00:00\",\"dateModified\":\"2020-11-18T04:18:34+00:00\",\"breadcrumb\":{\"@id\":\"https:\/\/duyhungmotor.com\/?product=star-sr-170-abs#breadcrumb\"},\"inLanguage\":\"vi\",\"potentialAction\":[{\"@type\":\"ReadAction\",\"target\":[\"https:\/\/duyhungmotor.com\/?product=star-sr-170-abs\"]}]},{\"@type\":\"BreadcrumbList\",\"@id\":\"https:\/\/duyhungmotor.com\/?product=star-sr-170-abs#breadcrumb\",\"itemListElement\":[{\"@type\":\"ListItem\",\"position\":1,\"name\":\"Trang ch\u1ee7\",\"item\":\"https:\/\/duyhungmotor.com\/\"},{\"@type\":\"ListItem\",\"position\":2,\"name\":\"Star SR 170 (ABS)\"}]},{\"@type\":\"WebSite\",\"@id\":\"https:\/\/duyhungmotor.com\/#website\",\"url\":\"https:\/\/duyhungmotor.com\/\",\"name\":\"\",\"description\":\"\u0110\u1ea1i l\u00fd Xe M\u00e1y - Xe \u0110i\u1ec7n\",\"potentialAction\":[{\"@type\":\"SearchAction\",\"target\":{\"@type\":\"EntryPoint\",\"urlTemplate\":\"https:\/\/duyhungmotor.com\/?s={search_term_string}\"},\"query-input\":\"required name=search_term_string\"}],\"inLanguage\":\"vi\"}]}<\/script>\n<!-- \/ Yoast SEO plugin. -->","yoast_head_json":{"title":"Star SR 170 (ABS) -","robots":{"index":"index","follow":"follow","max-snippet":"max-snippet:-1","max-image-preview":"max-image-preview:large","max-video-preview":"max-video-preview:-1"},"canonical":"https:\/\/duyhungmotor.com\/?product=star-sr-170-abs","og_locale":"vi_VN","og_type":"article","og_title":"Star SR 170 (ABS) -","og_description":"TH\u00d4NG S\u1ed0K\u1ef8 THU\u1eacT \u00a0 Model \u00a0 \u00a0 STAR SR 170 \u00a0 D\u00e0i \u2013 R\u1ed9ng \u2013 Cao \u00a0 2000 \u2013 720 \u2013 1115mm \u00a0 Kho\u1ea3ng c\u00e1ch tr\u1ee5c \u00a0 1305mm \u00a0 Kho\u1ea3ng c\u00e1ch g\u1ea7m \u00a0 125mm \u00a0 Tr\u1ecdng l\u01b0\u1ee3ng kh\u00f4 \u00a0 130kg \u00a0 \u0110\u1ed9ng c\u01a1 \u00a0 4 th\u00ec (S.O.H.C) \u00a0 \u0110\u01b0\u1eddng k\u00ednh v\u00e0 h\u00e0nh tr\u00ecnh piston \u00a0 [&hellip;]","og_url":"https:\/\/duyhungmotor.com\/?product=star-sr-170-abs","og_image":[{"width":800,"height":800,"url":"https:\/\/duyhungmotor.com\/wp-content\/uploads\/2020\/11\/61_400_1545035511.png","type":"image\/png"}],"twitter_card":"summary_large_image","twitter_misc":{"\u01af\u1edbc t\u00ednh th\u1eddi gian \u0111\u1ecdc":"1 ph\u00fat"},"schema":{"@context":"https:\/\/schema.org","@graph":[{"@type":"WebPage","@id":"https:\/\/duyhungmotor.com\/?product=star-sr-170-abs","url":"https:\/\/duyhungmotor.com\/?product=star-sr-170-abs","name":"Star SR 170 (ABS) -","isPartOf":{"@id":"https:\/\/duyhungmotor.com\/#website"},"datePublished":"2020-11-18T04:18:34+00:00","dateModified":"2020-11-18T04:18:34+00:00","breadcrumb":{"@id":"https:\/\/duyhungmotor.com\/?product=star-sr-170-abs#breadcrumb"},"inLanguage":"vi","potentialAction":[{"@type":"ReadAction","target":["https:\/\/duyhungmotor.com\/?product=star-sr-170-abs"]}]},{"@type":"BreadcrumbList","@id":"https:\/\/duyhungmotor.com\/?product=star-sr-170-abs#breadcrumb","itemListElement":[{"@type":"ListItem","position":1,"name":"Trang ch\u1ee7","item":"https:\/\/duyhungmotor.com\/"},{"@type":"ListItem","position":2,"name":"Star SR 170 (ABS)"}]},{"@type":"WebSite","@id":"https:\/\/duyhungmotor.com\/#website","url":"https:\/\/duyhungmotor.com\/","name":"","description":"\u0110\u1ea1i l\u00fd Xe M\u00e1y - Xe \u0110i\u1ec7n","potentialAction":[{"@type":"SearchAction","target":{"@type":"EntryPoint","urlTemplate":"https:\/\/duyhungmotor.com\/?s={search_term_string}"},"query-input":"required name=search_term_string"}],"inLanguage":"vi"}]}},"_links":{"self":[{"href":"https:\/\/duyhungmotor.com\/index.php?rest_route=\/wp\/v2\/product\/756","targetHints":{"allow":["GET"]}}],"collection":[{"href":"https:\/\/duyhungmotor.com\/index.php?rest_route=\/wp\/v2\/product"}],"about":[{"href":"https:\/\/duyhungmotor.com\/index.php?rest_route=\/wp\/v2\/types\/product"}],"wp:featuredmedia":[{"embeddable":true,"href":"https:\/\/duyhungmotor.com\/index.php?rest_route=\/wp\/v2\/media\/757"}],"wp:attachment":[{"href":"https:\/\/duyhungmotor.com\/index.php?rest_route=%2Fwp%2Fv2%2Fmedia&parent=756"}],"curies":[{"name":"wp","href":"https:\/\/api.w.org\/{rel}","templated":true}]}}