{"id":750,"date":"2020-11-18T11:01:32","date_gmt":"2020-11-18T04:01:32","guid":{"rendered":"http:\/\/duyhungmotor.com\/?post_type=product&#038;p=750"},"modified":"2020-11-18T11:01:33","modified_gmt":"2020-11-18T04:01:33","slug":"elegant-ii-100","status":"publish","type":"product","link":"https:\/\/duyhungmotor.com\/?product=elegant-ii-100","title":{"rendered":"Elegant II 100"},"content":{"rendered":"<div class=\"fleft w100per box-detail-products\">\n<div class=\"head\">\n<div class=\"title\" style=\"text-align: center;\"><span class=\"t-first\">\u0110\u1eb6C T\u00cdNH<\/span><span class=\"t-last\">K\u1ef8 THU\u1eacT<\/span><\/div>\n<\/div>\n<div class=\"clear\" style=\"text-align: center;\"><\/div>\n<div class=\"content\" style=\"text-align: center;\">\n<div id=\"slider2_container\">\n<div>\n<div class=\"\">\n<div class=\"slides\"><\/div>\n<div class=\"slides\">\n<div><\/div>\n<div class=\"slides-child\">\n<div class=\"box-jssor-product\"><img decoding=\"async\" class=\"i-img\" src=\"http:\/\/www.sym.com.vn\/images\/products\/specs\/33_1484905006.jpg\" \/><\/p>\n<div class=\"i-box\"><span class=\"fleft w100per detail-title\">M\u1eb7t n\u1ea1 xe \u1ea5n t\u01b0\u1ee3ng<\/span><span class=\"fleft w100per detail-content\">\u0110\u00e8n signal \u0111\u1eb7t \u1edf v\u1ecb tr\u00ed hai b\u00ean m\u1eb7t n\u1ea1, k\u1ebft h\u1ee3p v\u1edbi logo SYM v\u00e0 h\u1ecda ti\u1ebft tem, t\u1ea1o cho xe m\u1ed9t di\u1ec7n m\u1ea1o m\u1edbi \u0111\u1eb9p h\u01a1n.<\/span><\/div>\n<\/div>\n<p><img decoding=\"async\" src=\"http:\/\/www.sym.com.vn\/images\/products\/specs\/33_1484905006.jpg\" \/><\/div>\n<div class=\"slides-child\">\n<div class=\"box-jssor-product\"><img decoding=\"async\" class=\"i-img\" src=\"http:\/\/www.sym.com.vn\/images\/products\/specs\/33_1484905051.jpg\" \/><\/p>\n<div class=\"i-box\"><span class=\"fleft w100per detail-title\">\u1ed0ng p\u00f4 th\u1ec3 thao<\/span><span class=\"fleft w100per detail-content\">\u1ed0ng p\u00f4 thi\u1ebft k\u1ebf m\u1edbi d\u00e1ng th\u1ec3 thao, t\u0103ng v\u1ebb \u0111\u1eb9p v\u00e0 m\u1ea1nh m\u1ebd cho xe.<\/span><\/div>\n<\/div>\n<p><img decoding=\"async\" src=\"http:\/\/www.sym.com.vn\/images\/products\/specs\/33_1484905051.jpg\" \/><\/div>\n<div class=\"slides-child\">\n<div class=\"box-jssor-product\"><img decoding=\"async\" class=\"i-img\" src=\"http:\/\/www.sym.com.vn\/images\/products\/specs\/33_1484905096.jpg\" \/><\/p>\n<div class=\"i-box\"><span class=\"fleft w100per detail-title\">Tem xe n\u1ed5i b\u1eadt<\/span><span class=\"fleft w100per detail-content\">Thi\u1ebft k\u1ebf b\u1ed9 tem m\u1edbi v\u1edbi h\u1ecda ti\u1ebft s\u1eafc s\u1ea3o, m\u00e0u tem ph\u1ed1i h\u1ee3p h\u00e0i h\u00f2a v\u1edbi th\u00e2n xe, t\u00f4n th\u00eam v\u1ebb \u0111\u1eb9p v\u00e0 l\u00e0m cho xe n\u1ed5i b\u1eadt h\u01a1n.<\/span><\/div>\n<\/div>\n<p><img decoding=\"async\" src=\"http:\/\/www.sym.com.vn\/images\/products\/specs\/33_1484905096.jpg\" \/><\/div>\n<div class=\"slides-child\">\n<div class=\"box-jssor-product\"><img decoding=\"async\" class=\"i-img\" src=\"http:\/\/www.sym.com.vn\/images\/products\/specs\/33_1484905172.jpg\" \/><\/p>\n<div class=\"i-box\"><span class=\"fleft w100per detail-title\">\u0110\u1ed9ng c\u01a1 b\u1ec1n b\u1ec9<\/span><span class=\"fleft w100per detail-content\">\u0110\u1ed9ng c\u01a1 100cc \u00e1p d\u1ee5ng nhi\u1ec1u c\u1ea3i ti\u1ebfn k\u1ef9 thu\u1eadt m\u1edbi, gi\u00fap ti\u1ebft ki\u1ec7m x\u0103ng, m\u00e1y n\u1ed5 \u00eam, gia t\u1ed1c nh\u1eb9, v\u1eadn h\u00e0nh \u00eam, t\u0103ng tu\u1ed5i th\u1ecd \u0111\u1ed9ng c\u01a1. \u0110\u1ea1t ti\u00eau chu\u1ea9n Euro3.<\/span><\/div>\n<\/div>\n<p><img decoding=\"async\" src=\"http:\/\/www.sym.com.vn\/images\/products\/specs\/33_1484905172.jpg\" \/><\/div>\n<\/div>\n<div class=\"jssort03\">\n<div>\n<div class=\"jssort03\">\n<div><\/div>\n<div>\n<div><\/div>\n<\/div>\n<div>\n<div><\/div>\n<div>\n<div class=\"p pav\">\n<div class=\"w\">\n<div class=\"t\"><img decoding=\"async\" class=\"i\" src=\"http:\/\/www.sym.com.vn\/images\/products\/specs\/33_1484905006.jpg\" \/><\/p>\n<div class=\"c\">\n<p>M\u1eb7t n\u1ea1 xe \u1ea5n t\u01b0\u1ee3ng<\/p>\n<\/div>\n<\/div>\n<\/div>\n<div class=\"c\"><\/div>\n<\/div>\n<\/div>\n<div>\n<div class=\"p\">\n<div class=\"w\">\n<div class=\"t\"><img decoding=\"async\" class=\"i\" src=\"http:\/\/www.sym.com.vn\/images\/products\/specs\/33_1484905051.jpg\" \/><\/p>\n<div class=\"c\">\n<p>\u1ed0ng p\u00f4 th\u1ec3 thao<\/p>\n<\/div>\n<\/div>\n<\/div>\n<div class=\"c\"><\/div>\n<\/div>\n<\/div>\n<div>\n<div class=\"p\">\n<div class=\"w\">\n<div class=\"t\"><img decoding=\"async\" class=\"i\" src=\"http:\/\/www.sym.com.vn\/images\/products\/specs\/33_1484905096.jpg\" \/><\/p>\n<div class=\"c\">\n<p>Tem xe n\u1ed5i b\u1eadt<\/p>\n<\/div>\n<\/div>\n<\/div>\n<div class=\"c\"><\/div>\n<\/div>\n<\/div>\n<div>\n<div class=\"p\">\n<div class=\"w\">\n<div class=\"t\"><img decoding=\"async\" class=\"i\" src=\"http:\/\/www.sym.com.vn\/images\/products\/specs\/33_1484905172.jpg\" \/><\/p>\n<div class=\"c\">\n<p>\u0110\u1ed9ng c\u01a1 b\u1ec1n b\u1ec9<\/p>\n<\/div>\n<\/div>\n<\/div>\n<\/div>\n<\/div>\n<\/div>\n<\/div>\n<\/div>\n<\/div>\n<\/div>\n<\/div>\n<\/div>\n<\/div>\n<\/div>\n","protected":false},"excerpt":{"rendered":"<p>\u0110\u1eb6C T\u00cdNHK\u1ef8 THU\u1eacT M\u1eb7t n\u1ea1 xe \u1ea5n t\u01b0\u1ee3ng\u0110\u00e8n signal \u0111\u1eb7t \u1edf v\u1ecb tr\u00ed hai b\u00ean m\u1eb7t n\u1ea1, k\u1ebft h\u1ee3p v\u1edbi logo SYM v\u00e0 h\u1ecda ti\u1ebft tem, t\u1ea1o cho xe m\u1ed9t di\u1ec7n m\u1ea1o m\u1edbi \u0111\u1eb9p h\u01a1n. \u1ed0ng p\u00f4 th\u1ec3 thao\u1ed0ng p\u00f4 thi\u1ebft k\u1ebf m\u1edbi d\u00e1ng th\u1ec3 thao, t\u0103ng v\u1ebb \u0111\u1eb9p v\u00e0 m\u1ea1nh m\u1ebd cho xe. Tem [&hellip;]<\/p>\n","protected":false},"featured_media":751,"template":"","meta":[],"class_list":{"0":"post-750","1":"product","2":"type-product","3":"status-publish","4":"has-post-thumbnail","6":"product_cat-xe-may-sym","8":"first","9":"instock","10":"shipping-taxable","11":"product-type-simple"},"yoast_head":"<!-- This site is optimized with the Yoast SEO plugin v19.10 - https:\/\/yoast.com\/wordpress\/plugins\/seo\/ -->\n<title>Elegant II 100 -<\/title>\n<meta name=\"robots\" content=\"index, follow, max-snippet:-1, max-image-preview:large, max-video-preview:-1\" \/>\n<link rel=\"canonical\" href=\"https:\/\/duyhungmotor.com\/?product=elegant-ii-100\" \/>\n<meta property=\"og:locale\" content=\"vi_VN\" \/>\n<meta property=\"og:type\" content=\"article\" \/>\n<meta property=\"og:title\" content=\"Elegant II 100 -\" \/>\n<meta property=\"og:description\" content=\"\u0110\u1eb6C T\u00cdNHK\u1ef8 THU\u1eacT M\u1eb7t n\u1ea1 xe \u1ea5n t\u01b0\u1ee3ng\u0110\u00e8n signal \u0111\u1eb7t \u1edf v\u1ecb tr\u00ed hai b\u00ean m\u1eb7t n\u1ea1, k\u1ebft h\u1ee3p v\u1edbi logo SYM v\u00e0 h\u1ecda ti\u1ebft tem, t\u1ea1o cho xe m\u1ed9t di\u1ec7n m\u1ea1o m\u1edbi \u0111\u1eb9p h\u01a1n. \u1ed0ng p\u00f4 th\u1ec3 thao\u1ed0ng p\u00f4 thi\u1ebft k\u1ebf m\u1edbi d\u00e1ng th\u1ec3 thao, t\u0103ng v\u1ebb \u0111\u1eb9p v\u00e0 m\u1ea1nh m\u1ebd cho xe. Tem [&hellip;]\" \/>\n<meta property=\"og:url\" content=\"https:\/\/duyhungmotor.com\/?product=elegant-ii-100\" \/>\n<meta property=\"article:modified_time\" content=\"2020-11-18T04:01:33+00:00\" \/>\n<meta property=\"og:image\" content=\"https:\/\/duyhungmotor.com\/wp-content\/uploads\/2020\/11\/33_15_1484903277.png\" \/>\n\t<meta property=\"og:image:width\" content=\"374\" \/>\n\t<meta property=\"og:image:height\" content=\"385\" \/>\n\t<meta property=\"og:image:type\" content=\"image\/png\" \/>\n<meta name=\"twitter:card\" content=\"summary_large_image\" \/>\n<meta name=\"twitter:label1\" content=\"\u01af\u1edbc t\u00ednh th\u1eddi gian \u0111\u1ecdc\" \/>\n\t<meta name=\"twitter:data1\" content=\"1 ph\u00fat\" \/>\n<script type=\"application\/ld+json\" class=\"yoast-schema-graph\">{\"@context\":\"https:\/\/schema.org\",\"@graph\":[{\"@type\":\"WebPage\",\"@id\":\"https:\/\/duyhungmotor.com\/?product=elegant-ii-100\",\"url\":\"https:\/\/duyhungmotor.com\/?product=elegant-ii-100\",\"name\":\"Elegant II 100 -\",\"isPartOf\":{\"@id\":\"https:\/\/duyhungmotor.com\/#website\"},\"datePublished\":\"2020-11-18T04:01:32+00:00\",\"dateModified\":\"2020-11-18T04:01:33+00:00\",\"breadcrumb\":{\"@id\":\"https:\/\/duyhungmotor.com\/?product=elegant-ii-100#breadcrumb\"},\"inLanguage\":\"vi\",\"potentialAction\":[{\"@type\":\"ReadAction\",\"target\":[\"https:\/\/duyhungmotor.com\/?product=elegant-ii-100\"]}]},{\"@type\":\"BreadcrumbList\",\"@id\":\"https:\/\/duyhungmotor.com\/?product=elegant-ii-100#breadcrumb\",\"itemListElement\":[{\"@type\":\"ListItem\",\"position\":1,\"name\":\"Trang ch\u1ee7\",\"item\":\"https:\/\/duyhungmotor.com\/\"},{\"@type\":\"ListItem\",\"position\":2,\"name\":\"Elegant II 100\"}]},{\"@type\":\"WebSite\",\"@id\":\"https:\/\/duyhungmotor.com\/#website\",\"url\":\"https:\/\/duyhungmotor.com\/\",\"name\":\"\",\"description\":\"\u0110\u1ea1i l\u00fd Xe M\u00e1y - Xe \u0110i\u1ec7n\",\"potentialAction\":[{\"@type\":\"SearchAction\",\"target\":{\"@type\":\"EntryPoint\",\"urlTemplate\":\"https:\/\/duyhungmotor.com\/?s={search_term_string}\"},\"query-input\":\"required name=search_term_string\"}],\"inLanguage\":\"vi\"}]}<\/script>\n<!-- \/ Yoast SEO plugin. -->","yoast_head_json":{"title":"Elegant II 100 -","robots":{"index":"index","follow":"follow","max-snippet":"max-snippet:-1","max-image-preview":"max-image-preview:large","max-video-preview":"max-video-preview:-1"},"canonical":"https:\/\/duyhungmotor.com\/?product=elegant-ii-100","og_locale":"vi_VN","og_type":"article","og_title":"Elegant II 100 -","og_description":"\u0110\u1eb6C T\u00cdNHK\u1ef8 THU\u1eacT M\u1eb7t n\u1ea1 xe \u1ea5n t\u01b0\u1ee3ng\u0110\u00e8n signal \u0111\u1eb7t \u1edf v\u1ecb tr\u00ed hai b\u00ean m\u1eb7t n\u1ea1, k\u1ebft h\u1ee3p v\u1edbi logo SYM v\u00e0 h\u1ecda ti\u1ebft tem, t\u1ea1o cho xe m\u1ed9t di\u1ec7n m\u1ea1o m\u1edbi \u0111\u1eb9p h\u01a1n. \u1ed0ng p\u00f4 th\u1ec3 thao\u1ed0ng p\u00f4 thi\u1ebft k\u1ebf m\u1edbi d\u00e1ng th\u1ec3 thao, t\u0103ng v\u1ebb \u0111\u1eb9p v\u00e0 m\u1ea1nh m\u1ebd cho xe. Tem [&hellip;]","og_url":"https:\/\/duyhungmotor.com\/?product=elegant-ii-100","article_modified_time":"2020-11-18T04:01:33+00:00","og_image":[{"width":374,"height":385,"url":"https:\/\/duyhungmotor.com\/wp-content\/uploads\/2020\/11\/33_15_1484903277.png","type":"image\/png"}],"twitter_card":"summary_large_image","twitter_misc":{"\u01af\u1edbc t\u00ednh th\u1eddi gian \u0111\u1ecdc":"1 ph\u00fat"},"schema":{"@context":"https:\/\/schema.org","@graph":[{"@type":"WebPage","@id":"https:\/\/duyhungmotor.com\/?product=elegant-ii-100","url":"https:\/\/duyhungmotor.com\/?product=elegant-ii-100","name":"Elegant II 100 -","isPartOf":{"@id":"https:\/\/duyhungmotor.com\/#website"},"datePublished":"2020-11-18T04:01:32+00:00","dateModified":"2020-11-18T04:01:33+00:00","breadcrumb":{"@id":"https:\/\/duyhungmotor.com\/?product=elegant-ii-100#breadcrumb"},"inLanguage":"vi","potentialAction":[{"@type":"ReadAction","target":["https:\/\/duyhungmotor.com\/?product=elegant-ii-100"]}]},{"@type":"BreadcrumbList","@id":"https:\/\/duyhungmotor.com\/?product=elegant-ii-100#breadcrumb","itemListElement":[{"@type":"ListItem","position":1,"name":"Trang ch\u1ee7","item":"https:\/\/duyhungmotor.com\/"},{"@type":"ListItem","position":2,"name":"Elegant II 100"}]},{"@type":"WebSite","@id":"https:\/\/duyhungmotor.com\/#website","url":"https:\/\/duyhungmotor.com\/","name":"","description":"\u0110\u1ea1i l\u00fd Xe M\u00e1y - Xe \u0110i\u1ec7n","potentialAction":[{"@type":"SearchAction","target":{"@type":"EntryPoint","urlTemplate":"https:\/\/duyhungmotor.com\/?s={search_term_string}"},"query-input":"required name=search_term_string"}],"inLanguage":"vi"}]}},"_links":{"self":[{"href":"https:\/\/duyhungmotor.com\/index.php?rest_route=\/wp\/v2\/product\/750","targetHints":{"allow":["GET"]}}],"collection":[{"href":"https:\/\/duyhungmotor.com\/index.php?rest_route=\/wp\/v2\/product"}],"about":[{"href":"https:\/\/duyhungmotor.com\/index.php?rest_route=\/wp\/v2\/types\/product"}],"wp:featuredmedia":[{"embeddable":true,"href":"https:\/\/duyhungmotor.com\/index.php?rest_route=\/wp\/v2\/media\/751"}],"wp:attachment":[{"href":"https:\/\/duyhungmotor.com\/index.php?rest_route=%2Fwp%2Fv2%2Fmedia&parent=750"}],"curies":[{"name":"wp","href":"https:\/\/api.w.org\/{rel}","templated":true}]}}