{"id":734,"date":"2020-11-18T10:48:30","date_gmt":"2020-11-18T03:48:30","guid":{"rendered":"http:\/\/duyhungmotor.com\/?post_type=product&#038;p=734"},"modified":"2020-11-18T10:48:30","modified_gmt":"2020-11-18T03:48:30","slug":"new-angel-125","status":"publish","type":"product","link":"https:\/\/duyhungmotor.com\/?product=new-angel-125","title":{"rendered":"New Angel 125"},"content":{"rendered":"<div class=\"fleft w100per box-detail-products\">\n<div class=\"head\">\n<div class=\"title\"><span class=\"t-first\">TH\u00d4NG S\u1ed0<\/span><span class=\"t-last\">K\u1ef8 THU\u1eacT<\/span><\/div>\n<\/div>\n<div class=\"content\">\n<table border=\"1\" cellspacing=\"0\">\n<tbody>\n<tr>\n<td>\n<p align=\"center\"><strong>Model<\/strong><\/p>\n<\/td>\n<td>\n<p align=\"center\"><strong>New Angel 125<\/strong><\/p>\n<\/td>\n<\/tr>\n<tr>\n<td>\u00a0 D\u00e0i &#8211; R\u1ed9ng &#8211; Cao<\/td>\n<td>\u00a0 1939 &#8211; 695 &#8211; 1088mm<\/td>\n<\/tr>\n<tr>\n<td>\u00a0 Kho\u1ea3ng c\u00e1ch 2 tr\u1ee5c<\/td>\n<td>\u00a0 1330mm<\/td>\n<\/tr>\n<tr>\n<td>\u00a0 Kho\u1ea3ng c\u00e1ch g\u1ea7m<\/td>\n<td>\u00a0 125mm<\/td>\n<\/tr>\n<tr>\n<td>\u00a0 T\u1ed5ng tr\u1ecdng l\u01b0\u1ee3ng kh\u00f4<\/td>\n<td>\u00a0 103kg<\/td>\n<\/tr>\n<tr>\n<td>\u00a0 \u0110\u1ed9ng c\u01a1 EFI<\/td>\n<td>\u00a0 4 th\u00ec<\/td>\n<\/tr>\n<tr>\n<td>\u00a0 Ph\u00e2n kh\u1ed1i<\/td>\n<td>\u00a0 124.6cc<\/td>\n<\/tr>\n<tr>\n<td>\u00a0 H\u1ec7 th\u1ed1ng l\u00e0m m\u00e1t<\/td>\n<td>\u00a0 B\u1eb1ng kh\u00f4ng kh\u00ed<\/td>\n<\/tr>\n<tr>\n<td>\u00a0 Nhi\u00ean li\u1ec7u s\u1eed d\u1ee5ng<\/td>\n<td>\u00a0 X\u0103ng kh\u00f4ng ch\u00ec tr\u00ean 92<\/td>\n<\/tr>\n<tr>\n<td>\u00a0 Dung t\u00edch b\u00ecnh x\u0103ng<\/td>\n<td>\u00a0 3.4L<\/td>\n<\/tr>\n<tr>\n<td>\u00a0 C\u00f4ng su\u1ea5t t\u1ed1i \u0111a<\/td>\n<td>\u00a0 7.3kw\/8500rpm<\/td>\n<\/tr>\n<tr>\n<td>\u00a0 Momen c\u1ef1c \u0111\u1ea1i<\/td>\n<td>\u00a0 9.8N.m\/6500rpm<\/td>\n<\/tr>\n<tr>\n<td>\u00a0 Th\u1eafng (phanh) tr\u01b0\u1edbc<\/td>\n<td>\u00a0 \u0110\u0129a<\/td>\n<\/tr>\n<tr>\n<td>\u00a0 Th\u1eafng (phanh) sau<\/td>\n<td>\u00a0 \u0110\u00f9m (c\u01a1)<\/td>\n<\/tr>\n<tr>\n<td>\u00a0 H\u1ec7 th\u1ed1ng \u0111\u00e1nh l\u1eeda<\/td>\n<td>\u00a0 \u0110i\u1ec7n t\u1eed ECU<\/td>\n<\/tr>\n<tr>\n<td>\u00a0 H\u1ec7 th\u1ed1ng kh\u1edfi \u0111\u1ed9ng<\/td>\n<td>\u00a0 \u0110i\u1ec7n<\/td>\n<\/tr>\n<\/tbody>\n<\/table>\n<\/div>\n<\/div>\n<div class=\"fleft w100per box-detail-products pos-link-scroll-last\">\n<div id=\"cdbh\" class=\"pos-link-scroll \"><\/div>\n<div class=\"head\">\n<div class=\"title\"><span class=\"t-first\">CH\u1ebe \u0110\u1ed8<\/span><span class=\"t-last\">B\u1ea2O H\u00c0NH<\/span><\/div>\n<\/div>\n<div class=\"content\">\n<p>New Angel 125 b\u1ea3o h\u00e0nh 3 n\u0103m ho\u1eb7c 30.000km t\u00f9y theo \u0111i\u1ec1u ki\u1ec7n n\u00e0o \u0111\u1ebfn tr\u01b0\u1edbc.<\/p>\n<\/div>\n<\/div>\n","protected":false},"excerpt":{"rendered":"<p>TH\u00d4NG S\u1ed0K\u1ef8 THU\u1eacT Model New Angel 125 \u00a0 D\u00e0i &#8211; R\u1ed9ng &#8211; Cao \u00a0 1939 &#8211; 695 &#8211; 1088mm \u00a0 Kho\u1ea3ng c\u00e1ch 2 tr\u1ee5c \u00a0 1330mm \u00a0 Kho\u1ea3ng c\u00e1ch g\u1ea7m \u00a0 125mm \u00a0 T\u1ed5ng tr\u1ecdng l\u01b0\u1ee3ng kh\u00f4 \u00a0 103kg \u00a0 \u0110\u1ed9ng c\u01a1 EFI \u00a0 4 th\u00ec \u00a0 Ph\u00e2n kh\u1ed1i \u00a0 124.6cc \u00a0 H\u1ec7 th\u1ed1ng l\u00e0m [&hellip;]<\/p>\n","protected":false},"featured_media":736,"template":"","meta":[],"class_list":{"0":"post-734","1":"product","2":"type-product","3":"status-publish","4":"has-post-thumbnail","6":"product_cat-xe-may-sym","8":"first","9":"instock","10":"shipping-taxable","11":"product-type-simple"},"yoast_head":"<!-- This site is optimized with the Yoast SEO plugin v19.10 - https:\/\/yoast.com\/wordpress\/plugins\/seo\/ -->\n<title>New Angel 125 -<\/title>\n<meta name=\"robots\" content=\"index, follow, max-snippet:-1, max-image-preview:large, max-video-preview:-1\" \/>\n<link rel=\"canonical\" href=\"https:\/\/duyhungmotor.com\/?product=new-angel-125\" \/>\n<meta property=\"og:locale\" content=\"vi_VN\" \/>\n<meta property=\"og:type\" content=\"article\" \/>\n<meta property=\"og:title\" content=\"New Angel 125 -\" \/>\n<meta property=\"og:description\" content=\"TH\u00d4NG S\u1ed0K\u1ef8 THU\u1eacT Model New Angel 125 \u00a0 D\u00e0i &#8211; R\u1ed9ng &#8211; Cao \u00a0 1939 &#8211; 695 &#8211; 1088mm \u00a0 Kho\u1ea3ng c\u00e1ch 2 tr\u1ee5c \u00a0 1330mm \u00a0 Kho\u1ea3ng c\u00e1ch g\u1ea7m \u00a0 125mm \u00a0 T\u1ed5ng tr\u1ecdng l\u01b0\u1ee3ng kh\u00f4 \u00a0 103kg \u00a0 \u0110\u1ed9ng c\u01a1 EFI \u00a0 4 th\u00ec \u00a0 Ph\u00e2n kh\u1ed1i \u00a0 124.6cc \u00a0 H\u1ec7 th\u1ed1ng l\u00e0m [&hellip;]\" \/>\n<meta property=\"og:url\" content=\"https:\/\/duyhungmotor.com\/?product=new-angel-125\" \/>\n<meta property=\"og:image\" content=\"https:\/\/duyhungmotor.com\/wp-content\/uploads\/2020\/11\/65_63_1575342521.png\" \/>\n\t<meta property=\"og:image:width\" content=\"800\" \/>\n\t<meta property=\"og:image:height\" content=\"800\" \/>\n\t<meta property=\"og:image:type\" content=\"image\/png\" \/>\n<meta name=\"twitter:card\" content=\"summary_large_image\" \/>\n<meta name=\"twitter:label1\" content=\"\u01af\u1edbc t\u00ednh th\u1eddi gian \u0111\u1ecdc\" \/>\n\t<meta name=\"twitter:data1\" content=\"1 ph\u00fat\" \/>\n<script type=\"application\/ld+json\" class=\"yoast-schema-graph\">{\"@context\":\"https:\/\/schema.org\",\"@graph\":[{\"@type\":\"WebPage\",\"@id\":\"https:\/\/duyhungmotor.com\/?product=new-angel-125\",\"url\":\"https:\/\/duyhungmotor.com\/?product=new-angel-125\",\"name\":\"New Angel 125 -\",\"isPartOf\":{\"@id\":\"https:\/\/duyhungmotor.com\/#website\"},\"datePublished\":\"2020-11-18T03:48:30+00:00\",\"dateModified\":\"2020-11-18T03:48:30+00:00\",\"breadcrumb\":{\"@id\":\"https:\/\/duyhungmotor.com\/?product=new-angel-125#breadcrumb\"},\"inLanguage\":\"vi\",\"potentialAction\":[{\"@type\":\"ReadAction\",\"target\":[\"https:\/\/duyhungmotor.com\/?product=new-angel-125\"]}]},{\"@type\":\"BreadcrumbList\",\"@id\":\"https:\/\/duyhungmotor.com\/?product=new-angel-125#breadcrumb\",\"itemListElement\":[{\"@type\":\"ListItem\",\"position\":1,\"name\":\"Trang ch\u1ee7\",\"item\":\"https:\/\/duyhungmotor.com\/\"},{\"@type\":\"ListItem\",\"position\":2,\"name\":\"New Angel 125\"}]},{\"@type\":\"WebSite\",\"@id\":\"https:\/\/duyhungmotor.com\/#website\",\"url\":\"https:\/\/duyhungmotor.com\/\",\"name\":\"\",\"description\":\"\u0110\u1ea1i l\u00fd Xe M\u00e1y - Xe \u0110i\u1ec7n\",\"potentialAction\":[{\"@type\":\"SearchAction\",\"target\":{\"@type\":\"EntryPoint\",\"urlTemplate\":\"https:\/\/duyhungmotor.com\/?s={search_term_string}\"},\"query-input\":\"required name=search_term_string\"}],\"inLanguage\":\"vi\"}]}<\/script>\n<!-- \/ Yoast SEO plugin. -->","yoast_head_json":{"title":"New Angel 125 -","robots":{"index":"index","follow":"follow","max-snippet":"max-snippet:-1","max-image-preview":"max-image-preview:large","max-video-preview":"max-video-preview:-1"},"canonical":"https:\/\/duyhungmotor.com\/?product=new-angel-125","og_locale":"vi_VN","og_type":"article","og_title":"New Angel 125 -","og_description":"TH\u00d4NG S\u1ed0K\u1ef8 THU\u1eacT Model New Angel 125 \u00a0 D\u00e0i &#8211; R\u1ed9ng &#8211; Cao \u00a0 1939 &#8211; 695 &#8211; 1088mm \u00a0 Kho\u1ea3ng c\u00e1ch 2 tr\u1ee5c \u00a0 1330mm \u00a0 Kho\u1ea3ng c\u00e1ch g\u1ea7m \u00a0 125mm \u00a0 T\u1ed5ng tr\u1ecdng l\u01b0\u1ee3ng kh\u00f4 \u00a0 103kg \u00a0 \u0110\u1ed9ng c\u01a1 EFI \u00a0 4 th\u00ec \u00a0 Ph\u00e2n kh\u1ed1i \u00a0 124.6cc \u00a0 H\u1ec7 th\u1ed1ng l\u00e0m [&hellip;]","og_url":"https:\/\/duyhungmotor.com\/?product=new-angel-125","og_image":[{"width":800,"height":800,"url":"https:\/\/duyhungmotor.com\/wp-content\/uploads\/2020\/11\/65_63_1575342521.png","type":"image\/png"}],"twitter_card":"summary_large_image","twitter_misc":{"\u01af\u1edbc t\u00ednh th\u1eddi gian \u0111\u1ecdc":"1 ph\u00fat"},"schema":{"@context":"https:\/\/schema.org","@graph":[{"@type":"WebPage","@id":"https:\/\/duyhungmotor.com\/?product=new-angel-125","url":"https:\/\/duyhungmotor.com\/?product=new-angel-125","name":"New Angel 125 -","isPartOf":{"@id":"https:\/\/duyhungmotor.com\/#website"},"datePublished":"2020-11-18T03:48:30+00:00","dateModified":"2020-11-18T03:48:30+00:00","breadcrumb":{"@id":"https:\/\/duyhungmotor.com\/?product=new-angel-125#breadcrumb"},"inLanguage":"vi","potentialAction":[{"@type":"ReadAction","target":["https:\/\/duyhungmotor.com\/?product=new-angel-125"]}]},{"@type":"BreadcrumbList","@id":"https:\/\/duyhungmotor.com\/?product=new-angel-125#breadcrumb","itemListElement":[{"@type":"ListItem","position":1,"name":"Trang ch\u1ee7","item":"https:\/\/duyhungmotor.com\/"},{"@type":"ListItem","position":2,"name":"New Angel 125"}]},{"@type":"WebSite","@id":"https:\/\/duyhungmotor.com\/#website","url":"https:\/\/duyhungmotor.com\/","name":"","description":"\u0110\u1ea1i l\u00fd Xe M\u00e1y - Xe \u0110i\u1ec7n","potentialAction":[{"@type":"SearchAction","target":{"@type":"EntryPoint","urlTemplate":"https:\/\/duyhungmotor.com\/?s={search_term_string}"},"query-input":"required name=search_term_string"}],"inLanguage":"vi"}]}},"_links":{"self":[{"href":"https:\/\/duyhungmotor.com\/index.php?rest_route=\/wp\/v2\/product\/734","targetHints":{"allow":["GET"]}}],"collection":[{"href":"https:\/\/duyhungmotor.com\/index.php?rest_route=\/wp\/v2\/product"}],"about":[{"href":"https:\/\/duyhungmotor.com\/index.php?rest_route=\/wp\/v2\/types\/product"}],"wp:featuredmedia":[{"embeddable":true,"href":"https:\/\/duyhungmotor.com\/index.php?rest_route=\/wp\/v2\/media\/736"}],"wp:attachment":[{"href":"https:\/\/duyhungmotor.com\/index.php?rest_route=%2Fwp%2Fv2%2Fmedia&parent=734"}],"curies":[{"name":"wp","href":"https:\/\/api.w.org\/{rel}","templated":true}]}}