{"id":730,"date":"2020-11-18T10:40:46","date_gmt":"2020-11-18T03:40:46","guid":{"rendered":"http:\/\/duyhungmotor.com\/?post_type=product&#038;p=730"},"modified":"2020-11-18T10:40:46","modified_gmt":"2020-11-18T03:40:46","slug":"elegant-50","status":"publish","type":"product","link":"https:\/\/duyhungmotor.com\/?product=elegant-50","title":{"rendered":"Elegant 50"},"content":{"rendered":"<div class=\"head\">\n<div class=\"title\"><span class=\"t-first\">TH\u00d4NG S\u1ed0<\/span><span class=\"t-last\">K\u1ef8 THU\u1eacT<\/span><\/div>\n<\/div>\n<div class=\"content\">\n<table border=\"1\" cellspacing=\"0\">\n<tbody>\n<tr>\n<td>\n<p align=\"center\"><strong>Model<\/strong><\/p>\n<\/td>\n<td>\n<p align=\"center\"><strong>Elegant 50\u00a0<\/strong><\/p>\n<\/td>\n<\/tr>\n<tr>\n<td>\u00a0 \u00a0D\u00e0i &#8211; R\u1ed9ng &#8211; Cao<\/td>\n<td>\u00a0 \u00a01,910mm &#8211; 680mm &#8211; 1,070mm<\/td>\n<\/tr>\n<tr>\n<td>\u00a0 \u00a0Kho\u1ea3ng c\u00e1ch 2 tr\u1ee5c<\/td>\n<td>\u00a0 \u00a01,225mm<\/td>\n<\/tr>\n<tr>\n<td>\u00a0 \u00a0T\u1ed5ng tr\u1ecdng l\u01b0\u1ee3ng kh\u00f4<\/td>\n<td>\u00a0 \u00a095kg<\/td>\n<\/tr>\n<tr>\n<td>\u00a0 \u00a0\u0110\u01b0\u1eddng k\u00ednh v\u00e0 h\u00e0nh tr\u00ecnh piston<\/td>\n<td>\u00a0 \u00a039mm x 41.4mm<\/td>\n<\/tr>\n<tr>\n<td>\u00a0 \u00a0T\u1ef7 s\u1ed1 n\u00e9n<\/td>\n<td>\u00a0 \u00a09.7:1<\/td>\n<\/tr>\n<tr>\n<td>\u00a0 \u00a0S\u1ed3 ng\u01b0\u1eddi ng\u1ed3i\/ T\u1ea3i tr\u1ecdng<\/td>\n<td>\u00a0 \u00a02 ng\u01b0\u1eddi\/110kg<\/td>\n<\/tr>\n<tr>\n<td>\u00a0 \u00a0\u0110\u1ed9ng c\u01a1\/L\u00e0m m\u00e1t\/Truy\u1ec1n \u0111\u1ed9ng<\/td>\n<td>\u00a0 \u00a04 th\u00ec\/ L\u00e0m m\u00e1t b\u1eb1ng kh\u00f4ng kh\u00ed\/H\u1ed9p s\u1ed1 3s\u1ed1<\/td>\n<\/tr>\n<tr>\n<td>\u00a0 \u00a0Nhi\u00ean li\u1ec7u s\u1eed d\u1ee5ng<\/td>\n<td>\u00a0 \u00a0X\u0103ng kh\u00f4ng ch\u00ec (tr\u00ean A92)<\/td>\n<\/tr>\n<tr>\n<td>\u00a0 \u00a0Ph\u00e2n kh\u1ed1i<\/td>\n<td>\u00a0 \u00a049.5cc<\/td>\n<\/tr>\n<tr>\n<td>\u00a0 \u00a0C\u00f4ng su\u1ea5t t\u1ed1i \u0111a<\/td>\n<td>\u00a0 \u00a02.78PS\/7500 rpm<\/td>\n<\/tr>\n<tr>\n<td>\u00a0 \u00a0M\u1ee9c hao x\u0103ng<\/td>\n<td>\u00a0 \u00a01,44L\/100km<\/td>\n<\/tr>\n<tr>\n<td>\u00a0 \u00a0Momen c\u1ef1c \u0111\u1ea1i<\/td>\n<td>\u00a0 \u00a00.3kgf.m\/6.500rpm<\/td>\n<\/tr>\n<tr>\n<td>\u00a0 \u00a0H\u1ec7 th\u1ed1ng th\u1eafng tr\u01b0\u1edbc<\/td>\n<td>\u00a0 \u00a0Phanh tr\u1ed1ng (\u0111\u00f9m)<\/td>\n<\/tr>\n<tr>\n<td>\u00a0 \u00a0H\u1ec7 th\u1ed1ng th\u1eafng sau<\/td>\n<td>\u00a0 \u00a0Phanh tr\u1ed1ng (\u0111\u00f9m)<\/td>\n<\/tr>\n<tr>\n<td>\u00a0 \u00a0V\u1ecf (l\u1ed1p tr\u01b0\u1edbc, c\u00f3 ru\u1ed9t)<\/td>\n<td>\u00a0 \u00a070\/80-17<\/td>\n<\/tr>\n<tr>\n<td>\u00a0 \u00a0V\u1ecf (l\u1ed1p sau, c\u00f3 ru\u1ed9t)<\/td>\n<td>\u00a0 \u00a080\/80-17<\/td>\n<\/tr>\n<tr>\n<td>\u00a0 \u00a0Dung t\u00edch b\u00ecnh x\u0103ng<\/td>\n<td>\u00a0 \u00a04L<\/td>\n<\/tr>\n<tr>\n<td>\u00a0 \u00a0H\u1ec7 th\u1ed1ng \u0111\u00e1nh l\u1eeda<\/td>\n<td>\u00a0 \u00a0C.D.I<\/td>\n<\/tr>\n<\/tbody>\n<\/table>\n<\/div>\n","protected":false},"excerpt":{"rendered":"<p>Elegant 50 \u0111\u01b0\u1ee3c b\u1ea3o h\u00e0nh 2 n\u0103m ho\u1eb7c 30.000Km t\u00f9y theo \u0111i\u1ec1u ki\u1ec7n n\u00e0o t\u1edbi tr\u01b0\u1edbc.<\/p>\n","protected":false},"featured_media":733,"template":"","meta":[],"class_list":{"0":"post-730","1":"product","2":"type-product","3":"status-publish","4":"has-post-thumbnail","6":"product_cat-xe-may-sym","8":"first","9":"instock","10":"shipping-taxable","11":"product-type-simple"},"yoast_head":"<!-- This site is optimized with the Yoast SEO plugin v19.10 - https:\/\/yoast.com\/wordpress\/plugins\/seo\/ -->\n<title>Elegant 50 -<\/title>\n<meta name=\"robots\" content=\"index, follow, max-snippet:-1, max-image-preview:large, max-video-preview:-1\" \/>\n<link rel=\"canonical\" href=\"https:\/\/duyhungmotor.com\/?product=elegant-50\" \/>\n<meta property=\"og:locale\" content=\"vi_VN\" \/>\n<meta property=\"og:type\" content=\"article\" \/>\n<meta property=\"og:title\" content=\"Elegant 50 -\" \/>\n<meta property=\"og:description\" content=\"Elegant 50 \u0111\u01b0\u1ee3c b\u1ea3o h\u00e0nh 2 n\u0103m ho\u1eb7c 30.000Km t\u00f9y theo \u0111i\u1ec1u ki\u1ec7n n\u00e0o t\u1edbi tr\u01b0\u1edbc.\" \/>\n<meta property=\"og:url\" content=\"https:\/\/duyhungmotor.com\/?product=elegant-50\" \/>\n<meta property=\"og:image\" content=\"https:\/\/duyhungmotor.com\/wp-content\/uploads\/2020\/11\/download-5.png\" \/>\n\t<meta property=\"og:image:width\" content=\"400\" \/>\n\t<meta property=\"og:image:height\" content=\"400\" \/>\n\t<meta property=\"og:image:type\" content=\"image\/png\" \/>\n<meta name=\"twitter:card\" content=\"summary_large_image\" \/>\n<meta name=\"twitter:label1\" content=\"\u01af\u1edbc t\u00ednh th\u1eddi gian \u0111\u1ecdc\" \/>\n\t<meta name=\"twitter:data1\" content=\"1 ph\u00fat\" \/>\n<script type=\"application\/ld+json\" class=\"yoast-schema-graph\">{\"@context\":\"https:\/\/schema.org\",\"@graph\":[{\"@type\":\"WebPage\",\"@id\":\"https:\/\/duyhungmotor.com\/?product=elegant-50\",\"url\":\"https:\/\/duyhungmotor.com\/?product=elegant-50\",\"name\":\"Elegant 50 -\",\"isPartOf\":{\"@id\":\"https:\/\/duyhungmotor.com\/#website\"},\"datePublished\":\"2020-11-18T03:40:46+00:00\",\"dateModified\":\"2020-11-18T03:40:46+00:00\",\"breadcrumb\":{\"@id\":\"https:\/\/duyhungmotor.com\/?product=elegant-50#breadcrumb\"},\"inLanguage\":\"vi\",\"potentialAction\":[{\"@type\":\"ReadAction\",\"target\":[\"https:\/\/duyhungmotor.com\/?product=elegant-50\"]}]},{\"@type\":\"BreadcrumbList\",\"@id\":\"https:\/\/duyhungmotor.com\/?product=elegant-50#breadcrumb\",\"itemListElement\":[{\"@type\":\"ListItem\",\"position\":1,\"name\":\"Trang ch\u1ee7\",\"item\":\"https:\/\/duyhungmotor.com\/\"},{\"@type\":\"ListItem\",\"position\":2,\"name\":\"Elegant 50\"}]},{\"@type\":\"WebSite\",\"@id\":\"https:\/\/duyhungmotor.com\/#website\",\"url\":\"https:\/\/duyhungmotor.com\/\",\"name\":\"\",\"description\":\"\u0110\u1ea1i l\u00fd Xe M\u00e1y - Xe \u0110i\u1ec7n\",\"potentialAction\":[{\"@type\":\"SearchAction\",\"target\":{\"@type\":\"EntryPoint\",\"urlTemplate\":\"https:\/\/duyhungmotor.com\/?s={search_term_string}\"},\"query-input\":\"required name=search_term_string\"}],\"inLanguage\":\"vi\"}]}<\/script>\n<!-- \/ Yoast SEO plugin. -->","yoast_head_json":{"title":"Elegant 50 -","robots":{"index":"index","follow":"follow","max-snippet":"max-snippet:-1","max-image-preview":"max-image-preview:large","max-video-preview":"max-video-preview:-1"},"canonical":"https:\/\/duyhungmotor.com\/?product=elegant-50","og_locale":"vi_VN","og_type":"article","og_title":"Elegant 50 -","og_description":"Elegant 50 \u0111\u01b0\u1ee3c b\u1ea3o h\u00e0nh 2 n\u0103m ho\u1eb7c 30.000Km t\u00f9y theo \u0111i\u1ec1u ki\u1ec7n n\u00e0o t\u1edbi tr\u01b0\u1edbc.","og_url":"https:\/\/duyhungmotor.com\/?product=elegant-50","og_image":[{"width":400,"height":400,"url":"https:\/\/duyhungmotor.com\/wp-content\/uploads\/2020\/11\/download-5.png","type":"image\/png"}],"twitter_card":"summary_large_image","twitter_misc":{"\u01af\u1edbc t\u00ednh th\u1eddi gian \u0111\u1ecdc":"1 ph\u00fat"},"schema":{"@context":"https:\/\/schema.org","@graph":[{"@type":"WebPage","@id":"https:\/\/duyhungmotor.com\/?product=elegant-50","url":"https:\/\/duyhungmotor.com\/?product=elegant-50","name":"Elegant 50 -","isPartOf":{"@id":"https:\/\/duyhungmotor.com\/#website"},"datePublished":"2020-11-18T03:40:46+00:00","dateModified":"2020-11-18T03:40:46+00:00","breadcrumb":{"@id":"https:\/\/duyhungmotor.com\/?product=elegant-50#breadcrumb"},"inLanguage":"vi","potentialAction":[{"@type":"ReadAction","target":["https:\/\/duyhungmotor.com\/?product=elegant-50"]}]},{"@type":"BreadcrumbList","@id":"https:\/\/duyhungmotor.com\/?product=elegant-50#breadcrumb","itemListElement":[{"@type":"ListItem","position":1,"name":"Trang ch\u1ee7","item":"https:\/\/duyhungmotor.com\/"},{"@type":"ListItem","position":2,"name":"Elegant 50"}]},{"@type":"WebSite","@id":"https:\/\/duyhungmotor.com\/#website","url":"https:\/\/duyhungmotor.com\/","name":"","description":"\u0110\u1ea1i l\u00fd Xe M\u00e1y - Xe \u0110i\u1ec7n","potentialAction":[{"@type":"SearchAction","target":{"@type":"EntryPoint","urlTemplate":"https:\/\/duyhungmotor.com\/?s={search_term_string}"},"query-input":"required name=search_term_string"}],"inLanguage":"vi"}]}},"_links":{"self":[{"href":"https:\/\/duyhungmotor.com\/index.php?rest_route=\/wp\/v2\/product\/730","targetHints":{"allow":["GET"]}}],"collection":[{"href":"https:\/\/duyhungmotor.com\/index.php?rest_route=\/wp\/v2\/product"}],"about":[{"href":"https:\/\/duyhungmotor.com\/index.php?rest_route=\/wp\/v2\/types\/product"}],"wp:featuredmedia":[{"embeddable":true,"href":"https:\/\/duyhungmotor.com\/index.php?rest_route=\/wp\/v2\/media\/733"}],"wp:attachment":[{"href":"https:\/\/duyhungmotor.com\/index.php?rest_route=%2Fwp%2Fv2%2Fmedia&parent=730"}],"curies":[{"name":"wp","href":"https:\/\/api.w.org\/{rel}","templated":true}]}}