{"id":726,"date":"2020-11-18T10:38:25","date_gmt":"2020-11-18T03:38:25","guid":{"rendered":"http:\/\/duyhungmotor.com\/?post_type=product&#038;p=726"},"modified":"2020-11-18T10:38:25","modified_gmt":"2020-11-18T03:38:25","slug":"new-galaxy-125","status":"publish","type":"product","link":"https:\/\/duyhungmotor.com\/?product=new-galaxy-125","title":{"rendered":"New Galaxy 125"},"content":{"rendered":"<div class=\"head\">\n<div class=\"title\"><span class=\"t-first\">TH\u00d4NG S\u1ed0<\/span><span class=\"t-last\">K\u1ef8 THU\u1eacT<\/span><\/div>\n<\/div>\n<div class=\"content\">\n<table border=\"1\" cellspacing=\"0\">\n<tbody>\n<tr>\n<td>\n<p align=\"center\"><strong>Model<\/strong><\/p>\n<\/td>\n<td>\n<p align=\"center\"><strong>New Galaxy 125<\/strong><\/p>\n<\/td>\n<\/tr>\n<tr>\n<td>\n<p align=\"justify\">\u00a0 D\u00e0i &#8211; R\u1ed9ng &#8211; Cao<\/p>\n<\/td>\n<td>\n<p align=\"justify\">\u00a0 1940 &#8211; 695 &#8211; 1100mm<\/p>\n<\/td>\n<\/tr>\n<tr>\n<td>\n<p align=\"justify\">\u00a0 Kho\u1ea3ng c\u00e1ch 2 tr\u1ee5c<\/p>\n<\/td>\n<td>\n<p align=\"justify\">\u00a0 1240mm<\/p>\n<\/td>\n<\/tr>\n<tr>\n<td>\n<p align=\"justify\">\u00a0 Kho\u1ea3ng c\u00e1ch g\u1ea7m<\/p>\n<\/td>\n<td>\n<p align=\"justify\">\u00a0 130mm<\/p>\n<\/td>\n<\/tr>\n<tr>\n<td>\n<p align=\"justify\">\u00a0 T\u1ed5ng tr\u1ecdng l\u01b0\u1ee3ng kh\u00f4<\/p>\n<\/td>\n<td>\n<p align=\"justify\">\u00a0 103kg<\/p>\n<\/td>\n<\/tr>\n<tr>\n<td>\n<p align=\"justify\">\u00a0 \u0110\u1ed9ng c\u01a1 EFI<\/p>\n<\/td>\n<td>\n<p align=\"justify\">\u00a0 4 th\u00ec<\/p>\n<\/td>\n<\/tr>\n<tr>\n<td>\n<p align=\"justify\">\u00a0 Ph\u00e2n kh\u1ed1i<\/p>\n<\/td>\n<td>\n<p align=\"justify\">\u00a0 124.6cc<\/p>\n<\/td>\n<\/tr>\n<tr>\n<td>\n<p align=\"justify\">\u00a0 H\u1ec7 th\u1ed1ng l\u00e0m m\u00e1t<\/p>\n<\/td>\n<td>\n<p align=\"justify\">\u00a0 B\u1eb1ng kh\u00f4ng kh\u00ed<\/p>\n<\/td>\n<\/tr>\n<tr>\n<td>\n<p align=\"justify\">\u00a0 Nhi\u00ean li\u1ec7u s\u1eed d\u1ee5ng<\/p>\n<\/td>\n<td>\n<p align=\"justify\">\u00a0 X\u0103ng kh\u00f4ng ch\u00ec tr\u00ean 92<\/p>\n<\/td>\n<\/tr>\n<tr>\n<td>\n<p align=\"justify\">\u00a0 Dung t\u00edch b\u00ecnh x\u0103ng<\/p>\n<\/td>\n<td>\n<p align=\"justify\">\u00a0 3.4L<\/p>\n<\/td>\n<\/tr>\n<tr>\n<td>\n<p align=\"justify\">\u00a0 C\u00f4ng su\u1ea5t t\u1ed1i \u0111a<\/p>\n<\/td>\n<td>\n<p align=\"justify\">\u00a0 7.3 kw\/8500rpm<\/p>\n<\/td>\n<\/tr>\n<tr>\n<td>\n<p align=\"justify\">\u00a0 Momen c\u1ef1c \u0111\u1ea1i<\/p>\n<\/td>\n<td>\n<p align=\"justify\">\u00a0 9.8 n.m\/6500rpm<\/p>\n<\/td>\n<\/tr>\n<tr>\n<td>\n<p align=\"justify\">\u00a0 Th\u1eafng\/phanh tr\u01b0\u1edbc<\/p>\n<\/td>\n<td>\n<p align=\"justify\">\u00a0 \u0110\u0129a<\/p>\n<\/td>\n<\/tr>\n<tr>\n<td>\n<p align=\"justify\">\u00a0 Th\u1eafng\/phanh sau<\/p>\n<\/td>\n<td>\n<p align=\"justify\">\u00a0 \u0110\u00f9m (c\u01a1)<\/p>\n<\/td>\n<\/tr>\n<tr>\n<td>\n<p align=\"justify\">\u00a0 H\u1ec7 th\u1ed1ng \u0111\u00e1nh l\u1eeda<\/p>\n<\/td>\n<td>\n<p align=\"justify\">\u00a0 \u0110i\u1ec7n t\u1eed ECU<\/p>\n<\/td>\n<\/tr>\n<tr>\n<td>\n<p align=\"justify\">\u00a0 H\u1ec7 th\u1ed1ng kh\u1edfi \u0111\u1ed9ng<\/p>\n<\/td>\n<td>\n<p align=\"justify\">\u00a0 \u0110i\u1ec7n<\/p>\n<\/td>\n<\/tr>\n<tr>\n<td>\n<p align=\"justify\">\u00a0 H\u1ec7 th\u1ed1ng truy\u1ec1n \u0111\u1ed9ng<\/p>\n<\/td>\n<td>\n<p align=\"justify\">\u00a0 4 s\u1ed1<\/p>\n<\/td>\n<\/tr>\n<tr>\n<td>\n<p align=\"justify\">\u00a0 V\u1ecf\/L\u1ed1p tr\u01b0\u1edbc<\/p>\n<\/td>\n<td>\n<p align=\"justify\">\u00a0 70\/90-17<\/p>\n<\/td>\n<\/tr>\n<tr>\n<td>\n<p align=\"justify\">\u00a0 V\u1ecf\/L\u1ed1p sau<\/p>\n<\/td>\n<td>\n<p align=\"justify\">\u00a0 80\/90-17<\/p>\n<\/td>\n<\/tr>\n<\/tbody>\n<\/table>\n<\/div>\n","protected":false},"excerpt":{"rendered":"<p>New Galaxy 125 b\u1ea3o h\u00e0nh 3 n\u0103m ho\u1eb7c 30.000km t\u00f9y theo \u0111i\u1ec1u ki\u1ec7n n\u00e0o \u0111\u1ebfn tr\u01b0\u1edbc.<\/p>\n","protected":false},"featured_media":729,"template":"","meta":[],"class_list":{"0":"post-726","1":"product","2":"type-product","3":"status-publish","4":"has-post-thumbnail","6":"product_cat-xe-may-sym","8":"first","9":"instock","10":"shipping-taxable","11":"product-type-simple"},"yoast_head":"<!-- This site is optimized with the Yoast SEO plugin v19.10 - https:\/\/yoast.com\/wordpress\/plugins\/seo\/ -->\n<title>New Galaxy 125 -<\/title>\n<meta name=\"robots\" content=\"index, follow, max-snippet:-1, max-image-preview:large, max-video-preview:-1\" \/>\n<link rel=\"canonical\" href=\"https:\/\/duyhungmotor.com\/?product=new-galaxy-125\" \/>\n<meta property=\"og:locale\" content=\"vi_VN\" \/>\n<meta property=\"og:type\" content=\"article\" \/>\n<meta property=\"og:title\" content=\"New Galaxy 125 -\" \/>\n<meta property=\"og:description\" content=\"New Galaxy 125 b\u1ea3o h\u00e0nh 3 n\u0103m ho\u1eb7c 30.000km t\u00f9y theo \u0111i\u1ec1u ki\u1ec7n n\u00e0o \u0111\u1ebfn tr\u01b0\u1edbc.\" \/>\n<meta property=\"og:url\" content=\"https:\/\/duyhungmotor.com\/?product=new-galaxy-125\" \/>\n<meta property=\"og:image\" content=\"https:\/\/duyhungmotor.com\/wp-content\/uploads\/2020\/11\/download-4.png\" \/>\n\t<meta property=\"og:image:width\" content=\"400\" \/>\n\t<meta property=\"og:image:height\" content=\"400\" \/>\n\t<meta property=\"og:image:type\" content=\"image\/png\" \/>\n<meta name=\"twitter:card\" content=\"summary_large_image\" \/>\n<meta name=\"twitter:label1\" content=\"\u01af\u1edbc t\u00ednh th\u1eddi gian \u0111\u1ecdc\" \/>\n\t<meta name=\"twitter:data1\" content=\"1 ph\u00fat\" \/>\n<script type=\"application\/ld+json\" class=\"yoast-schema-graph\">{\"@context\":\"https:\/\/schema.org\",\"@graph\":[{\"@type\":\"WebPage\",\"@id\":\"https:\/\/duyhungmotor.com\/?product=new-galaxy-125\",\"url\":\"https:\/\/duyhungmotor.com\/?product=new-galaxy-125\",\"name\":\"New Galaxy 125 -\",\"isPartOf\":{\"@id\":\"https:\/\/duyhungmotor.com\/#website\"},\"datePublished\":\"2020-11-18T03:38:25+00:00\",\"dateModified\":\"2020-11-18T03:38:25+00:00\",\"breadcrumb\":{\"@id\":\"https:\/\/duyhungmotor.com\/?product=new-galaxy-125#breadcrumb\"},\"inLanguage\":\"vi\",\"potentialAction\":[{\"@type\":\"ReadAction\",\"target\":[\"https:\/\/duyhungmotor.com\/?product=new-galaxy-125\"]}]},{\"@type\":\"BreadcrumbList\",\"@id\":\"https:\/\/duyhungmotor.com\/?product=new-galaxy-125#breadcrumb\",\"itemListElement\":[{\"@type\":\"ListItem\",\"position\":1,\"name\":\"Trang ch\u1ee7\",\"item\":\"https:\/\/duyhungmotor.com\/\"},{\"@type\":\"ListItem\",\"position\":2,\"name\":\"New Galaxy 125\"}]},{\"@type\":\"WebSite\",\"@id\":\"https:\/\/duyhungmotor.com\/#website\",\"url\":\"https:\/\/duyhungmotor.com\/\",\"name\":\"\",\"description\":\"\u0110\u1ea1i l\u00fd Xe M\u00e1y - Xe \u0110i\u1ec7n\",\"potentialAction\":[{\"@type\":\"SearchAction\",\"target\":{\"@type\":\"EntryPoint\",\"urlTemplate\":\"https:\/\/duyhungmotor.com\/?s={search_term_string}\"},\"query-input\":\"required name=search_term_string\"}],\"inLanguage\":\"vi\"}]}<\/script>\n<!-- \/ Yoast SEO plugin. -->","yoast_head_json":{"title":"New Galaxy 125 -","robots":{"index":"index","follow":"follow","max-snippet":"max-snippet:-1","max-image-preview":"max-image-preview:large","max-video-preview":"max-video-preview:-1"},"canonical":"https:\/\/duyhungmotor.com\/?product=new-galaxy-125","og_locale":"vi_VN","og_type":"article","og_title":"New Galaxy 125 -","og_description":"New Galaxy 125 b\u1ea3o h\u00e0nh 3 n\u0103m ho\u1eb7c 30.000km t\u00f9y theo \u0111i\u1ec1u ki\u1ec7n n\u00e0o \u0111\u1ebfn tr\u01b0\u1edbc.","og_url":"https:\/\/duyhungmotor.com\/?product=new-galaxy-125","og_image":[{"width":400,"height":400,"url":"https:\/\/duyhungmotor.com\/wp-content\/uploads\/2020\/11\/download-4.png","type":"image\/png"}],"twitter_card":"summary_large_image","twitter_misc":{"\u01af\u1edbc t\u00ednh th\u1eddi gian \u0111\u1ecdc":"1 ph\u00fat"},"schema":{"@context":"https:\/\/schema.org","@graph":[{"@type":"WebPage","@id":"https:\/\/duyhungmotor.com\/?product=new-galaxy-125","url":"https:\/\/duyhungmotor.com\/?product=new-galaxy-125","name":"New Galaxy 125 -","isPartOf":{"@id":"https:\/\/duyhungmotor.com\/#website"},"datePublished":"2020-11-18T03:38:25+00:00","dateModified":"2020-11-18T03:38:25+00:00","breadcrumb":{"@id":"https:\/\/duyhungmotor.com\/?product=new-galaxy-125#breadcrumb"},"inLanguage":"vi","potentialAction":[{"@type":"ReadAction","target":["https:\/\/duyhungmotor.com\/?product=new-galaxy-125"]}]},{"@type":"BreadcrumbList","@id":"https:\/\/duyhungmotor.com\/?product=new-galaxy-125#breadcrumb","itemListElement":[{"@type":"ListItem","position":1,"name":"Trang ch\u1ee7","item":"https:\/\/duyhungmotor.com\/"},{"@type":"ListItem","position":2,"name":"New Galaxy 125"}]},{"@type":"WebSite","@id":"https:\/\/duyhungmotor.com\/#website","url":"https:\/\/duyhungmotor.com\/","name":"","description":"\u0110\u1ea1i l\u00fd Xe M\u00e1y - Xe \u0110i\u1ec7n","potentialAction":[{"@type":"SearchAction","target":{"@type":"EntryPoint","urlTemplate":"https:\/\/duyhungmotor.com\/?s={search_term_string}"},"query-input":"required name=search_term_string"}],"inLanguage":"vi"}]}},"_links":{"self":[{"href":"https:\/\/duyhungmotor.com\/index.php?rest_route=\/wp\/v2\/product\/726","targetHints":{"allow":["GET"]}}],"collection":[{"href":"https:\/\/duyhungmotor.com\/index.php?rest_route=\/wp\/v2\/product"}],"about":[{"href":"https:\/\/duyhungmotor.com\/index.php?rest_route=\/wp\/v2\/types\/product"}],"wp:featuredmedia":[{"embeddable":true,"href":"https:\/\/duyhungmotor.com\/index.php?rest_route=\/wp\/v2\/media\/729"}],"wp:attachment":[{"href":"https:\/\/duyhungmotor.com\/index.php?rest_route=%2Fwp%2Fv2%2Fmedia&parent=726"}],"curies":[{"name":"wp","href":"https:\/\/api.w.org\/{rel}","templated":true}]}}