{"id":719,"date":"2020-11-18T10:32:11","date_gmt":"2020-11-18T03:32:11","guid":{"rendered":"http:\/\/duyhungmotor.com\/?post_type=product&#038;p=719"},"modified":"2020-11-18T10:32:11","modified_gmt":"2020-11-18T03:32:11","slug":"venus-125-efi","status":"publish","type":"product","link":"https:\/\/duyhungmotor.com\/?product=venus-125-efi","title":{"rendered":"Venus 125 EFI"},"content":{"rendered":"<div class=\"fleft w100per box-detail-products\">\n<div class=\"head\">\n<div class=\"title\" style=\"text-align: center;\"><span class=\"t-first\">\u0110\u1eb6C T\u00cdNH<\/span><span class=\"t-last\">K\u1ef8 THU\u1eacT<\/span><\/div>\n<\/div>\n<div class=\"clear\" style=\"text-align: center;\"><\/div>\n<div class=\"content\" style=\"text-align: center;\">\n<div id=\"slider2_container\">\n<div>\n<div class=\"\">\n<div class=\"slides\"><\/div>\n<div class=\"slides\">\n<div><\/div>\n<div class=\"slides-child\">\n<div class=\"box-jssor-product\"><img decoding=\"async\" class=\"i-img\" src=\"http:\/\/www.sym.com.vn\/images\/products\/specs\/6_43_1459653446.jpg\" \/><\/p>\n<div class=\"i-box\"><span class=\"fleft w100per detail-title\">N\u1eafp \u0111\u1ed5 x\u0103ng ti\u1ec7n l\u1ee3i<\/span><span class=\"fleft w100per detail-content\">N\u1eafp b\u00ecnh x\u0103ng \u0111\u01b0\u1ee3c gi\u1ea5u \u1edf c\u1ed1p tr\u01b0\u1edbc r\u1ea5t an to\u00e0n. Thao t\u00e1c m\u1edf n\u1eafp x\u0103ng nh\u1eb9 nh\u00e0ng nh\u1edd c\u01a1 ch\u1ebf n\u1eafp x\u0103ng t\u1ef1 m\u1edf khi xoay ch\u00eca kh\u00f3a sang ph\u1ea3i.<\/span><\/div>\n<\/div>\n<p><img decoding=\"async\" src=\"http:\/\/www.sym.com.vn\/images\/products\/specs\/6_43_1459653446.jpg\" \/><\/div>\n<div class=\"slides-child\">\n<div class=\"box-jssor-product\"><img decoding=\"async\" class=\"i-img\" src=\"http:\/\/www.sym.com.vn\/images\/products\/specs\/6_723_1459653446.jpg\" \/><\/p>\n<div class=\"i-box\"><span class=\"fleft w100per detail-title\">\u0110\u00e8n \u0111u\u00f4i d\u1ea1ng hoa v\u0103n<\/span><span class=\"fleft w100per detail-content\">Thi\u1ebft k\u1ebf c\u1ee5m \u0111\u00e8n \u0111u\u00f4i c\u00e1ch \u0111i\u1ec7u nh\u01b0 m\u1ed9t chu\u1ed5i ng\u1ecdc, t\u0103ng v\u1ebb \u0111\u1eb9p v\u00e0 c\u00e1 t\u00ednh h\u01a1n cho xe.<\/span><\/div>\n<\/div>\n<p><img decoding=\"async\" src=\"http:\/\/www.sym.com.vn\/images\/products\/specs\/6_723_1459653446.jpg\" \/><\/div>\n<div class=\"slides-child\">\n<div class=\"box-jssor-product\"><img decoding=\"async\" class=\"i-img\" src=\"http:\/\/www.sym.com.vn\/images\/products\/specs\/6_57_1459653446.jpg\" \/><\/p>\n<div class=\"i-box\"><span class=\"fleft w100per detail-title\">N\u1eafp \u0111\u1ed5 x\u0103ng ti\u1ec7n l\u1ee3i<\/span><span class=\"fleft w100per detail-content\">N\u1eafp b\u00ecnh x\u0103ng \u0111\u01b0\u1ee3c gi\u1ea5u \u1edf c\u1ed1p tr\u01b0\u1edbc r\u1ea5t an to\u00e0n. Thao t\u00e1c m\u1edf n\u1eafp x\u0103ng nh\u1eb9 nh\u00e0ng nh\u1edd c\u01a1 ch\u1ebf n\u1eafp x\u0103ng t\u1ef1 m\u1edf khi xoay ch\u00eca kh\u00f3a sang ph\u1ea3i.<\/span><\/div>\n<\/div>\n<p><img decoding=\"async\" src=\"http:\/\/www.sym.com.vn\/images\/products\/specs\/6_57_1459653446.jpg\" \/><\/div>\n<div class=\"slides-child\">\n<div class=\"box-jssor-product\"><img decoding=\"async\" class=\"i-img\" src=\"http:\/\/www.sym.com.vn\/images\/products\/specs\/6_385_1459653446.jpg\" \/><\/p>\n<div class=\"i-box\"><span class=\"fleft w100per detail-title\">Ng\u0103n ch\u1ee9a \u0111\u1ed3 si\u00eau l\u1edbn<\/span><span class=\"fleft w100per detail-content\">Ng\u0103n ch\u1ee9a \u0111\u1ed3 d\u01b0\u1edbi y\u00ean xe si\u00eau l\u1edbn, c\u00f3 th\u1ec3 ch\u1ee9a 2 n\u00f3n b\u1ea3o hi\u1ec3m lo\u1ea1i \u00be \u0111\u1ea7u v\u00e0 nh\u1eefng v\u1eadt d\u1ee5ng c\u1ea7n thi\u1ebft kh\u00e1c.<\/span><\/div>\n<\/div>\n<p><img decoding=\"async\" src=\"http:\/\/www.sym.com.vn\/images\/products\/specs\/6_385_1459653446.jpg\" \/><\/div>\n<div class=\"slides-child\">\n<div class=\"box-jssor-product\"><img decoding=\"async\" class=\"i-img\" src=\"http:\/\/www.sym.com.vn\/images\/products\/specs\/6_54_1459653446.jpg\" \/><\/p>\n<div class=\"i-box\"><span class=\"fleft w100per detail-title\">M\u1eb7t n\u1ea1 xe<\/span><span class=\"fleft w100per detail-content\">M\u1eb7t n\u1ea1 xe v\u1edbi hai \u0111\u01b0\u1eddng vu\u1ed1t cong c\u00f9ng v\u1edbi logo \u1edf gi\u1eefa t\u1ea1o m\u1ed9t n\u00e9t \u0111\u1eb9p ri\u00eang bi\u1ec7t, n\u1ed5i b\u1eadt cho t\u00ednh c\u00e1ch c\u00e1 nh\u00e2n c\u0169ng nh\u01b0 s\u1ef1 s\u00e0nh \u0111i\u1ec7u.<\/span><\/div>\n<\/div>\n<p><img decoding=\"async\" src=\"http:\/\/www.sym.com.vn\/images\/products\/specs\/6_54_1459653446.jpg\" \/><\/div>\n<div class=\"slides-child\">\n<div class=\"box-jssor-product\"><img decoding=\"async\" class=\"i-img\" src=\"http:\/\/www.sym.com.vn\/images\/products\/specs\/6_463_1459653446.jpg\" \/><\/p>\n<div class=\"i-box\"><span class=\"fleft w100per detail-title\">Ch\u00eca kh\u00f3a 4 in 1<\/span><span class=\"fleft w100per detail-content\">Ch\u00eca kh\u00f3a xe \u0111\u01b0\u1ee3c t\u00edch h\u1ee3p trong b\u1ed9 \u0111i\u1ec1u khi\u1ec3n 4 trong 1, c\u00f3 th\u1ec3 t\u00ecm xe, m\u1edf y\u00ean, kh\u00f3a ch\u1ed1ng tr\u1ed9m v\u00e0 c\u00f4ng t\u1eafc \u0111i\u1ec7n.<\/span><\/div>\n<\/div>\n<p><img decoding=\"async\" src=\"http:\/\/www.sym.com.vn\/images\/products\/specs\/6_463_1459653446.jpg\" \/><\/div>\n<div class=\"slides-child\">\n<div class=\"box-jssor-product\"><img decoding=\"async\" class=\"i-img\" src=\"http:\/\/www.sym.com.vn\/images\/products\/specs\/6_202_1459653446.jpg\" \/><\/p>\n<div class=\"i-box\"><span class=\"fleft w100per detail-title\">\u0110\u1ed9ng c\u01a1<\/span><span class=\"fleft w100per detail-content\">V\u1edbi \u0111\u1ed9ng c\u01a1 SES th\u00f4ng minh th\u1ebf h\u1ec7 m\u1edbi t\u00edch h\u1ee3p h\u1ec7 th\u1ed1ng phun x\u0103ng \u0111i\u1ec7n t\u1eed EFI hi\u1ec7n \u0111\u1ea1i, h\u1ec7 th\u1ed1ng d\u1eebng th\u00f4ng minh Smart idle, c\u00f4ng ngh\u1ec7 \u0111\u1ed1t ch\u00e1y t\u1ed1i \u01b0u\u2026Nh\u1edd \u01b0u th\u1ebf n\u00e0y, Venus EFI 125 kh\u1edfi \u0111\u1ed9ng \u00eam h\u01a1n, t\u0103ng tu\u1ed5i th\u1ecd \u0111\u1ed9ng h\u01a1n, ti\u1ebft ki\u1ec7m nhi\u00ean li\u1ec7u h\u01a1n, b\u1ea3o v\u1ec7 m\u00f4i tr\u01b0\u1eddng v\u00e0 v\u1eadn h\u00e0nh t\u1ed1i \u01b0u h\u01a1n.<\/span><\/div>\n<\/div>\n<p><img decoding=\"async\" src=\"http:\/\/www.sym.com.vn\/images\/products\/specs\/6_202_1459653446.jpg\" \/><\/div>\n<div class=\"slides-child\">\n<div class=\"box-jssor-product\"><img decoding=\"async\" class=\"i-img\" src=\"http:\/\/www.sym.com.vn\/images\/products\/specs\/6_418_1459653446.jpg\" \/><\/p>\n<div class=\"i-box\"><span class=\"fleft w100per detail-title\">N\u00fat m\u1edf y\u00ean<\/span><span class=\"fleft w100per detail-content\">N\u00fat m\u1edf y\u00ean \u0111\u1eb7t c\u1ea1nh tay l\u00e1i d\u1ec5 d\u00e0ng m\u1edf y\u00ean m\u00e0 kh\u00f4ng c\u1ea7n \u0111\u1ebfn ch\u00eca kh\u00f3a, r\u1ea5t ti\u1ec7n d\u1ee5ng.<\/span><\/div>\n<\/div>\n<p><img decoding=\"async\" src=\"http:\/\/www.sym.com.vn\/images\/products\/specs\/6_418_1459653446.jpg\" \/><\/div>\n<div class=\"slides-child\">\n<div class=\"box-jssor-product\"><img decoding=\"async\" class=\"i-img\" src=\"http:\/\/www.sym.com.vn\/images\/products\/specs\/6_710_1459653446.jpg\" \/><\/p>\n<div class=\"i-box\"><span class=\"fleft w100per detail-title\">Smart idle<\/span><span class=\"fleft w100per detail-content\">Smart idle l\u00e0 h\u1ec7 th\u1ed1ng d\u1eebng th\u00f4ng minh, \u0111\u1ed9ng c\u01a1 s\u1ebd t\u1ef1 t\u1eaft khi d\u1eebng qu\u00e1 3&#8221;, v\u00e0 ch\u1ec9 c\u1ea7n k\u00e9o nh\u1eb9 ga l\u00e0 xe ho\u1ea1t \u0111\u1ed9ng tr\u1edf l\u1ea1i m\u00e0 kh\u00f4ng c\u1ea7n nh\u1ea5n n\u00fat \u0111\u1ec1. Gi\u00fap ti\u1ebft ki\u1ec7m x\u0103ng h\u01a1n v\u00e0 th\u00e2n thi\u1ec7n v\u1edbi m\u00f4i tr\u01b0\u1eddng.<\/span><\/div>\n<\/div>\n<p><img decoding=\"async\" src=\"http:\/\/www.sym.com.vn\/images\/products\/specs\/6_710_1459653446.jpg\" \/><\/div>\n<\/div>\n<div class=\"jssort03\">\n<div>\n<div class=\"jssort03\">\n<div><\/div>\n<div>\n<div><\/div>\n<\/div>\n<div>\n<div><\/div>\n<div>\n<div class=\"p pav\">\n<div class=\"w\">\n<div class=\"t\"><img decoding=\"async\" class=\"i\" src=\"http:\/\/www.sym.com.vn\/images\/products\/specs\/6_43_1459653446.jpg\" \/><\/p>\n<div class=\"c\">\n<p>N\u1eafp \u0111\u1ed5 x\u0103ng ti\u1ec7n l\u1ee3i<\/p>\n<\/div>\n<\/div>\n<\/div>\n<div class=\"c\"><\/div>\n<\/div>\n<\/div>\n<div>\n<div class=\"p\">\n<div class=\"w\">\n<div class=\"t\"><img decoding=\"async\" class=\"i\" src=\"http:\/\/www.sym.com.vn\/images\/products\/specs\/6_723_1459653446.jpg\" \/><\/p>\n<div class=\"c\">\n<p>\u0110\u00e8n \u0111u\u00f4i d\u1ea1ng hoa v\u0103n<\/p>\n<\/div>\n<\/div>\n<\/div>\n<div class=\"c\"><\/div>\n<\/div>\n<\/div>\n<div>\n<div class=\"p\">\n<div class=\"w\">\n<div class=\"t\"><img decoding=\"async\" class=\"i\" src=\"http:\/\/www.sym.com.vn\/images\/products\/specs\/6_57_1459653446.jpg\" \/><\/p>\n<div class=\"c\">\n<p>N\u1eafp \u0111\u1ed5 x\u0103ng ti\u1ec7n l\u1ee3i<\/p>\n<\/div>\n<\/div>\n<\/div>\n<div class=\"c\"><\/div>\n<\/div>\n<\/div>\n<div>\n<div class=\"p\">\n<div class=\"w\">\n<div class=\"t\"><img decoding=\"async\" class=\"i\" src=\"http:\/\/www.sym.com.vn\/images\/products\/specs\/6_385_1459653446.jpg\" \/><\/p>\n<div class=\"c\">\n<p>Ng\u0103n ch\u1ee9a \u0111\u1ed3 si\u00eau l\u1edbn<\/p>\n<\/div>\n<\/div>\n<\/div>\n<div class=\"c\"><\/div>\n<\/div>\n<\/div>\n<div>\n<div class=\"p\">\n<div class=\"w\">\n<div class=\"t\"><img decoding=\"async\" class=\"i\" src=\"http:\/\/www.sym.com.vn\/images\/products\/specs\/6_54_1459653446.jpg\" \/><\/p>\n<div class=\"c\">\n<p>M\u1eb7t n\u1ea1 xe<\/p>\n<\/div>\n<\/div>\n<\/div>\n<div class=\"c\"><\/div>\n<\/div>\n<\/div>\n<div>\n<div class=\"p\">\n<div class=\"w\">\n<div class=\"t\"><img decoding=\"async\" class=\"i\" src=\"http:\/\/www.sym.com.vn\/images\/products\/specs\/6_463_1459653446.jpg\" \/><\/p>\n<div class=\"c\">\n<p>Ch\u00eca kh\u00f3a 4 in 1<\/p>\n<\/div>\n<\/div>\n<\/div>\n<div class=\"c\"><\/div>\n<\/div>\n<\/div>\n<div>\n<div class=\"p\">\n<div class=\"w\">\n<div class=\"t\"><img decoding=\"async\" class=\"i\" src=\"http:\/\/www.sym.com.vn\/images\/products\/specs\/6_202_1459653446.jpg\" \/><\/p>\n<div class=\"c\">\n<p>\u0110\u1ed9ng c\u01a1<\/p>\n<\/div>\n<\/div>\n<\/div>\n<div class=\"c\"><\/div>\n<\/div>\n<\/div>\n<div>\n<div class=\"p\">\n<div class=\"w\">\n<div class=\"t\"><img decoding=\"async\" class=\"i\" src=\"http:\/\/www.sym.com.vn\/images\/products\/specs\/6_418_1459653446.jpg\" \/><\/p>\n<div class=\"c\">\n<p>N\u00fat m\u1edf y\u00ean<\/p>\n<\/div>\n<\/div>\n<\/div>\n<div class=\"c\"><\/div>\n<\/div>\n<\/div>\n<div>\n<div class=\"p\">\n<div class=\"w\">\n<div class=\"t\"><img decoding=\"async\" class=\"i\" src=\"http:\/\/www.sym.com.vn\/images\/products\/specs\/6_710_1459653446.jpg\" \/><\/p>\n<div class=\"c\">\n<p>Smart idle<\/p>\n<\/div>\n<\/div>\n<\/div>\n<div class=\"c\"><\/div>\n<\/div>\n<\/div>\n<\/div>\n<\/div>\n<\/div>\n<\/div>\n<\/div>\n<\/div>\n<\/div>\n<\/div>\n<\/div>\n<div class=\"fleft w100per box-detail-products\">\n<div id=\"tskt\" class=\"pos-link-scroll\" style=\"text-align: center;\"><\/div>\n<div class=\"head\">\n<div class=\"title\" style=\"text-align: center;\"><\/div>\n<\/div>\n<\/div>\n","protected":false},"excerpt":{"rendered":"<p>Attila Venus 125 EFI \u0111\u01b0\u1ee3c b\u1ea3o h\u00e0nh 2 n\u0103m ho\u1eb7c 30.000Km t\u00f9y theo \u0111i\u1ec1u ki\u1ec7n n\u00e0o t\u1edbi tr\u01b0\u1edbc.<\/p>\n","protected":false},"featured_media":720,"template":"","meta":[],"class_list":{"0":"post-719","1":"product","2":"type-product","3":"status-publish","4":"has-post-thumbnail","6":"product_cat-xe-may-sym","8":"first","9":"instock","10":"shipping-taxable","11":"product-type-simple"},"yoast_head":"<!-- This site is optimized with the Yoast SEO plugin v19.10 - https:\/\/yoast.com\/wordpress\/plugins\/seo\/ -->\n<title>Venus 125 EFI -<\/title>\n<meta name=\"robots\" content=\"index, follow, max-snippet:-1, max-image-preview:large, max-video-preview:-1\" \/>\n<link rel=\"canonical\" href=\"https:\/\/duyhungmotor.com\/?product=venus-125-efi\" \/>\n<meta property=\"og:locale\" content=\"vi_VN\" \/>\n<meta property=\"og:type\" content=\"article\" \/>\n<meta property=\"og:title\" content=\"Venus 125 EFI -\" \/>\n<meta property=\"og:description\" content=\"Attila Venus 125 EFI \u0111\u01b0\u1ee3c b\u1ea3o h\u00e0nh 2 n\u0103m ho\u1eb7c 30.000Km t\u00f9y theo \u0111i\u1ec1u ki\u1ec7n n\u00e0o t\u1edbi tr\u01b0\u1edbc.\" \/>\n<meta property=\"og:url\" content=\"https:\/\/duyhungmotor.com\/?product=venus-125-efi\" \/>\n<meta property=\"og:image\" content=\"https:\/\/duyhungmotor.com\/wp-content\/uploads\/2020\/11\/download-1-1.png\" \/>\n\t<meta property=\"og:image:width\" content=\"400\" \/>\n\t<meta property=\"og:image:height\" content=\"400\" \/>\n\t<meta property=\"og:image:type\" content=\"image\/png\" \/>\n<meta name=\"twitter:card\" content=\"summary_large_image\" \/>\n<meta name=\"twitter:label1\" content=\"\u01af\u1edbc t\u00ednh th\u1eddi gian \u0111\u1ecdc\" \/>\n\t<meta name=\"twitter:data1\" content=\"3 ph\u00fat\" \/>\n<script type=\"application\/ld+json\" class=\"yoast-schema-graph\">{\"@context\":\"https:\/\/schema.org\",\"@graph\":[{\"@type\":\"WebPage\",\"@id\":\"https:\/\/duyhungmotor.com\/?product=venus-125-efi\",\"url\":\"https:\/\/duyhungmotor.com\/?product=venus-125-efi\",\"name\":\"Venus 125 EFI -\",\"isPartOf\":{\"@id\":\"https:\/\/duyhungmotor.com\/#website\"},\"datePublished\":\"2020-11-18T03:32:11+00:00\",\"dateModified\":\"2020-11-18T03:32:11+00:00\",\"breadcrumb\":{\"@id\":\"https:\/\/duyhungmotor.com\/?product=venus-125-efi#breadcrumb\"},\"inLanguage\":\"vi\",\"potentialAction\":[{\"@type\":\"ReadAction\",\"target\":[\"https:\/\/duyhungmotor.com\/?product=venus-125-efi\"]}]},{\"@type\":\"BreadcrumbList\",\"@id\":\"https:\/\/duyhungmotor.com\/?product=venus-125-efi#breadcrumb\",\"itemListElement\":[{\"@type\":\"ListItem\",\"position\":1,\"name\":\"Trang ch\u1ee7\",\"item\":\"https:\/\/duyhungmotor.com\/\"},{\"@type\":\"ListItem\",\"position\":2,\"name\":\"Venus 125 EFI\"}]},{\"@type\":\"WebSite\",\"@id\":\"https:\/\/duyhungmotor.com\/#website\",\"url\":\"https:\/\/duyhungmotor.com\/\",\"name\":\"\",\"description\":\"\u0110\u1ea1i l\u00fd Xe M\u00e1y - Xe \u0110i\u1ec7n\",\"potentialAction\":[{\"@type\":\"SearchAction\",\"target\":{\"@type\":\"EntryPoint\",\"urlTemplate\":\"https:\/\/duyhungmotor.com\/?s={search_term_string}\"},\"query-input\":\"required name=search_term_string\"}],\"inLanguage\":\"vi\"}]}<\/script>\n<!-- \/ Yoast SEO plugin. -->","yoast_head_json":{"title":"Venus 125 EFI -","robots":{"index":"index","follow":"follow","max-snippet":"max-snippet:-1","max-image-preview":"max-image-preview:large","max-video-preview":"max-video-preview:-1"},"canonical":"https:\/\/duyhungmotor.com\/?product=venus-125-efi","og_locale":"vi_VN","og_type":"article","og_title":"Venus 125 EFI -","og_description":"Attila Venus 125 EFI \u0111\u01b0\u1ee3c b\u1ea3o h\u00e0nh 2 n\u0103m ho\u1eb7c 30.000Km t\u00f9y theo \u0111i\u1ec1u ki\u1ec7n n\u00e0o t\u1edbi tr\u01b0\u1edbc.","og_url":"https:\/\/duyhungmotor.com\/?product=venus-125-efi","og_image":[{"width":400,"height":400,"url":"https:\/\/duyhungmotor.com\/wp-content\/uploads\/2020\/11\/download-1-1.png","type":"image\/png"}],"twitter_card":"summary_large_image","twitter_misc":{"\u01af\u1edbc t\u00ednh th\u1eddi gian \u0111\u1ecdc":"3 ph\u00fat"},"schema":{"@context":"https:\/\/schema.org","@graph":[{"@type":"WebPage","@id":"https:\/\/duyhungmotor.com\/?product=venus-125-efi","url":"https:\/\/duyhungmotor.com\/?product=venus-125-efi","name":"Venus 125 EFI -","isPartOf":{"@id":"https:\/\/duyhungmotor.com\/#website"},"datePublished":"2020-11-18T03:32:11+00:00","dateModified":"2020-11-18T03:32:11+00:00","breadcrumb":{"@id":"https:\/\/duyhungmotor.com\/?product=venus-125-efi#breadcrumb"},"inLanguage":"vi","potentialAction":[{"@type":"ReadAction","target":["https:\/\/duyhungmotor.com\/?product=venus-125-efi"]}]},{"@type":"BreadcrumbList","@id":"https:\/\/duyhungmotor.com\/?product=venus-125-efi#breadcrumb","itemListElement":[{"@type":"ListItem","position":1,"name":"Trang ch\u1ee7","item":"https:\/\/duyhungmotor.com\/"},{"@type":"ListItem","position":2,"name":"Venus 125 EFI"}]},{"@type":"WebSite","@id":"https:\/\/duyhungmotor.com\/#website","url":"https:\/\/duyhungmotor.com\/","name":"","description":"\u0110\u1ea1i l\u00fd Xe M\u00e1y - Xe \u0110i\u1ec7n","potentialAction":[{"@type":"SearchAction","target":{"@type":"EntryPoint","urlTemplate":"https:\/\/duyhungmotor.com\/?s={search_term_string}"},"query-input":"required name=search_term_string"}],"inLanguage":"vi"}]}},"_links":{"self":[{"href":"https:\/\/duyhungmotor.com\/index.php?rest_route=\/wp\/v2\/product\/719","targetHints":{"allow":["GET"]}}],"collection":[{"href":"https:\/\/duyhungmotor.com\/index.php?rest_route=\/wp\/v2\/product"}],"about":[{"href":"https:\/\/duyhungmotor.com\/index.php?rest_route=\/wp\/v2\/types\/product"}],"wp:featuredmedia":[{"embeddable":true,"href":"https:\/\/duyhungmotor.com\/index.php?rest_route=\/wp\/v2\/media\/720"}],"wp:attachment":[{"href":"https:\/\/duyhungmotor.com\/index.php?rest_route=%2Fwp%2Fv2%2Fmedia&parent=719"}],"curies":[{"name":"wp","href":"https:\/\/api.w.org\/{rel}","templated":true}]}}