{"id":700,"date":"2020-11-17T23:33:58","date_gmt":"2020-11-17T16:33:58","guid":{"rendered":"http:\/\/duyhungmotor.com\/?post_type=product&#038;p=700"},"modified":"2020-11-17T23:33:58","modified_gmt":"2020-11-17T16:33:58","slug":"elite-50","status":"publish","type":"product","link":"https:\/\/duyhungmotor.com\/?product=elite-50","title":{"rendered":"Elite 50"},"content":{"rendered":"<div class=\"head\">\n<div class=\"title\"><span class=\"t-first\">TH\u00d4NG S\u1ed0<\/span><span class=\"t-last\">K\u1ef8 THU\u1eacT<\/span><\/div>\n<\/div>\n<div class=\"content\">\n<p>&nbsp;<\/p>\n<table border=\"1\" cellspacing=\"0\">\n<tbody>\n<tr>\n<td>\n<p align=\"center\"><strong>Model<\/strong><\/p>\n<\/td>\n<td>\n<p align=\"center\"><strong>Elite 50<\/strong><\/p>\n<\/td>\n<\/tr>\n<tr>\n<td>\u00a0 \u00a0D\u00e0i &#8211; R\u1ed9ng &#8211; Cao<\/td>\n<td>\u00a0 \u00a01.725 x 650 x 1025mm<\/td>\n<\/tr>\n<tr>\n<td>\u00a0 \u00a0Kho\u1ea3ng c\u00e1ch g\u1ea7m<\/td>\n<td>\u00a0 \u00a0100mmm<\/td>\n<\/tr>\n<tr>\n<td>\u00a0 \u00a0Kho\u1ea3ng c\u00e1ch 2 tr\u1ee5c<\/td>\n<td>\u00a0 \u00a01230 mm<\/td>\n<\/tr>\n<tr>\n<td>\u00a0 \u00a0T\u1ed5ng tr\u1ecdng l\u01b0\u1ee3ng kh\u00f4\/T\u1ea3i tr\u1ecdng<\/td>\n<td>\u00a0 \u00a084kg\/130kg<\/td>\n<\/tr>\n<tr>\n<td>\u00a0 \u00a0\u0110\u1ed9 cao y\u00ean xe<\/td>\n<td>\u00a0 \u00a0740mm<\/td>\n<\/tr>\n<tr>\n<td>\u00a0 \u00a0\u0110\u1ed9ng c\u01a1<\/td>\n<td>\u00a0 \u00a04 th\u00ec<\/td>\n<\/tr>\n<tr>\n<td>\u00a0 \u00a0Nhi\u00ean li\u1ec7u s\u1eed d\u1ee5ng<\/td>\n<td>\u00a0 \u00a0X\u0103ng kh\u00f4ng ch\u00ec (tr\u00ean 92)<\/td>\n<\/tr>\n<tr>\n<td>\u00a0 \u00a0Dung t\u00edch b\u00ecnh x\u0103ng<\/td>\n<td>\u00a0 \u00a04.5L<\/td>\n<\/tr>\n<tr>\n<td>\u00a0 \u00a0Ph\u00e2n kh\u1ed1i<\/td>\n<td>\u00a0 \u00a049.5cc<\/td>\n<\/tr>\n<tr>\n<td>\u00a0 \u00a0M\u1ee9c hao x\u0103ng<\/td>\n<td>\u00a0 \u00a01.88L\/100km<\/td>\n<\/tr>\n<tr>\n<td>\u00a0 \u00a0C\u00f4ng su\u1ea5t t\u1ed1i \u0111a<\/td>\n<td>\u00a0 \u00a02.7kw\/8000 rpm<\/td>\n<\/tr>\n<tr>\n<td>\u00a0 \u00a0Momen c\u1ef1c \u0111\u1ea1i<\/td>\n<td>\u00a0 \u00a03.4kgf.m\/ 7000 rpm<\/td>\n<\/tr>\n<tr>\n<td>\u00a0 \u00a0H\u1ec7 th\u1ed1ng th\u1eafng tr\u01b0\u1edbc<\/td>\n<td>\u00a0 \u00a0Phanh tr\u1ed1ng (\u0111\u00f9m)<\/td>\n<\/tr>\n<tr>\n<td>\u00a0 \u00a0H\u1ec7 th\u1ed1ng th\u1eafng sau<\/td>\n<td>\u00a0 \u00a0Phanh tr\u1ed1ng (\u0111\u00f9m)<\/td>\n<\/tr>\n<tr>\n<td>\u00a0 \u00a0H\u1ec7 th\u1ed1ng kh\u1edfi \u0111\u1ed9ng<\/td>\n<td>\u00a0 \u00a0\u0110\u1ec1\/\u0111\u1ea1p<\/td>\n<\/tr>\n<tr>\n<td>\u00a0 \u00a0H\u1ec7 th\u1ed1ng truy\u1ec1n \u0111\u1ed9ng<\/td>\n<td>\u00a0 \u00a0T\u1ef1 \u0111\u1ed9ng v\u00f4 c\u1ea5p<\/td>\n<\/tr>\n<tr>\n<td>\u00a0 \u00a0Phu\u1ed9c tr\u01b0\u1edbc<\/td>\n<td>\u00a0 \u00a0Th\u1ee7y l\u1ef1c<\/td>\n<\/tr>\n<tr>\n<td>\u00a0 \u00a0Phu\u1ed9c sau<\/td>\n<td>\u00a0 \u00a0L\u00f2 xo tr\u1ee5<\/td>\n<\/tr>\n<tr>\n<td>\u00a0 \u00a0V\u1ecf\/l\u1ed1p tr\u01b0\u1edbc<\/td>\n<td>\u00a0 \u00a0Kh\u00f4ng ru\u1ed9t 90\/90-10<\/td>\n<\/tr>\n<tr>\n<td>\u00a0 \u00a0V\u1ecf\/l\u1ed1p sau<\/td>\n<td>\u00a0 \u00a0Kh\u00f4ng ru\u1ed9t 90\/90-10<\/td>\n<\/tr>\n<tr>\n<td>\u00a0 \u00a0\u0110\u00e8n pha<\/td>\n<td>\u00a0 \u00a012V-35W\/35W<\/td>\n<\/tr>\n<tr>\n<td>\u00a0 \u00a0\u0110\u00e8n \u0111\u1ecbnh v\u1ecb tr\u01b0\u1edbc<\/td>\n<td>\u00a0 \u00a012V-5W<\/td>\n<\/tr>\n<tr>\n<td>\u00a0 \u00a0\u0110\u00e8n sau, \u0111\u00e8n th\u1eafng<\/td>\n<td>\u00a0 \u00a012V-5W\/21W<\/td>\n<\/tr>\n<tr>\n<td>\u00a0 \u00a0\u0110\u00e8n signal<\/td>\n<td>\u00a0 \u00a012V-10W<\/td>\n<\/tr>\n<\/tbody>\n<\/table>\n<\/div>\n","protected":false},"excerpt":{"rendered":"<p>Elite 50 b\u1ea3o h\u00e0nh 2 n\u0103m ho\u1eb7c 30.000km, t\u00f9y \u0111i\u1ec1u ki\u1ec7n n\u00e0o \u0111\u1ebfn tr\u01b0\u1edbc.<\/p>\n","protected":false},"featured_media":701,"template":"","meta":[],"class_list":{"0":"post-700","1":"product","2":"type-product","3":"status-publish","4":"has-post-thumbnail","6":"product_cat-xe-may-sym","8":"first","9":"instock","10":"shipping-taxable","11":"product-type-simple"},"yoast_head":"<!-- This site is optimized with the Yoast SEO plugin v19.10 - https:\/\/yoast.com\/wordpress\/plugins\/seo\/ -->\n<title>Elite 50 -<\/title>\n<meta name=\"robots\" content=\"index, follow, max-snippet:-1, max-image-preview:large, max-video-preview:-1\" \/>\n<link rel=\"canonical\" href=\"https:\/\/duyhungmotor.com\/?product=elite-50\" \/>\n<meta property=\"og:locale\" content=\"vi_VN\" \/>\n<meta property=\"og:type\" content=\"article\" \/>\n<meta property=\"og:title\" content=\"Elite 50 -\" \/>\n<meta property=\"og:description\" content=\"Elite 50 b\u1ea3o h\u00e0nh 2 n\u0103m ho\u1eb7c 30.000km, t\u00f9y \u0111i\u1ec1u ki\u1ec7n n\u00e0o \u0111\u1ebfn tr\u01b0\u1edbc.\" \/>\n<meta property=\"og:url\" content=\"https:\/\/duyhungmotor.com\/?product=elite-50\" \/>\n<meta property=\"og:image\" content=\"https:\/\/duyhungmotor.com\/wp-content\/uploads\/2020\/11\/tai-xuong-2.png\" \/>\n\t<meta property=\"og:image:width\" content=\"400\" \/>\n\t<meta property=\"og:image:height\" content=\"400\" \/>\n\t<meta property=\"og:image:type\" content=\"image\/png\" \/>\n<meta name=\"twitter:card\" content=\"summary_large_image\" \/>\n<meta name=\"twitter:label1\" content=\"\u01af\u1edbc t\u00ednh th\u1eddi gian \u0111\u1ecdc\" \/>\n\t<meta name=\"twitter:data1\" content=\"1 ph\u00fat\" \/>\n<script type=\"application\/ld+json\" class=\"yoast-schema-graph\">{\"@context\":\"https:\/\/schema.org\",\"@graph\":[{\"@type\":\"WebPage\",\"@id\":\"https:\/\/duyhungmotor.com\/?product=elite-50\",\"url\":\"https:\/\/duyhungmotor.com\/?product=elite-50\",\"name\":\"Elite 50 -\",\"isPartOf\":{\"@id\":\"https:\/\/duyhungmotor.com\/#website\"},\"datePublished\":\"2020-11-17T16:33:58+00:00\",\"dateModified\":\"2020-11-17T16:33:58+00:00\",\"breadcrumb\":{\"@id\":\"https:\/\/duyhungmotor.com\/?product=elite-50#breadcrumb\"},\"inLanguage\":\"vi\",\"potentialAction\":[{\"@type\":\"ReadAction\",\"target\":[\"https:\/\/duyhungmotor.com\/?product=elite-50\"]}]},{\"@type\":\"BreadcrumbList\",\"@id\":\"https:\/\/duyhungmotor.com\/?product=elite-50#breadcrumb\",\"itemListElement\":[{\"@type\":\"ListItem\",\"position\":1,\"name\":\"Trang ch\u1ee7\",\"item\":\"https:\/\/duyhungmotor.com\/\"},{\"@type\":\"ListItem\",\"position\":2,\"name\":\"Elite 50\"}]},{\"@type\":\"WebSite\",\"@id\":\"https:\/\/duyhungmotor.com\/#website\",\"url\":\"https:\/\/duyhungmotor.com\/\",\"name\":\"\",\"description\":\"\u0110\u1ea1i l\u00fd Xe M\u00e1y - Xe \u0110i\u1ec7n\",\"potentialAction\":[{\"@type\":\"SearchAction\",\"target\":{\"@type\":\"EntryPoint\",\"urlTemplate\":\"https:\/\/duyhungmotor.com\/?s={search_term_string}\"},\"query-input\":\"required name=search_term_string\"}],\"inLanguage\":\"vi\"}]}<\/script>\n<!-- \/ Yoast SEO plugin. -->","yoast_head_json":{"title":"Elite 50 -","robots":{"index":"index","follow":"follow","max-snippet":"max-snippet:-1","max-image-preview":"max-image-preview:large","max-video-preview":"max-video-preview:-1"},"canonical":"https:\/\/duyhungmotor.com\/?product=elite-50","og_locale":"vi_VN","og_type":"article","og_title":"Elite 50 -","og_description":"Elite 50 b\u1ea3o h\u00e0nh 2 n\u0103m ho\u1eb7c 30.000km, t\u00f9y \u0111i\u1ec1u ki\u1ec7n n\u00e0o \u0111\u1ebfn tr\u01b0\u1edbc.","og_url":"https:\/\/duyhungmotor.com\/?product=elite-50","og_image":[{"width":400,"height":400,"url":"https:\/\/duyhungmotor.com\/wp-content\/uploads\/2020\/11\/tai-xuong-2.png","type":"image\/png"}],"twitter_card":"summary_large_image","twitter_misc":{"\u01af\u1edbc t\u00ednh th\u1eddi gian \u0111\u1ecdc":"1 ph\u00fat"},"schema":{"@context":"https:\/\/schema.org","@graph":[{"@type":"WebPage","@id":"https:\/\/duyhungmotor.com\/?product=elite-50","url":"https:\/\/duyhungmotor.com\/?product=elite-50","name":"Elite 50 -","isPartOf":{"@id":"https:\/\/duyhungmotor.com\/#website"},"datePublished":"2020-11-17T16:33:58+00:00","dateModified":"2020-11-17T16:33:58+00:00","breadcrumb":{"@id":"https:\/\/duyhungmotor.com\/?product=elite-50#breadcrumb"},"inLanguage":"vi","potentialAction":[{"@type":"ReadAction","target":["https:\/\/duyhungmotor.com\/?product=elite-50"]}]},{"@type":"BreadcrumbList","@id":"https:\/\/duyhungmotor.com\/?product=elite-50#breadcrumb","itemListElement":[{"@type":"ListItem","position":1,"name":"Trang ch\u1ee7","item":"https:\/\/duyhungmotor.com\/"},{"@type":"ListItem","position":2,"name":"Elite 50"}]},{"@type":"WebSite","@id":"https:\/\/duyhungmotor.com\/#website","url":"https:\/\/duyhungmotor.com\/","name":"","description":"\u0110\u1ea1i l\u00fd Xe M\u00e1y - Xe \u0110i\u1ec7n","potentialAction":[{"@type":"SearchAction","target":{"@type":"EntryPoint","urlTemplate":"https:\/\/duyhungmotor.com\/?s={search_term_string}"},"query-input":"required name=search_term_string"}],"inLanguage":"vi"}]}},"_links":{"self":[{"href":"https:\/\/duyhungmotor.com\/index.php?rest_route=\/wp\/v2\/product\/700","targetHints":{"allow":["GET"]}}],"collection":[{"href":"https:\/\/duyhungmotor.com\/index.php?rest_route=\/wp\/v2\/product"}],"about":[{"href":"https:\/\/duyhungmotor.com\/index.php?rest_route=\/wp\/v2\/types\/product"}],"wp:featuredmedia":[{"embeddable":true,"href":"https:\/\/duyhungmotor.com\/index.php?rest_route=\/wp\/v2\/media\/701"}],"wp:attachment":[{"href":"https:\/\/duyhungmotor.com\/index.php?rest_route=%2Fwp%2Fv2%2Fmedia&parent=700"}],"curies":[{"name":"wp","href":"https:\/\/api.w.org\/{rel}","templated":true}]}}