{"id":698,"date":"2020-11-17T23:31:01","date_gmt":"2020-11-17T16:31:01","guid":{"rendered":"http:\/\/duyhungmotor.com\/?post_type=product&#038;p=698"},"modified":"2020-11-17T23:31:01","modified_gmt":"2020-11-17T16:31:01","slug":"new-attila-125","status":"publish","type":"product","link":"https:\/\/duyhungmotor.com\/?product=new-attila-125","title":{"rendered":"New Attila 125"},"content":{"rendered":"<div class=\"fleft w100per box-detail-products\">\n<div class=\"head\">\n<div class=\"title\"><span class=\"t-first\">TH\u00d4NG S\u1ed0<\/span><span class=\"t-last\">K\u1ef8 THU\u1eacT<\/span><\/div>\n<\/div>\n<div class=\"content\">\n<table border=\"1\" cellspacing=\"0\">\n<tbody>\n<tr>\n<td>\n<p align=\"center\"><strong>Model<\/strong><\/p>\n<\/td>\n<td>\n<p align=\"center\"><strong>New Attila 125<\/strong><\/p>\n<\/td>\n<\/tr>\n<tr>\n<td>\u00a0 D\u00e0i &#8211; R\u1ed9ng &#8211; Cao<\/td>\n<td>\u00a0 1880 &#8211; 680 &#8211; 1120mm<\/td>\n<\/tr>\n<tr>\n<td>\u00a0 Kho\u1ea3ng c\u00e1ch 2 tr\u1ee5c<\/td>\n<td>\u00a0 1320mm<\/td>\n<\/tr>\n<tr>\n<td>\u00a0 Kho\u1ea3ng c\u00e1ch g\u1ea7m<\/td>\n<td>\u00a0 110mm<\/td>\n<\/tr>\n<tr>\n<td>\u00a0 T\u1ed5ng tr\u1ecdng l\u01b0\u1ee3ng kh\u00f4<\/td>\n<td>\u00a0 117kg<\/td>\n<\/tr>\n<tr>\n<td>\u00a0 \u0110\u1ed9ng c\u01a1 EFI<\/td>\n<td>\u00a0 4 th\u00ec<\/td>\n<\/tr>\n<tr>\n<td>\u00a0 Ph\u00e2n kh\u1ed1i<\/td>\n<td>\u00a0 124.6cc<\/td>\n<\/tr>\n<tr>\n<td>\u00a0 H\u1ec7 th\u1ed1ng l\u00e0m m\u00e1t<\/td>\n<td>\u00a0 B\u1eb1ng kh\u00f4ng kh\u00ed<\/td>\n<\/tr>\n<tr>\n<td>\u00a0 Nhi\u00ean li\u1ec7u s\u1eed d\u1ee5ng<\/td>\n<td>\u00a0 X\u0103ng kh\u00f4ng ch\u00ec tr\u00ean 92<\/td>\n<\/tr>\n<tr>\n<td>\u00a0 Dung t\u00edch b\u00ecnh x\u0103ng<\/td>\n<td>\u00a0 6.2L<\/td>\n<\/tr>\n<tr>\n<td>\u00a0 C\u00f4ng su\u1ea5t t\u1ed1i \u0111a<\/td>\n<td>\u00a0 7.7kw\/8500rpm<\/td>\n<\/tr>\n<tr>\n<td>\u00a0 Momen c\u1ef1c \u0111\u1ea1i<\/td>\n<td>\u00a0 9.4n.m\/6500rpm<\/td>\n<\/tr>\n<tr>\n<td>\u00a0 Th\u1eafng (phanh) tr\u01b0\u1edbc<\/td>\n<td>\u00a0 \u0110\u0129a<\/td>\n<\/tr>\n<tr>\n<td>\u00a0 Th\u1eafng (phanh) sau<\/td>\n<td>\u00a0 \u0110\u00f9m (c\u01a1)<\/td>\n<\/tr>\n<tr>\n<td>\u00a0 V\u1ecf (l\u1ed1p) tr\u01b0\u1edbc<\/td>\n<td>\u00a0 110\/70-12<\/td>\n<\/tr>\n<tr>\n<td>\u00a0 V\u1ecf (l\u1ed1p) sau<\/td>\n<td>\u00a0 120\/70-12<\/td>\n<\/tr>\n<tr>\n<td>\u00a0 \u0110\u00e8n pha<\/td>\n<td>\u00a0 Led<\/td>\n<\/tr>\n<tr>\n<td>\u00a0 \u0110\u00e8n sau, \u0111\u00e8n th\u1eafng<\/td>\n<td>\u00a0 Led<\/td>\n<\/tr>\n<tr>\n<td>\u00a0 \u0110\u00e8n signal<\/td>\n<td>\u00a0 12V\/10W<\/td>\n<\/tr>\n<\/tbody>\n<\/table>\n<\/div>\n<\/div>\n<div class=\"fleft w100per box-detail-products pos-link-scroll-last\">\n<div id=\"cdbh\" class=\"pos-link-scroll \"><\/div>\n<div class=\"head\">\n<div class=\"title\"><\/div>\n<\/div>\n<\/div>\n","protected":false},"excerpt":{"rendered":"<p>TH\u00d4NG S\u1ed0K\u1ef8 THU\u1eacT Model New Attila 125 \u00a0 D\u00e0i &#8211; R\u1ed9ng &#8211; Cao \u00a0 1880 &#8211; 680 &#8211; 1120mm \u00a0 Kho\u1ea3ng c\u00e1ch 2 tr\u1ee5c \u00a0 1320mm \u00a0 Kho\u1ea3ng c\u00e1ch g\u1ea7m \u00a0 110mm \u00a0 T\u1ed5ng tr\u1ecdng l\u01b0\u1ee3ng kh\u00f4 \u00a0 117kg \u00a0 \u0110\u1ed9ng c\u01a1 EFI \u00a0 4 th\u00ec \u00a0 Ph\u00e2n kh\u1ed1i \u00a0 124.6cc \u00a0 H\u1ec7 th\u1ed1ng l\u00e0m [&hellip;]<\/p>\n","protected":false},"featured_media":699,"template":"","meta":[],"class_list":{"0":"post-698","1":"product","2":"type-product","3":"status-publish","4":"has-post-thumbnail","6":"product_cat-xe-may-sym","8":"first","9":"instock","10":"shipping-taxable","11":"product-type-simple"},"yoast_head":"<!-- This site is optimized with the Yoast SEO plugin v19.10 - https:\/\/yoast.com\/wordpress\/plugins\/seo\/ -->\n<title>New Attila 125 -<\/title>\n<meta name=\"robots\" content=\"index, follow, max-snippet:-1, max-image-preview:large, max-video-preview:-1\" \/>\n<link rel=\"canonical\" href=\"https:\/\/duyhungmotor.com\/?product=new-attila-125\" \/>\n<meta property=\"og:locale\" content=\"vi_VN\" \/>\n<meta property=\"og:type\" content=\"article\" \/>\n<meta property=\"og:title\" content=\"New Attila 125 -\" \/>\n<meta property=\"og:description\" content=\"TH\u00d4NG S\u1ed0K\u1ef8 THU\u1eacT Model New Attila 125 \u00a0 D\u00e0i &#8211; R\u1ed9ng &#8211; Cao \u00a0 1880 &#8211; 680 &#8211; 1120mm \u00a0 Kho\u1ea3ng c\u00e1ch 2 tr\u1ee5c \u00a0 1320mm \u00a0 Kho\u1ea3ng c\u00e1ch g\u1ea7m \u00a0 110mm \u00a0 T\u1ed5ng tr\u1ecdng l\u01b0\u1ee3ng kh\u00f4 \u00a0 117kg \u00a0 \u0110\u1ed9ng c\u01a1 EFI \u00a0 4 th\u00ec \u00a0 Ph\u00e2n kh\u1ed1i \u00a0 124.6cc \u00a0 H\u1ec7 th\u1ed1ng l\u00e0m [&hellip;]\" \/>\n<meta property=\"og:url\" content=\"https:\/\/duyhungmotor.com\/?product=new-attila-125\" \/>\n<meta property=\"og:image\" content=\"https:\/\/duyhungmotor.com\/wp-content\/uploads\/2020\/11\/tai-xuong-1-1.png\" \/>\n\t<meta property=\"og:image:width\" content=\"400\" \/>\n\t<meta property=\"og:image:height\" content=\"400\" \/>\n\t<meta property=\"og:image:type\" content=\"image\/png\" \/>\n<meta name=\"twitter:card\" content=\"summary_large_image\" \/>\n<meta name=\"twitter:label1\" content=\"\u01af\u1edbc t\u00ednh th\u1eddi gian \u0111\u1ecdc\" \/>\n\t<meta name=\"twitter:data1\" content=\"1 ph\u00fat\" \/>\n<script type=\"application\/ld+json\" class=\"yoast-schema-graph\">{\"@context\":\"https:\/\/schema.org\",\"@graph\":[{\"@type\":\"WebPage\",\"@id\":\"https:\/\/duyhungmotor.com\/?product=new-attila-125\",\"url\":\"https:\/\/duyhungmotor.com\/?product=new-attila-125\",\"name\":\"New Attila 125 -\",\"isPartOf\":{\"@id\":\"https:\/\/duyhungmotor.com\/#website\"},\"datePublished\":\"2020-11-17T16:31:01+00:00\",\"dateModified\":\"2020-11-17T16:31:01+00:00\",\"breadcrumb\":{\"@id\":\"https:\/\/duyhungmotor.com\/?product=new-attila-125#breadcrumb\"},\"inLanguage\":\"vi\",\"potentialAction\":[{\"@type\":\"ReadAction\",\"target\":[\"https:\/\/duyhungmotor.com\/?product=new-attila-125\"]}]},{\"@type\":\"BreadcrumbList\",\"@id\":\"https:\/\/duyhungmotor.com\/?product=new-attila-125#breadcrumb\",\"itemListElement\":[{\"@type\":\"ListItem\",\"position\":1,\"name\":\"Trang ch\u1ee7\",\"item\":\"https:\/\/duyhungmotor.com\/\"},{\"@type\":\"ListItem\",\"position\":2,\"name\":\"New Attila 125\"}]},{\"@type\":\"WebSite\",\"@id\":\"https:\/\/duyhungmotor.com\/#website\",\"url\":\"https:\/\/duyhungmotor.com\/\",\"name\":\"\",\"description\":\"\u0110\u1ea1i l\u00fd Xe M\u00e1y - Xe \u0110i\u1ec7n\",\"potentialAction\":[{\"@type\":\"SearchAction\",\"target\":{\"@type\":\"EntryPoint\",\"urlTemplate\":\"https:\/\/duyhungmotor.com\/?s={search_term_string}\"},\"query-input\":\"required name=search_term_string\"}],\"inLanguage\":\"vi\"}]}<\/script>\n<!-- \/ Yoast SEO plugin. -->","yoast_head_json":{"title":"New Attila 125 -","robots":{"index":"index","follow":"follow","max-snippet":"max-snippet:-1","max-image-preview":"max-image-preview:large","max-video-preview":"max-video-preview:-1"},"canonical":"https:\/\/duyhungmotor.com\/?product=new-attila-125","og_locale":"vi_VN","og_type":"article","og_title":"New Attila 125 -","og_description":"TH\u00d4NG S\u1ed0K\u1ef8 THU\u1eacT Model New Attila 125 \u00a0 D\u00e0i &#8211; R\u1ed9ng &#8211; Cao \u00a0 1880 &#8211; 680 &#8211; 1120mm \u00a0 Kho\u1ea3ng c\u00e1ch 2 tr\u1ee5c \u00a0 1320mm \u00a0 Kho\u1ea3ng c\u00e1ch g\u1ea7m \u00a0 110mm \u00a0 T\u1ed5ng tr\u1ecdng l\u01b0\u1ee3ng kh\u00f4 \u00a0 117kg \u00a0 \u0110\u1ed9ng c\u01a1 EFI \u00a0 4 th\u00ec \u00a0 Ph\u00e2n kh\u1ed1i \u00a0 124.6cc \u00a0 H\u1ec7 th\u1ed1ng l\u00e0m [&hellip;]","og_url":"https:\/\/duyhungmotor.com\/?product=new-attila-125","og_image":[{"width":400,"height":400,"url":"https:\/\/duyhungmotor.com\/wp-content\/uploads\/2020\/11\/tai-xuong-1-1.png","type":"image\/png"}],"twitter_card":"summary_large_image","twitter_misc":{"\u01af\u1edbc t\u00ednh th\u1eddi gian \u0111\u1ecdc":"1 ph\u00fat"},"schema":{"@context":"https:\/\/schema.org","@graph":[{"@type":"WebPage","@id":"https:\/\/duyhungmotor.com\/?product=new-attila-125","url":"https:\/\/duyhungmotor.com\/?product=new-attila-125","name":"New Attila 125 -","isPartOf":{"@id":"https:\/\/duyhungmotor.com\/#website"},"datePublished":"2020-11-17T16:31:01+00:00","dateModified":"2020-11-17T16:31:01+00:00","breadcrumb":{"@id":"https:\/\/duyhungmotor.com\/?product=new-attila-125#breadcrumb"},"inLanguage":"vi","potentialAction":[{"@type":"ReadAction","target":["https:\/\/duyhungmotor.com\/?product=new-attila-125"]}]},{"@type":"BreadcrumbList","@id":"https:\/\/duyhungmotor.com\/?product=new-attila-125#breadcrumb","itemListElement":[{"@type":"ListItem","position":1,"name":"Trang ch\u1ee7","item":"https:\/\/duyhungmotor.com\/"},{"@type":"ListItem","position":2,"name":"New Attila 125"}]},{"@type":"WebSite","@id":"https:\/\/duyhungmotor.com\/#website","url":"https:\/\/duyhungmotor.com\/","name":"","description":"\u0110\u1ea1i l\u00fd Xe M\u00e1y - Xe \u0110i\u1ec7n","potentialAction":[{"@type":"SearchAction","target":{"@type":"EntryPoint","urlTemplate":"https:\/\/duyhungmotor.com\/?s={search_term_string}"},"query-input":"required name=search_term_string"}],"inLanguage":"vi"}]}},"_links":{"self":[{"href":"https:\/\/duyhungmotor.com\/index.php?rest_route=\/wp\/v2\/product\/698","targetHints":{"allow":["GET"]}}],"collection":[{"href":"https:\/\/duyhungmotor.com\/index.php?rest_route=\/wp\/v2\/product"}],"about":[{"href":"https:\/\/duyhungmotor.com\/index.php?rest_route=\/wp\/v2\/types\/product"}],"wp:featuredmedia":[{"embeddable":true,"href":"https:\/\/duyhungmotor.com\/index.php?rest_route=\/wp\/v2\/media\/699"}],"wp:attachment":[{"href":"https:\/\/duyhungmotor.com\/index.php?rest_route=%2Fwp%2Fv2%2Fmedia&parent=698"}],"curies":[{"name":"wp","href":"https:\/\/api.w.org\/{rel}","templated":true}]}}