{"id":695,"date":"2020-11-17T23:29:26","date_gmt":"2020-11-17T16:29:26","guid":{"rendered":"http:\/\/duyhungmotor.com\/?post_type=product&#038;p=695"},"modified":"2020-11-17T23:29:26","modified_gmt":"2020-11-17T16:29:26","slug":"passing-50","status":"publish","type":"product","link":"https:\/\/duyhungmotor.com\/?product=passing-50","title":{"rendered":"Passing 50"},"content":{"rendered":"<div class=\"fleft w100per box-detail-products\">\n<div class=\"content\">\n<div id=\"slider2_container\">\n<div>\n<div class=\"\">\n<div class=\"slides\">\n<div><\/div>\n<div class=\"slides-child\">\n<div class=\"box-jssor-product\"><img decoding=\"async\" class=\"i-img\" src=\"http:\/\/www.sym.com.vn\/images\/products\/specs\/68_1589850289.jpg\" \/><\/p>\n<div class=\"i-box\"><span class=\"fleft w100per detail-title\">\u0110\u1ed8NG C\u01a0 TI\u1ebeT KI\u1ec6M X\u0102NG<\/span><span class=\"fleft w100per detail-content\">\u0110\u1ed9ng c\u01a1 50 ph\u00e2n kh\u1ed1i c\u1ea3i ti\u1ebfn m\u1edbi, m\u00e1y m\u1ea1nh, n\u1ed5 \u00eam, ti\u1ebft ki\u1ec7m x\u0103ng, m\u1ee9c ti\u00eau th\u1ee5 x\u0103ng trong t\u1ea7m 2.03L\/100km, gi\u00fap ti\u1ebft ki\u1ec7m chi ph\u00ed.<\/span><\/div>\n<\/div>\n<p><img decoding=\"async\" src=\"http:\/\/www.sym.com.vn\/images\/products\/specs\/68_1589850289.jpg\" \/><\/div>\n<div class=\"slides-child\">\n<div class=\"box-jssor-product\"><img decoding=\"async\" class=\"i-img\" src=\"http:\/\/www.sym.com.vn\/images\/products\/specs\/68_1589850345.jpg\" \/><\/p>\n<div class=\"i-box\"><span class=\"fleft w100per detail-title\">H\u1ed8C CH\u1ee8A \u0110\u1ed2 L\u1edaN<\/span><span class=\"fleft w100per detail-content\">H\u1ed9c h\u00e0nh l\u00fd l\u1edbn h\u01a1n, dung t\u00edch \u0111\u1ebfn 7L so v\u1edbi xe c\u00f9ng lo\u1ea1i ch\u1ec9 5L. R\u1ea5t ti\u1ec7n d\u1ee5ng khi c\u1ea5t n\u00f3n b\u1ea3o hi\u1ec3m v\u00e0 t\u01b0 trang mang theo.<\/span><\/div>\n<\/div>\n<p><img decoding=\"async\" src=\"http:\/\/www.sym.com.vn\/images\/products\/specs\/68_1589850345.jpg\" \/><\/div>\n<div class=\"slides-child\">\n<div class=\"box-jssor-product\"><img decoding=\"async\" class=\"i-img\" src=\"http:\/\/www.sym.com.vn\/images\/products\/specs\/68_1589850395.jpg\" \/><\/p>\n<div class=\"i-box\"><span class=\"fleft w100per detail-title\">M\u00d3C TREO TI\u1ec6N L\u1ee2I<\/span><span class=\"fleft w100per detail-content\">M\u00f3c treo \u0111\u1ed3 ph\u00eda tr\u01b0\u1edbc th\u1eadt ti\u1ec7n l\u1ee3i cho vi\u1ec7c treo c\u00e1c v\u1eadt d\u1ee5ng t\u1ea1m th\u1eddi.<\/span><\/div>\n<\/div>\n<p><img decoding=\"async\" src=\"http:\/\/www.sym.com.vn\/images\/products\/specs\/68_1589850395.jpg\" \/><\/div>\n<div class=\"slides-child\">\n<div class=\"box-jssor-product\"><img decoding=\"async\" class=\"i-img\" src=\"http:\/\/www.sym.com.vn\/images\/products\/specs\/68_1589850450.jpg\" \/><\/p>\n<div class=\"i-box\"><span class=\"fleft w100per detail-title\">\u0110\u00c8N \u0110\u1ecaNH V\u1eca LED<\/span><span class=\"fleft w100per detail-content\">\u0110\u00e8n pha \u0111\u00f4i t\u00edch h\u1ee3p v\u1edbi \u0111\u00e8n xi nhan tr\u01b0\u1edbc mang d\u00e1ng d\u1ea5p th\u1eddi th\u01b0\u1ee3ng. \u0110\u00e8n LED \u0111\u1ecbnh h\u01b0\u1edbng v\u1edbi \u00e1nh xanh bi\u1ebfc mang n\u00e9t \u0111\u1eb7c tr\u01b0ng c\u1ee7a xe ga SYM, d\u1ec5 d\u00e0ng nh\u1eadn di\u1ec7n t\u1eeb xa.<\/span><\/div>\n<\/div>\n<p><img decoding=\"async\" src=\"http:\/\/www.sym.com.vn\/images\/products\/specs\/68_1589850450.jpg\" \/><\/div>\n<div class=\"slides-child\">\n<div class=\"box-jssor-product\"><img decoding=\"async\" class=\"i-img\" src=\"http:\/\/www.sym.com.vn\/images\/products\/specs\/68_1589864882.png\" \/><\/p>\n<div class=\"i-box\"><span class=\"fleft w100per detail-title\">NGO\u1ea0I H\u00ccNH C\u00c1 T\u00cdNH<\/span><span class=\"fleft w100per detail-content\">Ki\u1ec3u d\u00e1ng kh\u1ecfe kh\u1eafn, n\u0103ng \u0111\u1ed9ng, ph\u00f9 h\u1ee3p c\u1ea3 nam v\u00e0 n\u1eef.<\/span><\/div>\n<\/div>\n<p><img decoding=\"async\" src=\"http:\/\/www.sym.com.vn\/images\/products\/specs\/68_1589864882.png\" \/><\/div>\n<div class=\"slides-child\">\n<div class=\"box-jssor-product\"><img decoding=\"async\" class=\"i-img\" src=\"http:\/\/www.sym.com.vn\/images\/products\/specs\/68_1589865169.png\" \/><\/p>\n<div class=\"i-box\"><span class=\"fleft w100per detail-title\">V\u00c0NH H\u1ee2P KIM \u0110\u00daC<\/span><span class=\"fleft w100per detail-content\">V\u00e0nh h\u1ee3p kim \u0111\u00fac c\u1ef1c b\u1ec1n c\u00f9ng v\u1edbi l\u1ed1p 14 inch ph\u00f9 h\u1ee3p v\u1edbi m\u1ecdi \u0111i\u1ec1u ki\u1ec7n \u0111\u01b0\u1eddng s\u00e1 Vi\u1ec7t Nam.<\/span><\/div>\n<\/div>\n<p><img decoding=\"async\" src=\"http:\/\/www.sym.com.vn\/images\/products\/specs\/68_1589865169.png\" \/><\/div>\n<div class=\"slides-child\">\n<div class=\"box-jssor-product\"><img decoding=\"async\" class=\"i-img\" src=\"http:\/\/www.sym.com.vn\/images\/products\/specs\/68_1590567722.png\" \/><\/p>\n<div class=\"i-box\"><span class=\"fleft w100per detail-title\">M\u1ee8C TI\u00caU TH\u1ee4 X\u0102NG<\/span><span class=\"fleft w100per detail-content\">\u0110\u1ed9ng c\u01a1 ti\u1ebft ki\u1ec7m x\u0103ng, m\u1ee9c ti\u00eau hao 2.03L\/100km, \u0111\u00e3 \u0111\u01b0\u1ee3c NETC d\u00e1n nh\u00e3n ch\u1ee9ng nh\u1eadn. Gi\u00fap ti\u1ebft ki\u1ec7m chi ph\u00ed<\/span><\/div>\n<\/div>\n<p><img decoding=\"async\" src=\"http:\/\/www.sym.com.vn\/images\/products\/specs\/68_1590567722.png\" \/><\/div>\n<div class=\"slides-child\">\n<div class=\"box-jssor-product\"><img decoding=\"async\" class=\"i-img\" src=\"http:\/\/www.sym.com.vn\/images\/products\/specs\/68_1590567739.png\" \/><\/p>\n<div class=\"i-box\"><span class=\"fleft w100per detail-title\">TR\u1eccNG L\u01af\u1ee2NG NH\u1eb8<\/span><span class=\"fleft w100per detail-content\">Tr\u1ecdng l\u01b0\u1ee3ng kh\u00f4 c\u1ee7a Passing 50 ch\u1ec9 \u1edf m\u1ee9c 97kg, c\u00f9ng v\u1edbi ki\u1ec3u d\u00e1ng g\u1ecdn nh\u1eb9 gi\u00fap ng\u01b0\u1eddi l\u00e1i linh \u0111\u1ed9ng h\u01a1n trong kh\u00f4ng gian ch\u1eadt h\u1eb9p.<\/span><\/div>\n<\/div>\n<p><img decoding=\"async\" src=\"http:\/\/www.sym.com.vn\/images\/products\/specs\/68_1590567739.png\" \/><\/div>\n<\/div>\n<div class=\"jssort03\">\n<div>\n<div class=\"jssort03\">\n<div><\/div>\n<div>\n<div><\/div>\n<\/div>\n<div>\n<div><\/div>\n<div>\n<div class=\"p pav\">\n<div class=\"w\">\n<div class=\"t\"><img decoding=\"async\" class=\"i\" src=\"http:\/\/www.sym.com.vn\/images\/products\/specs\/68_1589850289.jpg\" \/><\/p>\n<div class=\"c\">\n<p>\u0110\u1ed8NG C\u01a0 TI\u1ebeT KI\u1ec6M X\u0102NG<\/p>\n<\/div>\n<\/div>\n<\/div>\n<div class=\"c\"><\/div>\n<\/div>\n<\/div>\n<div>\n<div class=\"p\">\n<div class=\"w\">\n<div class=\"t\"><img decoding=\"async\" class=\"i\" src=\"http:\/\/www.sym.com.vn\/images\/products\/specs\/68_1589850345.jpg\" \/><\/p>\n<div class=\"c\">\n<p>H\u1ed8C CH\u1ee8A \u0110\u1ed2 L\u1edaN<\/p>\n<\/div>\n<\/div>\n<\/div>\n<div class=\"c\"><\/div>\n<\/div>\n<\/div>\n<div>\n<div class=\"p\">\n<div class=\"w\">\n<div class=\"t\"><img decoding=\"async\" class=\"i\" src=\"http:\/\/www.sym.com.vn\/images\/products\/specs\/68_1589850395.jpg\" \/><\/p>\n<div class=\"c\">\n<p>M\u00d3C TREO TI\u1ec6N L\u1ee2I<\/p>\n<\/div>\n<\/div>\n<\/div>\n<div class=\"c\"><\/div>\n<\/div>\n<\/div>\n<div>\n<div class=\"p\">\n<div class=\"w\">\n<div class=\"t\"><img decoding=\"async\" class=\"i\" src=\"http:\/\/www.sym.com.vn\/images\/products\/specs\/68_1589850450.jpg\" \/><\/p>\n<div class=\"c\">\n<p>\u0110\u00c8N \u0110\u1ecaNH V\u1eca LED<\/p>\n<\/div>\n<\/div>\n<\/div>\n<div class=\"c\"><\/div>\n<\/div>\n<\/div>\n<div>\n<div class=\"p\">\n<div class=\"w\">\n<div class=\"t\"><img decoding=\"async\" class=\"i\" src=\"http:\/\/www.sym.com.vn\/images\/products\/specs\/68_1589864882.png\" \/><\/p>\n<div class=\"c\">\n<p>NGO\u1ea0I H\u00ccNH C\u00c1 T\u00cdNH<\/p>\n<\/div>\n<\/div>\n<\/div>\n<div class=\"c\"><\/div>\n<\/div>\n<\/div>\n<div>\n<div class=\"p\">\n<div class=\"w\">\n<div class=\"t\"><img decoding=\"async\" class=\"i\" src=\"http:\/\/www.sym.com.vn\/images\/products\/specs\/68_1589865169.png\" \/><\/p>\n<div class=\"c\">\n<p>V\u00c0NH H\u1ee2P KIM \u0110\u00daC<\/p>\n<\/div>\n<\/div>\n<\/div>\n<div class=\"c\"><\/div>\n<\/div>\n<\/div>\n<div>\n<div class=\"p\">\n<div class=\"w\">\n<div class=\"t\"><img decoding=\"async\" class=\"i\" src=\"http:\/\/www.sym.com.vn\/images\/products\/specs\/68_1590567722.png\" \/><\/p>\n<div class=\"c\">\n<p>M\u1ee8C TI\u00caU TH\u1ee4 X\u0102NG<\/p>\n<\/div>\n<\/div>\n<\/div>\n<div class=\"c\"><\/div>\n<\/div>\n<\/div>\n<div>\n<div class=\"p\">\n<div class=\"w\">\n<div class=\"t\"><img decoding=\"async\" class=\"i\" src=\"http:\/\/www.sym.com.vn\/images\/products\/specs\/68_1590567739.png\" \/><\/p>\n<div class=\"c\">\n<p>TR\u1eccNG L\u01af\u1ee2NG NH\u1eb8<\/p>\n<\/div>\n<\/div>\n<\/div>\n<div class=\"c\"><\/div>\n<\/div>\n<\/div>\n<\/div>\n<\/div>\n<\/div>\n<\/div>\n<\/div>\n<\/div>\n<\/div>\n<\/div>\n<\/div>\n<div class=\"fleft w100per box-detail-products\">\n<div id=\"tskt\" class=\"pos-link-scroll\"><\/div>\n<div class=\"head\">\n<div class=\"title\"><span class=\"t-first\">TH\u00d4NG S\u1ed0<\/span><span class=\"t-last\">K\u1ef8 THU\u1eacT<\/span><\/div>\n<\/div>\n<div class=\"content\">\n<table border=\"1\" cellspacing=\"0\">\n<tbody>\n<tr>\n<td>\n<p align=\"center\"><strong>MODEL<\/strong><\/p>\n<\/td>\n<td>\n<p align=\"center\"><strong>PASSING 50<\/strong><\/p>\n<\/td>\n<\/tr>\n<tr>\n<td>\u00a0 D\u00e0i &#8211; R\u1ed9ng &#8211; Cao<\/td>\n<td>\u00a0 1,880-690-1,080mm<\/td>\n<\/tr>\n<tr>\n<td>\u00a0 Kho\u1ea3ng c\u00e1ch 2 tr\u1ee5c<\/td>\n<td>\u00a0 1,290mm<\/td>\n<\/tr>\n<tr>\n<td>\u00a0 Kho\u1ea3ng c\u00e1ch g\u1ea7m<\/td>\n<td>\u00a0 110mm<\/td>\n<\/tr>\n<tr>\n<td>\u00a0 \u0110\u1ed9 cao y\u00ean xe<\/td>\n<td>\u00a0 660mm<\/td>\n<\/tr>\n<tr>\n<td>\u00a0 T\u1ed5ng tr\u1ecdng l\u01b0\u1ee3ng kh\u00f4<\/td>\n<td>\u00a0 97kg<\/td>\n<\/tr>\n<tr>\n<td>\u00a0 Dung t\u00edch b\u00ecnh x\u0103ng<\/td>\n<td>\u00a0 4.5 l\u00edt<\/td>\n<\/tr>\n<tr>\n<td>\u00a0 M\u1ee9c ti\u00eau hao x\u0103ng<\/td>\n<td>\u00a0 &lt; 2.03l\u00edt\/100 Km (v\u1edbi t\u1ed1c \u0111\u1ed9 c\u1ed1 \u0111\u1ecbnh 45km\/h)<\/td>\n<\/tr>\n<tr>\n<td>\u00a0 \u0110\u1ed9ng c\u01a1<\/td>\n<td>\u00a0 4 th\u00ec<\/td>\n<\/tr>\n<tr>\n<td>\u00a0 Ph\u00e2n kh\u1ed1i<\/td>\n<td>\u00a0 49.5 cc<\/td>\n<\/tr>\n<tr>\n<td>\u00a0 H\u1ec7 th\u1ed1ng l\u00e0m m\u00e1t m\u00e1y<\/td>\n<td>\u00a0 B\u1eb1ng kh\u00f4ng kh\u00ed<\/td>\n<\/tr>\n<tr>\n<td>\u00a0 Nhi\u00ean li\u1ec7u s\u1eed d\u1ee5ng<\/td>\n<td>\u00a0 X\u0103ng kh\u00f4ng ch\u00ec (tr\u00ean 92)<\/td>\n<\/tr>\n<tr>\n<td>\u00a0 C\u00f4ng su\u1ea5t t\u1ed1i \u0111a<\/td>\n<td>\u00a0 2.45 kw\/8000rpm<\/td>\n<\/tr>\n<tr>\n<td>\u00a0 Momen c\u1ef1c \u0111\u1ea1i<\/td>\n<td>\u00a0 3.2 Nm\/6500rpm<\/td>\n<\/tr>\n<tr>\n<td>\u00a0 Th\u1eafng\/Phanh tr\u01b0\u1edbc<\/td>\n<td>\u00a0 \u0110\u00f9m (C\u01a1)<\/td>\n<\/tr>\n<tr>\n<td>\u00a0 Th\u1eafng\/Phanh sau<\/td>\n<td>\u00a0 \u0110\u00f9m (C\u01a1)<\/td>\n<\/tr>\n<tr>\n<td>\u00a0 V\u1ecf\/L\u1ed1p tr\u01b0\u1edbc<\/td>\n<td>\u00a0 C\u00f3 ru\u1ed9t 70\/90-14<\/td>\n<\/tr>\n<tr>\n<td>\u00a0 V\u1ecf\/L\u1ed1p sau<\/td>\n<td>\u00a0 C\u00f3 ru\u1ed9t 80\/90-14<\/td>\n<\/tr>\n<tr>\n<td>\u00a0 \u0110\u1ea7u \u0111\u00e8n (\u0111\u00e8n pha)<\/td>\n<td>\u00a0 12V-35W\/35Wx 2<\/td>\n<\/tr>\n<tr>\n<td>\u00a0 \u0110\u00e8n \u0111\u1ecbnh v\u1ecb ph\u00eda tr\u01b0\u1edbc (tr\u00e1i\/ph\u1ea3i)<\/td>\n<td>\u00a0 LED<\/td>\n<\/tr>\n<tr>\n<td>\u00a0 \u0110\u00e8n sau, \u0111\u00e8n th\u1eafng<\/td>\n<td>\u00a0 12V-5W\/18W<\/td>\n<\/tr>\n<tr>\n<td>\u00a0 \u0110\u00e8n Signal<\/td>\n<td>\u00a0 12V\/10Wx4<\/td>\n<\/tr>\n<\/tbody>\n<\/table>\n<\/div>\n<\/div>\n","protected":false},"excerpt":{"rendered":"<p>Passing 50 \u0111\u01b0\u1ee3c b\u1ea3o 2 n\u0103m ho\u1eb7c 30.000km, t\u00f9y theo \u0111i\u1ec1u ki\u1ec7n n\u00e0o \u0111\u1ebfn tr\u01b0\u1edbc.<\/p>\n","protected":false},"featured_media":697,"template":"","meta":[],"class_list":{"0":"post-695","1":"product","2":"type-product","3":"status-publish","4":"has-post-thumbnail","6":"product_cat-xe-may-sym","8":"first","9":"instock","10":"shipping-taxable","11":"product-type-simple"},"yoast_head":"<!-- This site is optimized with the Yoast SEO plugin v19.10 - https:\/\/yoast.com\/wordpress\/plugins\/seo\/ -->\n<title>Passing 50 -<\/title>\n<meta name=\"robots\" content=\"index, follow, max-snippet:-1, max-image-preview:large, max-video-preview:-1\" \/>\n<link rel=\"canonical\" href=\"https:\/\/duyhungmotor.com\/?product=passing-50\" \/>\n<meta property=\"og:locale\" content=\"vi_VN\" \/>\n<meta property=\"og:type\" content=\"article\" \/>\n<meta property=\"og:title\" content=\"Passing 50 -\" \/>\n<meta property=\"og:description\" content=\"Passing 50 \u0111\u01b0\u1ee3c b\u1ea3o 2 n\u0103m ho\u1eb7c 30.000km, t\u00f9y theo \u0111i\u1ec1u ki\u1ec7n n\u00e0o \u0111\u1ebfn tr\u01b0\u1edbc.\" \/>\n<meta property=\"og:url\" content=\"https:\/\/duyhungmotor.com\/?product=passing-50\" \/>\n<meta property=\"og:image\" content=\"https:\/\/duyhungmotor.com\/wp-content\/uploads\/2020\/11\/tai-xuong-1.png\" \/>\n\t<meta property=\"og:image:width\" content=\"400\" \/>\n\t<meta property=\"og:image:height\" content=\"400\" \/>\n\t<meta property=\"og:image:type\" content=\"image\/png\" \/>\n<meta name=\"twitter:card\" content=\"summary_large_image\" \/>\n<meta name=\"twitter:label1\" content=\"\u01af\u1edbc t\u00ednh th\u1eddi gian \u0111\u1ecdc\" \/>\n\t<meta name=\"twitter:data1\" content=\"3 ph\u00fat\" \/>\n<script type=\"application\/ld+json\" class=\"yoast-schema-graph\">{\"@context\":\"https:\/\/schema.org\",\"@graph\":[{\"@type\":\"WebPage\",\"@id\":\"https:\/\/duyhungmotor.com\/?product=passing-50\",\"url\":\"https:\/\/duyhungmotor.com\/?product=passing-50\",\"name\":\"Passing 50 -\",\"isPartOf\":{\"@id\":\"https:\/\/duyhungmotor.com\/#website\"},\"datePublished\":\"2020-11-17T16:29:26+00:00\",\"dateModified\":\"2020-11-17T16:29:26+00:00\",\"breadcrumb\":{\"@id\":\"https:\/\/duyhungmotor.com\/?product=passing-50#breadcrumb\"},\"inLanguage\":\"vi\",\"potentialAction\":[{\"@type\":\"ReadAction\",\"target\":[\"https:\/\/duyhungmotor.com\/?product=passing-50\"]}]},{\"@type\":\"BreadcrumbList\",\"@id\":\"https:\/\/duyhungmotor.com\/?product=passing-50#breadcrumb\",\"itemListElement\":[{\"@type\":\"ListItem\",\"position\":1,\"name\":\"Trang ch\u1ee7\",\"item\":\"https:\/\/duyhungmotor.com\/\"},{\"@type\":\"ListItem\",\"position\":2,\"name\":\"Passing 50\"}]},{\"@type\":\"WebSite\",\"@id\":\"https:\/\/duyhungmotor.com\/#website\",\"url\":\"https:\/\/duyhungmotor.com\/\",\"name\":\"\",\"description\":\"\u0110\u1ea1i l\u00fd Xe M\u00e1y - Xe \u0110i\u1ec7n\",\"potentialAction\":[{\"@type\":\"SearchAction\",\"target\":{\"@type\":\"EntryPoint\",\"urlTemplate\":\"https:\/\/duyhungmotor.com\/?s={search_term_string}\"},\"query-input\":\"required name=search_term_string\"}],\"inLanguage\":\"vi\"}]}<\/script>\n<!-- \/ Yoast SEO plugin. -->","yoast_head_json":{"title":"Passing 50 -","robots":{"index":"index","follow":"follow","max-snippet":"max-snippet:-1","max-image-preview":"max-image-preview:large","max-video-preview":"max-video-preview:-1"},"canonical":"https:\/\/duyhungmotor.com\/?product=passing-50","og_locale":"vi_VN","og_type":"article","og_title":"Passing 50 -","og_description":"Passing 50 \u0111\u01b0\u1ee3c b\u1ea3o 2 n\u0103m ho\u1eb7c 30.000km, t\u00f9y theo \u0111i\u1ec1u ki\u1ec7n n\u00e0o \u0111\u1ebfn tr\u01b0\u1edbc.","og_url":"https:\/\/duyhungmotor.com\/?product=passing-50","og_image":[{"width":400,"height":400,"url":"https:\/\/duyhungmotor.com\/wp-content\/uploads\/2020\/11\/tai-xuong-1.png","type":"image\/png"}],"twitter_card":"summary_large_image","twitter_misc":{"\u01af\u1edbc t\u00ednh th\u1eddi gian \u0111\u1ecdc":"3 ph\u00fat"},"schema":{"@context":"https:\/\/schema.org","@graph":[{"@type":"WebPage","@id":"https:\/\/duyhungmotor.com\/?product=passing-50","url":"https:\/\/duyhungmotor.com\/?product=passing-50","name":"Passing 50 -","isPartOf":{"@id":"https:\/\/duyhungmotor.com\/#website"},"datePublished":"2020-11-17T16:29:26+00:00","dateModified":"2020-11-17T16:29:26+00:00","breadcrumb":{"@id":"https:\/\/duyhungmotor.com\/?product=passing-50#breadcrumb"},"inLanguage":"vi","potentialAction":[{"@type":"ReadAction","target":["https:\/\/duyhungmotor.com\/?product=passing-50"]}]},{"@type":"BreadcrumbList","@id":"https:\/\/duyhungmotor.com\/?product=passing-50#breadcrumb","itemListElement":[{"@type":"ListItem","position":1,"name":"Trang ch\u1ee7","item":"https:\/\/duyhungmotor.com\/"},{"@type":"ListItem","position":2,"name":"Passing 50"}]},{"@type":"WebSite","@id":"https:\/\/duyhungmotor.com\/#website","url":"https:\/\/duyhungmotor.com\/","name":"","description":"\u0110\u1ea1i l\u00fd Xe M\u00e1y - Xe \u0110i\u1ec7n","potentialAction":[{"@type":"SearchAction","target":{"@type":"EntryPoint","urlTemplate":"https:\/\/duyhungmotor.com\/?s={search_term_string}"},"query-input":"required name=search_term_string"}],"inLanguage":"vi"}]}},"_links":{"self":[{"href":"https:\/\/duyhungmotor.com\/index.php?rest_route=\/wp\/v2\/product\/695","targetHints":{"allow":["GET"]}}],"collection":[{"href":"https:\/\/duyhungmotor.com\/index.php?rest_route=\/wp\/v2\/product"}],"about":[{"href":"https:\/\/duyhungmotor.com\/index.php?rest_route=\/wp\/v2\/types\/product"}],"wp:featuredmedia":[{"embeddable":true,"href":"https:\/\/duyhungmotor.com\/index.php?rest_route=\/wp\/v2\/media\/697"}],"wp:attachment":[{"href":"https:\/\/duyhungmotor.com\/index.php?rest_route=%2Fwp%2Fv2%2Fmedia&parent=695"}],"curies":[{"name":"wp","href":"https:\/\/api.w.org\/{rel}","templated":true}]}}