{"id":693,"date":"2020-11-17T23:25:19","date_gmt":"2020-11-17T16:25:19","guid":{"rendered":"http:\/\/duyhungmotor.com\/?post_type=product&#038;p=693"},"modified":"2020-11-17T23:25:20","modified_gmt":"2020-11-17T16:25:20","slug":"attila-50","status":"publish","type":"product","link":"https:\/\/duyhungmotor.com\/?product=attila-50","title":{"rendered":"Attila 50"},"content":{"rendered":"<table border=\"1\" cellspacing=\"0\">\n<tbody>\n<tr>\n<td>\n<p align=\"center\">Model<\/p>\n<\/td>\n<td>\n<p align=\"center\">Attila 50<\/p>\n<\/td>\n<\/tr>\n<tr>\n<td>\u00a0 D\u00e0i &#8211; R\u1ed9ng &#8211; Cao<\/td>\n<td>\u00a0 1880 &#8211; 680 &#8211; 1120mm<\/td>\n<\/tr>\n<tr>\n<td>\u00a0 Kho\u1ea3ng c\u00e1ch 2 tr\u1ee5c<\/td>\n<td>\u00a0 1294mm<\/td>\n<\/tr>\n<tr>\n<td>\u00a0 Kho\u1ea3ng c\u00e1ch g\u1ea7m<\/td>\n<td>\u00a0 100mm<\/td>\n<\/tr>\n<tr>\n<td>\u00a0 T\u1ed5ng tr\u1ecdng l\u01b0\u1ee3ng kh\u00f4<\/td>\n<td>\u00a0 108kg<\/td>\n<\/tr>\n<tr>\n<td>\u00a0 \u0110\u1ed9ng c\u01a1<\/td>\n<td>\u00a0 4 th\u00ec<\/td>\n<\/tr>\n<tr>\n<td>\u00a0 Ph\u00e2n kh\u1ed1i<\/td>\n<td>\u00a0 49.5cc<\/td>\n<\/tr>\n<tr>\n<td>\u00a0 H\u1ec7 th\u1ed1ng l\u00e0m m\u00e1t<\/td>\n<td>\u00a0 B\u1eb1ng kh\u00f4ng kh\u00ed<\/td>\n<\/tr>\n<tr>\n<td>\u00a0 Nhi\u00ean li\u1ec7u s\u1eed d\u1ee5ng<\/td>\n<td>\u00a0 X\u0103ng kh\u00f4ng ch\u00ec tr\u00ean 92<\/td>\n<\/tr>\n<tr>\n<td>\u00a0 Dung t\u00edch b\u00ecnh x\u0103ng<\/td>\n<td>\u00a0 5.7L<\/td>\n<\/tr>\n<tr>\n<td>\u00a0 C\u00f4ng su\u1ea5t t\u1ed1i \u0111a<\/td>\n<td>\u00a0 2.45kw\/8500rpm<\/td>\n<\/tr>\n<tr>\n<td>\u00a0 Momen c\u1ef1c \u0111\u1ea1i<\/td>\n<td>\u00a0 3.2n.m\/6500rpm<\/td>\n<\/tr>\n<tr>\n<td>\u00a0 Th\u1eafng (phanh) tr\u01b0\u1edbc<\/td>\n<td>\u00a0 \u0110\u0129a<\/td>\n<\/tr>\n<tr>\n<td>\u00a0 Th\u1eafng (phanh) sau<\/td>\n<td>\u00a0 \u0110\u00f9m (c\u01a1)<\/td>\n<\/tr>\n<tr>\n<td>\u00a0 V\u1ecf (l\u1ed1p) tr\u01b0\u1edbc<\/td>\n<td>\u00a0 110\/70-12<\/td>\n<\/tr>\n<tr>\n<td>\u00a0 V\u1ecf (l\u1ed1p) sau<\/td>\n<td>\u00a0 120\/70-12<\/td>\n<\/tr>\n<tr>\n<td>\u00a0 \u0110\u00e8n pha<\/td>\n<td>\u00a0 Halogen<\/td>\n<\/tr>\n<tr>\n<td>\u00a0 M\u1ee9c ti\u00eau hao x\u0103ng<\/td>\n<td>\u00a0 D\u01b0\u1edbi 2.22L\/100Km<\/td>\n<\/tr>\n<tr>\n<td>\u00a0 \u0110\u00e8n signal<\/td>\n<td>\u00a0 12V\/10W<\/td>\n<\/tr>\n<\/tbody>\n<\/table>\n","protected":false},"excerpt":{"rendered":"<p>Attila 50 \u0111\u01b0\u1ee3c b\u1ea3o h\u00e0nh 2 n\u0103m ho\u1eb7c 30.000km t\u00f9y theo \u0111i\u1ec1u ki\u1ec7n n\u00e0o \u0111\u1ebfn tr\u01b0\u1edbc.<\/p>\n","protected":false},"featured_media":694,"template":"","meta":[],"class_list":{"0":"post-693","1":"product","2":"type-product","3":"status-publish","4":"has-post-thumbnail","6":"product_cat-xe-may-sym","8":"first","9":"instock","10":"shipping-taxable","11":"product-type-simple"},"yoast_head":"<!-- This site is optimized with the Yoast SEO plugin v19.10 - https:\/\/yoast.com\/wordpress\/plugins\/seo\/ -->\n<title>Attila 50 -<\/title>\n<meta name=\"robots\" content=\"index, follow, max-snippet:-1, max-image-preview:large, max-video-preview:-1\" \/>\n<link rel=\"canonical\" href=\"https:\/\/duyhungmotor.com\/?product=attila-50\" \/>\n<meta property=\"og:locale\" content=\"vi_VN\" \/>\n<meta property=\"og:type\" content=\"article\" \/>\n<meta property=\"og:title\" content=\"Attila 50 -\" \/>\n<meta property=\"og:description\" content=\"Attila 50 \u0111\u01b0\u1ee3c b\u1ea3o h\u00e0nh 2 n\u0103m ho\u1eb7c 30.000km t\u00f9y theo \u0111i\u1ec1u ki\u1ec7n n\u00e0o \u0111\u1ebfn tr\u01b0\u1edbc.\" \/>\n<meta property=\"og:url\" content=\"https:\/\/duyhungmotor.com\/?product=attila-50\" \/>\n<meta property=\"article:modified_time\" content=\"2020-11-17T16:25:20+00:00\" \/>\n<meta property=\"og:image\" content=\"https:\/\/duyhungmotor.com\/wp-content\/uploads\/2020\/11\/tai-xuong.png\" \/>\n\t<meta property=\"og:image:width\" content=\"400\" \/>\n\t<meta property=\"og:image:height\" content=\"400\" \/>\n\t<meta property=\"og:image:type\" content=\"image\/png\" \/>\n<meta name=\"twitter:card\" content=\"summary_large_image\" \/>\n<meta name=\"twitter:label1\" content=\"\u01af\u1edbc t\u00ednh th\u1eddi gian \u0111\u1ecdc\" \/>\n\t<meta name=\"twitter:data1\" content=\"1 ph\u00fat\" \/>\n<script type=\"application\/ld+json\" class=\"yoast-schema-graph\">{\"@context\":\"https:\/\/schema.org\",\"@graph\":[{\"@type\":\"WebPage\",\"@id\":\"https:\/\/duyhungmotor.com\/?product=attila-50\",\"url\":\"https:\/\/duyhungmotor.com\/?product=attila-50\",\"name\":\"Attila 50 -\",\"isPartOf\":{\"@id\":\"https:\/\/duyhungmotor.com\/#website\"},\"datePublished\":\"2020-11-17T16:25:19+00:00\",\"dateModified\":\"2020-11-17T16:25:20+00:00\",\"breadcrumb\":{\"@id\":\"https:\/\/duyhungmotor.com\/?product=attila-50#breadcrumb\"},\"inLanguage\":\"vi\",\"potentialAction\":[{\"@type\":\"ReadAction\",\"target\":[\"https:\/\/duyhungmotor.com\/?product=attila-50\"]}]},{\"@type\":\"BreadcrumbList\",\"@id\":\"https:\/\/duyhungmotor.com\/?product=attila-50#breadcrumb\",\"itemListElement\":[{\"@type\":\"ListItem\",\"position\":1,\"name\":\"Trang ch\u1ee7\",\"item\":\"https:\/\/duyhungmotor.com\/\"},{\"@type\":\"ListItem\",\"position\":2,\"name\":\"Attila 50\"}]},{\"@type\":\"WebSite\",\"@id\":\"https:\/\/duyhungmotor.com\/#website\",\"url\":\"https:\/\/duyhungmotor.com\/\",\"name\":\"\",\"description\":\"\u0110\u1ea1i l\u00fd Xe M\u00e1y - Xe \u0110i\u1ec7n\",\"potentialAction\":[{\"@type\":\"SearchAction\",\"target\":{\"@type\":\"EntryPoint\",\"urlTemplate\":\"https:\/\/duyhungmotor.com\/?s={search_term_string}\"},\"query-input\":\"required name=search_term_string\"}],\"inLanguage\":\"vi\"}]}<\/script>\n<!-- \/ Yoast SEO plugin. -->","yoast_head_json":{"title":"Attila 50 -","robots":{"index":"index","follow":"follow","max-snippet":"max-snippet:-1","max-image-preview":"max-image-preview:large","max-video-preview":"max-video-preview:-1"},"canonical":"https:\/\/duyhungmotor.com\/?product=attila-50","og_locale":"vi_VN","og_type":"article","og_title":"Attila 50 -","og_description":"Attila 50 \u0111\u01b0\u1ee3c b\u1ea3o h\u00e0nh 2 n\u0103m ho\u1eb7c 30.000km t\u00f9y theo \u0111i\u1ec1u ki\u1ec7n n\u00e0o \u0111\u1ebfn tr\u01b0\u1edbc.","og_url":"https:\/\/duyhungmotor.com\/?product=attila-50","article_modified_time":"2020-11-17T16:25:20+00:00","og_image":[{"width":400,"height":400,"url":"https:\/\/duyhungmotor.com\/wp-content\/uploads\/2020\/11\/tai-xuong.png","type":"image\/png"}],"twitter_card":"summary_large_image","twitter_misc":{"\u01af\u1edbc t\u00ednh th\u1eddi gian \u0111\u1ecdc":"1 ph\u00fat"},"schema":{"@context":"https:\/\/schema.org","@graph":[{"@type":"WebPage","@id":"https:\/\/duyhungmotor.com\/?product=attila-50","url":"https:\/\/duyhungmotor.com\/?product=attila-50","name":"Attila 50 -","isPartOf":{"@id":"https:\/\/duyhungmotor.com\/#website"},"datePublished":"2020-11-17T16:25:19+00:00","dateModified":"2020-11-17T16:25:20+00:00","breadcrumb":{"@id":"https:\/\/duyhungmotor.com\/?product=attila-50#breadcrumb"},"inLanguage":"vi","potentialAction":[{"@type":"ReadAction","target":["https:\/\/duyhungmotor.com\/?product=attila-50"]}]},{"@type":"BreadcrumbList","@id":"https:\/\/duyhungmotor.com\/?product=attila-50#breadcrumb","itemListElement":[{"@type":"ListItem","position":1,"name":"Trang ch\u1ee7","item":"https:\/\/duyhungmotor.com\/"},{"@type":"ListItem","position":2,"name":"Attila 50"}]},{"@type":"WebSite","@id":"https:\/\/duyhungmotor.com\/#website","url":"https:\/\/duyhungmotor.com\/","name":"","description":"\u0110\u1ea1i l\u00fd Xe M\u00e1y - Xe \u0110i\u1ec7n","potentialAction":[{"@type":"SearchAction","target":{"@type":"EntryPoint","urlTemplate":"https:\/\/duyhungmotor.com\/?s={search_term_string}"},"query-input":"required name=search_term_string"}],"inLanguage":"vi"}]}},"_links":{"self":[{"href":"https:\/\/duyhungmotor.com\/index.php?rest_route=\/wp\/v2\/product\/693","targetHints":{"allow":["GET"]}}],"collection":[{"href":"https:\/\/duyhungmotor.com\/index.php?rest_route=\/wp\/v2\/product"}],"about":[{"href":"https:\/\/duyhungmotor.com\/index.php?rest_route=\/wp\/v2\/types\/product"}],"wp:featuredmedia":[{"embeddable":true,"href":"https:\/\/duyhungmotor.com\/index.php?rest_route=\/wp\/v2\/media\/694"}],"wp:attachment":[{"href":"https:\/\/duyhungmotor.com\/index.php?rest_route=%2Fwp%2Fv2%2Fmedia&parent=693"}],"curies":[{"name":"wp","href":"https:\/\/api.w.org\/{rel}","templated":true}]}}