{"id":683,"date":"2020-11-17T23:15:37","date_gmt":"2020-11-17T16:15:37","guid":{"rendered":"http:\/\/duyhungmotor.com\/?post_type=product&#038;p=683"},"modified":"2020-11-17T23:15:37","modified_gmt":"2020-11-17T16:15:37","slug":"mt-03","status":"publish","type":"product","link":"https:\/\/duyhungmotor.com\/?product=mt-03","title":{"rendered":"MT-03"},"content":{"rendered":"<table class=\"accordion-content__table\">\n<tbody>\n<tr>\n<td>Lo\u1ea1i<\/td>\n<td>4 th\u00ec, 8 van, 2 xy lanh, l\u00e0m m\u00e1t b\u1eb1ng dung d\u1ecbch, DOHC<\/td>\n<\/tr>\n<tr>\n<td>B\u1ed1 tr\u00ed xi lanh<\/td>\n<td>Xy lanh \u0111\u01a1n<\/td>\n<\/tr>\n<tr>\n<td>Dung t\u00edch xy lanh (CC)<\/td>\n<td>321<\/td>\n<\/tr>\n<tr>\n<td>\u0110\u01b0\u1eddng k\u00ednh v\u00e0 h\u00e0nh tr\u00ecnh piston<\/td>\n<td>68 mm x 44,1 mm<\/td>\n<\/tr>\n<tr>\n<td>T\u1ef7 s\u1ed1 n\u00e9n<\/td>\n<td>11,2:1<\/td>\n<\/tr>\n<tr>\n<td>C\u00f4ng su\u1ea5t t\u1ed1i \u0111a<\/td>\n<td>30,9 kW (42,0PS)\/ 10.750 v\u00f2ng\/ph\u00fat<\/td>\n<\/tr>\n<tr>\n<td>M\u00f4 men c\u1ef1c \u0111\u1ea1i<\/td>\n<td>29,6 Nm (3,0 kgf.m)\/ 9.000 v\u00f2ng\/ph\u00fat<\/td>\n<\/tr>\n<tr>\n<td>H\u1ec7 th\u1ed1ng kh\u1edfi \u0111\u1ed9ng<\/td>\n<td>\u0110i\u1ec7n<\/td>\n<\/tr>\n<tr>\n<td>H\u1ec7 th\u1ed1ng b\u00f4i tr\u01a1n<\/td>\n<td>C\u00e1c te \u01b0\u1edbt<\/td>\n<\/tr>\n<tr>\n<td>Dung t\u00edch d\u1ea7u m\u00e1y<\/td>\n<td>2,4 l\u00edt<\/td>\n<\/tr>\n<tr>\n<td>Dung t\u00edch b\u00ecnh x\u0103ng<\/td>\n<td>14 l\u00edt<\/td>\n<\/tr>\n<tr>\n<td>B\u1ed9 ch\u1ebf h\u00f2a kh\u00ed<\/td>\n<td>H\u1ec7 th\u1ed1ng phun x\u0103ng \u0111i\u1ec7n t\u1eed<\/td>\n<\/tr>\n<tr>\n<td>H\u1ec7 th\u1ed1ng \u0111\u00e1nh l\u1eeda<\/td>\n<td>TCI<\/td>\n<\/tr>\n<tr>\n<td>T\u1ef7 s\u1ed1 truy\u1ec1n s\u01a1 c\u1ea5p v\u00e0 th\u1ee9 c\u1ea5p<\/td>\n<td>3,043 &#8211; 3,071<\/td>\n<\/tr>\n<tr>\n<td>H\u1ec7 th\u1ed1ng ly h\u1ee3p<\/td>\n<td>\u0110a \u0111\u0129a, ly t\u00e2m lo\u1ea1i \u01b0\u1edbt<\/td>\n<\/tr>\n<tr>\n<td>Ki\u1ec3u h\u1ec7 th\u1ed1ng truy\u1ec1n l\u1ef1c<\/td>\n<td>B\u00e1nh r\u0103ng \u0103n kh\u1edbp, 6 s\u1ed1<\/td>\n<\/tr>\n<\/tbody>\n<\/table>\n","protected":false},"excerpt":{"rendered":"<p>Lo\u1ea1i 4 th\u00ec, 8 van, 2 xy lanh, l\u00e0m m\u00e1t b\u1eb1ng dung d\u1ecbch, DOHC B\u1ed1 tr\u00ed xi lanh Xy lanh \u0111\u01a1n Dung t\u00edch xy lanh (CC) 321 \u0110\u01b0\u1eddng k\u00ednh v\u00e0 h\u00e0nh tr\u00ecnh piston 68 mm x 44,1 mm T\u1ef7 s\u1ed1 n\u00e9n 11,2:1 C\u00f4ng su\u1ea5t t\u1ed1i \u0111a 30,9 kW (42,0PS)\/ 10.750 v\u00f2ng\/ph\u00fat M\u00f4 men c\u1ef1c \u0111\u1ea1i [&hellip;]<\/p>\n","protected":false},"featured_media":684,"template":"","meta":[],"class_list":{"0":"post-683","1":"product","2":"type-product","3":"status-publish","4":"has-post-thumbnail","6":"product_cat-xe-may-yamaha","8":"first","9":"instock","10":"shipping-taxable","11":"product-type-simple"},"yoast_head":"<!-- This site is optimized with the Yoast SEO plugin v19.10 - https:\/\/yoast.com\/wordpress\/plugins\/seo\/ -->\n<title>MT-03 -<\/title>\n<meta name=\"robots\" content=\"index, follow, max-snippet:-1, max-image-preview:large, max-video-preview:-1\" \/>\n<link rel=\"canonical\" href=\"https:\/\/duyhungmotor.com\/?product=mt-03\" \/>\n<meta property=\"og:locale\" content=\"vi_VN\" \/>\n<meta property=\"og:type\" content=\"article\" \/>\n<meta property=\"og:title\" content=\"MT-03 -\" \/>\n<meta property=\"og:description\" content=\"Lo\u1ea1i 4 th\u00ec, 8 van, 2 xy lanh, l\u00e0m m\u00e1t b\u1eb1ng dung d\u1ecbch, DOHC B\u1ed1 tr\u00ed xi lanh Xy lanh \u0111\u01a1n Dung t\u00edch xy lanh (CC) 321 \u0110\u01b0\u1eddng k\u00ednh v\u00e0 h\u00e0nh tr\u00ecnh piston 68 mm x 44,1 mm T\u1ef7 s\u1ed1 n\u00e9n 11,2:1 C\u00f4ng su\u1ea5t t\u1ed1i \u0111a 30,9 kW (42,0PS)\/ 10.750 v\u00f2ng\/ph\u00fat M\u00f4 men c\u1ef1c \u0111\u1ea1i [&hellip;]\" \/>\n<meta property=\"og:url\" content=\"https:\/\/duyhungmotor.com\/?product=mt-03\" \/>\n<meta property=\"og:image\" content=\"https:\/\/duyhungmotor.com\/wp-content\/uploads\/2020\/11\/MT-03-Black-004.png\" \/>\n\t<meta property=\"og:image:width\" content=\"500\" \/>\n\t<meta property=\"og:image:height\" content=\"400\" \/>\n\t<meta property=\"og:image:type\" content=\"image\/png\" \/>\n<meta name=\"twitter:card\" content=\"summary_large_image\" \/>\n<meta name=\"twitter:label1\" content=\"\u01af\u1edbc t\u00ednh th\u1eddi gian \u0111\u1ecdc\" \/>\n\t<meta name=\"twitter:data1\" content=\"1 ph\u00fat\" \/>\n<script type=\"application\/ld+json\" class=\"yoast-schema-graph\">{\"@context\":\"https:\/\/schema.org\",\"@graph\":[{\"@type\":\"WebPage\",\"@id\":\"https:\/\/duyhungmotor.com\/?product=mt-03\",\"url\":\"https:\/\/duyhungmotor.com\/?product=mt-03\",\"name\":\"MT-03 -\",\"isPartOf\":{\"@id\":\"https:\/\/duyhungmotor.com\/#website\"},\"datePublished\":\"2020-11-17T16:15:37+00:00\",\"dateModified\":\"2020-11-17T16:15:37+00:00\",\"breadcrumb\":{\"@id\":\"https:\/\/duyhungmotor.com\/?product=mt-03#breadcrumb\"},\"inLanguage\":\"vi\",\"potentialAction\":[{\"@type\":\"ReadAction\",\"target\":[\"https:\/\/duyhungmotor.com\/?product=mt-03\"]}]},{\"@type\":\"BreadcrumbList\",\"@id\":\"https:\/\/duyhungmotor.com\/?product=mt-03#breadcrumb\",\"itemListElement\":[{\"@type\":\"ListItem\",\"position\":1,\"name\":\"Trang ch\u1ee7\",\"item\":\"https:\/\/duyhungmotor.com\/\"},{\"@type\":\"ListItem\",\"position\":2,\"name\":\"MT-03\"}]},{\"@type\":\"WebSite\",\"@id\":\"https:\/\/duyhungmotor.com\/#website\",\"url\":\"https:\/\/duyhungmotor.com\/\",\"name\":\"\",\"description\":\"\u0110\u1ea1i l\u00fd Xe M\u00e1y - Xe \u0110i\u1ec7n\",\"potentialAction\":[{\"@type\":\"SearchAction\",\"target\":{\"@type\":\"EntryPoint\",\"urlTemplate\":\"https:\/\/duyhungmotor.com\/?s={search_term_string}\"},\"query-input\":\"required name=search_term_string\"}],\"inLanguage\":\"vi\"}]}<\/script>\n<!-- \/ Yoast SEO plugin. -->","yoast_head_json":{"title":"MT-03 -","robots":{"index":"index","follow":"follow","max-snippet":"max-snippet:-1","max-image-preview":"max-image-preview:large","max-video-preview":"max-video-preview:-1"},"canonical":"https:\/\/duyhungmotor.com\/?product=mt-03","og_locale":"vi_VN","og_type":"article","og_title":"MT-03 -","og_description":"Lo\u1ea1i 4 th\u00ec, 8 van, 2 xy lanh, l\u00e0m m\u00e1t b\u1eb1ng dung d\u1ecbch, DOHC B\u1ed1 tr\u00ed xi lanh Xy lanh \u0111\u01a1n Dung t\u00edch xy lanh (CC) 321 \u0110\u01b0\u1eddng k\u00ednh v\u00e0 h\u00e0nh tr\u00ecnh piston 68 mm x 44,1 mm T\u1ef7 s\u1ed1 n\u00e9n 11,2:1 C\u00f4ng su\u1ea5t t\u1ed1i \u0111a 30,9 kW (42,0PS)\/ 10.750 v\u00f2ng\/ph\u00fat M\u00f4 men c\u1ef1c \u0111\u1ea1i [&hellip;]","og_url":"https:\/\/duyhungmotor.com\/?product=mt-03","og_image":[{"width":500,"height":400,"url":"https:\/\/duyhungmotor.com\/wp-content\/uploads\/2020\/11\/MT-03-Black-004.png","type":"image\/png"}],"twitter_card":"summary_large_image","twitter_misc":{"\u01af\u1edbc t\u00ednh th\u1eddi gian \u0111\u1ecdc":"1 ph\u00fat"},"schema":{"@context":"https:\/\/schema.org","@graph":[{"@type":"WebPage","@id":"https:\/\/duyhungmotor.com\/?product=mt-03","url":"https:\/\/duyhungmotor.com\/?product=mt-03","name":"MT-03 -","isPartOf":{"@id":"https:\/\/duyhungmotor.com\/#website"},"datePublished":"2020-11-17T16:15:37+00:00","dateModified":"2020-11-17T16:15:37+00:00","breadcrumb":{"@id":"https:\/\/duyhungmotor.com\/?product=mt-03#breadcrumb"},"inLanguage":"vi","potentialAction":[{"@type":"ReadAction","target":["https:\/\/duyhungmotor.com\/?product=mt-03"]}]},{"@type":"BreadcrumbList","@id":"https:\/\/duyhungmotor.com\/?product=mt-03#breadcrumb","itemListElement":[{"@type":"ListItem","position":1,"name":"Trang ch\u1ee7","item":"https:\/\/duyhungmotor.com\/"},{"@type":"ListItem","position":2,"name":"MT-03"}]},{"@type":"WebSite","@id":"https:\/\/duyhungmotor.com\/#website","url":"https:\/\/duyhungmotor.com\/","name":"","description":"\u0110\u1ea1i l\u00fd Xe M\u00e1y - Xe \u0110i\u1ec7n","potentialAction":[{"@type":"SearchAction","target":{"@type":"EntryPoint","urlTemplate":"https:\/\/duyhungmotor.com\/?s={search_term_string}"},"query-input":"required name=search_term_string"}],"inLanguage":"vi"}]}},"_links":{"self":[{"href":"https:\/\/duyhungmotor.com\/index.php?rest_route=\/wp\/v2\/product\/683","targetHints":{"allow":["GET"]}}],"collection":[{"href":"https:\/\/duyhungmotor.com\/index.php?rest_route=\/wp\/v2\/product"}],"about":[{"href":"https:\/\/duyhungmotor.com\/index.php?rest_route=\/wp\/v2\/types\/product"}],"wp:featuredmedia":[{"embeddable":true,"href":"https:\/\/duyhungmotor.com\/index.php?rest_route=\/wp\/v2\/media\/684"}],"wp:attachment":[{"href":"https:\/\/duyhungmotor.com\/index.php?rest_route=%2Fwp%2Fv2%2Fmedia&parent=683"}],"curies":[{"name":"wp","href":"https:\/\/api.w.org\/{rel}","templated":true}]}}