{"id":635,"date":"2020-11-17T22:38:26","date_gmt":"2020-11-17T15:38:26","guid":{"rendered":"http:\/\/duyhungmotor.com\/?post_type=product&#038;p=635"},"modified":"2020-11-17T22:38:26","modified_gmt":"2020-11-17T15:38:26","slug":"exciter-150-phien-ban-doxou","status":"publish","type":"product","link":"https:\/\/duyhungmotor.com\/?product=exciter-150-phien-ban-doxou","title":{"rendered":"EXCITER 150 PHI\u00caN B\u1ea2N DOXOU"},"content":{"rendered":"<table class=\"accordion-content__table\">\n<tbody>\n<tr>\n<td>Lo\u1ea1i<\/td>\n<td>4 th\u00ec, 4 van, SOHC, l\u00e0m m\u00e1t b\u1eb1ng dung d\u1ecbch<\/td>\n<\/tr>\n<tr>\n<td>B\u1ed1 tr\u00ed xi lanh<\/td>\n<td>Xy lanh \u0111\u01a1n<\/td>\n<\/tr>\n<tr>\n<td>Dung t\u00edch xy lanh (CC)<\/td>\n<td>150<\/td>\n<\/tr>\n<tr>\n<td>\u0110\u01b0\u1eddng k\u00ednh v\u00e0 h\u00e0nh tr\u00ecnh piston<\/td>\n<td>57.0 x 58.7 mm<\/td>\n<\/tr>\n<tr>\n<td>T\u1ef7 s\u1ed1 n\u00e9n<\/td>\n<td>10.4:1<\/td>\n<\/tr>\n<tr>\n<td>C\u00f4ng su\u1ea5t t\u1ed1i \u0111a<\/td>\n<td>11,3 kW (15,4 PS) \/ 8.500 v\u00f2ng\/ph\u00fat<\/td>\n<\/tr>\n<tr>\n<td>M\u00f4 men c\u1ef1c \u0111\u1ea1i<\/td>\n<td>13,8 N\u00b7m (1,4 kgf\u00b7m) \/ 7.000 v\u00f2ng\/ph\u00fat<\/td>\n<\/tr>\n<tr>\n<td>H\u1ec7 th\u1ed1ng kh\u1edfi \u0111\u1ed9ng<\/td>\n<td>\u0110i\u1ec7n<\/td>\n<\/tr>\n<tr>\n<td>H\u1ec7 th\u1ed1ng b\u00f4i tr\u01a1n<\/td>\n<td>C\u00e1cte \u01b0\u1edbt<\/td>\n<\/tr>\n<tr>\n<td>Dung t\u00edch d\u1ea7u m\u00e1y<\/td>\n<td>1,15 l<\/td>\n<\/tr>\n<tr>\n<td>Dung t\u00edch b\u00ecnh x\u0103ng<\/td>\n<td>4,2 l<\/td>\n<\/tr>\n<tr>\n<td>M\u1ee9c ti\u00eau th\u1ee5 nhi\u00ean li\u1ec7u (l\/100km)<\/td>\n<td>2 l\/100km<\/td>\n<\/tr>\n<tr>\n<td>B\u1ed9 ch\u1ebf h\u00f2a kh\u00ed<\/td>\n<td>Phun x\u0103ng (1 v\u00f2i phun)<\/td>\n<\/tr>\n<tr>\n<td>H\u1ec7 th\u1ed1ng \u0111\u00e1nh l\u1eeda<\/td>\n<td>T.C.I (k\u1ef9 thu\u1eadt s\u1ed1)<\/td>\n<\/tr>\n<tr>\n<td>T\u1ef7 s\u1ed1 truy\u1ec1n s\u01a1 c\u1ea5p v\u00e0 th\u1ee9 c\u1ea5p<\/td>\n<td>3,042 (73\/24) \/ 3,000 (42\/14)<\/td>\n<\/tr>\n<tr>\n<td>H\u1ec7 th\u1ed1ng ly h\u1ee3p<\/td>\n<td>\u0110a \u0111\u0129a lo\u1ea1i \u01b0\u1edbt<\/td>\n<\/tr>\n<tr>\n<td>T\u1ef7 s\u1ed1 truy\u1ec1n \u0111\u1ed9ng<\/td>\n<td>1: 2.833 \/ 2: 1.875 \/ 3: 1.429 \/ 4: 1.143 \/ 5: 0.957<\/td>\n<\/tr>\n<tr>\n<td>Ki\u1ec3u h\u1ec7 th\u1ed1ng truy\u1ec1n l\u1ef1c<\/td>\n<td>5 s\u1ed1<\/td>\n<\/tr>\n<\/tbody>\n<\/table>\n","protected":false},"excerpt":{"rendered":"<p>Lo\u1ea1i 4 th\u00ec, 4 van, SOHC, l\u00e0m m\u00e1t b\u1eb1ng dung d\u1ecbch B\u1ed1 tr\u00ed xi lanh Xy lanh \u0111\u01a1n Dung t\u00edch xy lanh (CC) 150 \u0110\u01b0\u1eddng k\u00ednh v\u00e0 h\u00e0nh tr\u00ecnh piston 57.0 x 58.7 mm T\u1ef7 s\u1ed1 n\u00e9n 10.4:1 C\u00f4ng su\u1ea5t t\u1ed1i \u0111a 11,3 kW (15,4 PS) \/ 8.500 v\u00f2ng\/ph\u00fat M\u00f4 men c\u1ef1c \u0111\u1ea1i 13,8 N\u00b7m [&hellip;]<\/p>\n","protected":false},"featured_media":636,"template":"","meta":[],"class_list":{"0":"post-635","1":"product","2":"type-product","3":"status-publish","4":"has-post-thumbnail","6":"product_cat-xe-may-hang","8":"first","9":"instock","10":"shipping-taxable","11":"product-type-simple"},"yoast_head":"<!-- This site is optimized with the Yoast SEO plugin v19.10 - https:\/\/yoast.com\/wordpress\/plugins\/seo\/ -->\n<title>EXCITER 150 PHI\u00caN B\u1ea2N DOXOU -<\/title>\n<meta name=\"robots\" content=\"index, follow, max-snippet:-1, max-image-preview:large, max-video-preview:-1\" \/>\n<link rel=\"canonical\" href=\"https:\/\/duyhungmotor.com\/?product=exciter-150-phien-ban-doxou\" \/>\n<meta property=\"og:locale\" content=\"vi_VN\" \/>\n<meta property=\"og:type\" content=\"article\" \/>\n<meta property=\"og:title\" content=\"EXCITER 150 PHI\u00caN B\u1ea2N DOXOU -\" \/>\n<meta property=\"og:description\" content=\"Lo\u1ea1i 4 th\u00ec, 4 van, SOHC, l\u00e0m m\u00e1t b\u1eb1ng dung d\u1ecbch B\u1ed1 tr\u00ed xi lanh Xy lanh \u0111\u01a1n Dung t\u00edch xy lanh (CC) 150 \u0110\u01b0\u1eddng k\u00ednh v\u00e0 h\u00e0nh tr\u00ecnh piston 57.0 x 58.7 mm T\u1ef7 s\u1ed1 n\u00e9n 10.4:1 C\u00f4ng su\u1ea5t t\u1ed1i \u0111a 11,3 kW (15,4 PS) \/ 8.500 v\u00f2ng\/ph\u00fat M\u00f4 men c\u1ef1c \u0111\u1ea1i 13,8 N\u00b7m [&hellip;]\" \/>\n<meta property=\"og:url\" content=\"https:\/\/duyhungmotor.com\/?product=exciter-150-phien-ban-doxou\" \/>\n<meta property=\"og:image\" content=\"https:\/\/duyhungmotor.com\/wp-content\/uploads\/2020\/11\/Exciter-Doxou-004.png\" \/>\n\t<meta property=\"og:image:width\" content=\"500\" \/>\n\t<meta property=\"og:image:height\" content=\"400\" \/>\n\t<meta property=\"og:image:type\" content=\"image\/png\" \/>\n<meta name=\"twitter:card\" content=\"summary_large_image\" \/>\n<meta name=\"twitter:label1\" content=\"\u01af\u1edbc t\u00ednh th\u1eddi gian \u0111\u1ecdc\" \/>\n\t<meta name=\"twitter:data1\" content=\"1 ph\u00fat\" \/>\n<script type=\"application\/ld+json\" class=\"yoast-schema-graph\">{\"@context\":\"https:\/\/schema.org\",\"@graph\":[{\"@type\":\"WebPage\",\"@id\":\"https:\/\/duyhungmotor.com\/?product=exciter-150-phien-ban-doxou\",\"url\":\"https:\/\/duyhungmotor.com\/?product=exciter-150-phien-ban-doxou\",\"name\":\"EXCITER 150 PHI\u00caN B\u1ea2N DOXOU -\",\"isPartOf\":{\"@id\":\"https:\/\/duyhungmotor.com\/#website\"},\"datePublished\":\"2020-11-17T15:38:26+00:00\",\"dateModified\":\"2020-11-17T15:38:26+00:00\",\"breadcrumb\":{\"@id\":\"https:\/\/duyhungmotor.com\/?product=exciter-150-phien-ban-doxou#breadcrumb\"},\"inLanguage\":\"vi\",\"potentialAction\":[{\"@type\":\"ReadAction\",\"target\":[\"https:\/\/duyhungmotor.com\/?product=exciter-150-phien-ban-doxou\"]}]},{\"@type\":\"BreadcrumbList\",\"@id\":\"https:\/\/duyhungmotor.com\/?product=exciter-150-phien-ban-doxou#breadcrumb\",\"itemListElement\":[{\"@type\":\"ListItem\",\"position\":1,\"name\":\"Trang ch\u1ee7\",\"item\":\"https:\/\/duyhungmotor.com\/\"},{\"@type\":\"ListItem\",\"position\":2,\"name\":\"EXCITER 150 PHI\u00caN B\u1ea2N DOXOU\"}]},{\"@type\":\"WebSite\",\"@id\":\"https:\/\/duyhungmotor.com\/#website\",\"url\":\"https:\/\/duyhungmotor.com\/\",\"name\":\"\",\"description\":\"\u0110\u1ea1i l\u00fd Xe M\u00e1y - Xe \u0110i\u1ec7n\",\"potentialAction\":[{\"@type\":\"SearchAction\",\"target\":{\"@type\":\"EntryPoint\",\"urlTemplate\":\"https:\/\/duyhungmotor.com\/?s={search_term_string}\"},\"query-input\":\"required name=search_term_string\"}],\"inLanguage\":\"vi\"}]}<\/script>\n<!-- \/ Yoast SEO plugin. -->","yoast_head_json":{"title":"EXCITER 150 PHI\u00caN B\u1ea2N DOXOU -","robots":{"index":"index","follow":"follow","max-snippet":"max-snippet:-1","max-image-preview":"max-image-preview:large","max-video-preview":"max-video-preview:-1"},"canonical":"https:\/\/duyhungmotor.com\/?product=exciter-150-phien-ban-doxou","og_locale":"vi_VN","og_type":"article","og_title":"EXCITER 150 PHI\u00caN B\u1ea2N DOXOU -","og_description":"Lo\u1ea1i 4 th\u00ec, 4 van, SOHC, l\u00e0m m\u00e1t b\u1eb1ng dung d\u1ecbch B\u1ed1 tr\u00ed xi lanh Xy lanh \u0111\u01a1n Dung t\u00edch xy lanh (CC) 150 \u0110\u01b0\u1eddng k\u00ednh v\u00e0 h\u00e0nh tr\u00ecnh piston 57.0 x 58.7 mm T\u1ef7 s\u1ed1 n\u00e9n 10.4:1 C\u00f4ng su\u1ea5t t\u1ed1i \u0111a 11,3 kW (15,4 PS) \/ 8.500 v\u00f2ng\/ph\u00fat M\u00f4 men c\u1ef1c \u0111\u1ea1i 13,8 N\u00b7m [&hellip;]","og_url":"https:\/\/duyhungmotor.com\/?product=exciter-150-phien-ban-doxou","og_image":[{"width":500,"height":400,"url":"https:\/\/duyhungmotor.com\/wp-content\/uploads\/2020\/11\/Exciter-Doxou-004.png","type":"image\/png"}],"twitter_card":"summary_large_image","twitter_misc":{"\u01af\u1edbc t\u00ednh th\u1eddi gian \u0111\u1ecdc":"1 ph\u00fat"},"schema":{"@context":"https:\/\/schema.org","@graph":[{"@type":"WebPage","@id":"https:\/\/duyhungmotor.com\/?product=exciter-150-phien-ban-doxou","url":"https:\/\/duyhungmotor.com\/?product=exciter-150-phien-ban-doxou","name":"EXCITER 150 PHI\u00caN B\u1ea2N DOXOU -","isPartOf":{"@id":"https:\/\/duyhungmotor.com\/#website"},"datePublished":"2020-11-17T15:38:26+00:00","dateModified":"2020-11-17T15:38:26+00:00","breadcrumb":{"@id":"https:\/\/duyhungmotor.com\/?product=exciter-150-phien-ban-doxou#breadcrumb"},"inLanguage":"vi","potentialAction":[{"@type":"ReadAction","target":["https:\/\/duyhungmotor.com\/?product=exciter-150-phien-ban-doxou"]}]},{"@type":"BreadcrumbList","@id":"https:\/\/duyhungmotor.com\/?product=exciter-150-phien-ban-doxou#breadcrumb","itemListElement":[{"@type":"ListItem","position":1,"name":"Trang ch\u1ee7","item":"https:\/\/duyhungmotor.com\/"},{"@type":"ListItem","position":2,"name":"EXCITER 150 PHI\u00caN B\u1ea2N DOXOU"}]},{"@type":"WebSite","@id":"https:\/\/duyhungmotor.com\/#website","url":"https:\/\/duyhungmotor.com\/","name":"","description":"\u0110\u1ea1i l\u00fd Xe M\u00e1y - Xe \u0110i\u1ec7n","potentialAction":[{"@type":"SearchAction","target":{"@type":"EntryPoint","urlTemplate":"https:\/\/duyhungmotor.com\/?s={search_term_string}"},"query-input":"required name=search_term_string"}],"inLanguage":"vi"}]}},"_links":{"self":[{"href":"https:\/\/duyhungmotor.com\/index.php?rest_route=\/wp\/v2\/product\/635","targetHints":{"allow":["GET"]}}],"collection":[{"href":"https:\/\/duyhungmotor.com\/index.php?rest_route=\/wp\/v2\/product"}],"about":[{"href":"https:\/\/duyhungmotor.com\/index.php?rest_route=\/wp\/v2\/types\/product"}],"wp:featuredmedia":[{"embeddable":true,"href":"https:\/\/duyhungmotor.com\/index.php?rest_route=\/wp\/v2\/media\/636"}],"wp:attachment":[{"href":"https:\/\/duyhungmotor.com\/index.php?rest_route=%2Fwp%2Fv2%2Fmedia&parent=635"}],"curies":[{"name":"wp","href":"https:\/\/api.w.org\/{rel}","templated":true}]}}