{"id":618,"date":"2020-11-17T22:21:23","date_gmt":"2020-11-17T15:21:23","guid":{"rendered":"http:\/\/duyhungmotor.com\/?post_type=product&#038;p=618"},"modified":"2020-11-17T22:21:24","modified_gmt":"2020-11-17T15:21:24","slug":"exciter-150-phien-ban-monster","status":"publish","type":"product","link":"https:\/\/duyhungmotor.com\/?product=exciter-150-phien-ban-monster","title":{"rendered":"EXCITER 150 PHI\u00caN B\u1ea2N MONSTER"},"content":{"rendered":"<table class=\"accordion-content__table\">\n<tbody>\n<tr>\n<td>Lo\u1ea1i<\/td>\n<td>4 th\u00ec, 4 van, SOHC, l\u00e0m m\u00e1t b\u1eb1ng dung d\u1ecbch<\/td>\n<\/tr>\n<tr>\n<td>B\u1ed1 tr\u00ed xi lanh<\/td>\n<td>Xy lanh \u0111\u01a1n<\/td>\n<\/tr>\n<tr>\n<td>Dung t\u00edch xy lanh (CC)<\/td>\n<td>150 cc<\/td>\n<\/tr>\n<tr>\n<td>\u0110\u01b0\u1eddng k\u00ednh v\u00e0 h\u00e0nh tr\u00ecnh piston<\/td>\n<td>57 x 58,7 mm<\/td>\n<\/tr>\n<tr>\n<td>T\u1ef7 s\u1ed1 n\u00e9n<\/td>\n<td>10,4:1<\/td>\n<\/tr>\n<tr>\n<td>C\u00f4ng su\u1ea5t t\u1ed1i \u0111a<\/td>\n<td>11,3 kW (15,4 PS) \/ 8.500 v\u00f2ng\/ph\u00fat<\/td>\n<\/tr>\n<tr>\n<td>M\u00f4 men c\u1ef1c \u0111\u1ea1i<\/td>\n<td>13,8 N\u00b7m (1,4 kgf\u00b7m) \/ 7.000 v\u00f2ng\/ph\u00fat<\/td>\n<\/tr>\n<tr>\n<td>H\u1ec7 th\u1ed1ng kh\u1edfi \u0111\u1ed9ng<\/td>\n<td>Kh\u1edfi \u0111\u1ed9ng \u0111i\u1ec7n<\/td>\n<\/tr>\n<tr>\n<td>H\u1ec7 th\u1ed1ng b\u00f4i tr\u01a1n<\/td>\n<td>C\u00e1cte \u01b0\u1edbt<\/td>\n<\/tr>\n<tr>\n<td>M\u1ee9c ti\u00eau th\u1ee5 nhi\u00ean li\u1ec7u (l\/100km)<\/td>\n<td>2 l\/100km<\/td>\n<\/tr>\n<tr>\n<td>B\u1ed9 ch\u1ebf h\u00f2a kh\u00ed<\/td>\n<td>Phun x\u0103ng (1 v\u00f2i phun)<\/td>\n<\/tr>\n<tr>\n<td>H\u1ec7 th\u1ed1ng \u0111\u00e1nh l\u1eeda<\/td>\n<td>T.C.I (k\u1ef9 thu\u1eadt s\u1ed1)<\/td>\n<\/tr>\n<tr>\n<td>T\u1ef7 s\u1ed1 truy\u1ec1n s\u01a1 c\u1ea5p v\u00e0 th\u1ee9 c\u1ea5p<\/td>\n<td>3,042 (73\/24) \/ 3,000 (42\/14)<\/td>\n<\/tr>\n<tr>\n<td>H\u1ec7 th\u1ed1ng ly h\u1ee3p<\/td>\n<td>\u0110a \u0111\u0129a lo\u1ea1i \u01b0\u1edbt<\/td>\n<\/tr>\n<tr>\n<td>T\u1ef7 s\u1ed1 truy\u1ec1n \u0111\u1ed9ng<\/td>\n<td>1: 2,833\/ 2: 1,875\/ 3: 1,429\/ 4: 1,143\/ 5: 0,957<\/td>\n<\/tr>\n<tr>\n<td>Ki\u1ec3u h\u1ec7 th\u1ed1ng truy\u1ec1n l\u1ef1c<\/td>\n<td>5 s\u1ed1<\/td>\n<\/tr>\n<\/tbody>\n<\/table>\n<div class=\"accordion-header active\" data-tab=\"1\"><strong>Khung xe<\/strong><\/div>\n<div class=\"accordion-content\" data-content=\"1\">\n<div class=\"accordion-content__inner\">\n<div class=\"table-scrollx\">\n<table class=\"accordion-content__table\">\n<tbody>\n<tr>\n<td>Lo\u1ea1i khung<\/td>\n<td>\u1ed0ng th\u00e9p \u2013 c\u1ea5u tr\u00fac kim c\u01b0\u01a1ng<\/td>\n<\/tr>\n<tr>\n<td>H\u1ec7 th\u1ed1ng gi\u1ea3m x\u00f3c tr\u01b0\u1edbc<\/td>\n<td>\u1ed0ng l\u1ed3ng<\/td>\n<\/tr>\n<tr>\n<td>H\u00e0nh tr\u00ecnh phu\u1ed9c tr\u01b0\u1edbc<\/td>\n<td>100 mm<\/td>\n<\/tr>\n<tr>\n<td>\u0110\u1ed9 l\u1ec7ch ph\u01b0\u01a1ng tr\u1ee5c l\u00e1i<\/td>\n<td>25,8\u00b0\/ 87mm<\/td>\n<\/tr>\n<tr>\n<td>H\u1ec7 th\u1ed1ng gi\u1ea3m x\u00f3c sau<\/td>\n<td>Gi\u1ea3m ch\u1ea5n th\u1ee7y l\u1ef1c l\u00f2 xo tr\u1ee5<\/td>\n<\/tr>\n<tr>\n<td>H\u00e0nh tr\u00ecnh gi\u1ea3m x\u00f3c sau<\/td>\n<td>32 mm<\/td>\n<\/tr>\n<tr>\n<td>Phanh tr\u01b0\u1edbc<\/td>\n<td>\u0110\u0129a th\u1ee7y l\u1ef1c (\u0111\u01b0\u1eddng k\u00ednh 245 mm)<\/td>\n<\/tr>\n<tr>\n<td>Phanh sau<\/td>\n<td>\u0110\u0129a th\u1ee7y l\u1ef1c (\u0111\u01b0\u1eddng k\u00ednh 203 mm)<\/td>\n<\/tr>\n<tr>\n<td>L\u1ed1p tr\u01b0\u1edbc<\/td>\n<td>90\/80-17M\/C 46P (l\u1ed1p kh\u00f4ng s\u0103m)<\/td>\n<\/tr>\n<tr>\n<td>L\u1ed1p sau<\/td>\n<td>120\/70-17M\/C 58P (l\u1ed1p kh\u00f4ng s\u0103m)<\/td>\n<\/tr>\n<tr>\n<td>\u0110\u00e8n tr\u01b0\u1edbc<\/td>\n<td>B\u00f3ng \u0111\u00e8n LED 12V 10W x2<\/td>\n<\/tr>\n<tr>\n<td>\u0110\u00e8n sau<\/td>\n<td>B\u00f3ng \u0111\u00e8n LED 12V 10W x2<\/td>\n<\/tr>\n<\/tbody>\n<\/table>\n<table class=\"accordion-content__table\">\n<tbody>\n<tr>\n<td>K\u00edch th\u01b0\u1edbc (d\u00e0i x r\u1ed9ng x cao)<\/td>\n<td>1985 mm \u00d7 670 mm \u00d7 1100 mm<\/td>\n<\/tr>\n<tr>\n<td>\u0110\u1ed9 cao y\u00ean xe<\/td>\n<td>795 mm<\/td>\n<\/tr>\n<tr>\n<td>Kho\u1ea3ng c\u00e1ch gi\u1eefa 2 tr\u1ee5c b\u00e1nh xe<\/td>\n<td>1290 mm<\/td>\n<\/tr>\n<tr>\n<td>\u0110\u1ed9 cao g\u1ea7m xe<\/td>\n<td>155 mm<\/td>\n<\/tr>\n<tr>\n<td>Tr\u1ecdng l\u01b0\u1ee3ng \u01b0\u1edbt<\/td>\n<td>117 kg<\/td>\n<\/tr>\n<tr>\n<td>Dung t\u00edch b\u00ecnh x\u0103ng<\/td>\n<td>4,2<\/td>\n<\/tr>\n<tr>\n<td>Dung t\u00edch d\u1ea7u m\u00e1y<\/td>\n<td>1,15<\/td>\n<\/tr>\n<\/tbody>\n<\/table>\n<\/div>\n<\/div>\n<\/div>\n","protected":false},"excerpt":{"rendered":"<ul>\n<li>\n<table class=\"accordion-content__table\">\n<tbody>\n<tr>\n<td>Th\u1eddi gian b\u1ea3o h\u00e0nh<\/td>\n<td>3 n\u0103m ho\u1eb7c 30,000km (tu\u1ef3 \u0111i\u1ec1u ki\u1ec7n n\u00e0o \u0111\u1ebfn tr\u01b0\u1edbc)<\/td>\n<\/tr>\n<\/tbody>\n<\/table>\n<\/li>\n<\/ul>\n","protected":false},"featured_media":619,"template":"","meta":[],"class_list":{"0":"post-618","1":"product","2":"type-product","3":"status-publish","4":"has-post-thumbnail","6":"product_cat-xe-may-yamaha","8":"first","9":"instock","10":"shipping-taxable","11":"product-type-simple"},"yoast_head":"<!-- This site is optimized with the Yoast SEO plugin v19.10 - https:\/\/yoast.com\/wordpress\/plugins\/seo\/ -->\n<title>EXCITER 150 PHI\u00caN B\u1ea2N MONSTER -<\/title>\n<meta name=\"robots\" content=\"index, follow, max-snippet:-1, max-image-preview:large, max-video-preview:-1\" \/>\n<link rel=\"canonical\" href=\"https:\/\/duyhungmotor.com\/?product=exciter-150-phien-ban-monster\" \/>\n<meta property=\"og:locale\" content=\"vi_VN\" \/>\n<meta property=\"og:type\" content=\"article\" \/>\n<meta property=\"og:title\" content=\"EXCITER 150 PHI\u00caN B\u1ea2N MONSTER -\" \/>\n<meta property=\"og:description\" content=\"Th\u1eddi gian b\u1ea3o h\u00e0nh 3 n\u0103m ho\u1eb7c 30,000km (tu\u1ef3 \u0111i\u1ec1u ki\u1ec7n n\u00e0o \u0111\u1ebfn tr\u01b0\u1edbc)\" \/>\n<meta property=\"og:url\" content=\"https:\/\/duyhungmotor.com\/?product=exciter-150-phien-ban-monster\" \/>\n<meta property=\"article:modified_time\" content=\"2020-11-17T15:21:24+00:00\" \/>\n<meta property=\"og:image\" content=\"https:\/\/duyhungmotor.com\/wp-content\/uploads\/2020\/11\/Exciter-Monster-002.png\" \/>\n\t<meta property=\"og:image:width\" content=\"500\" \/>\n\t<meta property=\"og:image:height\" content=\"400\" \/>\n\t<meta property=\"og:image:type\" content=\"image\/png\" \/>\n<meta name=\"twitter:card\" content=\"summary_large_image\" \/>\n<meta name=\"twitter:label1\" content=\"\u01af\u1edbc t\u00ednh th\u1eddi gian \u0111\u1ecdc\" \/>\n\t<meta name=\"twitter:data1\" content=\"2 ph\u00fat\" \/>\n<script type=\"application\/ld+json\" class=\"yoast-schema-graph\">{\"@context\":\"https:\/\/schema.org\",\"@graph\":[{\"@type\":\"WebPage\",\"@id\":\"https:\/\/duyhungmotor.com\/?product=exciter-150-phien-ban-monster\",\"url\":\"https:\/\/duyhungmotor.com\/?product=exciter-150-phien-ban-monster\",\"name\":\"EXCITER 150 PHI\u00caN B\u1ea2N MONSTER -\",\"isPartOf\":{\"@id\":\"https:\/\/duyhungmotor.com\/#website\"},\"datePublished\":\"2020-11-17T15:21:23+00:00\",\"dateModified\":\"2020-11-17T15:21:24+00:00\",\"breadcrumb\":{\"@id\":\"https:\/\/duyhungmotor.com\/?product=exciter-150-phien-ban-monster#breadcrumb\"},\"inLanguage\":\"vi\",\"potentialAction\":[{\"@type\":\"ReadAction\",\"target\":[\"https:\/\/duyhungmotor.com\/?product=exciter-150-phien-ban-monster\"]}]},{\"@type\":\"BreadcrumbList\",\"@id\":\"https:\/\/duyhungmotor.com\/?product=exciter-150-phien-ban-monster#breadcrumb\",\"itemListElement\":[{\"@type\":\"ListItem\",\"position\":1,\"name\":\"Trang ch\u1ee7\",\"item\":\"https:\/\/duyhungmotor.com\/\"},{\"@type\":\"ListItem\",\"position\":2,\"name\":\"EXCITER 150 PHI\u00caN B\u1ea2N MONSTER\"}]},{\"@type\":\"WebSite\",\"@id\":\"https:\/\/duyhungmotor.com\/#website\",\"url\":\"https:\/\/duyhungmotor.com\/\",\"name\":\"\",\"description\":\"\u0110\u1ea1i l\u00fd Xe M\u00e1y - Xe \u0110i\u1ec7n\",\"potentialAction\":[{\"@type\":\"SearchAction\",\"target\":{\"@type\":\"EntryPoint\",\"urlTemplate\":\"https:\/\/duyhungmotor.com\/?s={search_term_string}\"},\"query-input\":\"required name=search_term_string\"}],\"inLanguage\":\"vi\"}]}<\/script>\n<!-- \/ Yoast SEO plugin. -->","yoast_head_json":{"title":"EXCITER 150 PHI\u00caN B\u1ea2N MONSTER -","robots":{"index":"index","follow":"follow","max-snippet":"max-snippet:-1","max-image-preview":"max-image-preview:large","max-video-preview":"max-video-preview:-1"},"canonical":"https:\/\/duyhungmotor.com\/?product=exciter-150-phien-ban-monster","og_locale":"vi_VN","og_type":"article","og_title":"EXCITER 150 PHI\u00caN B\u1ea2N MONSTER -","og_description":"Th\u1eddi gian b\u1ea3o h\u00e0nh 3 n\u0103m ho\u1eb7c 30,000km (tu\u1ef3 \u0111i\u1ec1u ki\u1ec7n n\u00e0o \u0111\u1ebfn tr\u01b0\u1edbc)","og_url":"https:\/\/duyhungmotor.com\/?product=exciter-150-phien-ban-monster","article_modified_time":"2020-11-17T15:21:24+00:00","og_image":[{"width":500,"height":400,"url":"https:\/\/duyhungmotor.com\/wp-content\/uploads\/2020\/11\/Exciter-Monster-002.png","type":"image\/png"}],"twitter_card":"summary_large_image","twitter_misc":{"\u01af\u1edbc t\u00ednh th\u1eddi gian \u0111\u1ecdc":"2 ph\u00fat"},"schema":{"@context":"https:\/\/schema.org","@graph":[{"@type":"WebPage","@id":"https:\/\/duyhungmotor.com\/?product=exciter-150-phien-ban-monster","url":"https:\/\/duyhungmotor.com\/?product=exciter-150-phien-ban-monster","name":"EXCITER 150 PHI\u00caN B\u1ea2N MONSTER -","isPartOf":{"@id":"https:\/\/duyhungmotor.com\/#website"},"datePublished":"2020-11-17T15:21:23+00:00","dateModified":"2020-11-17T15:21:24+00:00","breadcrumb":{"@id":"https:\/\/duyhungmotor.com\/?product=exciter-150-phien-ban-monster#breadcrumb"},"inLanguage":"vi","potentialAction":[{"@type":"ReadAction","target":["https:\/\/duyhungmotor.com\/?product=exciter-150-phien-ban-monster"]}]},{"@type":"BreadcrumbList","@id":"https:\/\/duyhungmotor.com\/?product=exciter-150-phien-ban-monster#breadcrumb","itemListElement":[{"@type":"ListItem","position":1,"name":"Trang ch\u1ee7","item":"https:\/\/duyhungmotor.com\/"},{"@type":"ListItem","position":2,"name":"EXCITER 150 PHI\u00caN B\u1ea2N MONSTER"}]},{"@type":"WebSite","@id":"https:\/\/duyhungmotor.com\/#website","url":"https:\/\/duyhungmotor.com\/","name":"","description":"\u0110\u1ea1i l\u00fd Xe M\u00e1y - Xe \u0110i\u1ec7n","potentialAction":[{"@type":"SearchAction","target":{"@type":"EntryPoint","urlTemplate":"https:\/\/duyhungmotor.com\/?s={search_term_string}"},"query-input":"required name=search_term_string"}],"inLanguage":"vi"}]}},"_links":{"self":[{"href":"https:\/\/duyhungmotor.com\/index.php?rest_route=\/wp\/v2\/product\/618","targetHints":{"allow":["GET"]}}],"collection":[{"href":"https:\/\/duyhungmotor.com\/index.php?rest_route=\/wp\/v2\/product"}],"about":[{"href":"https:\/\/duyhungmotor.com\/index.php?rest_route=\/wp\/v2\/types\/product"}],"wp:featuredmedia":[{"embeddable":true,"href":"https:\/\/duyhungmotor.com\/index.php?rest_route=\/wp\/v2\/media\/619"}],"wp:attachment":[{"href":"https:\/\/duyhungmotor.com\/index.php?rest_route=%2Fwp%2Fv2%2Fmedia&parent=618"}],"curies":[{"name":"wp","href":"https:\/\/api.w.org\/{rel}","templated":true}]}}