{"id":603,"date":"2020-11-17T19:39:23","date_gmt":"2020-11-17T12:39:23","guid":{"rendered":"http:\/\/duyhungmotor.com\/?post_type=product&#038;p=603"},"modified":"2020-11-17T19:39:23","modified_gmt":"2020-11-17T12:39:23","slug":"wave-rsx-110cc","status":"publish","type":"product","link":"https:\/\/duyhungmotor.com\/?product=wave-rsx-110cc","title":{"rendered":"WAVE RSX 110cc"},"content":{"rendered":"<p><img loading=\"lazy\" decoding=\"async\" class=\"size-full wp-image-6140 aligncenter lazyloaded\" src=\"https:\/\/phattien.com\/wp-content\/uploads\/2019\/10\/wave-rsx-dac-tinh-ky-thuat-00-tong-hop-15-05-2020.jpg\" sizes=\"auto, (max-width: 1920px) 100vw, 1920px\" srcset=\"https:\/\/phattien.com\/wp-content\/uploads\/2019\/10\/wave-rsx-dac-tinh-ky-thuat-00-tong-hop-15-05-2020.jpg 1920w, https:\/\/phattien.com\/wp-content\/uploads\/2019\/10\/wave-rsx-dac-tinh-ky-thuat-00-tong-hop-15-05-2020-300x169.jpg 300w, https:\/\/phattien.com\/wp-content\/uploads\/2019\/10\/wave-rsx-dac-tinh-ky-thuat-00-tong-hop-15-05-2020-1024x576.jpg 1024w, https:\/\/phattien.com\/wp-content\/uploads\/2019\/10\/wave-rsx-dac-tinh-ky-thuat-00-tong-hop-15-05-2020-768x432.jpg 768w, https:\/\/phattien.com\/wp-content\/uploads\/2019\/10\/wave-rsx-dac-tinh-ky-thuat-00-tong-hop-15-05-2020-1536x864.jpg 1536w\" alt=\"\" width=\"1920\" height=\"1080\" data-lazy-srcset=\"https:\/\/phattien.com\/wp-content\/uploads\/2019\/10\/wave-rsx-dac-tinh-ky-thuat-00-tong-hop-15-05-2020.jpg 1920w, https:\/\/phattien.com\/wp-content\/uploads\/2019\/10\/wave-rsx-dac-tinh-ky-thuat-00-tong-hop-15-05-2020-300x169.jpg 300w, https:\/\/phattien.com\/wp-content\/uploads\/2019\/10\/wave-rsx-dac-tinh-ky-thuat-00-tong-hop-15-05-2020-1024x576.jpg 1024w, https:\/\/phattien.com\/wp-content\/uploads\/2019\/10\/wave-rsx-dac-tinh-ky-thuat-00-tong-hop-15-05-2020-768x432.jpg 768w, https:\/\/phattien.com\/wp-content\/uploads\/2019\/10\/wave-rsx-dac-tinh-ky-thuat-00-tong-hop-15-05-2020-1536x864.jpg 1536w\" data-lazy-sizes=\"(max-width: 1920px) 100vw, 1920px\" data-lazy-src=\"https:\/\/phattien.com\/wp-content\/uploads\/2019\/10\/wave-rsx-dac-tinh-ky-thuat-00-tong-hop-15-05-2020.jpg\" data-was-processed=\"true\" \/><\/p>\n<p><strong>Thi\u1ebft k\u1ebf ph\u00eda tr\u01b0\u1edbc m\u1ea1nh m\u1ebd<\/strong><br \/>\nM\u1eb7t n\u1ea1 tr\u01b0\u1edbc \u0111\u01b0\u1ee3c thi\u1ebft k\u1ebf tinh t\u1ebf v\u00e0 m\u1ea1nh m\u1ebd, th\u1ec3 hi\u1ec7n v\u1ebb \u0111\u1eb9p h\u1ebft s\u1ee9c hi\u1ec7n \u0111\u1ea1i v\u00e0 \u0111\u1eb7c bi\u1ec7t cu\u1ed1n h\u00fat c\u1ee7a chi\u1ebfc xe.<\/p>\n<p><img loading=\"lazy\" decoding=\"async\" class=\"size-full wp-image-6072 aligncenter lazyloaded\" src=\"https:\/\/phattien.com\/wp-content\/uploads\/2019\/10\/wave-rsx-fi-dac-tinh-ky-thuat-01-thiet-ke-phia-truoc-manh-me-11-05-2020.jpg\" sizes=\"auto, (max-width: 540px) 100vw, 540px\" srcset=\"https:\/\/phattien.com\/wp-content\/uploads\/2019\/10\/wave-rsx-fi-dac-tinh-ky-thuat-01-thiet-ke-phia-truoc-manh-me-11-05-2020.jpg 540w, https:\/\/phattien.com\/wp-content\/uploads\/2019\/10\/wave-rsx-fi-dac-tinh-ky-thuat-01-thiet-ke-phia-truoc-manh-me-11-05-2020-300x198.jpg 300w\" alt=\"\" width=\"540\" height=\"356\" data-lazy-srcset=\"https:\/\/phattien.com\/wp-content\/uploads\/2019\/10\/wave-rsx-fi-dac-tinh-ky-thuat-01-thiet-ke-phia-truoc-manh-me-11-05-2020.jpg 540w, https:\/\/phattien.com\/wp-content\/uploads\/2019\/10\/wave-rsx-fi-dac-tinh-ky-thuat-01-thiet-ke-phia-truoc-manh-me-11-05-2020-300x198.jpg 300w\" data-lazy-sizes=\"(max-width: 540px) 100vw, 540px\" data-lazy-src=\"https:\/\/phattien.com\/wp-content\/uploads\/2019\/10\/wave-rsx-fi-dac-tinh-ky-thuat-01-thiet-ke-phia-truoc-manh-me-11-05-2020.jpg\" data-was-processed=\"true\" \/><\/p>\n<p><strong>Th\u00e2n xe c\u00f9ng tem xe m\u1edbi \u1ea5n t\u01b0\u1ee3ng<\/strong><br \/>\nPhong c\u00e1ch thi\u1ebft k\u1ebf \u0111\u1ed9t ph\u00e1 v\u1edbi c\u00e1c \u0111\u01b0\u1eddng n\u1ed5i ph\u00e1 c\u00e1ch \u0111\u1ed9c \u0111\u00e1o v\u00e0 thanh tho\u00e1t tr\u00ean th\u00e2n xe. Th\u00eam v\u00e0o \u0111\u00f3, tem xe \u0111\u01b0\u1ee3c s\u00e1ng t\u1ea1o t\u1eeb nh\u1eefng \u0111\u01b0\u1eddng n\u00e9t s\u1eafc c\u1ea1nh c\u00f9ng logo 3D \u201cRSX\u201d (tr\u00ean phi\u00ean b\u1ea3n phanh \u0111\u0129a v\u00e0nh \u0111\u00fac) \u1ea5n t\u01b0\u1ee3ng l\u00e0m n\u1ed5i b\u1eadt l\u00ean m\u1ed9t phong c\u00e1ch ri\u00eang ch\u1ec9 c\u00f3 c\u1ee7a Wave RSX.<\/p>\n<p><img loading=\"lazy\" decoding=\"async\" class=\"size-full wp-image-6073 aligncenter lazyloaded\" src=\"https:\/\/phattien.com\/wp-content\/uploads\/2019\/10\/wave-rsx-fi-dac-tinh-ky-thuat-02-than-xe-cung-tem-xe-moi-an-tuong-11-05-2020.jpg\" sizes=\"auto, (max-width: 540px) 100vw, 540px\" srcset=\"https:\/\/phattien.com\/wp-content\/uploads\/2019\/10\/wave-rsx-fi-dac-tinh-ky-thuat-02-than-xe-cung-tem-xe-moi-an-tuong-11-05-2020.jpg 540w, https:\/\/phattien.com\/wp-content\/uploads\/2019\/10\/wave-rsx-fi-dac-tinh-ky-thuat-02-than-xe-cung-tem-xe-moi-an-tuong-11-05-2020-300x198.jpg 300w\" alt=\"\" width=\"540\" height=\"356\" data-lazy-srcset=\"https:\/\/phattien.com\/wp-content\/uploads\/2019\/10\/wave-rsx-fi-dac-tinh-ky-thuat-02-than-xe-cung-tem-xe-moi-an-tuong-11-05-2020.jpg 540w, https:\/\/phattien.com\/wp-content\/uploads\/2019\/10\/wave-rsx-fi-dac-tinh-ky-thuat-02-than-xe-cung-tem-xe-moi-an-tuong-11-05-2020-300x198.jpg 300w\" data-lazy-sizes=\"(max-width: 540px) 100vw, 540px\" data-lazy-src=\"https:\/\/phattien.com\/wp-content\/uploads\/2019\/10\/wave-rsx-fi-dac-tinh-ky-thuat-02-than-xe-cung-tem-xe-moi-an-tuong-11-05-2020.jpg\" data-was-processed=\"true\" \/><\/p>\n<p><strong>M\u1eb7t \u0111\u1ed3ng h\u1ed3 th\u1ec3 thao<\/strong><br \/>\nM\u1eb7t \u0111\u1ed3ng h\u1ed3 \u0111\u01b0\u1ee3c thi\u1ebft k\u1ebf m\u1edbi, c\u00f3 logo RSX n\u1ed5i b\u1eadt ph\u00eda tr\u00ean t\u1ea1o d\u1ea5u \u1ea5n ngay t\u1eeb \u00e1nh nh\u00ecn \u0111\u1ea7u ti\u00ean, mang d\u00e1ng v\u1ebb th\u1ec3 thao hi\u1ec7n \u0111\u1ea1i, \u0111\u01b0\u1ee3c b\u1ed1 tr\u00ed khoa h\u1ecdc, d\u1ec5 d\u00e0ng quan s\u00e1t c\u00e1c th\u00f4ng s\u1ed1 v\u1eadn h\u00e0nh.<\/p>\n<p><img loading=\"lazy\" decoding=\"async\" class=\"size-full wp-image-6074 aligncenter lazyloaded\" src=\"https:\/\/phattien.com\/wp-content\/uploads\/2019\/10\/wave-rsx-fi-dac-tinh-ky-thuat-03-mat-dong-ho-the-thao-11-05-2020.jpg\" sizes=\"auto, (max-width: 540px) 100vw, 540px\" srcset=\"https:\/\/phattien.com\/wp-content\/uploads\/2019\/10\/wave-rsx-fi-dac-tinh-ky-thuat-03-mat-dong-ho-the-thao-11-05-2020.jpg 540w, https:\/\/phattien.com\/wp-content\/uploads\/2019\/10\/wave-rsx-fi-dac-tinh-ky-thuat-03-mat-dong-ho-the-thao-11-05-2020-300x198.jpg 300w\" alt=\"\" width=\"540\" height=\"356\" data-lazy-srcset=\"https:\/\/phattien.com\/wp-content\/uploads\/2019\/10\/wave-rsx-fi-dac-tinh-ky-thuat-03-mat-dong-ho-the-thao-11-05-2020.jpg 540w, https:\/\/phattien.com\/wp-content\/uploads\/2019\/10\/wave-rsx-fi-dac-tinh-ky-thuat-03-mat-dong-ho-the-thao-11-05-2020-300x198.jpg 300w\" data-lazy-sizes=\"(max-width: 540px) 100vw, 540px\" data-lazy-src=\"https:\/\/phattien.com\/wp-content\/uploads\/2019\/10\/wave-rsx-fi-dac-tinh-ky-thuat-03-mat-dong-ho-the-thao-11-05-2020.jpg\" data-was-processed=\"true\" \/><\/p>\n<p><strong>Thi\u1ebft k\u1ebf sau tinh t\u1ebf<\/strong><br \/>\nThi\u1ebft k\u1ebf ph\u00eda sau mang d\u00e1ng v\u1ebb v\u00f4 c\u00f9ng kh\u1ecfe kho\u1eafn v\u1edbi c\u1ee5m \u0111\u00e8n h\u1eadu vu\u1ed1t cao ki\u00eau h\u00e3nh t\u0103ng th\u00eam d\u1ea5u \u1ea5n c\u00e1 t\u00ednh cho Wave RSX m\u1edbi.<\/p>\n<p><img loading=\"lazy\" decoding=\"async\" class=\"size-full wp-image-6076 aligncenter lazyloaded\" src=\"https:\/\/phattien.com\/wp-content\/uploads\/2019\/10\/wave-rsx-fi-dac-tinh-ky-thuat-04-thiet-ke-sau-tinh-te-11-05-2020.jpg\" sizes=\"auto, (max-width: 540px) 100vw, 540px\" srcset=\"https:\/\/phattien.com\/wp-content\/uploads\/2019\/10\/wave-rsx-fi-dac-tinh-ky-thuat-04-thiet-ke-sau-tinh-te-11-05-2020.jpg 540w, https:\/\/phattien.com\/wp-content\/uploads\/2019\/10\/wave-rsx-fi-dac-tinh-ky-thuat-04-thiet-ke-sau-tinh-te-11-05-2020-300x198.jpg 300w\" alt=\"\" width=\"540\" height=\"356\" data-lazy-srcset=\"https:\/\/phattien.com\/wp-content\/uploads\/2019\/10\/wave-rsx-fi-dac-tinh-ky-thuat-04-thiet-ke-sau-tinh-te-11-05-2020.jpg 540w, https:\/\/phattien.com\/wp-content\/uploads\/2019\/10\/wave-rsx-fi-dac-tinh-ky-thuat-04-thiet-ke-sau-tinh-te-11-05-2020-300x198.jpg 300w\" data-lazy-sizes=\"(max-width: 540px) 100vw, 540px\" data-lazy-src=\"https:\/\/phattien.com\/wp-content\/uploads\/2019\/10\/wave-rsx-fi-dac-tinh-ky-thuat-04-thiet-ke-sau-tinh-te-11-05-2020.jpg\" data-was-processed=\"true\" \/><\/p>\n<p><strong>\u0110\u1ed9ng c\u01a1 Honda 110cc<\/strong><br \/>\nWave RSX \u0111\u01b0\u1ee3c trang b\u1ecb \u0111\u1ed9ng c\u01a1 110cc, 4 k\u1ef3, xy-lanh \u0111\u01a1n, \u0111\u00e1p \u1ee9ng ti\u00eau chu\u1ea9n kh\u00ed th\u1ea3i Euro 3, t\u1ed1i \u01b0u h\u00f3a kh\u1ea3 n\u0103ng t\u0103ng t\u1ed1c, kh\u00f4ng nh\u1eefng ti\u1ebft ki\u1ec7m nhi\u00ean li\u1ec7u m\u00e0 c\u00f2n \u0111\u1ea3m b\u1ea3o s\u1ef1 b\u1ec1n b\u1ec9, v\u1eadn h\u00e0nh m\u1ea1nh m\u1ebd &amp; \u1ed5n \u0111\u1ecbnh.<\/p>\n<p><img loading=\"lazy\" decoding=\"async\" class=\"size-full wp-image-6077 aligncenter lazyloaded\" src=\"https:\/\/phattien.com\/wp-content\/uploads\/2019\/10\/wave-rsx-fi-dac-tinh-ky-thuat-05-dong-co-honda-110cc-11-05-2020.jpg\" sizes=\"auto, (max-width: 540px) 100vw, 540px\" srcset=\"https:\/\/phattien.com\/wp-content\/uploads\/2019\/10\/wave-rsx-fi-dac-tinh-ky-thuat-05-dong-co-honda-110cc-11-05-2020.jpg 540w, https:\/\/phattien.com\/wp-content\/uploads\/2019\/10\/wave-rsx-fi-dac-tinh-ky-thuat-05-dong-co-honda-110cc-11-05-2020-300x198.jpg 300w\" alt=\"\" width=\"540\" height=\"356\" data-lazy-srcset=\"https:\/\/phattien.com\/wp-content\/uploads\/2019\/10\/wave-rsx-fi-dac-tinh-ky-thuat-05-dong-co-honda-110cc-11-05-2020.jpg 540w, https:\/\/phattien.com\/wp-content\/uploads\/2019\/10\/wave-rsx-fi-dac-tinh-ky-thuat-05-dong-co-honda-110cc-11-05-2020-300x198.jpg 300w\" data-lazy-sizes=\"(max-width: 540px) 100vw, 540px\" data-lazy-src=\"https:\/\/phattien.com\/wp-content\/uploads\/2019\/10\/wave-rsx-fi-dac-tinh-ky-thuat-05-dong-co-honda-110cc-11-05-2020.jpg\" data-was-processed=\"true\" \/><\/p>\n<p><strong>H\u1ec7 th\u1ed1ng phun x\u0103ng \u0111i\u1ec7n t\u1eed PGM-FI<\/strong><br \/>\nH\u1ec7 th\u1ed1ng phun x\u0103ng \u0111i\u1ec7n t\u1eed PGM-FI \u0111\u01b0\u1ee3c trang b\u1ecb tr\u00ean t\u1ea5t c\u1ea3 phi\u00ean b\u1ea3n, gi\u00fap cung c\u1ea5p l\u01b0\u1ee3ng nhi\u00ean li\u1ec7u ph\u00f9 h\u1ee3p v\u1edbi \u0111i\u1ec1u ki\u1ec7n v\u1eadn h\u00e0nh &amp; ti\u1ebft ki\u1ec7m nhi\u00ean li\u1ec7u.<\/p>\n<p><img loading=\"lazy\" decoding=\"async\" class=\"size-full wp-image-6078 aligncenter lazyloaded\" src=\"https:\/\/phattien.com\/wp-content\/uploads\/2019\/10\/wave-rsx-fi-dac-tinh-ky-thuat-06-he-thong-phun-xang-dien-tu-PGM-FI-11-05-2020.jpg\" sizes=\"auto, (max-width: 540px) 100vw, 540px\" srcset=\"https:\/\/phattien.com\/wp-content\/uploads\/2019\/10\/wave-rsx-fi-dac-tinh-ky-thuat-06-he-thong-phun-xang-dien-tu-PGM-FI-11-05-2020.jpg 540w, https:\/\/phattien.com\/wp-content\/uploads\/2019\/10\/wave-rsx-fi-dac-tinh-ky-thuat-06-he-thong-phun-xang-dien-tu-PGM-FI-11-05-2020-300x198.jpg 300w\" alt=\"\" width=\"540\" height=\"356\" data-lazy-srcset=\"https:\/\/phattien.com\/wp-content\/uploads\/2019\/10\/wave-rsx-fi-dac-tinh-ky-thuat-06-he-thong-phun-xang-dien-tu-PGM-FI-11-05-2020.jpg 540w, https:\/\/phattien.com\/wp-content\/uploads\/2019\/10\/wave-rsx-fi-dac-tinh-ky-thuat-06-he-thong-phun-xang-dien-tu-PGM-FI-11-05-2020-300x198.jpg 300w\" data-lazy-sizes=\"(max-width: 540px) 100vw, 540px\" data-lazy-src=\"https:\/\/phattien.com\/wp-content\/uploads\/2019\/10\/wave-rsx-fi-dac-tinh-ky-thuat-06-he-thong-phun-xang-dien-tu-PGM-FI-11-05-2020.jpg\" data-was-processed=\"true\" \/><\/p>\n<p><strong>H\u1ed9p \u0111\u1ef1ng \u0111\u1ed3 U-box<\/strong><br \/>\nH\u1ed9c \u0111\u1ef1ng \u0111\u1ed3 ti\u1ec7n l\u1ee3i c\u00f3 kh\u1ea3 n\u0103ng ch\u1ee9a \u0111\u01b0\u1ee3c 01 m\u0169 b\u1ea3o hi\u1ec3m n\u1eeda \u0111\u1ea7u c\u00f9ng nh\u1eefng v\u1eadt d\u1ee5ng c\u00e1 nh\u00e2n kh\u00e1c.<\/p>\n<p><img loading=\"lazy\" decoding=\"async\" class=\"size-full wp-image-6079 aligncenter lazyloaded\" src=\"https:\/\/phattien.com\/wp-content\/uploads\/2019\/10\/wave-rsx-fi-dac-tinh-ky-thuat-07-hop-dung-do-u-box-11-05-2020.jpg\" sizes=\"auto, (max-width: 540px) 100vw, 540px\" srcset=\"https:\/\/phattien.com\/wp-content\/uploads\/2019\/10\/wave-rsx-fi-dac-tinh-ky-thuat-07-hop-dung-do-u-box-11-05-2020.jpg 540w, https:\/\/phattien.com\/wp-content\/uploads\/2019\/10\/wave-rsx-fi-dac-tinh-ky-thuat-07-hop-dung-do-u-box-11-05-2020-300x198.jpg 300w\" alt=\"\" width=\"540\" height=\"356\" data-lazy-srcset=\"https:\/\/phattien.com\/wp-content\/uploads\/2019\/10\/wave-rsx-fi-dac-tinh-ky-thuat-07-hop-dung-do-u-box-11-05-2020.jpg 540w, https:\/\/phattien.com\/wp-content\/uploads\/2019\/10\/wave-rsx-fi-dac-tinh-ky-thuat-07-hop-dung-do-u-box-11-05-2020-300x198.jpg 300w\" data-lazy-sizes=\"(max-width: 540px) 100vw, 540px\" data-lazy-src=\"https:\/\/phattien.com\/wp-content\/uploads\/2019\/10\/wave-rsx-fi-dac-tinh-ky-thuat-07-hop-dung-do-u-box-11-05-2020.jpg\" data-was-processed=\"true\" \/><\/p>\n<p><strong>\u1ed4 kh\u00f3a hi\u1ec7n \u0111\u1ea1i 4 trong 1<\/strong><br \/>\nWave RSX phi\u00ean b\u1ea3n m\u1edbi nay \u0111\u01b0\u1ee3c trang b\u1ecb \u1ed5 kh\u00f3a hi\u1ec7n \u0111\u1ea1i 4 trong 1, bao g\u1ed3m kh\u00f3a \u0111i\u1ec7n, kh\u00f3a t\u1eeb, kh\u00f3a c\u1ed5 v\u00e0 kh\u00f3a y\u00ean r\u1ea5t d\u1ec5 s\u1eed d\u1ee5ng, an t\u00e2m h\u01a1n v\u00e0 ch\u1ed1ng r\u1ec9 s\u00e9t.<\/p>\n<p><img loading=\"lazy\" decoding=\"async\" class=\"size-full wp-image-6080 aligncenter lazyloaded\" src=\"https:\/\/phattien.com\/wp-content\/uploads\/2019\/10\/wave-rsx-fi-dac-tinh-ky-thuat-08-o-khoa-hien-dai-4-trong-1-11-05-2020.jpg\" sizes=\"auto, (max-width: 540px) 100vw, 540px\" srcset=\"https:\/\/phattien.com\/wp-content\/uploads\/2019\/10\/wave-rsx-fi-dac-tinh-ky-thuat-08-o-khoa-hien-dai-4-trong-1-11-05-2020.jpg 540w, https:\/\/phattien.com\/wp-content\/uploads\/2019\/10\/wave-rsx-fi-dac-tinh-ky-thuat-08-o-khoa-hien-dai-4-trong-1-11-05-2020-300x198.jpg 300w\" alt=\"\" width=\"540\" height=\"356\" data-lazy-srcset=\"https:\/\/phattien.com\/wp-content\/uploads\/2019\/10\/wave-rsx-fi-dac-tinh-ky-thuat-08-o-khoa-hien-dai-4-trong-1-11-05-2020.jpg 540w, https:\/\/phattien.com\/wp-content\/uploads\/2019\/10\/wave-rsx-fi-dac-tinh-ky-thuat-08-o-khoa-hien-dai-4-trong-1-11-05-2020-300x198.jpg 300w\" data-lazy-sizes=\"(max-width: 540px) 100vw, 540px\" data-lazy-src=\"https:\/\/phattien.com\/wp-content\/uploads\/2019\/10\/wave-rsx-fi-dac-tinh-ky-thuat-08-o-khoa-hien-dai-4-trong-1-11-05-2020.jpg\" data-was-processed=\"true\" \/><\/p>\n","protected":false},"excerpt":{"rendered":"<ul>\n<li>Phong c\u00e1ch thi\u1ebft k\u1ebf c\u1ee7a Wave RSX Fi l\u00e0 s\u1ef1 k\u1ebft h\u1ee3p ho\u00e0n h\u1ea3o gi\u1eefa y\u1ebfu t\u1ed1 th\u1ec3 thao, n\u0103ng \u0111\u1ed9ng v\u00e0 ti\u1ec7n l\u1ee3i trong s\u1eed d\u1ee5ng. Nh\u1eefng \u0111\u01b0\u1eddng n\u00e9t g\u00f3c c\u1ea1nh kh\u00f4ng ch\u1ec9 t\u00f4n l\u00ean v\u1ebb s\u1eafc s\u1ea3o m\u00e0 c\u00f2n t\u1ea1o ra n\u00e9t c\u00e1 t\u00ednh ri\u00eang c\u1ee7a xe.<\/li>\n<li>Wave RSX Fi c\u00f3 kh\u1ea3 n\u0103ng v\u1eadn h\u00e0nh m\u1ea1nh m\u1ebd, b\u1ec1n b\u1ec9 tr\u00ean m\u1ecdi cung \u0111\u01b0\u1eddng, th\u00e2n thi\u1ec7n v\u1edbi m\u00f4i tr\u01b0\u1eddng v\u00e0 ti\u1ebft ki\u1ec7m nhi\u00ean li\u1ec7u t\u1ed1i \u0111a<\/li>\n<\/ul>\n","protected":false},"featured_media":606,"template":"","meta":[],"class_list":{"0":"post-603","1":"product","2":"type-product","3":"status-publish","4":"has-post-thumbnail","6":"product_cat-xe-may-honda","8":"first","9":"instock","10":"shipping-taxable","11":"product-type-simple"},"yoast_head":"<!-- This site is optimized with the Yoast SEO plugin v19.10 - https:\/\/yoast.com\/wordpress\/plugins\/seo\/ -->\n<title>WAVE RSX 110cc -<\/title>\n<meta name=\"robots\" content=\"index, follow, max-snippet:-1, max-image-preview:large, max-video-preview:-1\" \/>\n<link rel=\"canonical\" href=\"https:\/\/duyhungmotor.com\/?product=wave-rsx-110cc\" \/>\n<meta property=\"og:locale\" content=\"vi_VN\" \/>\n<meta property=\"og:type\" content=\"article\" \/>\n<meta property=\"og:title\" content=\"WAVE RSX 110cc -\" \/>\n<meta property=\"og:description\" content=\"Phong c\u00e1ch thi\u1ebft k\u1ebf c\u1ee7a Wave RSX Fi l\u00e0 s\u1ef1 k\u1ebft h\u1ee3p ho\u00e0n h\u1ea3o gi\u1eefa y\u1ebfu t\u1ed1 th\u1ec3 thao, n\u0103ng \u0111\u1ed9ng v\u00e0 ti\u1ec7n l\u1ee3i trong s\u1eed d\u1ee5ng. Nh\u1eefng \u0111\u01b0\u1eddng n\u00e9t g\u00f3c c\u1ea1nh kh\u00f4ng ch\u1ec9 t\u00f4n l\u00ean v\u1ebb s\u1eafc s\u1ea3o m\u00e0 c\u00f2n t\u1ea1o ra n\u00e9t c\u00e1 t\u00ednh ri\u00eang c\u1ee7a xe.  Wave RSX Fi c\u00f3 kh\u1ea3 n\u0103ng v\u1eadn h\u00e0nh m\u1ea1nh m\u1ebd, b\u1ec1n b\u1ec9 tr\u00ean m\u1ecdi cung \u0111\u01b0\u1eddng, th\u00e2n thi\u1ec7n v\u1edbi m\u00f4i tr\u01b0\u1eddng v\u00e0 ti\u1ebft ki\u1ec7m nhi\u00ean li\u1ec7u t\u1ed1i \u0111a\" \/>\n<meta property=\"og:url\" content=\"https:\/\/duyhungmotor.com\/?product=wave-rsx-110cc\" \/>\n<meta property=\"og:image\" content=\"https:\/\/duyhungmotor.com\/wp-content\/uploads\/2020\/11\/ware-rsx-01.png\" \/>\n\t<meta property=\"og:image:width\" content=\"800\" \/>\n\t<meta property=\"og:image:height\" content=\"525\" \/>\n\t<meta property=\"og:image:type\" content=\"image\/png\" \/>\n<meta name=\"twitter:card\" content=\"summary_large_image\" \/>\n<meta name=\"twitter:label1\" content=\"\u01af\u1edbc t\u00ednh th\u1eddi gian \u0111\u1ecdc\" \/>\n\t<meta name=\"twitter:data1\" content=\"3 ph\u00fat\" \/>\n<script type=\"application\/ld+json\" class=\"yoast-schema-graph\">{\"@context\":\"https:\/\/schema.org\",\"@graph\":[{\"@type\":\"WebPage\",\"@id\":\"https:\/\/duyhungmotor.com\/?product=wave-rsx-110cc\",\"url\":\"https:\/\/duyhungmotor.com\/?product=wave-rsx-110cc\",\"name\":\"WAVE RSX 110cc -\",\"isPartOf\":{\"@id\":\"https:\/\/duyhungmotor.com\/#website\"},\"datePublished\":\"2020-11-17T12:39:23+00:00\",\"dateModified\":\"2020-11-17T12:39:23+00:00\",\"breadcrumb\":{\"@id\":\"https:\/\/duyhungmotor.com\/?product=wave-rsx-110cc#breadcrumb\"},\"inLanguage\":\"vi\",\"potentialAction\":[{\"@type\":\"ReadAction\",\"target\":[\"https:\/\/duyhungmotor.com\/?product=wave-rsx-110cc\"]}]},{\"@type\":\"BreadcrumbList\",\"@id\":\"https:\/\/duyhungmotor.com\/?product=wave-rsx-110cc#breadcrumb\",\"itemListElement\":[{\"@type\":\"ListItem\",\"position\":1,\"name\":\"Trang ch\u1ee7\",\"item\":\"https:\/\/duyhungmotor.com\/\"},{\"@type\":\"ListItem\",\"position\":2,\"name\":\"WAVE RSX 110cc\"}]},{\"@type\":\"WebSite\",\"@id\":\"https:\/\/duyhungmotor.com\/#website\",\"url\":\"https:\/\/duyhungmotor.com\/\",\"name\":\"\",\"description\":\"\u0110\u1ea1i l\u00fd Xe M\u00e1y - Xe \u0110i\u1ec7n\",\"potentialAction\":[{\"@type\":\"SearchAction\",\"target\":{\"@type\":\"EntryPoint\",\"urlTemplate\":\"https:\/\/duyhungmotor.com\/?s={search_term_string}\"},\"query-input\":\"required name=search_term_string\"}],\"inLanguage\":\"vi\"}]}<\/script>\n<!-- \/ Yoast SEO plugin. -->","yoast_head_json":{"title":"WAVE RSX 110cc -","robots":{"index":"index","follow":"follow","max-snippet":"max-snippet:-1","max-image-preview":"max-image-preview:large","max-video-preview":"max-video-preview:-1"},"canonical":"https:\/\/duyhungmotor.com\/?product=wave-rsx-110cc","og_locale":"vi_VN","og_type":"article","og_title":"WAVE RSX 110cc -","og_description":"Phong c\u00e1ch thi\u1ebft k\u1ebf c\u1ee7a Wave RSX Fi l\u00e0 s\u1ef1 k\u1ebft h\u1ee3p ho\u00e0n h\u1ea3o gi\u1eefa y\u1ebfu t\u1ed1 th\u1ec3 thao, n\u0103ng \u0111\u1ed9ng v\u00e0 ti\u1ec7n l\u1ee3i trong s\u1eed d\u1ee5ng. Nh\u1eefng \u0111\u01b0\u1eddng n\u00e9t g\u00f3c c\u1ea1nh kh\u00f4ng ch\u1ec9 t\u00f4n l\u00ean v\u1ebb s\u1eafc s\u1ea3o m\u00e0 c\u00f2n t\u1ea1o ra n\u00e9t c\u00e1 t\u00ednh ri\u00eang c\u1ee7a xe.  Wave RSX Fi c\u00f3 kh\u1ea3 n\u0103ng v\u1eadn h\u00e0nh m\u1ea1nh m\u1ebd, b\u1ec1n b\u1ec9 tr\u00ean m\u1ecdi cung \u0111\u01b0\u1eddng, th\u00e2n thi\u1ec7n v\u1edbi m\u00f4i tr\u01b0\u1eddng v\u00e0 ti\u1ebft ki\u1ec7m nhi\u00ean li\u1ec7u t\u1ed1i \u0111a","og_url":"https:\/\/duyhungmotor.com\/?product=wave-rsx-110cc","og_image":[{"width":800,"height":525,"url":"https:\/\/duyhungmotor.com\/wp-content\/uploads\/2020\/11\/ware-rsx-01.png","type":"image\/png"}],"twitter_card":"summary_large_image","twitter_misc":{"\u01af\u1edbc t\u00ednh th\u1eddi gian \u0111\u1ecdc":"3 ph\u00fat"},"schema":{"@context":"https:\/\/schema.org","@graph":[{"@type":"WebPage","@id":"https:\/\/duyhungmotor.com\/?product=wave-rsx-110cc","url":"https:\/\/duyhungmotor.com\/?product=wave-rsx-110cc","name":"WAVE RSX 110cc -","isPartOf":{"@id":"https:\/\/duyhungmotor.com\/#website"},"datePublished":"2020-11-17T12:39:23+00:00","dateModified":"2020-11-17T12:39:23+00:00","breadcrumb":{"@id":"https:\/\/duyhungmotor.com\/?product=wave-rsx-110cc#breadcrumb"},"inLanguage":"vi","potentialAction":[{"@type":"ReadAction","target":["https:\/\/duyhungmotor.com\/?product=wave-rsx-110cc"]}]},{"@type":"BreadcrumbList","@id":"https:\/\/duyhungmotor.com\/?product=wave-rsx-110cc#breadcrumb","itemListElement":[{"@type":"ListItem","position":1,"name":"Trang ch\u1ee7","item":"https:\/\/duyhungmotor.com\/"},{"@type":"ListItem","position":2,"name":"WAVE RSX 110cc"}]},{"@type":"WebSite","@id":"https:\/\/duyhungmotor.com\/#website","url":"https:\/\/duyhungmotor.com\/","name":"","description":"\u0110\u1ea1i l\u00fd Xe M\u00e1y - Xe \u0110i\u1ec7n","potentialAction":[{"@type":"SearchAction","target":{"@type":"EntryPoint","urlTemplate":"https:\/\/duyhungmotor.com\/?s={search_term_string}"},"query-input":"required name=search_term_string"}],"inLanguage":"vi"}]}},"_links":{"self":[{"href":"https:\/\/duyhungmotor.com\/index.php?rest_route=\/wp\/v2\/product\/603","targetHints":{"allow":["GET"]}}],"collection":[{"href":"https:\/\/duyhungmotor.com\/index.php?rest_route=\/wp\/v2\/product"}],"about":[{"href":"https:\/\/duyhungmotor.com\/index.php?rest_route=\/wp\/v2\/types\/product"}],"wp:featuredmedia":[{"embeddable":true,"href":"https:\/\/duyhungmotor.com\/index.php?rest_route=\/wp\/v2\/media\/606"}],"wp:attachment":[{"href":"https:\/\/duyhungmotor.com\/index.php?rest_route=%2Fwp%2Fv2%2Fmedia&parent=603"}],"curies":[{"name":"wp","href":"https:\/\/api.w.org\/{rel}","templated":true}]}}