{"id":597,"date":"2020-11-17T19:33:40","date_gmt":"2020-11-17T12:33:40","guid":{"rendered":"http:\/\/duyhungmotor.com\/?post_type=product&#038;p=597"},"modified":"2020-11-17T19:33:40","modified_gmt":"2020-11-17T12:33:40","slug":"blade-110cc","status":"publish","type":"product","link":"https:\/\/duyhungmotor.com\/?product=blade-110cc","title":{"rendered":"BLADE 110cc"},"content":{"rendered":"<p><img loading=\"lazy\" decoding=\"async\" class=\"size-full wp-image-6144 aligncenter lazyloaded\" src=\"https:\/\/phattien.com\/wp-content\/uploads\/2019\/10\/blade-dac-tinh-ky-thuat-00-tong-hop-15-05-2020.jpg\" sizes=\"auto, (max-width: 1920px) 100vw, 1920px\" srcset=\"https:\/\/phattien.com\/wp-content\/uploads\/2019\/10\/blade-dac-tinh-ky-thuat-00-tong-hop-15-05-2020.jpg 1920w, https:\/\/phattien.com\/wp-content\/uploads\/2019\/10\/blade-dac-tinh-ky-thuat-00-tong-hop-15-05-2020-300x169.jpg 300w, https:\/\/phattien.com\/wp-content\/uploads\/2019\/10\/blade-dac-tinh-ky-thuat-00-tong-hop-15-05-2020-1024x576.jpg 1024w, https:\/\/phattien.com\/wp-content\/uploads\/2019\/10\/blade-dac-tinh-ky-thuat-00-tong-hop-15-05-2020-768x432.jpg 768w, https:\/\/phattien.com\/wp-content\/uploads\/2019\/10\/blade-dac-tinh-ky-thuat-00-tong-hop-15-05-2020-1536x864.jpg 1536w\" alt=\"\" width=\"1920\" height=\"1080\" data-lazy-srcset=\"https:\/\/phattien.com\/wp-content\/uploads\/2019\/10\/blade-dac-tinh-ky-thuat-00-tong-hop-15-05-2020.jpg 1920w, https:\/\/phattien.com\/wp-content\/uploads\/2019\/10\/blade-dac-tinh-ky-thuat-00-tong-hop-15-05-2020-300x169.jpg 300w, https:\/\/phattien.com\/wp-content\/uploads\/2019\/10\/blade-dac-tinh-ky-thuat-00-tong-hop-15-05-2020-1024x576.jpg 1024w, https:\/\/phattien.com\/wp-content\/uploads\/2019\/10\/blade-dac-tinh-ky-thuat-00-tong-hop-15-05-2020-768x432.jpg 768w, https:\/\/phattien.com\/wp-content\/uploads\/2019\/10\/blade-dac-tinh-ky-thuat-00-tong-hop-15-05-2020-1536x864.jpg 1536w\" data-lazy-sizes=\"(max-width: 1920px) 100vw, 1920px\" data-lazy-src=\"https:\/\/phattien.com\/wp-content\/uploads\/2019\/10\/blade-dac-tinh-ky-thuat-00-tong-hop-15-05-2020.jpg\" data-was-processed=\"true\" \/><\/p>\n<p><strong>Th\u00e2n xe vu\u1ed1t g\u1ecdn<\/strong><br \/>\nThi\u1ebft k\u1ebf mang t\u00ednh kh\u00ed \u0111\u1ed9ng h\u1ecdc, ph\u1ea7n nh\u1ef1a \u1ed1p g\u1ecdn v\u00e0 vu\u1ed1t theo chi\u1ec1u d\u00e0i gi\u00fap xe thanh tho\u00e1t h\u01a1n.<\/p>\n<p><img loading=\"lazy\" decoding=\"async\" class=\"aligncenter wp-image-5948 size-full lazyloaded\" src=\"https:\/\/phattien.com\/wp-content\/uploads\/2019\/10\/blade-dac-tinh-ky-thuat-01-than-xe-vuot-gon-11-05-2020.png\" sizes=\"auto, (max-width: 540px) 100vw, 540px\" srcset=\"https:\/\/phattien.com\/wp-content\/uploads\/2019\/10\/blade-dac-tinh-ky-thuat-01-than-xe-vuot-gon-11-05-2020.png 540w, https:\/\/phattien.com\/wp-content\/uploads\/2019\/10\/blade-dac-tinh-ky-thuat-01-than-xe-vuot-gon-11-05-2020-300x198.png 300w\" alt=\"\" width=\"540\" height=\"356\" data-lazy-srcset=\"https:\/\/phattien.com\/wp-content\/uploads\/2019\/10\/blade-dac-tinh-ky-thuat-01-than-xe-vuot-gon-11-05-2020.png 540w, https:\/\/phattien.com\/wp-content\/uploads\/2019\/10\/blade-dac-tinh-ky-thuat-01-than-xe-vuot-gon-11-05-2020-300x198.png 300w\" data-lazy-sizes=\"(max-width: 540px) 100vw, 540px\" data-lazy-src=\"https:\/\/phattien.com\/wp-content\/uploads\/2019\/10\/blade-dac-tinh-ky-thuat-01-than-xe-vuot-gon-11-05-2020.png\" data-was-processed=\"true\" \/><\/p>\n<p><strong>Thi\u1ebft k\u1ebf ph\u00eda sau tr\u1ebb trung<\/strong><br \/>\nC\u1ee5m \u0111\u00e8n h\u1eadu li\u1ec1n kh\u1ed1i, \u0111\u01b0\u1ee3c vu\u1ed1t g\u1ecdn t\u1ea1o c\u1ea3m gi\u00e1c ch\u1eafc ch\u1eafn v\u00e0 tr\u1ebb trung cho Blade 110 khi nh\u00ecn t\u1eeb ph\u00eda sau.<\/p>\n<p><img loading=\"lazy\" decoding=\"async\" class=\"size-full wp-image-5949 aligncenter lazyloaded\" src=\"https:\/\/phattien.com\/wp-content\/uploads\/2019\/10\/blade-dac-tinh-ky-thuat-02-thiet-ke-phia-sau-tre-trung-11-05-2020.png\" sizes=\"auto, (max-width: 540px) 100vw, 540px\" srcset=\"https:\/\/phattien.com\/wp-content\/uploads\/2019\/10\/blade-dac-tinh-ky-thuat-02-thiet-ke-phia-sau-tre-trung-11-05-2020.png 540w, https:\/\/phattien.com\/wp-content\/uploads\/2019\/10\/blade-dac-tinh-ky-thuat-02-thiet-ke-phia-sau-tre-trung-11-05-2020-300x198.png 300w\" alt=\"\" width=\"540\" height=\"356\" data-lazy-srcset=\"https:\/\/phattien.com\/wp-content\/uploads\/2019\/10\/blade-dac-tinh-ky-thuat-02-thiet-ke-phia-sau-tre-trung-11-05-2020.png 540w, https:\/\/phattien.com\/wp-content\/uploads\/2019\/10\/blade-dac-tinh-ky-thuat-02-thiet-ke-phia-sau-tre-trung-11-05-2020-300x198.png 300w\" data-lazy-sizes=\"(max-width: 540px) 100vw, 540px\" data-lazy-src=\"https:\/\/phattien.com\/wp-content\/uploads\/2019\/10\/blade-dac-tinh-ky-thuat-02-thiet-ke-phia-sau-tre-trung-11-05-2020.png\" data-was-processed=\"true\" \/><\/p>\n<p><strong>Tem xe m\u1edbi phong c\u00e1ch<\/strong><br \/>\nHonda Blade s\u1edf h\u1eefu tem m\u1edbi \u1ea5n t\u01b0\u1ee3ng v\u00e0 thu\u00f4n g\u1ecdn d\u1ecdc th\u00e2n xe. \u0110\u1eb7c bi\u1ec7t, phi\u00ean b\u1ea3n th\u1ec3 thao c\u00f2n s\u1edf h\u1eefu tem xe mang phong c\u00e1ch \u201cxe \u0111ua\u201d gi\u00fap n\u00e2ng cao v\u1ebb th\u1ec3 thao cho xe v\u00e0 phong c\u00e1ch n\u0103ng \u0111\u1ed9ng cho ng\u01b0\u1eddi l\u00e1i.<\/p>\n<p><img loading=\"lazy\" decoding=\"async\" class=\"size-full wp-image-5950 aligncenter lazyloaded\" src=\"https:\/\/phattien.com\/wp-content\/uploads\/2019\/10\/blade-dac-tinh-ky-thuat-03-tem-xe-moi-phong-cach-11-05-2020.png\" sizes=\"auto, (max-width: 540px) 100vw, 540px\" srcset=\"https:\/\/phattien.com\/wp-content\/uploads\/2019\/10\/blade-dac-tinh-ky-thuat-03-tem-xe-moi-phong-cach-11-05-2020.png 540w, https:\/\/phattien.com\/wp-content\/uploads\/2019\/10\/blade-dac-tinh-ky-thuat-03-tem-xe-moi-phong-cach-11-05-2020-300x198.png 300w\" alt=\"\" width=\"540\" height=\"356\" data-lazy-srcset=\"https:\/\/phattien.com\/wp-content\/uploads\/2019\/10\/blade-dac-tinh-ky-thuat-03-tem-xe-moi-phong-cach-11-05-2020.png 540w, https:\/\/phattien.com\/wp-content\/uploads\/2019\/10\/blade-dac-tinh-ky-thuat-03-tem-xe-moi-phong-cach-11-05-2020-300x198.png 300w\" data-lazy-sizes=\"(max-width: 540px) 100vw, 540px\" data-lazy-src=\"https:\/\/phattien.com\/wp-content\/uploads\/2019\/10\/blade-dac-tinh-ky-thuat-03-tem-xe-moi-phong-cach-11-05-2020.png\" data-was-processed=\"true\" \/><\/p>\n<p><strong>\u1ed0ng x\u1ea3 th\u1ec3 thao<\/strong><br \/>\n\u1ed0ng x\u1ea3 ch\u1ebfch cao t\u1ea1o v\u1ebb \u0111\u1eb9p kh\u1ecfe kho\u1eafn, h\u00f2a quy\u1ec7n tuy\u1ec7t v\u1eddi v\u1edbi thi\u1ebft k\u1ebf n\u0103ng \u0111\u1ed9ng c\u1ee7a chi\u1ebfc xe.<\/p>\n<p><img loading=\"lazy\" decoding=\"async\" class=\"size-full wp-image-5951 aligncenter lazyloaded\" src=\"https:\/\/phattien.com\/wp-content\/uploads\/2019\/10\/blade-dac-tinh-ky-thuat-04-ong-xa-the-thao-11-05-2020.png\" sizes=\"auto, (max-width: 540px) 100vw, 540px\" srcset=\"https:\/\/phattien.com\/wp-content\/uploads\/2019\/10\/blade-dac-tinh-ky-thuat-04-ong-xa-the-thao-11-05-2020.png 540w, https:\/\/phattien.com\/wp-content\/uploads\/2019\/10\/blade-dac-tinh-ky-thuat-04-ong-xa-the-thao-11-05-2020-300x198.png 300w\" alt=\"\" width=\"540\" height=\"356\" data-lazy-srcset=\"https:\/\/phattien.com\/wp-content\/uploads\/2019\/10\/blade-dac-tinh-ky-thuat-04-ong-xa-the-thao-11-05-2020.png 540w, https:\/\/phattien.com\/wp-content\/uploads\/2019\/10\/blade-dac-tinh-ky-thuat-04-ong-xa-the-thao-11-05-2020-300x198.png 300w\" data-lazy-sizes=\"(max-width: 540px) 100vw, 540px\" data-lazy-src=\"https:\/\/phattien.com\/wp-content\/uploads\/2019\/10\/blade-dac-tinh-ky-thuat-04-ong-xa-the-thao-11-05-2020.png\" data-was-processed=\"true\" \/><\/p>\n<p><strong>M\u1eb7t \u0111\u1ed3ng h\u1ed3 hi\u1ec7n \u0111\u1ea1i<\/strong><br \/>\nM\u1eb7t \u0111\u1ed3ng h\u1ed3 hi\u1ec7n \u0111\u1ea1i s\u1edf h\u1eefu \u0111\u01b0\u1eddng n\u00e9t tinh t\u1ebf, c\u00e1c th\u00f4ng s\u1ed1 \u0111\u01b0\u1ee3c hi\u1ec3n th\u1ecb \u0111\u1ea7y \u0111\u1ee7, gi\u00fap ng\u01b0\u1eddi \u0111i\u1ec1u khi\u1ec3n quan s\u00e1t thu\u1eadn ti\u1ec7n.<\/p>\n<p><img loading=\"lazy\" decoding=\"async\" class=\"size-full wp-image-5952 aligncenter lazyloaded\" src=\"https:\/\/phattien.com\/wp-content\/uploads\/2019\/10\/blade-dac-tinh-ky-thuat-05-mat-dong-ho-hien-dai-11-05-2020.png\" sizes=\"auto, (max-width: 540px) 100vw, 540px\" srcset=\"https:\/\/phattien.com\/wp-content\/uploads\/2019\/10\/blade-dac-tinh-ky-thuat-05-mat-dong-ho-hien-dai-11-05-2020.png 540w, https:\/\/phattien.com\/wp-content\/uploads\/2019\/10\/blade-dac-tinh-ky-thuat-05-mat-dong-ho-hien-dai-11-05-2020-300x198.png 300w\" alt=\"\" width=\"540\" height=\"356\" data-lazy-srcset=\"https:\/\/phattien.com\/wp-content\/uploads\/2019\/10\/blade-dac-tinh-ky-thuat-05-mat-dong-ho-hien-dai-11-05-2020.png 540w, https:\/\/phattien.com\/wp-content\/uploads\/2019\/10\/blade-dac-tinh-ky-thuat-05-mat-dong-ho-hien-dai-11-05-2020-300x198.png 300w\" data-lazy-sizes=\"(max-width: 540px) 100vw, 540px\" data-lazy-src=\"https:\/\/phattien.com\/wp-content\/uploads\/2019\/10\/blade-dac-tinh-ky-thuat-05-mat-dong-ho-hien-dai-11-05-2020.png\" data-was-processed=\"true\" \/><\/p>\n<p><strong>Sang s\u1ed1 \u00eam \u00e1i, d\u1ec5 d\u00e0ng<\/strong><br \/>\nVi\u1ec7c r\u00fat ng\u1eafn h\u00e0nh tr\u00ecnh thao t\u00e1c sang s\u1ed1 v\u00e0 gi\u1ea3m \u0111\u1ed9 n\u1eb7ng c\u1ee7a c\u1ea7n s\u1ed1 cho ng\u01b0\u1eddi l\u00e1i c\u1ea3m gi\u00e1c sang s\u1ed1 \u00eam \u00e1i, d\u1ec5 d\u00e0ng h\u01a1n.<\/p>\n<p><img loading=\"lazy\" decoding=\"async\" class=\"size-full wp-image-5953 aligncenter lazyloaded\" src=\"https:\/\/phattien.com\/wp-content\/uploads\/2019\/10\/blade-dac-tinh-ky-thuat-06-sang-so-em-ai-de-dang-11-05-2020.jpg\" sizes=\"auto, (max-width: 540px) 100vw, 540px\" srcset=\"https:\/\/phattien.com\/wp-content\/uploads\/2019\/10\/blade-dac-tinh-ky-thuat-06-sang-so-em-ai-de-dang-11-05-2020.jpg 540w, https:\/\/phattien.com\/wp-content\/uploads\/2019\/10\/blade-dac-tinh-ky-thuat-06-sang-so-em-ai-de-dang-11-05-2020-300x198.jpg 300w\" alt=\"\" width=\"540\" height=\"356\" data-lazy-srcset=\"https:\/\/phattien.com\/wp-content\/uploads\/2019\/10\/blade-dac-tinh-ky-thuat-06-sang-so-em-ai-de-dang-11-05-2020.jpg 540w, https:\/\/phattien.com\/wp-content\/uploads\/2019\/10\/blade-dac-tinh-ky-thuat-06-sang-so-em-ai-de-dang-11-05-2020-300x198.jpg 300w\" data-lazy-sizes=\"(max-width: 540px) 100vw, 540px\" data-lazy-src=\"https:\/\/phattien.com\/wp-content\/uploads\/2019\/10\/blade-dac-tinh-ky-thuat-06-sang-so-em-ai-de-dang-11-05-2020.jpg\" data-was-processed=\"true\" \/><\/p>\n<p><strong>C\u1ea3m gi\u00e1c l\u00e1i xe nh\u1eb9 nh\u00e0ng<\/strong><br \/>\nNh\u1eefng \u01b0u th\u1ebf n\u1ed5i b\u1eadt nh\u01b0 s\u1ef1 \u0111i\u1ec1u ch\u1ec9nh mang t\u00ednh t\u1ed5ng th\u1ec3 v\u1ec1 \u0111\u1ed9ng c\u01a1 v\u00e0 thi\u1ebft k\u1ebf mang t\u00ednh kh\u00ed \u0111\u1ed9ng h\u1ecdc, tr\u1ecdng l\u01b0\u1ee3ng xe nh\u1eb9 v\u00e0 v\u1ecb tr\u00ed ng\u1ed3i l\u00e1i h\u1ee3p l\u00fd c\u00f2n mang \u0111\u1ebfn s\u1ef1 tho\u1ea3i m\u00e1i tuy\u1ec7t v\u1eddi cho ng\u01b0\u1eddi \u0111i\u1ec1u khi\u1ec3n xe.<\/p>\n<p><img loading=\"lazy\" decoding=\"async\" class=\"size-full wp-image-5954 aligncenter lazyloaded\" src=\"https:\/\/phattien.com\/wp-content\/uploads\/2019\/10\/blade-dac-tinh-ky-thuat-07-cam-giac-lai-xe-nhe-nhang-11-05-2020.png\" sizes=\"auto, (max-width: 540px) 100vw, 540px\" srcset=\"https:\/\/phattien.com\/wp-content\/uploads\/2019\/10\/blade-dac-tinh-ky-thuat-07-cam-giac-lai-xe-nhe-nhang-11-05-2020.png 540w, https:\/\/phattien.com\/wp-content\/uploads\/2019\/10\/blade-dac-tinh-ky-thuat-07-cam-giac-lai-xe-nhe-nhang-11-05-2020-300x198.png 300w\" alt=\"\" width=\"540\" height=\"356\" data-lazy-srcset=\"https:\/\/phattien.com\/wp-content\/uploads\/2019\/10\/blade-dac-tinh-ky-thuat-07-cam-giac-lai-xe-nhe-nhang-11-05-2020.png 540w, https:\/\/phattien.com\/wp-content\/uploads\/2019\/10\/blade-dac-tinh-ky-thuat-07-cam-giac-lai-xe-nhe-nhang-11-05-2020-300x198.png 300w\" data-lazy-sizes=\"(max-width: 540px) 100vw, 540px\" data-lazy-src=\"https:\/\/phattien.com\/wp-content\/uploads\/2019\/10\/blade-dac-tinh-ky-thuat-07-cam-giac-lai-xe-nhe-nhang-11-05-2020.png\" data-was-processed=\"true\" \/><\/p>\n<p><strong>\u1ed4 kh\u00f3a \u0111a n\u0103ng 3 trong 1<\/strong><br \/>\n\u1ed4 kh\u00f3a \u0111\u01b0\u1ee3c thi\u1ebft k\u1ebf hi\u1ec7n \u0111\u1ea1i bao g\u1ed3m kh\u00f3a \u0111i\u1ec7n, kh\u00f3a c\u1ed5 v\u00e0 kh\u00f3a t\u1eeb \u2013 t\u0103ng t\u00ednh an to\u00e0n, d\u1ec5 s\u1eed d\u1ee5ng v\u00e0 ch\u1ed1ng r\u1ec9 s\u00e9t hi\u1ec7u qu\u1ea3.<\/p>\n<p><img loading=\"lazy\" decoding=\"async\" class=\"size-full wp-image-5955 aligncenter lazyloaded\" src=\"https:\/\/phattien.com\/wp-content\/uploads\/2019\/10\/blade-dac-tinh-ky-thuat-08-o-khoa-da-nang-3-trong-1-11-05-2020.jpg\" sizes=\"auto, (max-width: 540px) 100vw, 540px\" srcset=\"https:\/\/phattien.com\/wp-content\/uploads\/2019\/10\/blade-dac-tinh-ky-thuat-08-o-khoa-da-nang-3-trong-1-11-05-2020.jpg 540w, https:\/\/phattien.com\/wp-content\/uploads\/2019\/10\/blade-dac-tinh-ky-thuat-08-o-khoa-da-nang-3-trong-1-11-05-2020-300x198.jpg 300w\" alt=\"\" width=\"540\" height=\"356\" data-lazy-srcset=\"https:\/\/phattien.com\/wp-content\/uploads\/2019\/10\/blade-dac-tinh-ky-thuat-08-o-khoa-da-nang-3-trong-1-11-05-2020.jpg 540w, https:\/\/phattien.com\/wp-content\/uploads\/2019\/10\/blade-dac-tinh-ky-thuat-08-o-khoa-da-nang-3-trong-1-11-05-2020-300x198.jpg 300w\" data-lazy-sizes=\"(max-width: 540px) 100vw, 540px\" data-lazy-src=\"https:\/\/phattien.com\/wp-content\/uploads\/2019\/10\/blade-dac-tinh-ky-thuat-08-o-khoa-da-nang-3-trong-1-11-05-2020.jpg\" data-was-processed=\"true\" \/><\/p>\n<p><strong>Kho\u1ea3ng c\u00e1ch g\u01b0\u01a1ng chi\u1ebfu h\u1eadu h\u1ee3p l\u00fd<\/strong><br \/>\n2 g\u01b0\u01a1ng chi\u1ebfu h\u1eadu \u0111\u01b0\u1ee3c b\u1ed1 tr\u00ed h\u1ee3p l\u00fd v\u1edbi kho\u1ea3ng c\u00e1ch t\u01b0\u01a1ng \u1ee9ng chi\u1ec1u r\u1ed9ng tay l\u00e1i gi\u00fap vi\u1ec7c \u0111i\u1ec1u khi\u1ec3n xe v\u00e0 quan s\u00e1t ph\u00eda sau tr\u1edf n\u00ean d\u1ec5 d\u00e0ng h\u01a1n.<\/p>\n<p><img loading=\"lazy\" decoding=\"async\" class=\"size-full wp-image-5956 aligncenter lazyloaded\" src=\"https:\/\/phattien.com\/wp-content\/uploads\/2019\/10\/blade-dac-tinh-ky-thuat-09-khoang-cach-guong-chieu-hau-hop-ly-11-05-2020.png\" sizes=\"auto, (max-width: 540px) 100vw, 540px\" srcset=\"https:\/\/phattien.com\/wp-content\/uploads\/2019\/10\/blade-dac-tinh-ky-thuat-09-khoang-cach-guong-chieu-hau-hop-ly-11-05-2020.png 540w, https:\/\/phattien.com\/wp-content\/uploads\/2019\/10\/blade-dac-tinh-ky-thuat-09-khoang-cach-guong-chieu-hau-hop-ly-11-05-2020-300x198.png 300w\" alt=\"\" width=\"540\" height=\"356\" data-lazy-srcset=\"https:\/\/phattien.com\/wp-content\/uploads\/2019\/10\/blade-dac-tinh-ky-thuat-09-khoang-cach-guong-chieu-hau-hop-ly-11-05-2020.png 540w, https:\/\/phattien.com\/wp-content\/uploads\/2019\/10\/blade-dac-tinh-ky-thuat-09-khoang-cach-guong-chieu-hau-hop-ly-11-05-2020-300x198.png 300w\" data-lazy-sizes=\"(max-width: 540px) 100vw, 540px\" data-lazy-src=\"https:\/\/phattien.com\/wp-content\/uploads\/2019\/10\/blade-dac-tinh-ky-thuat-09-khoang-cach-guong-chieu-hau-hop-ly-11-05-2020.png\" data-was-processed=\"true\" \/><\/p>\n","protected":false},"excerpt":{"rendered":"<ul>\n<li>Blade 110 \u0111\u01b0\u1ee3c thi\u1ebft k\u1ebf d\u1ef1a tr\u00ean \u00fd t\u01b0\u1edfng &#8220;Thanh tho\u00e1t v\u00e0 S\u1eafc n\u00e9t&#8221; v\u1edbi ki\u1ec3u d\u00e1ng xe thon g\u1ecdn, li\u1ec1n kh\u1ed1i c\u00f9ng nh\u1eefng \u0111\u01b0\u1eddng n\u00e9t tinh t\u1ebf ph\u00e1 c\u00e1ch c\u00e0ng l\u00e0m n\u1ed5i b\u1eadt phong c\u00e1ch m\u1ea1nh m\u1ebd \u0111\u1eadm ch\u1ea5t th\u1ec3 thao cho ng\u01b0\u1eddi l\u00e1i.<\/li>\n<li>V\u1edbi s\u1ef1 k\u1ebf th\u1eeba c\u00e1c t\u00ednh n\u0103ng \u01b0u vi\u1ec7t c\u1ee7a \u0111\u1ed9ng c\u01a1 Honda 110cc danh ti\u1ebfng nh\u01b0 \u0111\u1ed9 b\u1ec1n cao, v\u1eadn h\u00e0nh \u1ed5n \u0111\u1ecbnh, Honda Blade 110 gi\u00fap \u0111\u1ed9ng c\u01a1 ti\u1ebft ki\u1ec7m nhi\u00ean li\u1ec7u v\u01b0\u1ee3t tr\u1ed9i v\u00e0 b\u1ea3o v\u1ec7 m\u00f4i tr\u01b0\u1eddng, \u0111\u00e1p \u1ee9ng ti\u00eau chu\u1ea9n kh\u00ed th\u1ea3i Euro 3 nghi\u00eam ng\u1eb7t.<\/li>\n<li>T\u1ed1i \u01b0u h\u00f3a ti\u1ec7n \u00edch lu\u00f4n l\u00e0 m\u1ed9t trong nh\u1eefng quan t\u00e2m h\u00e0ng \u0111\u1ea7u c\u1ee7a Honda khi ph\u00e1t tri\u1ec3n xe, \u0111\u1ec3 b\u1ea1n tho\u1ea3i m\u00e1i l\u01b0\u1edbt c\u00f9ng Blade 110 tr\u00ean m\u1ecdi cung \u0111\u01b0\u1eddng.<\/li>\n<\/ul>\n","protected":false},"featured_media":600,"template":"","meta":[],"class_list":{"0":"post-597","1":"product","2":"type-product","3":"status-publish","4":"has-post-thumbnail","6":"product_cat-xe-may-honda","8":"first","9":"instock","10":"shipping-taxable","11":"product-type-simple"},"yoast_head":"<!-- This site is optimized with the Yoast SEO plugin v19.10 - https:\/\/yoast.com\/wordpress\/plugins\/seo\/ -->\n<title>BLADE 110cc -<\/title>\n<meta name=\"robots\" content=\"index, follow, max-snippet:-1, max-image-preview:large, max-video-preview:-1\" \/>\n<link rel=\"canonical\" href=\"https:\/\/duyhungmotor.com\/?product=blade-110cc\" \/>\n<meta property=\"og:locale\" content=\"vi_VN\" \/>\n<meta property=\"og:type\" content=\"article\" \/>\n<meta property=\"og:title\" content=\"BLADE 110cc -\" \/>\n<meta property=\"og:description\" content=\"Blade 110 \u0111\u01b0\u1ee3c thi\u1ebft k\u1ebf d\u1ef1a tr\u00ean \u00fd t\u01b0\u1edfng &quot;Thanh tho\u00e1t v\u00e0 S\u1eafc n\u00e9t&quot; v\u1edbi ki\u1ec3u d\u00e1ng xe thon g\u1ecdn, li\u1ec1n kh\u1ed1i c\u00f9ng nh\u1eefng \u0111\u01b0\u1eddng n\u00e9t tinh t\u1ebf ph\u00e1 c\u00e1ch c\u00e0ng l\u00e0m n\u1ed5i b\u1eadt phong c\u00e1ch m\u1ea1nh m\u1ebd \u0111\u1eadm ch\u1ea5t th\u1ec3 thao cho ng\u01b0\u1eddi l\u00e1i.  V\u1edbi s\u1ef1 k\u1ebf th\u1eeba c\u00e1c t\u00ednh n\u0103ng \u01b0u vi\u1ec7t c\u1ee7a \u0111\u1ed9ng c\u01a1 Honda 110cc danh ti\u1ebfng nh\u01b0 \u0111\u1ed9 b\u1ec1n cao, v\u1eadn h\u00e0nh \u1ed5n \u0111\u1ecbnh, Honda Blade 110 gi\u00fap \u0111\u1ed9ng c\u01a1 ti\u1ebft ki\u1ec7m nhi\u00ean li\u1ec7u v\u01b0\u1ee3t tr\u1ed9i v\u00e0 b\u1ea3o v\u1ec7 m\u00f4i tr\u01b0\u1eddng, \u0111\u00e1p \u1ee9ng ti\u00eau chu\u1ea9n kh\u00ed th\u1ea3i Euro 3 nghi\u00eam ng\u1eb7t.  T\u1ed1i \u01b0u h\u00f3a ti\u1ec7n \u00edch lu\u00f4n l\u00e0 m\u1ed9t trong nh\u1eefng quan t\u00e2m h\u00e0ng \u0111\u1ea7u c\u1ee7a Honda khi ph\u00e1t tri\u1ec3n xe, \u0111\u1ec3 b\u1ea1n tho\u1ea3i m\u00e1i l\u01b0\u1edbt c\u00f9ng Blade 110 tr\u00ean m\u1ecdi cung \u0111\u01b0\u1eddng.\" \/>\n<meta property=\"og:url\" content=\"https:\/\/duyhungmotor.com\/?product=blade-110cc\" \/>\n<meta property=\"og:image\" content=\"https:\/\/duyhungmotor.com\/wp-content\/uploads\/2020\/11\/style_color_blade-110cc_03.png\" \/>\n\t<meta property=\"og:image:width\" content=\"550\" \/>\n\t<meta property=\"og:image:height\" content=\"400\" \/>\n\t<meta property=\"og:image:type\" content=\"image\/png\" \/>\n<meta name=\"twitter:card\" content=\"summary_large_image\" \/>\n<meta name=\"twitter:label1\" content=\"\u01af\u1edbc t\u00ednh th\u1eddi gian \u0111\u1ecdc\" \/>\n\t<meta name=\"twitter:data1\" content=\"2 ph\u00fat\" \/>\n<script type=\"application\/ld+json\" class=\"yoast-schema-graph\">{\"@context\":\"https:\/\/schema.org\",\"@graph\":[{\"@type\":\"WebPage\",\"@id\":\"https:\/\/duyhungmotor.com\/?product=blade-110cc\",\"url\":\"https:\/\/duyhungmotor.com\/?product=blade-110cc\",\"name\":\"BLADE 110cc -\",\"isPartOf\":{\"@id\":\"https:\/\/duyhungmotor.com\/#website\"},\"datePublished\":\"2020-11-17T12:33:40+00:00\",\"dateModified\":\"2020-11-17T12:33:40+00:00\",\"breadcrumb\":{\"@id\":\"https:\/\/duyhungmotor.com\/?product=blade-110cc#breadcrumb\"},\"inLanguage\":\"vi\",\"potentialAction\":[{\"@type\":\"ReadAction\",\"target\":[\"https:\/\/duyhungmotor.com\/?product=blade-110cc\"]}]},{\"@type\":\"BreadcrumbList\",\"@id\":\"https:\/\/duyhungmotor.com\/?product=blade-110cc#breadcrumb\",\"itemListElement\":[{\"@type\":\"ListItem\",\"position\":1,\"name\":\"Trang ch\u1ee7\",\"item\":\"https:\/\/duyhungmotor.com\/\"},{\"@type\":\"ListItem\",\"position\":2,\"name\":\"BLADE 110cc\"}]},{\"@type\":\"WebSite\",\"@id\":\"https:\/\/duyhungmotor.com\/#website\",\"url\":\"https:\/\/duyhungmotor.com\/\",\"name\":\"\",\"description\":\"\u0110\u1ea1i l\u00fd Xe M\u00e1y - Xe \u0110i\u1ec7n\",\"potentialAction\":[{\"@type\":\"SearchAction\",\"target\":{\"@type\":\"EntryPoint\",\"urlTemplate\":\"https:\/\/duyhungmotor.com\/?s={search_term_string}\"},\"query-input\":\"required name=search_term_string\"}],\"inLanguage\":\"vi\"}]}<\/script>\n<!-- \/ Yoast SEO plugin. -->","yoast_head_json":{"title":"BLADE 110cc -","robots":{"index":"index","follow":"follow","max-snippet":"max-snippet:-1","max-image-preview":"max-image-preview:large","max-video-preview":"max-video-preview:-1"},"canonical":"https:\/\/duyhungmotor.com\/?product=blade-110cc","og_locale":"vi_VN","og_type":"article","og_title":"BLADE 110cc -","og_description":"Blade 110 \u0111\u01b0\u1ee3c thi\u1ebft k\u1ebf d\u1ef1a tr\u00ean \u00fd t\u01b0\u1edfng \"Thanh tho\u00e1t v\u00e0 S\u1eafc n\u00e9t\" v\u1edbi ki\u1ec3u d\u00e1ng xe thon g\u1ecdn, li\u1ec1n kh\u1ed1i c\u00f9ng nh\u1eefng \u0111\u01b0\u1eddng n\u00e9t tinh t\u1ebf ph\u00e1 c\u00e1ch c\u00e0ng l\u00e0m n\u1ed5i b\u1eadt phong c\u00e1ch m\u1ea1nh m\u1ebd \u0111\u1eadm ch\u1ea5t th\u1ec3 thao cho ng\u01b0\u1eddi l\u00e1i.  V\u1edbi s\u1ef1 k\u1ebf th\u1eeba c\u00e1c t\u00ednh n\u0103ng \u01b0u vi\u1ec7t c\u1ee7a \u0111\u1ed9ng c\u01a1 Honda 110cc danh ti\u1ebfng nh\u01b0 \u0111\u1ed9 b\u1ec1n cao, v\u1eadn h\u00e0nh \u1ed5n \u0111\u1ecbnh, Honda Blade 110 gi\u00fap \u0111\u1ed9ng c\u01a1 ti\u1ebft ki\u1ec7m nhi\u00ean li\u1ec7u v\u01b0\u1ee3t tr\u1ed9i v\u00e0 b\u1ea3o v\u1ec7 m\u00f4i tr\u01b0\u1eddng, \u0111\u00e1p \u1ee9ng ti\u00eau chu\u1ea9n kh\u00ed th\u1ea3i Euro 3 nghi\u00eam ng\u1eb7t.  T\u1ed1i \u01b0u h\u00f3a ti\u1ec7n \u00edch lu\u00f4n l\u00e0 m\u1ed9t trong nh\u1eefng quan t\u00e2m h\u00e0ng \u0111\u1ea7u c\u1ee7a Honda khi ph\u00e1t tri\u1ec3n xe, \u0111\u1ec3 b\u1ea1n tho\u1ea3i m\u00e1i l\u01b0\u1edbt c\u00f9ng Blade 110 tr\u00ean m\u1ecdi cung \u0111\u01b0\u1eddng.","og_url":"https:\/\/duyhungmotor.com\/?product=blade-110cc","og_image":[{"width":550,"height":400,"url":"https:\/\/duyhungmotor.com\/wp-content\/uploads\/2020\/11\/style_color_blade-110cc_03.png","type":"image\/png"}],"twitter_card":"summary_large_image","twitter_misc":{"\u01af\u1edbc t\u00ednh th\u1eddi gian \u0111\u1ecdc":"2 ph\u00fat"},"schema":{"@context":"https:\/\/schema.org","@graph":[{"@type":"WebPage","@id":"https:\/\/duyhungmotor.com\/?product=blade-110cc","url":"https:\/\/duyhungmotor.com\/?product=blade-110cc","name":"BLADE 110cc -","isPartOf":{"@id":"https:\/\/duyhungmotor.com\/#website"},"datePublished":"2020-11-17T12:33:40+00:00","dateModified":"2020-11-17T12:33:40+00:00","breadcrumb":{"@id":"https:\/\/duyhungmotor.com\/?product=blade-110cc#breadcrumb"},"inLanguage":"vi","potentialAction":[{"@type":"ReadAction","target":["https:\/\/duyhungmotor.com\/?product=blade-110cc"]}]},{"@type":"BreadcrumbList","@id":"https:\/\/duyhungmotor.com\/?product=blade-110cc#breadcrumb","itemListElement":[{"@type":"ListItem","position":1,"name":"Trang ch\u1ee7","item":"https:\/\/duyhungmotor.com\/"},{"@type":"ListItem","position":2,"name":"BLADE 110cc"}]},{"@type":"WebSite","@id":"https:\/\/duyhungmotor.com\/#website","url":"https:\/\/duyhungmotor.com\/","name":"","description":"\u0110\u1ea1i l\u00fd Xe M\u00e1y - Xe \u0110i\u1ec7n","potentialAction":[{"@type":"SearchAction","target":{"@type":"EntryPoint","urlTemplate":"https:\/\/duyhungmotor.com\/?s={search_term_string}"},"query-input":"required name=search_term_string"}],"inLanguage":"vi"}]}},"_links":{"self":[{"href":"https:\/\/duyhungmotor.com\/index.php?rest_route=\/wp\/v2\/product\/597","targetHints":{"allow":["GET"]}}],"collection":[{"href":"https:\/\/duyhungmotor.com\/index.php?rest_route=\/wp\/v2\/product"}],"about":[{"href":"https:\/\/duyhungmotor.com\/index.php?rest_route=\/wp\/v2\/types\/product"}],"wp:featuredmedia":[{"embeddable":true,"href":"https:\/\/duyhungmotor.com\/index.php?rest_route=\/wp\/v2\/media\/600"}],"wp:attachment":[{"href":"https:\/\/duyhungmotor.com\/index.php?rest_route=%2Fwp%2Fv2%2Fmedia&parent=597"}],"curies":[{"name":"wp","href":"https:\/\/api.w.org\/{rel}","templated":true}]}}