{"id":568,"date":"2020-11-17T18:06:42","date_gmt":"2020-11-17T11:06:42","guid":{"rendered":"http:\/\/duyhungmotor.com\/?post_type=product&#038;p=568"},"modified":"2020-11-17T18:06:43","modified_gmt":"2020-11-17T11:06:43","slug":"pcx-150cc","status":"publish","type":"product","link":"https:\/\/duyhungmotor.com\/?product=pcx-150cc","title":{"rendered":"PCX 150cc"},"content":{"rendered":"<p><img loading=\"lazy\" decoding=\"async\" class=\"size-full wp-image-6120 aligncenter lazyloaded\" src=\"https:\/\/phattien.com\/wp-content\/uploads\/2019\/10\/pcx-dac-tinh-ky-thuat-00-tong-hop-15-05-2020.jpg\" sizes=\"auto, (max-width: 1920px) 100vw, 1920px\" srcset=\"https:\/\/phattien.com\/wp-content\/uploads\/2019\/10\/pcx-dac-tinh-ky-thuat-00-tong-hop-15-05-2020.jpg 1920w, https:\/\/phattien.com\/wp-content\/uploads\/2019\/10\/pcx-dac-tinh-ky-thuat-00-tong-hop-15-05-2020-300x169.jpg 300w, https:\/\/phattien.com\/wp-content\/uploads\/2019\/10\/pcx-dac-tinh-ky-thuat-00-tong-hop-15-05-2020-1024x576.jpg 1024w, https:\/\/phattien.com\/wp-content\/uploads\/2019\/10\/pcx-dac-tinh-ky-thuat-00-tong-hop-15-05-2020-768x432.jpg 768w, https:\/\/phattien.com\/wp-content\/uploads\/2019\/10\/pcx-dac-tinh-ky-thuat-00-tong-hop-15-05-2020-1536x864.jpg 1536w\" alt=\"\" width=\"1920\" height=\"1080\" data-lazy-srcset=\"https:\/\/phattien.com\/wp-content\/uploads\/2019\/10\/pcx-dac-tinh-ky-thuat-00-tong-hop-15-05-2020.jpg 1920w, https:\/\/phattien.com\/wp-content\/uploads\/2019\/10\/pcx-dac-tinh-ky-thuat-00-tong-hop-15-05-2020-300x169.jpg 300w, https:\/\/phattien.com\/wp-content\/uploads\/2019\/10\/pcx-dac-tinh-ky-thuat-00-tong-hop-15-05-2020-1024x576.jpg 1024w, https:\/\/phattien.com\/wp-content\/uploads\/2019\/10\/pcx-dac-tinh-ky-thuat-00-tong-hop-15-05-2020-768x432.jpg 768w, https:\/\/phattien.com\/wp-content\/uploads\/2019\/10\/pcx-dac-tinh-ky-thuat-00-tong-hop-15-05-2020-1536x864.jpg 1536w\" data-lazy-sizes=\"(max-width: 1920px) 100vw, 1920px\" data-lazy-src=\"https:\/\/phattien.com\/wp-content\/uploads\/2019\/10\/pcx-dac-tinh-ky-thuat-00-tong-hop-15-05-2020.jpg\" data-was-processed=\"true\" \/><\/p>\n<p><strong>\u0110\u00e8n \u0111\u1ecbnh v\u1ecb<\/strong><br \/>\n\u0110\u00e8n \u0111\u1ecbnh v\u1ecb \u0111\u01b0\u1ee3c thi\u1ebft k\u1ebf v\u1edbi c\u00e1c d\u1ea3i LED, t\u1ea5t c\u1ea3 t\u1ea1o n\u00ean hi\u1ec7u \u1ee9ng \u0111\u1eb9p m\u1eaft.<\/p>\n<p><img loading=\"lazy\" decoding=\"async\" class=\"aligncenter wp-image-5984 size-large lazyloaded\" src=\"https:\/\/phattien.com\/wp-content\/uploads\/2019\/10\/pcx-dac-tinh-ky-thuat-01-den-dinh-vi-11-05-2020-1024x675.jpg\" sizes=\"auto, (max-width: 1024px) 100vw, 1024px\" srcset=\"https:\/\/phattien.com\/wp-content\/uploads\/2019\/10\/pcx-dac-tinh-ky-thuat-01-den-dinh-vi-11-05-2020-1024x675.jpg 1024w, https:\/\/phattien.com\/wp-content\/uploads\/2019\/10\/pcx-dac-tinh-ky-thuat-01-den-dinh-vi-11-05-2020-300x198.jpg 300w, https:\/\/phattien.com\/wp-content\/uploads\/2019\/10\/pcx-dac-tinh-ky-thuat-01-den-dinh-vi-11-05-2020-768x506.jpg 768w, https:\/\/phattien.com\/wp-content\/uploads\/2019\/10\/pcx-dac-tinh-ky-thuat-01-den-dinh-vi-11-05-2020-1536x1012.jpg 1536w, https:\/\/phattien.com\/wp-content\/uploads\/2019\/10\/pcx-dac-tinh-ky-thuat-01-den-dinh-vi-11-05-2020-2048x1350.jpg 2048w\" alt=\"\" width=\"1024\" height=\"675\" data-lazy-srcset=\"https:\/\/phattien.com\/wp-content\/uploads\/2019\/10\/pcx-dac-tinh-ky-thuat-01-den-dinh-vi-11-05-2020-1024x675.jpg 1024w, https:\/\/phattien.com\/wp-content\/uploads\/2019\/10\/pcx-dac-tinh-ky-thuat-01-den-dinh-vi-11-05-2020-300x198.jpg 300w, https:\/\/phattien.com\/wp-content\/uploads\/2019\/10\/pcx-dac-tinh-ky-thuat-01-den-dinh-vi-11-05-2020-768x506.jpg 768w, https:\/\/phattien.com\/wp-content\/uploads\/2019\/10\/pcx-dac-tinh-ky-thuat-01-den-dinh-vi-11-05-2020-1536x1012.jpg 1536w, https:\/\/phattien.com\/wp-content\/uploads\/2019\/10\/pcx-dac-tinh-ky-thuat-01-den-dinh-vi-11-05-2020-2048x1350.jpg 2048w\" data-lazy-sizes=\"(max-width: 1024px) 100vw, 1024px\" data-lazy-src=\"https:\/\/phattien.com\/wp-content\/uploads\/2019\/10\/pcx-dac-tinh-ky-thuat-01-den-dinh-vi-11-05-2020-1024x675.jpg\" data-was-processed=\"true\" \/><\/p>\n<p><strong>M\u1eb7t \u0111\u1ed3ng h\u1ed3 LCD<\/strong><br \/>\nM\u00e0n h\u00ecnh LCD \u00e2m b\u1ea3n hi\u1ec7n \u0111\u1ea1i hi\u1ec3n th\u1ecb h\u00e0i h\u00f2a th\u00f4ng tin c\u00e1c t\u00ednh n\u0103ng m\u1edbi c\u1ee7a h\u1ec7 th\u1ed1ng HYBRID:\u00a0 m\u1ee9c h\u1ed7 tr\u1ee3 c\u1ee7a M\u00f4 t\u01a1, gi\u00fap ng\u01b0\u1eddi l\u00e1i quan s\u00e1t ti\u1ec7n l\u1ee3i.<\/p>\n<p><img loading=\"lazy\" decoding=\"async\" class=\"aligncenter wp-image-5985 size-large lazyloaded\" src=\"https:\/\/phattien.com\/wp-content\/uploads\/2019\/10\/pcx-dac-tinh-ky-thuat-02-mat-dong-ho-LCD-11-05-2020-1024x675.jpg\" sizes=\"auto, (max-width: 1024px) 100vw, 1024px\" srcset=\"https:\/\/phattien.com\/wp-content\/uploads\/2019\/10\/pcx-dac-tinh-ky-thuat-02-mat-dong-ho-LCD-11-05-2020-1024x675.jpg 1024w, https:\/\/phattien.com\/wp-content\/uploads\/2019\/10\/pcx-dac-tinh-ky-thuat-02-mat-dong-ho-LCD-11-05-2020-300x198.jpg 300w, https:\/\/phattien.com\/wp-content\/uploads\/2019\/10\/pcx-dac-tinh-ky-thuat-02-mat-dong-ho-LCD-11-05-2020-768x506.jpg 768w, https:\/\/phattien.com\/wp-content\/uploads\/2019\/10\/pcx-dac-tinh-ky-thuat-02-mat-dong-ho-LCD-11-05-2020-1536x1012.jpg 1536w, https:\/\/phattien.com\/wp-content\/uploads\/2019\/10\/pcx-dac-tinh-ky-thuat-02-mat-dong-ho-LCD-11-05-2020-2048x1350.jpg 2048w\" alt=\"\" width=\"1024\" height=\"675\" data-lazy-srcset=\"https:\/\/phattien.com\/wp-content\/uploads\/2019\/10\/pcx-dac-tinh-ky-thuat-02-mat-dong-ho-LCD-11-05-2020-1024x675.jpg 1024w, https:\/\/phattien.com\/wp-content\/uploads\/2019\/10\/pcx-dac-tinh-ky-thuat-02-mat-dong-ho-LCD-11-05-2020-300x198.jpg 300w, https:\/\/phattien.com\/wp-content\/uploads\/2019\/10\/pcx-dac-tinh-ky-thuat-02-mat-dong-ho-LCD-11-05-2020-768x506.jpg 768w, https:\/\/phattien.com\/wp-content\/uploads\/2019\/10\/pcx-dac-tinh-ky-thuat-02-mat-dong-ho-LCD-11-05-2020-1536x1012.jpg 1536w, https:\/\/phattien.com\/wp-content\/uploads\/2019\/10\/pcx-dac-tinh-ky-thuat-02-mat-dong-ho-LCD-11-05-2020-2048x1350.jpg 2048w\" data-lazy-sizes=\"(max-width: 1024px) 100vw, 1024px\" data-lazy-src=\"https:\/\/phattien.com\/wp-content\/uploads\/2019\/10\/pcx-dac-tinh-ky-thuat-02-mat-dong-ho-LCD-11-05-2020-1024x675.jpg\" data-was-processed=\"true\" \/><\/p>\n<p>&nbsp;<\/p>\n<p><strong>Y\u00ean \u0111\u00f4i<\/strong><br \/>\nB\u1ec1 m\u1eb7t da hai t\u00f4ng m\u00e0u \u0111en v\u00e0 x\u00e1m c\u1ee7a y\u00ean \u0111\u00f4i \u0111\u01b0\u1ee3c t\u00f4 \u0111i\u1ec3m \u0111\u1ea7y \u1ea5n t\u01b0\u1ee3ng b\u1edfi \u0111\u01b0\u1eddng ch\u1ec9 xanh n\u1ed5i b\u1eadt c\u00f9ng t\u00f4ng v\u1edbi m\u00e0u s\u01a1n.<\/p>\n<p><img loading=\"lazy\" decoding=\"async\" class=\"aligncenter wp-image-5987 size-medium lazyloaded\" src=\"https:\/\/phattien.com\/wp-content\/uploads\/2019\/10\/pcx-dac-tinh-ky-thuat-04-yen-doi-11-05-2020-300x198.jpg\" sizes=\"auto, (max-width: 300px) 100vw, 300px\" srcset=\"https:\/\/phattien.com\/wp-content\/uploads\/2019\/10\/pcx-dac-tinh-ky-thuat-04-yen-doi-11-05-2020-300x198.jpg 300w, https:\/\/phattien.com\/wp-content\/uploads\/2019\/10\/pcx-dac-tinh-ky-thuat-04-yen-doi-11-05-2020.jpg 750w\" alt=\"\" width=\"300\" height=\"198\" data-lazy-srcset=\"https:\/\/phattien.com\/wp-content\/uploads\/2019\/10\/pcx-dac-tinh-ky-thuat-04-yen-doi-11-05-2020-300x198.jpg 300w, https:\/\/phattien.com\/wp-content\/uploads\/2019\/10\/pcx-dac-tinh-ky-thuat-04-yen-doi-11-05-2020.jpg 750w\" data-lazy-sizes=\"(max-width: 300px) 100vw, 300px\" data-lazy-src=\"https:\/\/phattien.com\/wp-content\/uploads\/2019\/10\/pcx-dac-tinh-ky-thuat-04-yen-doi-11-05-2020-300x198.jpg\" data-was-processed=\"true\" \/><\/p>\n<p>&nbsp;<\/p>\n<p><strong>Th\u1eddi gian kh\u1edfi \u0111\u1ed9ng c\u1ee7a idling stop<\/strong><br \/>\nTh\u1eddi gian \u0111\u1ec3 ch\u1ebf \u0111\u1ed9 Idling Stop ho\u1ea1t \u0111\u1ed9ng gi\u1ea3m t\u1eeb 03 gi\u00e2y xu\u1ed1ng c\u00f2n 0,5 gi\u00e2y, g\u00f3p ph\u1ea7n gi\u1ea3m ti\u00eau hao nhi\u00ean li\u1ec7u (~2% so v\u1edbi PCX150 \u0111\u1ed9ng c\u01a1 x\u0103ng). Ngo\u00e0i ra, M\u00f4 t\u01a1 h\u1ed7 tr\u1ee3 \u0111\u1ea3m b\u1ea3o ph\u1ea3n \u1ee9ng nhanh nh\u1ea1y c\u1ee7a xe khi chuy\u1ec3n t\u1eeb tr\u1ea1ng th\u00e1i d\u1eebng sang tr\u1ea1ng th\u00e1i chuy\u1ec3n \u0111\u1ed9ng (so v\u1edbi nh\u1eefng \u0111\u1eddi xe hi\u1ec7n t\u1ea1i c\u00f3 Idling Stop).<\/p>\n<p><img loading=\"lazy\" decoding=\"async\" class=\"aligncenter wp-image-5991 size-large lazyloaded\" src=\"https:\/\/phattien.com\/wp-content\/uploads\/2019\/10\/pcx-dac-tinh-ky-thuat-08-thoi-gian-khoi-dong-cua-idling-stop-11-05-2020-1024x675.jpg\" sizes=\"auto, (max-width: 1024px) 100vw, 1024px\" srcset=\"https:\/\/phattien.com\/wp-content\/uploads\/2019\/10\/pcx-dac-tinh-ky-thuat-08-thoi-gian-khoi-dong-cua-idling-stop-11-05-2020-1024x675.jpg 1024w, https:\/\/phattien.com\/wp-content\/uploads\/2019\/10\/pcx-dac-tinh-ky-thuat-08-thoi-gian-khoi-dong-cua-idling-stop-11-05-2020-300x198.jpg 300w, https:\/\/phattien.com\/wp-content\/uploads\/2019\/10\/pcx-dac-tinh-ky-thuat-08-thoi-gian-khoi-dong-cua-idling-stop-11-05-2020-768x506.jpg 768w, https:\/\/phattien.com\/wp-content\/uploads\/2019\/10\/pcx-dac-tinh-ky-thuat-08-thoi-gian-khoi-dong-cua-idling-stop-11-05-2020.jpg 1500w\" alt=\"\" width=\"1024\" height=\"675\" data-lazy-srcset=\"https:\/\/phattien.com\/wp-content\/uploads\/2019\/10\/pcx-dac-tinh-ky-thuat-08-thoi-gian-khoi-dong-cua-idling-stop-11-05-2020-1024x675.jpg 1024w, https:\/\/phattien.com\/wp-content\/uploads\/2019\/10\/pcx-dac-tinh-ky-thuat-08-thoi-gian-khoi-dong-cua-idling-stop-11-05-2020-300x198.jpg 300w, https:\/\/phattien.com\/wp-content\/uploads\/2019\/10\/pcx-dac-tinh-ky-thuat-08-thoi-gian-khoi-dong-cua-idling-stop-11-05-2020-768x506.jpg 768w, https:\/\/phattien.com\/wp-content\/uploads\/2019\/10\/pcx-dac-tinh-ky-thuat-08-thoi-gian-khoi-dong-cua-idling-stop-11-05-2020.jpg 1500w\" data-lazy-sizes=\"(max-width: 1024px) 100vw, 1024px\" data-lazy-src=\"https:\/\/phattien.com\/wp-content\/uploads\/2019\/10\/pcx-dac-tinh-ky-thuat-08-thoi-gian-khoi-dong-cua-idling-stop-11-05-2020-1024x675.jpg\" data-was-processed=\"true\" \/><\/p>\n<p><strong>Gi\u1ea3m x\u00f3c hi\u1ec7n \u0111\u1ea1i<\/strong><br \/>\nH\u00e0nh tr\u00ecnh phu\u1ed9c sau d\u00e0i, c\u00f9ng l\u00f2 xo 3 c\u1ea5p xo\u1eafn t\u1ea1o c\u1ea3m gi\u00e1c l\u00e1i tho\u1ea3i m\u00e1i tr\u00ean m\u1ecdi \u0111i\u1ec1u ki\u1ec7n m\u1eb7t \u0111\u01b0\u1eddng.<\/p>\n<p><img loading=\"lazy\" decoding=\"async\" class=\"aligncenter wp-image-5992 size-large lazyloaded\" src=\"https:\/\/phattien.com\/wp-content\/uploads\/2019\/10\/pcx-dac-tinh-ky-thuat-09-giam-xoc-hien-tai-11-05-2020-1024x675.jpg\" sizes=\"auto, (max-width: 1024px) 100vw, 1024px\" srcset=\"https:\/\/phattien.com\/wp-content\/uploads\/2019\/10\/pcx-dac-tinh-ky-thuat-09-giam-xoc-hien-tai-11-05-2020-1024x675.jpg 1024w, https:\/\/phattien.com\/wp-content\/uploads\/2019\/10\/pcx-dac-tinh-ky-thuat-09-giam-xoc-hien-tai-11-05-2020-300x198.jpg 300w, https:\/\/phattien.com\/wp-content\/uploads\/2019\/10\/pcx-dac-tinh-ky-thuat-09-giam-xoc-hien-tai-11-05-2020-768x506.jpg 768w, https:\/\/phattien.com\/wp-content\/uploads\/2019\/10\/pcx-dac-tinh-ky-thuat-09-giam-xoc-hien-tai-11-05-2020-1536x1012.jpg 1536w, https:\/\/phattien.com\/wp-content\/uploads\/2019\/10\/pcx-dac-tinh-ky-thuat-09-giam-xoc-hien-tai-11-05-2020-2048x1350.jpg 2048w\" alt=\"\" width=\"1024\" height=\"675\" data-lazy-srcset=\"https:\/\/phattien.com\/wp-content\/uploads\/2019\/10\/pcx-dac-tinh-ky-thuat-09-giam-xoc-hien-tai-11-05-2020-1024x675.jpg 1024w, https:\/\/phattien.com\/wp-content\/uploads\/2019\/10\/pcx-dac-tinh-ky-thuat-09-giam-xoc-hien-tai-11-05-2020-300x198.jpg 300w, https:\/\/phattien.com\/wp-content\/uploads\/2019\/10\/pcx-dac-tinh-ky-thuat-09-giam-xoc-hien-tai-11-05-2020-768x506.jpg 768w, https:\/\/phattien.com\/wp-content\/uploads\/2019\/10\/pcx-dac-tinh-ky-thuat-09-giam-xoc-hien-tai-11-05-2020-1536x1012.jpg 1536w, https:\/\/phattien.com\/wp-content\/uploads\/2019\/10\/pcx-dac-tinh-ky-thuat-09-giam-xoc-hien-tai-11-05-2020-2048x1350.jpg 2048w\" data-lazy-sizes=\"(max-width: 1024px) 100vw, 1024px\" data-lazy-src=\"https:\/\/phattien.com\/wp-content\/uploads\/2019\/10\/pcx-dac-tinh-ky-thuat-09-giam-xoc-hien-tai-11-05-2020-1024x675.jpg\" data-was-processed=\"true\" \/><\/p>\n<p><strong>H\u1ebf th\u1ed1ng kh\u00f3a th\u00f4ng minh<\/strong><br \/>\nH\u1ec7 th\u1ed1ng kh\u00f3a th\u00f4ng minh kh\u00f4ng ch\u1ec9 \u0111em l\u1ea1i nh\u1eefng ti\u1ec7n \u00edch cao c\u1ea5p m\u00e0 c\u00f2n kh\u1eb3ng \u0111\u1ecbnh m\u1ea1nh m\u1ebd h\u00ecnh \u1ea3nh HYBRID nh\u1edd v\u1ecf b\u1ecdc m\u00e0u xanh \u0111\u1eb7c tr\u01b0ng c\u1ee7a ch\u00eca kh\u00f3a.<\/p>\n<p><img loading=\"lazy\" decoding=\"async\" class=\"aligncenter wp-image-5993 size-large lazyloaded\" src=\"https:\/\/phattien.com\/wp-content\/uploads\/2019\/10\/pcx-dac-tinh-ky-thuat-10-he-thong-khoa-thong-minh-11-05-2020-1024x675.jpg\" sizes=\"auto, (max-width: 1024px) 100vw, 1024px\" srcset=\"https:\/\/phattien.com\/wp-content\/uploads\/2019\/10\/pcx-dac-tinh-ky-thuat-10-he-thong-khoa-thong-minh-11-05-2020-1024x675.jpg 1024w, https:\/\/phattien.com\/wp-content\/uploads\/2019\/10\/pcx-dac-tinh-ky-thuat-10-he-thong-khoa-thong-minh-11-05-2020-300x198.jpg 300w, https:\/\/phattien.com\/wp-content\/uploads\/2019\/10\/pcx-dac-tinh-ky-thuat-10-he-thong-khoa-thong-minh-11-05-2020-768x506.jpg 768w, https:\/\/phattien.com\/wp-content\/uploads\/2019\/10\/pcx-dac-tinh-ky-thuat-10-he-thong-khoa-thong-minh-11-05-2020.jpg 1126w\" alt=\"\" width=\"1024\" height=\"675\" data-lazy-srcset=\"https:\/\/phattien.com\/wp-content\/uploads\/2019\/10\/pcx-dac-tinh-ky-thuat-10-he-thong-khoa-thong-minh-11-05-2020-1024x675.jpg 1024w, https:\/\/phattien.com\/wp-content\/uploads\/2019\/10\/pcx-dac-tinh-ky-thuat-10-he-thong-khoa-thong-minh-11-05-2020-300x198.jpg 300w, https:\/\/phattien.com\/wp-content\/uploads\/2019\/10\/pcx-dac-tinh-ky-thuat-10-he-thong-khoa-thong-minh-11-05-2020-768x506.jpg 768w, https:\/\/phattien.com\/wp-content\/uploads\/2019\/10\/pcx-dac-tinh-ky-thuat-10-he-thong-khoa-thong-minh-11-05-2020.jpg 1126w\" data-lazy-sizes=\"(max-width: 1024px) 100vw, 1024px\" data-lazy-src=\"https:\/\/phattien.com\/wp-content\/uploads\/2019\/10\/pcx-dac-tinh-ky-thuat-10-he-thong-khoa-thong-minh-11-05-2020-1024x675.jpg\" data-was-processed=\"true\" \/><\/p>\n<p><strong>H\u1ed9c \u0111\u1ef1ng \u0111\u1ed3<\/strong><br \/>\nH\u1ed9c \u0111\u1ef1ng \u0111\u1ed3 tr\u01b0\u1edbc v\u00e0 h\u1ed9c \u0111\u1ef1ng \u0111\u1ed3 d\u01b0\u1edbi y\u00ean \u0111\u01b0\u1ee3c thi\u1ebft k\u1ebf ti\u1ec7n l\u1ee3i, gi\u00fap ng\u01b0\u1eddi d\u00f9ng ch\u1ee9a \u0111\u01b0\u1ee3c nhi\u1ec1u v\u1eadt d\u1ee5ng c\u00e1 nh\u00e2n.<\/p>\n<p><img loading=\"lazy\" decoding=\"async\" class=\"aligncenter wp-image-5994 size-large lazyloaded\" src=\"https:\/\/phattien.com\/wp-content\/uploads\/2019\/10\/pcx-dac-tinh-ky-thuat-11-hoc-dung-do-11-05-2020-1024x675.jpg\" sizes=\"auto, (max-width: 1024px) 100vw, 1024px\" srcset=\"https:\/\/phattien.com\/wp-content\/uploads\/2019\/10\/pcx-dac-tinh-ky-thuat-11-hoc-dung-do-11-05-2020-1024x675.jpg 1024w, https:\/\/phattien.com\/wp-content\/uploads\/2019\/10\/pcx-dac-tinh-ky-thuat-11-hoc-dung-do-11-05-2020-300x198.jpg 300w, https:\/\/phattien.com\/wp-content\/uploads\/2019\/10\/pcx-dac-tinh-ky-thuat-11-hoc-dung-do-11-05-2020-768x506.jpg 768w, https:\/\/phattien.com\/wp-content\/uploads\/2019\/10\/pcx-dac-tinh-ky-thuat-11-hoc-dung-do-11-05-2020-1536x1012.jpg 1536w, https:\/\/phattien.com\/wp-content\/uploads\/2019\/10\/pcx-dac-tinh-ky-thuat-11-hoc-dung-do-11-05-2020-2048x1350.jpg 2048w\" alt=\"\" width=\"1024\" height=\"675\" data-lazy-srcset=\"https:\/\/phattien.com\/wp-content\/uploads\/2019\/10\/pcx-dac-tinh-ky-thuat-11-hoc-dung-do-11-05-2020-1024x675.jpg 1024w, https:\/\/phattien.com\/wp-content\/uploads\/2019\/10\/pcx-dac-tinh-ky-thuat-11-hoc-dung-do-11-05-2020-300x198.jpg 300w, https:\/\/phattien.com\/wp-content\/uploads\/2019\/10\/pcx-dac-tinh-ky-thuat-11-hoc-dung-do-11-05-2020-768x506.jpg 768w, https:\/\/phattien.com\/wp-content\/uploads\/2019\/10\/pcx-dac-tinh-ky-thuat-11-hoc-dung-do-11-05-2020-1536x1012.jpg 1536w, https:\/\/phattien.com\/wp-content\/uploads\/2019\/10\/pcx-dac-tinh-ky-thuat-11-hoc-dung-do-11-05-2020-2048x1350.jpg 2048w\" data-lazy-sizes=\"(max-width: 1024px) 100vw, 1024px\" data-lazy-src=\"https:\/\/phattien.com\/wp-content\/uploads\/2019\/10\/pcx-dac-tinh-ky-thuat-11-hoc-dung-do-11-05-2020-1024x675.jpg\" data-was-processed=\"true\" \/><\/p>\n<p><strong>L\u1ed1p xe v\u00e0 b\u00e1nh xe<\/strong><br \/>\nL\u1ed1p xe b\u1ea3n r\u1ed9ng, ch\u1eafc ch\u1eafn gi\u00fap gi\u1ea3m th\u1ea5t tho\u00e1t n\u0103ng l\u01b0\u1ee3ng b\u1edfi bi\u1ebfn d\u1ea1ng l\u1ed1p. B\u00e1nh xe 8 nan kh\u1ecfe kho\u1eafn gi\u00fap gi\u1ea3m tr\u1ecdng l\u01b0\u1ee3ng b\u00e1nh xe, c\u1ea3i thi\u1ec7n c\u1ea3m gi\u00e1c l\u00e1i v\u00e0 ti\u1ebft ki\u1ec7m nhi\u00ean li\u1ec7u h\u01a1n.<\/p>\n<p><img loading=\"lazy\" decoding=\"async\" class=\"aligncenter wp-image-5995 size-large lazyloaded\" src=\"https:\/\/phattien.com\/wp-content\/uploads\/2019\/10\/pcx-dac-tinh-ky-thuat-12-lop-xe-va-banh-xe-11-05-2020-1024x675.jpg\" sizes=\"auto, (max-width: 1024px) 100vw, 1024px\" srcset=\"https:\/\/phattien.com\/wp-content\/uploads\/2019\/10\/pcx-dac-tinh-ky-thuat-12-lop-xe-va-banh-xe-11-05-2020-1024x675.jpg 1024w, https:\/\/phattien.com\/wp-content\/uploads\/2019\/10\/pcx-dac-tinh-ky-thuat-12-lop-xe-va-banh-xe-11-05-2020-300x198.jpg 300w, https:\/\/phattien.com\/wp-content\/uploads\/2019\/10\/pcx-dac-tinh-ky-thuat-12-lop-xe-va-banh-xe-11-05-2020-768x506.jpg 768w, https:\/\/phattien.com\/wp-content\/uploads\/2019\/10\/pcx-dac-tinh-ky-thuat-12-lop-xe-va-banh-xe-11-05-2020-1536x1012.jpg 1536w, https:\/\/phattien.com\/wp-content\/uploads\/2019\/10\/pcx-dac-tinh-ky-thuat-12-lop-xe-va-banh-xe-11-05-2020-2048x1350.jpg 2048w\" alt=\"\" width=\"1024\" height=\"675\" data-lazy-srcset=\"https:\/\/phattien.com\/wp-content\/uploads\/2019\/10\/pcx-dac-tinh-ky-thuat-12-lop-xe-va-banh-xe-11-05-2020-1024x675.jpg 1024w, https:\/\/phattien.com\/wp-content\/uploads\/2019\/10\/pcx-dac-tinh-ky-thuat-12-lop-xe-va-banh-xe-11-05-2020-300x198.jpg 300w, https:\/\/phattien.com\/wp-content\/uploads\/2019\/10\/pcx-dac-tinh-ky-thuat-12-lop-xe-va-banh-xe-11-05-2020-768x506.jpg 768w, https:\/\/phattien.com\/wp-content\/uploads\/2019\/10\/pcx-dac-tinh-ky-thuat-12-lop-xe-va-banh-xe-11-05-2020-1536x1012.jpg 1536w, https:\/\/phattien.com\/wp-content\/uploads\/2019\/10\/pcx-dac-tinh-ky-thuat-12-lop-xe-va-banh-xe-11-05-2020-2048x1350.jpg 2048w\" data-lazy-sizes=\"(max-width: 1024px) 100vw, 1024px\" data-lazy-src=\"https:\/\/phattien.com\/wp-content\/uploads\/2019\/10\/pcx-dac-tinh-ky-thuat-12-lop-xe-va-banh-xe-11-05-2020-1024x675.jpg\" data-was-processed=\"true\" \/><\/p>\n","protected":false},"excerpt":{"rendered":"<p>Thi\u1ebft k\u1ebf V\u1eabn gi\u1eef \u00fd t\u01b0\u1edfng thi\u1ebft k\u1ebf k\u00e9o d\u00e0i v\u00e0 m\u01b0\u1ee3t m\u00e0 t\u1eeb phi\u00ean b\u1ea3n tr\u01b0\u1edbc, PCX m\u1edbi nay t\u0103ng th\u00eam n\u00e9t hi\u1ec7n \u0111\u1ea1i v\u00e0 cao c\u1ea5p v\u1edbi ph\u01b0\u01a1ng ch\u00e2m &#8220;\u0111\u1eb9p v\u00e0 n\u0103ng \u0111\u1ed9ng&#8221;. Thi\u1ebft k\u1ebf li\u1ec1n kh\u1ed1i c\u1ee7a th\u00e2n xe t\u1ea1o s\u1ef1 \u1ea5n t\u01b0\u1ee3ng v\u00e0 linh ho\u1ea1t nh\u01b0ng kh\u00f4ng k\u00e9m ph\u1ea7n m\u1ea1nh m\u1ebd.<\/p>\n","protected":false},"featured_media":569,"template":"","meta":[],"class_list":{"0":"post-568","1":"product","2":"type-product","3":"status-publish","4":"has-post-thumbnail","6":"product_cat-xe-may-honda","8":"first","9":"instock","10":"shipping-taxable","11":"product-type-simple"},"yoast_head":"<!-- This site is optimized with the Yoast SEO plugin v19.10 - https:\/\/yoast.com\/wordpress\/plugins\/seo\/ -->\n<title>PCX 150cc -<\/title>\n<meta name=\"robots\" content=\"index, follow, max-snippet:-1, max-image-preview:large, max-video-preview:-1\" \/>\n<link rel=\"canonical\" href=\"https:\/\/duyhungmotor.com\/?product=pcx-150cc\" \/>\n<meta property=\"og:locale\" content=\"vi_VN\" \/>\n<meta property=\"og:type\" content=\"article\" \/>\n<meta property=\"og:title\" content=\"PCX 150cc -\" \/>\n<meta property=\"og:description\" content=\"Thi\u1ebft k\u1ebf V\u1eabn gi\u1eef \u00fd t\u01b0\u1edfng thi\u1ebft k\u1ebf k\u00e9o d\u00e0i v\u00e0 m\u01b0\u1ee3t m\u00e0 t\u1eeb phi\u00ean b\u1ea3n tr\u01b0\u1edbc, PCX m\u1edbi nay t\u0103ng th\u00eam n\u00e9t hi\u1ec7n \u0111\u1ea1i v\u00e0 cao c\u1ea5p v\u1edbi ph\u01b0\u01a1ng ch\u00e2m &quot;\u0111\u1eb9p v\u00e0 n\u0103ng \u0111\u1ed9ng&quot;. Thi\u1ebft k\u1ebf li\u1ec1n kh\u1ed1i c\u1ee7a th\u00e2n xe t\u1ea1o s\u1ef1 \u1ea5n t\u01b0\u1ee3ng v\u00e0 linh ho\u1ea1t nh\u01b0ng kh\u00f4ng k\u00e9m ph\u1ea7n m\u1ea1nh m\u1ebd.\" \/>\n<meta property=\"og:url\" content=\"https:\/\/duyhungmotor.com\/?product=pcx-150cc\" \/>\n<meta property=\"article:modified_time\" content=\"2020-11-17T11:06:43+00:00\" \/>\n<meta property=\"og:image\" content=\"https:\/\/duyhungmotor.com\/wp-content\/uploads\/2020\/11\/bacmoden.png\" \/>\n\t<meta property=\"og:image:width\" content=\"1111\" \/>\n\t<meta property=\"og:image:height\" content=\"730\" \/>\n\t<meta property=\"og:image:type\" content=\"image\/png\" \/>\n<meta name=\"twitter:card\" content=\"summary_large_image\" \/>\n<meta name=\"twitter:label1\" content=\"\u01af\u1edbc t\u00ednh th\u1eddi gian \u0111\u1ecdc\" \/>\n\t<meta name=\"twitter:data1\" content=\"2 ph\u00fat\" \/>\n<script type=\"application\/ld+json\" class=\"yoast-schema-graph\">{\"@context\":\"https:\/\/schema.org\",\"@graph\":[{\"@type\":\"WebPage\",\"@id\":\"https:\/\/duyhungmotor.com\/?product=pcx-150cc\",\"url\":\"https:\/\/duyhungmotor.com\/?product=pcx-150cc\",\"name\":\"PCX 150cc -\",\"isPartOf\":{\"@id\":\"https:\/\/duyhungmotor.com\/#website\"},\"datePublished\":\"2020-11-17T11:06:42+00:00\",\"dateModified\":\"2020-11-17T11:06:43+00:00\",\"breadcrumb\":{\"@id\":\"https:\/\/duyhungmotor.com\/?product=pcx-150cc#breadcrumb\"},\"inLanguage\":\"vi\",\"potentialAction\":[{\"@type\":\"ReadAction\",\"target\":[\"https:\/\/duyhungmotor.com\/?product=pcx-150cc\"]}]},{\"@type\":\"BreadcrumbList\",\"@id\":\"https:\/\/duyhungmotor.com\/?product=pcx-150cc#breadcrumb\",\"itemListElement\":[{\"@type\":\"ListItem\",\"position\":1,\"name\":\"Trang ch\u1ee7\",\"item\":\"https:\/\/duyhungmotor.com\/\"},{\"@type\":\"ListItem\",\"position\":2,\"name\":\"PCX 150cc\"}]},{\"@type\":\"WebSite\",\"@id\":\"https:\/\/duyhungmotor.com\/#website\",\"url\":\"https:\/\/duyhungmotor.com\/\",\"name\":\"\",\"description\":\"\u0110\u1ea1i l\u00fd Xe M\u00e1y - Xe \u0110i\u1ec7n\",\"potentialAction\":[{\"@type\":\"SearchAction\",\"target\":{\"@type\":\"EntryPoint\",\"urlTemplate\":\"https:\/\/duyhungmotor.com\/?s={search_term_string}\"},\"query-input\":\"required name=search_term_string\"}],\"inLanguage\":\"vi\"}]}<\/script>\n<!-- \/ Yoast SEO plugin. -->","yoast_head_json":{"title":"PCX 150cc -","robots":{"index":"index","follow":"follow","max-snippet":"max-snippet:-1","max-image-preview":"max-image-preview:large","max-video-preview":"max-video-preview:-1"},"canonical":"https:\/\/duyhungmotor.com\/?product=pcx-150cc","og_locale":"vi_VN","og_type":"article","og_title":"PCX 150cc -","og_description":"Thi\u1ebft k\u1ebf V\u1eabn gi\u1eef \u00fd t\u01b0\u1edfng thi\u1ebft k\u1ebf k\u00e9o d\u00e0i v\u00e0 m\u01b0\u1ee3t m\u00e0 t\u1eeb phi\u00ean b\u1ea3n tr\u01b0\u1edbc, PCX m\u1edbi nay t\u0103ng th\u00eam n\u00e9t hi\u1ec7n \u0111\u1ea1i v\u00e0 cao c\u1ea5p v\u1edbi ph\u01b0\u01a1ng ch\u00e2m \"\u0111\u1eb9p v\u00e0 n\u0103ng \u0111\u1ed9ng\". Thi\u1ebft k\u1ebf li\u1ec1n kh\u1ed1i c\u1ee7a th\u00e2n xe t\u1ea1o s\u1ef1 \u1ea5n t\u01b0\u1ee3ng v\u00e0 linh ho\u1ea1t nh\u01b0ng kh\u00f4ng k\u00e9m ph\u1ea7n m\u1ea1nh m\u1ebd.","og_url":"https:\/\/duyhungmotor.com\/?product=pcx-150cc","article_modified_time":"2020-11-17T11:06:43+00:00","og_image":[{"width":1111,"height":730,"url":"https:\/\/duyhungmotor.com\/wp-content\/uploads\/2020\/11\/bacmoden.png","type":"image\/png"}],"twitter_card":"summary_large_image","twitter_misc":{"\u01af\u1edbc t\u00ednh th\u1eddi gian \u0111\u1ecdc":"2 ph\u00fat"},"schema":{"@context":"https:\/\/schema.org","@graph":[{"@type":"WebPage","@id":"https:\/\/duyhungmotor.com\/?product=pcx-150cc","url":"https:\/\/duyhungmotor.com\/?product=pcx-150cc","name":"PCX 150cc -","isPartOf":{"@id":"https:\/\/duyhungmotor.com\/#website"},"datePublished":"2020-11-17T11:06:42+00:00","dateModified":"2020-11-17T11:06:43+00:00","breadcrumb":{"@id":"https:\/\/duyhungmotor.com\/?product=pcx-150cc#breadcrumb"},"inLanguage":"vi","potentialAction":[{"@type":"ReadAction","target":["https:\/\/duyhungmotor.com\/?product=pcx-150cc"]}]},{"@type":"BreadcrumbList","@id":"https:\/\/duyhungmotor.com\/?product=pcx-150cc#breadcrumb","itemListElement":[{"@type":"ListItem","position":1,"name":"Trang ch\u1ee7","item":"https:\/\/duyhungmotor.com\/"},{"@type":"ListItem","position":2,"name":"PCX 150cc"}]},{"@type":"WebSite","@id":"https:\/\/duyhungmotor.com\/#website","url":"https:\/\/duyhungmotor.com\/","name":"","description":"\u0110\u1ea1i l\u00fd Xe M\u00e1y - Xe \u0110i\u1ec7n","potentialAction":[{"@type":"SearchAction","target":{"@type":"EntryPoint","urlTemplate":"https:\/\/duyhungmotor.com\/?s={search_term_string}"},"query-input":"required name=search_term_string"}],"inLanguage":"vi"}]}},"_links":{"self":[{"href":"https:\/\/duyhungmotor.com\/index.php?rest_route=\/wp\/v2\/product\/568","targetHints":{"allow":["GET"]}}],"collection":[{"href":"https:\/\/duyhungmotor.com\/index.php?rest_route=\/wp\/v2\/product"}],"about":[{"href":"https:\/\/duyhungmotor.com\/index.php?rest_route=\/wp\/v2\/types\/product"}],"wp:featuredmedia":[{"embeddable":true,"href":"https:\/\/duyhungmotor.com\/index.php?rest_route=\/wp\/v2\/media\/569"}],"wp:attachment":[{"href":"https:\/\/duyhungmotor.com\/index.php?rest_route=%2Fwp%2Fv2%2Fmedia&parent=568"}],"curies":[{"name":"wp","href":"https:\/\/api.w.org\/{rel}","templated":true}]}}