{"id":546,"date":"2020-11-17T08:40:41","date_gmt":"2020-11-17T01:40:41","guid":{"rendered":"http:\/\/duyhungmotor.com\/?post_type=product&#038;p=546"},"modified":"2020-11-17T08:40:41","modified_gmt":"2020-11-17T01:40:41","slug":"air-blade-125cc","status":"publish","type":"product","link":"https:\/\/duyhungmotor.com\/?product=air-blade-125cc","title":{"rendered":"Air Blade 125cc"},"content":{"rendered":"<div class=\"sec sec-grey-light sec-product-tabs\">\n<div class=\"all\">\n<div class=\"tab-cont-wrap\">\n<div id=\"tab1\" class=\"tab-cont active\">\n<div class=\"article-cont\">\n<p><img loading=\"lazy\" decoding=\"async\" class=\"size-full wp-image-6107 aligncenter lazyloaded\" src=\"https:\/\/phattien.com\/wp-content\/uploads\/2020\/01\/air-blade-dac-tinh-ky-thuat-00-tong-hop-15-05-2020.jpg\" sizes=\"auto, (max-width: 1920px) 100vw, 1920px\" srcset=\"https:\/\/phattien.com\/wp-content\/uploads\/2020\/01\/air-blade-dac-tinh-ky-thuat-00-tong-hop-15-05-2020.jpg 1920w, https:\/\/phattien.com\/wp-content\/uploads\/2020\/01\/air-blade-dac-tinh-ky-thuat-00-tong-hop-15-05-2020-300x169.jpg 300w, https:\/\/phattien.com\/wp-content\/uploads\/2020\/01\/air-blade-dac-tinh-ky-thuat-00-tong-hop-15-05-2020-1024x576.jpg 1024w, https:\/\/phattien.com\/wp-content\/uploads\/2020\/01\/air-blade-dac-tinh-ky-thuat-00-tong-hop-15-05-2020-768x432.jpg 768w, https:\/\/phattien.com\/wp-content\/uploads\/2020\/01\/air-blade-dac-tinh-ky-thuat-00-tong-hop-15-05-2020-1536x864.jpg 1536w\" alt=\"\" width=\"1920\" height=\"1080\" data-lazy-srcset=\"https:\/\/phattien.com\/wp-content\/uploads\/2020\/01\/air-blade-dac-tinh-ky-thuat-00-tong-hop-15-05-2020.jpg 1920w, https:\/\/phattien.com\/wp-content\/uploads\/2020\/01\/air-blade-dac-tinh-ky-thuat-00-tong-hop-15-05-2020-300x169.jpg 300w, https:\/\/phattien.com\/wp-content\/uploads\/2020\/01\/air-blade-dac-tinh-ky-thuat-00-tong-hop-15-05-2020-1024x576.jpg 1024w, https:\/\/phattien.com\/wp-content\/uploads\/2020\/01\/air-blade-dac-tinh-ky-thuat-00-tong-hop-15-05-2020-768x432.jpg 768w, https:\/\/phattien.com\/wp-content\/uploads\/2020\/01\/air-blade-dac-tinh-ky-thuat-00-tong-hop-15-05-2020-1536x864.jpg 1536w\" data-lazy-sizes=\"(max-width: 1920px) 100vw, 1920px\" data-lazy-src=\"https:\/\/phattien.com\/wp-content\/uploads\/2020\/01\/air-blade-dac-tinh-ky-thuat-00-tong-hop-15-05-2020.jpg\" data-was-processed=\"true\" \/><\/p>\n<p><strong>Ki\u1ec3u d\u00e1ng ho\u00e0n to\u00e0n m\u1edbi<\/strong><br \/>\nTi\u1ebfp t\u1ee5c l\u00e0 hi\u1ec7n th\u00e2n c\u1ee7a s\u1ef1 \u0111\u1ed9t ph\u00e1, hi\u1ec7n \u0111\u1ea1i v\u1edbi di\u1ec7n m\u1ea1o \u0111\u01b0\u1ee3c trau chu\u1ed1t t\u1ec9 m\u1ec9 \u0111\u1ebfn t\u1eebng chi ti\u1ebft, Air Blade th\u1ebf h\u1ec7 m\u1edbi c\u00f3 h\u00ecnh \u1ea3nh \u0111\u1eb7c tr\u01b0ng \u0111\u01b0\u1ee3c th\u1ec3 hi\u1ec7n qua thi\u1ebft k\u1ebf t\u1ed5ng th\u1ec3 g\u1ee3i li\u00ean t\u01b0\u1edfng \u0111\u1ebfn \u201cch\u1eef X\u201d, ph\u1ea3n chi\u1ebfu s\u1ef1 c\u1ee9ng c\u00e1p trong b\u1ec1 m\u1eb7t hi\u1ec7n \u0111\u1ea1i xen l\u1eabn l\u00e0 nh\u1eefng \u0111\u01b0\u1eddng n\u00e9t \u0111\u01b0\u1ee3c x\u1eed l\u00fd g\u1ecdn g\u00e0ng, d\u1ee9t kho\u00e1t. \u0110\u1eb7c bi\u1ec7t, Air Blade 150cc kh\u00e1c bi\u1ec7t h\u01a1n v\u1edbi t\u1ea5m ch\u1eafn gi\u00f3 ph\u00eda tr\u01b0\u1edbc, y\u00ean xe hai t\u00f4ng m\u00e0u v\u00e0 ti\u1ebft di\u1ec7n l\u1ed1p xe l\u1edbn.<\/p>\n<p><img loading=\"lazy\" decoding=\"async\" class=\"size-full wp-image-5934 aligncenter lazyloaded\" src=\"https:\/\/phattien.com\/wp-content\/uploads\/2020\/01\/air-blade-dac-tinh-ky-thuat-01-kieu-dang-hoan-toan-moi-11-05-2020.png\" sizes=\"auto, (max-width: 550px) 100vw, 550px\" srcset=\"https:\/\/phattien.com\/wp-content\/uploads\/2020\/01\/air-blade-dac-tinh-ky-thuat-01-kieu-dang-hoan-toan-moi-11-05-2020.png 550w, https:\/\/phattien.com\/wp-content\/uploads\/2020\/01\/air-blade-dac-tinh-ky-thuat-01-kieu-dang-hoan-toan-moi-11-05-2020-300x218.png 300w, https:\/\/phattien.com\/wp-content\/uploads\/2020\/01\/air-blade-dac-tinh-ky-thuat-01-kieu-dang-hoan-toan-moi-11-05-2020-320x232.png 320w\" alt=\"\" width=\"550\" height=\"400\" data-lazy-srcset=\"https:\/\/phattien.com\/wp-content\/uploads\/2020\/01\/air-blade-dac-tinh-ky-thuat-01-kieu-dang-hoan-toan-moi-11-05-2020.png 550w, https:\/\/phattien.com\/wp-content\/uploads\/2020\/01\/air-blade-dac-tinh-ky-thuat-01-kieu-dang-hoan-toan-moi-11-05-2020-300x218.png 300w, https:\/\/phattien.com\/wp-content\/uploads\/2020\/01\/air-blade-dac-tinh-ky-thuat-01-kieu-dang-hoan-toan-moi-11-05-2020-320x232.png 320w\" data-lazy-sizes=\"(max-width: 550px) 100vw, 550px\" data-lazy-src=\"https:\/\/phattien.com\/wp-content\/uploads\/2020\/01\/air-blade-dac-tinh-ky-thuat-01-kieu-dang-hoan-toan-moi-11-05-2020.png\" data-was-processed=\"true\" \/><\/p>\n<p><strong>C\u1ee5m \u0111\u00e8n LED tr\u01b0\u1edbc v\u00e0 sau<\/strong><br \/>\nAir Blade m\u1edbi s\u1eed d\u1ee5ng \u0111\u00e8n \u0111\u1ecbnh v\u1ecb LED c\u1ee1 l\u1edbn v\u1edbi thi\u1ebft k\u1ebf \u0111\u00e8n tr\u01b0\u1edbc\/sau \u0111\u01b0\u1ee3c m\u00f4 ph\u1ecfng c\u1ea5u tr\u00fac \u0111\u00e8n t\u1eeb nh\u1eefng m\u1eabu xe ph\u00e2n kh\u1ed1i l\u1edbn, t\u1ea1o c\u1ea3m gi\u00e1c th\u1ec3 thao n\u0103ng \u0111\u1ed9ng. \u0110\u00e8n chi\u1ebfu s\u00e1ng ph\u00eda tr\u01b0\u1edbc c\u00f3 t\u00ednh n\u0103ng t\u1ef1 \u0111\u1ed9ng b\u1eadt s\u00e1ng n\u00e2ng cao kh\u1ea3 n\u0103ng nh\u1eadn di\u1ec7n khi l\u01b0u th\u00f4ng tr\u00ean \u0111\u01b0\u1eddng ph\u1ed1. Nh\u1edd vi\u1ec7c c\u1ea3i thi\u1ec7n \u0111\u1eb7c \u0111i\u1ec3m ph\u00e2n v\u00f9ng \u00e1nh s\u00e1ng c\u1ee7a \u0111\u00e8n tr\u01b0\u1edbc, t\u1ea7m nh\u00ecn xe \u0111\u01b0\u1ee3c c\u1ea3i thi\u1ec7n h\u01a1n v\u00e0o ban \u0111\u00eam v\u00e0 trong \u0111i\u1ec1u ki\u1ec7n th\u1eddi ti\u1ebft x\u1ea5u.<\/p>\n<p><img loading=\"lazy\" decoding=\"async\" class=\"wp-image-5935 aligncenter lazyloaded\" src=\"https:\/\/phattien.com\/wp-content\/uploads\/2020\/01\/air-blade-dac-tinh-ky-thuat-02-cum-den-led-truoc-va-sau-11-05-2020.png\" alt=\"\" width=\"215\" height=\"215\" data-lazy-src=\"https:\/\/phattien.com\/wp-content\/uploads\/2020\/01\/air-blade-dac-tinh-ky-thuat-02-cum-den-led-truoc-va-sau-11-05-2020.png\" data-was-processed=\"true\" \/><\/p>\n<p><strong>M\u1eb7t \u0111\u1ed3ng h\u1ed3 LCD m\u1edbi<\/strong><br \/>\nM\u1eb7t \u0111\u1ed3ng h\u1ed3 LCD k\u1ef9 thu\u1eadt s\u1ed1 ho\u00e0n to\u00e0n mang l\u1ea1i m\u1ed9t thi\u1ebft k\u1ebf hi\u1ec7n \u0111\u1ea1i, g\u1ecdn g\u00e0ng h\u01a1n v\u00e0 t\u0103ng kh\u00f4ng gian cho th\u00f4ng tin hi\u1ec3n th\u1ecb.<br \/>\nNgo\u00e0i hai th\u00f4ng tin v\u1ec1 h\u00e0nh tr\u00ecnh, \u0111\u1ed3ng h\u1ed3 c\u00f2n hi\u1ec3n th\u1ecb th\u00f4ng tin ti\u00eau th\u1ee5 nhi\u00ean li\u1ec7u t\u1ee9c th\u1eddi\/trung b\u00ecnh, gi\u00fap ng\u01b0\u1eddi d\u00f9ng theo d\u00f5i \u0111\u01b0\u1ee3c s\u1ef1 kh\u00e1c bi\u1ec7t trong nh\u1eefng t\u00ecnh hu\u1ed1ng l\u00e1i xe kh\u00e1c nhau.<\/p>\n<p>&nbsp;<\/p>\n<p><strong><img loading=\"lazy\" decoding=\"async\" class=\"wp-image-5937 aligncenter lazyloaded\" src=\"https:\/\/phattien.com\/wp-content\/uploads\/2020\/01\/air-blade-dac-tinh-ky-thuat-03-mat-dong-ho-lcd-moi-11-05-2020.png\" alt=\"\" width=\"187\" height=\"187\" data-lazy-src=\"https:\/\/phattien.com\/wp-content\/uploads\/2020\/01\/air-blade-dac-tinh-ky-thuat-03-mat-dong-ho-lcd-moi-11-05-2020.png\" data-was-processed=\"true\" \/>\u0110\u1ed9ng c\u01a1 150cc m\u1edbi (d\u00e0nh cho Air Blade 150cc)<\/strong><br \/>\nPhi\u00ean b\u1ea3n 150 ph\u00e2n kh\u1ed1i s\u1eed d\u1ee5ng \u0111\u1ed9ng c\u01a1 eSP c\u00f3 l\u1ecdc gi\u00f3 v\u00e0 \u1ed1ng x\u1ea3 xe \u0111\u01b0\u1ee3c \u0111i\u1ec1u ch\u1ec9nh nh\u1eb1m mang \u0111\u1ebfn c\u1ea3m gi\u00e1c m\u00e1y ph\u1ea5n kh\u00edch l\u1eabn c\u00f4ng su\u1ea5t t\u1ed1i \u0111a v\u01b0\u1ee3t tr\u1ed9i (9.6kW\/8,500 v\u00f2ng ph\u00fat).<\/p>\n<p>&nbsp;<\/p>\n<p>&nbsp;<\/p>\n<p><strong><img loading=\"lazy\" decoding=\"async\" class=\"wp-image-5940 aligncenter lazyloaded\" src=\"https:\/\/phattien.com\/wp-content\/uploads\/2020\/01\/air-blade-dac-tinh-ky-thuat-04-dong-co-150cc-moi-11-05-2020.png\" alt=\"\" width=\"206\" height=\"206\" data-lazy-src=\"https:\/\/phattien.com\/wp-content\/uploads\/2020\/01\/air-blade-dac-tinh-ky-thuat-04-dong-co-150cc-moi-11-05-2020.png\" data-was-processed=\"true\" \/>Kh\u1ea3 n\u0103ng t\u0103ng t\u1ed1c v\u01b0\u1ee3t tr\u1ed9i (d\u00e0nh cho Air Blade 150cc)<\/strong><br \/>\nTheo nh\u01b0 k\u1ebft qu\u1ea3 th\u1eed nghi\u1ec7m, \u0111\u1ed9ng c\u01a1 150 ph\u00e2n kh\u1ed1i c\u00f3 kh\u1ea3 n\u0103ng t\u0103ng t\u1ed1c v\u01b0\u1ee3t tr\u1ed9i, ch\u1ec9 m\u1ea5t 6.2 gi\u00e2y \u0111\u1ec3 t\u0103ng t\u1ed1c t\u1eeb 0-100m v\u1edbi v\u1eadn t\u1ed1c t\u1eeb 40km\/h<\/p>\n<p><img loading=\"lazy\" decoding=\"async\" class=\"wp-image-5941 aligncenter lazyloaded\" src=\"https:\/\/phattien.com\/wp-content\/uploads\/2020\/01\/air-blade-dac-tinh-ky-thuat-05-kha-nang-tang-toc-vuot-troi-11-05-2020.png\" alt=\"\" width=\"216\" height=\"216\" data-lazy-src=\"https:\/\/phattien.com\/wp-content\/uploads\/2020\/01\/air-blade-dac-tinh-ky-thuat-05-kha-nang-tang-toc-vuot-troi-11-05-2020.png\" data-was-processed=\"true\" \/><\/p>\n<p><strong>H\u1ec7 th\u1ed1ng kh\u00f3a th\u00f4ng minh<\/strong><br \/>\nM\u1eabu xe Air Blade m\u1edbi s\u1eed d\u1ee5ng h\u1ec7 th\u1ed1ng kh\u00f3a th\u00f4ng minh v\u1ed1n \u0111\u00e3 quen thu\u1ed9c v\u1edbi kh\u00e1ch h\u00e0ng Vi\u1ec7t Nam. Tuy\u1ec7t v\u1eddi h\u01a1n n\u1eefa khi Air Blade m\u1edbi \u0111\u01b0\u1ee3c n\u00e2ng c\u1ea5p ch\u1ee9c n\u0103ng b\u00e1o ch\u1ed1ng tr\u1ed9m \u0111\u1ec3 kh\u00e1ch h\u00e0ng c\u00f3 th\u1ec3 y\u00ean t\u00e2m h\u01a1n khi kh\u00f4ng \u1edf b\u00ean c\u1ea1nh chi\u1ebfc xe c\u1ee7a m\u00ecnh.<\/p>\n<p><img loading=\"lazy\" decoding=\"async\" class=\"wp-image-5942 aligncenter lazyloaded\" src=\"https:\/\/phattien.com\/wp-content\/uploads\/2020\/01\/air-blade-dac-tinh-ky-thuat-06-he-thong-khoa-thong-minh-11-05-2020.png\" alt=\"\" width=\"238\" height=\"238\" data-lazy-src=\"https:\/\/phattien.com\/wp-content\/uploads\/2020\/01\/air-blade-dac-tinh-ky-thuat-06-he-thong-khoa-thong-minh-11-05-2020.png\" data-was-processed=\"true\" \/><\/p>\n<p><strong>H\u1ec7 th\u1ed1ng ch\u1ed1ng b\u00f3 c\u1ee9ng phanh ABS (d\u00e0nh cho Air Blade 150cc)<\/strong><br \/>\nH\u1ec7 th\u1ed1ng ch\u1ed1ng b\u00f3 c\u1ee9ng phanh ABS cho b\u00e1nh tr\u01b0\u1edbc l\u1ea7n \u0111\u1ea7u ti\u00ean \u0111\u01b0\u1ee3c trang b\u1ecb tr\u00ean Air Blade 150cc mang l\u1ea1i s\u1ef1 y\u00ean t\u00e2m cho kh\u00e1ch h\u00e0ng tr\u00ean \u0111i\u1ec1u ki\u1ec7n \u0111\u1ecba h\u00ecnh kh\u00e1c nhau.<\/p>\n<p><img loading=\"lazy\" decoding=\"async\" class=\"wp-image-5943 aligncenter lazyloaded\" src=\"https:\/\/phattien.com\/wp-content\/uploads\/2020\/01\/air-blade-dac-tinh-ky-thuat-07-he-thong-chong-bo-cung-phanh-ABS-11-05-2020.png\" alt=\"\" width=\"224\" height=\"224\" data-lazy-src=\"https:\/\/phattien.com\/wp-content\/uploads\/2020\/01\/air-blade-dac-tinh-ky-thuat-07-he-thong-chong-bo-cung-phanh-ABS-11-05-2020.png\" data-was-processed=\"true\" \/><\/p>\n<p><strong>H\u1ed9c \u0111\u1ef1ng \u0111\u1ed3 r\u1ed9ng r\u00e3i<\/strong><br \/>\nH\u1ed9c \u0111\u1ef1ng \u0111\u1ed3 \u0111\u01b0\u1ee3c n\u00e2ng c\u1ea5p c\u1ef1c r\u1ed9ng r\u00e3i, c\u00f3 th\u1ec3 \u0111\u1ec3 t\u1edbi 2 chi\u1ebfc m\u0169 b\u1ea3o hi\u1ec3m th\u00f4ng d\u1ee5ng, dung t\u00edch h\u1ed9c \u0111\u1ed3 \u0111\u1ea1t t\u1edbi 22.7 l\u00edt (r\u1ed9ng th\u00eam 0.9 l\u00edt) m\u00e0 v\u1eabn gi\u1eef nguy\u00ean thi\u1ebft k\u1ebf thon g\u1ecdn. Kh\u00f4ng ch\u1ec9 \u0111\u01b0\u1ee3c t\u0103ng th\u00eam v\u1ec1 m\u1eb7t dung t\u00edch m\u00e0 h\u1ed9c ch\u1ee9a \u0111\u1ed3 c\u00f2n ti\u1ebfp t\u1ee5c \u0111\u01b0\u1ee3c trang b\u1ecb \u0111\u00e8n soi h\u1ed9c \u0111\u1ed3, gi\u00fap kh\u00e1ch h\u00e0ng d\u1ec5 d\u00e0ng t\u00ecm ki\u1ebfm c\u00e1c v\u1eadt d\u00f9ng trong \u0111i\u1ec1u ki\u1ec7n thi\u1ebfu \u00e1nh s\u00e1ng.<\/p>\n<p><img loading=\"lazy\" decoding=\"async\" class=\"wp-image-5944 aligncenter lazyloaded\" src=\"https:\/\/phattien.com\/wp-content\/uploads\/2020\/01\/air-blade-dac-tinh-ky-thuat-08-hoc-dung-do-rong-rai-11-05-2020.png\" alt=\"\" width=\"220\" height=\"220\" data-lazy-src=\"https:\/\/phattien.com\/wp-content\/uploads\/2020\/01\/air-blade-dac-tinh-ky-thuat-08-hoc-dung-do-rong-rai-11-05-2020.png\" data-was-processed=\"true\" \/><\/p>\n<p><strong>C\u1ed5ng s\u1ea1c ti\u1ec7n l\u1ee3i (d\u00e0nh cho Air Blade 150cc)<\/strong><br \/>\nPhi\u00ean b\u1ea3n \u0111\u1ed9ng c\u01a1 150cc \u0111\u01b0\u1ee3c trang b\u1ecb th\u00eam c\u1ed5ng s\u1ea1c trong h\u1ed9c \u0111\u1ef1ng \u0111\u1ed3, cung c\u1ea5p \u0111i\u1ec7n v\u1edbi c\u00f4ng su\u1ea5t l\u00ean t\u1edbi 12W khi \u0111\u1ed9ng c\u01a1 \u0111ang ch\u1ea1y, gi\u00fap n\u00e2ng t\u1ea7m tr\u1ea3i nghi\u1ec7m cho kh\u00e1ch h\u00e0ng tr\u00ean m\u1ecdi n\u1ebbo \u0111\u01b0\u1eddng.<\/p>\n<p><img loading=\"lazy\" decoding=\"async\" class=\"wp-image-5945 aligncenter lazyloaded\" src=\"https:\/\/phattien.com\/wp-content\/uploads\/2020\/01\/air-blade-dac-tinh-ky-thuat-09-cong-sac-tien-loi-11-05-2020.png\" alt=\"\" width=\"196\" height=\"196\" data-lazy-src=\"https:\/\/phattien.com\/wp-content\/uploads\/2020\/01\/air-blade-dac-tinh-ky-thuat-09-cong-sac-tien-loi-11-05-2020.png\" data-was-processed=\"true\" \/><\/p>\n<\/div>\n<\/div>\n<\/div>\n<\/div>\n<\/div>\n<div class=\"sec sec-hotline-phone\">\n<div class=\"all\">\n<div class=\"home-hotline-cont\">\n<div class=\"callbox\"><\/div>\n<\/div>\n<\/div>\n<\/div>\n","protected":false},"excerpt":{"rendered":"<ul>\n<li>X\u1ee9ng danh m\u1ed9t m\u1eabu xe tay ga nam t\u00ednh n\u1ed5i b\u1eadt v\u1edbi uy l\u1ef1c b\u1ee9t ph\u00e1 trau chu\u1ed1t \u0111\u1ebfn t\u1eebng chi ti\u1ebft, t\u1ea1o ra \u1ea5n t\u01b0\u1ee3ng kh\u00e1c bi\u1ec7t v\u00e0 \u0111\u00e1ng nh\u1edb<\/li>\n<li>Ngo\u00e0i \u0111\u1ed9ng c\u01a1 125 ph\u00e2n kh\u1ed1i , Air Blade m\u1edbi \u0111\u01b0\u1ee3c trang b\u1ecb th\u00eam \u0111\u1ed9ng c\u01a1 150 ph\u00e2n kh\u1ed1i m\u1ea1nh m\u1ebd v\u1edbi kh\u1ea3 n\u0103ng t\u0103ng t\u1ed1c v\u01b0\u1ee3t tr\u1ed9i, t\u0103ng th\u00eam c\u1ea3m gi\u00e1c ph\u1ea5n kh\u00edch \u0111\u1ec3 c\u00f9ng b\u1ea1n kh\u00e1m ph\u00e1 m\u1ecdi n\u1ebbo \u0111\u01b0\u1eddng<\/li>\n<li>H\u01a1n c\u1ea3 m\u1ed9t chi\u1ebfc xe, Air Blade m\u1edbi ch\u00ednh l\u00e0 tr\u1ee3 th\u1ee7 \u0111\u1eafc l\u1ef1c v\u00e0 \u0111\u00e1ng tin c\u1eady c\u1ee7a b\u1ea1n tr\u00ean m\u1ed7i h\u00e0nh tr\u00ecnh nh\u1edd trang b\u1ecb nh\u1eefng ti\u1ec7n \u00edch cao c\u1ea5p v\u00e0 \u01b0u vi\u1ec7t.<\/li>\n<\/ul>\n","protected":false},"featured_media":551,"template":"","meta":[],"class_list":{"0":"post-546","1":"product","2":"type-product","3":"status-publish","4":"has-post-thumbnail","6":"product_cat-xe-may-honda","8":"first","9":"instock","10":"shipping-taxable","11":"product-type-simple"},"yoast_head":"<!-- This site is optimized with the Yoast SEO plugin v19.10 - https:\/\/yoast.com\/wordpress\/plugins\/seo\/ -->\n<title>Air Blade 125cc -<\/title>\n<meta name=\"robots\" content=\"index, follow, max-snippet:-1, max-image-preview:large, max-video-preview:-1\" \/>\n<link rel=\"canonical\" href=\"https:\/\/duyhungmotor.com\/?product=air-blade-125cc\" \/>\n<meta property=\"og:locale\" content=\"vi_VN\" \/>\n<meta property=\"og:type\" content=\"article\" \/>\n<meta property=\"og:title\" content=\"Air Blade 125cc -\" \/>\n<meta property=\"og:description\" content=\"X\u1ee9ng danh m\u1ed9t m\u1eabu xe tay ga nam t\u00ednh n\u1ed5i b\u1eadt v\u1edbi uy l\u1ef1c b\u1ee9t ph\u00e1 trau chu\u1ed1t \u0111\u1ebfn t\u1eebng chi ti\u1ebft, t\u1ea1o ra \u1ea5n t\u01b0\u1ee3ng kh\u00e1c bi\u1ec7t v\u00e0 \u0111\u00e1ng nh\u1edb  Ngo\u00e0i \u0111\u1ed9ng c\u01a1 125 ph\u00e2n kh\u1ed1i , Air Blade m\u1edbi \u0111\u01b0\u1ee3c trang b\u1ecb th\u00eam \u0111\u1ed9ng c\u01a1 150 ph\u00e2n kh\u1ed1i m\u1ea1nh m\u1ebd v\u1edbi kh\u1ea3 n\u0103ng t\u0103ng t\u1ed1c v\u01b0\u1ee3t tr\u1ed9i, t\u0103ng th\u00eam c\u1ea3m gi\u00e1c ph\u1ea5n kh\u00edch \u0111\u1ec3 c\u00f9ng b\u1ea1n kh\u00e1m ph\u00e1 m\u1ecdi n\u1ebbo \u0111\u01b0\u1eddng  H\u01a1n c\u1ea3 m\u1ed9t chi\u1ebfc xe, Air Blade m\u1edbi ch\u00ednh l\u00e0 tr\u1ee3 th\u1ee7 \u0111\u1eafc l\u1ef1c v\u00e0 \u0111\u00e1ng tin c\u1eady c\u1ee7a b\u1ea1n tr\u00ean m\u1ed7i h\u00e0nh tr\u00ecnh nh\u1edd trang b\u1ecb nh\u1eefng ti\u1ec7n \u00edch cao c\u1ea5p v\u00e0 \u01b0u vi\u1ec7t.\" \/>\n<meta property=\"og:url\" content=\"https:\/\/duyhungmotor.com\/?product=air-blade-125cc\" \/>\n<meta property=\"og:image\" content=\"https:\/\/duyhungmotor.com\/wp-content\/uploads\/2020\/11\/airblade125cc-CBS-xanhdenxam-bantieuchuan.png\" \/>\n\t<meta property=\"og:image:width\" content=\"550\" \/>\n\t<meta property=\"og:image:height\" content=\"400\" \/>\n\t<meta property=\"og:image:type\" content=\"image\/png\" \/>\n<meta name=\"twitter:card\" content=\"summary_large_image\" \/>\n<meta name=\"twitter:label1\" content=\"\u01af\u1edbc t\u00ednh th\u1eddi gian \u0111\u1ecdc\" \/>\n\t<meta name=\"twitter:data1\" content=\"5 ph\u00fat\" \/>\n<script type=\"application\/ld+json\" class=\"yoast-schema-graph\">{\"@context\":\"https:\/\/schema.org\",\"@graph\":[{\"@type\":\"WebPage\",\"@id\":\"https:\/\/duyhungmotor.com\/?product=air-blade-125cc\",\"url\":\"https:\/\/duyhungmotor.com\/?product=air-blade-125cc\",\"name\":\"Air Blade 125cc -\",\"isPartOf\":{\"@id\":\"https:\/\/duyhungmotor.com\/#website\"},\"datePublished\":\"2020-11-17T01:40:41+00:00\",\"dateModified\":\"2020-11-17T01:40:41+00:00\",\"breadcrumb\":{\"@id\":\"https:\/\/duyhungmotor.com\/?product=air-blade-125cc#breadcrumb\"},\"inLanguage\":\"vi\",\"potentialAction\":[{\"@type\":\"ReadAction\",\"target\":[\"https:\/\/duyhungmotor.com\/?product=air-blade-125cc\"]}]},{\"@type\":\"BreadcrumbList\",\"@id\":\"https:\/\/duyhungmotor.com\/?product=air-blade-125cc#breadcrumb\",\"itemListElement\":[{\"@type\":\"ListItem\",\"position\":1,\"name\":\"Trang ch\u1ee7\",\"item\":\"https:\/\/duyhungmotor.com\/\"},{\"@type\":\"ListItem\",\"position\":2,\"name\":\"Air Blade 125cc\"}]},{\"@type\":\"WebSite\",\"@id\":\"https:\/\/duyhungmotor.com\/#website\",\"url\":\"https:\/\/duyhungmotor.com\/\",\"name\":\"\",\"description\":\"\u0110\u1ea1i l\u00fd Xe M\u00e1y - Xe \u0110i\u1ec7n\",\"potentialAction\":[{\"@type\":\"SearchAction\",\"target\":{\"@type\":\"EntryPoint\",\"urlTemplate\":\"https:\/\/duyhungmotor.com\/?s={search_term_string}\"},\"query-input\":\"required name=search_term_string\"}],\"inLanguage\":\"vi\"}]}<\/script>\n<!-- \/ Yoast SEO plugin. -->","yoast_head_json":{"title":"Air Blade 125cc -","robots":{"index":"index","follow":"follow","max-snippet":"max-snippet:-1","max-image-preview":"max-image-preview:large","max-video-preview":"max-video-preview:-1"},"canonical":"https:\/\/duyhungmotor.com\/?product=air-blade-125cc","og_locale":"vi_VN","og_type":"article","og_title":"Air Blade 125cc -","og_description":"X\u1ee9ng danh m\u1ed9t m\u1eabu xe tay ga nam t\u00ednh n\u1ed5i b\u1eadt v\u1edbi uy l\u1ef1c b\u1ee9t ph\u00e1 trau chu\u1ed1t \u0111\u1ebfn t\u1eebng chi ti\u1ebft, t\u1ea1o ra \u1ea5n t\u01b0\u1ee3ng kh\u00e1c bi\u1ec7t v\u00e0 \u0111\u00e1ng nh\u1edb  Ngo\u00e0i \u0111\u1ed9ng c\u01a1 125 ph\u00e2n kh\u1ed1i , Air Blade m\u1edbi \u0111\u01b0\u1ee3c trang b\u1ecb th\u00eam \u0111\u1ed9ng c\u01a1 150 ph\u00e2n kh\u1ed1i m\u1ea1nh m\u1ebd v\u1edbi kh\u1ea3 n\u0103ng t\u0103ng t\u1ed1c v\u01b0\u1ee3t tr\u1ed9i, t\u0103ng th\u00eam c\u1ea3m gi\u00e1c ph\u1ea5n kh\u00edch \u0111\u1ec3 c\u00f9ng b\u1ea1n kh\u00e1m ph\u00e1 m\u1ecdi n\u1ebbo \u0111\u01b0\u1eddng  H\u01a1n c\u1ea3 m\u1ed9t chi\u1ebfc xe, Air Blade m\u1edbi ch\u00ednh l\u00e0 tr\u1ee3 th\u1ee7 \u0111\u1eafc l\u1ef1c v\u00e0 \u0111\u00e1ng tin c\u1eady c\u1ee7a b\u1ea1n tr\u00ean m\u1ed7i h\u00e0nh tr\u00ecnh nh\u1edd trang b\u1ecb nh\u1eefng ti\u1ec7n \u00edch cao c\u1ea5p v\u00e0 \u01b0u vi\u1ec7t.","og_url":"https:\/\/duyhungmotor.com\/?product=air-blade-125cc","og_image":[{"width":550,"height":400,"url":"https:\/\/duyhungmotor.com\/wp-content\/uploads\/2020\/11\/airblade125cc-CBS-xanhdenxam-bantieuchuan.png","type":"image\/png"}],"twitter_card":"summary_large_image","twitter_misc":{"\u01af\u1edbc t\u00ednh th\u1eddi gian \u0111\u1ecdc":"5 ph\u00fat"},"schema":{"@context":"https:\/\/schema.org","@graph":[{"@type":"WebPage","@id":"https:\/\/duyhungmotor.com\/?product=air-blade-125cc","url":"https:\/\/duyhungmotor.com\/?product=air-blade-125cc","name":"Air Blade 125cc -","isPartOf":{"@id":"https:\/\/duyhungmotor.com\/#website"},"datePublished":"2020-11-17T01:40:41+00:00","dateModified":"2020-11-17T01:40:41+00:00","breadcrumb":{"@id":"https:\/\/duyhungmotor.com\/?product=air-blade-125cc#breadcrumb"},"inLanguage":"vi","potentialAction":[{"@type":"ReadAction","target":["https:\/\/duyhungmotor.com\/?product=air-blade-125cc"]}]},{"@type":"BreadcrumbList","@id":"https:\/\/duyhungmotor.com\/?product=air-blade-125cc#breadcrumb","itemListElement":[{"@type":"ListItem","position":1,"name":"Trang ch\u1ee7","item":"https:\/\/duyhungmotor.com\/"},{"@type":"ListItem","position":2,"name":"Air Blade 125cc"}]},{"@type":"WebSite","@id":"https:\/\/duyhungmotor.com\/#website","url":"https:\/\/duyhungmotor.com\/","name":"","description":"\u0110\u1ea1i l\u00fd Xe M\u00e1y - Xe \u0110i\u1ec7n","potentialAction":[{"@type":"SearchAction","target":{"@type":"EntryPoint","urlTemplate":"https:\/\/duyhungmotor.com\/?s={search_term_string}"},"query-input":"required name=search_term_string"}],"inLanguage":"vi"}]}},"_links":{"self":[{"href":"https:\/\/duyhungmotor.com\/index.php?rest_route=\/wp\/v2\/product\/546","targetHints":{"allow":["GET"]}}],"collection":[{"href":"https:\/\/duyhungmotor.com\/index.php?rest_route=\/wp\/v2\/product"}],"about":[{"href":"https:\/\/duyhungmotor.com\/index.php?rest_route=\/wp\/v2\/types\/product"}],"wp:featuredmedia":[{"embeddable":true,"href":"https:\/\/duyhungmotor.com\/index.php?rest_route=\/wp\/v2\/media\/551"}],"wp:attachment":[{"href":"https:\/\/duyhungmotor.com\/index.php?rest_route=%2Fwp%2Fv2%2Fmedia&parent=546"}],"curies":[{"name":"wp","href":"https:\/\/api.w.org\/{rel}","templated":true}]}}