{"id":494,"date":"2020-11-11T15:23:15","date_gmt":"2020-11-11T08:23:15","guid":{"rendered":"http:\/\/duyhungmotor.com\/?post_type=product&#038;p=494"},"modified":"2020-11-27T00:23:27","modified_gmt":"2020-11-26T17:23:27","slug":"anbico-zoomerx","status":"publish","type":"product","link":"https:\/\/duyhungmotor.com\/?product=anbico-zoomerx","title":{"rendered":"ANBICO ZOOMERX"},"content":{"rendered":"<h2><strong>Thi\u1ebft k\u1ebf \u1ea5n t\u01b0\u1ee3ng<\/strong><\/h2>\n<ul>\n<li>Nh\u1ecf g\u1ecdn nh\u01b0ng m\u1ea1nh m\u1ebd, ti\u1ec7n d\u1ee5ng nh\u01b0ng kh\u00f4ng k\u00e9m ph\u1ea7n s\u00e0nh \u0111i\u1ec7u. ZoomerX nh\u1ecf nh\u1eafn, th\u1eddi trang v\u1edbi c\u00e1ch ph\u1ed1i m\u00e0u tinh t\u1ebf gi\u00fap b\u1ea1n kh\u00f4ng b\u1ecb l\u1eabn gi\u1eefa \u0111\u00e1m \u0111\u00f4ng.<\/li>\n<li>Y\u1ebfm tr\u01b0\u1edbc c\u00e1 t\u00ednh v\u1edbi nh\u1eefng g\u00f3c c\u1ea1nh v\u00e0 \u0111\u01b0\u1eddng g\u1ea5p kh\u00fac ch\u1ea1y d\u1ecdc t\u1eeb ph\u1ea7n tr\u00ean b\u1ea3ng \u0111\u1ed3ng h\u1ed3 xu\u1ed1ng \u00f4m tr\u1ecdn s\u00e0n \u0111\u1ec3 ch\u00e2n.<\/li>\n<\/ul>\n<p><img loading=\"lazy\" decoding=\"async\" class=\"alignnone wp-image-8209 size-full lazy-load-active\" src=\"https:\/\/anbico.vn\/wp-content\/uploads\/2019\/03\/1-copy.jpg\" sizes=\"auto, (max-width: 900px) 100vw, 900px\" srcset=\"https:\/\/anbico.vn\/wp-content\/uploads\/2019\/03\/1-copy.jpg 900w, https:\/\/anbico.vn\/wp-content\/uploads\/2019\/03\/1-copy-420x280.jpg 420w, https:\/\/anbico.vn\/wp-content\/uploads\/2019\/03\/1-copy-300x200.jpg 300w, https:\/\/anbico.vn\/wp-content\/uploads\/2019\/03\/1-copy-768x512.jpg 768w, https:\/\/anbico.vn\/wp-content\/uploads\/2019\/03\/1-copy-800x533.jpg 800w\" alt=\"\" width=\"900\" height=\"600\" data-src=\"https:\/\/anbico.vn\/wp-content\/uploads\/2019\/03\/1-copy.jpg\" data-srcset=\"https:\/\/anbico.vn\/wp-content\/uploads\/2019\/03\/1-copy.jpg 900w, https:\/\/anbico.vn\/wp-content\/uploads\/2019\/03\/1-copy-420x280.jpg 420w, https:\/\/anbico.vn\/wp-content\/uploads\/2019\/03\/1-copy-300x200.jpg 300w, https:\/\/anbico.vn\/wp-content\/uploads\/2019\/03\/1-copy-768x512.jpg 768w, https:\/\/anbico.vn\/wp-content\/uploads\/2019\/03\/1-copy-800x533.jpg 800w\" \/><\/p>\n<ul>\n<li>Xe \u0111\u01b0\u1ee3c trang b\u1ecb \u0111\u00e8n pha si\u00eau s\u00e1ng v\u00e0 h\u1ec7 th\u1ed1ng xi nhan \u0111\u01b0\u1ee3c thi\u1ebft k\u1ebf vu\u00f4ng t\u1ea1o th\u00eam v\u1ebb c\u00e1 t\u00ednh v\u00e0 m\u1ea1nh m\u1ebd.<\/li>\n<li>ZoomerX c\u00f3 \u0111\u1ed3ng h\u1ed3 \u0111i\u1ec7n t\u1eed v\u1edbi m\u00e0n h\u00ecnh l\u1edbn c\u00e1ch \u0111i\u1ec7u t\u1eeb ch\u1eef X hi\u1ec3n th\u1ecb \u0111\u1ea7y \u0111\u1ee7 c\u00e1c th\u00f4ng s\u1ed1 nh\u01b0 t\u1ed1c \u0111\u1ed9, s\u1ed1 km \u0111\u00e3 \u0111i, l\u01b0\u1ee3ng Pin c\u00f2n l\u1ea1i.<\/li>\n<li>Tem xe \u1ea5n t\u01b0\u1ee3ng v\u1edbi nh\u1eefng m\u1ea3ng m\u00e0u t\u01b0\u01a1ng ph\u1ea3n.<\/li>\n<\/ul>\n<h2><strong>T\u00ednh n\u0103ng v\u01b0\u1ee3t tr\u1ed9i<\/strong><\/h2>\n<ul>\n<li>ZoomerX \u0111\u01b0\u1ee3c trang b\u1ecb \u0111\u1ed9ng c\u01a1 1.000W v\u00e0 ch\u1ed1ng n\u01b0\u1edbc m\u1ea1nh m\u1ebd, v\u1edbi \u1eafc quy 5 b\u00ecnh 60V-20Ah, \u0111i v\u1edbi v\u1eadn t\u1ed1c kho\u1ea3ng 40 \u2013 50km\/h v\u00e0 c\u00f3 th\u1ec3 \u0111i v\u1edbi qu\u00e3ng \u0111\u01b0\u1eddng l\u00ean t\u1edbi 80km cho m\u1ed9t l\u1ea7n s\u1ea1c \u0111i\u1ec7n.<\/li>\n<li>ZoomerX trang b\u1ecb gi\u1ea3m s\u00f3c tr\u01b0\u1edbc v\u00e0 sau \u0111\u1ea3m b\u1ea3o \u00eam \u00e1i tr\u00ean m\u1ecdi n\u1ebbo \u0111\u01b0\u1eddng, c\u00f9ng v\u1edbi \u0111\u00f3 l\u00e0 h\u1ec7 th\u1ed1ng phanh \u0111\u0129a cho ph\u00e9p xe \u0111\u01b0\u1ee3c \u0111i v\u1edbi \u0111\u1ed9 an to\u00e0n c\u1ef1c cao 2 b\u00e1nh l\u1edbn gi\u00fap di chuy\u1ec3n b\u00e1m \u0111\u01b0\u1eddng h\u01a1n, an to\u00e0n h\u01a1n cho ng\u01b0\u1eddi s\u1eed d\u1ee5ng.<\/li>\n<li>C\u00f4ng ngh\u1ec7 l\u1ed1p xe kh\u00f4ng s\u0103m, an to\u00e0n, n\u1ebfu b\u1ecb d\u00ednh \u0111inh c\u00e1c b\u1ea1n v\u1eabn c\u00f3 th\u1ec3 \u0111i \u0111\u01b0\u1ee3c 20-30 km t\u1edbi c\u1eeda h\u00e0ng\u00a0s\u1eeda xe m\u00e0 v\u1eabn \u0111\u1ea3m b\u1ea3o an to\u00e0n cho l\u1ed1p xe c\u1ee7a b\u1ea1n.<\/li>\n<\/ul>\n<h2><strong>TH\u00d4NG S\u1ed0 K\u1ef8 THU\u1eacT CHI TI\u1ebeT<\/strong><\/h2>\n<div class=\"product-table\">\n<table>\n<tbody>\n<tr>\n<td colspan=\"2\" width=\"571\"><strong>C\u1ea2 XE <\/strong><\/td>\n<\/tr>\n<tr>\n<td width=\"284\">Tr\u1ecdng l\u01b0\u1ee3ng b\u1ea3n th\u00e2n<\/td>\n<td width=\"287\">+\/- 95 kg<\/td>\n<\/tr>\n<tr>\n<td width=\"284\">K\u00edch th\u01b0\u1edbc d\u00e0i x r\u1ed9ng x cao<\/td>\n<td width=\"287\">1630mm x 730mm x1010mm<\/td>\n<\/tr>\n<tr>\n<td width=\"284\">\u0110\u1ed9 cao y\u00ean<\/td>\n<td width=\"287\">730 mm<\/td>\n<\/tr>\n<tr>\n<td width=\"284\">T\u1ed1c \u0111\u1ed9 t\u1ed1i \u0111a<\/td>\n<td width=\"287\">45 \u2013 50 km\/h<\/td>\n<\/tr>\n<tr>\n<td width=\"284\">Qu\u00e3ng \u0111\u01b0\u1eddng \u0111i v\u1edbi 1 l\u1ea7n s\u1ea1c<\/td>\n<td width=\"287\">60 \u2013 80 km (tr\u1ea1ng th\u00e1i b\u00ecnh th\u01b0\u1eddng)<\/td>\n<\/tr>\n<tr>\n<td width=\"284\">Kho\u1ea3ng c\u00e1ch tr\u1ee5c b\u00e1nh<\/td>\n<td width=\"287\">1140 mm<\/td>\n<\/tr>\n<tr>\n<td width=\"284\">Kho\u1ea3ng c\u00e1ch g\u1ea7m xe<\/td>\n<td width=\"287\">135 mm<\/td>\n<\/tr>\n<tr>\n<td colspan=\"2\" width=\"571\"><strong>\u0110\u1ed8NG C\u01a0<\/strong><\/td>\n<\/tr>\n<tr>\n<td width=\"284\">C\u00f4ng su\u1ea5t l\u1edbn nh\u1ea5t<\/td>\n<td width=\"287\">1.000 W<\/td>\n<\/tr>\n<tr>\n<td width=\"284\">T\u1ed1c \u0111\u1ed9 v\u00f2ng quay \u0111\u1ecbnh m\u1ee9c<\/td>\n<td width=\"287\">493 r\/min<\/td>\n<\/tr>\n<tr>\n<td width=\"284\">\u0110i\u1ec7n \u00e1p ho\u1ea1t \u0111\u1ed9ng<\/td>\n<td width=\"287\">60V<\/td>\n<\/tr>\n<tr>\n<td width=\"284\">M\u00f4 men quay d\u1eabn ra \u0111\u1ecbnh m\u1ee9c<\/td>\n<td width=\"287\">15.5 Nm<\/td>\n<\/tr>\n<tr>\n<td width=\"284\">L\u01b0\u1ee3ng \u0111i\u1ec7n ti\u00eau hao cho 100km<\/td>\n<td width=\"287\">\u22641,2 kw<\/td>\n<\/tr>\n<tr>\n<td width=\"284\">Hi\u1ec7u su\u1ea5t<\/td>\n<td width=\"287\">&gt;80%<\/td>\n<\/tr>\n<tr>\n<td colspan=\"2\" width=\"571\"><strong>\u1eaeC QUY<\/strong><\/td>\n<\/tr>\n<tr>\n<td width=\"284\">\u0110i\u1ec7n \u00e1p<\/td>\n<td width=\"287\">60V<\/td>\n<\/tr>\n<tr>\n<td width=\"284\">Dung l\u01b0\u1ee3ng<\/td>\n<td width=\"287\">20Ah<\/td>\n<\/tr>\n<tr>\n<td width=\"284\">L\u01b0\u1ee3ng \u0111i\u1ec7n ti\u00eau hao t\u1ed1i \u0111a cho 01 l\u1ea7n s\u1ea1c<\/td>\n<td width=\"287\">\u2264 0.5 kw<\/td>\n<\/tr>\n<tr>\n<td width=\"284\">B\u1ed9 \u0111i\u1ec1u khi\u1ec3n b\u1ea3o v\u1ec7 s\u1ee5t \u00e1p \u1eafc quy<\/td>\n<td width=\"287\">42.5V\u00b10.5V<\/td>\n<\/tr>\n<tr>\n<td colspan=\"2\" width=\"571\"><strong>B\u1ed8 \u0110I\u1ec0U KHI\u1ec2N<\/strong><\/td>\n<\/tr>\n<tr>\n<td width=\"284\">\u0110i\u1ec7n \u00e1p<\/td>\n<td width=\"287\">60V<\/td>\n<\/tr>\n<tr>\n<td width=\"284\">B\u1ea3o v\u1ec7 \u0111i\u1ec7n \u00e1p th\u1ea5p<\/td>\n<td width=\"287\">42 \u00b1 0.5V<\/td>\n<\/tr>\n<tr>\n<td width=\"284\">B\u1ea3o v\u1ec7 qu\u00e1 d\u00f2ng<\/td>\n<td width=\"287\">22 \u00b1 0.1A<\/td>\n<\/tr>\n<\/tbody>\n<\/table>\n<\/div>\n","protected":false},"excerpt":{"rendered":"<ul>\n<li>B\u1ea3o h\u00e0nh \u0111\u1ed9ng c\u01a1 \u0111i\u1ec7n: 1 n\u0103m.<\/li>\n<li>B\u1ea3o h\u00e0nh b\u1ed9 \u0111i\u1ec1u khi\u1ec3n: 1 n\u0103m.<\/li>\n<li>B\u1ea3o h\u00e0nh \u1eafc quy: thay th\u1ebf trong v\u00f2ng 6 th\u00e1ng \u2013 s\u1eeda ch\u1eefa trong v\u00f2ng 1 n\u0103m.<\/li>\n<li>B\u1ea3o h\u00e0nh gi\u1ea3m s\u00f3c: gi\u1ea3m s\u00f3c tr\u01b0\u1edbc 6 th\u00e1ng \u2013 gi\u1ea3m s\u00f3c sau 2 n\u0103m<\/li>\n<li>B\u1ea3o h\u00e0nh khung xe, tay l\u00e1i: trong v\u00f2ng 1 n\u0103m<\/li>\n<\/ul>\n<h4><span style=\"color: #ff0000;\"><strong>Khuy\u1ebfn m\u1ea1i:<\/strong><\/span><\/h4>\n<ul>\n<li>Giao h\u00e0ng mi\u1ec5n ph\u00ed trong 30km.<\/li>\n<li>M\u0169 b\u1ea3o hi\u1ec3m \u0111\u1ea1t chu\u1ea9n.<\/li>\n<li>\u00c1o m\u01b0a \u0111\u1ea1t chu\u1ea9n.<\/li>\n<li>Gi\u1ecf xe.<\/li>\n<\/ul>\n","protected":false},"featured_media":495,"template":"","meta":[],"class_list":{"0":"post-494","1":"product","2":"type-product","3":"status-publish","4":"has-post-thumbnail","6":"product_cat-anbico","8":"first","9":"instock","10":"featured","11":"shipping-taxable","12":"product-type-simple"},"yoast_head":"<!-- This site is optimized with the Yoast SEO plugin v19.10 - https:\/\/yoast.com\/wordpress\/plugins\/seo\/ -->\n<title>ANBICO ZOOMERX -<\/title>\n<meta name=\"robots\" content=\"index, follow, max-snippet:-1, max-image-preview:large, max-video-preview:-1\" \/>\n<link rel=\"canonical\" href=\"https:\/\/duyhungmotor.com\/?product=anbico-zoomerx\" \/>\n<meta property=\"og:locale\" content=\"vi_VN\" \/>\n<meta property=\"og:type\" content=\"article\" \/>\n<meta property=\"og:title\" content=\"ANBICO ZOOMERX -\" \/>\n<meta property=\"og:description\" content=\"B\u1ea3o h\u00e0nh \u0111\u1ed9ng c\u01a1 \u0111i\u1ec7n: 1 n\u0103m.  B\u1ea3o h\u00e0nh b\u1ed9 \u0111i\u1ec1u khi\u1ec3n: 1 n\u0103m.  B\u1ea3o h\u00e0nh \u1eafc quy: thay th\u1ebf trong v\u00f2ng 6 th\u00e1ng \u2013 s\u1eeda ch\u1eefa trong v\u00f2ng 1 n\u0103m.  B\u1ea3o h\u00e0nh gi\u1ea3m s\u00f3c: gi\u1ea3m s\u00f3c tr\u01b0\u1edbc 6 th\u00e1ng \u2013 gi\u1ea3m s\u00f3c sau 2 n\u0103m  B\u1ea3o h\u00e0nh khung xe, tay l\u00e1i: trong v\u00f2ng 1 n\u0103m  Khuy\u1ebfn m\u1ea1i:   Giao h\u00e0ng mi\u1ec5n ph\u00ed trong 30km.  M\u0169 b\u1ea3o hi\u1ec3m \u0111\u1ea1t chu\u1ea9n.  \u00c1o m\u01b0a \u0111\u1ea1t chu\u1ea9n.  Gi\u1ecf xe.\" \/>\n<meta property=\"og:url\" content=\"https:\/\/duyhungmotor.com\/?product=anbico-zoomerx\" \/>\n<meta property=\"article:modified_time\" content=\"2020-11-26T17:23:27+00:00\" \/>\n<meta property=\"og:image\" content=\"https:\/\/duyhungmotor.com\/wp-content\/uploads\/2020\/11\/zoomer-X.jpg\" \/>\n\t<meta property=\"og:image:width\" content=\"906\" \/>\n\t<meta property=\"og:image:height\" content=\"605\" \/>\n\t<meta property=\"og:image:type\" content=\"image\/jpeg\" \/>\n<meta name=\"twitter:card\" content=\"summary_large_image\" \/>\n<meta name=\"twitter:label1\" content=\"\u01af\u1edbc t\u00ednh th\u1eddi gian \u0111\u1ecdc\" \/>\n\t<meta name=\"twitter:data1\" content=\"3 ph\u00fat\" \/>\n<script type=\"application\/ld+json\" class=\"yoast-schema-graph\">{\"@context\":\"https:\/\/schema.org\",\"@graph\":[{\"@type\":\"WebPage\",\"@id\":\"https:\/\/duyhungmotor.com\/?product=anbico-zoomerx\",\"url\":\"https:\/\/duyhungmotor.com\/?product=anbico-zoomerx\",\"name\":\"ANBICO ZOOMERX -\",\"isPartOf\":{\"@id\":\"https:\/\/duyhungmotor.com\/#website\"},\"datePublished\":\"2020-11-11T08:23:15+00:00\",\"dateModified\":\"2020-11-26T17:23:27+00:00\",\"breadcrumb\":{\"@id\":\"https:\/\/duyhungmotor.com\/?product=anbico-zoomerx#breadcrumb\"},\"inLanguage\":\"vi\",\"potentialAction\":[{\"@type\":\"ReadAction\",\"target\":[\"https:\/\/duyhungmotor.com\/?product=anbico-zoomerx\"]}]},{\"@type\":\"BreadcrumbList\",\"@id\":\"https:\/\/duyhungmotor.com\/?product=anbico-zoomerx#breadcrumb\",\"itemListElement\":[{\"@type\":\"ListItem\",\"position\":1,\"name\":\"Trang ch\u1ee7\",\"item\":\"https:\/\/duyhungmotor.com\/\"},{\"@type\":\"ListItem\",\"position\":2,\"name\":\"ANBICO ZOOMERX\"}]},{\"@type\":\"WebSite\",\"@id\":\"https:\/\/duyhungmotor.com\/#website\",\"url\":\"https:\/\/duyhungmotor.com\/\",\"name\":\"\",\"description\":\"\u0110\u1ea1i l\u00fd Xe M\u00e1y - Xe \u0110i\u1ec7n\",\"potentialAction\":[{\"@type\":\"SearchAction\",\"target\":{\"@type\":\"EntryPoint\",\"urlTemplate\":\"https:\/\/duyhungmotor.com\/?s={search_term_string}\"},\"query-input\":\"required name=search_term_string\"}],\"inLanguage\":\"vi\"}]}<\/script>\n<!-- \/ Yoast SEO plugin. -->","yoast_head_json":{"title":"ANBICO ZOOMERX -","robots":{"index":"index","follow":"follow","max-snippet":"max-snippet:-1","max-image-preview":"max-image-preview:large","max-video-preview":"max-video-preview:-1"},"canonical":"https:\/\/duyhungmotor.com\/?product=anbico-zoomerx","og_locale":"vi_VN","og_type":"article","og_title":"ANBICO ZOOMERX -","og_description":"B\u1ea3o h\u00e0nh \u0111\u1ed9ng c\u01a1 \u0111i\u1ec7n: 1 n\u0103m.  B\u1ea3o h\u00e0nh b\u1ed9 \u0111i\u1ec1u khi\u1ec3n: 1 n\u0103m.  B\u1ea3o h\u00e0nh \u1eafc quy: thay th\u1ebf trong v\u00f2ng 6 th\u00e1ng \u2013 s\u1eeda ch\u1eefa trong v\u00f2ng 1 n\u0103m.  B\u1ea3o h\u00e0nh gi\u1ea3m s\u00f3c: gi\u1ea3m s\u00f3c tr\u01b0\u1edbc 6 th\u00e1ng \u2013 gi\u1ea3m s\u00f3c sau 2 n\u0103m  B\u1ea3o h\u00e0nh khung xe, tay l\u00e1i: trong v\u00f2ng 1 n\u0103m  Khuy\u1ebfn m\u1ea1i:   Giao h\u00e0ng mi\u1ec5n ph\u00ed trong 30km.  M\u0169 b\u1ea3o hi\u1ec3m \u0111\u1ea1t chu\u1ea9n.  \u00c1o m\u01b0a \u0111\u1ea1t chu\u1ea9n.  Gi\u1ecf xe.","og_url":"https:\/\/duyhungmotor.com\/?product=anbico-zoomerx","article_modified_time":"2020-11-26T17:23:27+00:00","og_image":[{"width":906,"height":605,"url":"https:\/\/duyhungmotor.com\/wp-content\/uploads\/2020\/11\/zoomer-X.jpg","type":"image\/jpeg"}],"twitter_card":"summary_large_image","twitter_misc":{"\u01af\u1edbc t\u00ednh th\u1eddi gian \u0111\u1ecdc":"3 ph\u00fat"},"schema":{"@context":"https:\/\/schema.org","@graph":[{"@type":"WebPage","@id":"https:\/\/duyhungmotor.com\/?product=anbico-zoomerx","url":"https:\/\/duyhungmotor.com\/?product=anbico-zoomerx","name":"ANBICO ZOOMERX -","isPartOf":{"@id":"https:\/\/duyhungmotor.com\/#website"},"datePublished":"2020-11-11T08:23:15+00:00","dateModified":"2020-11-26T17:23:27+00:00","breadcrumb":{"@id":"https:\/\/duyhungmotor.com\/?product=anbico-zoomerx#breadcrumb"},"inLanguage":"vi","potentialAction":[{"@type":"ReadAction","target":["https:\/\/duyhungmotor.com\/?product=anbico-zoomerx"]}]},{"@type":"BreadcrumbList","@id":"https:\/\/duyhungmotor.com\/?product=anbico-zoomerx#breadcrumb","itemListElement":[{"@type":"ListItem","position":1,"name":"Trang ch\u1ee7","item":"https:\/\/duyhungmotor.com\/"},{"@type":"ListItem","position":2,"name":"ANBICO ZOOMERX"}]},{"@type":"WebSite","@id":"https:\/\/duyhungmotor.com\/#website","url":"https:\/\/duyhungmotor.com\/","name":"","description":"\u0110\u1ea1i l\u00fd Xe M\u00e1y - Xe \u0110i\u1ec7n","potentialAction":[{"@type":"SearchAction","target":{"@type":"EntryPoint","urlTemplate":"https:\/\/duyhungmotor.com\/?s={search_term_string}"},"query-input":"required name=search_term_string"}],"inLanguage":"vi"}]}},"_links":{"self":[{"href":"https:\/\/duyhungmotor.com\/index.php?rest_route=\/wp\/v2\/product\/494","targetHints":{"allow":["GET"]}}],"collection":[{"href":"https:\/\/duyhungmotor.com\/index.php?rest_route=\/wp\/v2\/product"}],"about":[{"href":"https:\/\/duyhungmotor.com\/index.php?rest_route=\/wp\/v2\/types\/product"}],"wp:featuredmedia":[{"embeddable":true,"href":"https:\/\/duyhungmotor.com\/index.php?rest_route=\/wp\/v2\/media\/495"}],"wp:attachment":[{"href":"https:\/\/duyhungmotor.com\/index.php?rest_route=%2Fwp%2Fv2%2Fmedia&parent=494"}],"curies":[{"name":"wp","href":"https:\/\/api.w.org\/{rel}","templated":true}]}}