{"id":489,"date":"2020-11-11T15:20:34","date_gmt":"2020-11-11T08:20:34","guid":{"rendered":"http:\/\/duyhungmotor.com\/?post_type=product&#038;p=489"},"modified":"2020-11-27T00:27:19","modified_gmt":"2020-11-26T17:27:19","slug":"anbico-xmans","status":"publish","type":"product","link":"https:\/\/duyhungmotor.com\/?product=anbico-xmans","title":{"rendered":"ANBICO XMANS"},"content":{"rendered":"<h2><strong>Thi\u1ebft k\u1ebf \u0111\u1eb7c bi\u1ec7t<\/strong><\/h2>\n<p><img loading=\"lazy\" decoding=\"async\" class=\"aligncenter wp-image-7791 size-large lazy-load-active\" src=\"https:\/\/anbico.vn\/wp-content\/uploads\/2019\/03\/f82d564dd6c12f9f76d0-1024x683.jpg\" sizes=\"auto, (max-width: 1020px) 100vw, 1020px\" srcset=\"https:\/\/anbico.vn\/wp-content\/uploads\/2019\/03\/f82d564dd6c12f9f76d0-1024x683.jpg 1024w, https:\/\/anbico.vn\/wp-content\/uploads\/2019\/03\/f82d564dd6c12f9f76d0-420x280.jpg 420w, https:\/\/anbico.vn\/wp-content\/uploads\/2019\/03\/f82d564dd6c12f9f76d0-300x200.jpg 300w, https:\/\/anbico.vn\/wp-content\/uploads\/2019\/03\/f82d564dd6c12f9f76d0-768x512.jpg 768w, https:\/\/anbico.vn\/wp-content\/uploads\/2019\/03\/f82d564dd6c12f9f76d0-800x533.jpg 800w, https:\/\/anbico.vn\/wp-content\/uploads\/2019\/03\/f82d564dd6c12f9f76d0.jpg 1530w\" alt=\"\" width=\"1020\" height=\"680\" data-src=\"https:\/\/anbico.vn\/wp-content\/uploads\/2019\/03\/f82d564dd6c12f9f76d0-1024x683.jpg\" data-srcset=\"https:\/\/anbico.vn\/wp-content\/uploads\/2019\/03\/f82d564dd6c12f9f76d0-1024x683.jpg 1024w, https:\/\/anbico.vn\/wp-content\/uploads\/2019\/03\/f82d564dd6c12f9f76d0-420x280.jpg 420w, https:\/\/anbico.vn\/wp-content\/uploads\/2019\/03\/f82d564dd6c12f9f76d0-300x200.jpg 300w, https:\/\/anbico.vn\/wp-content\/uploads\/2019\/03\/f82d564dd6c12f9f76d0-768x512.jpg 768w, https:\/\/anbico.vn\/wp-content\/uploads\/2019\/03\/f82d564dd6c12f9f76d0-800x533.jpg 800w, https:\/\/anbico.vn\/wp-content\/uploads\/2019\/03\/f82d564dd6c12f9f76d0.jpg 1530w\" \/><\/p>\n<ul>\n<li>Anbico XmanS l\u00e0 s\u1ef1 k\u1ebft h\u1ee3p ho\u00e0n h\u1ea3o gi\u1eefa Xmen v\u00e0 Jeek t\u1ea1o n\u00ean m\u1ed9t tr\u1ea3i nghi\u1ec7m ho\u00e0n to\u00e0n m\u1edbi.<\/li>\n<li>V\u1edbi ph\u1ea7n \u0111\u1ea7u \u0111\u1ed3 s\u1ed9, c\u1ef1c ch\u1ea5t \u0111\u01b0\u1ee3c t\u00edch h\u1ee3p nhi\u1ec1u t\u00ednh n\u0103ng th\u00f4ng minh c\u1ee7a Jeek v\u00e0 ph\u1ea7n th\u00e2n nh\u1ecf g\u1ecdn, \u0111\u01a1n gi\u1ea3n t\u1eeb Xmen.<\/li>\n<li>H\u1ec7 th\u1ed1ng \u0111\u00e8n cree Led si\u00eau s\u00e1ng gi\u00fap an to\u00e0n \u0111i ban \u0111\u00eam<\/li>\n<li>Gi\u1ea3m s\u00f3c th\u1ee7y l\u1ef1c \u0111\u1ea7u ti\u00ean t\u1ea1i vi\u1ec7t Nam<\/li>\n<li>C\u00f3 th\u1ec3 n\u00f3i \u0111\u00e2y l\u00e0 m\u1ed9t phi\u00ean b\u1ea3n th\u1eeba k\u1ebf nh\u1eefng \u0111i\u1ec3m \u01b0u tr\u1ed9i c\u1ee7a hai d\u00f2ng xe huy\u1ec1n tho\u1ea1i, t\u1ea1o n\u00ean \u201cth\u1ea7n th\u00e1i \u0111\u1ec9nh cao\u201d cho ng\u01b0\u1eddi d\u00f9ng.<\/li>\n<\/ul>\n<h2><strong>T\u00ednh n\u0103ng hi\u1ec7n \u0111\u1ea1i<\/strong><\/h2>\n<p><img loading=\"lazy\" decoding=\"async\" class=\"aligncenter wp-image-7792 size-large lazy-load-active\" src=\"https:\/\/anbico.vn\/wp-content\/uploads\/2019\/03\/fcbd4addca51330f6a40-1024x683.jpg\" sizes=\"auto, (max-width: 1020px) 100vw, 1020px\" srcset=\"https:\/\/anbico.vn\/wp-content\/uploads\/2019\/03\/fcbd4addca51330f6a40-1024x683.jpg 1024w, https:\/\/anbico.vn\/wp-content\/uploads\/2019\/03\/fcbd4addca51330f6a40-420x280.jpg 420w, https:\/\/anbico.vn\/wp-content\/uploads\/2019\/03\/fcbd4addca51330f6a40-300x200.jpg 300w, https:\/\/anbico.vn\/wp-content\/uploads\/2019\/03\/fcbd4addca51330f6a40-768x512.jpg 768w, https:\/\/anbico.vn\/wp-content\/uploads\/2019\/03\/fcbd4addca51330f6a40-800x533.jpg 800w, https:\/\/anbico.vn\/wp-content\/uploads\/2019\/03\/fcbd4addca51330f6a40.jpg 1530w\" alt=\"\" width=\"1020\" height=\"680\" data-src=\"https:\/\/anbico.vn\/wp-content\/uploads\/2019\/03\/fcbd4addca51330f6a40-1024x683.jpg\" data-srcset=\"https:\/\/anbico.vn\/wp-content\/uploads\/2019\/03\/fcbd4addca51330f6a40-1024x683.jpg 1024w, https:\/\/anbico.vn\/wp-content\/uploads\/2019\/03\/fcbd4addca51330f6a40-420x280.jpg 420w, https:\/\/anbico.vn\/wp-content\/uploads\/2019\/03\/fcbd4addca51330f6a40-300x200.jpg 300w, https:\/\/anbico.vn\/wp-content\/uploads\/2019\/03\/fcbd4addca51330f6a40-768x512.jpg 768w, https:\/\/anbico.vn\/wp-content\/uploads\/2019\/03\/fcbd4addca51330f6a40-800x533.jpg 800w, https:\/\/anbico.vn\/wp-content\/uploads\/2019\/03\/fcbd4addca51330f6a40.jpg 1530w\" \/><\/p>\n<ul>\n<li>S\u1edf h\u1eefu ph\u1ea7n b\u00e1nh tr\u01b0\u1edbc v\u1edbi \u0111\u1ea7y \u0111\u1ee7 t\u00ednh n\u0103ng v\u00e0 t\u1ed1i \u01b0u v\u1ec1 c\u00f4ng ngh\u1ec7 trong gi\u1edbi xe \u0111i\u1ec7n. V\u1edbi b\u00e1nh v\u00e0nh \u0111\u00fac 12inh ch\u1eafc ch\u1eafn, c\u00f3 kh\u1ed1i l\u01b0\u1ee3ng si\u00eau nh\u1eb9, \u0111\u01b0\u1ee3c bao ph\u00f9 b\u1eb1ng m\u1ed9t l\u1edbp s\u01a1n ch\u1ed1ng r\u1ec9 s\u00e9t b\u1ec1n \u0111\u1eb9p theo th\u1eddi gian.<\/li>\n<li>Th\u1eafng \u0111\u0129a l\u1edbn \u0111\u01b0\u1ee3c \u0111\u1ed3ng b\u1ed9 v\u1edbi tay th\u1eafng gi\u00fap ng\u01b0\u1eddi s\u1eed d\u1ee5ng d\u1ec5 d\u00e0ng l\u00e0m ch\u1ee7 v\u1eadn t\u1ed1c k\u1ec3 c\u1ea3 khi \u0111ang v\u1eadn h\u00e0nh \u1edf t\u1ed1c \u0111\u1ed9 cao.<\/li>\n<\/ul>\n<p><img loading=\"lazy\" decoding=\"async\" class=\"alignnone wp-image-8208 size-full lazy-load-active\" src=\"https:\/\/anbico.vn\/wp-content\/uploads\/2019\/03\/xmans1_900x600-copy.jpg\" sizes=\"auto, (max-width: 900px) 100vw, 900px\" srcset=\"https:\/\/anbico.vn\/wp-content\/uploads\/2019\/03\/xmans1_900x600-copy.jpg 900w, https:\/\/anbico.vn\/wp-content\/uploads\/2019\/03\/xmans1_900x600-copy-420x280.jpg 420w, https:\/\/anbico.vn\/wp-content\/uploads\/2019\/03\/xmans1_900x600-copy-300x200.jpg 300w, https:\/\/anbico.vn\/wp-content\/uploads\/2019\/03\/xmans1_900x600-copy-768x512.jpg 768w, https:\/\/anbico.vn\/wp-content\/uploads\/2019\/03\/xmans1_900x600-copy-800x533.jpg 800w\" alt=\"\" width=\"900\" height=\"600\" data-src=\"https:\/\/anbico.vn\/wp-content\/uploads\/2019\/03\/xmans1_900x600-copy.jpg\" data-srcset=\"https:\/\/anbico.vn\/wp-content\/uploads\/2019\/03\/xmans1_900x600-copy.jpg 900w, https:\/\/anbico.vn\/wp-content\/uploads\/2019\/03\/xmans1_900x600-copy-420x280.jpg 420w, https:\/\/anbico.vn\/wp-content\/uploads\/2019\/03\/xmans1_900x600-copy-300x200.jpg 300w, https:\/\/anbico.vn\/wp-content\/uploads\/2019\/03\/xmans1_900x600-copy-768x512.jpg 768w, https:\/\/anbico.vn\/wp-content\/uploads\/2019\/03\/xmans1_900x600-copy-800x533.jpg 800w\" \/><\/p>\n<ul>\n<li>Bao quanh l\u00e0 l\u1ed1p cao su kh\u00f4ng ru\u1ed9t v\u1edbi m\u1eb7t ti\u1ebfp x\u00fac r\u1ed9ng, gi\u00fap t\u0103ng m\u00e0 s\u00e1t khi ti\u1ebfp x\u00fac v\u1edbi c\u00e1c b\u1ec1 m\u1eb7t kh\u00e1c nhau.<\/li>\n<li>C\u1eb7p gi\u1ea3m s\u00f3c \u0111\u01b0\u1ee3c th\u1eeba k\u1ebf c\u00e1c t\u00ednh n\u0103ng c\u1ee7a c\u00e1c d\u00f2ng xe g\u0103n m\u00e1y, gi\u00fap chi\u1ebfc xe v\u1eadn h\u00e0nh \u00eam \u00e1i qua nhi\u1ec1u d\u1ea1ng \u0111\u1ecba h\u00ecnh.<\/li>\n<\/ul>\n<div class=\"product-table\">\n<table>\n<tbody>\n<tr>\n<td colspan=\"2\" width=\"571\"><strong>C\u1ea2 XE <\/strong><\/td>\n<\/tr>\n<tr>\n<td width=\"284\">Tr\u1ecdng l\u01b0\u1ee3ng b\u1ea3n th\u00e2n<\/td>\n<td width=\"287\">+\/- 95 kg<\/td>\n<\/tr>\n<tr>\n<td width=\"284\">K\u00edch th\u01b0\u1edbc d\u00e0i x r\u1ed9ng x cao<\/td>\n<td width=\"287\">1830mm x 740mm x1050mm<\/td>\n<\/tr>\n<tr>\n<td width=\"284\">\u0110\u1ed9 cao y\u00ean<\/td>\n<td width=\"287\">720 mm<\/td>\n<\/tr>\n<tr>\n<td width=\"284\">T\u1ed1c \u0111\u1ed9 t\u1ed1i \u0111a<\/td>\n<td width=\"287\">45 \u2013 50 km\/h<\/td>\n<\/tr>\n<tr>\n<td width=\"284\">Qu\u00e3ng \u0111\u01b0\u1eddng \u0111i v\u1edbi 1 l\u1ea7n s\u1ea1c<\/td>\n<td width=\"287\">60 \u2013 80 km (tr\u1ea1ng th\u00e1i b\u00ecnh th\u01b0\u1eddng)<\/td>\n<\/tr>\n<tr>\n<td width=\"284\">Kho\u1ea3ng c\u00e1ch tr\u1ee5c b\u00e1nh<\/td>\n<td width=\"287\">1300 mm<\/td>\n<\/tr>\n<tr>\n<td width=\"284\">Kho\u1ea3ng c\u00e1ch g\u1ea7m xe<\/td>\n<td width=\"287\">130 mm<\/td>\n<\/tr>\n<tr>\n<td colspan=\"2\" width=\"571\"><strong>\u0110\u1ed8NG C\u01a0<\/strong><\/td>\n<\/tr>\n<tr>\n<td width=\"284\">C\u00f4ng su\u1ea5t l\u1edbn nh\u1ea5t<\/td>\n<td width=\"287\">1000 W<\/td>\n<\/tr>\n<tr>\n<td width=\"284\">T\u1ed1c \u0111\u1ed9 v\u00f2ng quay \u0111\u1ecbnh m\u1ee9c<\/td>\n<td width=\"287\">493 r\/min<\/td>\n<\/tr>\n<tr>\n<td width=\"284\">\u0110i\u1ec7n \u00e1p ho\u1ea1t \u0111\u1ed9ng<\/td>\n<td width=\"287\">60V<\/td>\n<\/tr>\n<tr>\n<td width=\"284\">M\u00f4 men quay d\u1eabn ra \u0111\u1ecbnh m\u1ee9c<\/td>\n<td width=\"287\">15.5 Nm<\/td>\n<\/tr>\n<tr>\n<td width=\"284\">L\u01b0\u1ee3ng \u0111i\u1ec7n ti\u00eau hao cho 100km<\/td>\n<td width=\"287\">\u22641,2 kw<\/td>\n<\/tr>\n<tr>\n<td width=\"284\">Hi\u1ec7u su\u1ea5t<\/td>\n<td width=\"287\">&gt;80%<\/td>\n<\/tr>\n<tr>\n<td colspan=\"2\" width=\"571\"><strong>\u1eaeC QUY<\/strong><\/td>\n<\/tr>\n<tr>\n<td width=\"284\">\u0110i\u1ec7n \u00e1p<\/td>\n<td width=\"287\">60V<\/td>\n<\/tr>\n<tr>\n<td width=\"284\">Dung l\u01b0\u1ee3ng<\/td>\n<td width=\"287\">20Ah<\/td>\n<\/tr>\n<tr>\n<td width=\"284\">L\u01b0\u1ee3ng \u0111i\u1ec7n ti\u00eau hao t\u1ed1i \u0111a cho 01 l\u1ea7n s\u1ea1c<\/td>\n<td width=\"287\">\u2264 0.5 kw<\/td>\n<\/tr>\n<tr>\n<td width=\"284\">B\u1ed9 \u0111i\u1ec1u khi\u1ec3n b\u1ea3o v\u1ec7 s\u1ee5t \u00e1p \u1eafc quy<\/td>\n<td width=\"287\">42.5V\u00b10.5V<\/td>\n<\/tr>\n<tr>\n<td colspan=\"2\" width=\"571\"><strong>B\u1ed8 \u0110I\u1ec0U KHI\u1ec2N<\/strong><\/td>\n<\/tr>\n<tr>\n<td width=\"284\">\u0110i\u1ec7n \u00e1p<\/td>\n<td width=\"287\">60V<\/td>\n<\/tr>\n<tr>\n<td width=\"284\">B\u1ea3o v\u1ec7 \u0111i\u1ec7n \u00e1p th\u1ea5p<\/td>\n<td width=\"287\">42 \u00b1 0.5V<\/td>\n<\/tr>\n<tr>\n<td width=\"284\">B\u1ea3o v\u1ec7 qu\u00e1 d\u00f2ng<\/td>\n<td width=\"287\">22 \u00b1 0.1A<\/td>\n<\/tr>\n<\/tbody>\n<\/table>\n<\/div>\n","protected":false},"excerpt":{"rendered":"<ul>\n<li>\n<ul>\n<li>B\u1ea3o h\u00e0nh \u0111\u1ed9ng c\u01a1 \u0111i\u1ec7n: 1 n\u0103m.<\/li>\n<li>B\u1ea3o h\u00e0nh b\u1ed9 \u0111i\u1ec1u khi\u1ec3n: 1 n\u0103m.<\/li>\n<li>B\u1ea3o h\u00e0nh \u1eafc quy: thay th\u1ebf trong v\u00f2ng 6 th\u00e1ng \u2013 s\u1eeda ch\u1eefa trong v\u00f2ng 1 n\u0103m.<\/li>\n<li>B\u1ea3o h\u00e0nh gi\u1ea3m s\u00f3c: gi\u1ea3m s\u00f3c tr\u01b0\u1edbc 6 th\u00e1ng \u2013 gi\u1ea3m s\u00f3c sau 2 n\u0103m<\/li>\n<li>B\u1ea3o h\u00e0nh khung xe, tay l\u00e1i: trong v\u00f2ng 1 n\u0103m<\/li>\n<\/ul>\n<h4><span style=\"color: #ff0000;\"><strong>Khuy\u1ebfn m\u1ea1i:<\/strong><\/span><\/h4>\n<ul>\n<li>Giao h\u00e0ng mi\u1ec5n ph\u00ed trong 30km.<\/li>\n<li>M\u0169 b\u1ea3o hi\u1ec3m \u0111\u1ea1t chu\u1ea9n.<\/li>\n<li>\u00c1o m\u01b0a \u0111\u1ea1t chu\u1ea9n.<\/li>\n<li>Gi\u1ecf xe.<\/li>\n<\/ul>\n<\/li>\n<\/ul>\n","protected":false},"featured_media":490,"template":"","meta":[],"class_list":{"0":"post-489","1":"product","2":"type-product","3":"status-publish","4":"has-post-thumbnail","6":"product_cat-anbico","8":"first","9":"instock","10":"featured","11":"shipping-taxable","12":"product-type-simple"},"yoast_head":"<!-- This site is optimized with the Yoast SEO plugin v19.10 - https:\/\/yoast.com\/wordpress\/plugins\/seo\/ -->\n<title>ANBICO XMANS -<\/title>\n<meta name=\"robots\" content=\"index, follow, max-snippet:-1, max-image-preview:large, max-video-preview:-1\" \/>\n<link rel=\"canonical\" href=\"https:\/\/duyhungmotor.com\/?product=anbico-xmans\" \/>\n<meta property=\"og:locale\" content=\"vi_VN\" \/>\n<meta property=\"og:type\" content=\"article\" \/>\n<meta property=\"og:title\" content=\"ANBICO XMANS -\" \/>\n<meta property=\"og:description\" content=\"B\u1ea3o h\u00e0nh \u0111\u1ed9ng c\u01a1 \u0111i\u1ec7n: 1 n\u0103m.  B\u1ea3o h\u00e0nh b\u1ed9 \u0111i\u1ec1u khi\u1ec3n: 1 n\u0103m.  B\u1ea3o h\u00e0nh \u1eafc quy: thay th\u1ebf trong v\u00f2ng 6 th\u00e1ng \u2013 s\u1eeda ch\u1eefa trong v\u00f2ng 1 n\u0103m.  B\u1ea3o h\u00e0nh gi\u1ea3m s\u00f3c: gi\u1ea3m s\u00f3c tr\u01b0\u1edbc 6 th\u00e1ng \u2013 gi\u1ea3m s\u00f3c sau 2 n\u0103m  B\u1ea3o h\u00e0nh khung xe, tay l\u00e1i: trong v\u00f2ng 1 n\u0103m  Khuy\u1ebfn m\u1ea1i:   Giao h\u00e0ng mi\u1ec5n ph\u00ed trong 30km.  M\u0169 b\u1ea3o hi\u1ec3m \u0111\u1ea1t chu\u1ea9n.  \u00c1o m\u01b0a \u0111\u1ea1t chu\u1ea9n.  Gi\u1ecf xe.\" \/>\n<meta property=\"og:url\" content=\"https:\/\/duyhungmotor.com\/?product=anbico-xmans\" \/>\n<meta property=\"article:modified_time\" content=\"2020-11-26T17:27:19+00:00\" \/>\n<meta property=\"og:image\" content=\"https:\/\/duyhungmotor.com\/wp-content\/uploads\/2020\/11\/56b230033c85c5db9c94.jpg\" \/>\n\t<meta property=\"og:image:width\" content=\"906\" \/>\n\t<meta property=\"og:image:height\" content=\"605\" \/>\n\t<meta property=\"og:image:type\" content=\"image\/jpeg\" \/>\n<meta name=\"twitter:card\" content=\"summary_large_image\" \/>\n<meta name=\"twitter:label1\" content=\"\u01af\u1edbc t\u00ednh th\u1eddi gian \u0111\u1ecdc\" \/>\n\t<meta name=\"twitter:data1\" content=\"3 ph\u00fat\" \/>\n<script type=\"application\/ld+json\" class=\"yoast-schema-graph\">{\"@context\":\"https:\/\/schema.org\",\"@graph\":[{\"@type\":\"WebPage\",\"@id\":\"https:\/\/duyhungmotor.com\/?product=anbico-xmans\",\"url\":\"https:\/\/duyhungmotor.com\/?product=anbico-xmans\",\"name\":\"ANBICO XMANS -\",\"isPartOf\":{\"@id\":\"https:\/\/duyhungmotor.com\/#website\"},\"datePublished\":\"2020-11-11T08:20:34+00:00\",\"dateModified\":\"2020-11-26T17:27:19+00:00\",\"breadcrumb\":{\"@id\":\"https:\/\/duyhungmotor.com\/?product=anbico-xmans#breadcrumb\"},\"inLanguage\":\"vi\",\"potentialAction\":[{\"@type\":\"ReadAction\",\"target\":[\"https:\/\/duyhungmotor.com\/?product=anbico-xmans\"]}]},{\"@type\":\"BreadcrumbList\",\"@id\":\"https:\/\/duyhungmotor.com\/?product=anbico-xmans#breadcrumb\",\"itemListElement\":[{\"@type\":\"ListItem\",\"position\":1,\"name\":\"Trang ch\u1ee7\",\"item\":\"https:\/\/duyhungmotor.com\/\"},{\"@type\":\"ListItem\",\"position\":2,\"name\":\"ANBICO XMANS\"}]},{\"@type\":\"WebSite\",\"@id\":\"https:\/\/duyhungmotor.com\/#website\",\"url\":\"https:\/\/duyhungmotor.com\/\",\"name\":\"\",\"description\":\"\u0110\u1ea1i l\u00fd Xe M\u00e1y - Xe \u0110i\u1ec7n\",\"potentialAction\":[{\"@type\":\"SearchAction\",\"target\":{\"@type\":\"EntryPoint\",\"urlTemplate\":\"https:\/\/duyhungmotor.com\/?s={search_term_string}\"},\"query-input\":\"required name=search_term_string\"}],\"inLanguage\":\"vi\"}]}<\/script>\n<!-- \/ Yoast SEO plugin. -->","yoast_head_json":{"title":"ANBICO XMANS -","robots":{"index":"index","follow":"follow","max-snippet":"max-snippet:-1","max-image-preview":"max-image-preview:large","max-video-preview":"max-video-preview:-1"},"canonical":"https:\/\/duyhungmotor.com\/?product=anbico-xmans","og_locale":"vi_VN","og_type":"article","og_title":"ANBICO XMANS -","og_description":"B\u1ea3o h\u00e0nh \u0111\u1ed9ng c\u01a1 \u0111i\u1ec7n: 1 n\u0103m.  B\u1ea3o h\u00e0nh b\u1ed9 \u0111i\u1ec1u khi\u1ec3n: 1 n\u0103m.  B\u1ea3o h\u00e0nh \u1eafc quy: thay th\u1ebf trong v\u00f2ng 6 th\u00e1ng \u2013 s\u1eeda ch\u1eefa trong v\u00f2ng 1 n\u0103m.  B\u1ea3o h\u00e0nh gi\u1ea3m s\u00f3c: gi\u1ea3m s\u00f3c tr\u01b0\u1edbc 6 th\u00e1ng \u2013 gi\u1ea3m s\u00f3c sau 2 n\u0103m  B\u1ea3o h\u00e0nh khung xe, tay l\u00e1i: trong v\u00f2ng 1 n\u0103m  Khuy\u1ebfn m\u1ea1i:   Giao h\u00e0ng mi\u1ec5n ph\u00ed trong 30km.  M\u0169 b\u1ea3o hi\u1ec3m \u0111\u1ea1t chu\u1ea9n.  \u00c1o m\u01b0a \u0111\u1ea1t chu\u1ea9n.  Gi\u1ecf xe.","og_url":"https:\/\/duyhungmotor.com\/?product=anbico-xmans","article_modified_time":"2020-11-26T17:27:19+00:00","og_image":[{"width":906,"height":605,"url":"https:\/\/duyhungmotor.com\/wp-content\/uploads\/2020\/11\/56b230033c85c5db9c94.jpg","type":"image\/jpeg"}],"twitter_card":"summary_large_image","twitter_misc":{"\u01af\u1edbc t\u00ednh th\u1eddi gian \u0111\u1ecdc":"3 ph\u00fat"},"schema":{"@context":"https:\/\/schema.org","@graph":[{"@type":"WebPage","@id":"https:\/\/duyhungmotor.com\/?product=anbico-xmans","url":"https:\/\/duyhungmotor.com\/?product=anbico-xmans","name":"ANBICO XMANS -","isPartOf":{"@id":"https:\/\/duyhungmotor.com\/#website"},"datePublished":"2020-11-11T08:20:34+00:00","dateModified":"2020-11-26T17:27:19+00:00","breadcrumb":{"@id":"https:\/\/duyhungmotor.com\/?product=anbico-xmans#breadcrumb"},"inLanguage":"vi","potentialAction":[{"@type":"ReadAction","target":["https:\/\/duyhungmotor.com\/?product=anbico-xmans"]}]},{"@type":"BreadcrumbList","@id":"https:\/\/duyhungmotor.com\/?product=anbico-xmans#breadcrumb","itemListElement":[{"@type":"ListItem","position":1,"name":"Trang ch\u1ee7","item":"https:\/\/duyhungmotor.com\/"},{"@type":"ListItem","position":2,"name":"ANBICO XMANS"}]},{"@type":"WebSite","@id":"https:\/\/duyhungmotor.com\/#website","url":"https:\/\/duyhungmotor.com\/","name":"","description":"\u0110\u1ea1i l\u00fd Xe M\u00e1y - Xe \u0110i\u1ec7n","potentialAction":[{"@type":"SearchAction","target":{"@type":"EntryPoint","urlTemplate":"https:\/\/duyhungmotor.com\/?s={search_term_string}"},"query-input":"required name=search_term_string"}],"inLanguage":"vi"}]}},"_links":{"self":[{"href":"https:\/\/duyhungmotor.com\/index.php?rest_route=\/wp\/v2\/product\/489","targetHints":{"allow":["GET"]}}],"collection":[{"href":"https:\/\/duyhungmotor.com\/index.php?rest_route=\/wp\/v2\/product"}],"about":[{"href":"https:\/\/duyhungmotor.com\/index.php?rest_route=\/wp\/v2\/types\/product"}],"wp:featuredmedia":[{"embeddable":true,"href":"https:\/\/duyhungmotor.com\/index.php?rest_route=\/wp\/v2\/media\/490"}],"wp:attachment":[{"href":"https:\/\/duyhungmotor.com\/index.php?rest_route=%2Fwp%2Fv2%2Fmedia&parent=489"}],"curies":[{"name":"wp","href":"https:\/\/api.w.org\/{rel}","templated":true}]}}