{"id":481,"date":"2020-11-11T15:14:49","date_gmt":"2020-11-11T08:14:49","guid":{"rendered":"http:\/\/duyhungmotor.com\/?post_type=product&#038;p=481"},"modified":"2020-11-27T00:30:43","modified_gmt":"2020-11-26T17:30:43","slug":"anbico-v5","status":"publish","type":"product","link":"https:\/\/duyhungmotor.com\/?product=anbico-v5","title":{"rendered":"ANBICO V5"},"content":{"rendered":"<h2><strong>Thi\u1ebft k\u1ebf \u0111\u1eb3ng c\u1ea5p<\/strong><\/h2>\n<p><img loading=\"lazy\" decoding=\"async\" class=\"aligncenter wp-image-7763 size-large lazy-load-active\" src=\"https:\/\/anbico.vn\/wp-content\/uploads\/2019\/08\/8ed447c09b3e62603b2f-1024x683.jpg\" sizes=\"auto, (max-width: 1020px) 100vw, 1020px\" srcset=\"https:\/\/anbico.vn\/wp-content\/uploads\/2019\/08\/8ed447c09b3e62603b2f-1024x683.jpg 1024w, https:\/\/anbico.vn\/wp-content\/uploads\/2019\/08\/8ed447c09b3e62603b2f-420x280.jpg 420w, https:\/\/anbico.vn\/wp-content\/uploads\/2019\/08\/8ed447c09b3e62603b2f-300x200.jpg 300w, https:\/\/anbico.vn\/wp-content\/uploads\/2019\/08\/8ed447c09b3e62603b2f-768x512.jpg 768w, https:\/\/anbico.vn\/wp-content\/uploads\/2019\/08\/8ed447c09b3e62603b2f-1536x1024.jpg 1536w, https:\/\/anbico.vn\/wp-content\/uploads\/2019\/08\/8ed447c09b3e62603b2f-800x533.jpg 800w, https:\/\/anbico.vn\/wp-content\/uploads\/2019\/08\/8ed447c09b3e62603b2f.jpg 2040w\" alt=\"\" width=\"1020\" height=\"680\" data-src=\"https:\/\/anbico.vn\/wp-content\/uploads\/2019\/08\/8ed447c09b3e62603b2f-1024x683.jpg\" data-srcset=\"https:\/\/anbico.vn\/wp-content\/uploads\/2019\/08\/8ed447c09b3e62603b2f-1024x683.jpg 1024w, https:\/\/anbico.vn\/wp-content\/uploads\/2019\/08\/8ed447c09b3e62603b2f-420x280.jpg 420w, https:\/\/anbico.vn\/wp-content\/uploads\/2019\/08\/8ed447c09b3e62603b2f-300x200.jpg 300w, https:\/\/anbico.vn\/wp-content\/uploads\/2019\/08\/8ed447c09b3e62603b2f-768x512.jpg 768w, https:\/\/anbico.vn\/wp-content\/uploads\/2019\/08\/8ed447c09b3e62603b2f-1536x1024.jpg 1536w, https:\/\/anbico.vn\/wp-content\/uploads\/2019\/08\/8ed447c09b3e62603b2f-800x533.jpg 800w, https:\/\/anbico.vn\/wp-content\/uploads\/2019\/08\/8ed447c09b3e62603b2f.jpg 2040w\" \/><\/p>\n<ul>\n<li>S\u1edf h\u1eefu thi\u1ebft k\u1ebf th\u1eddi trang m\u1ea1ng phong c\u00e1ch th\u1ec3 thao, \u0111\u01b0\u1ee3c c\u1ea3i ti\u1ebfn ho\u00e0n to\u00e0n \u1edf ph\u1ea7n \u0111\u1ea7u v\u00e0 th\u00e2n xe v\u1edbi ki\u1ec3u d\u00e1ng hi\u1ec7n \u0111\u1ea1i t\u1ea1o \u1ea5n t\u01b0\u1ee3ng cho ng\u01b0\u1eddi s\u1eed d\u1ee5ng ngay \u00e1nh nh\u00ecn \u0111\u1ea7u ti\u00ean.<\/li>\n<li>Thi\u1ebft k\u1ebf \u0111\u1ea7u \u0111\u00e8n nguy\u00ean kh\u1ed1i sang tr\u1ecdng, \u0111\u01b0\u1ee3c t\u00edch h\u1ee3p c\u00e1c ch\u1ee9c n\u0103ng th\u00f4ng qa c\u00e1c n\u00fat \u0111i\u1ec1u ki\u1ec3n ph\u00eda tr\u00ean tay l\u00e1i, gi\u00fap ng\u01b0\u1eddi s\u1eed d\u1ee5ng d\u1ec5 d\u00e0ng v\u1eadn h\u00e0nh.<\/li>\n<li>\u0110\u00e8n pha led c\u00f4ng ngh\u1ec7 m\u1edbi v\u1edbi hai t\u1ea7ng ho\u00e0n to\u00e0n m\u1edbi, k\u00e9o d\u00e0i theo to\u00e0n b\u1ed9 ph\u1ea7n th\u00e2n ph\u00eda tr\u01b0\u1edbc, gi\u00fap chi\u1ebfc xe c\u00f3 kh\u1ea3 n\u0103ng chi\u1ebfu s\u00e1ng v\u01b0\u1ee3t tr\u1ed9i so v\u1edbi c\u00e1c d\u00f2ng xe \u0111i\u1ec7n \u0111ang c\u00f3 m\u1eb7t tr\u00ean th\u1ecb tr\u01b0\u1eddng.<\/li>\n<li>Tem xe v\u1edbi thi\u1ebft k\u1ebf c\u1ea3 t\u00ednh v\u00e0 \u0111\u01a1n gi\u1ea3m t\u1ea1o \u0111i\u1ec3m nh\u1ea5n cho to\u00e0n b\u1ed9 chi\u1ebfc xe, xe c\u00f3 b\u1ed1n m\u00e0u s\u1eafc \u0111en, \u0111\u1ecf, xanh d\u01b0\u01a1ng, b\u1ea1c \u0111\u1ec3 ng\u01b0\u1eddi s\u1eed d\u1ee5ng c\u00f3 th\u1ec3 tha h\u1ed3 l\u1ef1a ch\u1ecdn.<\/li>\n<\/ul>\n<h2><strong>T\u00ednh n\u0103ng hi\u1ec7n \u0111\u1ea1i<\/strong><\/h2>\n<p><img loading=\"lazy\" decoding=\"async\" class=\"aligncenter wp-image-7765 size-large lazy-load-active\" src=\"https:\/\/anbico.vn\/wp-content\/uploads\/2019\/08\/babcf5ef67169e48c707-1-1024x683.jpg\" sizes=\"auto, (max-width: 1020px) 100vw, 1020px\" srcset=\"https:\/\/anbico.vn\/wp-content\/uploads\/2019\/08\/babcf5ef67169e48c707-1-1024x683.jpg 1024w, https:\/\/anbico.vn\/wp-content\/uploads\/2019\/08\/babcf5ef67169e48c707-1-420x280.jpg 420w, https:\/\/anbico.vn\/wp-content\/uploads\/2019\/08\/babcf5ef67169e48c707-1-300x200.jpg 300w, https:\/\/anbico.vn\/wp-content\/uploads\/2019\/08\/babcf5ef67169e48c707-1-768x512.jpg 768w, https:\/\/anbico.vn\/wp-content\/uploads\/2019\/08\/babcf5ef67169e48c707-1-1536x1024.jpg 1536w, https:\/\/anbico.vn\/wp-content\/uploads\/2019\/08\/babcf5ef67169e48c707-1-800x533.jpg 800w, https:\/\/anbico.vn\/wp-content\/uploads\/2019\/08\/babcf5ef67169e48c707-1.jpg 2040w\" alt=\"\" width=\"1020\" height=\"680\" data-src=\"https:\/\/anbico.vn\/wp-content\/uploads\/2019\/08\/babcf5ef67169e48c707-1-1024x683.jpg\" data-srcset=\"https:\/\/anbico.vn\/wp-content\/uploads\/2019\/08\/babcf5ef67169e48c707-1-1024x683.jpg 1024w, https:\/\/anbico.vn\/wp-content\/uploads\/2019\/08\/babcf5ef67169e48c707-1-420x280.jpg 420w, https:\/\/anbico.vn\/wp-content\/uploads\/2019\/08\/babcf5ef67169e48c707-1-300x200.jpg 300w, https:\/\/anbico.vn\/wp-content\/uploads\/2019\/08\/babcf5ef67169e48c707-1-768x512.jpg 768w, https:\/\/anbico.vn\/wp-content\/uploads\/2019\/08\/babcf5ef67169e48c707-1-1536x1024.jpg 1536w, https:\/\/anbico.vn\/wp-content\/uploads\/2019\/08\/babcf5ef67169e48c707-1-800x533.jpg 800w, https:\/\/anbico.vn\/wp-content\/uploads\/2019\/08\/babcf5ef67169e48c707-1.jpg 2040w\" \/><\/p>\n<p>&nbsp;<\/p>\n<ul>\n<li>\u0110\u1ed9ng c\u01a1 ch\u00ednh h\u00e3ng, ch\u1ed1ng n\u01b0\u1edbc to\u00e0n ph\u1ea7n. C\u00f4ng su\u1ea5t 1.500W v\u1eadn h\u00e0nh t\u1ed1i \u01b0u, leo d\u1ed1c t\u1ed1t, ti\u1ebft ki\u1ec7m \u0111i\u1ec7n n\u0103ng<\/li>\n<li>Y\u00ean xe nguy\u00ean kh\u1ed1i k\u00e9o d\u00e0i theo ph\u1ea7n th\u00e2n tr\u00ean c\u1ee7a xe c\u00f3 th\u1ec3 s\u1eed d\u1ee5ng cho 2 ng\u01b0\u1eddi, \u0111\u01b0\u1ee3c thi\u1ebft k\u1ebf nghi\u00eang v\u1ec1 ph\u00eda tr\u01b0\u1edbc t\u1ea1o t\u01b0 th\u1ebf tho\u1ea3i m\u00e1i cho ng\u01b0\u1eddi s\u1eed d\u1ee5ng.<\/li>\n<li>B\u00e1nh xe v\u1edbi v\u00e0nh \u0111\u00fac 12inch c\u00f9ng l\u1ed1p kh\u00f4ng s\u0103m \u0111\u1ec3 b\u1ec1 m\u1eb7t ti\u1ebfp x\u00fac c\u1ee7a b\u00e1nh xe v\u1edbi m\u1eb7t \u0111\u1ea5t \u0111\u01b0\u1ee3c \u0111\u1ea3m b\u1ea3o ch\u1eafc ch\u1eafn v\u00e0 an to\u00e0n nh\u1ea5t.<\/li>\n<\/ul>\n<p><img loading=\"lazy\" decoding=\"async\" class=\"alignnone wp-image-8233 size-full lazy-load-active\" src=\"https:\/\/anbico.vn\/wp-content\/uploads\/2019\/08\/anbico-v5.jpg\" sizes=\"auto, (max-width: 900px) 100vw, 900px\" srcset=\"https:\/\/anbico.vn\/wp-content\/uploads\/2019\/08\/anbico-v5.jpg 900w, https:\/\/anbico.vn\/wp-content\/uploads\/2019\/08\/anbico-v5-420x280.jpg 420w, https:\/\/anbico.vn\/wp-content\/uploads\/2019\/08\/anbico-v5-300x200.jpg 300w, https:\/\/anbico.vn\/wp-content\/uploads\/2019\/08\/anbico-v5-768x512.jpg 768w, https:\/\/anbico.vn\/wp-content\/uploads\/2019\/08\/anbico-v5-800x533.jpg 800w\" alt=\"\" width=\"900\" height=\"600\" data-src=\"https:\/\/anbico.vn\/wp-content\/uploads\/2019\/08\/anbico-v5.jpg\" data-srcset=\"https:\/\/anbico.vn\/wp-content\/uploads\/2019\/08\/anbico-v5.jpg 900w, https:\/\/anbico.vn\/wp-content\/uploads\/2019\/08\/anbico-v5-420x280.jpg 420w, https:\/\/anbico.vn\/wp-content\/uploads\/2019\/08\/anbico-v5-300x200.jpg 300w, https:\/\/anbico.vn\/wp-content\/uploads\/2019\/08\/anbico-v5-768x512.jpg 768w, https:\/\/anbico.vn\/wp-content\/uploads\/2019\/08\/anbico-v5-800x533.jpg 800w\" \/><\/p>\n<ul>\n<li>L\u1ed1p kh\u00f4ng s\u0103m t\u1ed1t nh\u1ea5t hi\u1ec7n nay<\/li>\n<li>Xe trang b\u1ecb 5 b\u00ecnh \u0103c quy \u0111\u1ed3ng b\u1ed9 theo xe gi\u00fap xe \u0111i \u0111\u01b0\u1ee3c qu\u00e3ng \u0111\u01b0\u1eddng 85km\/ l\u1ea7n s\u1ea1c v\u00e0 c\u00f3 \u0111\u1ed9 b\u1ec1n g\u1ea5p 3 th\u00f4ng th\u01b0\u1eddng<\/li>\n<\/ul>\n<h2><strong>TH\u00d4NG S\u1ed0 K\u1ef8 THU\u1eacT CHI TI\u1ebeT<\/strong><\/h2>\n<div class=\"product-table\">\n<table>\n<tbody>\n<tr>\n<td colspan=\"2\" width=\"571\"><strong>C\u1ea2 XE <\/strong><\/td>\n<\/tr>\n<tr>\n<td width=\"284\">Tr\u1ecdng l\u01b0\u1ee3ng b\u1ea3n th\u00e2n<\/td>\n<td width=\"287\">+\/- 100 kg<\/td>\n<\/tr>\n<tr>\n<td width=\"284\">K\u00edch th\u01b0\u1edbc d\u00e0i x r\u1ed9ng x cao<\/td>\n<td width=\"287\">1810mm x 700mm x1060mm<\/td>\n<\/tr>\n<tr>\n<td width=\"284\">\u0110\u1ed9 cao y\u00ean<\/td>\n<td width=\"287\">750 mm<\/td>\n<\/tr>\n<tr>\n<td width=\"284\">T\u1ed1c \u0111\u1ed9 t\u1ed1i \u0111a<\/td>\n<td width=\"287\">45-50 km\/h<\/td>\n<\/tr>\n<tr>\n<td width=\"284\">Qu\u00e3ng \u0111\u01b0\u1eddng \u0111i v\u1edbi 1 l\u1ea7n s\u1ea1c<\/td>\n<td width=\"287\">80-90 km (tr\u1ea1ng th\u00e1i b\u00ecnh th\u01b0\u1eddng)<\/td>\n<\/tr>\n<tr>\n<td width=\"284\">Kho\u1ea3ng c\u00e1ch tr\u1ee5c b\u00e1nh<\/td>\n<td width=\"287\">1300 mm<\/td>\n<\/tr>\n<tr>\n<td width=\"284\">Kho\u1ea3ng c\u00e1ch g\u1ea7m xe<\/td>\n<td width=\"287\">150 mm<\/td>\n<\/tr>\n<tr>\n<td colspan=\"2\" width=\"571\"><strong>\u0110\u1ed8NG C\u01a0<\/strong><\/td>\n<\/tr>\n<tr>\n<td width=\"284\">C\u00f4ng su\u1ea5t tl\u1edbn nh\u1ea5t<\/td>\n<td width=\"287\">1.500 W<\/td>\n<\/tr>\n<tr>\n<td width=\"284\">T\u1ed1c \u0111\u1ed9 v\u00f2ng quay \u0111\u1ecbnh m\u1ee9c<\/td>\n<td width=\"287\">416 r\/min<\/td>\n<\/tr>\n<tr>\n<td width=\"284\">\u0110i\u1ec7n \u00e1p ho\u1ea1t \u0111\u1ed9ng<\/td>\n<td width=\"287\">60V<\/td>\n<\/tr>\n<tr>\n<td width=\"284\">M\u00f4 men quay d\u1eabn ra \u0111\u1ecbnh m\u1ee9c<\/td>\n<td width=\"287\">22.98 Nm<\/td>\n<\/tr>\n<tr>\n<td width=\"284\">L\u01b0\u1ee3ng \u0111i\u1ec7n ti\u00eau hao cho 100km<\/td>\n<td width=\"287\">\u22641,2 kw<\/td>\n<\/tr>\n<tr>\n<td width=\"284\">Hi\u1ec7u su\u1ea5t<\/td>\n<td width=\"287\">&gt;80%<\/td>\n<\/tr>\n<tr>\n<td colspan=\"2\" width=\"571\"><strong>\u1eaeC QUY<\/strong><\/td>\n<\/tr>\n<tr>\n<td width=\"284\">\u0110i\u1ec7n \u00e1p<\/td>\n<td width=\"287\">60V<\/td>\n<\/tr>\n<tr>\n<td width=\"284\">Dung l\u01b0\u1ee3ng<\/td>\n<td width=\"287\">20Ah<\/td>\n<\/tr>\n<tr>\n<td width=\"284\">L\u01b0\u1ee3ng \u0111i\u1ec7n ti\u00eau hao t\u1ed1i \u0111a cho 01 l\u1ea7n s\u1ea1c<\/td>\n<td width=\"287\">\u2264 0.5 kw<\/td>\n<\/tr>\n<tr>\n<td width=\"284\">B\u1ed9 \u0111i\u1ec1u khi\u1ec3n b\u1ea3o v\u1ec7 s\u1ee5t \u00e1p \u1eafc quy<\/td>\n<td width=\"287\">42.5V\u00b10.5V<\/td>\n<\/tr>\n<tr>\n<td colspan=\"2\" width=\"571\"><strong>B\u1ed8 \u0110I\u1ec0U KHI\u1ec2N<\/strong><\/td>\n<\/tr>\n<tr>\n<td width=\"284\">\u0110i\u1ec7n \u00e1p<\/td>\n<td width=\"287\">60V<\/td>\n<\/tr>\n<tr>\n<td width=\"284\">B\u1ea3o v\u1ec7 \u0111i\u1ec7n \u00e1p th\u1ea5p<\/td>\n<td width=\"287\">42 \u00b1 0.5V<\/td>\n<\/tr>\n<tr>\n<td width=\"284\">B\u1ea3o v\u1ec7 qu\u00e1 d\u00f2ng<\/td>\n<td width=\"287\">22 \u00b1 0.1A<\/td>\n<\/tr>\n<\/tbody>\n<\/table>\n<\/div>\n","protected":false},"excerpt":{"rendered":"<ul>\n<li>\n<ul>\n<li>B\u1ea3o h\u00e0nh \u0111\u1ed9ng c\u01a1 \u0111i\u1ec7n: 1 n\u0103m.<\/li>\n<li>B\u1ea3o h\u00e0nh b\u1ed9 \u0111i\u1ec1u khi\u1ec3n: 1 n\u0103m.<\/li>\n<li>B\u1ea3o h\u00e0nh \u1eafc quy: thay th\u1ebf trong v\u00f2ng 6 th\u00e1ng \u2013 s\u1eeda ch\u1eefa trong v\u00f2ng 1 n\u0103m.<\/li>\n<li>B\u1ea3o h\u00e0nh gi\u1ea3m s\u00f3c: gi\u1ea3m s\u00f3c tr\u01b0\u1edbc 6 th\u00e1ng \u2013 gi\u1ea3m s\u00f3c sau 2 n\u0103m<\/li>\n<li>B\u1ea3o h\u00e0nh khung xe, tay l\u00e1i: trong v\u00f2ng 1 n\u0103m<\/li>\n<\/ul>\n<h4><span style=\"color: #ff0000;\"><strong>Khuy\u1ebfn m\u1ea1i:<\/strong><\/span><\/h4>\n<ul>\n<li>Giao h\u00e0ng mi\u1ec5n ph\u00ed trong 30km.<\/li>\n<li>M\u0169 b\u1ea3o hi\u1ec3m \u0111\u1ea1t chu\u1ea9n.<\/li>\n<li>\u00c1o m\u01b0a \u0111\u1ea1t chu\u1ea9n.<\/li>\n<li>Gi\u1ecf xe.<\/li>\n<\/ul>\n<\/li>\n<\/ul>\n","protected":false},"featured_media":482,"template":"","meta":[],"class_list":{"0":"post-481","1":"product","2":"type-product","3":"status-publish","4":"has-post-thumbnail","6":"product_cat-anbico","8":"first","9":"instock","10":"featured","11":"shipping-taxable","12":"product-type-simple"},"yoast_head":"<!-- This site is optimized with the Yoast SEO plugin v19.10 - https:\/\/yoast.com\/wordpress\/plugins\/seo\/ -->\n<title>ANBICO V5 -<\/title>\n<meta name=\"robots\" content=\"index, follow, max-snippet:-1, max-image-preview:large, max-video-preview:-1\" \/>\n<link rel=\"canonical\" href=\"https:\/\/duyhungmotor.com\/?product=anbico-v5\" \/>\n<meta property=\"og:locale\" content=\"vi_VN\" \/>\n<meta property=\"og:type\" content=\"article\" \/>\n<meta property=\"og:title\" content=\"ANBICO V5 -\" \/>\n<meta property=\"og:description\" content=\"B\u1ea3o h\u00e0nh \u0111\u1ed9ng c\u01a1 \u0111i\u1ec7n: 1 n\u0103m.  B\u1ea3o h\u00e0nh b\u1ed9 \u0111i\u1ec1u khi\u1ec3n: 1 n\u0103m.  B\u1ea3o h\u00e0nh \u1eafc quy: thay th\u1ebf trong v\u00f2ng 6 th\u00e1ng \u2013 s\u1eeda ch\u1eefa trong v\u00f2ng 1 n\u0103m.  B\u1ea3o h\u00e0nh gi\u1ea3m s\u00f3c: gi\u1ea3m s\u00f3c tr\u01b0\u1edbc 6 th\u00e1ng \u2013 gi\u1ea3m s\u00f3c sau 2 n\u0103m  B\u1ea3o h\u00e0nh khung xe, tay l\u00e1i: trong v\u00f2ng 1 n\u0103m  Khuy\u1ebfn m\u1ea1i:   Giao h\u00e0ng mi\u1ec5n ph\u00ed trong 30km.  M\u0169 b\u1ea3o hi\u1ec3m \u0111\u1ea1t chu\u1ea9n.  \u00c1o m\u01b0a \u0111\u1ea1t chu\u1ea9n.  Gi\u1ecf xe.\" \/>\n<meta property=\"og:url\" content=\"https:\/\/duyhungmotor.com\/?product=anbico-v5\" \/>\n<meta property=\"article:modified_time\" content=\"2020-11-26T17:30:43+00:00\" \/>\n<meta property=\"og:image\" content=\"https:\/\/duyhungmotor.com\/wp-content\/uploads\/2020\/11\/DSC_9842.jpg\" \/>\n\t<meta property=\"og:image:width\" content=\"906\" \/>\n\t<meta property=\"og:image:height\" content=\"605\" \/>\n\t<meta property=\"og:image:type\" content=\"image\/jpeg\" \/>\n<meta name=\"twitter:card\" content=\"summary_large_image\" \/>\n<meta name=\"twitter:label1\" content=\"\u01af\u1edbc t\u00ednh th\u1eddi gian \u0111\u1ecdc\" \/>\n\t<meta name=\"twitter:data1\" content=\"3 ph\u00fat\" \/>\n<script type=\"application\/ld+json\" class=\"yoast-schema-graph\">{\"@context\":\"https:\/\/schema.org\",\"@graph\":[{\"@type\":\"WebPage\",\"@id\":\"https:\/\/duyhungmotor.com\/?product=anbico-v5\",\"url\":\"https:\/\/duyhungmotor.com\/?product=anbico-v5\",\"name\":\"ANBICO V5 -\",\"isPartOf\":{\"@id\":\"https:\/\/duyhungmotor.com\/#website\"},\"datePublished\":\"2020-11-11T08:14:49+00:00\",\"dateModified\":\"2020-11-26T17:30:43+00:00\",\"breadcrumb\":{\"@id\":\"https:\/\/duyhungmotor.com\/?product=anbico-v5#breadcrumb\"},\"inLanguage\":\"vi\",\"potentialAction\":[{\"@type\":\"ReadAction\",\"target\":[\"https:\/\/duyhungmotor.com\/?product=anbico-v5\"]}]},{\"@type\":\"BreadcrumbList\",\"@id\":\"https:\/\/duyhungmotor.com\/?product=anbico-v5#breadcrumb\",\"itemListElement\":[{\"@type\":\"ListItem\",\"position\":1,\"name\":\"Trang ch\u1ee7\",\"item\":\"https:\/\/duyhungmotor.com\/\"},{\"@type\":\"ListItem\",\"position\":2,\"name\":\"ANBICO V5\"}]},{\"@type\":\"WebSite\",\"@id\":\"https:\/\/duyhungmotor.com\/#website\",\"url\":\"https:\/\/duyhungmotor.com\/\",\"name\":\"\",\"description\":\"\u0110\u1ea1i l\u00fd Xe M\u00e1y - Xe \u0110i\u1ec7n\",\"potentialAction\":[{\"@type\":\"SearchAction\",\"target\":{\"@type\":\"EntryPoint\",\"urlTemplate\":\"https:\/\/duyhungmotor.com\/?s={search_term_string}\"},\"query-input\":\"required name=search_term_string\"}],\"inLanguage\":\"vi\"}]}<\/script>\n<!-- \/ Yoast SEO plugin. -->","yoast_head_json":{"title":"ANBICO V5 -","robots":{"index":"index","follow":"follow","max-snippet":"max-snippet:-1","max-image-preview":"max-image-preview:large","max-video-preview":"max-video-preview:-1"},"canonical":"https:\/\/duyhungmotor.com\/?product=anbico-v5","og_locale":"vi_VN","og_type":"article","og_title":"ANBICO V5 -","og_description":"B\u1ea3o h\u00e0nh \u0111\u1ed9ng c\u01a1 \u0111i\u1ec7n: 1 n\u0103m.  B\u1ea3o h\u00e0nh b\u1ed9 \u0111i\u1ec1u khi\u1ec3n: 1 n\u0103m.  B\u1ea3o h\u00e0nh \u1eafc quy: thay th\u1ebf trong v\u00f2ng 6 th\u00e1ng \u2013 s\u1eeda ch\u1eefa trong v\u00f2ng 1 n\u0103m.  B\u1ea3o h\u00e0nh gi\u1ea3m s\u00f3c: gi\u1ea3m s\u00f3c tr\u01b0\u1edbc 6 th\u00e1ng \u2013 gi\u1ea3m s\u00f3c sau 2 n\u0103m  B\u1ea3o h\u00e0nh khung xe, tay l\u00e1i: trong v\u00f2ng 1 n\u0103m  Khuy\u1ebfn m\u1ea1i:   Giao h\u00e0ng mi\u1ec5n ph\u00ed trong 30km.  M\u0169 b\u1ea3o hi\u1ec3m \u0111\u1ea1t chu\u1ea9n.  \u00c1o m\u01b0a \u0111\u1ea1t chu\u1ea9n.  Gi\u1ecf xe.","og_url":"https:\/\/duyhungmotor.com\/?product=anbico-v5","article_modified_time":"2020-11-26T17:30:43+00:00","og_image":[{"width":906,"height":605,"url":"https:\/\/duyhungmotor.com\/wp-content\/uploads\/2020\/11\/DSC_9842.jpg","type":"image\/jpeg"}],"twitter_card":"summary_large_image","twitter_misc":{"\u01af\u1edbc t\u00ednh th\u1eddi gian \u0111\u1ecdc":"3 ph\u00fat"},"schema":{"@context":"https:\/\/schema.org","@graph":[{"@type":"WebPage","@id":"https:\/\/duyhungmotor.com\/?product=anbico-v5","url":"https:\/\/duyhungmotor.com\/?product=anbico-v5","name":"ANBICO V5 -","isPartOf":{"@id":"https:\/\/duyhungmotor.com\/#website"},"datePublished":"2020-11-11T08:14:49+00:00","dateModified":"2020-11-26T17:30:43+00:00","breadcrumb":{"@id":"https:\/\/duyhungmotor.com\/?product=anbico-v5#breadcrumb"},"inLanguage":"vi","potentialAction":[{"@type":"ReadAction","target":["https:\/\/duyhungmotor.com\/?product=anbico-v5"]}]},{"@type":"BreadcrumbList","@id":"https:\/\/duyhungmotor.com\/?product=anbico-v5#breadcrumb","itemListElement":[{"@type":"ListItem","position":1,"name":"Trang ch\u1ee7","item":"https:\/\/duyhungmotor.com\/"},{"@type":"ListItem","position":2,"name":"ANBICO V5"}]},{"@type":"WebSite","@id":"https:\/\/duyhungmotor.com\/#website","url":"https:\/\/duyhungmotor.com\/","name":"","description":"\u0110\u1ea1i l\u00fd Xe M\u00e1y - Xe \u0110i\u1ec7n","potentialAction":[{"@type":"SearchAction","target":{"@type":"EntryPoint","urlTemplate":"https:\/\/duyhungmotor.com\/?s={search_term_string}"},"query-input":"required name=search_term_string"}],"inLanguage":"vi"}]}},"_links":{"self":[{"href":"https:\/\/duyhungmotor.com\/index.php?rest_route=\/wp\/v2\/product\/481","targetHints":{"allow":["GET"]}}],"collection":[{"href":"https:\/\/duyhungmotor.com\/index.php?rest_route=\/wp\/v2\/product"}],"about":[{"href":"https:\/\/duyhungmotor.com\/index.php?rest_route=\/wp\/v2\/types\/product"}],"wp:featuredmedia":[{"embeddable":true,"href":"https:\/\/duyhungmotor.com\/index.php?rest_route=\/wp\/v2\/media\/482"}],"wp:attachment":[{"href":"https:\/\/duyhungmotor.com\/index.php?rest_route=%2Fwp%2Fv2%2Fmedia&parent=481"}],"curies":[{"name":"wp","href":"https:\/\/api.w.org\/{rel}","templated":true}]}}