{"id":474,"date":"2020-11-11T15:06:36","date_gmt":"2020-11-11T08:06:36","guid":{"rendered":"http:\/\/duyhungmotor.com\/?post_type=product&#038;p=474"},"modified":"2020-11-27T00:31:45","modified_gmt":"2020-11-26T17:31:45","slug":"anbico-valerio","status":"publish","type":"product","link":"https:\/\/duyhungmotor.com\/?product=anbico-valerio","title":{"rendered":"ANBICO VALERIO"},"content":{"rendered":"<h2><strong>Thi\u1ebft k\u1ebf sang tr\u1ecdng<\/strong><\/h2>\n<ul>\n<li>Xe m\u00e1y \u0111i\u1ec7n Anbico Valerio v\u1edbi thi\u1ebft k\u1ebf tinh t\u1ebf sang tr\u1ecdng, gi\u1eef \u0111\u01b0\u1ee3c v\u1ebb \u0111\u1eb9p c\u1ed5 \u0111i\u1ec3n v\u01b0\u1ee3t th\u1eddi gian nh\u01b0ng l\u1ea1i mang trong m\u00ecnh nhi\u1ec1u t\u00ednh n\u0103ng hi\u1ec7n \u0111\u1ea1i cho cu\u1ed9c s\u1ed1ng n\u0103ng \u0111\u1ed9ng c\u1ee7a gi\u1edbi tr\u1ebb.<\/li>\n<\/ul>\n<p><img loading=\"lazy\" decoding=\"async\" class=\"wp-image-7729 size-large aligncenter lazy-load-active\" src=\"https:\/\/anbico.vn\/wp-content\/uploads\/2019\/09\/vARIO-1024x683.jpg\" alt=\"\" width=\"1020\" height=\"680\" data-src=\"https:\/\/anbico.vn\/wp-content\/uploads\/2019\/09\/vARIO-1024x683.jpg\" \/><\/p>\n<ul>\n<li>Xe c\u00f3 m\u00e0u s\u1eafc tinh t\u1ebf gi\u00fap ng\u01b0\u1eddi s\u1eed d\u1ee5ng c\u00f3 th\u1ec3 l\u1ef1a ch\u1ecdn theo s\u1edf th\u00edch, ph\u1ea7n v\u1ecf nh\u1ef1a c\u1ee7a xe \u0111\u01b0\u1ee3c l\u00e0m v\u1edbi \u0111\u1ed9 ch\u00ednh x\u00e1c cao, t\u1ea1o n\u00ean s\u1ef1 li\u00ean k\u1ebft li\u1ec1n kh\u1ed1i, \u0111\u01b0\u1ee3c ph\u1ee7 b\u00f3ng v\u00e0 team n\u01b0\u1edbc ch\u1ed1ng phai m\u00e0u l\u00ean \u0111\u1ebfn 2 n\u0103m s\u1eed d\u1ee5ng.<img loading=\"lazy\" decoding=\"async\" class=\"wp-image-7430 size-large aligncenter lazy-load-active\" src=\"https:\/\/anbico.vn\/wp-content\/uploads\/2019\/03\/Valerio-1-1024x683.jpg\" alt=\"\" width=\"1020\" height=\"680\" data-src=\"https:\/\/anbico.vn\/wp-content\/uploads\/2019\/03\/Valerio-1-1024x683.jpg\" \/><\/li>\n<\/ul>\n<h2><strong>T\u00ednh n\u0103ng \u01b0u vi\u1ec7t<\/strong><\/h2>\n<ul>\n<li>Xe c\u00f3 3 ch\u1ebf \u0111\u1ed9 l\u00e1i: Ch\u1eadm \u2013 Trung b\u00ecnh \u2013 Nhanh \u0111\u1ec3 b\u1ea1n c\u00f3 th\u1ec3 s\u1eed d\u1ee5ng trong \u0111i\u1ec1u ki\u1ec7n giao th\u00f4ng kh\u00e1c nhau. Vi\u1ec7c l\u1ef1a ch\u1ecdn ch\u1ebf \u0111\u1ed9 ph\u00f9 h\u1ee3p s\u1ebd r\u1ea5t h\u1eefu \u00edch cho b\u1ea1n c\u0169ng nh\u01b0 chi\u1ebfc xe khi t\u1ed1i \u01b0u h\u00f3a l\u01b0\u1ee3ng \u0111i\u1ec7n ti\u00eau th\u1ee5 gi\u00fap xe di chuy\u1ec3n \u0111\u01b0\u1ee3c qu\u00e3ng \u0111\u01b0\u1eddng xa h\u01a1n, v\u00e0 ngay c\u1ea3 khi b\u1ea1n mu\u1ed1n c\u00f3 m\u1ed9t c\u1ea3m gi\u00e1c l\u00e1i h\u1ee9ng kh\u1edfi h\u01a1n th\u00ec ch\u1ebf \u0111\u1ed9 Nhanh c\u0169ng l\u00e0m th\u1ecfa m\u00e3n \u0111i\u1ec1u \u0111\u00f3.<img loading=\"lazy\" decoding=\"async\" class=\"wp-image-6443 size-large aligncenter lazy-load-active\" src=\"https:\/\/anbico.vn\/wp-content\/uploads\/2019\/04\/19.4-22-1024x683.jpg\" sizes=\"auto, (max-width: 1020px) 100vw, 1020px\" srcset=\"https:\/\/anbico.vn\/wp-content\/uploads\/2019\/04\/19.4-22-1024x683.jpg 1024w, https:\/\/anbico.vn\/wp-content\/uploads\/2019\/04\/19.4-22-300x200.jpg 300w, https:\/\/anbico.vn\/wp-content\/uploads\/2019\/04\/19.4-22-420x280.jpg 420w, https:\/\/anbico.vn\/wp-content\/uploads\/2019\/04\/19.4-22-768x512.jpg 768w, https:\/\/anbico.vn\/wp-content\/uploads\/2019\/04\/19.4-22-800x533.jpg 800w\" alt=\"\" width=\"1020\" height=\"680\" data-src=\"https:\/\/anbico.vn\/wp-content\/uploads\/2019\/04\/19.4-22-1024x683.jpg\" data-srcset=\"https:\/\/anbico.vn\/wp-content\/uploads\/2019\/04\/19.4-22-1024x683.jpg 1024w, https:\/\/anbico.vn\/wp-content\/uploads\/2019\/04\/19.4-22-300x200.jpg 300w, https:\/\/anbico.vn\/wp-content\/uploads\/2019\/04\/19.4-22-420x280.jpg 420w, https:\/\/anbico.vn\/wp-content\/uploads\/2019\/04\/19.4-22-768x512.jpg 768w, https:\/\/anbico.vn\/wp-content\/uploads\/2019\/04\/19.4-22-800x533.jpg 800w\" \/><\/li>\n<li>Xe c\u00f3 hai h\u1ed1c ch\u1ee9a \u0111\u1ed3 nh\u1ecf ph\u00eda tr\u01b0\u1edbc, hai h\u1ed1c ch\u1ee9a \u0111\u1ed3 n\u00e0y v\u00f4 c\u00f9ng h\u1eefu \u00edch \u0111\u1eb7c bi\u1ec7t l\u00e0 v\u1edbi ch\u1ecb em ph\u1ee5 n\u1eef khi c\u00f3 th\u1ec3 \u0111\u1ec3 \u0111i\u1ec7n tho\u1ea1i, chai n\u01b0\u1edbc nh\u1ecf, son ph\u1ea5n, v\u00ed, s\u1ea1c d\u1ef1 ph\u00f2ng\u2026 C\u1ed1p ch\u1ee9a \u0111\u1ed3 ch\u00ednh c\u1ee7a xe c\u0169ng kh\u00e1 tho\u1ea3i m\u00e1i cho 2 m\u0169 b\u1ea3o hi\u1ec3m ho\u1eb7c t\u00fai x\u00e1ch, \u00e1o m\u01b0a ho\u1eb7c c\u00e1c v\u1eadt d\u1ee5ng c\u00e1 nh\u00e2n kh\u00e1c. M\u1ed9t m\u00f3c treo \u0111\u1ed3 ph\u00eda tr\u01b0\u1edbc xe c\u0169ng gi\u00fap b\u1ea1n thu\u1eadn ti\u1ec7n h\u01a1n khi \u0111i ch\u1ee3 ho\u1eb7c \u0111i ch\u01a1i.<img loading=\"lazy\" decoding=\"async\" class=\"wp-image-6438 size-large aligncenter lazy-load-active\" src=\"https:\/\/anbico.vn\/wp-content\/uploads\/2019\/04\/19.4-21-1024x683.jpg\" sizes=\"auto, (max-width: 1020px) 100vw, 1020px\" srcset=\"https:\/\/anbico.vn\/wp-content\/uploads\/2019\/04\/19.4-21-1024x683.jpg 1024w, https:\/\/anbico.vn\/wp-content\/uploads\/2019\/04\/19.4-21-300x200.jpg 300w, https:\/\/anbico.vn\/wp-content\/uploads\/2019\/04\/19.4-21-420x280.jpg 420w, https:\/\/anbico.vn\/wp-content\/uploads\/2019\/04\/19.4-21-768x512.jpg 768w, https:\/\/anbico.vn\/wp-content\/uploads\/2019\/04\/19.4-21-800x533.jpg 800w\" alt=\"\" width=\"1020\" height=\"680\" data-src=\"https:\/\/anbico.vn\/wp-content\/uploads\/2019\/04\/19.4-21-1024x683.jpg\" data-srcset=\"https:\/\/anbico.vn\/wp-content\/uploads\/2019\/04\/19.4-21-1024x683.jpg 1024w, https:\/\/anbico.vn\/wp-content\/uploads\/2019\/04\/19.4-21-300x200.jpg 300w, https:\/\/anbico.vn\/wp-content\/uploads\/2019\/04\/19.4-21-420x280.jpg 420w, https:\/\/anbico.vn\/wp-content\/uploads\/2019\/04\/19.4-21-768x512.jpg 768w, https:\/\/anbico.vn\/wp-content\/uploads\/2019\/04\/19.4-21-800x533.jpg 800w\" \/><\/li>\n<li>S\u00e0n \u0111\u1ec3 ch\u00e2n ph\u1eb3ng ho\u00e0n to\u00e0n v\u00e0 r\u1ed9ng r\u00e3i, ngay c\u1ea3 ch\u1ed7 \u0111\u1ec3 ch\u00e2n cho ng\u01b0\u1eddi ng\u1ed3i sau c\u0169ng r\u1ea5t tho\u1ea3i m\u00e1i.<\/li>\n<li>Ch\u1ed7 \u0111\u1ec3 ch\u00e2n k\u00edn, c\u1ed1p sau l\u1edbn che c\u1ea3 ph\u1ea7n b\u00e1nh khi\u1ebfn b\u00f9n n\u01b0\u1edbc kh\u00f4ng v\u0103ng b\u1eafn l\u00ean qu\u1ea7n \u00e1o \u0111\u01b0\u1ee3c.<\/li>\n<li>M\u1eb7t \u0111\u1ed3ng h\u1ed3 \u0111i\u1ec7n t\u1eed hi\u1ec3n th\u1ecb s\u1eafc n\u00e9t ngay c\u1ea3 d\u01b0\u1edbi tr\u1eddi n\u1eafng c\u00f9ng v\u1edbi c\u00e1c ph\u00edm \u0111i\u1ec1u khi\u1ec3n tr\u00ean tay l\u00e1i ti\u1ec7n l\u1ee3i. C\u00e1c chi ti\u1ebft t\u1eeb \u0111\u00e8n b\u00e1o r\u1ebd, \u0111\u00e8n chi\u1ebfu s\u00e1ng tr\u01b0\u1edbc, \u0111\u00e8n h\u1eadu sau \u0111\u1ec1u \u0111\u01b0\u1ee3c thi\u1ebft k\u1ebf \u0111\u1ed3ng b\u1ed9.<img loading=\"lazy\" decoding=\"async\" class=\"wp-image-6441 size-large aligncenter lazy-load-active\" src=\"https:\/\/anbico.vn\/wp-content\/uploads\/2019\/04\/19.4-23-1024x683.jpg\" sizes=\"auto, (max-width: 1020px) 100vw, 1020px\" srcset=\"https:\/\/anbico.vn\/wp-content\/uploads\/2019\/04\/19.4-23-1024x683.jpg 1024w, https:\/\/anbico.vn\/wp-content\/uploads\/2019\/04\/19.4-23-300x200.jpg 300w, https:\/\/anbico.vn\/wp-content\/uploads\/2019\/04\/19.4-23-420x280.jpg 420w, https:\/\/anbico.vn\/wp-content\/uploads\/2019\/04\/19.4-23-768x512.jpg 768w, https:\/\/anbico.vn\/wp-content\/uploads\/2019\/04\/19.4-23-800x533.jpg 800w\" alt=\"\" width=\"1020\" height=\"680\" data-src=\"https:\/\/anbico.vn\/wp-content\/uploads\/2019\/04\/19.4-23-1024x683.jpg\" data-srcset=\"https:\/\/anbico.vn\/wp-content\/uploads\/2019\/04\/19.4-23-1024x683.jpg 1024w, https:\/\/anbico.vn\/wp-content\/uploads\/2019\/04\/19.4-23-300x200.jpg 300w, https:\/\/anbico.vn\/wp-content\/uploads\/2019\/04\/19.4-23-420x280.jpg 420w, https:\/\/anbico.vn\/wp-content\/uploads\/2019\/04\/19.4-23-768x512.jpg 768w, https:\/\/anbico.vn\/wp-content\/uploads\/2019\/04\/19.4-23-800x533.jpg 800w\" \/><\/li>\n<li>L\u1ed1p kh\u00f4ng s\u0103m c\u0169ng \u0111\u01b0\u1ee3c trang b\u1ecb ti\u00eau chu\u1ea9n tr\u00ean xe khi\u1ebfn b\u1ea1n g\u1ea7n nh\u01b0 ch\u1eb3ng ph\u1ea3i lo l\u1eafng v\u00ec th\u1ee7ng s\u0103m d\u1ecdc \u0111\u01b0\u1eddng.<img loading=\"lazy\" decoding=\"async\" class=\"wp-image-6444 size-large aligncenter lazy-load-active\" src=\"https:\/\/anbico.vn\/wp-content\/uploads\/2019\/04\/19.4-01-1024x683.jpg\" sizes=\"auto, (max-width: 1020px) 100vw, 1020px\" srcset=\"https:\/\/anbico.vn\/wp-content\/uploads\/2019\/04\/19.4-01-1024x683.jpg 1024w, https:\/\/anbico.vn\/wp-content\/uploads\/2019\/04\/19.4-01-300x200.jpg 300w, https:\/\/anbico.vn\/wp-content\/uploads\/2019\/04\/19.4-01-420x280.jpg 420w, https:\/\/anbico.vn\/wp-content\/uploads\/2019\/04\/19.4-01-768x512.jpg 768w, https:\/\/anbico.vn\/wp-content\/uploads\/2019\/04\/19.4-01-800x533.jpg 800w\" alt=\"\" width=\"1020\" height=\"680\" data-src=\"https:\/\/anbico.vn\/wp-content\/uploads\/2019\/04\/19.4-01-1024x683.jpg\" data-srcset=\"https:\/\/anbico.vn\/wp-content\/uploads\/2019\/04\/19.4-01-1024x683.jpg 1024w, https:\/\/anbico.vn\/wp-content\/uploads\/2019\/04\/19.4-01-300x200.jpg 300w, https:\/\/anbico.vn\/wp-content\/uploads\/2019\/04\/19.4-01-420x280.jpg 420w, https:\/\/anbico.vn\/wp-content\/uploads\/2019\/04\/19.4-01-768x512.jpg 768w, https:\/\/anbico.vn\/wp-content\/uploads\/2019\/04\/19.4-01-800x533.jpg 800w\" \/><\/li>\n<li>V\u1edbi ch\u1ecb em ph\u1ee5 n\u1eef, phanh xe kh\u00e1 quan tr\u1ecdng. Valerio \u0111\u01b0\u1ee3c trang b\u1ecb phanh \u0111\u0129a cho b\u00e1nh tr\u01b0\u1edbc, phanh c\u01a1 cho b\u00e1nh sau. V\u00ec v\u1eady, phanh ch\u1ec9 c\u1ea7n b\u00f3p nh\u1eb9 \u0111\u00e3 r\u1ea5t \u201c\u0103n\u201d.<img loading=\"lazy\" decoding=\"async\" class=\"wp-image-6436 size-large aligncenter lazy-load-active\" src=\"https:\/\/anbico.vn\/wp-content\/uploads\/2019\/04\/19.4-14-1024x683.jpg\" sizes=\"auto, (max-width: 1020px) 100vw, 1020px\" srcset=\"https:\/\/anbico.vn\/wp-content\/uploads\/2019\/04\/19.4-14-1024x683.jpg 1024w, https:\/\/anbico.vn\/wp-content\/uploads\/2019\/04\/19.4-14-300x200.jpg 300w, https:\/\/anbico.vn\/wp-content\/uploads\/2019\/04\/19.4-14-420x280.jpg 420w, https:\/\/anbico.vn\/wp-content\/uploads\/2019\/04\/19.4-14-768x512.jpg 768w, https:\/\/anbico.vn\/wp-content\/uploads\/2019\/04\/19.4-14-800x533.jpg 800w\" alt=\"\" width=\"1020\" height=\"680\" data-src=\"https:\/\/anbico.vn\/wp-content\/uploads\/2019\/04\/19.4-14-1024x683.jpg\" data-srcset=\"https:\/\/anbico.vn\/wp-content\/uploads\/2019\/04\/19.4-14-1024x683.jpg 1024w, https:\/\/anbico.vn\/wp-content\/uploads\/2019\/04\/19.4-14-300x200.jpg 300w, https:\/\/anbico.vn\/wp-content\/uploads\/2019\/04\/19.4-14-420x280.jpg 420w, https:\/\/anbico.vn\/wp-content\/uploads\/2019\/04\/19.4-14-768x512.jpg 768w, https:\/\/anbico.vn\/wp-content\/uploads\/2019\/04\/19.4-14-800x533.jpg 800w\" \/><\/li>\n<li>\u0110\u1ed9ng c\u01a1 ch\u1ed1ng n\u01b0\u1edbc m\u1ea1nh m\u1ebd c\u00f4ng su\u1ea5t 1.000w<img loading=\"lazy\" decoding=\"async\" class=\"wp-image-6439 size-large aligncenter lazy-load-active\" src=\"https:\/\/anbico.vn\/wp-content\/uploads\/2019\/04\/19.4-15-1024x683.jpg\" sizes=\"auto, (max-width: 1020px) 100vw, 1020px\" srcset=\"https:\/\/anbico.vn\/wp-content\/uploads\/2019\/04\/19.4-15-1024x683.jpg 1024w, https:\/\/anbico.vn\/wp-content\/uploads\/2019\/04\/19.4-15-300x200.jpg 300w, https:\/\/anbico.vn\/wp-content\/uploads\/2019\/04\/19.4-15-420x280.jpg 420w, https:\/\/anbico.vn\/wp-content\/uploads\/2019\/04\/19.4-15-768x512.jpg 768w, https:\/\/anbico.vn\/wp-content\/uploads\/2019\/04\/19.4-15-800x533.jpg 800w\" alt=\"\" width=\"1020\" height=\"680\" data-src=\"https:\/\/anbico.vn\/wp-content\/uploads\/2019\/04\/19.4-15-1024x683.jpg\" data-srcset=\"https:\/\/anbico.vn\/wp-content\/uploads\/2019\/04\/19.4-15-1024x683.jpg 1024w, https:\/\/anbico.vn\/wp-content\/uploads\/2019\/04\/19.4-15-300x200.jpg 300w, https:\/\/anbico.vn\/wp-content\/uploads\/2019\/04\/19.4-15-420x280.jpg 420w, https:\/\/anbico.vn\/wp-content\/uploads\/2019\/04\/19.4-15-768x512.jpg 768w, https:\/\/anbico.vn\/wp-content\/uploads\/2019\/04\/19.4-15-800x533.jpg 800w\" \/><\/li>\n<li>Valerio s\u1eed d\u1ee5ng \u1eafc quy Anbico ch\u00ednh h\u00e3ng, \u0111\u1ed9 b\u1ec1n cao. Qu\u00e3ng \u0111\u01b0\u1eddng di chuy\u1ec3n li\u00ean t\u1ee5c l\u00ean \u0111\u1ebfn 80km cho 1 l\u1ea7n s\u1ea1c \u0111\u1ea7y.<\/li>\n<\/ul>\n<h2><strong>TH\u00d4NG S\u1ed0 K\u1ef8 THU\u1eacT CHI TI\u1ebeT<\/strong><\/h2>\n<div class=\"product-table\">\n<table>\n<tbody>\n<tr>\n<td colspan=\"2\" width=\"571\"><strong>C\u1ea2 XE <\/strong><\/td>\n<\/tr>\n<tr>\n<td width=\"284\">Tr\u1ecdng l\u01b0\u1ee3ng b\u1ea3n th\u00e2n<\/td>\n<td width=\"287\">+\/- 90 kg<\/td>\n<\/tr>\n<tr>\n<td width=\"284\">K\u00edch th\u01b0\u1edbc d\u00e0i x r\u1ed9ng x cao<\/td>\n<td width=\"287\">1745mm x 690mm x 1125mm<\/td>\n<\/tr>\n<tr>\n<td width=\"284\">\u0110\u1ed9 cao y\u00ean<\/td>\n<td width=\"287\">770 mm<\/td>\n<\/tr>\n<tr>\n<td width=\"284\">T\u1ed1c \u0111\u1ed9 t\u1ed1i \u0111a<\/td>\n<td width=\"287\">40 \u2013 50 km\/h<\/td>\n<\/tr>\n<tr>\n<td width=\"284\">Qu\u00e3ng \u0111\u01b0\u1eddng \u0111i v\u1edbi 1 l\u1ea7n s\u1ea1c<\/td>\n<td width=\"287\">60 \u2013 80 km (tr\u1ea1ng th\u00e1i b\u00ecnh th\u01b0\u1eddng)<\/td>\n<\/tr>\n<tr>\n<td width=\"284\">Kho\u1ea3ng c\u00e1ch tr\u1ee5c b\u00e1nh<\/td>\n<td width=\"287\">1255 mm<\/td>\n<\/tr>\n<tr>\n<td width=\"284\">Kho\u1ea3ng c\u00e1ch g\u1ea7m xe<\/td>\n<td width=\"287\">160 mm<\/td>\n<\/tr>\n<tr>\n<td colspan=\"2\" width=\"571\"><strong>\u0110\u1ed8NG C\u01a0<\/strong><\/td>\n<\/tr>\n<tr>\n<td width=\"284\">C\u00f4ng su\u1ea5t l\u1edbn nh\u1ea5t<\/td>\n<td width=\"287\">1.000 W<\/td>\n<\/tr>\n<tr>\n<td width=\"284\">T\u1ed1c \u0111\u1ed9 v\u00f2ng quay \u0111\u1ecbnh m\u1ee9c<\/td>\n<td width=\"287\">280 r\/min<\/td>\n<\/tr>\n<tr>\n<td width=\"284\">\u0110i\u1ec7n \u00e1p ho\u1ea1t \u0111\u1ed9ng<\/td>\n<td width=\"287\">DC48V<\/td>\n<\/tr>\n<tr>\n<td width=\"284\">M\u00f4 men quay d\u1eabn ra \u0111\u1ecbnh m\u1ee9c<\/td>\n<td width=\"287\">5~8 N.m<\/td>\n<\/tr>\n<tr>\n<td width=\"284\">L\u01b0\u1ee3ng \u0111i\u1ec7n ti\u00eau hao cho 100km<\/td>\n<td width=\"287\">\u22641,2 kw<\/td>\n<\/tr>\n<tr>\n<td width=\"284\">Hi\u1ec7u su\u1ea5t<\/td>\n<td width=\"287\">&gt;80%<\/td>\n<\/tr>\n<tr>\n<td colspan=\"2\" width=\"571\"><strong>\u1eaeC QUY<\/strong><\/td>\n<\/tr>\n<tr>\n<td width=\"284\">\u0110i\u1ec7n \u00e1p<\/td>\n<td width=\"287\">60V<\/td>\n<\/tr>\n<tr>\n<td width=\"284\">Dung l\u01b0\u1ee3ng<\/td>\n<td width=\"287\">20Ah<\/td>\n<\/tr>\n<tr>\n<td width=\"284\">L\u01b0\u1ee3ng \u0111i\u1ec7n ti\u00eau hao t\u1ed1i \u0111a cho 01 l\u1ea7n s\u1ea1c<\/td>\n<td width=\"287\">\u2264 0.5 kw<\/td>\n<\/tr>\n<tr>\n<td width=\"284\">B\u1ed9 \u0111i\u1ec1u khi\u1ec3n b\u1ea3o v\u1ec7 s\u1ee5t \u00e1p \u1eafc quy<\/td>\n<td width=\"287\">42.5V\u00b10.5V<\/td>\n<\/tr>\n<tr>\n<td colspan=\"2\" width=\"571\"><strong>B\u1ed8 \u0110I\u1ec0U KHI\u1ec2N<\/strong><\/td>\n<\/tr>\n<tr>\n<td width=\"284\">\u0110i\u1ec7n \u00e1p<\/td>\n<td width=\"287\">60V<\/td>\n<\/tr>\n<tr>\n<td width=\"284\">B\u1ea3o v\u1ec7 \u0111i\u1ec7n \u00e1p th\u1ea5p<\/td>\n<td width=\"287\">42 \u00b1 0.5V<\/td>\n<\/tr>\n<tr>\n<td width=\"284\">B\u1ea3o v\u1ec7 qu\u00e1 d\u00f2ng<\/td>\n<td width=\"287\">22 \u00b1 0.1A<\/td>\n<\/tr>\n<\/tbody>\n<\/table>\n<\/div>\n","protected":false},"excerpt":{"rendered":"<ul>\n<li>\n<ul>\n<li>B\u1ea3o h\u00e0nh \u0111\u1ed9ng c\u01a1 \u0111i\u1ec7n: 1 n\u0103m.<\/li>\n<li>B\u1ea3o h\u00e0nh b\u1ed9 \u0111i\u1ec1u khi\u1ec3n: 1 n\u0103m.<\/li>\n<li>B\u1ea3o h\u00e0nh \u1eafc quy: thay th\u1ebf trong v\u00f2ng 6 th\u00e1ng \u2013 s\u1eeda ch\u1eefa trong v\u00f2ng 1 n\u0103m.<\/li>\n<li>B\u1ea3o h\u00e0nh gi\u1ea3m s\u00f3c: gi\u1ea3m s\u00f3c tr\u01b0\u1edbc 6 th\u00e1ng \u2013 gi\u1ea3m s\u00f3c sau 2 n\u0103m<\/li>\n<li>B\u1ea3o h\u00e0nh khung xe, tay l\u00e1i: trong v\u00f2ng 1 n\u0103m<\/li>\n<\/ul>\n<h4><span style=\"color: #ff0000;\"><strong>Khuy\u1ebfn m\u1ea1i:<\/strong><\/span><\/h4>\n<ul>\n<li>Giao h\u00e0ng mi\u1ec5n ph\u00ed trong 30km.<\/li>\n<li>M\u0169 b\u1ea3o hi\u1ec3m \u0111\u1ea1t chu\u1ea9n.<\/li>\n<li>\u00c1o m\u01b0a \u0111\u1ea1t chu\u1ea9n.<\/li>\n<li>Gi\u1ecf xe.<\/li>\n<\/ul>\n<\/li>\n<\/ul>\n","protected":false},"featured_media":477,"template":"","meta":[],"class_list":{"0":"post-474","1":"product","2":"type-product","3":"status-publish","4":"has-post-thumbnail","6":"product_cat-anbico","8":"first","9":"instock","10":"featured","11":"shipping-taxable","12":"product-type-simple"},"yoast_head":"<!-- This site is optimized with the Yoast SEO plugin v19.10 - https:\/\/yoast.com\/wordpress\/plugins\/seo\/ -->\n<title>ANBICO VALERIO -<\/title>\n<meta name=\"robots\" content=\"index, follow, max-snippet:-1, max-image-preview:large, max-video-preview:-1\" \/>\n<link rel=\"canonical\" href=\"https:\/\/duyhungmotor.com\/?product=anbico-valerio\" \/>\n<meta property=\"og:locale\" content=\"vi_VN\" \/>\n<meta property=\"og:type\" content=\"article\" \/>\n<meta property=\"og:title\" content=\"ANBICO VALERIO -\" \/>\n<meta property=\"og:description\" content=\"B\u1ea3o h\u00e0nh \u0111\u1ed9ng c\u01a1 \u0111i\u1ec7n: 1 n\u0103m.  B\u1ea3o h\u00e0nh b\u1ed9 \u0111i\u1ec1u khi\u1ec3n: 1 n\u0103m.  B\u1ea3o h\u00e0nh \u1eafc quy: thay th\u1ebf trong v\u00f2ng 6 th\u00e1ng \u2013 s\u1eeda ch\u1eefa trong v\u00f2ng 1 n\u0103m.  B\u1ea3o h\u00e0nh gi\u1ea3m s\u00f3c: gi\u1ea3m s\u00f3c tr\u01b0\u1edbc 6 th\u00e1ng \u2013 gi\u1ea3m s\u00f3c sau 2 n\u0103m  B\u1ea3o h\u00e0nh khung xe, tay l\u00e1i: trong v\u00f2ng 1 n\u0103m  Khuy\u1ebfn m\u1ea1i:   Giao h\u00e0ng mi\u1ec5n ph\u00ed trong 30km.  M\u0169 b\u1ea3o hi\u1ec3m \u0111\u1ea1t chu\u1ea9n.  \u00c1o m\u01b0a \u0111\u1ea1t chu\u1ea9n.  Gi\u1ecf xe.\" \/>\n<meta property=\"og:url\" content=\"https:\/\/duyhungmotor.com\/?product=anbico-valerio\" \/>\n<meta property=\"article:modified_time\" content=\"2020-11-26T17:31:45+00:00\" \/>\n<meta property=\"og:image\" content=\"https:\/\/duyhungmotor.com\/wp-content\/uploads\/2020\/11\/DSC_9753-copy.jpg\" \/>\n\t<meta property=\"og:image:width\" content=\"906\" \/>\n\t<meta property=\"og:image:height\" content=\"605\" \/>\n\t<meta property=\"og:image:type\" content=\"image\/jpeg\" \/>\n<meta name=\"twitter:card\" content=\"summary_large_image\" \/>\n<meta name=\"twitter:label1\" content=\"\u01af\u1edbc t\u00ednh th\u1eddi gian \u0111\u1ecdc\" \/>\n\t<meta name=\"twitter:data1\" content=\"4 ph\u00fat\" \/>\n<script type=\"application\/ld+json\" class=\"yoast-schema-graph\">{\"@context\":\"https:\/\/schema.org\",\"@graph\":[{\"@type\":\"WebPage\",\"@id\":\"https:\/\/duyhungmotor.com\/?product=anbico-valerio\",\"url\":\"https:\/\/duyhungmotor.com\/?product=anbico-valerio\",\"name\":\"ANBICO VALERIO -\",\"isPartOf\":{\"@id\":\"https:\/\/duyhungmotor.com\/#website\"},\"datePublished\":\"2020-11-11T08:06:36+00:00\",\"dateModified\":\"2020-11-26T17:31:45+00:00\",\"breadcrumb\":{\"@id\":\"https:\/\/duyhungmotor.com\/?product=anbico-valerio#breadcrumb\"},\"inLanguage\":\"vi\",\"potentialAction\":[{\"@type\":\"ReadAction\",\"target\":[\"https:\/\/duyhungmotor.com\/?product=anbico-valerio\"]}]},{\"@type\":\"BreadcrumbList\",\"@id\":\"https:\/\/duyhungmotor.com\/?product=anbico-valerio#breadcrumb\",\"itemListElement\":[{\"@type\":\"ListItem\",\"position\":1,\"name\":\"Trang ch\u1ee7\",\"item\":\"https:\/\/duyhungmotor.com\/\"},{\"@type\":\"ListItem\",\"position\":2,\"name\":\"ANBICO VALERIO\"}]},{\"@type\":\"WebSite\",\"@id\":\"https:\/\/duyhungmotor.com\/#website\",\"url\":\"https:\/\/duyhungmotor.com\/\",\"name\":\"\",\"description\":\"\u0110\u1ea1i l\u00fd Xe M\u00e1y - Xe \u0110i\u1ec7n\",\"potentialAction\":[{\"@type\":\"SearchAction\",\"target\":{\"@type\":\"EntryPoint\",\"urlTemplate\":\"https:\/\/duyhungmotor.com\/?s={search_term_string}\"},\"query-input\":\"required name=search_term_string\"}],\"inLanguage\":\"vi\"}]}<\/script>\n<!-- \/ Yoast SEO plugin. -->","yoast_head_json":{"title":"ANBICO VALERIO -","robots":{"index":"index","follow":"follow","max-snippet":"max-snippet:-1","max-image-preview":"max-image-preview:large","max-video-preview":"max-video-preview:-1"},"canonical":"https:\/\/duyhungmotor.com\/?product=anbico-valerio","og_locale":"vi_VN","og_type":"article","og_title":"ANBICO VALERIO -","og_description":"B\u1ea3o h\u00e0nh \u0111\u1ed9ng c\u01a1 \u0111i\u1ec7n: 1 n\u0103m.  B\u1ea3o h\u00e0nh b\u1ed9 \u0111i\u1ec1u khi\u1ec3n: 1 n\u0103m.  B\u1ea3o h\u00e0nh \u1eafc quy: thay th\u1ebf trong v\u00f2ng 6 th\u00e1ng \u2013 s\u1eeda ch\u1eefa trong v\u00f2ng 1 n\u0103m.  B\u1ea3o h\u00e0nh gi\u1ea3m s\u00f3c: gi\u1ea3m s\u00f3c tr\u01b0\u1edbc 6 th\u00e1ng \u2013 gi\u1ea3m s\u00f3c sau 2 n\u0103m  B\u1ea3o h\u00e0nh khung xe, tay l\u00e1i: trong v\u00f2ng 1 n\u0103m  Khuy\u1ebfn m\u1ea1i:   Giao h\u00e0ng mi\u1ec5n ph\u00ed trong 30km.  M\u0169 b\u1ea3o hi\u1ec3m \u0111\u1ea1t chu\u1ea9n.  \u00c1o m\u01b0a \u0111\u1ea1t chu\u1ea9n.  Gi\u1ecf xe.","og_url":"https:\/\/duyhungmotor.com\/?product=anbico-valerio","article_modified_time":"2020-11-26T17:31:45+00:00","og_image":[{"width":906,"height":605,"url":"https:\/\/duyhungmotor.com\/wp-content\/uploads\/2020\/11\/DSC_9753-copy.jpg","type":"image\/jpeg"}],"twitter_card":"summary_large_image","twitter_misc":{"\u01af\u1edbc t\u00ednh th\u1eddi gian \u0111\u1ecdc":"4 ph\u00fat"},"schema":{"@context":"https:\/\/schema.org","@graph":[{"@type":"WebPage","@id":"https:\/\/duyhungmotor.com\/?product=anbico-valerio","url":"https:\/\/duyhungmotor.com\/?product=anbico-valerio","name":"ANBICO VALERIO -","isPartOf":{"@id":"https:\/\/duyhungmotor.com\/#website"},"datePublished":"2020-11-11T08:06:36+00:00","dateModified":"2020-11-26T17:31:45+00:00","breadcrumb":{"@id":"https:\/\/duyhungmotor.com\/?product=anbico-valerio#breadcrumb"},"inLanguage":"vi","potentialAction":[{"@type":"ReadAction","target":["https:\/\/duyhungmotor.com\/?product=anbico-valerio"]}]},{"@type":"BreadcrumbList","@id":"https:\/\/duyhungmotor.com\/?product=anbico-valerio#breadcrumb","itemListElement":[{"@type":"ListItem","position":1,"name":"Trang ch\u1ee7","item":"https:\/\/duyhungmotor.com\/"},{"@type":"ListItem","position":2,"name":"ANBICO VALERIO"}]},{"@type":"WebSite","@id":"https:\/\/duyhungmotor.com\/#website","url":"https:\/\/duyhungmotor.com\/","name":"","description":"\u0110\u1ea1i l\u00fd Xe M\u00e1y - Xe \u0110i\u1ec7n","potentialAction":[{"@type":"SearchAction","target":{"@type":"EntryPoint","urlTemplate":"https:\/\/duyhungmotor.com\/?s={search_term_string}"},"query-input":"required name=search_term_string"}],"inLanguage":"vi"}]}},"_links":{"self":[{"href":"https:\/\/duyhungmotor.com\/index.php?rest_route=\/wp\/v2\/product\/474","targetHints":{"allow":["GET"]}}],"collection":[{"href":"https:\/\/duyhungmotor.com\/index.php?rest_route=\/wp\/v2\/product"}],"about":[{"href":"https:\/\/duyhungmotor.com\/index.php?rest_route=\/wp\/v2\/types\/product"}],"wp:featuredmedia":[{"embeddable":true,"href":"https:\/\/duyhungmotor.com\/index.php?rest_route=\/wp\/v2\/media\/477"}],"wp:attachment":[{"href":"https:\/\/duyhungmotor.com\/index.php?rest_route=%2Fwp%2Fv2%2Fmedia&parent=474"}],"curies":[{"name":"wp","href":"https:\/\/api.w.org\/{rel}","templated":true}]}}