{"id":437,"date":"2020-11-11T14:49:39","date_gmt":"2020-11-11T07:49:39","guid":{"rendered":"http:\/\/duyhungmotor.com\/?post_type=product&#038;p=437"},"modified":"2020-11-27T00:35:09","modified_gmt":"2020-11-26T17:35:09","slug":"anbico-xmen-boss","status":"publish","type":"product","link":"https:\/\/duyhungmotor.com\/?product=anbico-xmen-boss","title":{"rendered":"ANBICO XMEN BOSS"},"content":{"rendered":"<p class=\"thin-font\"><b><i>Anbico Xmen Boss l\u1ea5y c\u1ea3m h\u1ee9ng thi\u1ebft k\u1ebf t\u1eeb khu\u00f4n m\u1eabu F35 Hoa K\u1ef3 <\/i><\/b>L\u00e0 d\u00f2ng xe \u0111i\u1ec7n \u0111\u01b0\u1ee3c \u0111\u00e1nh gi\u00e1 cao hi\u1ec7n nay v\u1edbi thi\u1ebft k\u1ebf b\u1eaft m\u1eaft, \u0111\u1ed9ng c\u01a1 ho\u00e0n h\u1ea3o ch\u1ed1ng n\u01b0\u1edbc t\u1ed1t, n\u01b0\u1edbc s\u01a1n b\u1ec1n b\u1ec9 tu\u1ed5i th\u1ecd cao<\/p>\n<p class=\"thin-font\"><strong>1.Thi\u1ebft k\u1ebf\u00a0<\/strong><\/p>\n<p class=\"thin-font\"><b><i>\u00a0Anbico Xmen Boss <\/i><\/b>c\u00f3 c\u1ee5m \u0111\u00e8n pha ph\u00eda tr\u01b0\u1edbc \u0111\u01b0\u1ee3c thi\u1ebft k\u1ebf \u0111\u1eb7c bi\u1ec7t v\u1edbi \u0111\u00e8n pha l\u1edbn chi\u1ebfu s\u00e1ng v\u1edbi g\u00f3c 1800, t\u1ea7m chi\u1ebfu xa h\u01a1n 100m gi\u00fap chi\u1ebfc xe d\u1ec5 d\u00e0ng \u0111\u01b0\u1ee3c quan s\u00e1t khi di chuy\u1ec3n trong c\u00e1c \u0111i\u1ec1u ki\u1ec7n \u00e1nh s\u00e1ng kh\u00e1c nhau. \u0110\u00e8n led th\u1ea5u k\u00ednh 7 m\u00e0u c\u00f9ng c\u00f4ng ngh\u1ec7 chi\u1ebfu s\u00e1ng ho\u00e0n h\u1ea3o, s\u1eed d\u1ee5ng \u00e1nh s\u00e1ng tr\u1eafng cho v\u00f9ng chi\u1ebfu r\u1ed9ng nh\u01b0ng l\u1ea1i kh\u00f4ng b\u1ecb t\u1ea3n m\u1ea1n ra b\u00ean ngo\u00e0i v\u00e0 lu\u00f4n \u0111\u1ea3m b\u1ea3o \u0111\u1ea7y \u0111\u1ee7 \u00e1nh s\u00e1ng cho di chuy\u1ec3n \u1edf nh\u1eefng \u0111o\u1ea1n \u0111\u01b0\u1eddng thi\u1ebfu \u00e1nh s\u00e1ng. K\u1ebft h\u1ee3p v\u1edbi thi\u1ebft k\u1ebf vi\u1ec1n ngo\u00e0i s\u00e1ng b\u00f3ng v\u00e0 b\u1eaft m\u1eaft mang l\u1ea1i cho xe m\u1ed9t v\u1ebb \u0111\u1eb9p thu h\u00fat.<\/p>\n<p class=\"thin-font\"><img loading=\"lazy\" decoding=\"async\" class=\"alignnone wp-image-7927 size-full lazy-load-active\" src=\"https:\/\/anbico.vn\/wp-content\/uploads\/2020\/01\/xmen-boss1.jpg\" sizes=\"auto, (max-width: 1000px) 100vw, 1000px\" srcset=\"https:\/\/anbico.vn\/wp-content\/uploads\/2020\/01\/xmen-boss1.jpg 1000w, https:\/\/anbico.vn\/wp-content\/uploads\/2020\/01\/xmen-boss1-420x248.jpg 420w, https:\/\/anbico.vn\/wp-content\/uploads\/2020\/01\/xmen-boss1-300x177.jpg 300w, https:\/\/anbico.vn\/wp-content\/uploads\/2020\/01\/xmen-boss1-768x453.jpg 768w, https:\/\/anbico.vn\/wp-content\/uploads\/2020\/01\/xmen-boss1-800x472.jpg 800w\" alt=\"\" width=\"1000\" height=\"590\" data-src=\"https:\/\/anbico.vn\/wp-content\/uploads\/2020\/01\/xmen-boss1.jpg\" data-srcset=\"https:\/\/anbico.vn\/wp-content\/uploads\/2020\/01\/xmen-boss1.jpg 1000w, https:\/\/anbico.vn\/wp-content\/uploads\/2020\/01\/xmen-boss1-420x248.jpg 420w, https:\/\/anbico.vn\/wp-content\/uploads\/2020\/01\/xmen-boss1-300x177.jpg 300w, https:\/\/anbico.vn\/wp-content\/uploads\/2020\/01\/xmen-boss1-768x453.jpg 768w, https:\/\/anbico.vn\/wp-content\/uploads\/2020\/01\/xmen-boss1-800x472.jpg 800w\" \/><\/p>\n<p>Khung th\u00e9p si\u00eau c\u1ee9ng v\u1edbi v\u00e0nh \u0111\u00fac nguy\u00ean kh\u1ed1i b\u1eb1ng h\u1ee3p kim sang tr\u1ecdng, s\u01a1n b\u00f3ng t\u0129nh \u0111i\u1ec7n 3 l\u1edbp c\u00f4ng ngh\u1ec7 \u0110\u1ee9c ch\u1ed1ng x\u01b0\u1edbc, bay m\u00e0u<\/p>\n<ol start=\"2\">\n<li><strong>T\u00ednh N\u0103ng\u00a0<\/strong><\/li>\n<\/ol>\n<p><strong><em>\u00a0Anbico Xmen Boss <\/em><\/strong><strong>\u0110\u1ed3ng h\u1ed3 c\u00f4ng t\u01a1 m\u00e9t th\u00f4ng minh. Cho \u0111\u1ea7y \u0111\u1ee7 c\u00e1c th\u00f4ng s\u1ed1 v\u1eadn h\u00e0nh nh\u01b0: V\u1eacN T\u1ed0C; \u0110\u00c8N PHA, \u0110\u00c8N B\u00c1O, S\u1ed0 KM \u0110\u00c3 \u0110I \u0110\u01af\u1ee2C, N\u0102NG L\u01af\u1ee2NG PIN C\u00d2N L\u1ea0I..<\/strong><\/p>\n<p><img loading=\"lazy\" decoding=\"async\" class=\"alignnone wp-image-7926 size-full lazy-load-active\" src=\"https:\/\/anbico.vn\/wp-content\/uploads\/2020\/01\/xmen-boss-4.jpg\" sizes=\"auto, (max-width: 1000px) 100vw, 1000px\" srcset=\"https:\/\/anbico.vn\/wp-content\/uploads\/2020\/01\/xmen-boss-4.jpg 1000w, https:\/\/anbico.vn\/wp-content\/uploads\/2020\/01\/xmen-boss-4-420x290.jpg 420w, https:\/\/anbico.vn\/wp-content\/uploads\/2020\/01\/xmen-boss-4-300x207.jpg 300w, https:\/\/anbico.vn\/wp-content\/uploads\/2020\/01\/xmen-boss-4-768x531.jpg 768w, https:\/\/anbico.vn\/wp-content\/uploads\/2020\/01\/xmen-boss-4-800x553.jpg 800w\" alt=\"\" width=\"1000\" height=\"691\" data-src=\"https:\/\/anbico.vn\/wp-content\/uploads\/2020\/01\/xmen-boss-4.jpg\" data-srcset=\"https:\/\/anbico.vn\/wp-content\/uploads\/2020\/01\/xmen-boss-4.jpg 1000w, https:\/\/anbico.vn\/wp-content\/uploads\/2020\/01\/xmen-boss-4-420x290.jpg 420w, https:\/\/anbico.vn\/wp-content\/uploads\/2020\/01\/xmen-boss-4-300x207.jpg 300w, https:\/\/anbico.vn\/wp-content\/uploads\/2020\/01\/xmen-boss-4-768x531.jpg 768w, https:\/\/anbico.vn\/wp-content\/uploads\/2020\/01\/xmen-boss-4-800x553.jpg 800w\" \/><\/p>\n<h4><b><i>\u00a0Anbico Xmen Boss <\/i><\/b>\u0110\u1ed9ng c\u01a1 si\u00eau m\u1ea1nh m\u1ebd c\u00f4ng su\u1ea5t 1.000W 5 b\u00ecnh 20A60V<\/h4>\n<p><img loading=\"lazy\" decoding=\"async\" class=\"alignnone wp-image-7925 size-full lazy-load-active\" src=\"https:\/\/anbico.vn\/wp-content\/uploads\/2020\/01\/xmen-boss-3.jpg\" sizes=\"auto, (max-width: 1000px) 100vw, 1000px\" srcset=\"https:\/\/anbico.vn\/wp-content\/uploads\/2020\/01\/xmen-boss-3.jpg 1000w, https:\/\/anbico.vn\/wp-content\/uploads\/2020\/01\/xmen-boss-3-420x280.jpg 420w, https:\/\/anbico.vn\/wp-content\/uploads\/2020\/01\/xmen-boss-3-300x200.jpg 300w, https:\/\/anbico.vn\/wp-content\/uploads\/2020\/01\/xmen-boss-3-768x512.jpg 768w, https:\/\/anbico.vn\/wp-content\/uploads\/2020\/01\/xmen-boss-3-800x534.jpg 800w\" alt=\"\" width=\"1000\" height=\"667\" data-src=\"https:\/\/anbico.vn\/wp-content\/uploads\/2020\/01\/xmen-boss-3.jpg\" data-srcset=\"https:\/\/anbico.vn\/wp-content\/uploads\/2020\/01\/xmen-boss-3.jpg 1000w, https:\/\/anbico.vn\/wp-content\/uploads\/2020\/01\/xmen-boss-3-420x280.jpg 420w, https:\/\/anbico.vn\/wp-content\/uploads\/2020\/01\/xmen-boss-3-300x200.jpg 300w, https:\/\/anbico.vn\/wp-content\/uploads\/2020\/01\/xmen-boss-3-768x512.jpg 768w, https:\/\/anbico.vn\/wp-content\/uploads\/2020\/01\/xmen-boss-3-800x534.jpg 800w\" \/><\/p>\n<h4><b><i>\u00a0<\/i><\/b><b><i>\u00a0Anbico Xmen Boss <\/i><\/b>L\u1ed0P \u0110\u1eb6C KH\u00d4NG S\u0102M . L\u1ed1p chuy\u00ean d\u1ee5ng cho xe \u0111i\u1ec7n, an to\u00e0n tuy\u1ec7t \u0111\u1ed1i khi s\u1eed d\u1ee5ng. \u1ed0p c\u00e0ng sau n\u00e2ng c\u1ea5p m\u1edbi, gi\u00fap ngo\u1ea1i quan xe c\u00e2n \u0111\u1ed1i v\u00e0 kh\u1ecfe kho\u1eafn h\u01a1n.<\/h4>\n<p><img loading=\"lazy\" decoding=\"async\" class=\"alignnone wp-image-7924 size-full lazy-load-active\" src=\"https:\/\/anbico.vn\/wp-content\/uploads\/2020\/01\/xmen-boss-2.jpg\" sizes=\"auto, (max-width: 1000px) 100vw, 1000px\" srcset=\"https:\/\/anbico.vn\/wp-content\/uploads\/2020\/01\/xmen-boss-2.jpg 1000w, https:\/\/anbico.vn\/wp-content\/uploads\/2020\/01\/xmen-boss-2-420x280.jpg 420w, https:\/\/anbico.vn\/wp-content\/uploads\/2020\/01\/xmen-boss-2-300x200.jpg 300w, https:\/\/anbico.vn\/wp-content\/uploads\/2020\/01\/xmen-boss-2-768x512.jpg 768w, https:\/\/anbico.vn\/wp-content\/uploads\/2020\/01\/xmen-boss-2-800x534.jpg 800w\" alt=\"\" width=\"1000\" height=\"667\" data-src=\"https:\/\/anbico.vn\/wp-content\/uploads\/2020\/01\/xmen-boss-2.jpg\" data-srcset=\"https:\/\/anbico.vn\/wp-content\/uploads\/2020\/01\/xmen-boss-2.jpg 1000w, https:\/\/anbico.vn\/wp-content\/uploads\/2020\/01\/xmen-boss-2-420x280.jpg 420w, https:\/\/anbico.vn\/wp-content\/uploads\/2020\/01\/xmen-boss-2-300x200.jpg 300w, https:\/\/anbico.vn\/wp-content\/uploads\/2020\/01\/xmen-boss-2-768x512.jpg 768w, https:\/\/anbico.vn\/wp-content\/uploads\/2020\/01\/xmen-boss-2-800x534.jpg 800w\" \/><\/p>\n<h4><b><i>\u00a0Anbico Xmen Boss <\/i><\/b>N\u00fat 3 t\u1ed1c \u0111\u1ed9 gi\u00fap b\u1ea1n an to\u00e0n tuy\u1ec7t \u0111\u1ed1i, ti\u1ebft ki\u1ec7m \u0111i\u1ec7n n\u0103ng t\u1ef1 \u0111\u1ed9ng khi xe d\u1eebng \u0111\u1ed7 qu\u00e1 l\u00e2u.T\u00edch h\u1ee3p c\u00f4ng ngh\u1ec7 Parking ch\u1ed1ng c\u01b0\u1edbp ga, an to\u00e0n cho ng\u01b0\u1eddi gi\u00e0 v\u00e0 tr\u1ebb nh\u1ecf<\/h4>\n<p><img loading=\"lazy\" decoding=\"async\" class=\"alignnone wp-image-7922 size-full lazy-load-active\" src=\"https:\/\/anbico.vn\/wp-content\/uploads\/2020\/01\/tay-lai-xmen.jpg\" sizes=\"auto, (max-width: 900px) 100vw, 900px\" srcset=\"https:\/\/anbico.vn\/wp-content\/uploads\/2020\/01\/tay-lai-xmen.jpg 900w, https:\/\/anbico.vn\/wp-content\/uploads\/2020\/01\/tay-lai-xmen-420x280.jpg 420w, https:\/\/anbico.vn\/wp-content\/uploads\/2020\/01\/tay-lai-xmen-300x200.jpg 300w, https:\/\/anbico.vn\/wp-content\/uploads\/2020\/01\/tay-lai-xmen-768x512.jpg 768w, https:\/\/anbico.vn\/wp-content\/uploads\/2020\/01\/tay-lai-xmen-800x533.jpg 800w\" alt=\"\" width=\"900\" height=\"600\" data-src=\"https:\/\/anbico.vn\/wp-content\/uploads\/2020\/01\/tay-lai-xmen.jpg\" data-srcset=\"https:\/\/anbico.vn\/wp-content\/uploads\/2020\/01\/tay-lai-xmen.jpg 900w, https:\/\/anbico.vn\/wp-content\/uploads\/2020\/01\/tay-lai-xmen-420x280.jpg 420w, https:\/\/anbico.vn\/wp-content\/uploads\/2020\/01\/tay-lai-xmen-300x200.jpg 300w, https:\/\/anbico.vn\/wp-content\/uploads\/2020\/01\/tay-lai-xmen-768x512.jpg 768w, https:\/\/anbico.vn\/wp-content\/uploads\/2020\/01\/tay-lai-xmen-800x533.jpg 800w\" \/><\/p>\n<h4><b><i>Anbico Xmen Boss <\/i><\/b>Trang b\u1ecb ch\u1ee9c n\u0103ng c\u1ee9u h\u1ed9 kh\u1ea9n c\u1ea5p l\u1ea7n \u0111\u1ea7u ti\u00ean \u1ee9ng d\u1ee5ng cho xe \u0111i\u1ec7n tr\u00ean th\u1ebf gi\u1edbi<\/h4>\n<p>gi\u00fap b\u1ea1n kh\u00f4ng ph\u1ea3i lo d\u1eaft xe khi tr\u1eddi n\u0103ng hay m\u01b0a l\u1edbn, ch\u1ec9 1 n\u00fat b\u1ea5m xe t\u1ef1 s\u1eeda ch\u1eefa v\u00e0 ho\u1ea1t \u0111\u1ed9ng b\u00ecnh th\u01b0\u1eddng \u0111\u1ec3 \u0111i v\u1ec1 tr\u1ea1m d\u1ecbch v\u1ee5 g\u1ea7n nh\u1ea5t<\/p>\n<p><img loading=\"lazy\" decoding=\"async\" class=\"alignnone wp-image-8304 size-full lazy-load-active\" src=\"https:\/\/anbico.vn\/wp-content\/uploads\/2020\/01\/cuu-ho-1.jpg\" sizes=\"auto, (max-width: 900px) 100vw, 900px\" srcset=\"https:\/\/anbico.vn\/wp-content\/uploads\/2020\/01\/cuu-ho-1.jpg 900w, https:\/\/anbico.vn\/wp-content\/uploads\/2020\/01\/cuu-ho-1-420x270.jpg 420w, https:\/\/anbico.vn\/wp-content\/uploads\/2020\/01\/cuu-ho-1-300x193.jpg 300w, https:\/\/anbico.vn\/wp-content\/uploads\/2020\/01\/cuu-ho-1-768x494.jpg 768w, https:\/\/anbico.vn\/wp-content\/uploads\/2020\/01\/cuu-ho-1-800x515.jpg 800w\" alt=\"\" width=\"900\" height=\"579\" data-src=\"https:\/\/anbico.vn\/wp-content\/uploads\/2020\/01\/cuu-ho-1.jpg\" data-srcset=\"https:\/\/anbico.vn\/wp-content\/uploads\/2020\/01\/cuu-ho-1.jpg 900w, https:\/\/anbico.vn\/wp-content\/uploads\/2020\/01\/cuu-ho-1-420x270.jpg 420w, https:\/\/anbico.vn\/wp-content\/uploads\/2020\/01\/cuu-ho-1-300x193.jpg 300w, https:\/\/anbico.vn\/wp-content\/uploads\/2020\/01\/cuu-ho-1-768x494.jpg 768w, https:\/\/anbico.vn\/wp-content\/uploads\/2020\/01\/cuu-ho-1-800x515.jpg 800w\" \/><\/p>\n<h4><b><i>\u00a0Anbico Xmen Boss <\/i><\/b>Trang b\u1ecb kh\u00f3a \u0111i\u1ec7n th\u00f4ng minh 2 c\u00f4ng ngh\u1ec7 ch\u1ed1ng tr\u1ed9m v\u00e0 t\u00ecm xe, c\u1ed1p xe r\u1ed9ng 22L<\/h4>\n<p><img loading=\"lazy\" decoding=\"async\" class=\"alignnone wp-image-7929 size-full lazy-load-active\" src=\"https:\/\/anbico.vn\/wp-content\/uploads\/2020\/01\/cop-xmen-boss.jpg\" sizes=\"auto, (max-width: 900px) 100vw, 900px\" srcset=\"https:\/\/anbico.vn\/wp-content\/uploads\/2020\/01\/cop-xmen-boss.jpg 900w, https:\/\/anbico.vn\/wp-content\/uploads\/2020\/01\/cop-xmen-boss-420x280.jpg 420w, https:\/\/anbico.vn\/wp-content\/uploads\/2020\/01\/cop-xmen-boss-300x200.jpg 300w, https:\/\/anbico.vn\/wp-content\/uploads\/2020\/01\/cop-xmen-boss-768x512.jpg 768w, https:\/\/anbico.vn\/wp-content\/uploads\/2020\/01\/cop-xmen-boss-800x533.jpg 800w\" alt=\"\" width=\"900\" height=\"600\" data-src=\"https:\/\/anbico.vn\/wp-content\/uploads\/2020\/01\/cop-xmen-boss.jpg\" data-srcset=\"https:\/\/anbico.vn\/wp-content\/uploads\/2020\/01\/cop-xmen-boss.jpg 900w, https:\/\/anbico.vn\/wp-content\/uploads\/2020\/01\/cop-xmen-boss-420x280.jpg 420w, https:\/\/anbico.vn\/wp-content\/uploads\/2020\/01\/cop-xmen-boss-300x200.jpg 300w, https:\/\/anbico.vn\/wp-content\/uploads\/2020\/01\/cop-xmen-boss-768x512.jpg 768w, https:\/\/anbico.vn\/wp-content\/uploads\/2020\/01\/cop-xmen-boss-800x533.jpg 800w\" \/><\/p>\n<h4><b><i>\u00a0Anbico Xmen Boss<\/i><\/b>\u00a0s\u1eed d\u1ee5ng gi\u1ea3m s\u00f3c \u0111\u00f4i th\u1ee7y l\u1ef1c h\u00e0ng \u0111\u1ea7u tr\u00ean th\u1ebf gi\u1edbi gi\u00fap cho xe c\u00e2n \u0111\u1ed1i h\u01a1n, gi\u00fap tri\u1ec7t ti\u00eau l\u1ef1c t\u00e1c \u0111\u1ed9ng t\u1eeb b\u00e1nh xe c\u0169ng nh\u01b0 gi\u1ea3m ch\u1ea5n l\u00ean xe t\u1ed1t h\u01a1n.<\/h4>\n<p><img loading=\"lazy\" decoding=\"async\" class=\"alignnone wp-image-7923 size-full lazy-load-active\" src=\"https:\/\/anbico.vn\/wp-content\/uploads\/2020\/01\/giam-soc-xmen.jpg\" sizes=\"auto, (max-width: 900px) 100vw, 900px\" srcset=\"https:\/\/anbico.vn\/wp-content\/uploads\/2020\/01\/giam-soc-xmen.jpg 900w, https:\/\/anbico.vn\/wp-content\/uploads\/2020\/01\/giam-soc-xmen-420x331.jpg 420w, https:\/\/anbico.vn\/wp-content\/uploads\/2020\/01\/giam-soc-xmen-300x237.jpg 300w, https:\/\/anbico.vn\/wp-content\/uploads\/2020\/01\/giam-soc-xmen-768x606.jpg 768w, https:\/\/anbico.vn\/wp-content\/uploads\/2020\/01\/giam-soc-xmen-800x631.jpg 800w\" alt=\"\" width=\"900\" height=\"710\" data-src=\"https:\/\/anbico.vn\/wp-content\/uploads\/2020\/01\/giam-soc-xmen.jpg\" data-srcset=\"https:\/\/anbico.vn\/wp-content\/uploads\/2020\/01\/giam-soc-xmen.jpg 900w, https:\/\/anbico.vn\/wp-content\/uploads\/2020\/01\/giam-soc-xmen-420x331.jpg 420w, https:\/\/anbico.vn\/wp-content\/uploads\/2020\/01\/giam-soc-xmen-300x237.jpg 300w, https:\/\/anbico.vn\/wp-content\/uploads\/2020\/01\/giam-soc-xmen-768x606.jpg 768w, https:\/\/anbico.vn\/wp-content\/uploads\/2020\/01\/giam-soc-xmen-800x631.jpg 800w\" \/><\/p>\n<h4>To\u00e0n b\u1ed9 ph\u1ea7n khung xe \u0111\u01b0\u1ee3c ch\u1ebf t\u1ea1o b\u1eb1ng th\u00e9p kh\u00f4ng g\u1ec9 si\u00eau b\u1ec1n gi\u00fap Xmen Boss c\u00f3 th\u1ec3 ch\u1ecbu \u0111\u01b0\u1ee3c m\u1ee9c t\u1ea3i tr\u1ecdng l\u00ean \u0111\u1ebfn 200kg. Kh\u00f4ng ch\u1ec9 th\u1ebf, to\u00e0n b\u1ed9 ph\u1ea7n v\u1ecf xe c\u0169ng \u0111\u01b0\u1ee3c ch\u1ebf t\u1ea1o b\u1eb1ng nh\u1ef1a cao c\u1ea5p ABS c\u00f3 kh\u1ea3 n\u0103ng ch\u1ecbu l\u1ef1c cao k\u1ebft h\u1ee3p v\u1edbi l\u1edbp s\u01a1n t\u0129nh \u0111i\u1ec7n, c\u00f4ng ngh\u1ec7 s\u01a1n \u0111\u00f4i c\u1ee7a \u0110\u1ee9c cho \u0111\u1ed9 ch\u1ed1ng x\u01b0\u1edbc cao v\u00e0 b\u1ec1n m\u00e0u.<\/h4>\n<p><strong>Anbico<\/strong>\u00a0ch\u00fac b\u1ea1n ch\u1ecdn \u0111\u01b0\u1ee3c d\u00f2ng xe \u01b0ng \u00fd v\u00e0 tr\u1ea3i nghi\u1ec7m \u0111\u1ec9nh cao nh\u1ea5t!<\/p>\n<p>.<\/p>\n<h2><strong>TH\u00d4NG S\u1ed0 K\u1ef8 THU\u1eacT CHI TI\u1ebeT<\/strong><\/h2>\n<div class=\"product-table\">\n<table>\n<tbody>\n<tr>\n<td colspan=\"2\" width=\"571\"><strong>C\u1ea2 XE <\/strong><\/td>\n<\/tr>\n<tr>\n<td width=\"284\">Tr\u1ecdng l\u01b0\u1ee3ng b\u1ea3n th\u00e2n<\/td>\n<td width=\"287\">+\/- 95 kg<\/td>\n<\/tr>\n<tr>\n<td width=\"284\">K\u00edch th\u01b0\u1edbc d\u00e0i x r\u1ed9ng x cao<\/td>\n<td width=\"287\">1800mm x 700mm x 1080mm<\/td>\n<\/tr>\n<tr>\n<td width=\"284\">\u0110\u1ed9 cao y\u00ean<\/td>\n<td width=\"287\">770 mm<\/td>\n<\/tr>\n<tr>\n<td width=\"284\">T\u1ed1c \u0111\u1ed9 t\u1ed1i \u0111a<\/td>\n<td width=\"287\">45 -50km\/h<\/td>\n<\/tr>\n<tr>\n<td width=\"284\">Qu\u00e3ng \u0111\u01b0\u1eddng \u0111i v\u1edbi 1 l\u1ea7n s\u1ea1c<\/td>\n<td width=\"287\">70 \u2013 85 km (tr\u1ea1ng th\u00e1i b\u00ecnh th\u01b0\u1eddng)<\/td>\n<\/tr>\n<tr>\n<td width=\"284\">Kho\u1ea3ng c\u00e1ch tr\u1ee5c b\u00e1nh<\/td>\n<td width=\"287\">1300 mm<\/td>\n<\/tr>\n<tr>\n<td width=\"284\">Kho\u1ea3ng c\u00e1ch g\u1ea7m xe<\/td>\n<td width=\"287\">140 mm<\/td>\n<\/tr>\n<tr>\n<td colspan=\"2\" width=\"571\"><strong>\u0110\u1ed8NG C\u01a0<\/strong><\/td>\n<\/tr>\n<tr>\n<td width=\"284\">C\u00f4ng su\u1ea5t l\u1edbn nh\u1ea5t<\/td>\n<td width=\"287\">1.000 W<\/td>\n<\/tr>\n<tr>\n<td width=\"284\">T\u1ed1c \u0111\u1ed9 v\u00f2ng quay \u0111\u1ecbnh m\u1ee9c<\/td>\n<td width=\"287\">493 r\/min<\/td>\n<\/tr>\n<tr>\n<td width=\"284\">\u0110i\u1ec7n \u00e1p ho\u1ea1t \u0111\u1ed9ng<\/td>\n<td width=\"287\">60V<\/td>\n<\/tr>\n<tr>\n<td width=\"284\">M\u00f4 men quay d\u1eabn ra \u0111\u1ecbnh m\u1ee9c<\/td>\n<td width=\"287\">15.5 Nm<\/td>\n<\/tr>\n<tr>\n<td width=\"284\">L\u01b0\u1ee3ng \u0111i\u1ec7n ti\u00eau hao cho 100km<\/td>\n<td width=\"287\">\u22641,2 kw<\/td>\n<\/tr>\n<tr>\n<td width=\"284\">Hi\u1ec7u su\u1ea5t<\/td>\n<td width=\"287\">&gt;80%<\/td>\n<\/tr>\n<tr>\n<td colspan=\"2\" width=\"571\"><strong>\u1eaeC QUY<\/strong><\/td>\n<\/tr>\n<tr>\n<td width=\"284\">\u0110i\u1ec7n \u00e1p<\/td>\n<td width=\"287\">60V<\/td>\n<\/tr>\n<tr>\n<td width=\"284\">Dung l\u01b0\u1ee3ng<\/td>\n<td width=\"287\">20Ah<\/td>\n<\/tr>\n<tr>\n<td width=\"284\">L\u01b0\u1ee3ng \u0111i\u1ec7n ti\u00eau hao t\u1ed1i \u0111a cho 01 l\u1ea7n s\u1ea1c<\/td>\n<td width=\"287\">\u2264 0.5 kw<\/td>\n<\/tr>\n<tr>\n<td width=\"284\">B\u1ed9 \u0111i\u1ec1u khi\u1ec3n b\u1ea3o v\u1ec7 s\u1ee5t \u00e1p \u1eafc quy<\/td>\n<td width=\"287\">42.5V\u00b10.5V<\/td>\n<\/tr>\n<tr>\n<td colspan=\"2\" width=\"571\"><strong>B\u1ed8 \u0110I\u1ec0U KHI\u1ec2N<\/strong><\/td>\n<\/tr>\n<tr>\n<td width=\"284\">\u0110i\u1ec7n \u00e1p<\/td>\n<td width=\"287\">60V<\/td>\n<\/tr>\n<tr>\n<td width=\"284\">B\u1ea3o v\u1ec7 \u0111i\u1ec7n \u00e1p th\u1ea5p<\/td>\n<td width=\"287\">42 \u00b1 0.5V<\/td>\n<\/tr>\n<tr>\n<td width=\"284\">B\u1ea3o v\u1ec7 qu\u00e1 d\u00f2ng<\/td>\n<td width=\"287\">22 \u00b1 0.1A<\/td>\n<\/tr>\n<\/tbody>\n<\/table>\n<\/div>\n","protected":false},"excerpt":{"rendered":"<ul>\n<li>\n<ul>\n<li>B\u1ea3o h\u00e0nh \u0111\u1ed9ng c\u01a1 \u0111i\u1ec7n: 1 n\u0103m.<\/li>\n<li>B\u1ea3o h\u00e0nh b\u1ed9 \u0111i\u1ec1u khi\u1ec3n: 1 n\u0103m.<\/li>\n<li>B\u1ea3o h\u00e0nh \u1eafc quy: thay th\u1ebf trong v\u00f2ng 6 th\u00e1ng \u2013 s\u1eeda ch\u1eefa trong v\u00f2ng 1 n\u0103m.<\/li>\n<li>B\u1ea3o h\u00e0nh gi\u1ea3m s\u00f3c: gi\u1ea3m s\u00f3c tr\u01b0\u1edbc 6 th\u00e1ng \u2013 gi\u1ea3m s\u00f3c sau 2 n\u0103m<\/li>\n<li>B\u1ea3o h\u00e0nh khung xe, tay l\u00e1i: trong v\u00f2ng 1 n\u0103m<\/li>\n<\/ul>\n<h4><span style=\"color: #ff0000;\"><strong>Khuy\u1ebfn m\u1ea1i:<\/strong><\/span><\/h4>\n<ul>\n<li>Giao h\u00e0ng mi\u1ec5n ph\u00ed trong 30km.<\/li>\n<li>M\u0169 b\u1ea3o hi\u1ec3m \u0111\u1ea1t chu\u1ea9n.<\/li>\n<li>\u00c1o m\u01b0a \u0111\u1ea1t chu\u1ea9n.<\/li>\n<li>Gi\u1ecf xe.<\/li>\n<\/ul>\n<\/li>\n<\/ul>\n","protected":false},"featured_media":442,"template":"","meta":[],"class_list":{"0":"post-437","1":"product","2":"type-product","3":"status-publish","4":"has-post-thumbnail","6":"product_cat-anbico","8":"first","9":"instock","10":"shipping-taxable","11":"product-type-simple"},"yoast_head":"<!-- This site is optimized with the Yoast SEO plugin v19.10 - https:\/\/yoast.com\/wordpress\/plugins\/seo\/ -->\n<title>ANBICO XMEN BOSS -<\/title>\n<meta name=\"robots\" content=\"index, follow, max-snippet:-1, max-image-preview:large, max-video-preview:-1\" \/>\n<link rel=\"canonical\" href=\"https:\/\/duyhungmotor.com\/?product=anbico-xmen-boss\" \/>\n<meta property=\"og:locale\" content=\"vi_VN\" \/>\n<meta property=\"og:type\" content=\"article\" \/>\n<meta property=\"og:title\" content=\"ANBICO XMEN BOSS -\" \/>\n<meta property=\"og:description\" content=\"B\u1ea3o h\u00e0nh \u0111\u1ed9ng c\u01a1 \u0111i\u1ec7n: 1 n\u0103m.  B\u1ea3o h\u00e0nh b\u1ed9 \u0111i\u1ec1u khi\u1ec3n: 1 n\u0103m.  B\u1ea3o h\u00e0nh \u1eafc quy: thay th\u1ebf trong v\u00f2ng 6 th\u00e1ng \u2013 s\u1eeda ch\u1eefa trong v\u00f2ng 1 n\u0103m.  B\u1ea3o h\u00e0nh gi\u1ea3m s\u00f3c: gi\u1ea3m s\u00f3c tr\u01b0\u1edbc 6 th\u00e1ng \u2013 gi\u1ea3m s\u00f3c sau 2 n\u0103m  B\u1ea3o h\u00e0nh khung xe, tay l\u00e1i: trong v\u00f2ng 1 n\u0103m  Khuy\u1ebfn m\u1ea1i:   Giao h\u00e0ng mi\u1ec5n ph\u00ed trong 30km.  M\u0169 b\u1ea3o hi\u1ec3m \u0111\u1ea1t chu\u1ea9n.  \u00c1o m\u01b0a \u0111\u1ea1t chu\u1ea9n.  Gi\u1ecf xe.\" \/>\n<meta property=\"og:url\" content=\"https:\/\/duyhungmotor.com\/?product=anbico-xmen-boss\" \/>\n<meta property=\"article:modified_time\" content=\"2020-11-26T17:35:09+00:00\" \/>\n<meta property=\"og:image\" content=\"https:\/\/duyhungmotor.com\/wp-content\/uploads\/2020\/11\/xmen-boss-den.jpg\" \/>\n\t<meta property=\"og:image:width\" content=\"906\" \/>\n\t<meta property=\"og:image:height\" content=\"604\" \/>\n\t<meta property=\"og:image:type\" content=\"image\/jpeg\" \/>\n<meta name=\"twitter:card\" content=\"summary_large_image\" \/>\n<meta name=\"twitter:label1\" content=\"\u01af\u1edbc t\u00ednh th\u1eddi gian \u0111\u1ecdc\" \/>\n\t<meta name=\"twitter:data1\" content=\"5 ph\u00fat\" \/>\n<script type=\"application\/ld+json\" class=\"yoast-schema-graph\">{\"@context\":\"https:\/\/schema.org\",\"@graph\":[{\"@type\":\"WebPage\",\"@id\":\"https:\/\/duyhungmotor.com\/?product=anbico-xmen-boss\",\"url\":\"https:\/\/duyhungmotor.com\/?product=anbico-xmen-boss\",\"name\":\"ANBICO XMEN BOSS -\",\"isPartOf\":{\"@id\":\"https:\/\/duyhungmotor.com\/#website\"},\"datePublished\":\"2020-11-11T07:49:39+00:00\",\"dateModified\":\"2020-11-26T17:35:09+00:00\",\"breadcrumb\":{\"@id\":\"https:\/\/duyhungmotor.com\/?product=anbico-xmen-boss#breadcrumb\"},\"inLanguage\":\"vi\",\"potentialAction\":[{\"@type\":\"ReadAction\",\"target\":[\"https:\/\/duyhungmotor.com\/?product=anbico-xmen-boss\"]}]},{\"@type\":\"BreadcrumbList\",\"@id\":\"https:\/\/duyhungmotor.com\/?product=anbico-xmen-boss#breadcrumb\",\"itemListElement\":[{\"@type\":\"ListItem\",\"position\":1,\"name\":\"Trang ch\u1ee7\",\"item\":\"https:\/\/duyhungmotor.com\/\"},{\"@type\":\"ListItem\",\"position\":2,\"name\":\"ANBICO XMEN BOSS\"}]},{\"@type\":\"WebSite\",\"@id\":\"https:\/\/duyhungmotor.com\/#website\",\"url\":\"https:\/\/duyhungmotor.com\/\",\"name\":\"\",\"description\":\"\u0110\u1ea1i l\u00fd Xe M\u00e1y - Xe \u0110i\u1ec7n\",\"potentialAction\":[{\"@type\":\"SearchAction\",\"target\":{\"@type\":\"EntryPoint\",\"urlTemplate\":\"https:\/\/duyhungmotor.com\/?s={search_term_string}\"},\"query-input\":\"required name=search_term_string\"}],\"inLanguage\":\"vi\"}]}<\/script>\n<!-- \/ Yoast SEO plugin. -->","yoast_head_json":{"title":"ANBICO XMEN BOSS -","robots":{"index":"index","follow":"follow","max-snippet":"max-snippet:-1","max-image-preview":"max-image-preview:large","max-video-preview":"max-video-preview:-1"},"canonical":"https:\/\/duyhungmotor.com\/?product=anbico-xmen-boss","og_locale":"vi_VN","og_type":"article","og_title":"ANBICO XMEN BOSS -","og_description":"B\u1ea3o h\u00e0nh \u0111\u1ed9ng c\u01a1 \u0111i\u1ec7n: 1 n\u0103m.  B\u1ea3o h\u00e0nh b\u1ed9 \u0111i\u1ec1u khi\u1ec3n: 1 n\u0103m.  B\u1ea3o h\u00e0nh \u1eafc quy: thay th\u1ebf trong v\u00f2ng 6 th\u00e1ng \u2013 s\u1eeda ch\u1eefa trong v\u00f2ng 1 n\u0103m.  B\u1ea3o h\u00e0nh gi\u1ea3m s\u00f3c: gi\u1ea3m s\u00f3c tr\u01b0\u1edbc 6 th\u00e1ng \u2013 gi\u1ea3m s\u00f3c sau 2 n\u0103m  B\u1ea3o h\u00e0nh khung xe, tay l\u00e1i: trong v\u00f2ng 1 n\u0103m  Khuy\u1ebfn m\u1ea1i:   Giao h\u00e0ng mi\u1ec5n ph\u00ed trong 30km.  M\u0169 b\u1ea3o hi\u1ec3m \u0111\u1ea1t chu\u1ea9n.  \u00c1o m\u01b0a \u0111\u1ea1t chu\u1ea9n.  Gi\u1ecf xe.","og_url":"https:\/\/duyhungmotor.com\/?product=anbico-xmen-boss","article_modified_time":"2020-11-26T17:35:09+00:00","og_image":[{"width":906,"height":604,"url":"https:\/\/duyhungmotor.com\/wp-content\/uploads\/2020\/11\/xmen-boss-den.jpg","type":"image\/jpeg"}],"twitter_card":"summary_large_image","twitter_misc":{"\u01af\u1edbc t\u00ednh th\u1eddi gian \u0111\u1ecdc":"5 ph\u00fat"},"schema":{"@context":"https:\/\/schema.org","@graph":[{"@type":"WebPage","@id":"https:\/\/duyhungmotor.com\/?product=anbico-xmen-boss","url":"https:\/\/duyhungmotor.com\/?product=anbico-xmen-boss","name":"ANBICO XMEN BOSS -","isPartOf":{"@id":"https:\/\/duyhungmotor.com\/#website"},"datePublished":"2020-11-11T07:49:39+00:00","dateModified":"2020-11-26T17:35:09+00:00","breadcrumb":{"@id":"https:\/\/duyhungmotor.com\/?product=anbico-xmen-boss#breadcrumb"},"inLanguage":"vi","potentialAction":[{"@type":"ReadAction","target":["https:\/\/duyhungmotor.com\/?product=anbico-xmen-boss"]}]},{"@type":"BreadcrumbList","@id":"https:\/\/duyhungmotor.com\/?product=anbico-xmen-boss#breadcrumb","itemListElement":[{"@type":"ListItem","position":1,"name":"Trang ch\u1ee7","item":"https:\/\/duyhungmotor.com\/"},{"@type":"ListItem","position":2,"name":"ANBICO XMEN BOSS"}]},{"@type":"WebSite","@id":"https:\/\/duyhungmotor.com\/#website","url":"https:\/\/duyhungmotor.com\/","name":"","description":"\u0110\u1ea1i l\u00fd Xe M\u00e1y - Xe \u0110i\u1ec7n","potentialAction":[{"@type":"SearchAction","target":{"@type":"EntryPoint","urlTemplate":"https:\/\/duyhungmotor.com\/?s={search_term_string}"},"query-input":"required name=search_term_string"}],"inLanguage":"vi"}]}},"_links":{"self":[{"href":"https:\/\/duyhungmotor.com\/index.php?rest_route=\/wp\/v2\/product\/437","targetHints":{"allow":["GET"]}}],"collection":[{"href":"https:\/\/duyhungmotor.com\/index.php?rest_route=\/wp\/v2\/product"}],"about":[{"href":"https:\/\/duyhungmotor.com\/index.php?rest_route=\/wp\/v2\/types\/product"}],"wp:featuredmedia":[{"embeddable":true,"href":"https:\/\/duyhungmotor.com\/index.php?rest_route=\/wp\/v2\/media\/442"}],"wp:attachment":[{"href":"https:\/\/duyhungmotor.com\/index.php?rest_route=%2Fwp%2Fv2%2Fmedia&parent=437"}],"curies":[{"name":"wp","href":"https:\/\/api.w.org\/{rel}","templated":true}]}}