{"id":1579,"date":"2024-09-10T16:09:40","date_gmt":"2024-09-10T09:09:40","guid":{"rendered":"https:\/\/duyhungmotor.com\/?post_type=product&#038;p=1579"},"modified":"2024-09-12T21:09:59","modified_gmt":"2024-09-12T14:09:59","slug":"so-do-cac-tang","status":"publish","type":"product","link":"https:\/\/duyhungmotor.com\/?product=so-do-cac-tang","title":{"rendered":"S\u01a1 \u0111\u1ed3 c\u00e1c t\u1ea7ng -SODO"},"content":{"rendered":"<p>&#8211; K\u00edch th\u01b0\u1edbc 350x4500mm<br \/>\n&#8211; Ch\u1ea5t li\u1ec7u: L\u00e0m b\u1eb1ng Mica d\u00e0y 3mm<\/p>\n","protected":false},"excerpt":{"rendered":"<p>&#8211; K\u00edch th\u01b0\u1edbc 350x4500mm &#8211; Ch\u1ea5t li\u1ec7u: L\u00e0m b\u1eb1ng Mica d\u00e0y 3mm<\/p>\n","protected":false},"featured_media":1580,"template":"","meta":[],"class_list":{"0":"post-1579","1":"product","2":"type-product","3":"status-publish","4":"has-post-thumbnail","6":"product_cat-noi-that-hoi-truong-hoi-nghi-san-khau","8":"first","9":"instock","10":"shipping-taxable","11":"product-type-simple"},"yoast_head":"<!-- This site is optimized with the Yoast SEO plugin v19.10 - https:\/\/yoast.com\/wordpress\/plugins\/seo\/ -->\n<title>S\u01a1 \u0111\u1ed3 c\u00e1c t\u1ea7ng -SODO -<\/title>\n<meta name=\"robots\" content=\"index, follow, max-snippet:-1, max-image-preview:large, max-video-preview:-1\" \/>\n<link rel=\"canonical\" href=\"https:\/\/duyhungmotor.com\/?product=so-do-cac-tang\" \/>\n<meta property=\"og:locale\" content=\"vi_VN\" \/>\n<meta property=\"og:type\" content=\"article\" \/>\n<meta property=\"og:title\" content=\"S\u01a1 \u0111\u1ed3 c\u00e1c t\u1ea7ng -SODO -\" \/>\n<meta property=\"og:description\" content=\"&#8211; K\u00edch th\u01b0\u1edbc 350x4500mm &#8211; Ch\u1ea5t li\u1ec7u: L\u00e0m b\u1eb1ng Mica d\u00e0y 3mm\" \/>\n<meta property=\"og:url\" content=\"https:\/\/duyhungmotor.com\/?product=so-do-cac-tang\" \/>\n<meta property=\"article:modified_time\" content=\"2024-09-12T14:09:59+00:00\" \/>\n<meta property=\"og:image\" content=\"https:\/\/duyhungmotor.com\/wp-content\/uploads\/2024\/09\/Anh-man-hinh-2024-09-10-luc-16.07.54.png\" \/>\n\t<meta property=\"og:image:width\" content=\"524\" \/>\n\t<meta property=\"og:image:height\" content=\"466\" \/>\n\t<meta property=\"og:image:type\" content=\"image\/png\" \/>\n<meta name=\"twitter:card\" content=\"summary_large_image\" \/>\n<script type=\"application\/ld+json\" class=\"yoast-schema-graph\">{\"@context\":\"https:\/\/schema.org\",\"@graph\":[{\"@type\":\"WebPage\",\"@id\":\"https:\/\/duyhungmotor.com\/?product=so-do-cac-tang\",\"url\":\"https:\/\/duyhungmotor.com\/?product=so-do-cac-tang\",\"name\":\"S\u01a1 \u0111\u1ed3 c\u00e1c t\u1ea7ng -SODO -\",\"isPartOf\":{\"@id\":\"https:\/\/duyhungmotor.com\/#website\"},\"datePublished\":\"2024-09-10T09:09:40+00:00\",\"dateModified\":\"2024-09-12T14:09:59+00:00\",\"breadcrumb\":{\"@id\":\"https:\/\/duyhungmotor.com\/?product=so-do-cac-tang#breadcrumb\"},\"inLanguage\":\"vi\",\"potentialAction\":[{\"@type\":\"ReadAction\",\"target\":[\"https:\/\/duyhungmotor.com\/?product=so-do-cac-tang\"]}]},{\"@type\":\"BreadcrumbList\",\"@id\":\"https:\/\/duyhungmotor.com\/?product=so-do-cac-tang#breadcrumb\",\"itemListElement\":[{\"@type\":\"ListItem\",\"position\":1,\"name\":\"Trang ch\u1ee7\",\"item\":\"https:\/\/duyhungmotor.com\/\"},{\"@type\":\"ListItem\",\"position\":2,\"name\":\"S\u01a1 \u0111\u1ed3 c\u00e1c t\u1ea7ng -SODO\"}]},{\"@type\":\"WebSite\",\"@id\":\"https:\/\/duyhungmotor.com\/#website\",\"url\":\"https:\/\/duyhungmotor.com\/\",\"name\":\"\",\"description\":\"\u0110\u1ea1i l\u00fd Xe M\u00e1y - Xe \u0110i\u1ec7n\",\"potentialAction\":[{\"@type\":\"SearchAction\",\"target\":{\"@type\":\"EntryPoint\",\"urlTemplate\":\"https:\/\/duyhungmotor.com\/?s={search_term_string}\"},\"query-input\":\"required name=search_term_string\"}],\"inLanguage\":\"vi\"}]}<\/script>\n<!-- \/ Yoast SEO plugin. -->","yoast_head_json":{"title":"S\u01a1 \u0111\u1ed3 c\u00e1c t\u1ea7ng -SODO -","robots":{"index":"index","follow":"follow","max-snippet":"max-snippet:-1","max-image-preview":"max-image-preview:large","max-video-preview":"max-video-preview:-1"},"canonical":"https:\/\/duyhungmotor.com\/?product=so-do-cac-tang","og_locale":"vi_VN","og_type":"article","og_title":"S\u01a1 \u0111\u1ed3 c\u00e1c t\u1ea7ng -SODO -","og_description":"&#8211; K\u00edch th\u01b0\u1edbc 350x4500mm &#8211; Ch\u1ea5t li\u1ec7u: L\u00e0m b\u1eb1ng Mica d\u00e0y 3mm","og_url":"https:\/\/duyhungmotor.com\/?product=so-do-cac-tang","article_modified_time":"2024-09-12T14:09:59+00:00","og_image":[{"width":524,"height":466,"url":"https:\/\/duyhungmotor.com\/wp-content\/uploads\/2024\/09\/Anh-man-hinh-2024-09-10-luc-16.07.54.png","type":"image\/png"}],"twitter_card":"summary_large_image","schema":{"@context":"https:\/\/schema.org","@graph":[{"@type":"WebPage","@id":"https:\/\/duyhungmotor.com\/?product=so-do-cac-tang","url":"https:\/\/duyhungmotor.com\/?product=so-do-cac-tang","name":"S\u01a1 \u0111\u1ed3 c\u00e1c t\u1ea7ng -SODO -","isPartOf":{"@id":"https:\/\/duyhungmotor.com\/#website"},"datePublished":"2024-09-10T09:09:40+00:00","dateModified":"2024-09-12T14:09:59+00:00","breadcrumb":{"@id":"https:\/\/duyhungmotor.com\/?product=so-do-cac-tang#breadcrumb"},"inLanguage":"vi","potentialAction":[{"@type":"ReadAction","target":["https:\/\/duyhungmotor.com\/?product=so-do-cac-tang"]}]},{"@type":"BreadcrumbList","@id":"https:\/\/duyhungmotor.com\/?product=so-do-cac-tang#breadcrumb","itemListElement":[{"@type":"ListItem","position":1,"name":"Trang ch\u1ee7","item":"https:\/\/duyhungmotor.com\/"},{"@type":"ListItem","position":2,"name":"S\u01a1 \u0111\u1ed3 c\u00e1c t\u1ea7ng -SODO"}]},{"@type":"WebSite","@id":"https:\/\/duyhungmotor.com\/#website","url":"https:\/\/duyhungmotor.com\/","name":"","description":"\u0110\u1ea1i l\u00fd Xe M\u00e1y - Xe \u0110i\u1ec7n","potentialAction":[{"@type":"SearchAction","target":{"@type":"EntryPoint","urlTemplate":"https:\/\/duyhungmotor.com\/?s={search_term_string}"},"query-input":"required name=search_term_string"}],"inLanguage":"vi"}]}},"_links":{"self":[{"href":"https:\/\/duyhungmotor.com\/index.php?rest_route=\/wp\/v2\/product\/1579","targetHints":{"allow":["GET"]}}],"collection":[{"href":"https:\/\/duyhungmotor.com\/index.php?rest_route=\/wp\/v2\/product"}],"about":[{"href":"https:\/\/duyhungmotor.com\/index.php?rest_route=\/wp\/v2\/types\/product"}],"wp:featuredmedia":[{"embeddable":true,"href":"https:\/\/duyhungmotor.com\/index.php?rest_route=\/wp\/v2\/media\/1580"}],"wp:attachment":[{"href":"https:\/\/duyhungmotor.com\/index.php?rest_route=%2Fwp%2Fv2%2Fmedia&parent=1579"}],"curies":[{"name":"wp","href":"https:\/\/api.w.org\/{rel}","templated":true}]}}