{"id":1573,"date":"2024-09-10T16:06:21","date_gmt":"2024-09-10T09:06:21","guid":{"rendered":"https:\/\/duyhungmotor.com\/?post_type=product&#038;p=1573"},"modified":"2024-09-12T21:10:55","modified_gmt":"2024-09-12T14:10:55","slug":"vach-ngan-cabin-lam-viec","status":"publish","type":"product","link":"https:\/\/duyhungmotor.com\/?product=vach-ngan-cabin-lam-viec","title":{"rendered":"V\u00e1ch ng\u0103n cabin l\u00e0m vi\u1ec7c &#8211; VN"},"content":{"rendered":"<p>&#8211; K\u00edch th\u01b0\u1edbc: theo thi\u1ebft k\u1ebf t\u1eebng ph\u00f2ng.<br \/>\n&#8211; Ch\u1ea5t li\u1ec7u: G\u1ed7 Melamine m\u00e0u v\u00e0ng ho\u1eb7c m\u00e0u ghi d\u00e0y 18mm. \u0110\u01b0\u1ee3c qua x\u1eed l\u00fd c\u00f4ng nghi\u1ec7p, ch\u1ed1ng m\u1ed1i m\u1ecdt, ch\u1ed1ng \u1ea9m m\u1ed1c.<br \/>\n&#8211; Ki\u1ec3u d\u00e1ng: V\u00e1ch ng\u0103n l\u1eedng.<br \/>\n+ S\u1eed d\u1ee5ng ke K1\/K2\/K3 \u0111\u1ec3 b\u1eaft m\u1eb7t b\u00e0n.<br \/>\n+ D\u01b0\u1edbi ch\u00e2n v\u00e1ch c\u00f3 h\u1ed9p k\u1ef9 thu\u1eadt \u0111\u1ec3 ch\u1ea1y d\u00e2y \u0111i\u1ec7n, d\u00e2y c\u00e1p\u2026.t\u1ea1o ra s\u1ef1 g\u1ecdn g\u00e0ng cho cho v\u0103n ph\u00f2ng.<\/p>\n","protected":false},"excerpt":{"rendered":"<p>&#8211; K\u00edch th\u01b0\u1edbc: theo thi\u1ebft k\u1ebf t\u1eebng ph\u00f2ng. &#8211; Ch\u1ea5t li\u1ec7u: G\u1ed7 Melamine m\u00e0u v\u00e0ng ho\u1eb7c m\u00e0u ghi d\u00e0y 18mm. \u0110\u01b0\u1ee3c qua x\u1eed l\u00fd c\u00f4ng nghi\u1ec7p, ch\u1ed1ng m\u1ed1i m\u1ecdt, ch\u1ed1ng \u1ea9m m\u1ed1c. &#8211; Ki\u1ec3u d\u00e1ng: V\u00e1ch ng\u0103n l\u1eedng. + S\u1eed d\u1ee5ng ke K1\/K2\/K3 \u0111\u1ec3 b\u1eaft m\u1eb7t b\u00e0n. + D\u01b0\u1edbi ch\u00e2n v\u00e1ch c\u00f3 h\u1ed9p k\u1ef9 thu\u1eadt [&hellip;]<\/p>\n","protected":false},"featured_media":1574,"template":"","meta":[],"class_list":{"0":"post-1573","1":"product","2":"type-product","3":"status-publish","4":"has-post-thumbnail","6":"product_cat-vach-ngan-phong","8":"first","9":"instock","10":"shipping-taxable","11":"product-type-simple"},"yoast_head":"<!-- This site is optimized with the Yoast SEO plugin v19.10 - https:\/\/yoast.com\/wordpress\/plugins\/seo\/ -->\n<title>V\u00e1ch ng\u0103n cabin l\u00e0m vi\u1ec7c - VN -<\/title>\n<meta name=\"robots\" content=\"index, follow, max-snippet:-1, max-image-preview:large, max-video-preview:-1\" \/>\n<link rel=\"canonical\" href=\"https:\/\/duyhungmotor.com\/?product=vach-ngan-cabin-lam-viec\" \/>\n<meta property=\"og:locale\" content=\"vi_VN\" \/>\n<meta property=\"og:type\" content=\"article\" \/>\n<meta property=\"og:title\" content=\"V\u00e1ch ng\u0103n cabin l\u00e0m vi\u1ec7c - VN -\" \/>\n<meta property=\"og:description\" content=\"&#8211; K\u00edch th\u01b0\u1edbc: theo thi\u1ebft k\u1ebf t\u1eebng ph\u00f2ng. &#8211; Ch\u1ea5t li\u1ec7u: G\u1ed7 Melamine m\u00e0u v\u00e0ng ho\u1eb7c m\u00e0u ghi d\u00e0y 18mm. \u0110\u01b0\u1ee3c qua x\u1eed l\u00fd c\u00f4ng nghi\u1ec7p, ch\u1ed1ng m\u1ed1i m\u1ecdt, ch\u1ed1ng \u1ea9m m\u1ed1c. &#8211; Ki\u1ec3u d\u00e1ng: V\u00e1ch ng\u0103n l\u1eedng. + S\u1eed d\u1ee5ng ke K1\/K2\/K3 \u0111\u1ec3 b\u1eaft m\u1eb7t b\u00e0n. + D\u01b0\u1edbi ch\u00e2n v\u00e1ch c\u00f3 h\u1ed9p k\u1ef9 thu\u1eadt [&hellip;]\" \/>\n<meta property=\"og:url\" content=\"https:\/\/duyhungmotor.com\/?product=vach-ngan-cabin-lam-viec\" \/>\n<meta property=\"article:modified_time\" content=\"2024-09-12T14:10:55+00:00\" \/>\n<meta property=\"og:image\" content=\"https:\/\/duyhungmotor.com\/wp-content\/uploads\/2024\/09\/Anh-man-hinh-2024-09-10-luc-16.05.50.png\" \/>\n\t<meta property=\"og:image:width\" content=\"774\" \/>\n\t<meta property=\"og:image:height\" content=\"476\" \/>\n\t<meta property=\"og:image:type\" content=\"image\/png\" \/>\n<meta name=\"twitter:card\" content=\"summary_large_image\" \/>\n<meta name=\"twitter:label1\" content=\"\u01af\u1edbc t\u00ednh th\u1eddi gian \u0111\u1ecdc\" \/>\n\t<meta name=\"twitter:data1\" content=\"1 ph\u00fat\" \/>\n<script type=\"application\/ld+json\" class=\"yoast-schema-graph\">{\"@context\":\"https:\/\/schema.org\",\"@graph\":[{\"@type\":\"WebPage\",\"@id\":\"https:\/\/duyhungmotor.com\/?product=vach-ngan-cabin-lam-viec\",\"url\":\"https:\/\/duyhungmotor.com\/?product=vach-ngan-cabin-lam-viec\",\"name\":\"V\u00e1ch ng\u0103n cabin l\u00e0m vi\u1ec7c - VN -\",\"isPartOf\":{\"@id\":\"https:\/\/duyhungmotor.com\/#website\"},\"datePublished\":\"2024-09-10T09:06:21+00:00\",\"dateModified\":\"2024-09-12T14:10:55+00:00\",\"breadcrumb\":{\"@id\":\"https:\/\/duyhungmotor.com\/?product=vach-ngan-cabin-lam-viec#breadcrumb\"},\"inLanguage\":\"vi\",\"potentialAction\":[{\"@type\":\"ReadAction\",\"target\":[\"https:\/\/duyhungmotor.com\/?product=vach-ngan-cabin-lam-viec\"]}]},{\"@type\":\"BreadcrumbList\",\"@id\":\"https:\/\/duyhungmotor.com\/?product=vach-ngan-cabin-lam-viec#breadcrumb\",\"itemListElement\":[{\"@type\":\"ListItem\",\"position\":1,\"name\":\"Trang ch\u1ee7\",\"item\":\"https:\/\/duyhungmotor.com\/\"},{\"@type\":\"ListItem\",\"position\":2,\"name\":\"V\u00e1ch ng\u0103n cabin l\u00e0m vi\u1ec7c &#8211; VN\"}]},{\"@type\":\"WebSite\",\"@id\":\"https:\/\/duyhungmotor.com\/#website\",\"url\":\"https:\/\/duyhungmotor.com\/\",\"name\":\"\",\"description\":\"\u0110\u1ea1i l\u00fd Xe M\u00e1y - Xe \u0110i\u1ec7n\",\"potentialAction\":[{\"@type\":\"SearchAction\",\"target\":{\"@type\":\"EntryPoint\",\"urlTemplate\":\"https:\/\/duyhungmotor.com\/?s={search_term_string}\"},\"query-input\":\"required name=search_term_string\"}],\"inLanguage\":\"vi\"}]}<\/script>\n<!-- \/ Yoast SEO plugin. -->","yoast_head_json":{"title":"V\u00e1ch ng\u0103n cabin l\u00e0m vi\u1ec7c - VN -","robots":{"index":"index","follow":"follow","max-snippet":"max-snippet:-1","max-image-preview":"max-image-preview:large","max-video-preview":"max-video-preview:-1"},"canonical":"https:\/\/duyhungmotor.com\/?product=vach-ngan-cabin-lam-viec","og_locale":"vi_VN","og_type":"article","og_title":"V\u00e1ch ng\u0103n cabin l\u00e0m vi\u1ec7c - VN -","og_description":"&#8211; K\u00edch th\u01b0\u1edbc: theo thi\u1ebft k\u1ebf t\u1eebng ph\u00f2ng. &#8211; Ch\u1ea5t li\u1ec7u: G\u1ed7 Melamine m\u00e0u v\u00e0ng ho\u1eb7c m\u00e0u ghi d\u00e0y 18mm. \u0110\u01b0\u1ee3c qua x\u1eed l\u00fd c\u00f4ng nghi\u1ec7p, ch\u1ed1ng m\u1ed1i m\u1ecdt, ch\u1ed1ng \u1ea9m m\u1ed1c. &#8211; Ki\u1ec3u d\u00e1ng: V\u00e1ch ng\u0103n l\u1eedng. + S\u1eed d\u1ee5ng ke K1\/K2\/K3 \u0111\u1ec3 b\u1eaft m\u1eb7t b\u00e0n. + D\u01b0\u1edbi ch\u00e2n v\u00e1ch c\u00f3 h\u1ed9p k\u1ef9 thu\u1eadt [&hellip;]","og_url":"https:\/\/duyhungmotor.com\/?product=vach-ngan-cabin-lam-viec","article_modified_time":"2024-09-12T14:10:55+00:00","og_image":[{"width":774,"height":476,"url":"https:\/\/duyhungmotor.com\/wp-content\/uploads\/2024\/09\/Anh-man-hinh-2024-09-10-luc-16.05.50.png","type":"image\/png"}],"twitter_card":"summary_large_image","twitter_misc":{"\u01af\u1edbc t\u00ednh th\u1eddi gian \u0111\u1ecdc":"1 ph\u00fat"},"schema":{"@context":"https:\/\/schema.org","@graph":[{"@type":"WebPage","@id":"https:\/\/duyhungmotor.com\/?product=vach-ngan-cabin-lam-viec","url":"https:\/\/duyhungmotor.com\/?product=vach-ngan-cabin-lam-viec","name":"V\u00e1ch ng\u0103n cabin l\u00e0m vi\u1ec7c - VN -","isPartOf":{"@id":"https:\/\/duyhungmotor.com\/#website"},"datePublished":"2024-09-10T09:06:21+00:00","dateModified":"2024-09-12T14:10:55+00:00","breadcrumb":{"@id":"https:\/\/duyhungmotor.com\/?product=vach-ngan-cabin-lam-viec#breadcrumb"},"inLanguage":"vi","potentialAction":[{"@type":"ReadAction","target":["https:\/\/duyhungmotor.com\/?product=vach-ngan-cabin-lam-viec"]}]},{"@type":"BreadcrumbList","@id":"https:\/\/duyhungmotor.com\/?product=vach-ngan-cabin-lam-viec#breadcrumb","itemListElement":[{"@type":"ListItem","position":1,"name":"Trang ch\u1ee7","item":"https:\/\/duyhungmotor.com\/"},{"@type":"ListItem","position":2,"name":"V\u00e1ch ng\u0103n cabin l\u00e0m vi\u1ec7c &#8211; VN"}]},{"@type":"WebSite","@id":"https:\/\/duyhungmotor.com\/#website","url":"https:\/\/duyhungmotor.com\/","name":"","description":"\u0110\u1ea1i l\u00fd Xe M\u00e1y - Xe \u0110i\u1ec7n","potentialAction":[{"@type":"SearchAction","target":{"@type":"EntryPoint","urlTemplate":"https:\/\/duyhungmotor.com\/?s={search_term_string}"},"query-input":"required name=search_term_string"}],"inLanguage":"vi"}]}},"_links":{"self":[{"href":"https:\/\/duyhungmotor.com\/index.php?rest_route=\/wp\/v2\/product\/1573","targetHints":{"allow":["GET"]}}],"collection":[{"href":"https:\/\/duyhungmotor.com\/index.php?rest_route=\/wp\/v2\/product"}],"about":[{"href":"https:\/\/duyhungmotor.com\/index.php?rest_route=\/wp\/v2\/types\/product"}],"wp:featuredmedia":[{"embeddable":true,"href":"https:\/\/duyhungmotor.com\/index.php?rest_route=\/wp\/v2\/media\/1574"}],"wp:attachment":[{"href":"https:\/\/duyhungmotor.com\/index.php?rest_route=%2Fwp%2Fv2%2Fmedia&parent=1573"}],"curies":[{"name":"wp","href":"https:\/\/api.w.org\/{rel}","templated":true}]}}