{"id":1571,"date":"2024-09-10T16:04:47","date_gmt":"2024-09-10T09:04:47","guid":{"rendered":"https:\/\/duyhungmotor.com\/?post_type=product&#038;p=1571"},"modified":"2024-09-12T21:11:21","modified_gmt":"2024-09-12T14:11:21","slug":"rem-go","status":"publish","type":"product","link":"https:\/\/duyhungmotor.com\/?product=rem-go","title":{"rendered":"R\u00e8m g\u1ed7 &#8211; REM"},"content":{"rendered":"<p>&#8211; C\u00f3 k\u00edch th\u01b0\u1edbc: theo thi\u1ebft k\u1ebf t\u1eebng ph\u00f2ng.<br \/>\n&#8211; Ch\u1ea5t li\u1ec7u: g\u1ed7 s\u1ed3i nga; \u0110\u01b0\u1ee3c qua x\u1eed l\u00fd c\u00f4ng nghi\u1ec7p, ch\u1ed1ng m\u1ed1i m\u1ecdt, ch\u1ed1ng \u1ea9m m\u1ed1c.<br \/>\n&#8211; Ki\u1ec3u d\u00e1ng:<br \/>\n+ R\u00e8m g\u1ed7 \u0111\u01b0\u1ee3c \u0111an c\u00e1c thanh ngang c\u00f3 \u0111\u1ed9 r\u1ed9ng l\u00e1 r\u00e8m l\u00e0 50mm, \u0111\u1ed9 d\u00e0y l\u00e1 r\u00e8m kho\u1ea3ng 3.2mm. \u0110an c\u00e1c thanh x\u1ebfp ch\u1ed3ng l\u00ean nhau b\u1eb1ng d\u00e2y thang.<br \/>\n+ S\u1eed d\u1ee5ng xoay l\u1eadt thanh r\u00e8m 180 \u0111\u1ed9 \u0111\u1ec3 c\u00f3 hi\u1ec7u \u1ee9ng \u00e1ng s\u00e1ng v\u00e0 t\u1ea7m nh\u00ecn t\u1eeb trong ra ngo\u00e0i.<br \/>\n+ S\u1eed d\u1ee5ng nh\u01b0 r\u00e8m c\u1eeda th\u00f4ng th\u01b0\u1eddng b\u1eb1ng c\u00e1ch k\u00e9o l\u00ean h\u1ea1 xu\u1ed1ng.<br \/>\n+ Ph\u1ee5 ki\u1ec7n h\u1ee3p kim nh\u00f4m ch\u1ed1ng g\u1ec9.<br \/>\n+ R\u00e8m ph\u1ea3i \u0111\u1ea3m b\u1ea3o kh\u00f4ng b\u1ecb v\u00f5ng.<\/p>\n","protected":false},"excerpt":{"rendered":"<p>&#8211; C\u00f3 k\u00edch th\u01b0\u1edbc: theo thi\u1ebft k\u1ebf t\u1eebng ph\u00f2ng. &#8211; Ch\u1ea5t li\u1ec7u: g\u1ed7 s\u1ed3i nga; \u0110\u01b0\u1ee3c qua x\u1eed l\u00fd c\u00f4ng nghi\u1ec7p, ch\u1ed1ng m\u1ed1i m\u1ecdt, ch\u1ed1ng \u1ea9m m\u1ed1c. &#8211; Ki\u1ec3u d\u00e1ng: + R\u00e8m g\u1ed7 \u0111\u01b0\u1ee3c \u0111an c\u00e1c thanh ngang c\u00f3 \u0111\u1ed9 r\u1ed9ng l\u00e1 r\u00e8m l\u00e0 50mm, \u0111\u1ed9 d\u00e0y l\u00e1 r\u00e8m kho\u1ea3ng 3.2mm. \u0110an c\u00e1c thanh x\u1ebfp [&hellip;]<\/p>\n","protected":false},"featured_media":1572,"template":"","meta":[],"class_list":{"0":"post-1571","1":"product","2":"type-product","3":"status-publish","4":"has-post-thumbnail","6":"product_cat-vach-ngan-phong","8":"first","9":"instock","10":"shipping-taxable","11":"product-type-simple"},"yoast_head":"<!-- This site is optimized with the Yoast SEO plugin v19.10 - https:\/\/yoast.com\/wordpress\/plugins\/seo\/ -->\n<title>R\u00e8m g\u1ed7 - REM -<\/title>\n<meta name=\"robots\" content=\"index, follow, max-snippet:-1, max-image-preview:large, max-video-preview:-1\" \/>\n<link rel=\"canonical\" href=\"https:\/\/duyhungmotor.com\/?product=rem-go\" \/>\n<meta property=\"og:locale\" content=\"vi_VN\" \/>\n<meta property=\"og:type\" content=\"article\" \/>\n<meta property=\"og:title\" content=\"R\u00e8m g\u1ed7 - REM -\" \/>\n<meta property=\"og:description\" content=\"&#8211; C\u00f3 k\u00edch th\u01b0\u1edbc: theo thi\u1ebft k\u1ebf t\u1eebng ph\u00f2ng. &#8211; Ch\u1ea5t li\u1ec7u: g\u1ed7 s\u1ed3i nga; \u0110\u01b0\u1ee3c qua x\u1eed l\u00fd c\u00f4ng nghi\u1ec7p, ch\u1ed1ng m\u1ed1i m\u1ecdt, ch\u1ed1ng \u1ea9m m\u1ed1c. &#8211; Ki\u1ec3u d\u00e1ng: + R\u00e8m g\u1ed7 \u0111\u01b0\u1ee3c \u0111an c\u00e1c thanh ngang c\u00f3 \u0111\u1ed9 r\u1ed9ng l\u00e1 r\u00e8m l\u00e0 50mm, \u0111\u1ed9 d\u00e0y l\u00e1 r\u00e8m kho\u1ea3ng 3.2mm. \u0110an c\u00e1c thanh x\u1ebfp [&hellip;]\" \/>\n<meta property=\"og:url\" content=\"https:\/\/duyhungmotor.com\/?product=rem-go\" \/>\n<meta property=\"article:modified_time\" content=\"2024-09-12T14:11:21+00:00\" \/>\n<meta property=\"og:image\" content=\"https:\/\/duyhungmotor.com\/wp-content\/uploads\/2024\/09\/Anh-man-hinh-2024-09-10-luc-16.03.24.png\" \/>\n\t<meta property=\"og:image:width\" content=\"774\" \/>\n\t<meta property=\"og:image:height\" content=\"848\" \/>\n\t<meta property=\"og:image:type\" content=\"image\/png\" \/>\n<meta name=\"twitter:card\" content=\"summary_large_image\" \/>\n<meta name=\"twitter:label1\" content=\"\u01af\u1edbc t\u00ednh th\u1eddi gian \u0111\u1ecdc\" \/>\n\t<meta name=\"twitter:data1\" content=\"1 ph\u00fat\" \/>\n<script type=\"application\/ld+json\" class=\"yoast-schema-graph\">{\"@context\":\"https:\/\/schema.org\",\"@graph\":[{\"@type\":\"WebPage\",\"@id\":\"https:\/\/duyhungmotor.com\/?product=rem-go\",\"url\":\"https:\/\/duyhungmotor.com\/?product=rem-go\",\"name\":\"R\u00e8m g\u1ed7 - REM -\",\"isPartOf\":{\"@id\":\"https:\/\/duyhungmotor.com\/#website\"},\"datePublished\":\"2024-09-10T09:04:47+00:00\",\"dateModified\":\"2024-09-12T14:11:21+00:00\",\"breadcrumb\":{\"@id\":\"https:\/\/duyhungmotor.com\/?product=rem-go#breadcrumb\"},\"inLanguage\":\"vi\",\"potentialAction\":[{\"@type\":\"ReadAction\",\"target\":[\"https:\/\/duyhungmotor.com\/?product=rem-go\"]}]},{\"@type\":\"BreadcrumbList\",\"@id\":\"https:\/\/duyhungmotor.com\/?product=rem-go#breadcrumb\",\"itemListElement\":[{\"@type\":\"ListItem\",\"position\":1,\"name\":\"Trang ch\u1ee7\",\"item\":\"https:\/\/duyhungmotor.com\/\"},{\"@type\":\"ListItem\",\"position\":2,\"name\":\"R\u00e8m g\u1ed7 &#8211; REM\"}]},{\"@type\":\"WebSite\",\"@id\":\"https:\/\/duyhungmotor.com\/#website\",\"url\":\"https:\/\/duyhungmotor.com\/\",\"name\":\"\",\"description\":\"\u0110\u1ea1i l\u00fd Xe M\u00e1y - Xe \u0110i\u1ec7n\",\"potentialAction\":[{\"@type\":\"SearchAction\",\"target\":{\"@type\":\"EntryPoint\",\"urlTemplate\":\"https:\/\/duyhungmotor.com\/?s={search_term_string}\"},\"query-input\":\"required name=search_term_string\"}],\"inLanguage\":\"vi\"}]}<\/script>\n<!-- \/ Yoast SEO plugin. -->","yoast_head_json":{"title":"R\u00e8m g\u1ed7 - REM -","robots":{"index":"index","follow":"follow","max-snippet":"max-snippet:-1","max-image-preview":"max-image-preview:large","max-video-preview":"max-video-preview:-1"},"canonical":"https:\/\/duyhungmotor.com\/?product=rem-go","og_locale":"vi_VN","og_type":"article","og_title":"R\u00e8m g\u1ed7 - REM -","og_description":"&#8211; C\u00f3 k\u00edch th\u01b0\u1edbc: theo thi\u1ebft k\u1ebf t\u1eebng ph\u00f2ng. &#8211; Ch\u1ea5t li\u1ec7u: g\u1ed7 s\u1ed3i nga; \u0110\u01b0\u1ee3c qua x\u1eed l\u00fd c\u00f4ng nghi\u1ec7p, ch\u1ed1ng m\u1ed1i m\u1ecdt, ch\u1ed1ng \u1ea9m m\u1ed1c. &#8211; Ki\u1ec3u d\u00e1ng: + R\u00e8m g\u1ed7 \u0111\u01b0\u1ee3c \u0111an c\u00e1c thanh ngang c\u00f3 \u0111\u1ed9 r\u1ed9ng l\u00e1 r\u00e8m l\u00e0 50mm, \u0111\u1ed9 d\u00e0y l\u00e1 r\u00e8m kho\u1ea3ng 3.2mm. \u0110an c\u00e1c thanh x\u1ebfp [&hellip;]","og_url":"https:\/\/duyhungmotor.com\/?product=rem-go","article_modified_time":"2024-09-12T14:11:21+00:00","og_image":[{"width":774,"height":848,"url":"https:\/\/duyhungmotor.com\/wp-content\/uploads\/2024\/09\/Anh-man-hinh-2024-09-10-luc-16.03.24.png","type":"image\/png"}],"twitter_card":"summary_large_image","twitter_misc":{"\u01af\u1edbc t\u00ednh th\u1eddi gian \u0111\u1ecdc":"1 ph\u00fat"},"schema":{"@context":"https:\/\/schema.org","@graph":[{"@type":"WebPage","@id":"https:\/\/duyhungmotor.com\/?product=rem-go","url":"https:\/\/duyhungmotor.com\/?product=rem-go","name":"R\u00e8m g\u1ed7 - REM -","isPartOf":{"@id":"https:\/\/duyhungmotor.com\/#website"},"datePublished":"2024-09-10T09:04:47+00:00","dateModified":"2024-09-12T14:11:21+00:00","breadcrumb":{"@id":"https:\/\/duyhungmotor.com\/?product=rem-go#breadcrumb"},"inLanguage":"vi","potentialAction":[{"@type":"ReadAction","target":["https:\/\/duyhungmotor.com\/?product=rem-go"]}]},{"@type":"BreadcrumbList","@id":"https:\/\/duyhungmotor.com\/?product=rem-go#breadcrumb","itemListElement":[{"@type":"ListItem","position":1,"name":"Trang ch\u1ee7","item":"https:\/\/duyhungmotor.com\/"},{"@type":"ListItem","position":2,"name":"R\u00e8m g\u1ed7 &#8211; REM"}]},{"@type":"WebSite","@id":"https:\/\/duyhungmotor.com\/#website","url":"https:\/\/duyhungmotor.com\/","name":"","description":"\u0110\u1ea1i l\u00fd Xe M\u00e1y - Xe \u0110i\u1ec7n","potentialAction":[{"@type":"SearchAction","target":{"@type":"EntryPoint","urlTemplate":"https:\/\/duyhungmotor.com\/?s={search_term_string}"},"query-input":"required name=search_term_string"}],"inLanguage":"vi"}]}},"_links":{"self":[{"href":"https:\/\/duyhungmotor.com\/index.php?rest_route=\/wp\/v2\/product\/1571","targetHints":{"allow":["GET"]}}],"collection":[{"href":"https:\/\/duyhungmotor.com\/index.php?rest_route=\/wp\/v2\/product"}],"about":[{"href":"https:\/\/duyhungmotor.com\/index.php?rest_route=\/wp\/v2\/types\/product"}],"wp:featuredmedia":[{"embeddable":true,"href":"https:\/\/duyhungmotor.com\/index.php?rest_route=\/wp\/v2\/media\/1572"}],"wp:attachment":[{"href":"https:\/\/duyhungmotor.com\/index.php?rest_route=%2Fwp%2Fv2%2Fmedia&parent=1571"}],"curies":[{"name":"wp","href":"https:\/\/api.w.org\/{rel}","templated":true}]}}