{"id":1561,"date":"2024-09-10T15:52:58","date_gmt":"2024-09-10T08:52:58","guid":{"rendered":"https:\/\/duyhungmotor.com\/?post_type=product&#038;p=1561"},"modified":"2024-09-12T21:13:12","modified_gmt":"2024-09-12T14:13:12","slug":"ban-phong-hoi-truong-2","status":"publish","type":"product","link":"https:\/\/duyhungmotor.com\/?product=ban-phong-hoi-truong-2","title":{"rendered":"B\u00e0n ph\u00f2ng h\u1ed9i tr\u01b0\u1eddng &#8211; B4"},"content":{"rendered":"<p>&#8211; C\u00f3 k\u00edch th\u01b0\u1edbc: W1500 x D500 x H750 mm;<br \/>\n&#8211; Ch\u1ea5t li\u1ec7u: B\u1eb1ng g\u1ed7 (t\u1ea7n b\u00ec, g\u1ed7 th\u00f4ng, g\u1ed7 acacia, g\u1ed7 xoan) \u0111\u00e3 qua x\u1eed l\u00fd ch\u1ed1ng cong v\u00eanh, ch\u1ed1ng m\u1ed1i m\u1ecdt \u0111\u1ea3m b\u1ea3o \u0111\u1ed9 b\u1ec1n cho s\u1ea3n ph\u1ea9m, s\u01a1n PU m\u00e0u c\u00e1nh gi\u00e1n.<br \/>\n&#8211; K\u1ebft c\u1ea5u s\u1ea3n ph\u1ea9m: S\u1ea3n ph\u1ea9m \u0111\u01b0\u1ee3c gia c\u00f4ng t\u1ec9 m\u1ec9, nh\u1eb5n m\u1ecbn, an to\u00e0n cho ng\u01b0\u1eddi s\u1eed d\u1ee5ng. K\u1ebft c\u1ea5u b\u00e0n ch\u1eafc ch\u1eafn, v\u1eefng ch\u00e3i.<\/p>\n","protected":false},"excerpt":{"rendered":"<p>&#8211; C\u00f3 k\u00edch th\u01b0\u1edbc: W1500 x D500 x H750 mm; &#8211; Ch\u1ea5t li\u1ec7u: B\u1eb1ng g\u1ed7 (t\u1ea7n b\u00ec, g\u1ed7 th\u00f4ng, g\u1ed7 acacia, g\u1ed7 xoan) \u0111\u00e3 qua x\u1eed l\u00fd ch\u1ed1ng cong v\u00eanh, ch\u1ed1ng m\u1ed1i m\u1ecdt \u0111\u1ea3m b\u1ea3o \u0111\u1ed9 b\u1ec1n cho s\u1ea3n ph\u1ea9m, s\u01a1n PU m\u00e0u c\u00e1nh gi\u00e1n. &#8211; K\u1ebft c\u1ea5u s\u1ea3n ph\u1ea9m: S\u1ea3n ph\u1ea9m \u0111\u01b0\u1ee3c gia c\u00f4ng [&hellip;]<\/p>\n","protected":false},"featured_media":1562,"template":"","meta":[],"class_list":{"0":"post-1561","1":"product","2":"type-product","3":"status-publish","4":"has-post-thumbnail","6":"product_cat-noi-that-hoi-truong-hoi-nghi-san-khau","8":"first","9":"instock","10":"shipping-taxable","11":"product-type-simple"},"yoast_head":"<!-- This site is optimized with the Yoast SEO plugin v19.10 - https:\/\/yoast.com\/wordpress\/plugins\/seo\/ -->\n<title>B\u00e0n ph\u00f2ng h\u1ed9i tr\u01b0\u1eddng - B4 -<\/title>\n<meta name=\"robots\" content=\"index, follow, max-snippet:-1, max-image-preview:large, max-video-preview:-1\" \/>\n<link rel=\"canonical\" href=\"https:\/\/duyhungmotor.com\/?product=ban-phong-hoi-truong-2\" \/>\n<meta property=\"og:locale\" content=\"vi_VN\" \/>\n<meta property=\"og:type\" content=\"article\" \/>\n<meta property=\"og:title\" content=\"B\u00e0n ph\u00f2ng h\u1ed9i tr\u01b0\u1eddng - B4 -\" \/>\n<meta property=\"og:description\" content=\"&#8211; C\u00f3 k\u00edch th\u01b0\u1edbc: W1500 x D500 x H750 mm; &#8211; Ch\u1ea5t li\u1ec7u: B\u1eb1ng g\u1ed7 (t\u1ea7n b\u00ec, g\u1ed7 th\u00f4ng, g\u1ed7 acacia, g\u1ed7 xoan) \u0111\u00e3 qua x\u1eed l\u00fd ch\u1ed1ng cong v\u00eanh, ch\u1ed1ng m\u1ed1i m\u1ecdt \u0111\u1ea3m b\u1ea3o \u0111\u1ed9 b\u1ec1n cho s\u1ea3n ph\u1ea9m, s\u01a1n PU m\u00e0u c\u00e1nh gi\u00e1n. &#8211; K\u1ebft c\u1ea5u s\u1ea3n ph\u1ea9m: S\u1ea3n ph\u1ea9m \u0111\u01b0\u1ee3c gia c\u00f4ng [&hellip;]\" \/>\n<meta property=\"og:url\" content=\"https:\/\/duyhungmotor.com\/?product=ban-phong-hoi-truong-2\" \/>\n<meta property=\"article:modified_time\" content=\"2024-09-12T14:13:12+00:00\" \/>\n<meta property=\"og:image\" content=\"https:\/\/duyhungmotor.com\/wp-content\/uploads\/2024\/09\/Anh-man-hinh-2024-09-10-luc-15.52.33.png\" \/>\n\t<meta property=\"og:image:width\" content=\"714\" \/>\n\t<meta property=\"og:image:height\" content=\"484\" \/>\n\t<meta property=\"og:image:type\" content=\"image\/png\" \/>\n<meta name=\"twitter:card\" content=\"summary_large_image\" \/>\n<meta name=\"twitter:label1\" content=\"\u01af\u1edbc t\u00ednh th\u1eddi gian \u0111\u1ecdc\" \/>\n\t<meta name=\"twitter:data1\" content=\"1 ph\u00fat\" \/>\n<script type=\"application\/ld+json\" class=\"yoast-schema-graph\">{\"@context\":\"https:\/\/schema.org\",\"@graph\":[{\"@type\":\"WebPage\",\"@id\":\"https:\/\/duyhungmotor.com\/?product=ban-phong-hoi-truong-2\",\"url\":\"https:\/\/duyhungmotor.com\/?product=ban-phong-hoi-truong-2\",\"name\":\"B\u00e0n ph\u00f2ng h\u1ed9i tr\u01b0\u1eddng - B4 -\",\"isPartOf\":{\"@id\":\"https:\/\/duyhungmotor.com\/#website\"},\"datePublished\":\"2024-09-10T08:52:58+00:00\",\"dateModified\":\"2024-09-12T14:13:12+00:00\",\"breadcrumb\":{\"@id\":\"https:\/\/duyhungmotor.com\/?product=ban-phong-hoi-truong-2#breadcrumb\"},\"inLanguage\":\"vi\",\"potentialAction\":[{\"@type\":\"ReadAction\",\"target\":[\"https:\/\/duyhungmotor.com\/?product=ban-phong-hoi-truong-2\"]}]},{\"@type\":\"BreadcrumbList\",\"@id\":\"https:\/\/duyhungmotor.com\/?product=ban-phong-hoi-truong-2#breadcrumb\",\"itemListElement\":[{\"@type\":\"ListItem\",\"position\":1,\"name\":\"Trang ch\u1ee7\",\"item\":\"https:\/\/duyhungmotor.com\/\"},{\"@type\":\"ListItem\",\"position\":2,\"name\":\"B\u00e0n ph\u00f2ng h\u1ed9i tr\u01b0\u1eddng &#8211; B4\"}]},{\"@type\":\"WebSite\",\"@id\":\"https:\/\/duyhungmotor.com\/#website\",\"url\":\"https:\/\/duyhungmotor.com\/\",\"name\":\"\",\"description\":\"\u0110\u1ea1i l\u00fd Xe M\u00e1y - Xe \u0110i\u1ec7n\",\"potentialAction\":[{\"@type\":\"SearchAction\",\"target\":{\"@type\":\"EntryPoint\",\"urlTemplate\":\"https:\/\/duyhungmotor.com\/?s={search_term_string}\"},\"query-input\":\"required name=search_term_string\"}],\"inLanguage\":\"vi\"}]}<\/script>\n<!-- \/ Yoast SEO plugin. -->","yoast_head_json":{"title":"B\u00e0n ph\u00f2ng h\u1ed9i tr\u01b0\u1eddng - B4 -","robots":{"index":"index","follow":"follow","max-snippet":"max-snippet:-1","max-image-preview":"max-image-preview:large","max-video-preview":"max-video-preview:-1"},"canonical":"https:\/\/duyhungmotor.com\/?product=ban-phong-hoi-truong-2","og_locale":"vi_VN","og_type":"article","og_title":"B\u00e0n ph\u00f2ng h\u1ed9i tr\u01b0\u1eddng - B4 -","og_description":"&#8211; C\u00f3 k\u00edch th\u01b0\u1edbc: W1500 x D500 x H750 mm; &#8211; Ch\u1ea5t li\u1ec7u: B\u1eb1ng g\u1ed7 (t\u1ea7n b\u00ec, g\u1ed7 th\u00f4ng, g\u1ed7 acacia, g\u1ed7 xoan) \u0111\u00e3 qua x\u1eed l\u00fd ch\u1ed1ng cong v\u00eanh, ch\u1ed1ng m\u1ed1i m\u1ecdt \u0111\u1ea3m b\u1ea3o \u0111\u1ed9 b\u1ec1n cho s\u1ea3n ph\u1ea9m, s\u01a1n PU m\u00e0u c\u00e1nh gi\u00e1n. &#8211; K\u1ebft c\u1ea5u s\u1ea3n ph\u1ea9m: S\u1ea3n ph\u1ea9m \u0111\u01b0\u1ee3c gia c\u00f4ng [&hellip;]","og_url":"https:\/\/duyhungmotor.com\/?product=ban-phong-hoi-truong-2","article_modified_time":"2024-09-12T14:13:12+00:00","og_image":[{"width":714,"height":484,"url":"https:\/\/duyhungmotor.com\/wp-content\/uploads\/2024\/09\/Anh-man-hinh-2024-09-10-luc-15.52.33.png","type":"image\/png"}],"twitter_card":"summary_large_image","twitter_misc":{"\u01af\u1edbc t\u00ednh th\u1eddi gian \u0111\u1ecdc":"1 ph\u00fat"},"schema":{"@context":"https:\/\/schema.org","@graph":[{"@type":"WebPage","@id":"https:\/\/duyhungmotor.com\/?product=ban-phong-hoi-truong-2","url":"https:\/\/duyhungmotor.com\/?product=ban-phong-hoi-truong-2","name":"B\u00e0n ph\u00f2ng h\u1ed9i tr\u01b0\u1eddng - B4 -","isPartOf":{"@id":"https:\/\/duyhungmotor.com\/#website"},"datePublished":"2024-09-10T08:52:58+00:00","dateModified":"2024-09-12T14:13:12+00:00","breadcrumb":{"@id":"https:\/\/duyhungmotor.com\/?product=ban-phong-hoi-truong-2#breadcrumb"},"inLanguage":"vi","potentialAction":[{"@type":"ReadAction","target":["https:\/\/duyhungmotor.com\/?product=ban-phong-hoi-truong-2"]}]},{"@type":"BreadcrumbList","@id":"https:\/\/duyhungmotor.com\/?product=ban-phong-hoi-truong-2#breadcrumb","itemListElement":[{"@type":"ListItem","position":1,"name":"Trang ch\u1ee7","item":"https:\/\/duyhungmotor.com\/"},{"@type":"ListItem","position":2,"name":"B\u00e0n ph\u00f2ng h\u1ed9i tr\u01b0\u1eddng &#8211; B4"}]},{"@type":"WebSite","@id":"https:\/\/duyhungmotor.com\/#website","url":"https:\/\/duyhungmotor.com\/","name":"","description":"\u0110\u1ea1i l\u00fd Xe M\u00e1y - Xe \u0110i\u1ec7n","potentialAction":[{"@type":"SearchAction","target":{"@type":"EntryPoint","urlTemplate":"https:\/\/duyhungmotor.com\/?s={search_term_string}"},"query-input":"required name=search_term_string"}],"inLanguage":"vi"}]}},"_links":{"self":[{"href":"https:\/\/duyhungmotor.com\/index.php?rest_route=\/wp\/v2\/product\/1561","targetHints":{"allow":["GET"]}}],"collection":[{"href":"https:\/\/duyhungmotor.com\/index.php?rest_route=\/wp\/v2\/product"}],"about":[{"href":"https:\/\/duyhungmotor.com\/index.php?rest_route=\/wp\/v2\/types\/product"}],"wp:featuredmedia":[{"embeddable":true,"href":"https:\/\/duyhungmotor.com\/index.php?rest_route=\/wp\/v2\/media\/1562"}],"wp:attachment":[{"href":"https:\/\/duyhungmotor.com\/index.php?rest_route=%2Fwp%2Fv2%2Fmedia&parent=1561"}],"curies":[{"name":"wp","href":"https:\/\/api.w.org\/{rel}","templated":true}]}}