{"id":1555,"date":"2024-09-10T15:48:50","date_gmt":"2024-09-10T08:48:50","guid":{"rendered":"https:\/\/duyhungmotor.com\/?post_type=product&#038;p=1555"},"modified":"2024-09-12T21:14:08","modified_gmt":"2024-09-12T14:14:08","slug":"ghe-phong-hoi-truong","status":"publish","type":"product","link":"https:\/\/duyhungmotor.com\/?product=ghe-phong-hoi-truong","title":{"rendered":"Gh\u1ebf ph\u00f2ng h\u1ed9i tr\u01b0\u1eddng &#8211; G1"},"content":{"rendered":"<p>&#8211; C\u00f3 k\u00edch th\u01b0\u1edbc: W505 x D480 x H1100 mm;<br \/>\n&#8211; Ch\u1ea5t li\u1ec7u: B\u1eb1ng g\u1ed7 (t\u1ea7n b\u00ec, g\u1ed7 th\u00f4ng, g\u1ed7 acacia, g\u1ed7 xoan) \u0111\u00e3 qua x\u1eed l\u00fd ch\u1ed1ng cong v\u00eanh, ch\u1ed1ng m\u1ed1i m\u1ecdt \u0111\u1ea3m b\u1ea3o \u0111\u1ed9 b\u1ec1n cho s\u1ea3n ph\u1ea9m, s\u01a1n PU m\u00e0u v\u00e0ng. L\u01b0ng t\u1ef1a, m\u1eb7t gh\u1ebf l\u00f3t n\u1ec9.<br \/>\n&#8211; K\u1ebft c\u1ea5u s\u1ea3n ph\u1ea9m: S\u1ea3n ph\u1ea9m \u0111\u01b0\u1ee3c gia c\u00f4ng t\u1ec9 m\u1ec9, nh\u1eb5n m\u1ecbn, an to\u00e0n cho ng\u01b0\u1eddi s\u1eed d\u1ee5ng. K\u1ebft c\u1ea5u b\u00e0n ch\u1eafc ch\u1eafn, v\u1eefng ch\u00e3i.<br \/>\n&#8211; H\u00e3ng s\u1ea3n xu\u1ea5t \u0111\u1ea1t ti\u00eau chu\u1ea9n qu\u1ea3n l\u00fd ch\u1ea5t l\u01b0\u1ee3ng ISO 9001:2015, ISO 14001:2015, ISO 45001:2018<\/p>\n","protected":false},"excerpt":{"rendered":"<p>&#8211; C\u00f3 k\u00edch th\u01b0\u1edbc: W505 x D480 x H1100 mm; &#8211; Ch\u1ea5t li\u1ec7u: B\u1eb1ng g\u1ed7 (t\u1ea7n b\u00ec, g\u1ed7 th\u00f4ng, g\u1ed7 acacia, g\u1ed7 xoan) \u0111\u00e3 qua x\u1eed l\u00fd ch\u1ed1ng cong v\u00eanh, ch\u1ed1ng m\u1ed1i m\u1ecdt \u0111\u1ea3m b\u1ea3o \u0111\u1ed9 b\u1ec1n cho s\u1ea3n ph\u1ea9m, s\u01a1n PU m\u00e0u v\u00e0ng. L\u01b0ng t\u1ef1a, m\u1eb7t gh\u1ebf l\u00f3t n\u1ec9. &#8211; K\u1ebft c\u1ea5u s\u1ea3n ph\u1ea9m: [&hellip;]<\/p>\n","protected":false},"featured_media":1556,"template":"","meta":[],"class_list":{"0":"post-1555","1":"product","2":"type-product","3":"status-publish","4":"has-post-thumbnail","6":"product_cat-noi-that-hoi-truong-hoi-nghi-san-khau","8":"first","9":"instock","10":"shipping-taxable","11":"product-type-simple"},"yoast_head":"<!-- This site is optimized with the Yoast SEO plugin v19.10 - https:\/\/yoast.com\/wordpress\/plugins\/seo\/ -->\n<title>Gh\u1ebf ph\u00f2ng h\u1ed9i tr\u01b0\u1eddng - G1 -<\/title>\n<meta name=\"robots\" content=\"index, follow, max-snippet:-1, max-image-preview:large, max-video-preview:-1\" \/>\n<link rel=\"canonical\" href=\"https:\/\/duyhungmotor.com\/?product=ghe-phong-hoi-truong\" \/>\n<meta property=\"og:locale\" content=\"vi_VN\" \/>\n<meta property=\"og:type\" content=\"article\" \/>\n<meta property=\"og:title\" content=\"Gh\u1ebf ph\u00f2ng h\u1ed9i tr\u01b0\u1eddng - G1 -\" \/>\n<meta property=\"og:description\" content=\"&#8211; C\u00f3 k\u00edch th\u01b0\u1edbc: W505 x D480 x H1100 mm; &#8211; Ch\u1ea5t li\u1ec7u: B\u1eb1ng g\u1ed7 (t\u1ea7n b\u00ec, g\u1ed7 th\u00f4ng, g\u1ed7 acacia, g\u1ed7 xoan) \u0111\u00e3 qua x\u1eed l\u00fd ch\u1ed1ng cong v\u00eanh, ch\u1ed1ng m\u1ed1i m\u1ecdt \u0111\u1ea3m b\u1ea3o \u0111\u1ed9 b\u1ec1n cho s\u1ea3n ph\u1ea9m, s\u01a1n PU m\u00e0u v\u00e0ng. L\u01b0ng t\u1ef1a, m\u1eb7t gh\u1ebf l\u00f3t n\u1ec9. &#8211; K\u1ebft c\u1ea5u s\u1ea3n ph\u1ea9m: [&hellip;]\" \/>\n<meta property=\"og:url\" content=\"https:\/\/duyhungmotor.com\/?product=ghe-phong-hoi-truong\" \/>\n<meta property=\"article:modified_time\" content=\"2024-09-12T14:14:08+00:00\" \/>\n<meta property=\"og:image\" content=\"https:\/\/duyhungmotor.com\/wp-content\/uploads\/2024\/09\/Anh-man-hinh-2024-09-10-luc-15.48.23.png\" \/>\n\t<meta property=\"og:image:width\" content=\"614\" \/>\n\t<meta property=\"og:image:height\" content=\"646\" \/>\n\t<meta property=\"og:image:type\" content=\"image\/png\" \/>\n<meta name=\"twitter:card\" content=\"summary_large_image\" \/>\n<meta name=\"twitter:label1\" content=\"\u01af\u1edbc t\u00ednh th\u1eddi gian \u0111\u1ecdc\" \/>\n\t<meta name=\"twitter:data1\" content=\"1 ph\u00fat\" \/>\n<script type=\"application\/ld+json\" class=\"yoast-schema-graph\">{\"@context\":\"https:\/\/schema.org\",\"@graph\":[{\"@type\":\"WebPage\",\"@id\":\"https:\/\/duyhungmotor.com\/?product=ghe-phong-hoi-truong\",\"url\":\"https:\/\/duyhungmotor.com\/?product=ghe-phong-hoi-truong\",\"name\":\"Gh\u1ebf ph\u00f2ng h\u1ed9i tr\u01b0\u1eddng - G1 -\",\"isPartOf\":{\"@id\":\"https:\/\/duyhungmotor.com\/#website\"},\"datePublished\":\"2024-09-10T08:48:50+00:00\",\"dateModified\":\"2024-09-12T14:14:08+00:00\",\"breadcrumb\":{\"@id\":\"https:\/\/duyhungmotor.com\/?product=ghe-phong-hoi-truong#breadcrumb\"},\"inLanguage\":\"vi\",\"potentialAction\":[{\"@type\":\"ReadAction\",\"target\":[\"https:\/\/duyhungmotor.com\/?product=ghe-phong-hoi-truong\"]}]},{\"@type\":\"BreadcrumbList\",\"@id\":\"https:\/\/duyhungmotor.com\/?product=ghe-phong-hoi-truong#breadcrumb\",\"itemListElement\":[{\"@type\":\"ListItem\",\"position\":1,\"name\":\"Trang ch\u1ee7\",\"item\":\"https:\/\/duyhungmotor.com\/\"},{\"@type\":\"ListItem\",\"position\":2,\"name\":\"Gh\u1ebf ph\u00f2ng h\u1ed9i tr\u01b0\u1eddng &#8211; G1\"}]},{\"@type\":\"WebSite\",\"@id\":\"https:\/\/duyhungmotor.com\/#website\",\"url\":\"https:\/\/duyhungmotor.com\/\",\"name\":\"\",\"description\":\"\u0110\u1ea1i l\u00fd Xe M\u00e1y - Xe \u0110i\u1ec7n\",\"potentialAction\":[{\"@type\":\"SearchAction\",\"target\":{\"@type\":\"EntryPoint\",\"urlTemplate\":\"https:\/\/duyhungmotor.com\/?s={search_term_string}\"},\"query-input\":\"required name=search_term_string\"}],\"inLanguage\":\"vi\"}]}<\/script>\n<!-- \/ Yoast SEO plugin. -->","yoast_head_json":{"title":"Gh\u1ebf ph\u00f2ng h\u1ed9i tr\u01b0\u1eddng - G1 -","robots":{"index":"index","follow":"follow","max-snippet":"max-snippet:-1","max-image-preview":"max-image-preview:large","max-video-preview":"max-video-preview:-1"},"canonical":"https:\/\/duyhungmotor.com\/?product=ghe-phong-hoi-truong","og_locale":"vi_VN","og_type":"article","og_title":"Gh\u1ebf ph\u00f2ng h\u1ed9i tr\u01b0\u1eddng - G1 -","og_description":"&#8211; C\u00f3 k\u00edch th\u01b0\u1edbc: W505 x D480 x H1100 mm; &#8211; Ch\u1ea5t li\u1ec7u: B\u1eb1ng g\u1ed7 (t\u1ea7n b\u00ec, g\u1ed7 th\u00f4ng, g\u1ed7 acacia, g\u1ed7 xoan) \u0111\u00e3 qua x\u1eed l\u00fd ch\u1ed1ng cong v\u00eanh, ch\u1ed1ng m\u1ed1i m\u1ecdt \u0111\u1ea3m b\u1ea3o \u0111\u1ed9 b\u1ec1n cho s\u1ea3n ph\u1ea9m, s\u01a1n PU m\u00e0u v\u00e0ng. L\u01b0ng t\u1ef1a, m\u1eb7t gh\u1ebf l\u00f3t n\u1ec9. &#8211; K\u1ebft c\u1ea5u s\u1ea3n ph\u1ea9m: [&hellip;]","og_url":"https:\/\/duyhungmotor.com\/?product=ghe-phong-hoi-truong","article_modified_time":"2024-09-12T14:14:08+00:00","og_image":[{"width":614,"height":646,"url":"https:\/\/duyhungmotor.com\/wp-content\/uploads\/2024\/09\/Anh-man-hinh-2024-09-10-luc-15.48.23.png","type":"image\/png"}],"twitter_card":"summary_large_image","twitter_misc":{"\u01af\u1edbc t\u00ednh th\u1eddi gian \u0111\u1ecdc":"1 ph\u00fat"},"schema":{"@context":"https:\/\/schema.org","@graph":[{"@type":"WebPage","@id":"https:\/\/duyhungmotor.com\/?product=ghe-phong-hoi-truong","url":"https:\/\/duyhungmotor.com\/?product=ghe-phong-hoi-truong","name":"Gh\u1ebf ph\u00f2ng h\u1ed9i tr\u01b0\u1eddng - G1 -","isPartOf":{"@id":"https:\/\/duyhungmotor.com\/#website"},"datePublished":"2024-09-10T08:48:50+00:00","dateModified":"2024-09-12T14:14:08+00:00","breadcrumb":{"@id":"https:\/\/duyhungmotor.com\/?product=ghe-phong-hoi-truong#breadcrumb"},"inLanguage":"vi","potentialAction":[{"@type":"ReadAction","target":["https:\/\/duyhungmotor.com\/?product=ghe-phong-hoi-truong"]}]},{"@type":"BreadcrumbList","@id":"https:\/\/duyhungmotor.com\/?product=ghe-phong-hoi-truong#breadcrumb","itemListElement":[{"@type":"ListItem","position":1,"name":"Trang ch\u1ee7","item":"https:\/\/duyhungmotor.com\/"},{"@type":"ListItem","position":2,"name":"Gh\u1ebf ph\u00f2ng h\u1ed9i tr\u01b0\u1eddng &#8211; G1"}]},{"@type":"WebSite","@id":"https:\/\/duyhungmotor.com\/#website","url":"https:\/\/duyhungmotor.com\/","name":"","description":"\u0110\u1ea1i l\u00fd Xe M\u00e1y - Xe \u0110i\u1ec7n","potentialAction":[{"@type":"SearchAction","target":{"@type":"EntryPoint","urlTemplate":"https:\/\/duyhungmotor.com\/?s={search_term_string}"},"query-input":"required name=search_term_string"}],"inLanguage":"vi"}]}},"_links":{"self":[{"href":"https:\/\/duyhungmotor.com\/index.php?rest_route=\/wp\/v2\/product\/1555","targetHints":{"allow":["GET"]}}],"collection":[{"href":"https:\/\/duyhungmotor.com\/index.php?rest_route=\/wp\/v2\/product"}],"about":[{"href":"https:\/\/duyhungmotor.com\/index.php?rest_route=\/wp\/v2\/types\/product"}],"wp:featuredmedia":[{"embeddable":true,"href":"https:\/\/duyhungmotor.com\/index.php?rest_route=\/wp\/v2\/media\/1556"}],"wp:attachment":[{"href":"https:\/\/duyhungmotor.com\/index.php?rest_route=%2Fwp%2Fv2%2Fmedia&parent=1555"}],"curies":[{"name":"wp","href":"https:\/\/api.w.org\/{rel}","templated":true}]}}