{"id":1553,"date":"2024-09-10T15:47:39","date_gmt":"2024-09-10T08:47:39","guid":{"rendered":"https:\/\/duyhungmotor.com\/?post_type=product&#038;p=1553"},"modified":"2024-09-12T21:14:28","modified_gmt":"2024-09-12T14:14:28","slug":"tu-de-ho-so-4-khoang","status":"publish","type":"product","link":"https:\/\/duyhungmotor.com\/?product=tu-de-ho-so-4-khoang","title":{"rendered":"T\u1ee7 \u0111\u1ec3 h\u1ed3 s\u01a1 4 khoang &#8211; T8"},"content":{"rendered":"<p>&#8211; C\u00f3 k\u00edch th\u01b0\u1edbc: W3830 x D450 x H2070 mm.<br \/>\n&#8211; Ch\u1ea5t li\u1ec7u: S\u1eaft s\u01a1n t\u0129nh \u0111i\u1ec7n.<br \/>\n&#8211; Ki\u1ec3u d\u00e1ng:<br \/>\n+ Gi\u00e1 c\u00f3 4 khoang s\u1eed d\u1ee5ng 2 m\u1eb7t, c\u00f3 5 t\u1ea7ng \u0111\u1ec3 t\u00e0i li\u1ec7u.<br \/>\n+ C\u00e1c \u0111\u1ee3t v\u00e0 thanh ch\u1eafn c\u00f3 th\u1ec3 di \u0111\u1ed9ng gi\u00fap \u0111i\u1ec1u ch\u1ec9nh chi\u1ec1u cao.<br \/>\n&#8211; H\u00e3ng s\u1ea3n xu\u1ea5t \u0111\u1ea1t ti\u00eau chu\u1ea9n qu\u1ea3n l\u00fd ch\u1ea5t l\u01b0\u1ee3ng ISO 9001:2015, ISO 14001:2015<br \/>\n&#8211; Th\u00e9p t\u1ea5m c\u00f3 gi\u1edbn h\u1ea1n ch\u1ea3y, gi\u1edbi h\u1ea1n b\u1ec1n keo, \u0111\u1ed9 gi\u00e3n d\u00e0i t\u01b0\u01a1ng \u0111\u1ed1i \u0111\u1ea1t TCVN-1:2014; Th\u00e9p t\u1ea5m c\u00f3 \u0111\u1ed9 b\u1ec1n u\u1ed1n \u0111\u1ea1t TCVN 198:2008<\/p>\n","protected":false},"excerpt":{"rendered":"<p>&#8211; C\u00f3 k\u00edch th\u01b0\u1edbc: W3830 x D450 x H2070 mm. &#8211; Ch\u1ea5t li\u1ec7u: S\u1eaft s\u01a1n t\u0129nh \u0111i\u1ec7n. &#8211; Ki\u1ec3u d\u00e1ng: + Gi\u00e1 c\u00f3 4 khoang s\u1eed d\u1ee5ng 2 m\u1eb7t, c\u00f3 5 t\u1ea7ng \u0111\u1ec3 t\u00e0i li\u1ec7u. + C\u00e1c \u0111\u1ee3t v\u00e0 thanh ch\u1eafn c\u00f3 th\u1ec3 di \u0111\u1ed9ng gi\u00fap \u0111i\u1ec1u ch\u1ec9nh chi\u1ec1u cao. &#8211; H\u00e3ng s\u1ea3n xu\u1ea5t \u0111\u1ea1t [&hellip;]<\/p>\n","protected":false},"featured_media":1554,"template":"","meta":[],"class_list":{"0":"post-1553","1":"product","2":"type-product","3":"status-publish","4":"has-post-thumbnail","6":"product_cat-noi-that-van-phong","8":"first","9":"instock","10":"shipping-taxable","11":"product-type-simple"},"yoast_head":"<!-- This site is optimized with the Yoast SEO plugin v19.10 - https:\/\/yoast.com\/wordpress\/plugins\/seo\/ -->\n<title>T\u1ee7 \u0111\u1ec3 h\u1ed3 s\u01a1 4 khoang - T8 -<\/title>\n<meta name=\"robots\" content=\"index, follow, max-snippet:-1, max-image-preview:large, max-video-preview:-1\" \/>\n<link rel=\"canonical\" href=\"https:\/\/duyhungmotor.com\/?product=tu-de-ho-so-4-khoang\" \/>\n<meta property=\"og:locale\" content=\"vi_VN\" \/>\n<meta property=\"og:type\" content=\"article\" \/>\n<meta property=\"og:title\" content=\"T\u1ee7 \u0111\u1ec3 h\u1ed3 s\u01a1 4 khoang - T8 -\" \/>\n<meta property=\"og:description\" content=\"&#8211; C\u00f3 k\u00edch th\u01b0\u1edbc: W3830 x D450 x H2070 mm. &#8211; Ch\u1ea5t li\u1ec7u: S\u1eaft s\u01a1n t\u0129nh \u0111i\u1ec7n. &#8211; Ki\u1ec3u d\u00e1ng: + Gi\u00e1 c\u00f3 4 khoang s\u1eed d\u1ee5ng 2 m\u1eb7t, c\u00f3 5 t\u1ea7ng \u0111\u1ec3 t\u00e0i li\u1ec7u. + C\u00e1c \u0111\u1ee3t v\u00e0 thanh ch\u1eafn c\u00f3 th\u1ec3 di \u0111\u1ed9ng gi\u00fap \u0111i\u1ec1u ch\u1ec9nh chi\u1ec1u cao. &#8211; H\u00e3ng s\u1ea3n xu\u1ea5t \u0111\u1ea1t [&hellip;]\" \/>\n<meta property=\"og:url\" content=\"https:\/\/duyhungmotor.com\/?product=tu-de-ho-so-4-khoang\" \/>\n<meta property=\"article:modified_time\" content=\"2024-09-12T14:14:28+00:00\" \/>\n<meta property=\"og:image\" content=\"https:\/\/duyhungmotor.com\/wp-content\/uploads\/2024\/09\/Anh-man-hinh-2024-09-10-luc-15.47.11.png\" \/>\n\t<meta property=\"og:image:width\" content=\"738\" \/>\n\t<meta property=\"og:image:height\" content=\"674\" \/>\n\t<meta property=\"og:image:type\" content=\"image\/png\" \/>\n<meta name=\"twitter:card\" content=\"summary_large_image\" \/>\n<meta name=\"twitter:label1\" content=\"\u01af\u1edbc t\u00ednh th\u1eddi gian \u0111\u1ecdc\" \/>\n\t<meta name=\"twitter:data1\" content=\"1 ph\u00fat\" \/>\n<script type=\"application\/ld+json\" class=\"yoast-schema-graph\">{\"@context\":\"https:\/\/schema.org\",\"@graph\":[{\"@type\":\"WebPage\",\"@id\":\"https:\/\/duyhungmotor.com\/?product=tu-de-ho-so-4-khoang\",\"url\":\"https:\/\/duyhungmotor.com\/?product=tu-de-ho-so-4-khoang\",\"name\":\"T\u1ee7 \u0111\u1ec3 h\u1ed3 s\u01a1 4 khoang - T8 -\",\"isPartOf\":{\"@id\":\"https:\/\/duyhungmotor.com\/#website\"},\"datePublished\":\"2024-09-10T08:47:39+00:00\",\"dateModified\":\"2024-09-12T14:14:28+00:00\",\"breadcrumb\":{\"@id\":\"https:\/\/duyhungmotor.com\/?product=tu-de-ho-so-4-khoang#breadcrumb\"},\"inLanguage\":\"vi\",\"potentialAction\":[{\"@type\":\"ReadAction\",\"target\":[\"https:\/\/duyhungmotor.com\/?product=tu-de-ho-so-4-khoang\"]}]},{\"@type\":\"BreadcrumbList\",\"@id\":\"https:\/\/duyhungmotor.com\/?product=tu-de-ho-so-4-khoang#breadcrumb\",\"itemListElement\":[{\"@type\":\"ListItem\",\"position\":1,\"name\":\"Trang ch\u1ee7\",\"item\":\"https:\/\/duyhungmotor.com\/\"},{\"@type\":\"ListItem\",\"position\":2,\"name\":\"T\u1ee7 \u0111\u1ec3 h\u1ed3 s\u01a1 4 khoang &#8211; T8\"}]},{\"@type\":\"WebSite\",\"@id\":\"https:\/\/duyhungmotor.com\/#website\",\"url\":\"https:\/\/duyhungmotor.com\/\",\"name\":\"\",\"description\":\"\u0110\u1ea1i l\u00fd Xe M\u00e1y - Xe \u0110i\u1ec7n\",\"potentialAction\":[{\"@type\":\"SearchAction\",\"target\":{\"@type\":\"EntryPoint\",\"urlTemplate\":\"https:\/\/duyhungmotor.com\/?s={search_term_string}\"},\"query-input\":\"required name=search_term_string\"}],\"inLanguage\":\"vi\"}]}<\/script>\n<!-- \/ Yoast SEO plugin. -->","yoast_head_json":{"title":"T\u1ee7 \u0111\u1ec3 h\u1ed3 s\u01a1 4 khoang - T8 -","robots":{"index":"index","follow":"follow","max-snippet":"max-snippet:-1","max-image-preview":"max-image-preview:large","max-video-preview":"max-video-preview:-1"},"canonical":"https:\/\/duyhungmotor.com\/?product=tu-de-ho-so-4-khoang","og_locale":"vi_VN","og_type":"article","og_title":"T\u1ee7 \u0111\u1ec3 h\u1ed3 s\u01a1 4 khoang - T8 -","og_description":"&#8211; C\u00f3 k\u00edch th\u01b0\u1edbc: W3830 x D450 x H2070 mm. &#8211; Ch\u1ea5t li\u1ec7u: S\u1eaft s\u01a1n t\u0129nh \u0111i\u1ec7n. &#8211; Ki\u1ec3u d\u00e1ng: + Gi\u00e1 c\u00f3 4 khoang s\u1eed d\u1ee5ng 2 m\u1eb7t, c\u00f3 5 t\u1ea7ng \u0111\u1ec3 t\u00e0i li\u1ec7u. + C\u00e1c \u0111\u1ee3t v\u00e0 thanh ch\u1eafn c\u00f3 th\u1ec3 di \u0111\u1ed9ng gi\u00fap \u0111i\u1ec1u ch\u1ec9nh chi\u1ec1u cao. &#8211; H\u00e3ng s\u1ea3n xu\u1ea5t \u0111\u1ea1t [&hellip;]","og_url":"https:\/\/duyhungmotor.com\/?product=tu-de-ho-so-4-khoang","article_modified_time":"2024-09-12T14:14:28+00:00","og_image":[{"width":738,"height":674,"url":"https:\/\/duyhungmotor.com\/wp-content\/uploads\/2024\/09\/Anh-man-hinh-2024-09-10-luc-15.47.11.png","type":"image\/png"}],"twitter_card":"summary_large_image","twitter_misc":{"\u01af\u1edbc t\u00ednh th\u1eddi gian \u0111\u1ecdc":"1 ph\u00fat"},"schema":{"@context":"https:\/\/schema.org","@graph":[{"@type":"WebPage","@id":"https:\/\/duyhungmotor.com\/?product=tu-de-ho-so-4-khoang","url":"https:\/\/duyhungmotor.com\/?product=tu-de-ho-so-4-khoang","name":"T\u1ee7 \u0111\u1ec3 h\u1ed3 s\u01a1 4 khoang - T8 -","isPartOf":{"@id":"https:\/\/duyhungmotor.com\/#website"},"datePublished":"2024-09-10T08:47:39+00:00","dateModified":"2024-09-12T14:14:28+00:00","breadcrumb":{"@id":"https:\/\/duyhungmotor.com\/?product=tu-de-ho-so-4-khoang#breadcrumb"},"inLanguage":"vi","potentialAction":[{"@type":"ReadAction","target":["https:\/\/duyhungmotor.com\/?product=tu-de-ho-so-4-khoang"]}]},{"@type":"BreadcrumbList","@id":"https:\/\/duyhungmotor.com\/?product=tu-de-ho-so-4-khoang#breadcrumb","itemListElement":[{"@type":"ListItem","position":1,"name":"Trang ch\u1ee7","item":"https:\/\/duyhungmotor.com\/"},{"@type":"ListItem","position":2,"name":"T\u1ee7 \u0111\u1ec3 h\u1ed3 s\u01a1 4 khoang &#8211; T8"}]},{"@type":"WebSite","@id":"https:\/\/duyhungmotor.com\/#website","url":"https:\/\/duyhungmotor.com\/","name":"","description":"\u0110\u1ea1i l\u00fd Xe M\u00e1y - Xe \u0110i\u1ec7n","potentialAction":[{"@type":"SearchAction","target":{"@type":"EntryPoint","urlTemplate":"https:\/\/duyhungmotor.com\/?s={search_term_string}"},"query-input":"required name=search_term_string"}],"inLanguage":"vi"}]}},"_links":{"self":[{"href":"https:\/\/duyhungmotor.com\/index.php?rest_route=\/wp\/v2\/product\/1553","targetHints":{"allow":["GET"]}}],"collection":[{"href":"https:\/\/duyhungmotor.com\/index.php?rest_route=\/wp\/v2\/product"}],"about":[{"href":"https:\/\/duyhungmotor.com\/index.php?rest_route=\/wp\/v2\/types\/product"}],"wp:featuredmedia":[{"embeddable":true,"href":"https:\/\/duyhungmotor.com\/index.php?rest_route=\/wp\/v2\/media\/1554"}],"wp:attachment":[{"href":"https:\/\/duyhungmotor.com\/index.php?rest_route=%2Fwp%2Fv2%2Fmedia&parent=1553"}],"curies":[{"name":"wp","href":"https:\/\/api.w.org\/{rel}","templated":true}]}}