{"id":1532,"date":"2024-09-10T15:28:39","date_gmt":"2024-09-10T08:28:39","guid":{"rendered":"https:\/\/duyhungmotor.com\/?post_type=product&#038;p=1532"},"modified":"2024-09-12T21:17:20","modified_gmt":"2024-09-12T14:17:20","slug":"ghe-hop-chan-quy","status":"publish","type":"product","link":"https:\/\/duyhungmotor.com\/?product=ghe-hop-chan-quy","title":{"rendered":"Gh\u1ebf h\u1ecdp ch\u00e2n qu\u1ef3 &#8211; G4"},"content":{"rendered":"<p>&#8211; C\u00f3 k\u00edch th\u01b0\u1edbc: W620 x D650 x H1000 mm.<br \/>\n&#8211; Ch\u1ea5t li\u1ec7u:<br \/>\n+ Khung th\u00e9p m\u1ea1 s\u00e1ng b\u00f3ng;<br \/>\n+ Tay gh\u1ebf b\u1eb1ng nh\u1ef1a<br \/>\n+ \u0110\u1ec7m t\u1ef1a m\u00fat b\u1ecdc da PU c\u00f4ng nghi\u1ec7p<\/p>\n","protected":false},"excerpt":{"rendered":"<p>&#8211; C\u00f3 k\u00edch th\u01b0\u1edbc: W620 x D650 x H1000 mm. &#8211; Ch\u1ea5t li\u1ec7u: + Khung th\u00e9p m\u1ea1 s\u00e1ng b\u00f3ng; + Tay gh\u1ebf b\u1eb1ng nh\u1ef1a + \u0110\u1ec7m t\u1ef1a m\u00fat b\u1ecdc da PU c\u00f4ng nghi\u1ec7p<\/p>\n","protected":false},"featured_media":1533,"template":"","meta":[],"class_list":{"0":"post-1532","1":"product","2":"type-product","3":"status-publish","4":"has-post-thumbnail","6":"product_cat-noi-that-van-phong","8":"first","9":"instock","10":"shipping-taxable","11":"product-type-simple"},"yoast_head":"<!-- This site is optimized with the Yoast SEO plugin v19.10 - https:\/\/yoast.com\/wordpress\/plugins\/seo\/ -->\n<title>Gh\u1ebf h\u1ecdp ch\u00e2n qu\u1ef3 - G4 -<\/title>\n<meta name=\"robots\" content=\"index, follow, max-snippet:-1, max-image-preview:large, max-video-preview:-1\" \/>\n<link rel=\"canonical\" href=\"https:\/\/duyhungmotor.com\/?product=ghe-hop-chan-quy\" \/>\n<meta property=\"og:locale\" content=\"vi_VN\" \/>\n<meta property=\"og:type\" content=\"article\" \/>\n<meta property=\"og:title\" content=\"Gh\u1ebf h\u1ecdp ch\u00e2n qu\u1ef3 - G4 -\" \/>\n<meta property=\"og:description\" content=\"&#8211; C\u00f3 k\u00edch th\u01b0\u1edbc: W620 x D650 x H1000 mm. &#8211; Ch\u1ea5t li\u1ec7u: + Khung th\u00e9p m\u1ea1 s\u00e1ng b\u00f3ng; + Tay gh\u1ebf b\u1eb1ng nh\u1ef1a + \u0110\u1ec7m t\u1ef1a m\u00fat b\u1ecdc da PU c\u00f4ng nghi\u1ec7p\" \/>\n<meta property=\"og:url\" content=\"https:\/\/duyhungmotor.com\/?product=ghe-hop-chan-quy\" \/>\n<meta property=\"article:modified_time\" content=\"2024-09-12T14:17:20+00:00\" \/>\n<meta property=\"og:image\" content=\"https:\/\/duyhungmotor.com\/wp-content\/uploads\/2024\/09\/Anh-man-hinh-2024-09-10-luc-15.28.20.png\" \/>\n\t<meta property=\"og:image:width\" content=\"490\" \/>\n\t<meta property=\"og:image:height\" content=\"472\" \/>\n\t<meta property=\"og:image:type\" content=\"image\/png\" \/>\n<meta name=\"twitter:card\" content=\"summary_large_image\" \/>\n<meta name=\"twitter:label1\" content=\"\u01af\u1edbc t\u00ednh th\u1eddi gian \u0111\u1ecdc\" \/>\n\t<meta name=\"twitter:data1\" content=\"1 ph\u00fat\" \/>\n<script type=\"application\/ld+json\" class=\"yoast-schema-graph\">{\"@context\":\"https:\/\/schema.org\",\"@graph\":[{\"@type\":\"WebPage\",\"@id\":\"https:\/\/duyhungmotor.com\/?product=ghe-hop-chan-quy\",\"url\":\"https:\/\/duyhungmotor.com\/?product=ghe-hop-chan-quy\",\"name\":\"Gh\u1ebf h\u1ecdp ch\u00e2n qu\u1ef3 - G4 -\",\"isPartOf\":{\"@id\":\"https:\/\/duyhungmotor.com\/#website\"},\"datePublished\":\"2024-09-10T08:28:39+00:00\",\"dateModified\":\"2024-09-12T14:17:20+00:00\",\"breadcrumb\":{\"@id\":\"https:\/\/duyhungmotor.com\/?product=ghe-hop-chan-quy#breadcrumb\"},\"inLanguage\":\"vi\",\"potentialAction\":[{\"@type\":\"ReadAction\",\"target\":[\"https:\/\/duyhungmotor.com\/?product=ghe-hop-chan-quy\"]}]},{\"@type\":\"BreadcrumbList\",\"@id\":\"https:\/\/duyhungmotor.com\/?product=ghe-hop-chan-quy#breadcrumb\",\"itemListElement\":[{\"@type\":\"ListItem\",\"position\":1,\"name\":\"Trang ch\u1ee7\",\"item\":\"https:\/\/duyhungmotor.com\/\"},{\"@type\":\"ListItem\",\"position\":2,\"name\":\"Gh\u1ebf h\u1ecdp ch\u00e2n qu\u1ef3 &#8211; G4\"}]},{\"@type\":\"WebSite\",\"@id\":\"https:\/\/duyhungmotor.com\/#website\",\"url\":\"https:\/\/duyhungmotor.com\/\",\"name\":\"\",\"description\":\"\u0110\u1ea1i l\u00fd Xe M\u00e1y - Xe \u0110i\u1ec7n\",\"potentialAction\":[{\"@type\":\"SearchAction\",\"target\":{\"@type\":\"EntryPoint\",\"urlTemplate\":\"https:\/\/duyhungmotor.com\/?s={search_term_string}\"},\"query-input\":\"required name=search_term_string\"}],\"inLanguage\":\"vi\"}]}<\/script>\n<!-- \/ Yoast SEO plugin. -->","yoast_head_json":{"title":"Gh\u1ebf h\u1ecdp ch\u00e2n qu\u1ef3 - G4 -","robots":{"index":"index","follow":"follow","max-snippet":"max-snippet:-1","max-image-preview":"max-image-preview:large","max-video-preview":"max-video-preview:-1"},"canonical":"https:\/\/duyhungmotor.com\/?product=ghe-hop-chan-quy","og_locale":"vi_VN","og_type":"article","og_title":"Gh\u1ebf h\u1ecdp ch\u00e2n qu\u1ef3 - G4 -","og_description":"&#8211; C\u00f3 k\u00edch th\u01b0\u1edbc: W620 x D650 x H1000 mm. &#8211; Ch\u1ea5t li\u1ec7u: + Khung th\u00e9p m\u1ea1 s\u00e1ng b\u00f3ng; + Tay gh\u1ebf b\u1eb1ng nh\u1ef1a + \u0110\u1ec7m t\u1ef1a m\u00fat b\u1ecdc da PU c\u00f4ng nghi\u1ec7p","og_url":"https:\/\/duyhungmotor.com\/?product=ghe-hop-chan-quy","article_modified_time":"2024-09-12T14:17:20+00:00","og_image":[{"width":490,"height":472,"url":"https:\/\/duyhungmotor.com\/wp-content\/uploads\/2024\/09\/Anh-man-hinh-2024-09-10-luc-15.28.20.png","type":"image\/png"}],"twitter_card":"summary_large_image","twitter_misc":{"\u01af\u1edbc t\u00ednh th\u1eddi gian \u0111\u1ecdc":"1 ph\u00fat"},"schema":{"@context":"https:\/\/schema.org","@graph":[{"@type":"WebPage","@id":"https:\/\/duyhungmotor.com\/?product=ghe-hop-chan-quy","url":"https:\/\/duyhungmotor.com\/?product=ghe-hop-chan-quy","name":"Gh\u1ebf h\u1ecdp ch\u00e2n qu\u1ef3 - G4 -","isPartOf":{"@id":"https:\/\/duyhungmotor.com\/#website"},"datePublished":"2024-09-10T08:28:39+00:00","dateModified":"2024-09-12T14:17:20+00:00","breadcrumb":{"@id":"https:\/\/duyhungmotor.com\/?product=ghe-hop-chan-quy#breadcrumb"},"inLanguage":"vi","potentialAction":[{"@type":"ReadAction","target":["https:\/\/duyhungmotor.com\/?product=ghe-hop-chan-quy"]}]},{"@type":"BreadcrumbList","@id":"https:\/\/duyhungmotor.com\/?product=ghe-hop-chan-quy#breadcrumb","itemListElement":[{"@type":"ListItem","position":1,"name":"Trang ch\u1ee7","item":"https:\/\/duyhungmotor.com\/"},{"@type":"ListItem","position":2,"name":"Gh\u1ebf h\u1ecdp ch\u00e2n qu\u1ef3 &#8211; G4"}]},{"@type":"WebSite","@id":"https:\/\/duyhungmotor.com\/#website","url":"https:\/\/duyhungmotor.com\/","name":"","description":"\u0110\u1ea1i l\u00fd Xe M\u00e1y - Xe \u0110i\u1ec7n","potentialAction":[{"@type":"SearchAction","target":{"@type":"EntryPoint","urlTemplate":"https:\/\/duyhungmotor.com\/?s={search_term_string}"},"query-input":"required name=search_term_string"}],"inLanguage":"vi"}]}},"_links":{"self":[{"href":"https:\/\/duyhungmotor.com\/index.php?rest_route=\/wp\/v2\/product\/1532","targetHints":{"allow":["GET"]}}],"collection":[{"href":"https:\/\/duyhungmotor.com\/index.php?rest_route=\/wp\/v2\/product"}],"about":[{"href":"https:\/\/duyhungmotor.com\/index.php?rest_route=\/wp\/v2\/types\/product"}],"wp:featuredmedia":[{"embeddable":true,"href":"https:\/\/duyhungmotor.com\/index.php?rest_route=\/wp\/v2\/media\/1533"}],"wp:attachment":[{"href":"https:\/\/duyhungmotor.com\/index.php?rest_route=%2Fwp%2Fv2%2Fmedia&parent=1532"}],"curies":[{"name":"wp","href":"https:\/\/api.w.org\/{rel}","templated":true}]}}