{"id":1520,"date":"2024-09-10T15:17:05","date_gmt":"2024-09-10T08:17:05","guid":{"rendered":"https:\/\/duyhungmotor.com\/?post_type=product&#038;p=1520"},"modified":"2024-09-12T21:19:13","modified_gmt":"2024-09-12T14:19:13","slug":"tu-de-ho-so-3-khoang","status":"publish","type":"product","link":"https:\/\/duyhungmotor.com\/?product=tu-de-ho-so-3-khoang","title":{"rendered":"T\u1ee7 \u0111\u1ec3 h\u1ed3 s\u01a1 3 khoang &#8211; T6"},"content":{"rendered":"<p>C\u00f3 k\u00edch th\u01b0\u1edbc: W2865 x D450 x H2070 mm.<br \/>\n&#8211; Ch\u1ea5t li\u1ec7u: S\u1eaft s\u01a1n t\u0129nh \u0111i\u1ec7n.<br \/>\n&#8211; Ki\u1ec3u d\u00e1ng:<br \/>\n+ Gi\u00e1 c\u00f3 3 khoang s\u1eed d\u1ee5ng 2 m\u1eb7t, c\u00f3 5 t\u1ea7ng \u0111\u1ec3 t\u00e0i li\u1ec7u.<br \/>\n+ C\u00e1c \u0111\u1ee3t v\u00e0 thanh ch\u1eafn c\u00f3 th\u1ec3 di \u0111\u1ed9ng gi\u00fap \u0111i\u1ec1u ch\u1ec9nh chi\u1ec1u cao.<\/p>\n","protected":false},"excerpt":{"rendered":"<p>C\u00f3 k\u00edch th\u01b0\u1edbc: W2865 x D450 x H2070 mm. &#8211; Ch\u1ea5t li\u1ec7u: S\u1eaft s\u01a1n t\u0129nh \u0111i\u1ec7n. &#8211; Ki\u1ec3u d\u00e1ng: + Gi\u00e1 c\u00f3 3 khoang s\u1eed d\u1ee5ng 2 m\u1eb7t, c\u00f3 5 t\u1ea7ng \u0111\u1ec3 t\u00e0i li\u1ec7u. + C\u00e1c \u0111\u1ee3t v\u00e0 thanh ch\u1eafn c\u00f3 th\u1ec3 di \u0111\u1ed9ng gi\u00fap \u0111i\u1ec1u ch\u1ec9nh chi\u1ec1u cao.<\/p>\n","protected":false},"featured_media":1521,"template":"","meta":[],"class_list":{"0":"post-1520","1":"product","2":"type-product","3":"status-publish","4":"has-post-thumbnail","6":"product_cat-noi-that-van-phong","8":"first","9":"instock","10":"shipping-taxable","11":"product-type-simple"},"yoast_head":"<!-- This site is optimized with the Yoast SEO plugin v19.10 - https:\/\/yoast.com\/wordpress\/plugins\/seo\/ -->\n<title>T\u1ee7 \u0111\u1ec3 h\u1ed3 s\u01a1 3 khoang - T6 -<\/title>\n<meta name=\"robots\" content=\"index, follow, max-snippet:-1, max-image-preview:large, max-video-preview:-1\" \/>\n<link rel=\"canonical\" href=\"https:\/\/duyhungmotor.com\/?product=tu-de-ho-so-3-khoang\" \/>\n<meta property=\"og:locale\" content=\"vi_VN\" \/>\n<meta property=\"og:type\" content=\"article\" \/>\n<meta property=\"og:title\" content=\"T\u1ee7 \u0111\u1ec3 h\u1ed3 s\u01a1 3 khoang - T6 -\" \/>\n<meta property=\"og:description\" content=\"C\u00f3 k\u00edch th\u01b0\u1edbc: W2865 x D450 x H2070 mm. &#8211; Ch\u1ea5t li\u1ec7u: S\u1eaft s\u01a1n t\u0129nh \u0111i\u1ec7n. &#8211; Ki\u1ec3u d\u00e1ng: + Gi\u00e1 c\u00f3 3 khoang s\u1eed d\u1ee5ng 2 m\u1eb7t, c\u00f3 5 t\u1ea7ng \u0111\u1ec3 t\u00e0i li\u1ec7u. + C\u00e1c \u0111\u1ee3t v\u00e0 thanh ch\u1eafn c\u00f3 th\u1ec3 di \u0111\u1ed9ng gi\u00fap \u0111i\u1ec1u ch\u1ec9nh chi\u1ec1u cao.\" \/>\n<meta property=\"og:url\" content=\"https:\/\/duyhungmotor.com\/?product=tu-de-ho-so-3-khoang\" \/>\n<meta property=\"article:modified_time\" content=\"2024-09-12T14:19:13+00:00\" \/>\n<meta property=\"og:image\" content=\"https:\/\/duyhungmotor.com\/wp-content\/uploads\/2024\/09\/Anh-man-hinh-2024-09-10-luc-15.16.40.png\" \/>\n\t<meta property=\"og:image:width\" content=\"624\" \/>\n\t<meta property=\"og:image:height\" content=\"534\" \/>\n\t<meta property=\"og:image:type\" content=\"image\/png\" \/>\n<meta name=\"twitter:card\" content=\"summary_large_image\" \/>\n<meta name=\"twitter:label1\" content=\"\u01af\u1edbc t\u00ednh th\u1eddi gian \u0111\u1ecdc\" \/>\n\t<meta name=\"twitter:data1\" content=\"1 ph\u00fat\" \/>\n<script type=\"application\/ld+json\" class=\"yoast-schema-graph\">{\"@context\":\"https:\/\/schema.org\",\"@graph\":[{\"@type\":\"WebPage\",\"@id\":\"https:\/\/duyhungmotor.com\/?product=tu-de-ho-so-3-khoang\",\"url\":\"https:\/\/duyhungmotor.com\/?product=tu-de-ho-so-3-khoang\",\"name\":\"T\u1ee7 \u0111\u1ec3 h\u1ed3 s\u01a1 3 khoang - T6 -\",\"isPartOf\":{\"@id\":\"https:\/\/duyhungmotor.com\/#website\"},\"datePublished\":\"2024-09-10T08:17:05+00:00\",\"dateModified\":\"2024-09-12T14:19:13+00:00\",\"breadcrumb\":{\"@id\":\"https:\/\/duyhungmotor.com\/?product=tu-de-ho-so-3-khoang#breadcrumb\"},\"inLanguage\":\"vi\",\"potentialAction\":[{\"@type\":\"ReadAction\",\"target\":[\"https:\/\/duyhungmotor.com\/?product=tu-de-ho-so-3-khoang\"]}]},{\"@type\":\"BreadcrumbList\",\"@id\":\"https:\/\/duyhungmotor.com\/?product=tu-de-ho-so-3-khoang#breadcrumb\",\"itemListElement\":[{\"@type\":\"ListItem\",\"position\":1,\"name\":\"Trang ch\u1ee7\",\"item\":\"https:\/\/duyhungmotor.com\/\"},{\"@type\":\"ListItem\",\"position\":2,\"name\":\"T\u1ee7 \u0111\u1ec3 h\u1ed3 s\u01a1 3 khoang &#8211; T6\"}]},{\"@type\":\"WebSite\",\"@id\":\"https:\/\/duyhungmotor.com\/#website\",\"url\":\"https:\/\/duyhungmotor.com\/\",\"name\":\"\",\"description\":\"\u0110\u1ea1i l\u00fd Xe M\u00e1y - Xe \u0110i\u1ec7n\",\"potentialAction\":[{\"@type\":\"SearchAction\",\"target\":{\"@type\":\"EntryPoint\",\"urlTemplate\":\"https:\/\/duyhungmotor.com\/?s={search_term_string}\"},\"query-input\":\"required name=search_term_string\"}],\"inLanguage\":\"vi\"}]}<\/script>\n<!-- \/ Yoast SEO plugin. -->","yoast_head_json":{"title":"T\u1ee7 \u0111\u1ec3 h\u1ed3 s\u01a1 3 khoang - T6 -","robots":{"index":"index","follow":"follow","max-snippet":"max-snippet:-1","max-image-preview":"max-image-preview:large","max-video-preview":"max-video-preview:-1"},"canonical":"https:\/\/duyhungmotor.com\/?product=tu-de-ho-so-3-khoang","og_locale":"vi_VN","og_type":"article","og_title":"T\u1ee7 \u0111\u1ec3 h\u1ed3 s\u01a1 3 khoang - T6 -","og_description":"C\u00f3 k\u00edch th\u01b0\u1edbc: W2865 x D450 x H2070 mm. &#8211; Ch\u1ea5t li\u1ec7u: S\u1eaft s\u01a1n t\u0129nh \u0111i\u1ec7n. &#8211; Ki\u1ec3u d\u00e1ng: + Gi\u00e1 c\u00f3 3 khoang s\u1eed d\u1ee5ng 2 m\u1eb7t, c\u00f3 5 t\u1ea7ng \u0111\u1ec3 t\u00e0i li\u1ec7u. + C\u00e1c \u0111\u1ee3t v\u00e0 thanh ch\u1eafn c\u00f3 th\u1ec3 di \u0111\u1ed9ng gi\u00fap \u0111i\u1ec1u ch\u1ec9nh chi\u1ec1u cao.","og_url":"https:\/\/duyhungmotor.com\/?product=tu-de-ho-so-3-khoang","article_modified_time":"2024-09-12T14:19:13+00:00","og_image":[{"width":624,"height":534,"url":"https:\/\/duyhungmotor.com\/wp-content\/uploads\/2024\/09\/Anh-man-hinh-2024-09-10-luc-15.16.40.png","type":"image\/png"}],"twitter_card":"summary_large_image","twitter_misc":{"\u01af\u1edbc t\u00ednh th\u1eddi gian \u0111\u1ecdc":"1 ph\u00fat"},"schema":{"@context":"https:\/\/schema.org","@graph":[{"@type":"WebPage","@id":"https:\/\/duyhungmotor.com\/?product=tu-de-ho-so-3-khoang","url":"https:\/\/duyhungmotor.com\/?product=tu-de-ho-so-3-khoang","name":"T\u1ee7 \u0111\u1ec3 h\u1ed3 s\u01a1 3 khoang - T6 -","isPartOf":{"@id":"https:\/\/duyhungmotor.com\/#website"},"datePublished":"2024-09-10T08:17:05+00:00","dateModified":"2024-09-12T14:19:13+00:00","breadcrumb":{"@id":"https:\/\/duyhungmotor.com\/?product=tu-de-ho-so-3-khoang#breadcrumb"},"inLanguage":"vi","potentialAction":[{"@type":"ReadAction","target":["https:\/\/duyhungmotor.com\/?product=tu-de-ho-so-3-khoang"]}]},{"@type":"BreadcrumbList","@id":"https:\/\/duyhungmotor.com\/?product=tu-de-ho-so-3-khoang#breadcrumb","itemListElement":[{"@type":"ListItem","position":1,"name":"Trang ch\u1ee7","item":"https:\/\/duyhungmotor.com\/"},{"@type":"ListItem","position":2,"name":"T\u1ee7 \u0111\u1ec3 h\u1ed3 s\u01a1 3 khoang &#8211; T6"}]},{"@type":"WebSite","@id":"https:\/\/duyhungmotor.com\/#website","url":"https:\/\/duyhungmotor.com\/","name":"","description":"\u0110\u1ea1i l\u00fd Xe M\u00e1y - Xe \u0110i\u1ec7n","potentialAction":[{"@type":"SearchAction","target":{"@type":"EntryPoint","urlTemplate":"https:\/\/duyhungmotor.com\/?s={search_term_string}"},"query-input":"required name=search_term_string"}],"inLanguage":"vi"}]}},"_links":{"self":[{"href":"https:\/\/duyhungmotor.com\/index.php?rest_route=\/wp\/v2\/product\/1520","targetHints":{"allow":["GET"]}}],"collection":[{"href":"https:\/\/duyhungmotor.com\/index.php?rest_route=\/wp\/v2\/product"}],"about":[{"href":"https:\/\/duyhungmotor.com\/index.php?rest_route=\/wp\/v2\/types\/product"}],"wp:featuredmedia":[{"embeddable":true,"href":"https:\/\/duyhungmotor.com\/index.php?rest_route=\/wp\/v2\/media\/1521"}],"wp:attachment":[{"href":"https:\/\/duyhungmotor.com\/index.php?rest_route=%2Fwp%2Fv2%2Fmedia&parent=1520"}],"curies":[{"name":"wp","href":"https:\/\/api.w.org\/{rel}","templated":true}]}}