{"id":1512,"date":"2024-09-10T15:11:14","date_gmt":"2024-09-10T08:11:14","guid":{"rendered":"https:\/\/duyhungmotor.com\/?post_type=product&#038;p=1512"},"modified":"2024-09-12T21:20:18","modified_gmt":"2024-09-12T14:20:18","slug":"ban-lam-viec-3","status":"publish","type":"product","link":"https:\/\/duyhungmotor.com\/?product=ban-lam-viec-3","title":{"rendered":"B\u00e0n l\u00e0m vi\u1ec7c &#8211; B1"},"content":{"rendered":"<p>&#8211; C\u00f3 k\u00edch th\u01b0\u1edbc: W1800 x D800 x H760 mm<br \/>\n&#8211; Ch\u1ea5t li\u1ec7u m\u1eb7t b\u00e0n, ch\u00e2n b\u00e0n, ng\u0103n k\u00e9o b\u1eb1ng g\u1ed7 c\u00f4ng nghi\u1ec7p s\u01a1n ph\u1ee7 PU cao c\u1ea5p; Ch\u00e2n b\u00e0n c\u00f3 c\u00e1c mi\u1ebfng nh\u1ef1a ch\u1ecbu l\u1ef1c.I41<\/p>\n","protected":false},"excerpt":{"rendered":"<p>&#8211; C\u00f3 k\u00edch th\u01b0\u1edbc: W1800 x D800 x H760 mm &#8211; Ch\u1ea5t li\u1ec7u m\u1eb7t b\u00e0n, ch\u00e2n b\u00e0n, ng\u0103n k\u00e9o b\u1eb1ng g\u1ed7 c\u00f4ng nghi\u1ec7p s\u01a1n ph\u1ee7 PU cao c\u1ea5p; Ch\u00e2n b\u00e0n c\u00f3 c\u00e1c mi\u1ebfng nh\u1ef1a ch\u1ecbu l\u1ef1c.I41<\/p>\n","protected":false},"featured_media":1513,"template":"","meta":[],"class_list":{"0":"post-1512","1":"product","2":"type-product","3":"status-publish","4":"has-post-thumbnail","6":"product_cat-noi-that-van-phong","8":"first","9":"instock","10":"shipping-taxable","11":"product-type-simple"},"yoast_head":"<!-- This site is optimized with the Yoast SEO plugin v19.10 - https:\/\/yoast.com\/wordpress\/plugins\/seo\/ -->\n<title>B\u00e0n l\u00e0m vi\u1ec7c - B1 -<\/title>\n<meta name=\"robots\" content=\"index, follow, max-snippet:-1, max-image-preview:large, max-video-preview:-1\" \/>\n<link rel=\"canonical\" href=\"https:\/\/duyhungmotor.com\/?product=ban-lam-viec-3\" \/>\n<meta property=\"og:locale\" content=\"vi_VN\" \/>\n<meta property=\"og:type\" content=\"article\" \/>\n<meta property=\"og:title\" content=\"B\u00e0n l\u00e0m vi\u1ec7c - B1 -\" \/>\n<meta property=\"og:description\" content=\"&#8211; C\u00f3 k\u00edch th\u01b0\u1edbc: W1800 x D800 x H760 mm &#8211; Ch\u1ea5t li\u1ec7u m\u1eb7t b\u00e0n, ch\u00e2n b\u00e0n, ng\u0103n k\u00e9o b\u1eb1ng g\u1ed7 c\u00f4ng nghi\u1ec7p s\u01a1n ph\u1ee7 PU cao c\u1ea5p; Ch\u00e2n b\u00e0n c\u00f3 c\u00e1c mi\u1ebfng nh\u1ef1a ch\u1ecbu l\u1ef1c.I41\" \/>\n<meta property=\"og:url\" content=\"https:\/\/duyhungmotor.com\/?product=ban-lam-viec-3\" \/>\n<meta property=\"article:modified_time\" content=\"2024-09-12T14:20:18+00:00\" \/>\n<meta property=\"og:image\" content=\"https:\/\/duyhungmotor.com\/wp-content\/uploads\/2024\/09\/Anh-man-hinh-2024-09-10-luc-15.10.32.png\" \/>\n\t<meta property=\"og:image:width\" content=\"634\" \/>\n\t<meta property=\"og:image:height\" content=\"490\" \/>\n\t<meta property=\"og:image:type\" content=\"image\/png\" \/>\n<meta name=\"twitter:card\" content=\"summary_large_image\" \/>\n<meta name=\"twitter:label1\" content=\"\u01af\u1edbc t\u00ednh th\u1eddi gian \u0111\u1ecdc\" \/>\n\t<meta name=\"twitter:data1\" content=\"1 ph\u00fat\" \/>\n<script type=\"application\/ld+json\" class=\"yoast-schema-graph\">{\"@context\":\"https:\/\/schema.org\",\"@graph\":[{\"@type\":\"WebPage\",\"@id\":\"https:\/\/duyhungmotor.com\/?product=ban-lam-viec-3\",\"url\":\"https:\/\/duyhungmotor.com\/?product=ban-lam-viec-3\",\"name\":\"B\u00e0n l\u00e0m vi\u1ec7c - B1 -\",\"isPartOf\":{\"@id\":\"https:\/\/duyhungmotor.com\/#website\"},\"datePublished\":\"2024-09-10T08:11:14+00:00\",\"dateModified\":\"2024-09-12T14:20:18+00:00\",\"breadcrumb\":{\"@id\":\"https:\/\/duyhungmotor.com\/?product=ban-lam-viec-3#breadcrumb\"},\"inLanguage\":\"vi\",\"potentialAction\":[{\"@type\":\"ReadAction\",\"target\":[\"https:\/\/duyhungmotor.com\/?product=ban-lam-viec-3\"]}]},{\"@type\":\"BreadcrumbList\",\"@id\":\"https:\/\/duyhungmotor.com\/?product=ban-lam-viec-3#breadcrumb\",\"itemListElement\":[{\"@type\":\"ListItem\",\"position\":1,\"name\":\"Trang ch\u1ee7\",\"item\":\"https:\/\/duyhungmotor.com\/\"},{\"@type\":\"ListItem\",\"position\":2,\"name\":\"B\u00e0n l\u00e0m vi\u1ec7c &#8211; B1\"}]},{\"@type\":\"WebSite\",\"@id\":\"https:\/\/duyhungmotor.com\/#website\",\"url\":\"https:\/\/duyhungmotor.com\/\",\"name\":\"\",\"description\":\"\u0110\u1ea1i l\u00fd Xe M\u00e1y - Xe \u0110i\u1ec7n\",\"potentialAction\":[{\"@type\":\"SearchAction\",\"target\":{\"@type\":\"EntryPoint\",\"urlTemplate\":\"https:\/\/duyhungmotor.com\/?s={search_term_string}\"},\"query-input\":\"required name=search_term_string\"}],\"inLanguage\":\"vi\"}]}<\/script>\n<!-- \/ Yoast SEO plugin. -->","yoast_head_json":{"title":"B\u00e0n l\u00e0m vi\u1ec7c - B1 -","robots":{"index":"index","follow":"follow","max-snippet":"max-snippet:-1","max-image-preview":"max-image-preview:large","max-video-preview":"max-video-preview:-1"},"canonical":"https:\/\/duyhungmotor.com\/?product=ban-lam-viec-3","og_locale":"vi_VN","og_type":"article","og_title":"B\u00e0n l\u00e0m vi\u1ec7c - B1 -","og_description":"&#8211; C\u00f3 k\u00edch th\u01b0\u1edbc: W1800 x D800 x H760 mm &#8211; Ch\u1ea5t li\u1ec7u m\u1eb7t b\u00e0n, ch\u00e2n b\u00e0n, ng\u0103n k\u00e9o b\u1eb1ng g\u1ed7 c\u00f4ng nghi\u1ec7p s\u01a1n ph\u1ee7 PU cao c\u1ea5p; Ch\u00e2n b\u00e0n c\u00f3 c\u00e1c mi\u1ebfng nh\u1ef1a ch\u1ecbu l\u1ef1c.I41","og_url":"https:\/\/duyhungmotor.com\/?product=ban-lam-viec-3","article_modified_time":"2024-09-12T14:20:18+00:00","og_image":[{"width":634,"height":490,"url":"https:\/\/duyhungmotor.com\/wp-content\/uploads\/2024\/09\/Anh-man-hinh-2024-09-10-luc-15.10.32.png","type":"image\/png"}],"twitter_card":"summary_large_image","twitter_misc":{"\u01af\u1edbc t\u00ednh th\u1eddi gian \u0111\u1ecdc":"1 ph\u00fat"},"schema":{"@context":"https:\/\/schema.org","@graph":[{"@type":"WebPage","@id":"https:\/\/duyhungmotor.com\/?product=ban-lam-viec-3","url":"https:\/\/duyhungmotor.com\/?product=ban-lam-viec-3","name":"B\u00e0n l\u00e0m vi\u1ec7c - B1 -","isPartOf":{"@id":"https:\/\/duyhungmotor.com\/#website"},"datePublished":"2024-09-10T08:11:14+00:00","dateModified":"2024-09-12T14:20:18+00:00","breadcrumb":{"@id":"https:\/\/duyhungmotor.com\/?product=ban-lam-viec-3#breadcrumb"},"inLanguage":"vi","potentialAction":[{"@type":"ReadAction","target":["https:\/\/duyhungmotor.com\/?product=ban-lam-viec-3"]}]},{"@type":"BreadcrumbList","@id":"https:\/\/duyhungmotor.com\/?product=ban-lam-viec-3#breadcrumb","itemListElement":[{"@type":"ListItem","position":1,"name":"Trang ch\u1ee7","item":"https:\/\/duyhungmotor.com\/"},{"@type":"ListItem","position":2,"name":"B\u00e0n l\u00e0m vi\u1ec7c &#8211; B1"}]},{"@type":"WebSite","@id":"https:\/\/duyhungmotor.com\/#website","url":"https:\/\/duyhungmotor.com\/","name":"","description":"\u0110\u1ea1i l\u00fd Xe M\u00e1y - Xe \u0110i\u1ec7n","potentialAction":[{"@type":"SearchAction","target":{"@type":"EntryPoint","urlTemplate":"https:\/\/duyhungmotor.com\/?s={search_term_string}"},"query-input":"required name=search_term_string"}],"inLanguage":"vi"}]}},"_links":{"self":[{"href":"https:\/\/duyhungmotor.com\/index.php?rest_route=\/wp\/v2\/product\/1512","targetHints":{"allow":["GET"]}}],"collection":[{"href":"https:\/\/duyhungmotor.com\/index.php?rest_route=\/wp\/v2\/product"}],"about":[{"href":"https:\/\/duyhungmotor.com\/index.php?rest_route=\/wp\/v2\/types\/product"}],"wp:featuredmedia":[{"embeddable":true,"href":"https:\/\/duyhungmotor.com\/index.php?rest_route=\/wp\/v2\/media\/1513"}],"wp:attachment":[{"href":"https:\/\/duyhungmotor.com\/index.php?rest_route=%2Fwp%2Fv2%2Fmedia&parent=1512"}],"curies":[{"name":"wp","href":"https:\/\/api.w.org\/{rel}","templated":true}]}}