{"id":1508,"date":"2024-09-10T15:07:57","date_gmt":"2024-09-10T08:07:57","guid":{"rendered":"https:\/\/duyhungmotor.com\/?post_type=product&#038;p=1508"},"modified":"2024-09-12T21:21:04","modified_gmt":"2024-09-12T14:21:04","slug":"ban-lam-viec","status":"publish","type":"product","link":"https:\/\/duyhungmotor.com\/?product=ban-lam-viec","title":{"rendered":"B\u00e0n l\u00e0m vi\u1ec7c &#8211; B5"},"content":{"rendered":"<p>&#8211; C\u00f3 k\u00edch th\u01b0\u1edbc: W1200 x D600 x H750 mm<br \/>\n&#8211; Ch\u1ea5t li\u1ec7u: B\u00e0n l\u00e0m t\u1eeb g\u1ed7 c\u00f4ng nghi\u1ec7p MDF ph\u1ee7 Melamine ch\u1ecbu l\u1eeda, ch\u1ed1ng x\u01b0\u1edbc, ch\u1ed1ng va \u0111\u1eadp, ch\u1ed1ng phai m\u00e0u, ch\u1ed1ng s\u1ef1 x\u00e2m nh\u1eadp c\u1ee7a vi khu\u1ea9n v\u00e0 m\u1ed1i m\u1ecdt, ch\u1ed1ng l\u1ea1i c\u00e1c t\u00e1c \u0111\u1ed9ng c\u1ee7a h\u00f3a ch\u1ea5t.<br \/>\n&#8211; B\u00e0n s\u1eed d\u1ee5ng t\u0103ng ch\u00e2n ch\u1ee5p c\u00e1ch \u0111i\u1ec7u.<br \/>\n&#8211; Y\u1ebfm l\u01b0ng th\u1eb3ng.<br \/>\n&#8211; H\u1ed9c li\u1ec1n s\u00e1t \u0111\u1ea5t.<br \/>\n&#8211; Khay b\u00e0n ph\u00edm ti\u1ec7n d\u1ee5ng.<br \/>\n&#8211; H\u00e3ng s\u1ea3n xu\u1ea5t \u0111\u1ea1t ti\u00eau chu\u1ea9n qu\u1ea3n l\u00fd ch\u1ea5t l\u01b0\u1ee3ng ISO 9001:2015, ISO 14001:2015;<\/p>\n","protected":false},"excerpt":{"rendered":"<p>&#8211; C\u00f3 k\u00edch th\u01b0\u1edbc: W1200 x D600 x H750 mm &#8211; Ch\u1ea5t li\u1ec7u: B\u00e0n l\u00e0m t\u1eeb g\u1ed7 c\u00f4ng nghi\u1ec7p MDF ph\u1ee7 Melamine ch\u1ecbu l\u1eeda, ch\u1ed1ng x\u01b0\u1edbc, ch\u1ed1ng va \u0111\u1eadp, ch\u1ed1ng phai m\u00e0u, ch\u1ed1ng s\u1ef1 x\u00e2m nh\u1eadp c\u1ee7a vi khu\u1ea9n v\u00e0 m\u1ed1i m\u1ecdt, ch\u1ed1ng l\u1ea1i c\u00e1c t\u00e1c \u0111\u1ed9ng c\u1ee7a h\u00f3a ch\u1ea5t. &#8211; B\u00e0n s\u1eed d\u1ee5ng t\u0103ng [&hellip;]<\/p>\n","protected":false},"featured_media":1509,"template":"","meta":[],"class_list":{"0":"post-1508","1":"product","2":"type-product","3":"status-publish","4":"has-post-thumbnail","6":"product_cat-noi-that-van-phong","8":"first","9":"instock","10":"shipping-taxable","11":"product-type-simple"},"yoast_head":"<!-- This site is optimized with the Yoast SEO plugin v19.10 - https:\/\/yoast.com\/wordpress\/plugins\/seo\/ -->\n<title>B\u00e0n l\u00e0m vi\u1ec7c - B5 -<\/title>\n<meta name=\"robots\" content=\"index, follow, max-snippet:-1, max-image-preview:large, max-video-preview:-1\" \/>\n<link rel=\"canonical\" href=\"https:\/\/duyhungmotor.com\/?product=ban-lam-viec\" \/>\n<meta property=\"og:locale\" content=\"vi_VN\" \/>\n<meta property=\"og:type\" content=\"article\" \/>\n<meta property=\"og:title\" content=\"B\u00e0n l\u00e0m vi\u1ec7c - B5 -\" \/>\n<meta property=\"og:description\" content=\"&#8211; C\u00f3 k\u00edch th\u01b0\u1edbc: W1200 x D600 x H750 mm &#8211; Ch\u1ea5t li\u1ec7u: B\u00e0n l\u00e0m t\u1eeb g\u1ed7 c\u00f4ng nghi\u1ec7p MDF ph\u1ee7 Melamine ch\u1ecbu l\u1eeda, ch\u1ed1ng x\u01b0\u1edbc, ch\u1ed1ng va \u0111\u1eadp, ch\u1ed1ng phai m\u00e0u, ch\u1ed1ng s\u1ef1 x\u00e2m nh\u1eadp c\u1ee7a vi khu\u1ea9n v\u00e0 m\u1ed1i m\u1ecdt, ch\u1ed1ng l\u1ea1i c\u00e1c t\u00e1c \u0111\u1ed9ng c\u1ee7a h\u00f3a ch\u1ea5t. &#8211; B\u00e0n s\u1eed d\u1ee5ng t\u0103ng [&hellip;]\" \/>\n<meta property=\"og:url\" content=\"https:\/\/duyhungmotor.com\/?product=ban-lam-viec\" \/>\n<meta property=\"article:modified_time\" content=\"2024-09-12T14:21:04+00:00\" \/>\n<meta property=\"og:image\" content=\"https:\/\/duyhungmotor.com\/wp-content\/uploads\/2024\/09\/Anh-man-hinh-2024-09-10-luc-15.07.30.png\" \/>\n\t<meta property=\"og:image:width\" content=\"776\" \/>\n\t<meta property=\"og:image:height\" content=\"660\" \/>\n\t<meta property=\"og:image:type\" content=\"image\/png\" \/>\n<meta name=\"twitter:card\" content=\"summary_large_image\" \/>\n<meta name=\"twitter:label1\" content=\"\u01af\u1edbc t\u00ednh th\u1eddi gian \u0111\u1ecdc\" \/>\n\t<meta name=\"twitter:data1\" content=\"1 ph\u00fat\" \/>\n<script type=\"application\/ld+json\" class=\"yoast-schema-graph\">{\"@context\":\"https:\/\/schema.org\",\"@graph\":[{\"@type\":\"WebPage\",\"@id\":\"https:\/\/duyhungmotor.com\/?product=ban-lam-viec\",\"url\":\"https:\/\/duyhungmotor.com\/?product=ban-lam-viec\",\"name\":\"B\u00e0n l\u00e0m vi\u1ec7c - B5 -\",\"isPartOf\":{\"@id\":\"https:\/\/duyhungmotor.com\/#website\"},\"datePublished\":\"2024-09-10T08:07:57+00:00\",\"dateModified\":\"2024-09-12T14:21:04+00:00\",\"breadcrumb\":{\"@id\":\"https:\/\/duyhungmotor.com\/?product=ban-lam-viec#breadcrumb\"},\"inLanguage\":\"vi\",\"potentialAction\":[{\"@type\":\"ReadAction\",\"target\":[\"https:\/\/duyhungmotor.com\/?product=ban-lam-viec\"]}]},{\"@type\":\"BreadcrumbList\",\"@id\":\"https:\/\/duyhungmotor.com\/?product=ban-lam-viec#breadcrumb\",\"itemListElement\":[{\"@type\":\"ListItem\",\"position\":1,\"name\":\"Trang ch\u1ee7\",\"item\":\"https:\/\/duyhungmotor.com\/\"},{\"@type\":\"ListItem\",\"position\":2,\"name\":\"B\u00e0n l\u00e0m vi\u1ec7c &#8211; B5\"}]},{\"@type\":\"WebSite\",\"@id\":\"https:\/\/duyhungmotor.com\/#website\",\"url\":\"https:\/\/duyhungmotor.com\/\",\"name\":\"\",\"description\":\"\u0110\u1ea1i l\u00fd Xe M\u00e1y - Xe \u0110i\u1ec7n\",\"potentialAction\":[{\"@type\":\"SearchAction\",\"target\":{\"@type\":\"EntryPoint\",\"urlTemplate\":\"https:\/\/duyhungmotor.com\/?s={search_term_string}\"},\"query-input\":\"required name=search_term_string\"}],\"inLanguage\":\"vi\"}]}<\/script>\n<!-- \/ Yoast SEO plugin. -->","yoast_head_json":{"title":"B\u00e0n l\u00e0m vi\u1ec7c - B5 -","robots":{"index":"index","follow":"follow","max-snippet":"max-snippet:-1","max-image-preview":"max-image-preview:large","max-video-preview":"max-video-preview:-1"},"canonical":"https:\/\/duyhungmotor.com\/?product=ban-lam-viec","og_locale":"vi_VN","og_type":"article","og_title":"B\u00e0n l\u00e0m vi\u1ec7c - B5 -","og_description":"&#8211; C\u00f3 k\u00edch th\u01b0\u1edbc: W1200 x D600 x H750 mm &#8211; Ch\u1ea5t li\u1ec7u: B\u00e0n l\u00e0m t\u1eeb g\u1ed7 c\u00f4ng nghi\u1ec7p MDF ph\u1ee7 Melamine ch\u1ecbu l\u1eeda, ch\u1ed1ng x\u01b0\u1edbc, ch\u1ed1ng va \u0111\u1eadp, ch\u1ed1ng phai m\u00e0u, ch\u1ed1ng s\u1ef1 x\u00e2m nh\u1eadp c\u1ee7a vi khu\u1ea9n v\u00e0 m\u1ed1i m\u1ecdt, ch\u1ed1ng l\u1ea1i c\u00e1c t\u00e1c \u0111\u1ed9ng c\u1ee7a h\u00f3a ch\u1ea5t. &#8211; B\u00e0n s\u1eed d\u1ee5ng t\u0103ng [&hellip;]","og_url":"https:\/\/duyhungmotor.com\/?product=ban-lam-viec","article_modified_time":"2024-09-12T14:21:04+00:00","og_image":[{"width":776,"height":660,"url":"https:\/\/duyhungmotor.com\/wp-content\/uploads\/2024\/09\/Anh-man-hinh-2024-09-10-luc-15.07.30.png","type":"image\/png"}],"twitter_card":"summary_large_image","twitter_misc":{"\u01af\u1edbc t\u00ednh th\u1eddi gian \u0111\u1ecdc":"1 ph\u00fat"},"schema":{"@context":"https:\/\/schema.org","@graph":[{"@type":"WebPage","@id":"https:\/\/duyhungmotor.com\/?product=ban-lam-viec","url":"https:\/\/duyhungmotor.com\/?product=ban-lam-viec","name":"B\u00e0n l\u00e0m vi\u1ec7c - B5 -","isPartOf":{"@id":"https:\/\/duyhungmotor.com\/#website"},"datePublished":"2024-09-10T08:07:57+00:00","dateModified":"2024-09-12T14:21:04+00:00","breadcrumb":{"@id":"https:\/\/duyhungmotor.com\/?product=ban-lam-viec#breadcrumb"},"inLanguage":"vi","potentialAction":[{"@type":"ReadAction","target":["https:\/\/duyhungmotor.com\/?product=ban-lam-viec"]}]},{"@type":"BreadcrumbList","@id":"https:\/\/duyhungmotor.com\/?product=ban-lam-viec#breadcrumb","itemListElement":[{"@type":"ListItem","position":1,"name":"Trang ch\u1ee7","item":"https:\/\/duyhungmotor.com\/"},{"@type":"ListItem","position":2,"name":"B\u00e0n l\u00e0m vi\u1ec7c &#8211; B5"}]},{"@type":"WebSite","@id":"https:\/\/duyhungmotor.com\/#website","url":"https:\/\/duyhungmotor.com\/","name":"","description":"\u0110\u1ea1i l\u00fd Xe M\u00e1y - Xe \u0110i\u1ec7n","potentialAction":[{"@type":"SearchAction","target":{"@type":"EntryPoint","urlTemplate":"https:\/\/duyhungmotor.com\/?s={search_term_string}"},"query-input":"required name=search_term_string"}],"inLanguage":"vi"}]}},"_links":{"self":[{"href":"https:\/\/duyhungmotor.com\/index.php?rest_route=\/wp\/v2\/product\/1508","targetHints":{"allow":["GET"]}}],"collection":[{"href":"https:\/\/duyhungmotor.com\/index.php?rest_route=\/wp\/v2\/product"}],"about":[{"href":"https:\/\/duyhungmotor.com\/index.php?rest_route=\/wp\/v2\/types\/product"}],"wp:featuredmedia":[{"embeddable":true,"href":"https:\/\/duyhungmotor.com\/index.php?rest_route=\/wp\/v2\/media\/1509"}],"wp:attachment":[{"href":"https:\/\/duyhungmotor.com\/index.php?rest_route=%2Fwp%2Fv2%2Fmedia&parent=1508"}],"curies":[{"name":"wp","href":"https:\/\/api.w.org\/{rel}","templated":true}]}}