{"id":1502,"date":"2024-09-10T15:01:00","date_gmt":"2024-09-10T08:01:00","guid":{"rendered":"https:\/\/duyhungmotor.com\/?post_type=product&#038;p=1502"},"modified":"2024-09-12T21:21:49","modified_gmt":"2024-09-12T14:21:49","slug":"tu-go-bang-melamine","status":"publish","type":"product","link":"https:\/\/duyhungmotor.com\/?product=tu-go-bang-melamine","title":{"rendered":"T\u1ee7 g\u1ed7 b\u1eb1ng Melamine &#8211; TU AO"},"content":{"rendered":"<p>&#8211; C\u00f3 k\u00edch th\u01b0\u1edbc: R\u1ed9ng:150cm x Cao:220cm x S\u00e2u:50cm<br \/>\n&#8211; Ch\u1ea5t li\u1ec7u: T\u1ea5m Melamine c\u1ed1t n\u1ec1n g\u1ed7 c\u00f4ng nghi\u1ec7p MDF l\u00f5i xanh ch\u1ed1ng \u1ea9m.<br \/>\n&#8211; Ki\u1ec3u d\u00e1ng:<br \/>\n+ C\u00e1nh t\u1ee7, th\u00f9ng t\u1ee7 l\u1ed9: g\u1ed7 MDF c\u1ed1t xanh ch\u1ed1ng \u1ea9m ph\u1ee7 Melamine d\u00e0y 15mm.<br \/>\n+ Th\u00f9ng t\u1ee7 khu\u1ea5t: g\u1ed7 MDF c\u1ed1t xanh ch\u1ed1ng \u1ea9m ph\u1ee7 Melamine d\u00e0y 20mm.<br \/>\n+ H\u1eadu t\u1ee7: g\u1ed7 MDF c\u1ed1t xanh ch\u1ed1ng \u1ea9m ph\u1ee7 Melamine d\u00e0y 10mm.<br \/>\n+ Tay v\u00e1t \u00e2m.<br \/>\n&#8211; H\u00e3ng s\u1ea3n xu\u1ea5t \u0111\u1ea1t ti\u00eau chu\u1ea9n qu\u1ea3n l\u00fd ch\u1ea5t l\u01b0\u1ee3ng ISO 9001:2015, ISO 14001:2015, ISO 45001:2018<\/p>\n","protected":false},"excerpt":{"rendered":"<p>&#8211; C\u00f3 k\u00edch th\u01b0\u1edbc: R\u1ed9ng:150cm x Cao:220cm x S\u00e2u:50cm &#8211; Ch\u1ea5t li\u1ec7u: T\u1ea5m Melamine c\u1ed1t n\u1ec1n g\u1ed7 c\u00f4ng nghi\u1ec7p MDF l\u00f5i xanh ch\u1ed1ng \u1ea9m. &#8211; Ki\u1ec3u d\u00e1ng: + C\u00e1nh t\u1ee7, th\u00f9ng t\u1ee7 l\u1ed9: g\u1ed7 MDF c\u1ed1t xanh ch\u1ed1ng \u1ea9m ph\u1ee7 Melamine d\u00e0y 15mm. + Th\u00f9ng t\u1ee7 khu\u1ea5t: g\u1ed7 MDF c\u1ed1t xanh ch\u1ed1ng \u1ea9m ph\u1ee7 Melamine [&hellip;]<\/p>\n","protected":false},"featured_media":1503,"template":"","meta":[],"class_list":{"0":"post-1502","1":"product","2":"type-product","3":"status-publish","4":"has-post-thumbnail","6":"product_cat-noi-that-gia-dinh","8":"first","9":"instock","10":"shipping-taxable","11":"product-type-simple"},"yoast_head":"<!-- This site is optimized with the Yoast SEO plugin v19.10 - https:\/\/yoast.com\/wordpress\/plugins\/seo\/ -->\n<title>T\u1ee7 g\u1ed7 b\u1eb1ng Melamine - TU AO -<\/title>\n<meta name=\"robots\" content=\"index, follow, max-snippet:-1, max-image-preview:large, max-video-preview:-1\" \/>\n<link rel=\"canonical\" href=\"https:\/\/duyhungmotor.com\/?product=tu-go-bang-melamine\" \/>\n<meta property=\"og:locale\" content=\"vi_VN\" \/>\n<meta property=\"og:type\" content=\"article\" \/>\n<meta property=\"og:title\" content=\"T\u1ee7 g\u1ed7 b\u1eb1ng Melamine - TU AO -\" \/>\n<meta property=\"og:description\" content=\"&#8211; C\u00f3 k\u00edch th\u01b0\u1edbc: R\u1ed9ng:150cm x Cao:220cm x S\u00e2u:50cm &#8211; Ch\u1ea5t li\u1ec7u: T\u1ea5m Melamine c\u1ed1t n\u1ec1n g\u1ed7 c\u00f4ng nghi\u1ec7p MDF l\u00f5i xanh ch\u1ed1ng \u1ea9m. &#8211; Ki\u1ec3u d\u00e1ng: + C\u00e1nh t\u1ee7, th\u00f9ng t\u1ee7 l\u1ed9: g\u1ed7 MDF c\u1ed1t xanh ch\u1ed1ng \u1ea9m ph\u1ee7 Melamine d\u00e0y 15mm. + Th\u00f9ng t\u1ee7 khu\u1ea5t: g\u1ed7 MDF c\u1ed1t xanh ch\u1ed1ng \u1ea9m ph\u1ee7 Melamine [&hellip;]\" \/>\n<meta property=\"og:url\" content=\"https:\/\/duyhungmotor.com\/?product=tu-go-bang-melamine\" \/>\n<meta property=\"article:modified_time\" content=\"2024-09-12T14:21:49+00:00\" \/>\n<meta property=\"og:image\" content=\"https:\/\/duyhungmotor.com\/wp-content\/uploads\/2024\/09\/6576_tu_ao_hien_dai_tqa121.jpg\" \/>\n\t<meta property=\"og:image:width\" content=\"484\" \/>\n\t<meta property=\"og:image:height\" content=\"506\" \/>\n\t<meta property=\"og:image:type\" content=\"image\/jpeg\" \/>\n<meta name=\"twitter:card\" content=\"summary_large_image\" \/>\n<meta name=\"twitter:label1\" content=\"\u01af\u1edbc t\u00ednh th\u1eddi gian \u0111\u1ecdc\" \/>\n\t<meta name=\"twitter:data1\" content=\"1 ph\u00fat\" \/>\n<script type=\"application\/ld+json\" class=\"yoast-schema-graph\">{\"@context\":\"https:\/\/schema.org\",\"@graph\":[{\"@type\":\"WebPage\",\"@id\":\"https:\/\/duyhungmotor.com\/?product=tu-go-bang-melamine\",\"url\":\"https:\/\/duyhungmotor.com\/?product=tu-go-bang-melamine\",\"name\":\"T\u1ee7 g\u1ed7 b\u1eb1ng Melamine - TU AO -\",\"isPartOf\":{\"@id\":\"https:\/\/duyhungmotor.com\/#website\"},\"datePublished\":\"2024-09-10T08:01:00+00:00\",\"dateModified\":\"2024-09-12T14:21:49+00:00\",\"breadcrumb\":{\"@id\":\"https:\/\/duyhungmotor.com\/?product=tu-go-bang-melamine#breadcrumb\"},\"inLanguage\":\"vi\",\"potentialAction\":[{\"@type\":\"ReadAction\",\"target\":[\"https:\/\/duyhungmotor.com\/?product=tu-go-bang-melamine\"]}]},{\"@type\":\"BreadcrumbList\",\"@id\":\"https:\/\/duyhungmotor.com\/?product=tu-go-bang-melamine#breadcrumb\",\"itemListElement\":[{\"@type\":\"ListItem\",\"position\":1,\"name\":\"Trang ch\u1ee7\",\"item\":\"https:\/\/duyhungmotor.com\/\"},{\"@type\":\"ListItem\",\"position\":2,\"name\":\"T\u1ee7 g\u1ed7 b\u1eb1ng Melamine &#8211; TU AO\"}]},{\"@type\":\"WebSite\",\"@id\":\"https:\/\/duyhungmotor.com\/#website\",\"url\":\"https:\/\/duyhungmotor.com\/\",\"name\":\"\",\"description\":\"\u0110\u1ea1i l\u00fd Xe M\u00e1y - Xe \u0110i\u1ec7n\",\"potentialAction\":[{\"@type\":\"SearchAction\",\"target\":{\"@type\":\"EntryPoint\",\"urlTemplate\":\"https:\/\/duyhungmotor.com\/?s={search_term_string}\"},\"query-input\":\"required name=search_term_string\"}],\"inLanguage\":\"vi\"}]}<\/script>\n<!-- \/ Yoast SEO plugin. -->","yoast_head_json":{"title":"T\u1ee7 g\u1ed7 b\u1eb1ng Melamine - TU AO -","robots":{"index":"index","follow":"follow","max-snippet":"max-snippet:-1","max-image-preview":"max-image-preview:large","max-video-preview":"max-video-preview:-1"},"canonical":"https:\/\/duyhungmotor.com\/?product=tu-go-bang-melamine","og_locale":"vi_VN","og_type":"article","og_title":"T\u1ee7 g\u1ed7 b\u1eb1ng Melamine - TU AO -","og_description":"&#8211; C\u00f3 k\u00edch th\u01b0\u1edbc: R\u1ed9ng:150cm x Cao:220cm x S\u00e2u:50cm &#8211; Ch\u1ea5t li\u1ec7u: T\u1ea5m Melamine c\u1ed1t n\u1ec1n g\u1ed7 c\u00f4ng nghi\u1ec7p MDF l\u00f5i xanh ch\u1ed1ng \u1ea9m. &#8211; Ki\u1ec3u d\u00e1ng: + C\u00e1nh t\u1ee7, th\u00f9ng t\u1ee7 l\u1ed9: g\u1ed7 MDF c\u1ed1t xanh ch\u1ed1ng \u1ea9m ph\u1ee7 Melamine d\u00e0y 15mm. + Th\u00f9ng t\u1ee7 khu\u1ea5t: g\u1ed7 MDF c\u1ed1t xanh ch\u1ed1ng \u1ea9m ph\u1ee7 Melamine [&hellip;]","og_url":"https:\/\/duyhungmotor.com\/?product=tu-go-bang-melamine","article_modified_time":"2024-09-12T14:21:49+00:00","og_image":[{"width":484,"height":506,"url":"https:\/\/duyhungmotor.com\/wp-content\/uploads\/2024\/09\/6576_tu_ao_hien_dai_tqa121.jpg","type":"image\/jpeg"}],"twitter_card":"summary_large_image","twitter_misc":{"\u01af\u1edbc t\u00ednh th\u1eddi gian \u0111\u1ecdc":"1 ph\u00fat"},"schema":{"@context":"https:\/\/schema.org","@graph":[{"@type":"WebPage","@id":"https:\/\/duyhungmotor.com\/?product=tu-go-bang-melamine","url":"https:\/\/duyhungmotor.com\/?product=tu-go-bang-melamine","name":"T\u1ee7 g\u1ed7 b\u1eb1ng Melamine - TU AO -","isPartOf":{"@id":"https:\/\/duyhungmotor.com\/#website"},"datePublished":"2024-09-10T08:01:00+00:00","dateModified":"2024-09-12T14:21:49+00:00","breadcrumb":{"@id":"https:\/\/duyhungmotor.com\/?product=tu-go-bang-melamine#breadcrumb"},"inLanguage":"vi","potentialAction":[{"@type":"ReadAction","target":["https:\/\/duyhungmotor.com\/?product=tu-go-bang-melamine"]}]},{"@type":"BreadcrumbList","@id":"https:\/\/duyhungmotor.com\/?product=tu-go-bang-melamine#breadcrumb","itemListElement":[{"@type":"ListItem","position":1,"name":"Trang ch\u1ee7","item":"https:\/\/duyhungmotor.com\/"},{"@type":"ListItem","position":2,"name":"T\u1ee7 g\u1ed7 b\u1eb1ng Melamine &#8211; TU AO"}]},{"@type":"WebSite","@id":"https:\/\/duyhungmotor.com\/#website","url":"https:\/\/duyhungmotor.com\/","name":"","description":"\u0110\u1ea1i l\u00fd Xe M\u00e1y - Xe \u0110i\u1ec7n","potentialAction":[{"@type":"SearchAction","target":{"@type":"EntryPoint","urlTemplate":"https:\/\/duyhungmotor.com\/?s={search_term_string}"},"query-input":"required name=search_term_string"}],"inLanguage":"vi"}]}},"_links":{"self":[{"href":"https:\/\/duyhungmotor.com\/index.php?rest_route=\/wp\/v2\/product\/1502","targetHints":{"allow":["GET"]}}],"collection":[{"href":"https:\/\/duyhungmotor.com\/index.php?rest_route=\/wp\/v2\/product"}],"about":[{"href":"https:\/\/duyhungmotor.com\/index.php?rest_route=\/wp\/v2\/types\/product"}],"wp:featuredmedia":[{"embeddable":true,"href":"https:\/\/duyhungmotor.com\/index.php?rest_route=\/wp\/v2\/media\/1503"}],"wp:attachment":[{"href":"https:\/\/duyhungmotor.com\/index.php?rest_route=%2Fwp%2Fv2%2Fmedia&parent=1502"}],"curies":[{"name":"wp","href":"https:\/\/api.w.org\/{rel}","templated":true}]}}