{"id":1215,"date":"2021-10-05T08:41:46","date_gmt":"2021-10-05T01:41:46","guid":{"rendered":"http:\/\/duyhungmotor.com\/?post_type=product&#038;p=1215"},"modified":"2021-10-05T08:41:46","modified_gmt":"2021-10-05T01:41:46","slug":"xmen-kazuki-z1","status":"publish","type":"product","link":"https:\/\/duyhungmotor.com\/?product=xmen-kazuki-z1","title":{"rendered":"XMEN KAZUKI Z1"},"content":{"rendered":"<table class=\"table\">\n<thead>\n<tr>\n<th colspan=\"2\">PH\u1ee4 KI\u1ec6N \u0110I K\u00c8M<\/th>\n<\/tr>\n<\/thead>\n<tbody>\n<tr>\n<td colspan=\"2\">S\u1ea0C<\/td>\n<\/tr>\n<tr>\n<td colspan=\"2\">S\u1ed4 B\u1ea2O H\u00c0NH<\/td>\n<\/tr>\n<tr>\n<td colspan=\"2\">G\u01af\u01a0NG<\/td>\n<\/tr>\n<\/tbody>\n<\/table>\n<table class=\"table\">\n<thead>\n<tr>\n<th colspan=\"2\">\u0110\u1eb6C \u0110I\u1ec2M<\/th>\n<\/tr>\n<\/thead>\n<tbody>\n<tr>\n<td>B\u1ea2O V\u1ec6 D\u00d2NG<\/td>\n<td>14 + \/ &#8211; 2.0V<\/td>\n<\/tr>\n<tr>\n<td>B\u1ea2O V\u1ec6 T\u1ee4T \u00c1P<\/td>\n<td>42 + \/ &#8211; 1.0V<\/td>\n<\/tr>\n<tr>\n<td>L\u1ed0P<\/td>\n<td>Kh\u00f4ng s\u0103m<\/td>\n<\/tr>\n<tr>\n<td>PHANH TR\u01af\u1edaC\/ PHANH SAU:<\/td>\n<td>Phanh \u0111\u0129a tr\u01b0\u1edbc, phanh k\u00e9o sau<\/td>\n<\/tr>\n<tr>\n<td>DUNG T\u00cdCH B\u00ccNH<\/td>\n<td>5 acquy l\u1edbn 20A theo xe<\/td>\n<\/tr>\n<tr>\n<td>TR\u1eccNG L\u01af\u1ee2NG XE<\/td>\n<td>80 kg<\/td>\n<\/tr>\n<tr>\n<td>T\u1ea2I TR\u1eccNG<\/td>\n<td>180 kg<\/td>\n<\/tr>\n<tr>\n<td>V\u1eacN T\u1ed0C T\u1ed0I \u0110A<\/td>\n<td>60 km\/h<\/td>\n<\/tr>\n<\/tbody>\n<\/table>\n<table class=\"table\">\n<thead>\n<tr>\n<th colspan=\"2\">NGO\u1ea0I H\u00ccNH<\/th>\n<\/tr>\n<\/thead>\n<tbody>\n<tr>\n<td>M\u00c0U S\u1eaeC<\/td>\n<td>\u0110en b\u00f3ng, \u0111en s\u1ea7n, \u0111\u1ecf \u0111en xanh GP \u0111en, xanh l\u1ee5c \u0111en, cam \u0111en<\/td>\n<\/tr>\n<tr>\n<td>\u0110\u01af\u1edcNG K\u00cdNH B\u00c1NH XE<\/td>\n<td>L\u1ed1p: 426mm &#8211; V\u00e0nh: 270m<\/td>\n<\/tr>\n<tr>\n<td>CHI\u1ec0U CAO Y\u00caN<\/td>\n<td>760mm<\/td>\n<\/tr>\n<tr>\n<td>CHI\u1ec0U D\u00c0I &#8211; CHI\u1ec0U R\u1ed8NG &#8211; CHI\u1ec0U CAO<\/td>\n<td>1790mm x 780mm x 1030mm<\/td>\n<\/tr>\n<\/tbody>\n<\/table>\n<table class=\"table\">\n<thead>\n<tr>\n<th colspan=\"2\">B\u1ea2O H\u00c0NH<\/th>\n<\/tr>\n<\/thead>\n<tbody>\n<tr>\n<td>KHUNG XE<\/td>\n<td>36 th\u00e1ng<\/td>\n<\/tr>\n<tr>\n<td>\u0110\u1ed8NG C\u01a0 \u0110I\u1ec6N<\/td>\n<td>18 th\u00e1ng<\/td>\n<\/tr>\n<tr>\n<td>B\u1ed8 S\u1ea0C \u0110I\u1ec6N<\/td>\n<td>12 th\u00e1ng<\/td>\n<\/tr>\n<tr>\n<td>B\u1ed8 \u0110I\u1ec0U T\u1ed0C (IC)<\/td>\n<td>12 th\u00e1ng<\/td>\n<\/tr>\n<tr>\n<td>GI\u1ea2M S\u00d3C TR\u01af\u1edaC + SAU<\/td>\n<td>6 th\u00e1ng<\/td>\n<\/tr>\n<tr>\n<td>V\u00c0NH XE<\/td>\n<td>12 th\u00e1ng<\/td>\n<\/tr>\n<tr>\n<td>TAY GA<\/td>\n<td>6 th\u00e1ng<\/td>\n<\/tr>\n<tr>\n<td>C\u1ee4M \u0110\u00c8N \u0110\u1ed2NG H\u1ed2<\/td>\n<td>6 th\u00e1ng<\/td>\n<\/tr>\n<tr>\n<td>KHO\u00c1 C\u00d4NG T\u1eaeC \u0110I\u1ec6N<\/td>\n<td>3 th\u00e1ng<\/td>\n<\/tr>\n<tr>\n<td>T\u1ee4 \u0110\u1ed4I NGU\u1ed2N<\/td>\n<td>3 th\u00e1ng<\/td>\n<\/tr>\n<tr>\n<td>B\u1ed8 CH\u1ed0NG TR\u1ed8M<\/td>\n<td>3 th\u00e1ng<\/td>\n<\/tr>\n<tr>\n<td>C\u00d4NG T\u1eaeC TR\u00c1I V\u00c0 PH\u1ea2I<\/td>\n<td>3 th\u00e1ng<\/td>\n<\/tr>\n<\/tbody>\n<\/table>\n","protected":false},"excerpt":{"rendered":"<p>PH\u1ee4 KI\u1ec6N \u0110I K\u00c8M S\u1ea0C S\u1ed4 B\u1ea2O H\u00c0NH G\u01af\u01a0NG \u0110\u1eb6C \u0110I\u1ec2M B\u1ea2O V\u1ec6 D\u00d2NG 14 + \/ &#8211; 2.0V B\u1ea2O V\u1ec6 T\u1ee4T \u00c1P 42 + \/ &#8211; 1.0V L\u1ed0P Kh\u00f4ng s\u0103m PHANH TR\u01af\u1edaC\/ PHANH SAU: Phanh \u0111\u0129a tr\u01b0\u1edbc, phanh k\u00e9o sau DUNG T\u00cdCH B\u00ccNH 5 acquy l\u1edbn 20A theo xe TR\u1eccNG L\u01af\u1ee2NG XE 80 kg [&hellip;]<\/p>\n","protected":false},"featured_media":1216,"template":"","meta":[],"class_list":{"0":"post-1215","1":"product","2":"type-product","3":"status-publish","4":"has-post-thumbnail","6":"product_cat-kazuki","8":"first","9":"instock","10":"shipping-taxable","11":"product-type-simple"},"yoast_head":"<!-- This site is optimized with the Yoast SEO plugin v19.10 - https:\/\/yoast.com\/wordpress\/plugins\/seo\/ -->\n<title>XMEN KAZUKI Z1 -<\/title>\n<meta name=\"robots\" content=\"index, follow, max-snippet:-1, max-image-preview:large, max-video-preview:-1\" \/>\n<link rel=\"canonical\" href=\"https:\/\/duyhungmotor.com\/?product=xmen-kazuki-z1\" \/>\n<meta property=\"og:locale\" content=\"vi_VN\" \/>\n<meta property=\"og:type\" content=\"article\" \/>\n<meta property=\"og:title\" content=\"XMEN KAZUKI Z1 -\" \/>\n<meta property=\"og:description\" content=\"PH\u1ee4 KI\u1ec6N \u0110I K\u00c8M S\u1ea0C S\u1ed4 B\u1ea2O H\u00c0NH G\u01af\u01a0NG \u0110\u1eb6C \u0110I\u1ec2M B\u1ea2O V\u1ec6 D\u00d2NG 14 + \/ &#8211; 2.0V B\u1ea2O V\u1ec6 T\u1ee4T \u00c1P 42 + \/ &#8211; 1.0V L\u1ed0P Kh\u00f4ng s\u0103m PHANH TR\u01af\u1edaC\/ PHANH SAU: Phanh \u0111\u0129a tr\u01b0\u1edbc, phanh k\u00e9o sau DUNG T\u00cdCH B\u00ccNH 5 acquy l\u1edbn 20A theo xe TR\u1eccNG L\u01af\u1ee2NG XE 80 kg [&hellip;]\" \/>\n<meta property=\"og:url\" content=\"https:\/\/duyhungmotor.com\/?product=xmen-kazuki-z1\" \/>\n<meta property=\"og:image\" content=\"https:\/\/duyhungmotor.com\/wp-content\/uploads\/2021\/10\/Z12-768x512-1.jpg\" \/>\n\t<meta property=\"og:image:width\" content=\"768\" \/>\n\t<meta property=\"og:image:height\" content=\"512\" \/>\n\t<meta property=\"og:image:type\" content=\"image\/jpeg\" \/>\n<meta name=\"twitter:card\" content=\"summary_large_image\" \/>\n<meta name=\"twitter:label1\" content=\"\u01af\u1edbc t\u00ednh th\u1eddi gian \u0111\u1ecdc\" \/>\n\t<meta name=\"twitter:data1\" content=\"1 ph\u00fat\" \/>\n<script type=\"application\/ld+json\" class=\"yoast-schema-graph\">{\"@context\":\"https:\/\/schema.org\",\"@graph\":[{\"@type\":\"WebPage\",\"@id\":\"https:\/\/duyhungmotor.com\/?product=xmen-kazuki-z1\",\"url\":\"https:\/\/duyhungmotor.com\/?product=xmen-kazuki-z1\",\"name\":\"XMEN KAZUKI Z1 -\",\"isPartOf\":{\"@id\":\"https:\/\/duyhungmotor.com\/#website\"},\"datePublished\":\"2021-10-05T01:41:46+00:00\",\"dateModified\":\"2021-10-05T01:41:46+00:00\",\"breadcrumb\":{\"@id\":\"https:\/\/duyhungmotor.com\/?product=xmen-kazuki-z1#breadcrumb\"},\"inLanguage\":\"vi\",\"potentialAction\":[{\"@type\":\"ReadAction\",\"target\":[\"https:\/\/duyhungmotor.com\/?product=xmen-kazuki-z1\"]}]},{\"@type\":\"BreadcrumbList\",\"@id\":\"https:\/\/duyhungmotor.com\/?product=xmen-kazuki-z1#breadcrumb\",\"itemListElement\":[{\"@type\":\"ListItem\",\"position\":1,\"name\":\"Trang ch\u1ee7\",\"item\":\"https:\/\/duyhungmotor.com\/\"},{\"@type\":\"ListItem\",\"position\":2,\"name\":\"XMEN KAZUKI Z1\"}]},{\"@type\":\"WebSite\",\"@id\":\"https:\/\/duyhungmotor.com\/#website\",\"url\":\"https:\/\/duyhungmotor.com\/\",\"name\":\"\",\"description\":\"\u0110\u1ea1i l\u00fd Xe M\u00e1y - Xe \u0110i\u1ec7n\",\"potentialAction\":[{\"@type\":\"SearchAction\",\"target\":{\"@type\":\"EntryPoint\",\"urlTemplate\":\"https:\/\/duyhungmotor.com\/?s={search_term_string}\"},\"query-input\":\"required name=search_term_string\"}],\"inLanguage\":\"vi\"}]}<\/script>\n<!-- \/ Yoast SEO plugin. -->","yoast_head_json":{"title":"XMEN KAZUKI Z1 -","robots":{"index":"index","follow":"follow","max-snippet":"max-snippet:-1","max-image-preview":"max-image-preview:large","max-video-preview":"max-video-preview:-1"},"canonical":"https:\/\/duyhungmotor.com\/?product=xmen-kazuki-z1","og_locale":"vi_VN","og_type":"article","og_title":"XMEN KAZUKI Z1 -","og_description":"PH\u1ee4 KI\u1ec6N \u0110I K\u00c8M S\u1ea0C S\u1ed4 B\u1ea2O H\u00c0NH G\u01af\u01a0NG \u0110\u1eb6C \u0110I\u1ec2M B\u1ea2O V\u1ec6 D\u00d2NG 14 + \/ &#8211; 2.0V B\u1ea2O V\u1ec6 T\u1ee4T \u00c1P 42 + \/ &#8211; 1.0V L\u1ed0P Kh\u00f4ng s\u0103m PHANH TR\u01af\u1edaC\/ PHANH SAU: Phanh \u0111\u0129a tr\u01b0\u1edbc, phanh k\u00e9o sau DUNG T\u00cdCH B\u00ccNH 5 acquy l\u1edbn 20A theo xe TR\u1eccNG L\u01af\u1ee2NG XE 80 kg [&hellip;]","og_url":"https:\/\/duyhungmotor.com\/?product=xmen-kazuki-z1","og_image":[{"width":768,"height":512,"url":"https:\/\/duyhungmotor.com\/wp-content\/uploads\/2021\/10\/Z12-768x512-1.jpg","type":"image\/jpeg"}],"twitter_card":"summary_large_image","twitter_misc":{"\u01af\u1edbc t\u00ednh th\u1eddi gian \u0111\u1ecdc":"1 ph\u00fat"},"schema":{"@context":"https:\/\/schema.org","@graph":[{"@type":"WebPage","@id":"https:\/\/duyhungmotor.com\/?product=xmen-kazuki-z1","url":"https:\/\/duyhungmotor.com\/?product=xmen-kazuki-z1","name":"XMEN KAZUKI Z1 -","isPartOf":{"@id":"https:\/\/duyhungmotor.com\/#website"},"datePublished":"2021-10-05T01:41:46+00:00","dateModified":"2021-10-05T01:41:46+00:00","breadcrumb":{"@id":"https:\/\/duyhungmotor.com\/?product=xmen-kazuki-z1#breadcrumb"},"inLanguage":"vi","potentialAction":[{"@type":"ReadAction","target":["https:\/\/duyhungmotor.com\/?product=xmen-kazuki-z1"]}]},{"@type":"BreadcrumbList","@id":"https:\/\/duyhungmotor.com\/?product=xmen-kazuki-z1#breadcrumb","itemListElement":[{"@type":"ListItem","position":1,"name":"Trang ch\u1ee7","item":"https:\/\/duyhungmotor.com\/"},{"@type":"ListItem","position":2,"name":"XMEN KAZUKI Z1"}]},{"@type":"WebSite","@id":"https:\/\/duyhungmotor.com\/#website","url":"https:\/\/duyhungmotor.com\/","name":"","description":"\u0110\u1ea1i l\u00fd Xe M\u00e1y - Xe \u0110i\u1ec7n","potentialAction":[{"@type":"SearchAction","target":{"@type":"EntryPoint","urlTemplate":"https:\/\/duyhungmotor.com\/?s={search_term_string}"},"query-input":"required name=search_term_string"}],"inLanguage":"vi"}]}},"_links":{"self":[{"href":"https:\/\/duyhungmotor.com\/index.php?rest_route=\/wp\/v2\/product\/1215","targetHints":{"allow":["GET"]}}],"collection":[{"href":"https:\/\/duyhungmotor.com\/index.php?rest_route=\/wp\/v2\/product"}],"about":[{"href":"https:\/\/duyhungmotor.com\/index.php?rest_route=\/wp\/v2\/types\/product"}],"wp:featuredmedia":[{"embeddable":true,"href":"https:\/\/duyhungmotor.com\/index.php?rest_route=\/wp\/v2\/media\/1216"}],"wp:attachment":[{"href":"https:\/\/duyhungmotor.com\/index.php?rest_route=%2Fwp%2Fv2%2Fmedia&parent=1215"}],"curies":[{"name":"wp","href":"https:\/\/api.w.org\/{rel}","templated":true}]}}