{"id":1206,"date":"2021-10-05T08:26:26","date_gmt":"2021-10-05T01:26:26","guid":{"rendered":"http:\/\/duyhungmotor.com\/?post_type=product&#038;p=1206"},"modified":"2021-10-05T08:26:26","modified_gmt":"2021-10-05T01:26:26","slug":"anbico-f88","status":"publish","type":"product","link":"https:\/\/duyhungmotor.com\/?product=anbico-f88","title":{"rendered":"ANBICO F88"},"content":{"rendered":"<p><em><strong>i\u00eau xe \u0111i\u1ec7n F88, \u0111\u1eb3ng c\u1ea5p \u0111\u1ebfn t\u1eeb t\u01b0\u01a1ng lai<\/strong><\/em><\/p>\n<p><strong>Ti\u1ebfp n\u1ed1i tinh th\u1ea7n m\u1ea1nh m\u1ebd c\u1ee7a d\u00f2ng xe \u0111i\u1ec7n th\u1ec3 thao Xmen, <\/strong><strong>F<\/strong><strong>88 si\u00eau xe \u0111i\u1ec7n \u0111\u1eb3ng c\u1ea5p \u0111\u1ebfn t\u1eeb t\u01b0\u01a1ng lai l\u1ea5y c\u1ea3m h\u1ee9ng t\u1eeb chi\u1ebfn \u0111\u1ea5u c\u01a1 F8 nhanh nh\u01b0 chim \u01b0ng b\u1ec1n nh\u01b0 ng\u01b0\u1eddi s\u1eaft. F88 h\u1ed9i t\u1ee5 nh\u1eefng t\u00ednh n\u0103ng cao nh\u1ea5t c\u1ee7a xe m\u00e1y \u0111i\u1ec7n hi\u1ec7n nay:<\/strong><\/p>\n<p><img loading=\"lazy\" decoding=\"async\" class=\"wp-image-9235 size-full aligncenter lazy-load-active\" src=\"https:\/\/anbico.vn\/wp-content\/uploads\/2021\/04\/f88sua.jpg\" sizes=\"auto, (max-width: 960px) 100vw, 960px\" srcset=\"https:\/\/anbico.vn\/wp-content\/uploads\/2021\/04\/f88sua.jpg 960w, https:\/\/anbico.vn\/wp-content\/uploads\/2021\/04\/f88sua-420x275.jpg 420w, https:\/\/anbico.vn\/wp-content\/uploads\/2021\/04\/f88sua-300x196.jpg 300w, https:\/\/anbico.vn\/wp-content\/uploads\/2021\/04\/f88sua-768x502.jpg 768w, https:\/\/anbico.vn\/wp-content\/uploads\/2021\/04\/f88sua-800x523.jpg 800w\" alt=\"\" width=\"960\" height=\"628\" data-src=\"https:\/\/anbico.vn\/wp-content\/uploads\/2021\/04\/f88sua.jpg\" data-srcset=\"https:\/\/anbico.vn\/wp-content\/uploads\/2021\/04\/f88sua.jpg 960w, https:\/\/anbico.vn\/wp-content\/uploads\/2021\/04\/f88sua-420x275.jpg 420w, https:\/\/anbico.vn\/wp-content\/uploads\/2021\/04\/f88sua-300x196.jpg 300w, https:\/\/anbico.vn\/wp-content\/uploads\/2021\/04\/f88sua-768x502.jpg 768w, https:\/\/anbico.vn\/wp-content\/uploads\/2021\/04\/f88sua-800x523.jpg 800w\" \/><\/p>\n<p><strong>Thi\u1ebft k\u1ebf th\u1ec3 thao n\u1ed5i b\u1eadt gi\u1eefa ph\u1ed1 \u0111\u00f4ng<\/strong><\/p>\n<p>B\u1ed9 \u0111\u00e8n Led \u0111\u00f4i \u1edf \u0111\u1ea7u xe s\u1eafc s\u1ea3o v\u1edbi 2 h\u00ecnh kh\u1ed1i b\u1ed1 tr\u00ed \u0111\u1ed1i x\u1ee9ng nhau, gi\u00fap t\u0103ng g\u00f3c quan s\u00e1t c\u0169ng nh\u01b0 kh\u1ea3 n\u0103ng ki\u1ec3m so\u00e1t, x\u1eed l\u00fd nhanh ch\u00f3ng khi g\u1eb7p ch\u01b0\u1edbng ng\u1ea1i v\u1eadt trong \u0111i\u1ec1u ki\u1ec7n thi\u1ebfu s\u00e1ng.<\/p>\n<p><strong>\u00a0<\/strong>Xe m\u00e1y \u0111i\u1ec7n F88 s\u1edf h\u1eefu \u0111\u00e8n Led th\u1ea5u k\u00ednh si\u00eau s\u00e1ng, k\u1ebft h\u1ee3p v\u1edbi h\u1ec7 th\u1ed1ng \u0111\u00e8n Led \u0111u\u1ed5i d\u1ecdc th\u00e2n xe l\u1ea7n \u0111\u1ea7u t\u1ea1i Vi\u1ec7t Nam thu h\u00fat m\u1ecdi \u00e1nh nh\u00ecn khi l\u1ea7n \u0111\u1ea7u ch\u1ea1m m\u1eb7t.<\/p>\n<p><img loading=\"lazy\" decoding=\"async\" class=\"aligncenter wp-image-9256 size-full lazy-load-active\" src=\"https:\/\/anbico.vn\/wp-content\/uploads\/2021\/04\/den-led-F88-900x900-1.jpg\" sizes=\"auto, (max-width: 900px) 100vw, 900px\" srcset=\"https:\/\/anbico.vn\/wp-content\/uploads\/2021\/04\/den-led-F88-900x900-1.jpg 900w, https:\/\/anbico.vn\/wp-content\/uploads\/2021\/04\/den-led-F88-900x900-1-420x420.jpg 420w, https:\/\/anbico.vn\/wp-content\/uploads\/2021\/04\/den-led-F88-900x900-1-300x300.jpg 300w, https:\/\/anbico.vn\/wp-content\/uploads\/2021\/04\/den-led-F88-900x900-1-768x768.jpg 768w, https:\/\/anbico.vn\/wp-content\/uploads\/2021\/04\/den-led-F88-900x900-1-800x800.jpg 800w, https:\/\/anbico.vn\/wp-content\/uploads\/2021\/04\/den-led-F88-900x900-1-100x100.jpg 100w\" alt=\"\u0111\u00e8n led f88\" width=\"900\" height=\"900\" data-src=\"https:\/\/anbico.vn\/wp-content\/uploads\/2021\/04\/den-led-F88-900x900-1.jpg\" data-srcset=\"https:\/\/anbico.vn\/wp-content\/uploads\/2021\/04\/den-led-F88-900x900-1.jpg 900w, https:\/\/anbico.vn\/wp-content\/uploads\/2021\/04\/den-led-F88-900x900-1-420x420.jpg 420w, https:\/\/anbico.vn\/wp-content\/uploads\/2021\/04\/den-led-F88-900x900-1-300x300.jpg 300w, https:\/\/anbico.vn\/wp-content\/uploads\/2021\/04\/den-led-F88-900x900-1-768x768.jpg 768w, https:\/\/anbico.vn\/wp-content\/uploads\/2021\/04\/den-led-F88-900x900-1-800x800.jpg 800w, https:\/\/anbico.vn\/wp-content\/uploads\/2021\/04\/den-led-F88-900x900-1-100x100.jpg 100w\" \/><\/p>\n<p>Thi\u1ebft k\u1ebf y\u00ean xe li\u1ec1n kh\u1ed1i v\u1edbi l\u1edbp b\u1ecdc cao su b\u1ec1n \u0111\u1eb9p, cho k\u00edch th\u01b0\u1edbc tho\u1ea3i m\u00e1i \u0111i 2 ng\u01b0\u1eddi. H\u1ec7 th\u1ed1ng khung th\u00e9p h\u1ee3p kim ch\u1eafc ch\u1eafn k\u1ebft h\u1ee3p c\u00f9ng gi\u1ea3m x\u00f3c \u0111\u00f4i th\u1ee7y l\u1ef1c t\u0103ng th\u00eam ph\u1ea7n kh\u1ecfe kho\u1eafn, v\u01b0\u1ee3t m\u1ecdi \u0111\u1ecba h\u00ecnh m\u1ed9t c\u00e1ch d\u1ec5 d\u00e0ng c\u1ee7a chi\u1ebfc xe.<\/p>\n<p>S\u1edf h\u1eefu c\u00f4ng ngh\u1ec7 s\u01a1n 3 l\u1edbp c\u1ee7a \u0110\u1ee9c, ch\u1ed1ng tr\u1ea7y x\u01b0\u1edbc, b\u00e1m b\u1ee5i v\u00e0 phai m\u00e0u, b\u1ec1n b\u1ec9 v\u1edbi th\u1eddi gian.<\/p>\n<p>V\u1eeba l\u00e0 ph\u1ee5 ki\u1ec7n v\u1eeba l\u00e0 ph\u01b0\u01a1ng ti\u1ec7n di chuy\u1ec3n, chi\u1ebfc xe m\u00e0 c\u00e1c b\u1ea1n tr\u1ebb n\u0103ng \u0111\u1ed9ng hi\u1ec7n nay l\u1ef1a ch\u1ecdn ph\u1ea3i \u0111\u1ea3m b\u1ea3o s\u1ef1 m\u1ea1nh m\u1ebd, th\u1ec3 hi\u1ec7n \u0111\u01b0\u1ee3c ch\u1ea5t ri\u00eang c\u1ee7a b\u1ea3n th\u00e2n. V\u00ec th\u1ebf, Anbico F88 s\u1eed d\u1ee5ng nh\u1eefng \u0111\u01b0\u1eddng c\u1eaft s\u1eafc n\u00e9t, d\u1ee9t kho\u00e1t th\u1ec3 hi\u1ec7n s\u1ef1 d\u0169ng m\u00e3nh, \u0111\u1eadm ch\u1ea5t th\u1ec3 theo.<\/p>\n<p><strong>M\u1ea1nh m\u1ebd t\u1eeb thi\u1ebft k\u1ebf \u0111\u1ebfn c\u00f4ng su\u1ea5t<\/strong><\/p>\n<p>Anbico F88 mang trong minh \u0111\u1ed9ng c\u01a1 si\u00eau m\u1ea1nh m\u1ebd ph\u00e1t huy t\u1ed1i \u0111a 1.600W ch\u1ed1ng n\u01b0\u1edbc tuy\u1ec7t \u0111\u1ed1i, t\u0103ng t\u1ed1c ch\u1ec9 trong 10 gi\u00e2y, v\u01b0\u1ee3t m\u1ecdi \u0111\u1ecba h\u00ecnh \u0111\u1ed3i n\u00fai ph\u1ee9c t\u1ea1p d\u1ec5 d\u00e0ng. S\u1ee9c m\u1ea1nh n\u00e0y gi\u00fap F88 c\u00f3 t\u1ed1c \u0111\u1ed9 t\u1ed1i \u0111a 50km\/h.<\/p>\n<p><img loading=\"lazy\" decoding=\"async\" class=\"aligncenter wp-image-9257 size-full lazy-load-active\" src=\"https:\/\/anbico.vn\/wp-content\/uploads\/2021\/04\/dong-cp-F88-900x900-1.jpg\" sizes=\"auto, (max-width: 900px) 100vw, 900px\" srcset=\"https:\/\/anbico.vn\/wp-content\/uploads\/2021\/04\/dong-cp-F88-900x900-1.jpg 900w, https:\/\/anbico.vn\/wp-content\/uploads\/2021\/04\/dong-cp-F88-900x900-1-420x420.jpg 420w, https:\/\/anbico.vn\/wp-content\/uploads\/2021\/04\/dong-cp-F88-900x900-1-300x300.jpg 300w, https:\/\/anbico.vn\/wp-content\/uploads\/2021\/04\/dong-cp-F88-900x900-1-768x768.jpg 768w, https:\/\/anbico.vn\/wp-content\/uploads\/2021\/04\/dong-cp-F88-900x900-1-800x800.jpg 800w, https:\/\/anbico.vn\/wp-content\/uploads\/2021\/04\/dong-cp-F88-900x900-1-100x100.jpg 100w\" alt=\"\u0111\u1ed9ng c\u01a1 f88 1600w\" width=\"900\" height=\"900\" data-src=\"https:\/\/anbico.vn\/wp-content\/uploads\/2021\/04\/dong-cp-F88-900x900-1.jpg\" data-srcset=\"https:\/\/anbico.vn\/wp-content\/uploads\/2021\/04\/dong-cp-F88-900x900-1.jpg 900w, https:\/\/anbico.vn\/wp-content\/uploads\/2021\/04\/dong-cp-F88-900x900-1-420x420.jpg 420w, https:\/\/anbico.vn\/wp-content\/uploads\/2021\/04\/dong-cp-F88-900x900-1-300x300.jpg 300w, https:\/\/anbico.vn\/wp-content\/uploads\/2021\/04\/dong-cp-F88-900x900-1-768x768.jpg 768w, https:\/\/anbico.vn\/wp-content\/uploads\/2021\/04\/dong-cp-F88-900x900-1-800x800.jpg 800w, https:\/\/anbico.vn\/wp-content\/uploads\/2021\/04\/dong-cp-F88-900x900-1-100x100.jpg 100w\" \/><\/p>\n<p>Xe m\u00e1y \u0111i\u1ec7n F88 v\u1edbi h\u1ec7 th\u1ed1ng 5 b\u00ecnh \u1eafc quy l\u1edbn 20Ah \u0111\u1ed3ng b\u1ed9 theo xe gi\u00fap tu\u1ed5i th\u1ecd xe t\u0103ng g\u1ea5p 3 l\u1ea7n xe th\u00f4ng th\u01b0\u1eddng v\u00e0 cho qu\u00e3ng \u0111\u01b0\u1eddng di chuy\u1ec3n l\u00ean t\u1edbi 90km\/l\u1ea7n s\u1ea1c \u0111em l\u1ea1i c\u1ea3m gi\u00e1c l\u00e1i th\u00fa v\u1ecb, \u0111\u1eadm ch\u1ea5t th\u1ec3 thao.<\/p>\n<p>Nh\u1eefng h\u00e0nh tr\u00ecnh tr\u1ecdn v\u1eb9n \u0111\u1ec1u b\u1eaft ngu\u1ed3n t\u1eeb s\u1ef1 an to\u00e0n. F88 trang b\u1ecb h\u1ec7 th\u1ed1ng phanh \u0111\u0129a tr\u01b0\u1edbc th\u1ebf h\u1ec7 m\u1edbi, phanh c\u01a1 sau c\u00f9ng h\u1ec7 th\u1ed1ng v\u00e0nh 12 inch thi\u1ebft k\u1ebf \u0111\u1ea7y c\u00e1 t\u00ednh, h\u1ed7 tr\u1ee3 ng\u01b0\u1eddi l\u00e1i ki\u1ec3m so\u00e1t t\u1ed1t t\u1ed1c \u0111\u1ed9 trong \u0111i\u1ec1u ki\u1ec7n th\u1eddi ti\u1ebft x\u1ea5u hay di chuy\u1ec3n tr\u00ean \u0111\u01b0\u1eddng hi\u1ec3m tr\u1edf.<\/p>\n<p>Kh\u1edfi \u0111\u1ed9ng v\u00e0 v\u1eadn h\u00e0nh tuy\u1ec7t \u0111\u1ed1i an to\u00e0n v\u1edbi ch\u1ebf \u0111\u1ed9 Parking mode l\u1ea7n \u0111\u1ea7u t\u00edch h\u1ee3p cho xe m\u00e1y \u0111i\u1ec7n, t\u0103ng t\u00ednh an to\u00e0n trong c\u00e1c t\u00ecnh hu\u1ed1ng b\u1ea5t ng\u1edd x\u1ea3y ra. C\u00f9ng v\u1edbi \u0111\u00f3 l\u00e0 b\u1ed9 \u0111\u00f4i gi\u1ea3m x\u00f3c th\u1ee7y l\u1ef1c, l\u1ed1p kh\u00f4ng s\u0103m t\u0103ng ti\u1ebft di\u1ec7n ti\u1ebfp x\u00fac v\u1edbi m\u1eb7t \u0111\u01b0\u1eddng, \u0111em l\u1ea1i c\u1ea3m gi\u00e1c \u00eam \u00e1i khi di chuy\u1ec3n tr\u00ean \u0111\u1ecba h\u00ecnh x\u1ea5u.<\/p>\n<p><img loading=\"lazy\" decoding=\"async\" class=\"aligncenter wp-image-9244 size-large lazy-load-active\" src=\"https:\/\/anbico.vn\/wp-content\/uploads\/2021\/04\/dfgfkdjg-1024x752.jpg\" sizes=\"auto, (max-width: 1020px) 100vw, 1020px\" srcset=\"https:\/\/anbico.vn\/wp-content\/uploads\/2021\/04\/dfgfkdjg-1024x752.jpg 1024w, https:\/\/anbico.vn\/wp-content\/uploads\/2021\/04\/dfgfkdjg-420x309.jpg 420w, https:\/\/anbico.vn\/wp-content\/uploads\/2021\/04\/dfgfkdjg-300x220.jpg 300w, https:\/\/anbico.vn\/wp-content\/uploads\/2021\/04\/dfgfkdjg-768x564.jpg 768w, https:\/\/anbico.vn\/wp-content\/uploads\/2021\/04\/dfgfkdjg-800x588.jpg 800w, https:\/\/anbico.vn\/wp-content\/uploads\/2021\/04\/dfgfkdjg.jpg 1418w\" alt=\"ch\u1ebf \u0111\u1ed9 parking xe f88\" width=\"1020\" height=\"749\" data-src=\"https:\/\/anbico.vn\/wp-content\/uploads\/2021\/04\/dfgfkdjg-1024x752.jpg\" data-srcset=\"https:\/\/anbico.vn\/wp-content\/uploads\/2021\/04\/dfgfkdjg-1024x752.jpg 1024w, https:\/\/anbico.vn\/wp-content\/uploads\/2021\/04\/dfgfkdjg-420x309.jpg 420w, https:\/\/anbico.vn\/wp-content\/uploads\/2021\/04\/dfgfkdjg-300x220.jpg 300w, https:\/\/anbico.vn\/wp-content\/uploads\/2021\/04\/dfgfkdjg-768x564.jpg 768w, https:\/\/anbico.vn\/wp-content\/uploads\/2021\/04\/dfgfkdjg-800x588.jpg 800w, https:\/\/anbico.vn\/wp-content\/uploads\/2021\/04\/dfgfkdjg.jpg 1418w\" \/><\/p>\n<p>B\u00ean c\u1ea1nh v\u1ebb ngo\u00e0i \u0111\u1ea7y h\u00fat m\u1eaft, Anbico c\u00f2n trang b\u1ecb cho F88 t\u00ednh n\u0103ng t\u00ecm xe, ch\u1ed1ng tr\u1ed9m t\u1ef1 \u0111\u1ed9ng v\u1edbi ch\u00eca kh\u00f3a th\u00f4ng minh \u0111i\u1ec1u khi\u1ec3n t\u1eeb xa<\/p>\n<p>C\u00f4ng ngh\u1ec7 c\u1ee9u h\u1ed9 kh\u1ea9n c\u1ea5p t\u1ef1 s\u1eeda ch\u1eefa \u1ee9ng d\u1ee5ng c\u00f4ng ngh\u1ec7 Machine Learning v\u00e0 tr\u00ed tu\u1ec7 nh\u00e2n t\u1ea1o (AI) gi\u00fap xe v\u1eadn h\u00e0nh d\u1ec5 d\u00e0ng v\u1ec1 tr\u1ea1m d\u1ecbch v\u1ee5 g\u1ea7n nh\u1ea5t khi g\u1eb7p s\u1ef1 c\u1ed1 m\u00e0 kh\u00f4ng ph\u1ea3i d\u1eaft b\u1ed9.<\/p>\n<p><img loading=\"lazy\" decoding=\"async\" class=\"aligncenter wp-image-9242 size-large lazy-load-active\" src=\"https:\/\/anbico.vn\/wp-content\/uploads\/2021\/04\/F88-BAO-01-cos-logo-1024x753.jpg\" sizes=\"auto, (max-width: 1020px) 100vw, 1020px\" srcset=\"https:\/\/anbico.vn\/wp-content\/uploads\/2021\/04\/F88-BAO-01-cos-logo-1024x753.jpg 1024w, https:\/\/anbico.vn\/wp-content\/uploads\/2021\/04\/F88-BAO-01-cos-logo-420x309.jpg 420w, https:\/\/anbico.vn\/wp-content\/uploads\/2021\/04\/F88-BAO-01-cos-logo-300x221.jpg 300w, https:\/\/anbico.vn\/wp-content\/uploads\/2021\/04\/F88-BAO-01-cos-logo-768x565.jpg 768w, https:\/\/anbico.vn\/wp-content\/uploads\/2021\/04\/F88-BAO-01-cos-logo-800x588.jpg 800w, https:\/\/anbico.vn\/wp-content\/uploads\/2021\/04\/F88-BAO-01-cos-logo.jpg 1417w\" alt=\"n\u00fat c\u1ee9u h\u1ed9 xe f88\" width=\"1020\" height=\"750\" data-src=\"https:\/\/anbico.vn\/wp-content\/uploads\/2021\/04\/F88-BAO-01-cos-logo-1024x753.jpg\" data-srcset=\"https:\/\/anbico.vn\/wp-content\/uploads\/2021\/04\/F88-BAO-01-cos-logo-1024x753.jpg 1024w, https:\/\/anbico.vn\/wp-content\/uploads\/2021\/04\/F88-BAO-01-cos-logo-420x309.jpg 420w, https:\/\/anbico.vn\/wp-content\/uploads\/2021\/04\/F88-BAO-01-cos-logo-300x221.jpg 300w, https:\/\/anbico.vn\/wp-content\/uploads\/2021\/04\/F88-BAO-01-cos-logo-768x565.jpg 768w, https:\/\/anbico.vn\/wp-content\/uploads\/2021\/04\/F88-BAO-01-cos-logo-800x588.jpg 800w, https:\/\/anbico.vn\/wp-content\/uploads\/2021\/04\/F88-BAO-01-cos-logo.jpg 1417w\" \/><\/p>\n<p>F88 c\u00f3 3 t\u1ed1c \u0111\u1ed9: Ch\u1eadm \u2013 Trung b\u00ecnh \u2013 Nhanh v\u1eadn h\u00e0nh \u00eam \u00e1i v\u1edbi c\u00e1c \u0111\u1ecba h\u00ecnh v\u00e0 th\u1eddi ti\u1ebft kh\u00e1c nhau. So v\u1edbi c\u00e1c d\u00f2ng xe m\u00e1y \u0111i\u1ec7n th\u1ec3 thao tr\u00ean th\u1ecb tr\u01b0\u1eddng, Anbico F88 c\u00f3 c\u1ed1p r\u1ed9ng h\u01a1n c\u1ea3 \u2013 22L v\u1edbi \u0111\u00e8n Led t\u1ef1 \u0111\u1ed9ng, m\u00f3c treo \u0111\u1ed3 ph\u00eda tr\u01b0\u1edbc ti\u1ec7n d\u1ee5ng.<\/p>\n<p><strong>\u0110i\u1ec1u khi\u1ec3n linh ho\u1ea1t m\u1ecdi l\u00fac m\u1ecdi n\u01a1i<\/strong><\/p>\n<p>Mang thi\u1ebft k\u1ebf th\u1ec3 thao nh\u01b0ng F88 v\u1eabn mang cho m\u00ecnh v\u1ebb ngo\u00e0i tr\u1ebb trung, \u0111a phong c\u00e1ch, tr\u00ecnh l\u00e0ng 5 gam m\u00e0u \u0111a d\u1ea1ng: \u0111\u1ecf, \u0111en, tr\u1eafng, xanh c\u1eedu long v\u00e0 ghi tha h\u1ed3 cho b\u1ea1n l\u1ef1a ch\u1ecdn. Ch\u1ecdn F88 l\u00e0 ch\u1ecdn \u0111\u00fang b\u1ea1n \u0111\u01b0\u1eddng \u0111\u1ed3ng h\u00e0nh c\u00f9ng c\u00e1c b\u1ea1n tr\u1ebb \u0111i h\u1ecdc, \u0111i ch\u01a1i, \u0111i t\u1eadp luy\u1ec7n,\u2026 hay \u0111\u01a1n gi\u1ea3n l\u00e0 di chuy\u1ec3n quanh ph\u1ed1 ph\u01b0\u1eddng.<\/p>\n<p><img loading=\"lazy\" decoding=\"async\" class=\"aligncenter wp-image-9240 size-large lazy-load-active\" src=\"https:\/\/anbico.vn\/wp-content\/uploads\/2021\/04\/1200X628-2-1024x536.jpg\" sizes=\"auto, (max-width: 1020px) 100vw, 1020px\" srcset=\"https:\/\/anbico.vn\/wp-content\/uploads\/2021\/04\/1200X628-2-1024x536.jpg 1024w, https:\/\/anbico.vn\/wp-content\/uploads\/2021\/04\/1200X628-2-420x220.jpg 420w, https:\/\/anbico.vn\/wp-content\/uploads\/2021\/04\/1200X628-2-300x157.jpg 300w, https:\/\/anbico.vn\/wp-content\/uploads\/2021\/04\/1200X628-2-768x402.jpg 768w, https:\/\/anbico.vn\/wp-content\/uploads\/2021\/04\/1200X628-2-800x419.jpg 800w, https:\/\/anbico.vn\/wp-content\/uploads\/2021\/04\/1200X628-2.jpg 1200w\" alt=\"xe m\u00e1y \u0111i\u1ec7n f88\" width=\"1020\" height=\"534\" data-src=\"https:\/\/anbico.vn\/wp-content\/uploads\/2021\/04\/1200X628-2-1024x536.jpg\" data-srcset=\"https:\/\/anbico.vn\/wp-content\/uploads\/2021\/04\/1200X628-2-1024x536.jpg 1024w, https:\/\/anbico.vn\/wp-content\/uploads\/2021\/04\/1200X628-2-420x220.jpg 420w, https:\/\/anbico.vn\/wp-content\/uploads\/2021\/04\/1200X628-2-300x157.jpg 300w, https:\/\/anbico.vn\/wp-content\/uploads\/2021\/04\/1200X628-2-768x402.jpg 768w, https:\/\/anbico.vn\/wp-content\/uploads\/2021\/04\/1200X628-2-800x419.jpg 800w, https:\/\/anbico.vn\/wp-content\/uploads\/2021\/04\/1200X628-2.jpg 1200w\" \/><\/p>\n<p>\u0110\u1ec3 ng\u01b0\u1eddi l\u00e1i c\u00f3 th\u1ec3 d\u1ec5 d\u00e0ng theo d\u00f5i th\u00f4ng tin, t\u00ecnh tr\u1ea1ng c\u1ee7a xe, Anbico F88 \u0111\u00e3 trang b\u1ecb \u0111\u1ed3ng h\u1ed3 \u0111i\u1ec7n t\u1eed tinh th\u1ec3 l\u1ecfng \u0111a s\u1eafc m\u00e0u l\u1edbn 7 inch, \u0111\u1ed9 n\u00e9t cao hi\u1ec3n th\u1ecb \u0111\u1ea7y \u0111\u1ee7 th\u00f4ng s\u1ed1 r\u00f5 r\u00e0ng ngay c\u1ea3 khi g\u1eb7p th\u1eddi ti\u1ebft x\u1ea5u: t\u00ecnh tr\u1ea1ng pin c\u00f2n l\u1ea1i, qu\u00e3ng \u0111\u01b0\u1eddng \u0111\u00e3 di chuy\u1ec3n, ch\u1ebf \u0111\u1ed9 l\u00e1i, v\u1eadn t\u1ed1c,\u2026<\/p>\n<p>Th\u00eam m\u1ed9t l\u1ef1a ch\u1ecdn xe m\u00e1y \u0111i\u1ec7n th\u1ec3 thao cho gi\u1edbi tr\u1ebb, xe m\u00e1y \u0111i\u1ec7n F88 thi\u1ebft k\u1ebf m\u1ea1nh m\u1ebd v\u1edbi nhi\u1ec1u t\u00ednh n\u0103ng th\u00f4ng minh l\u1ea7n \u0111\u1ea7u ti\u00ean \u00e1p d\u1ee5ng tr\u00ean xe \u0111i\u1ec7n t\u1ea1i Vi\u1ec7t Nam ch\u1eafc ch\u1eafn s\u1ebd \u0111em t\u1edbi tr\u1ea3i nghi\u1ec7m ho\u00e0n h\u1ea3o ch\u01b0a t\u1eebng c\u00f3 trong ph\u00e2n kh\u00fac n\u00e0y.<\/p>\n","protected":false},"excerpt":{"rendered":"<ul>\n<li>H\u00e3ng xe: ANBICO<\/li>\n<li>B\u1ea3o h\u00e0nh \u0111\u1ed9ng c\u01a1 \u0111i\u1ec7n: \u0111\u1ed5i m\u1edbi 12 th\u00e1ng \u2013 s\u1eeda ch\u1eefa trong 36 th\u00e1ng<\/li>\n<li>B\u1ea3o h\u00e0nh b\u1ed9 \u0111i\u1ec1u khi\u1ec3n \u2013 IC : \u0111\u1ed5i m\u1edbi 6 th\u00e1ng \u2013 s\u1eeda ch\u1eefa trong 12 th\u00e1ng<\/li>\n<li>B\u1ea3o h\u00e0nh \u1eafc quy: \u0111\u1ed5i m\u1edbi 6 th\u00e1ng \u2013 s\u1eeda ch\u1eefa trong v\u00f2ng 13 th\u00e1ng<\/li>\n<li>B\u1ea3o h\u00e0nh gi\u1ea3m s\u00f3c: gi\u1ea3m s\u00f3c tr\u01b0\u1edbc 12 th\u00e1ng \u2013 gi\u1ea3m s\u00f3c sau 24 th\u00e1ng<\/li>\n<li>B\u1ea3o h\u00e0nh khung xe, tay l\u00e1i: 12 th\u00e1ng<\/li>\n<li>B\u1ea3o h\u00e0nh tay ga, b\u1ed9 s\u1ea1c, \u0111\u1ed3ng h\u1ed3: \u0111\u1ed5i m\u1edbi 6 th\u00e1ng \u2013 s\u1eeda ch\u1eefa trong 12 th\u00e1ng<\/li>\n<li>B\u1ea3o h\u00e0nh tr\u1ee5c : 12 th\u00e1ng<\/li>\n<\/ul>\n","protected":false},"featured_media":1207,"template":"","meta":[],"class_list":{"0":"post-1206","1":"product","2":"type-product","3":"status-publish","4":"has-post-thumbnail","6":"product_cat-anbico","8":"first","9":"instock","10":"shipping-taxable","11":"product-type-simple"},"yoast_head":"<!-- This site is optimized with the Yoast SEO plugin v19.10 - https:\/\/yoast.com\/wordpress\/plugins\/seo\/ -->\n<title>ANBICO F88 -<\/title>\n<meta name=\"robots\" content=\"index, follow, max-snippet:-1, max-image-preview:large, max-video-preview:-1\" \/>\n<link rel=\"canonical\" href=\"https:\/\/duyhungmotor.com\/?product=anbico-f88\" \/>\n<meta property=\"og:locale\" content=\"vi_VN\" \/>\n<meta property=\"og:type\" content=\"article\" \/>\n<meta property=\"og:title\" content=\"ANBICO F88 -\" \/>\n<meta property=\"og:description\" content=\"H\u00e3ng xe: ANBICO  B\u1ea3o h\u00e0nh \u0111\u1ed9ng c\u01a1 \u0111i\u1ec7n: \u0111\u1ed5i m\u1edbi 12 th\u00e1ng \u2013 s\u1eeda ch\u1eefa trong 36 th\u00e1ng  B\u1ea3o h\u00e0nh b\u1ed9 \u0111i\u1ec1u khi\u1ec3n \u2013 IC : \u0111\u1ed5i m\u1edbi 6 th\u00e1ng \u2013 s\u1eeda ch\u1eefa trong 12 th\u00e1ng  B\u1ea3o h\u00e0nh \u1eafc quy: \u0111\u1ed5i m\u1edbi 6 th\u00e1ng \u2013 s\u1eeda ch\u1eefa trong v\u00f2ng 13 th\u00e1ng  B\u1ea3o h\u00e0nh gi\u1ea3m s\u00f3c: gi\u1ea3m s\u00f3c tr\u01b0\u1edbc 12 th\u00e1ng \u2013 gi\u1ea3m s\u00f3c sau 24 th\u00e1ng  B\u1ea3o h\u00e0nh khung xe, tay l\u00e1i: 12 th\u00e1ng  B\u1ea3o h\u00e0nh tay ga, b\u1ed9 s\u1ea1c, \u0111\u1ed3ng h\u1ed3: \u0111\u1ed5i m\u1edbi 6 th\u00e1ng \u2013 s\u1eeda ch\u1eefa trong 12 th\u00e1ng  B\u1ea3o h\u00e0nh tr\u1ee5c : 12 th\u00e1ng\" \/>\n<meta property=\"og:url\" content=\"https:\/\/duyhungmotor.com\/?product=anbico-f88\" \/>\n<meta property=\"og:image\" content=\"https:\/\/duyhungmotor.com\/wp-content\/uploads\/2021\/10\/f88-den-tem-do.jpg\" \/>\n\t<meta property=\"og:image:width\" content=\"702\" \/>\n\t<meta property=\"og:image:height\" content=\"469\" \/>\n\t<meta property=\"og:image:type\" content=\"image\/jpeg\" \/>\n<meta name=\"twitter:card\" content=\"summary_large_image\" \/>\n<meta name=\"twitter:label1\" content=\"\u01af\u1edbc t\u00ednh th\u1eddi gian \u0111\u1ecdc\" \/>\n\t<meta name=\"twitter:data1\" content=\"6 ph\u00fat\" \/>\n<script type=\"application\/ld+json\" class=\"yoast-schema-graph\">{\"@context\":\"https:\/\/schema.org\",\"@graph\":[{\"@type\":\"WebPage\",\"@id\":\"https:\/\/duyhungmotor.com\/?product=anbico-f88\",\"url\":\"https:\/\/duyhungmotor.com\/?product=anbico-f88\",\"name\":\"ANBICO F88 -\",\"isPartOf\":{\"@id\":\"https:\/\/duyhungmotor.com\/#website\"},\"datePublished\":\"2021-10-05T01:26:26+00:00\",\"dateModified\":\"2021-10-05T01:26:26+00:00\",\"breadcrumb\":{\"@id\":\"https:\/\/duyhungmotor.com\/?product=anbico-f88#breadcrumb\"},\"inLanguage\":\"vi\",\"potentialAction\":[{\"@type\":\"ReadAction\",\"target\":[\"https:\/\/duyhungmotor.com\/?product=anbico-f88\"]}]},{\"@type\":\"BreadcrumbList\",\"@id\":\"https:\/\/duyhungmotor.com\/?product=anbico-f88#breadcrumb\",\"itemListElement\":[{\"@type\":\"ListItem\",\"position\":1,\"name\":\"Trang ch\u1ee7\",\"item\":\"https:\/\/duyhungmotor.com\/\"},{\"@type\":\"ListItem\",\"position\":2,\"name\":\"ANBICO F88\"}]},{\"@type\":\"WebSite\",\"@id\":\"https:\/\/duyhungmotor.com\/#website\",\"url\":\"https:\/\/duyhungmotor.com\/\",\"name\":\"\",\"description\":\"\u0110\u1ea1i l\u00fd Xe M\u00e1y - Xe \u0110i\u1ec7n\",\"potentialAction\":[{\"@type\":\"SearchAction\",\"target\":{\"@type\":\"EntryPoint\",\"urlTemplate\":\"https:\/\/duyhungmotor.com\/?s={search_term_string}\"},\"query-input\":\"required name=search_term_string\"}],\"inLanguage\":\"vi\"}]}<\/script>\n<!-- \/ Yoast SEO plugin. -->","yoast_head_json":{"title":"ANBICO F88 -","robots":{"index":"index","follow":"follow","max-snippet":"max-snippet:-1","max-image-preview":"max-image-preview:large","max-video-preview":"max-video-preview:-1"},"canonical":"https:\/\/duyhungmotor.com\/?product=anbico-f88","og_locale":"vi_VN","og_type":"article","og_title":"ANBICO F88 -","og_description":"H\u00e3ng xe: ANBICO  B\u1ea3o h\u00e0nh \u0111\u1ed9ng c\u01a1 \u0111i\u1ec7n: \u0111\u1ed5i m\u1edbi 12 th\u00e1ng \u2013 s\u1eeda ch\u1eefa trong 36 th\u00e1ng  B\u1ea3o h\u00e0nh b\u1ed9 \u0111i\u1ec1u khi\u1ec3n \u2013 IC : \u0111\u1ed5i m\u1edbi 6 th\u00e1ng \u2013 s\u1eeda ch\u1eefa trong 12 th\u00e1ng  B\u1ea3o h\u00e0nh \u1eafc quy: \u0111\u1ed5i m\u1edbi 6 th\u00e1ng \u2013 s\u1eeda ch\u1eefa trong v\u00f2ng 13 th\u00e1ng  B\u1ea3o h\u00e0nh gi\u1ea3m s\u00f3c: gi\u1ea3m s\u00f3c tr\u01b0\u1edbc 12 th\u00e1ng \u2013 gi\u1ea3m s\u00f3c sau 24 th\u00e1ng  B\u1ea3o h\u00e0nh khung xe, tay l\u00e1i: 12 th\u00e1ng  B\u1ea3o h\u00e0nh tay ga, b\u1ed9 s\u1ea1c, \u0111\u1ed3ng h\u1ed3: \u0111\u1ed5i m\u1edbi 6 th\u00e1ng \u2013 s\u1eeda ch\u1eefa trong 12 th\u00e1ng  B\u1ea3o h\u00e0nh tr\u1ee5c : 12 th\u00e1ng","og_url":"https:\/\/duyhungmotor.com\/?product=anbico-f88","og_image":[{"width":702,"height":469,"url":"https:\/\/duyhungmotor.com\/wp-content\/uploads\/2021\/10\/f88-den-tem-do.jpg","type":"image\/jpeg"}],"twitter_card":"summary_large_image","twitter_misc":{"\u01af\u1edbc t\u00ednh th\u1eddi gian \u0111\u1ecdc":"6 ph\u00fat"},"schema":{"@context":"https:\/\/schema.org","@graph":[{"@type":"WebPage","@id":"https:\/\/duyhungmotor.com\/?product=anbico-f88","url":"https:\/\/duyhungmotor.com\/?product=anbico-f88","name":"ANBICO F88 -","isPartOf":{"@id":"https:\/\/duyhungmotor.com\/#website"},"datePublished":"2021-10-05T01:26:26+00:00","dateModified":"2021-10-05T01:26:26+00:00","breadcrumb":{"@id":"https:\/\/duyhungmotor.com\/?product=anbico-f88#breadcrumb"},"inLanguage":"vi","potentialAction":[{"@type":"ReadAction","target":["https:\/\/duyhungmotor.com\/?product=anbico-f88"]}]},{"@type":"BreadcrumbList","@id":"https:\/\/duyhungmotor.com\/?product=anbico-f88#breadcrumb","itemListElement":[{"@type":"ListItem","position":1,"name":"Trang ch\u1ee7","item":"https:\/\/duyhungmotor.com\/"},{"@type":"ListItem","position":2,"name":"ANBICO F88"}]},{"@type":"WebSite","@id":"https:\/\/duyhungmotor.com\/#website","url":"https:\/\/duyhungmotor.com\/","name":"","description":"\u0110\u1ea1i l\u00fd Xe M\u00e1y - Xe \u0110i\u1ec7n","potentialAction":[{"@type":"SearchAction","target":{"@type":"EntryPoint","urlTemplate":"https:\/\/duyhungmotor.com\/?s={search_term_string}"},"query-input":"required name=search_term_string"}],"inLanguage":"vi"}]}},"_links":{"self":[{"href":"https:\/\/duyhungmotor.com\/index.php?rest_route=\/wp\/v2\/product\/1206","targetHints":{"allow":["GET"]}}],"collection":[{"href":"https:\/\/duyhungmotor.com\/index.php?rest_route=\/wp\/v2\/product"}],"about":[{"href":"https:\/\/duyhungmotor.com\/index.php?rest_route=\/wp\/v2\/types\/product"}],"wp:featuredmedia":[{"embeddable":true,"href":"https:\/\/duyhungmotor.com\/index.php?rest_route=\/wp\/v2\/media\/1207"}],"wp:attachment":[{"href":"https:\/\/duyhungmotor.com\/index.php?rest_route=%2Fwp%2Fv2%2Fmedia&parent=1206"}],"curies":[{"name":"wp","href":"https:\/\/api.w.org\/{rel}","templated":true}]}}