{"id":1197,"date":"2021-10-05T08:20:39","date_gmt":"2021-10-05T01:20:39","guid":{"rendered":"http:\/\/duyhungmotor.com\/?post_type=product&#038;p=1197"},"modified":"2021-10-05T08:20:39","modified_gmt":"2021-10-05T01:20:39","slug":"anbico-valerio-gs","status":"publish","type":"product","link":"https:\/\/duyhungmotor.com\/?product=anbico-valerio-gs","title":{"rendered":"ANBICO VALERIO GS"},"content":{"rendered":"<p><em><strong>e m\u00e1y \u0111i\u1ec7n Valerio GS \u2013 s\u1ef1 k\u1ebft h\u1ee3p c\u1ee7a tr\u00ed tu\u1ec7 v\u00e0 s\u1eafc \u0111\u1eb9p<\/strong><\/em><\/p>\n<p><strong>Xe m\u00e1y \u0111i\u1ec7n Valerio GS l\u1ea5y c\u1ea3m h\u1ee9ng t\u1eeb \u0111\u1ea5t n\u01b0\u1edbc Italia t\u1ea1o n\u00ean v\u1ebb b\u1ec1 ngo\u00e0i tinh t\u1ebf, l\u00e3ng m\u1ea1n, l\u00e0 phi\u00ean b\u1ea3n n\u00e2ng c\u1ea5p \u0111\u1ea7y tinh t\u1ebf t\u1eeb Valerio S \u0111\u01b0\u1ee3c \u01b0a chu\u1ed9ng nh\u1ea5t n\u0103m 2020.<\/strong><\/p>\n<p>Valerio GS l\u00e0 phi\u00ean b\u1ea3n n\u00e2ng c\u1ea5p \u0111\u1ea7y tinh t\u1ebf t\u1eeb Valerio S \u0111\u01b0\u1ee3c \u01b0a chu\u1ed9ng nh\u1ea5t n\u0103m 2020. Nh\u01b0ng kh\u00f4ng ch\u1ec9 c\u1ea3i ti\u1ebfn t\u1eeb thi\u1ebft k\u1ebf b\u00ean ngo\u00e0i m\u00e0 \u0111\u1ed9ng c\u01a1 b\u00ean trong c\u0169ng m\u1ea1nh m\u1ebd \u0111\u1ebfn kh\u00f4ng t\u01b0\u1edfng.<\/p>\n<p><img loading=\"lazy\" decoding=\"async\" class=\"wp-image-9234 size-full aligncenter lazy-load-active\" src=\"https:\/\/anbico.vn\/wp-content\/uploads\/2021\/04\/VALERIO-GS-01sua.jpg\" sizes=\"auto, (max-width: 960px) 100vw, 960px\" srcset=\"https:\/\/anbico.vn\/wp-content\/uploads\/2021\/04\/VALERIO-GS-01sua.jpg 960w, https:\/\/anbico.vn\/wp-content\/uploads\/2021\/04\/VALERIO-GS-01sua-420x275.jpg 420w, https:\/\/anbico.vn\/wp-content\/uploads\/2021\/04\/VALERIO-GS-01sua-300x196.jpg 300w, https:\/\/anbico.vn\/wp-content\/uploads\/2021\/04\/VALERIO-GS-01sua-768x502.jpg 768w, https:\/\/anbico.vn\/wp-content\/uploads\/2021\/04\/VALERIO-GS-01sua-800x523.jpg 800w\" alt=\"\" width=\"960\" height=\"628\" data-src=\"https:\/\/anbico.vn\/wp-content\/uploads\/2021\/04\/VALERIO-GS-01sua.jpg\" data-srcset=\"https:\/\/anbico.vn\/wp-content\/uploads\/2021\/04\/VALERIO-GS-01sua.jpg 960w, https:\/\/anbico.vn\/wp-content\/uploads\/2021\/04\/VALERIO-GS-01sua-420x275.jpg 420w, https:\/\/anbico.vn\/wp-content\/uploads\/2021\/04\/VALERIO-GS-01sua-300x196.jpg 300w, https:\/\/anbico.vn\/wp-content\/uploads\/2021\/04\/VALERIO-GS-01sua-768x502.jpg 768w, https:\/\/anbico.vn\/wp-content\/uploads\/2021\/04\/VALERIO-GS-01sua-800x523.jpg 800w\" \/><\/p>\n<p>Chi\u1ebfc xe sang tr\u1ecdng, thanh l\u1ecbch v\u1edbi m\u1eb7t n\u1ea1 tr\u01b0\u1edbc m\u1ec1m m\u1ea1i m\u00e0 kh\u00f4ng k\u00e9m ph\u1ea7n hi\u1ec7n \u0111\u1ea1i. \u1ee8ng d\u1ee5ng c\u00f4ng ngh\u1ec7 \u0111\u00e8n LED th\u1ea5u k\u00ednh l\u1ea7n \u0111\u1ea7u ti\u00ean c\u00f3 m\u1eb7t t\u1ea1i Vi\u1ec7t Nam v\u1edbi kh\u1ea3 n\u0103ng chi\u1ebfu s\u00e1ng an to\u00e0n khi v\u1eadn h\u00e0nh v\u00e0o ban \u0111\u00eam.<\/p>\n<p>Ph\u00eda tr\u00ean l\u00e0 m\u1eb7t \u0111\u1ed3ng h\u1ed3 \u0111i\u1ec7n t\u1eed tinh th\u1ec3 l\u1ecfng, c\u00f3 th\u1ec3 hi\u1ec7n ch\u00ednh x\u00e1c v\u1eadn t\u1ed1c, qu\u00e3ng \u0111\u01b0\u1eddng, c\u0169ng nh\u01b0 m\u1ee9c n\u0103ng l\u01b0\u1ee3ng,\u2026 gi\u00fap ng\u01b0\u1eddi l\u00e1i d\u1ec5 d\u00e0ng v\u1eadn h\u00e0nh xe theo \u00fd mu\u1ed1n.<\/p>\n<p>Valerio GS s\u1edf h\u1eefu chi\u1ec1u cao y\u00ean 760mm, ho\u00e0n to\u00e0n ph\u00f9 h\u1ee3p v\u1edbi v\u00f3c d\u00e1ng ng\u01b0\u1eddi Vi\u1ec7t, nh\u1ea5t l\u00e0 \u0111\u1ed1i v\u1edbi c\u00e1c ch\u1ecb em ph\u1ee5 n\u1eef. Xe c\u00f3 t\u1ea3i tr\u1ecdng 225kg, thi\u1ebft k\u1ebf \u1ea5n t\u01b0\u1ee3ng v\u1edbi b\u1ed9 tem \u0111a s\u1eafc m\u00e0u \u0111\u1ec3 b\u1ea1n l\u1ef1a ch\u1ecdn: \u0111\u1ecf, \u0111en, tr\u1eafng, xanh c\u1eedu l\u1ecfng, xanh r\u00eau.<\/p>\n<p><strong>V\u1eadn h\u00e0nh an to\u00e0n trong m\u1ecdi \u0111i\u1ec1u ki\u1ec7n<\/strong><\/p>\n<p><img loading=\"lazy\" decoding=\"async\" class=\"aligncenter wp-image-9246 size-large lazy-load-active\" src=\"https:\/\/anbico.vn\/wp-content\/uploads\/2021\/04\/guuljk-1024x753.jpg\" sizes=\"auto, (max-width: 1020px) 100vw, 1020px\" srcset=\"https:\/\/anbico.vn\/wp-content\/uploads\/2021\/04\/guuljk-1024x753.jpg 1024w, https:\/\/anbico.vn\/wp-content\/uploads\/2021\/04\/guuljk-420x309.jpg 420w, https:\/\/anbico.vn\/wp-content\/uploads\/2021\/04\/guuljk-300x221.jpg 300w, https:\/\/anbico.vn\/wp-content\/uploads\/2021\/04\/guuljk-768x565.jpg 768w, https:\/\/anbico.vn\/wp-content\/uploads\/2021\/04\/guuljk-800x588.jpg 800w, https:\/\/anbico.vn\/wp-content\/uploads\/2021\/04\/guuljk.jpg 1418w\" alt=\"ch\u1ebf \u0111\u1ed9 parking xe valerio GS\" width=\"1020\" height=\"750\" data-src=\"https:\/\/anbico.vn\/wp-content\/uploads\/2021\/04\/guuljk-1024x753.jpg\" data-srcset=\"https:\/\/anbico.vn\/wp-content\/uploads\/2021\/04\/guuljk-1024x753.jpg 1024w, https:\/\/anbico.vn\/wp-content\/uploads\/2021\/04\/guuljk-420x309.jpg 420w, https:\/\/anbico.vn\/wp-content\/uploads\/2021\/04\/guuljk-300x221.jpg 300w, https:\/\/anbico.vn\/wp-content\/uploads\/2021\/04\/guuljk-768x565.jpg 768w, https:\/\/anbico.vn\/wp-content\/uploads\/2021\/04\/guuljk-800x588.jpg 800w, https:\/\/anbico.vn\/wp-content\/uploads\/2021\/04\/guuljk.jpg 1418w\" \/><\/p>\n<p>Valerio GS kh\u1edfi \u0111\u1ed9ng tuy\u1ec7t \u0111\u1ed1i an to\u00e0n v\u1edbi ch\u1ebf \u0111\u1ed9 Parking, b\u1eb1ng c\u00e1ch \u1ea5n nh\u1ea3 n\u00fat tr\u01b0\u1edbc khi di chuy\u1ec3n. H\u1ec7 th\u1ed1ng kh\u00f3a th\u00f4ng minh Smartkey trang b\u1ecb C\u00f4ng ngh\u1ec7 RFID b\u1ea3o m\u1eadt tuy\u1ec7t \u0111\u1ed1i, t\u1ef1 \u0111\u1ed9ng kh\u00f3a xe ch\u1ed1ng tr\u1ed9m ch\u1ec9 sau 10 gi\u00e2y.<\/p>\n<p><img loading=\"lazy\" decoding=\"async\" class=\"aligncenter wp-image-9251 size-full lazy-load-active\" src=\"https:\/\/anbico.vn\/wp-content\/uploads\/2021\/04\/GS-WEB.jpg\" sizes=\"auto, (max-width: 900px) 100vw, 900px\" srcset=\"https:\/\/anbico.vn\/wp-content\/uploads\/2021\/04\/GS-WEB.jpg 900w, https:\/\/anbico.vn\/wp-content\/uploads\/2021\/04\/GS-WEB-420x420.jpg 420w, https:\/\/anbico.vn\/wp-content\/uploads\/2021\/04\/GS-WEB-300x300.jpg 300w, https:\/\/anbico.vn\/wp-content\/uploads\/2021\/04\/GS-WEB-768x768.jpg 768w, https:\/\/anbico.vn\/wp-content\/uploads\/2021\/04\/GS-WEB-800x800.jpg 800w, https:\/\/anbico.vn\/wp-content\/uploads\/2021\/04\/GS-WEB-100x100.jpg 100w\" alt=\"kh\u00f3a smart key xe valerio GS\" width=\"900\" height=\"900\" data-src=\"https:\/\/anbico.vn\/wp-content\/uploads\/2021\/04\/GS-WEB.jpg\" data-srcset=\"https:\/\/anbico.vn\/wp-content\/uploads\/2021\/04\/GS-WEB.jpg 900w, https:\/\/anbico.vn\/wp-content\/uploads\/2021\/04\/GS-WEB-420x420.jpg 420w, https:\/\/anbico.vn\/wp-content\/uploads\/2021\/04\/GS-WEB-300x300.jpg 300w, https:\/\/anbico.vn\/wp-content\/uploads\/2021\/04\/GS-WEB-768x768.jpg 768w, https:\/\/anbico.vn\/wp-content\/uploads\/2021\/04\/GS-WEB-800x800.jpg 800w, https:\/\/anbico.vn\/wp-content\/uploads\/2021\/04\/GS-WEB-100x100.jpg 100w\" \/><\/p>\n<p>Xe c\u00f3 3 t\u1ed1c \u0111\u1ed9 l\u00e1i linh ho\u1ea1t: Ch\u1eadm \u2013 Trung b\u00ecnh \u2013 Nhanh \u0111\u01b0\u1ee3c hi\u1ec3n th\u1ecb ngay tr\u00ean \u0111\u1ed3ng h\u1ed3 tinh th\u1ec3 l\u1ecfng \u0111a s\u1eafc m\u00e0u gi\u00fap ng\u01b0\u1eddi l\u00e1i d\u1ec5 d\u00e0ng \u0111i\u1ec1u khi\u1ec3n trong \u0111i\u1ec1u ki\u1ec7n giao th\u00f4ng kh\u00e1c nhau.<\/p>\n<p>Xe m\u00e1y \u0111i\u1ec7n Valerio GS \u0111\u01b0\u1ee3c Anbico thi\u1ebft k\u1ebf t\u1ec9 m\u1ec9 t\u1eeb s\u00e0n \u0111\u1ec3 ch\u00e2n r\u1ed9ng r\u00e3i \u0111\u1ebfn \u0111\u1ed9 d\u00e0i y\u00ean xe, tay l\u00e1i,\u2026 mang \u0111\u1ebfn t\u01b0 th\u1ebf l\u00e1i xe ho\u00e0n to\u00e0n tho\u1ea3i m\u00e1i.<\/p>\n<p><strong>C\u00f4ng ngh\u1ec7 4.0 hi\u1ec7n \u0111\u1ea1i<\/strong><\/p>\n<p>Ng\u01b0\u1eddi l\u00e1i xe c\u0169ng s\u1ebd ho\u00e0n to\u00e0n y\u00ean t\u00e2m, kh\u00f4ng lo d\u1eaft b\u1ed9 gi\u1eefa \u0111\u01b0\u1eddng khi Valerio GS s\u1edf h\u1eefu C\u00f4ng ngh\u1ec7 Machine Learning v\u00e0 tr\u00ed tu\u1ec7 nh\u00e2n t\u1ea1o (AI) gi\u00fap xe v\u1eadn h\u00e0nh d\u1ec5 d\u00e0ng khi c\u00f3 l\u1ed7i tr\u00ean \u0111\u01b0\u1eddng \u0111\u1ebfn c\u1eeda h\u00e0ng g\u1ea7n nh\u1ea5t.<\/p>\n<p><img loading=\"lazy\" decoding=\"async\" class=\"aligncenter wp-image-9247 size-large lazy-load-active\" src=\"https:\/\/anbico.vn\/wp-content\/uploads\/2021\/04\/tkuykuylk-1024x754.jpg\" sizes=\"auto, (max-width: 1020px) 100vw, 1020px\" srcset=\"https:\/\/anbico.vn\/wp-content\/uploads\/2021\/04\/tkuykuylk-1024x754.jpg 1024w, https:\/\/anbico.vn\/wp-content\/uploads\/2021\/04\/tkuykuylk-420x309.jpg 420w, https:\/\/anbico.vn\/wp-content\/uploads\/2021\/04\/tkuykuylk-300x221.jpg 300w, https:\/\/anbico.vn\/wp-content\/uploads\/2021\/04\/tkuykuylk-768x565.jpg 768w, https:\/\/anbico.vn\/wp-content\/uploads\/2021\/04\/tkuykuylk-800x589.jpg 800w, https:\/\/anbico.vn\/wp-content\/uploads\/2021\/04\/tkuykuylk.jpg 1417w\" alt=\"n\u00fat c\u1ee9u h\u1ed9 xe valerio GS\" width=\"1020\" height=\"751\" data-src=\"https:\/\/anbico.vn\/wp-content\/uploads\/2021\/04\/tkuykuylk-1024x754.jpg\" data-srcset=\"https:\/\/anbico.vn\/wp-content\/uploads\/2021\/04\/tkuykuylk-1024x754.jpg 1024w, https:\/\/anbico.vn\/wp-content\/uploads\/2021\/04\/tkuykuylk-420x309.jpg 420w, https:\/\/anbico.vn\/wp-content\/uploads\/2021\/04\/tkuykuylk-300x221.jpg 300w, https:\/\/anbico.vn\/wp-content\/uploads\/2021\/04\/tkuykuylk-768x565.jpg 768w, https:\/\/anbico.vn\/wp-content\/uploads\/2021\/04\/tkuykuylk-800x589.jpg 800w, https:\/\/anbico.vn\/wp-content\/uploads\/2021\/04\/tkuykuylk.jpg 1417w\" \/><\/p>\n<p>Valerio GS s\u1eed d\u1ee5ng c\u00f4ng ngh\u1ec7 s\u01a1n th\u1ebf h\u1ec7 3 c\u1ee7a \u0110\u1ee9c ch\u1ed1ng x\u01b0\u1edbc, ch\u1ed1ng b\u00e1m b\u1ee5i v\u00e0 phai m\u00e0u, gi\u1eef g\u00ecn v\u1ebb b\u1ec1 ngo\u00e0i l\u1ecbch l\u00e3m theo th\u1eddi gian.<\/p>\n<p><strong>Tr\u1ea3i nghi\u1ec7m m\u1ea1nh m\u1ebd<\/strong><\/p>\n<p>\u0110\u1ed9ng c\u01a1 ch\u1ecbu t\u1ea3i l\u00ean \u0111\u1ebfn 1.600w ch\u1ed1ng n\u01b0\u1edbc tuy\u1ec7t \u0111\u1ed1i, t\u1ea1o ra s\u1ee9c m\u1ea1nh b\u1ec1n b\u1ec9 \u0111\u00e1ng kinh ng\u1ea1c. S\u1ebd th\u1eadt l\u00e0 thi\u1ebfu s\u00f3t n\u1ebfu kh\u00f4ng nh\u1eafc t\u1edbi 5 b\u00ecnh \u1eafc quy l\u1edbn 20Ah ch\u00ednh h\u00e3ng Anbico, \u0111\u1ed3ng b\u1ed9 cho c\u1ef1 ly di chuy\u1ec3n 90km\/l\u1ea7n s\u1ea1c \u0111\u1ea7y khi\u1ebfn kh\u00e1ch h\u00e0ng lu\u00f4n an t\u00e2m khi s\u1eed d\u1ee5ng Valerio GS. V\u1edbi \u1eafc quy \u0111\u1ed3ng b\u1ed9 theo xe gi\u00fap tu\u1ed5i th\u1ecd xe t\u0103ng g\u1ea5p 3 l\u1ea7n xe th\u00f4ng th\u01b0\u1eddng.<\/p>\n<p>Kh\u00f4ng ch\u1ec9 th\u1ebf, \u0111\u1ed9ng c\u01a1 ch\u1ed1ng n\u01b0\u1edbc tuy\u1ec7t \u0111\u1ed1i c\u00f9ng kho\u1ea3ng s\u00e1ng g\u1ea7m cao, nh\u1eefng con \u0111\u01b0\u1eddng g\u1eadp gh\u1ec1nh hay \u0111o\u1ea1n ng\u1eadp n\u01b0\u1edbc s\u00e2u s\u1ebd ch\u1eb3ng c\u00f2n l\u00e0 tr\u1edf ng\u1ea1i l\u1edbn khi c\u00f3 Valerio GS.<\/p>\n<p>M\u1ed9t \u0111i\u1ec3m nh\u1ea5n kh\u00e1c bi\u1ec7t cho xe m\u00e1y \u0111i\u1ec7n Valerio GS ch\u00ednh l\u00e0 h\u1ec7 th\u1ed1ng gi\u1ea3m x\u00f3c thu\u1ef7 l\u1ef1c \u0111\u1ea7u ti\u00ean tr\u00ean th\u1ebf gi\u1edbi, mang \u0111\u1ebfn c\u1ea3m gi\u00e1c \u00eam \u00e1i khi di chuy\u1ec3n tr\u00ean qu\u00e3ng \u0111\u01b0\u1eddng d\u00e0i.<\/p>\n<p>Valerio GS \u0111\u01b0\u1ee3c t\u00edch h\u1ee3p c\u1ed5ng s\u1ea1c USB v\u00f4 c\u00f9ng ti\u1ec7n l\u1ee3i c\u00f3 th\u1ec3 nghe nh\u1ea1c, s\u1ea1c \u0111i\u1ec7n tho\u1ea1i\u00a0h\u1ed7 tr\u1ee3 t\u1ed1i \u0111a cho ng\u01b0\u1eddi l\u00e1i khi di chuy\u1ec3n.<\/p>\n<p><img loading=\"lazy\" decoding=\"async\" class=\"aligncenter wp-image-9248 size-full lazy-load-active\" src=\"https:\/\/anbico.vn\/wp-content\/uploads\/2021\/04\/cong-sac-USB.jpg\" sizes=\"auto, (max-width: 680px) 100vw, 680px\" srcset=\"https:\/\/anbico.vn\/wp-content\/uploads\/2021\/04\/cong-sac-USB.jpg 680w, https:\/\/anbico.vn\/wp-content\/uploads\/2021\/04\/cong-sac-USB-420x283.jpg 420w, https:\/\/anbico.vn\/wp-content\/uploads\/2021\/04\/cong-sac-USB-300x202.jpg 300w\" alt=\"c\u1ed5ng-s\u1ea1c-USB xe valerio gs\" width=\"680\" height=\"458\" data-src=\"https:\/\/anbico.vn\/wp-content\/uploads\/2021\/04\/cong-sac-USB.jpg\" data-srcset=\"https:\/\/anbico.vn\/wp-content\/uploads\/2021\/04\/cong-sac-USB.jpg 680w, https:\/\/anbico.vn\/wp-content\/uploads\/2021\/04\/cong-sac-USB-420x283.jpg 420w, https:\/\/anbico.vn\/wp-content\/uploads\/2021\/04\/cong-sac-USB-300x202.jpg 300w\" \/><\/p>\n<p>Valerio GS thi\u1ebft k\u1ebf nh\u1ecf g\u1ecdn nh\u01b0ng v\u1eabn c\u00f3 c\u1ed1p r\u1ed9ng t\u1edbi 25L v\u1edbi \u0111\u00e8n Led t\u1ef1 \u0111\u1ed9ng \u2013 m\u1ed9t t\u00ednh n\u0103ng l\u00e0 \u0111i\u1ec3m c\u1ed9ng \u0111\u1ed1i v\u1edbi ph\u00e1i n\u1eef v\u1ed1n \u01b0a th\u00edch kh\u00f4ng gian ch\u1ee9a \u0111\u1ed3 l\u1edbn.Ngo\u00e0i ra, xe c\u00f2n c\u00f3 m\u00f3c treo \u0111\u1ed3 ti\u1ec7n l\u1ee3i cho ph\u00e1i \u0111\u1eb9p khi ch\u1ee3 ho\u1eb7c \u0111i ch\u01a1i, c\u00f9ng v\u1edbi h\u1ed9p ch\u1ee9a \u0111\u1ed3 b\u00ed m\u1eadt ph\u00eda tr\u01b0\u1edbc \u0111\u01b0\u1ee3c thi\u1ebft k\u1ebf \u0111\u1ea7y c\u00e1 t\u00ednh.<\/p>\n<p><img loading=\"lazy\" decoding=\"async\" class=\"aligncenter wp-image-9249 size-full lazy-load-active\" src=\"https:\/\/anbico.vn\/wp-content\/uploads\/2021\/04\/cop-truoc.jpg\" sizes=\"auto, (max-width: 1000px) 100vw, 1000px\" srcset=\"https:\/\/anbico.vn\/wp-content\/uploads\/2021\/04\/cop-truoc.jpg 1000w, https:\/\/anbico.vn\/wp-content\/uploads\/2021\/04\/cop-truoc-420x280.jpg 420w, https:\/\/anbico.vn\/wp-content\/uploads\/2021\/04\/cop-truoc-300x200.jpg 300w, https:\/\/anbico.vn\/wp-content\/uploads\/2021\/04\/cop-truoc-768x512.jpg 768w, https:\/\/anbico.vn\/wp-content\/uploads\/2021\/04\/cop-truoc-800x534.jpg 800w\" alt=\"c\u1ed1p tr\u01b0\u1edbc xe valerio gs\" width=\"1000\" height=\"667\" data-src=\"https:\/\/anbico.vn\/wp-content\/uploads\/2021\/04\/cop-truoc.jpg\" data-srcset=\"https:\/\/anbico.vn\/wp-content\/uploads\/2021\/04\/cop-truoc.jpg 1000w, https:\/\/anbico.vn\/wp-content\/uploads\/2021\/04\/cop-truoc-420x280.jpg 420w, https:\/\/anbico.vn\/wp-content\/uploads\/2021\/04\/cop-truoc-300x200.jpg 300w, https:\/\/anbico.vn\/wp-content\/uploads\/2021\/04\/cop-truoc-768x512.jpg 768w, https:\/\/anbico.vn\/wp-content\/uploads\/2021\/04\/cop-truoc-800x534.jpg 800w\" \/><\/p>\n<p>Valerio GS ch\u00ednh l\u00e0 s\u1ef1 k\u1ebft h\u1ee3p ho\u00e0n h\u1ea3o gi\u1eefa tr\u00ed tu\u1ec7 v\u00e0 s\u1eafc \u0111\u1eb9p c\u00f9ng c\u00f4ng ngh\u1ec7 4.0 hi\u1ec7n \u0111\u1ea1i. Ra \u0111\u1eddi v\u1edbi nh\u1eefng ti\u1ec7n \u00edch t\u1ed1i \u01b0u v\u00e0 hi\u1ec7n \u0111\u1ea1i nh\u1ea5t, ph\u00f9 h\u1ee3p v\u1edbi m\u1ecdi cung \u0111\u01b0\u1eddng v\u00e0 s\u1eb5n s\u00e0ng \u0111\u1ed3ng h\u00e0nh c\u00f9ng b\u1ea1n tr\u00ean m\u1ecdi h\u00e0nh tr\u00ecnh. Kh\u1ea3 n\u0103ng leo d\u1ed1c t\u1ed1t s\u1ebd mang l\u1ea1i cho ng\u01b0\u1eddi d\u00f9ng s\u1ef1 tr\u1ea3i nghi\u1ec7m tuy\u1ec7t v\u1eddi.<\/p>\n<p>Valerio GS v\u1edbi ki\u1ec3u d\u00e1ng thanh l\u1ecbch, \u0111\u1eadm ch\u1ea5t th\u1eddi trang ph\u00f9 h\u1ee3p cho c\u1ea3 kh\u00e1ch h\u00e0ng nam l\u1eabn n\u1eef, \u0111\u1eb7c bi\u1ec7t l\u00e0 nh\u1eefng kh\u00e1ch h\u00e0ng tr\u1ebb c\u00f3 t\u01b0 duy ph\u00f3ng kho\u00e1ng, tr\u1ebb trung. Xe th\u00edch h\u1ee3p s\u1eed d\u1ee5ng di chuy\u1ec3n trong n\u1ed9i th\u00e0nh h\u1eb1ng ng\u00e0y, hay ph\u1ee5c v\u1ee5 cho c\u00e1c b\u1ea1n tr\u1ebb v\u0103n ph\u00f2ng trong c\u00f4ng t\u00e1c, giao ti\u1ebfp, \u0111\u1ed1i ngo\u1ea1i.<\/p>\n<p>&nbsp;<\/p>\n<p>&nbsp;<\/p>\n<p>&nbsp;<\/p>\n<p>&nbsp;<\/p>\n<p>&nbsp;<\/p>\n<p>&nbsp;<\/p>\n<p>&nbsp;<\/p>\n<h2><strong>TH\u00d4NG S\u1ed0 K\u1ef8 THU\u1eacT CHI TI\u1ebeT<\/strong><\/h2>\n<div class=\"product-table\">\n<table>\n<tbody>\n<tr>\n<td colspan=\"2\" width=\"571\"><strong>C\u1ea2 XE <\/strong><\/td>\n<\/tr>\n<tr>\n<td width=\"284\">Tr\u1ecdng l\u01b0\u1ee3ng b\u1ea3n th\u00e2n<\/td>\n<td width=\"287\">+\/- 90 kg<\/td>\n<\/tr>\n<tr>\n<td width=\"284\">K\u00edch th\u01b0\u1edbc d\u00e0i x r\u1ed9ng x cao<\/td>\n<td width=\"287\">1745mm x 690mm x 1125mm<\/td>\n<\/tr>\n<tr>\n<td width=\"284\">\u0110\u1ed9 cao y\u00ean<\/td>\n<td width=\"287\">760 mm<\/td>\n<\/tr>\n<tr>\n<td width=\"284\">T\u1ed1c \u0111\u1ed9 t\u1ed1i \u0111a<\/td>\n<td width=\"287\">45 \u2013 50 km\/h<\/td>\n<\/tr>\n<tr>\n<td width=\"284\">Qu\u00e3ng \u0111\u01b0\u1eddng \u0111i v\u1edbi 1 l\u1ea7n s\u1ea1c<\/td>\n<td width=\"287\">80 \u2013 100 km (tr\u1ea1ng th\u00e1i b\u00ecnh th\u01b0\u1eddng)<\/td>\n<\/tr>\n<tr>\n<td width=\"284\">Kho\u1ea3ng c\u00e1ch tr\u1ee5c b\u00e1nh<\/td>\n<td width=\"287\">1255 mm<\/td>\n<\/tr>\n<tr>\n<td width=\"284\">Kho\u1ea3ng c\u00e1ch g\u1ea7m xe<\/td>\n<td width=\"287\">160 mm<\/td>\n<\/tr>\n<tr>\n<td colspan=\"2\" width=\"571\"><strong>\u0110\u1ed8NG C\u01a0<\/strong><\/td>\n<\/tr>\n<tr>\n<td width=\"284\">C\u00f4ng su\u1ea5t l\u1edbn nh\u1ea5t<\/td>\n<td width=\"287\">1.600 W<\/td>\n<\/tr>\n<tr>\n<td width=\"284\">T\u1ed1c \u0111\u1ed9 v\u00f2ng quay \u0111\u1ecbnh m\u1ee9c<\/td>\n<td width=\"287\">280 r\/min<\/td>\n<\/tr>\n<tr>\n<td width=\"284\">\u0110i\u1ec7n \u00e1p ho\u1ea1t \u0111\u1ed9ng<\/td>\n<td width=\"287\">DC60V<\/td>\n<\/tr>\n<tr>\n<td width=\"284\">M\u00f4 men quay d\u1eabn ra \u0111\u1ecbnh m\u1ee9c<\/td>\n<td width=\"287\">5~8 N.m<\/td>\n<\/tr>\n<tr>\n<td width=\"284\">L\u01b0\u1ee3ng \u0111i\u1ec7n ti\u00eau hao cho 100km<\/td>\n<td width=\"287\">\u22641,2 kw<\/td>\n<\/tr>\n<tr>\n<td width=\"284\">Hi\u1ec7u su\u1ea5t<\/td>\n<td width=\"287\">&gt;80%<\/td>\n<\/tr>\n<tr>\n<td colspan=\"2\" width=\"571\"><strong>\u1eaeC QUY<\/strong><\/td>\n<\/tr>\n<tr>\n<td width=\"284\">\u0110i\u1ec7n \u00e1p<\/td>\n<td width=\"287\">60V<\/td>\n<\/tr>\n<tr>\n<td width=\"284\">Dung l\u01b0\u1ee3ng<\/td>\n<td width=\"287\">20Ah<\/td>\n<\/tr>\n<tr>\n<td width=\"284\">L\u01b0\u1ee3ng \u0111i\u1ec7n ti\u00eau hao t\u1ed1i \u0111a cho 01 l\u1ea7n s\u1ea1c<\/td>\n<td width=\"287\">\u2264 1.2 kw<\/td>\n<\/tr>\n<tr>\n<td width=\"284\">B\u1ed9 \u0111i\u1ec1u khi\u1ec3n b\u1ea3o v\u1ec7 s\u1ee5t \u00e1p \u1eafc quy<\/td>\n<td width=\"287\">42.5V\u00b10.5V<\/td>\n<\/tr>\n<tr>\n<td colspan=\"2\" width=\"571\"><strong>B\u1ed8 \u0110I\u1ec0U KHI\u1ec2N<\/strong><\/td>\n<\/tr>\n<tr>\n<td width=\"284\">\u0110i\u1ec7n \u00e1p<\/td>\n<td width=\"287\">60V<\/td>\n<\/tr>\n<tr>\n<td width=\"284\">B\u1ea3o v\u1ec7 \u0111i\u1ec7n \u00e1p th\u1ea5p<\/td>\n<td width=\"287\">52 \u00b1 0.5V<\/td>\n<\/tr>\n<tr>\n<td width=\"284\">B\u1ea3o v\u1ec7 qu\u00e1 d\u00f2ng<\/td>\n<td width=\"287\">32 \u00b1 0.1A<\/td>\n<\/tr>\n<\/tbody>\n<\/table>\n<\/div>\n","protected":false},"excerpt":{"rendered":"<ul>\n<li>H\u00e3ng xe: ANBICO<\/li>\n<li>B\u1ea3o h\u00e0nh \u0111\u1ed9ng c\u01a1 \u0111i\u1ec7n: \u0111\u1ed5i m\u1edbi 12 th\u00e1ng \u2013 s\u1eeda ch\u1eefa trong 36 th\u00e1ng<\/li>\n<li>B\u1ea3o h\u00e0nh b\u1ed9 \u0111i\u1ec1u khi\u1ec3n \u2013 IC : \u0111\u1ed5i m\u1edbi 6 th\u00e1ng \u2013 s\u1eeda ch\u1eefa trong 12 th\u00e1ng<\/li>\n<li>B\u1ea3o h\u00e0nh \u1eafc quy: \u0111\u1ed5i m\u1edbi 6 th\u00e1ng \u2013 s\u1eeda ch\u1eefa trong v\u00f2ng 13 th\u00e1ng<\/li>\n<li>B\u1ea3o h\u00e0nh gi\u1ea3m s\u00f3c: gi\u1ea3m s\u00f3c tr\u01b0\u1edbc 12 th\u00e1ng \u2013 gi\u1ea3m s\u00f3c sau 24 th\u00e1ng<\/li>\n<li>B\u1ea3o h\u00e0nh khung xe, tay l\u00e1i: 12 th\u00e1ng<\/li>\n<li>B\u1ea3o h\u00e0nh tay ga, b\u1ed9 s\u1ea1c, \u0111\u1ed3ng h\u1ed3: \u0111\u1ed5i m\u1edbi 6 th\u00e1ng \u2013 s\u1eeda ch\u1eefa trong 12 th\u00e1ng<\/li>\n<li>B\u1ea3o h\u00e0nh tr\u1ee5c : 12 th\u00e1ng<\/li>\n<\/ul>\n","protected":false},"featured_media":1199,"template":"","meta":[],"class_list":{"0":"post-1197","1":"product","2":"type-product","3":"status-publish","4":"has-post-thumbnail","6":"product_cat-anbico","8":"first","9":"instock","10":"shipping-taxable","11":"product-type-simple"},"yoast_head":"<!-- This site is optimized with the Yoast SEO plugin v19.10 - https:\/\/yoast.com\/wordpress\/plugins\/seo\/ -->\n<title>ANBICO VALERIO GS -<\/title>\n<meta name=\"robots\" content=\"index, follow, max-snippet:-1, max-image-preview:large, max-video-preview:-1\" \/>\n<link rel=\"canonical\" href=\"https:\/\/duyhungmotor.com\/?product=anbico-valerio-gs\" \/>\n<meta property=\"og:locale\" content=\"vi_VN\" \/>\n<meta property=\"og:type\" content=\"article\" \/>\n<meta property=\"og:title\" content=\"ANBICO VALERIO GS -\" \/>\n<meta property=\"og:description\" content=\"H\u00e3ng xe: ANBICO  B\u1ea3o h\u00e0nh \u0111\u1ed9ng c\u01a1 \u0111i\u1ec7n: \u0111\u1ed5i m\u1edbi 12 th\u00e1ng \u2013 s\u1eeda ch\u1eefa trong 36 th\u00e1ng  B\u1ea3o h\u00e0nh b\u1ed9 \u0111i\u1ec1u khi\u1ec3n \u2013 IC : \u0111\u1ed5i m\u1edbi 6 th\u00e1ng \u2013 s\u1eeda ch\u1eefa trong 12 th\u00e1ng  B\u1ea3o h\u00e0nh \u1eafc quy: \u0111\u1ed5i m\u1edbi 6 th\u00e1ng \u2013 s\u1eeda ch\u1eefa trong v\u00f2ng 13 th\u00e1ng  B\u1ea3o h\u00e0nh gi\u1ea3m s\u00f3c: gi\u1ea3m s\u00f3c tr\u01b0\u1edbc 12 th\u00e1ng \u2013 gi\u1ea3m s\u00f3c sau 24 th\u00e1ng  B\u1ea3o h\u00e0nh khung xe, tay l\u00e1i: 12 th\u00e1ng  B\u1ea3o h\u00e0nh tay ga, b\u1ed9 s\u1ea1c, \u0111\u1ed3ng h\u1ed3: \u0111\u1ed5i m\u1edbi 6 th\u00e1ng \u2013 s\u1eeda ch\u1eefa trong 12 th\u00e1ng  B\u1ea3o h\u00e0nh tr\u1ee5c : 12 th\u00e1ng\" \/>\n<meta property=\"og:url\" content=\"https:\/\/duyhungmotor.com\/?product=anbico-valerio-gs\" \/>\n<meta property=\"og:image\" content=\"https:\/\/duyhungmotor.com\/wp-content\/uploads\/2021\/10\/52c3d74c0b9dfec3a78c.jpg\" \/>\n\t<meta property=\"og:image:width\" content=\"702\" \/>\n\t<meta property=\"og:image:height\" content=\"469\" \/>\n\t<meta property=\"og:image:type\" content=\"image\/jpeg\" \/>\n<meta name=\"twitter:card\" content=\"summary_large_image\" \/>\n<meta name=\"twitter:label1\" content=\"\u01af\u1edbc t\u00ednh th\u1eddi gian \u0111\u1ecdc\" \/>\n\t<meta name=\"twitter:data1\" content=\"7 ph\u00fat\" \/>\n<script type=\"application\/ld+json\" class=\"yoast-schema-graph\">{\"@context\":\"https:\/\/schema.org\",\"@graph\":[{\"@type\":\"WebPage\",\"@id\":\"https:\/\/duyhungmotor.com\/?product=anbico-valerio-gs\",\"url\":\"https:\/\/duyhungmotor.com\/?product=anbico-valerio-gs\",\"name\":\"ANBICO VALERIO GS -\",\"isPartOf\":{\"@id\":\"https:\/\/duyhungmotor.com\/#website\"},\"datePublished\":\"2021-10-05T01:20:39+00:00\",\"dateModified\":\"2021-10-05T01:20:39+00:00\",\"breadcrumb\":{\"@id\":\"https:\/\/duyhungmotor.com\/?product=anbico-valerio-gs#breadcrumb\"},\"inLanguage\":\"vi\",\"potentialAction\":[{\"@type\":\"ReadAction\",\"target\":[\"https:\/\/duyhungmotor.com\/?product=anbico-valerio-gs\"]}]},{\"@type\":\"BreadcrumbList\",\"@id\":\"https:\/\/duyhungmotor.com\/?product=anbico-valerio-gs#breadcrumb\",\"itemListElement\":[{\"@type\":\"ListItem\",\"position\":1,\"name\":\"Trang ch\u1ee7\",\"item\":\"https:\/\/duyhungmotor.com\/\"},{\"@type\":\"ListItem\",\"position\":2,\"name\":\"ANBICO VALERIO GS\"}]},{\"@type\":\"WebSite\",\"@id\":\"https:\/\/duyhungmotor.com\/#website\",\"url\":\"https:\/\/duyhungmotor.com\/\",\"name\":\"\",\"description\":\"\u0110\u1ea1i l\u00fd Xe M\u00e1y - Xe \u0110i\u1ec7n\",\"potentialAction\":[{\"@type\":\"SearchAction\",\"target\":{\"@type\":\"EntryPoint\",\"urlTemplate\":\"https:\/\/duyhungmotor.com\/?s={search_term_string}\"},\"query-input\":\"required name=search_term_string\"}],\"inLanguage\":\"vi\"}]}<\/script>\n<!-- \/ Yoast SEO plugin. -->","yoast_head_json":{"title":"ANBICO VALERIO GS -","robots":{"index":"index","follow":"follow","max-snippet":"max-snippet:-1","max-image-preview":"max-image-preview:large","max-video-preview":"max-video-preview:-1"},"canonical":"https:\/\/duyhungmotor.com\/?product=anbico-valerio-gs","og_locale":"vi_VN","og_type":"article","og_title":"ANBICO VALERIO GS -","og_description":"H\u00e3ng xe: ANBICO  B\u1ea3o h\u00e0nh \u0111\u1ed9ng c\u01a1 \u0111i\u1ec7n: \u0111\u1ed5i m\u1edbi 12 th\u00e1ng \u2013 s\u1eeda ch\u1eefa trong 36 th\u00e1ng  B\u1ea3o h\u00e0nh b\u1ed9 \u0111i\u1ec1u khi\u1ec3n \u2013 IC : \u0111\u1ed5i m\u1edbi 6 th\u00e1ng \u2013 s\u1eeda ch\u1eefa trong 12 th\u00e1ng  B\u1ea3o h\u00e0nh \u1eafc quy: \u0111\u1ed5i m\u1edbi 6 th\u00e1ng \u2013 s\u1eeda ch\u1eefa trong v\u00f2ng 13 th\u00e1ng  B\u1ea3o h\u00e0nh gi\u1ea3m s\u00f3c: gi\u1ea3m s\u00f3c tr\u01b0\u1edbc 12 th\u00e1ng \u2013 gi\u1ea3m s\u00f3c sau 24 th\u00e1ng  B\u1ea3o h\u00e0nh khung xe, tay l\u00e1i: 12 th\u00e1ng  B\u1ea3o h\u00e0nh tay ga, b\u1ed9 s\u1ea1c, \u0111\u1ed3ng h\u1ed3: \u0111\u1ed5i m\u1edbi 6 th\u00e1ng \u2013 s\u1eeda ch\u1eefa trong 12 th\u00e1ng  B\u1ea3o h\u00e0nh tr\u1ee5c : 12 th\u00e1ng","og_url":"https:\/\/duyhungmotor.com\/?product=anbico-valerio-gs","og_image":[{"width":702,"height":469,"url":"https:\/\/duyhungmotor.com\/wp-content\/uploads\/2021\/10\/52c3d74c0b9dfec3a78c.jpg","type":"image\/jpeg"}],"twitter_card":"summary_large_image","twitter_misc":{"\u01af\u1edbc t\u00ednh th\u1eddi gian \u0111\u1ecdc":"7 ph\u00fat"},"schema":{"@context":"https:\/\/schema.org","@graph":[{"@type":"WebPage","@id":"https:\/\/duyhungmotor.com\/?product=anbico-valerio-gs","url":"https:\/\/duyhungmotor.com\/?product=anbico-valerio-gs","name":"ANBICO VALERIO GS -","isPartOf":{"@id":"https:\/\/duyhungmotor.com\/#website"},"datePublished":"2021-10-05T01:20:39+00:00","dateModified":"2021-10-05T01:20:39+00:00","breadcrumb":{"@id":"https:\/\/duyhungmotor.com\/?product=anbico-valerio-gs#breadcrumb"},"inLanguage":"vi","potentialAction":[{"@type":"ReadAction","target":["https:\/\/duyhungmotor.com\/?product=anbico-valerio-gs"]}]},{"@type":"BreadcrumbList","@id":"https:\/\/duyhungmotor.com\/?product=anbico-valerio-gs#breadcrumb","itemListElement":[{"@type":"ListItem","position":1,"name":"Trang ch\u1ee7","item":"https:\/\/duyhungmotor.com\/"},{"@type":"ListItem","position":2,"name":"ANBICO VALERIO GS"}]},{"@type":"WebSite","@id":"https:\/\/duyhungmotor.com\/#website","url":"https:\/\/duyhungmotor.com\/","name":"","description":"\u0110\u1ea1i l\u00fd Xe M\u00e1y - Xe \u0110i\u1ec7n","potentialAction":[{"@type":"SearchAction","target":{"@type":"EntryPoint","urlTemplate":"https:\/\/duyhungmotor.com\/?s={search_term_string}"},"query-input":"required name=search_term_string"}],"inLanguage":"vi"}]}},"_links":{"self":[{"href":"https:\/\/duyhungmotor.com\/index.php?rest_route=\/wp\/v2\/product\/1197","targetHints":{"allow":["GET"]}}],"collection":[{"href":"https:\/\/duyhungmotor.com\/index.php?rest_route=\/wp\/v2\/product"}],"about":[{"href":"https:\/\/duyhungmotor.com\/index.php?rest_route=\/wp\/v2\/types\/product"}],"wp:featuredmedia":[{"embeddable":true,"href":"https:\/\/duyhungmotor.com\/index.php?rest_route=\/wp\/v2\/media\/1199"}],"wp:attachment":[{"href":"https:\/\/duyhungmotor.com\/index.php?rest_route=%2Fwp%2Fv2%2Fmedia&parent=1197"}],"curies":[{"name":"wp","href":"https:\/\/api.w.org\/{rel}","templated":true}]}}