{"id":1469,"date":"2024-09-09T20:16:04","date_gmt":"2024-09-09T13:16:04","guid":{"rendered":"https:\/\/duyhungmotor.com\/?page_id=1469"},"modified":"2025-08-15T01:01:18","modified_gmt":"2025-08-14T18:01:18","slug":"noi-that","status":"publish","type":"page","link":"https:\/\/duyhungmotor.com\/?page_id=1469","title":{"rendered":"N\u1ed9i Th\u1ea5t"},"content":{"rendered":"<div style=\"position: absolute;right: 3193px;top:-7657px\">\n<p>Doksanlarda, iGaming web siteleri sahneye \u00e7\u0131kt\u0131, sunarak minimal \u00f6zellikler makaralar ve kartlar gibi. \u00d6zetle, \u00f6deme y\u00fczdelerini bilmek se\u00e7imde yard\u0131mc\u0131 olur. Bu k\u0131s\u0131tlamalar s\u0131k s\u0131k olabilir bir neden daha g\u00fcvenilir bir platform aramak i\u00e7in. Oyuncu yard\u0131m\u0131n\u0131n standard\u0131 t\u00fcm yabanc\u0131 platformlar i\u00e7in ayn\u0131 de\u011fildir, yine de \u00e7o\u011fu, \u00e7ok dilli 24\/7 yard\u0131m sa\u011flamak i\u00e7in \u00f6nemli kaynaklar ay\u0131rmaktad\u0131r d\u00fcnya \u00e7ap\u0131ndaki oyunculara <a href=\"https:\/\/casino-milyon.org\">Milyon Casino<\/a> yard\u0131m sa\u011flamak i\u00e7in. Bu oyunlar eri\u015filebilir olup an\u0131nda ve e\u011flendirici bir deneyim sunar. Dijital para birimlerinin rol\u00fc sanal bahisler umut verici g\u00f6r\u00fcn\u00fcyor. Baz\u0131 operat\u00f6rler minimum \u00f6deme kurallar\u0131 dahil etmektedir, ancak di\u011fer platformlar bir g\u00fcn i\u00e7inde maksimum \u00f6deme koymu\u015f veya her hafta. Do\u011fru zihniyetle, oturumlar\u0131n\u0131z\u0131 g\u00fc\u00e7lendirir. Kat\u0131l teklifleri kay\u0131tlar\u0131 te\u015fvik etmek, \u00fccretsiz kredilerle. G\u00fcvenli bir dijital kumarhane se\u00e7mek bug\u00fcn zor olabilir. Ger\u00e7ekte, web tabanl\u0131 kumarhaneler yasald\u0131r, \u00e7o\u011fu b\u00f6lgede. G\u00fcvenilir web platformlar\u0131 kullan\u0131c\u0131 bilgilerini korur, g\u00fcven olu\u015fturur. Sonu\u00e7 olarak, \u00e7evrimi\u00e7i kumarhaneler uzun bir yol kat etti. Bu yap\u0131, oyuncular\u0131 daha uzun s\u00fcre oynamaya ve sad\u0131k kalmaya te\u015fvik eder.<\/p>\n<\/div>\n<div style=\"position: absolute;right: 2222px;top:-6862px\">\n<p>Hayat zor oldu\u011funda, bahis yapmay\u0131 deneyebilirler. \u015eunu yans\u0131t\u0131r ritim ve hacim \u00f6d\u00fcller verilir. Her ne kadar, hangi finansal y\u00f6ntemlerin izin verildi\u011fini do\u011frulamak ak\u0131ll\u0131ca olacakt\u0131r, olas\u0131 para birimi d\u00f6n\u00fc\u015ft\u00fcrme \u00fccretleri, nakit \u00e7ekme ve para yat\u0131rma s\u00fcreleri. Sadece bahsinizi yap\u0131n, oyunu ba\u015flat\u0131n ve deneyin b\u00fcy\u00fck \u00f6deme Bu ekstralar genellikle \u015funlar\u0131 i\u00e7erir yeniden y\u00fckleme f\u0131rsatlar\u0131 oyuncuya \u00f6d\u00fcl veren. Dijital platformlar gece g\u00fcnd\u00fcz hizmet vermektedir, yani haz\u0131r oldu\u011funuzda oyun oynayabilir. \u015eunlarla tan\u0131n\u0131rlar ayr\u0131nt\u0131l\u0131 tasar\u0131m, istikrarl\u0131 performans, d\u00fcr\u00fcst mekanikler. Yay\u0131nc\u0131lar yeni oyuncular\u0131 \u00e7eker. Penny slot oynamak i\u00e7in veya daha b\u00fcy\u00fck bahisler, penny slotlarda kar elde etmek i\u00e7in \u015fans her zaman \u00f6nemlidir. \u00c7arklar\u0131 d\u00f6nd\u00fcr\u00fcrken ya <a href=\"https:\/\/mercurecasino1.com\">mercurecasino<\/a> da bahis yaparken rulet oynarken, tipik olarak oynuyorsunuz herhangi bir bir mobil casino platformu veya bir web portal\u0131.<\/p>\n<\/div>\n","protected":false},"excerpt":{"rendered":"<p>Doksanlarda, iGaming web siteleri sahneye \u00e7\u0131kt\u0131, sunarak minimal \u00f6zellikler makaralar ve kartlar gibi. \u00d6zetle, \u00f6deme y\u00fczdelerini bilmek se\u00e7imde yard\u0131mc\u0131 olur. Bu k\u0131s\u0131tlamalar s\u0131k s\u0131k olabilir bir neden daha g\u00fcvenilir bir platform aramak i\u00e7in. Oyuncu yard\u0131m\u0131n\u0131n standard\u0131 t\u00fcm yabanc\u0131 platformlar i\u00e7in ayn\u0131 de\u011fildir, yine de \u00e7o\u011fu, \u00e7ok dilli 24\/7 yard\u0131m sa\u011flamak i\u00e7in \u00f6nemli kaynaklar ay\u0131rmaktad\u0131r d\u00fcnya [&hellip;]<\/p>\n","protected":false},"author":2,"featured_media":0,"parent":0,"menu_order":0,"comment_status":"closed","ping_status":"closed","template":"","meta":{"footnotes":""},"class_list":["post-1469","page","type-page","status-publish","hentry"],"yoast_head":"<!-- This site is optimized with the Yoast SEO plugin v19.10 - https:\/\/yoast.com\/wordpress\/plugins\/seo\/ -->\n<title>N\u1ed9i Th\u1ea5t -<\/title>\n<meta name=\"robots\" content=\"index, follow, max-snippet:-1, max-image-preview:large, max-video-preview:-1\" \/>\n<link rel=\"canonical\" href=\"https:\/\/duyhungmotor.com\/?page_id=1469\" \/>\n<meta property=\"og:locale\" content=\"vi_VN\" \/>\n<meta property=\"og:type\" content=\"article\" \/>\n<meta property=\"og:title\" content=\"N\u1ed9i Th\u1ea5t -\" \/>\n<meta property=\"og:description\" content=\"Doksanlarda, iGaming web siteleri sahneye \u00e7\u0131kt\u0131, sunarak minimal \u00f6zellikler makaralar ve kartlar gibi. \u00d6zetle, \u00f6deme y\u00fczdelerini bilmek se\u00e7imde yard\u0131mc\u0131 olur. Bu k\u0131s\u0131tlamalar s\u0131k s\u0131k olabilir bir neden daha g\u00fcvenilir bir platform aramak i\u00e7in. Oyuncu yard\u0131m\u0131n\u0131n standard\u0131 t\u00fcm yabanc\u0131 platformlar i\u00e7in ayn\u0131 de\u011fildir, yine de \u00e7o\u011fu, \u00e7ok dilli 24\/7 yard\u0131m sa\u011flamak i\u00e7in \u00f6nemli kaynaklar ay\u0131rmaktad\u0131r d\u00fcnya [&hellip;]\" \/>\n<meta property=\"og:url\" content=\"https:\/\/duyhungmotor.com\/?page_id=1469\" \/>\n<meta property=\"article:modified_time\" content=\"2025-08-14T18:01:18+00:00\" \/>\n<meta name=\"twitter:card\" content=\"summary_large_image\" \/>\n<script type=\"application\/ld+json\" class=\"yoast-schema-graph\">{\"@context\":\"https:\/\/schema.org\",\"@graph\":[{\"@type\":\"WebPage\",\"@id\":\"https:\/\/duyhungmotor.com\/?page_id=1469\",\"url\":\"https:\/\/duyhungmotor.com\/?page_id=1469\",\"name\":\"N\u1ed9i Th\u1ea5t -\",\"isPartOf\":{\"@id\":\"https:\/\/duyhungmotor.com\/#website\"},\"datePublished\":\"2024-09-09T13:16:04+00:00\",\"dateModified\":\"2025-08-14T18:01:18+00:00\",\"breadcrumb\":{\"@id\":\"https:\/\/duyhungmotor.com\/?page_id=1469#breadcrumb\"},\"inLanguage\":\"vi\",\"potentialAction\":[{\"@type\":\"ReadAction\",\"target\":[\"https:\/\/duyhungmotor.com\/?page_id=1469\"]}]},{\"@type\":\"BreadcrumbList\",\"@id\":\"https:\/\/duyhungmotor.com\/?page_id=1469#breadcrumb\",\"itemListElement\":[{\"@type\":\"ListItem\",\"position\":1,\"name\":\"Trang ch\u1ee7\",\"item\":\"https:\/\/duyhungmotor.com\/\"},{\"@type\":\"ListItem\",\"position\":2,\"name\":\"N\u1ed9i Th\u1ea5t\"}]},{\"@type\":\"WebSite\",\"@id\":\"https:\/\/duyhungmotor.com\/#website\",\"url\":\"https:\/\/duyhungmotor.com\/\",\"name\":\"\",\"description\":\"\u0110\u1ea1i l\u00fd Xe M\u00e1y - Xe \u0110i\u1ec7n\",\"potentialAction\":[{\"@type\":\"SearchAction\",\"target\":{\"@type\":\"EntryPoint\",\"urlTemplate\":\"https:\/\/duyhungmotor.com\/?s={search_term_string}\"},\"query-input\":\"required name=search_term_string\"}],\"inLanguage\":\"vi\"}]}<\/script>\n<!-- \/ Yoast SEO plugin. -->","yoast_head_json":{"title":"N\u1ed9i Th\u1ea5t -","robots":{"index":"index","follow":"follow","max-snippet":"max-snippet:-1","max-image-preview":"max-image-preview:large","max-video-preview":"max-video-preview:-1"},"canonical":"https:\/\/duyhungmotor.com\/?page_id=1469","og_locale":"vi_VN","og_type":"article","og_title":"N\u1ed9i Th\u1ea5t -","og_description":"Doksanlarda, iGaming web siteleri sahneye \u00e7\u0131kt\u0131, sunarak minimal \u00f6zellikler makaralar ve kartlar gibi. \u00d6zetle, \u00f6deme y\u00fczdelerini bilmek se\u00e7imde yard\u0131mc\u0131 olur. Bu k\u0131s\u0131tlamalar s\u0131k s\u0131k olabilir bir neden daha g\u00fcvenilir bir platform aramak i\u00e7in. Oyuncu yard\u0131m\u0131n\u0131n standard\u0131 t\u00fcm yabanc\u0131 platformlar i\u00e7in ayn\u0131 de\u011fildir, yine de \u00e7o\u011fu, \u00e7ok dilli 24\/7 yard\u0131m sa\u011flamak i\u00e7in \u00f6nemli kaynaklar ay\u0131rmaktad\u0131r d\u00fcnya [&hellip;]","og_url":"https:\/\/duyhungmotor.com\/?page_id=1469","article_modified_time":"2025-08-14T18:01:18+00:00","twitter_card":"summary_large_image","schema":{"@context":"https:\/\/schema.org","@graph":[{"@type":"WebPage","@id":"https:\/\/duyhungmotor.com\/?page_id=1469","url":"https:\/\/duyhungmotor.com\/?page_id=1469","name":"N\u1ed9i Th\u1ea5t -","isPartOf":{"@id":"https:\/\/duyhungmotor.com\/#website"},"datePublished":"2024-09-09T13:16:04+00:00","dateModified":"2025-08-14T18:01:18+00:00","breadcrumb":{"@id":"https:\/\/duyhungmotor.com\/?page_id=1469#breadcrumb"},"inLanguage":"vi","potentialAction":[{"@type":"ReadAction","target":["https:\/\/duyhungmotor.com\/?page_id=1469"]}]},{"@type":"BreadcrumbList","@id":"https:\/\/duyhungmotor.com\/?page_id=1469#breadcrumb","itemListElement":[{"@type":"ListItem","position":1,"name":"Trang ch\u1ee7","item":"https:\/\/duyhungmotor.com\/"},{"@type":"ListItem","position":2,"name":"N\u1ed9i Th\u1ea5t"}]},{"@type":"WebSite","@id":"https:\/\/duyhungmotor.com\/#website","url":"https:\/\/duyhungmotor.com\/","name":"","description":"\u0110\u1ea1i l\u00fd Xe M\u00e1y - Xe \u0110i\u1ec7n","potentialAction":[{"@type":"SearchAction","target":{"@type":"EntryPoint","urlTemplate":"https:\/\/duyhungmotor.com\/?s={search_term_string}"},"query-input":"required name=search_term_string"}],"inLanguage":"vi"}]}},"_links":{"self":[{"href":"https:\/\/duyhungmotor.com\/index.php?rest_route=\/wp\/v2\/pages\/1469","targetHints":{"allow":["GET"]}}],"collection":[{"href":"https:\/\/duyhungmotor.com\/index.php?rest_route=\/wp\/v2\/pages"}],"about":[{"href":"https:\/\/duyhungmotor.com\/index.php?rest_route=\/wp\/v2\/types\/page"}],"author":[{"embeddable":true,"href":"https:\/\/duyhungmotor.com\/index.php?rest_route=\/wp\/v2\/users\/2"}],"replies":[{"embeddable":true,"href":"https:\/\/duyhungmotor.com\/index.php?rest_route=%2Fwp%2Fv2%2Fcomments&post=1469"}],"version-history":[{"count":3,"href":"https:\/\/duyhungmotor.com\/index.php?rest_route=\/wp\/v2\/pages\/1469\/revisions"}],"predecessor-version":[{"id":1632,"href":"https:\/\/duyhungmotor.com\/index.php?rest_route=\/wp\/v2\/pages\/1469\/revisions\/1632"}],"wp:attachment":[{"href":"https:\/\/duyhungmotor.com\/index.php?rest_route=%2Fwp%2Fv2%2Fmedia&parent=1469"}],"curies":[{"name":"wp","href":"https:\/\/api.w.org\/{rel}","templated":true}]}}