{"id":131,"date":"2019-03-06T15:31:43","date_gmt":"2019-03-06T15:31:43","guid":{"rendered":"https:\/\/demosites.io\/shop\/?page_id=131"},"modified":"2019-03-06T15:31:43","modified_gmt":"2019-03-06T15:31:43","slug":"3669a-blog","status":"publish","type":"page","link":"https:\/\/duyhungmotor.com\/?page_id=131","title":{"rendered":"Blog"},"content":{"rendered":"","protected":false},"excerpt":{"rendered":"","protected":false},"author":1,"featured_media":0,"parent":0,"menu_order":0,"comment_status":"closed","ping_status":"closed","template":"page-templates\/template-pagebuilder-full-width.php","meta":{"footnotes":""},"class_list":["post-131","page","type-page","status-publish","hentry"],"yoast_head":"<!-- This site is optimized with the Yoast SEO plugin v19.10 - https:\/\/yoast.com\/wordpress\/plugins\/seo\/ -->\n<title>Blog -<\/title>\n<meta name=\"robots\" content=\"index, follow, max-snippet:-1, max-image-preview:large, max-video-preview:-1\" \/>\n<link rel=\"canonical\" href=\"https:\/\/duyhungmotor.com\/?page_id=131\" \/>\n<meta property=\"og:locale\" content=\"vi_VN\" \/>\n<meta property=\"og:type\" content=\"article\" \/>\n<meta property=\"og:title\" content=\"Blog -\" \/>\n<meta property=\"og:url\" content=\"https:\/\/duyhungmotor.com\/?page_id=131\" \/>\n<meta name=\"twitter:card\" content=\"summary_large_image\" \/>\n<script type=\"application\/ld+json\" class=\"yoast-schema-graph\">{\"@context\":\"https:\/\/schema.org\",\"@graph\":[{\"@type\":[\"WebPage\",\"CollectionPage\"],\"@id\":\"https:\/\/duyhungmotor.com\/?page_id=131\",\"url\":\"https:\/\/duyhungmotor.com\/?page_id=131\",\"name\":\"Blog -\",\"isPartOf\":{\"@id\":\"https:\/\/duyhungmotor.com\/#website\"},\"datePublished\":\"2019-03-06T15:31:43+00:00\",\"dateModified\":\"2019-03-06T15:31:43+00:00\",\"breadcrumb\":{\"@id\":\"https:\/\/duyhungmotor.com\/?page_id=131#breadcrumb\"},\"inLanguage\":\"vi\"},{\"@type\":\"BreadcrumbList\",\"@id\":\"https:\/\/duyhungmotor.com\/?page_id=131#breadcrumb\",\"itemListElement\":[{\"@type\":\"ListItem\",\"position\":1,\"name\":\"Trang ch\u1ee7\",\"item\":\"https:\/\/duyhungmotor.com\/\"},{\"@type\":\"ListItem\",\"position\":2,\"name\":\"Blog\"}]},{\"@type\":\"WebSite\",\"@id\":\"https:\/\/duyhungmotor.com\/#website\",\"url\":\"https:\/\/duyhungmotor.com\/\",\"name\":\"\",\"description\":\"\u0110\u1ea1i l\u00fd Xe M\u00e1y - Xe \u0110i\u1ec7n\",\"potentialAction\":[{\"@type\":\"SearchAction\",\"target\":{\"@type\":\"EntryPoint\",\"urlTemplate\":\"https:\/\/duyhungmotor.com\/?s={search_term_string}\"},\"query-input\":\"required name=search_term_string\"}],\"inLanguage\":\"vi\"}]}<\/script>\n<!-- \/ Yoast SEO plugin. -->","yoast_head_json":{"title":"Blog -","robots":{"index":"index","follow":"follow","max-snippet":"max-snippet:-1","max-image-preview":"max-image-preview:large","max-video-preview":"max-video-preview:-1"},"canonical":"https:\/\/duyhungmotor.com\/?page_id=131","og_locale":"vi_VN","og_type":"article","og_title":"Blog -","og_url":"https:\/\/duyhungmotor.com\/?page_id=131","twitter_card":"summary_large_image","schema":{"@context":"https:\/\/schema.org","@graph":[{"@type":["WebPage","CollectionPage"],"@id":"https:\/\/duyhungmotor.com\/?page_id=131","url":"https:\/\/duyhungmotor.com\/?page_id=131","name":"Blog -","isPartOf":{"@id":"https:\/\/duyhungmotor.com\/#website"},"datePublished":"2019-03-06T15:31:43+00:00","dateModified":"2019-03-06T15:31:43+00:00","breadcrumb":{"@id":"https:\/\/duyhungmotor.com\/?page_id=131#breadcrumb"},"inLanguage":"vi"},{"@type":"BreadcrumbList","@id":"https:\/\/duyhungmotor.com\/?page_id=131#breadcrumb","itemListElement":[{"@type":"ListItem","position":1,"name":"Trang ch\u1ee7","item":"https:\/\/duyhungmotor.com\/"},{"@type":"ListItem","position":2,"name":"Blog"}]},{"@type":"WebSite","@id":"https:\/\/duyhungmotor.com\/#website","url":"https:\/\/duyhungmotor.com\/","name":"","description":"\u0110\u1ea1i l\u00fd Xe M\u00e1y - Xe \u0110i\u1ec7n","potentialAction":[{"@type":"SearchAction","target":{"@type":"EntryPoint","urlTemplate":"https:\/\/duyhungmotor.com\/?s={search_term_string}"},"query-input":"required name=search_term_string"}],"inLanguage":"vi"}]}},"_links":{"self":[{"href":"https:\/\/duyhungmotor.com\/index.php?rest_route=\/wp\/v2\/pages\/131","targetHints":{"allow":["GET"]}}],"collection":[{"href":"https:\/\/duyhungmotor.com\/index.php?rest_route=\/wp\/v2\/pages"}],"about":[{"href":"https:\/\/duyhungmotor.com\/index.php?rest_route=\/wp\/v2\/types\/page"}],"author":[{"embeddable":true,"href":"https:\/\/duyhungmotor.com\/index.php?rest_route=\/wp\/v2\/users\/1"}],"replies":[{"embeddable":true,"href":"https:\/\/duyhungmotor.com\/index.php?rest_route=%2Fwp%2Fv2%2Fcomments&post=131"}],"version-history":[{"count":0,"href":"https:\/\/duyhungmotor.com\/index.php?rest_route=\/wp\/v2\/pages\/131\/revisions"}],"wp:attachment":[{"href":"https:\/\/duyhungmotor.com\/index.php?rest_route=%2Fwp%2Fv2%2Fmedia&parent=131"}],"curies":[{"name":"wp","href":"https:\/\/api.w.org\/{rel}","templated":true}]}}