{"id":120,"date":"2019-03-06T14:42:42","date_gmt":"2019-03-06T14:42:42","guid":{"rendered":"https:\/\/demosites.io\/shop\/?page_id=120"},"modified":"2020-11-25T14:18:47","modified_gmt":"2020-11-25T07:18:47","slug":"3669a-about-us","status":"publish","type":"page","link":"https:\/\/duyhungmotor.com\/?page_id=120","title":{"rendered":"gi\u1edbi thi\u1ec7u"},"content":{"rendered":"\t\t<div data-elementor-type=\"wp-post\" data-elementor-id=\"120\" class=\"elementor elementor-120\" data-elementor-settings=\"[]\">\n\t\t\t<div class=\"elementor-inner\">\n\t\t\t\t<div class=\"elementor-section-wrap\">\n\t\t\t\t\t\t\t<section class=\"elementor-element elementor-element-b17a677 elementor-section-boxed elementor-section-height-default elementor-section-height-default elementor-section elementor-top-section\" data-id=\"b17a677\" data-element_type=\"section\" data-settings=\"{&quot;background_background&quot;:&quot;gradient&quot;}\">\n\t\t\t\t\t\t<div class=\"elementor-container elementor-column-gap-default\">\n\t\t\t\t<div class=\"elementor-row\">\n\t\t\t\t<div class=\"elementor-element elementor-element-8297010 elementor-column elementor-col-100 elementor-top-column\" data-id=\"8297010\" data-element_type=\"column\">\n\t\t\t<div class=\"elementor-column-wrap  elementor-element-populated\">\n\t\t\t\t\t<div class=\"elementor-widget-wrap\">\n\t\t\t\t<div class=\"elementor-element elementor-element-a38ced5 elementor-widget elementor-widget-gallery\" data-id=\"a38ced5\" data-element_type=\"widget\" data-settings=\"{&quot;columns&quot;:5,&quot;lazyload&quot;:&quot;yes&quot;,&quot;gallery_layout&quot;:&quot;grid&quot;,&quot;columns_tablet&quot;:2,&quot;columns_mobile&quot;:1,&quot;gap&quot;:{&quot;unit&quot;:&quot;px&quot;,&quot;size&quot;:10,&quot;sizes&quot;:[]},&quot;gap_tablet&quot;:{&quot;unit&quot;:&quot;px&quot;,&quot;size&quot;:10,&quot;sizes&quot;:[]},&quot;gap_mobile&quot;:{&quot;unit&quot;:&quot;px&quot;,&quot;size&quot;:10,&quot;sizes&quot;:[]},&quot;link_to&quot;:&quot;file&quot;,&quot;aspect_ratio&quot;:&quot;3:2&quot;,&quot;overlay_background&quot;:&quot;yes&quot;,&quot;content_hover_animation&quot;:&quot;fade-in&quot;}\" data-widget_type=\"gallery.default\">\n\t\t\t\t<div class=\"elementor-widget-container\">\n\t\t\t\t\t<div class=\"elementor-gallery__container\">\n\t\t\t\t\t\t\t<a class=\"e-gallery-item elementor-gallery-item elementor-animated-content\" href=\"https:\/\/duyhungmotor.com\/wp-content\/uploads\/2020\/11\/z2193494731419_5e87dabb816b28de410b40eca1e66337.jpg\" data-elementor-open-lightbox=\"yes\" data-elementor-lightbox-slideshow=\"all-a38ced5\" data-elementor-lightbox-title=\"z2193494731419_5e87dabb816b28de410b40eca1e66337\">\n\t\t\t\t\t<div class=\"e-gallery-image elementor-gallery-item__image\" data-thumbnail=\"https:\/\/duyhungmotor.com\/wp-content\/uploads\/2020\/11\/z2193494731419_5e87dabb816b28de410b40eca1e66337.jpg\" data-width=\"2560\" data-height=\"2560\" alt=\"\" ><\/div>\n\t\t\t\t\t\t\t\t\t\t<div class=\"elementor-gallery-item__overlay\"><\/div>\n\t\t\t\t\t\t\t\t\t\t\t\t\t\t<\/a>\n\t\t\t\t\t\t\t<a class=\"e-gallery-item elementor-gallery-item elementor-animated-content\" href=\"https:\/\/duyhungmotor.com\/wp-content\/uploads\/2020\/11\/z2193494732657_eb0c8a4e0f70079cde30af4aa1016b54.jpg\" data-elementor-open-lightbox=\"yes\" data-elementor-lightbox-slideshow=\"all-a38ced5\" data-elementor-lightbox-title=\"z2193494732657_eb0c8a4e0f70079cde30af4aa1016b54\">\n\t\t\t\t\t<div class=\"e-gallery-image elementor-gallery-item__image\" data-thumbnail=\"https:\/\/duyhungmotor.com\/wp-content\/uploads\/2020\/11\/z2193494732657_eb0c8a4e0f70079cde30af4aa1016b54.jpg\" data-width=\"2560\" data-height=\"2560\" alt=\"\" ><\/div>\n\t\t\t\t\t\t\t\t\t\t<div class=\"elementor-gallery-item__overlay\"><\/div>\n\t\t\t\t\t\t\t\t\t\t\t\t\t\t<\/a>\n\t\t\t\t\t\t\t<a class=\"e-gallery-item elementor-gallery-item elementor-animated-content\" href=\"https:\/\/duyhungmotor.com\/wp-content\/uploads\/2020\/11\/z2193494732860_3685065a9b4c3516afb08e21f8fac41d.jpg\" data-elementor-open-lightbox=\"yes\" data-elementor-lightbox-slideshow=\"all-a38ced5\" data-elementor-lightbox-title=\"z2193494732860_3685065a9b4c3516afb08e21f8fac41d\">\n\t\t\t\t\t<div class=\"e-gallery-image elementor-gallery-item__image\" data-thumbnail=\"https:\/\/duyhungmotor.com\/wp-content\/uploads\/2020\/11\/z2193494732860_3685065a9b4c3516afb08e21f8fac41d.jpg\" data-width=\"2560\" data-height=\"2560\" alt=\"\" ><\/div>\n\t\t\t\t\t\t\t\t\t\t<div class=\"elementor-gallery-item__overlay\"><\/div>\n\t\t\t\t\t\t\t\t\t\t\t\t\t\t<\/a>\n\t\t\t\t\t\t\t<a class=\"e-gallery-item elementor-gallery-item elementor-animated-content\" href=\"https:\/\/duyhungmotor.com\/wp-content\/uploads\/2020\/11\/z2193494734966_e54ceb5c946d628a782a1d62e95517d1-scaled.jpg\" data-elementor-open-lightbox=\"yes\" data-elementor-lightbox-slideshow=\"all-a38ced5\" data-elementor-lightbox-title=\"z2193494734966_e54ceb5c946d628a782a1d62e95517d1\">\n\t\t\t\t\t<div class=\"e-gallery-image elementor-gallery-item__image\" data-thumbnail=\"https:\/\/duyhungmotor.com\/wp-content\/uploads\/2020\/11\/z2193494734966_e54ceb5c946d628a782a1d62e95517d1-scaled.jpg\" data-width=\"2560\" data-height=\"1920\" alt=\"\" ><\/div>\n\t\t\t\t\t\t\t\t\t\t<div class=\"elementor-gallery-item__overlay\"><\/div>\n\t\t\t\t\t\t\t\t\t\t\t\t\t\t<\/a>\n\t\t\t\t\t\t\t<a class=\"e-gallery-item elementor-gallery-item elementor-animated-content\" href=\"https:\/\/duyhungmotor.com\/wp-content\/uploads\/2020\/11\/z2193494735453_3cb3408b950dfa1440c51a50dc99e501.jpg\" data-elementor-open-lightbox=\"yes\" data-elementor-lightbox-slideshow=\"all-a38ced5\" data-elementor-lightbox-title=\"z2193494735453_3cb3408b950dfa1440c51a50dc99e501\">\n\t\t\t\t\t<div class=\"e-gallery-image elementor-gallery-item__image\" data-thumbnail=\"https:\/\/duyhungmotor.com\/wp-content\/uploads\/2020\/11\/z2193494735453_3cb3408b950dfa1440c51a50dc99e501.jpg\" data-width=\"2560\" data-height=\"2560\" alt=\"\" ><\/div>\n\t\t\t\t\t\t\t\t\t\t<div class=\"elementor-gallery-item__overlay\"><\/div>\n\t\t\t\t\t\t\t\t\t\t\t\t\t\t<\/a>\n\t\t\t\t\t\t\t<a class=\"e-gallery-item elementor-gallery-item elementor-animated-content\" href=\"https:\/\/duyhungmotor.com\/wp-content\/uploads\/2020\/11\/z2193494736344_9663662b82838ee5cf2e4d25bf7b8287.jpg\" data-elementor-open-lightbox=\"yes\" data-elementor-lightbox-slideshow=\"all-a38ced5\" data-elementor-lightbox-title=\"z2193494736344_9663662b82838ee5cf2e4d25bf7b8287\">\n\t\t\t\t\t<div class=\"e-gallery-image elementor-gallery-item__image\" data-thumbnail=\"https:\/\/duyhungmotor.com\/wp-content\/uploads\/2020\/11\/z2193494736344_9663662b82838ee5cf2e4d25bf7b8287.jpg\" data-width=\"2560\" data-height=\"2560\" alt=\"\" ><\/div>\n\t\t\t\t\t\t\t\t\t\t<div class=\"elementor-gallery-item__overlay\"><\/div>\n\t\t\t\t\t\t\t\t\t\t\t\t\t\t<\/a>\n\t\t\t\t\t\t\t<a class=\"e-gallery-item elementor-gallery-item elementor-animated-content\" href=\"https:\/\/duyhungmotor.com\/wp-content\/uploads\/2020\/11\/z2193494737050_753b52827c4c8144a8e9f7d5b3eb5af6.jpg\" data-elementor-open-lightbox=\"yes\" data-elementor-lightbox-slideshow=\"all-a38ced5\" data-elementor-lightbox-title=\"z2193494737050_753b52827c4c8144a8e9f7d5b3eb5af6\">\n\t\t\t\t\t<div class=\"e-gallery-image elementor-gallery-item__image\" data-thumbnail=\"https:\/\/duyhungmotor.com\/wp-content\/uploads\/2020\/11\/z2193494737050_753b52827c4c8144a8e9f7d5b3eb5af6.jpg\" data-width=\"2160\" data-height=\"2160\" alt=\"\" ><\/div>\n\t\t\t\t\t\t\t\t\t\t<div class=\"elementor-gallery-item__overlay\"><\/div>\n\t\t\t\t\t\t\t\t\t\t\t\t\t\t<\/a>\n\t\t\t\t\t\t\t<a class=\"e-gallery-item elementor-gallery-item elementor-animated-content\" href=\"https:\/\/duyhungmotor.com\/wp-content\/uploads\/2020\/11\/z2193494740096_4adc3a25689e52d7d77a7bee4de2f141.jpg\" data-elementor-open-lightbox=\"yes\" data-elementor-lightbox-slideshow=\"all-a38ced5\" data-elementor-lightbox-title=\"z2193494740096_4adc3a25689e52d7d77a7bee4de2f141\">\n\t\t\t\t\t<div class=\"e-gallery-image elementor-gallery-item__image\" data-thumbnail=\"https:\/\/duyhungmotor.com\/wp-content\/uploads\/2020\/11\/z2193494740096_4adc3a25689e52d7d77a7bee4de2f141.jpg\" data-width=\"2160\" data-height=\"2160\" alt=\"\" ><\/div>\n\t\t\t\t\t\t\t\t\t\t<div class=\"elementor-gallery-item__overlay\"><\/div>\n\t\t\t\t\t\t\t\t\t\t\t\t\t\t<\/a>\n\t\t\t\t\t\t\t<a class=\"e-gallery-item elementor-gallery-item elementor-animated-content\" href=\"https:\/\/duyhungmotor.com\/wp-content\/uploads\/2020\/11\/z2193494740101_83ae0eb58ce1866e65d825daea4d5ca1.jpg\" data-elementor-open-lightbox=\"yes\" data-elementor-lightbox-slideshow=\"all-a38ced5\" data-elementor-lightbox-title=\"z2193494740101_83ae0eb58ce1866e65d825daea4d5ca1\">\n\t\t\t\t\t<div class=\"e-gallery-image elementor-gallery-item__image\" data-thumbnail=\"https:\/\/duyhungmotor.com\/wp-content\/uploads\/2020\/11\/z2193494740101_83ae0eb58ce1866e65d825daea4d5ca1.jpg\" data-width=\"2560\" data-height=\"2560\" alt=\"\" ><\/div>\n\t\t\t\t\t\t\t\t\t\t<div class=\"elementor-gallery-item__overlay\"><\/div>\n\t\t\t\t\t\t\t\t\t\t\t\t\t\t<\/a>\n\t\t\t\t\t\t\t<a class=\"e-gallery-item elementor-gallery-item elementor-animated-content\" href=\"https:\/\/duyhungmotor.com\/wp-content\/uploads\/2020\/11\/z2162259072586_195caec03995c7047aa7fc38743d18d3.jpg\" data-elementor-open-lightbox=\"yes\" data-elementor-lightbox-slideshow=\"all-a38ced5\" data-elementor-lightbox-title=\"z2162259072586_195caec03995c7047aa7fc38743d18d3\">\n\t\t\t\t\t<div class=\"e-gallery-image elementor-gallery-item__image\" data-thumbnail=\"https:\/\/duyhungmotor.com\/wp-content\/uploads\/2020\/11\/z2162259072586_195caec03995c7047aa7fc38743d18d3.jpg\" data-width=\"1197\" data-height=\"898\" alt=\"\" ><\/div>\n\t\t\t\t\t\t\t\t\t\t<div class=\"elementor-gallery-item__overlay\"><\/div>\n\t\t\t\t\t\t\t\t\t\t\t\t\t\t<\/a>\n\t\t\t\t\t<\/div>\n\t\t\t<\/div>\n\t\t\t\t<\/div>\n\t\t\t\t\t\t<\/div>\n\t\t\t<\/div>\n\t\t<\/div>\n\t\t\t\t\t\t<\/div>\n\t\t\t<\/div>\n\t\t<\/section>\n\t\t\t\t<section class=\"elementor-element elementor-element-67621a8 elementor-section-boxed elementor-section-height-default elementor-section-height-default elementor-section elementor-top-section\" data-id=\"67621a8\" data-element_type=\"section\">\n\t\t\t\t\t\t<div class=\"elementor-container elementor-column-gap-default\">\n\t\t\t\t<div class=\"elementor-row\">\n\t\t\t\t<div class=\"elementor-element elementor-element-a619b02 elementor-column elementor-col-100 elementor-top-column\" data-id=\"a619b02\" data-element_type=\"column\">\n\t\t\t<div class=\"elementor-column-wrap  elementor-element-populated\">\n\t\t\t\t\t<div class=\"elementor-widget-wrap\">\n\t\t\t\t<div class=\"elementor-element elementor-element-a34d3ec elementor-widget elementor-widget-text-editor\" data-id=\"a34d3ec\" data-element_type=\"widget\" data-widget_type=\"text-editor.default\">\n\t\t\t\t<div class=\"elementor-widget-container\">\n\t\t\t\t\t<div class=\"elementor-text-editor elementor-clearfix\"><p><span style=\"color: #333333;\"><em><span style=\"color: #ff0000;\"><strong>Duy H\u00f9ng<\/strong><\/span> &#8211; T\u1ef1 h\u00e0o l\u00e0 th\u01b0\u01a1ng hi\u1ec7u \u0111\u00e3 t\u1ed3n t\u1ea1i 20 n\u0103m tr\u00ean th\u1ecb tr\u01b0\u1eddng xe m\u00e1y xe \u0111i\u1ec7n c\u1ee7a t\u1ec9nh Ph\u00fa Th\u1ecd<\/em><\/span><\/p><p><span style=\"color: #333333;\"><em>Su\u1ed1t t\u1eeb bao n\u0103m qua <span style=\"color: #ff0000;\"><strong>Duy H\u00f9ng<\/strong><\/span> lu\u00f4n lu\u00f4n h\u01b0\u1edbng \u0111\u1ebfn l\u00e0 th\u01b0\u01a1ng hi\u1ec7u th\u00e2n thi\u1ec7n v\u1edbi t\u1ea5t c\u1ea3 c\u00e1c kh\u00e1ch h\u00e0ng l\u00e0 ng\u01b0\u1eddi b\u1ea1n \u0111\u1ed3ng h\u00e0nh tr\u00ean h\u00e0nh tr\u00ecnh c\u1ee7a qu\u00fd kh\u00e1ch. \u1ede \u0111\u00e2y ch\u00fang t\u00f4i ph\u1ee5c v\u1ee5 qu\u00fd kh\u00e1ch t\u1eeb t\u00e2m coi kh\u00e1ch h\u00e0ng nh\u01b0 ng\u01b0\u1eddi th\u00e2n \u0111\u1ec3 ti\u1ebfp \u0111\u00f3n v\u00e0 \u0111\u1ec3 th\u1ea5u hi\u1ec3u \u0111\u01b0\u1ee3c nh\u1eefng kh\u00fac m\u1eafc , kh\u00f3 kh\u0103n c\u1ee7a t\u1eebng kh\u00e1ch h\u00e0ng .<\/em><\/span><\/p><p><span style=\"color: #333333;\"><em><span style=\"color: #ff0000;\"><strong>Duy H\u00f9ng<\/strong><\/span> ch\u00fang t\u00f4i l\u00e0 \u0111\u1ea1i l\u00fd c\u1ea5p 1 l\u1edbn nh\u1ea5t t\u1ec9nh Ph\u00fa Th\u1ecd chuy\u00ean ph\u00e2n ph\u1ed1i c\u00e1c d\u00f2ng xe ch\u00ednh h\u00e3ng nh\u01b0 Honda , Yamaha , SYM \u0111\u1ebfn c\u00e1c d\u00f2ng xe \u0111i\u1ec7n Vinfast , Anbico , v\u00e0 m\u1eabu xe 50cc nh\u01b0 Detech , Vi\u1ec7t Nh\u1eadt\u2026\u2026.\u0110\u1ebfn v\u1edbi Duy H\u00f9ng c\u00e1c qu\u00fd kh\u00e1ch h\u00e0ng s\u1ebd ho\u00e0n to\u00e0n y\u00ean t\u00e2m v\u1ec1 ch\u1ea5t l\u01b0\u1ee3ng xe , ngu\u1ed3n g\u1ed1c su\u1ea5t x\u1ee9 , gi\u00e1 th\u00e0nh ph\u1ea3i ch\u0103ng v\u00e0 d\u1ecbch v\u1ee5 sau b\u00e1n h\u00e0ng chuy\u00ean nghi\u1ec7p h\u1ed7 tr\u1ee3 tr\u00ean m\u1ecdi n\u1ebbo \u0111\u01b0\u1eddng<\/em><\/span><\/p><p><span style=\"color: #333333;\"><em>V\u1edbi m\u1ea1ng l\u01b0\u1edbi h\u01a1n 10 \u0111\u1ea1i l\u00fd ph\u1ee5c v\u1ee5 chuy\u00ean nghi\u1ec7p tr\u00ean kh\u1eafp c\u00e1c huy\u1ec7n t\u1eeb L\u00e2m Thao , Ph\u00f9 Ninh \u0111\u1ebfn Thanh Ba , Thanh S\u01a1n,\u2026.thu\u1ed9c t\u1ec9nh Ph\u00fa Th\u1ecd v\u00e0 h\u01a1n 100 nh\u00e2n vi\u00ean c\u1ee7a h\u1ec7 th\u1ed1ng lu\u00f4n \u0111\u1ea3m b\u1ea3o s\u1ef1 thu\u1eadn ti\u1ec7n trong qu\u00e1 tr\u00ecnh b\u1ea3o h\u00e0nh v\u00e0 s\u1eeda ch\u1eefa c\u1ee7a qu\u00fd kh\u00e1ch . Ph\u1ee5 t\u00f9ng ch\u00ednh h\u00e3ng 100% nh\u1eadp t\u1eeb c\u00e1c nh\u00e0 m\u00e1y s\u1ea3n xu\u1ea5t xe , \u0111\u1ed9i ng\u0169 k\u0129 thu\u1eadt l\u00e0nh ngh\u1ec1 l\u00e2u n\u0103m , khi \u0111\u1ebfn v\u1edbi h\u1ec7 th\u1ed1ng DUY H\u00d9NG l\u00e0 kh\u00e1ch h\u00e0ng \u0111\u00e3 c\u00f3 th\u1ec3 ho\u00e0n to\u00e0n tin t\u01b0\u1edfng v\u00e0o ch\u1ea5t l\u01b0\u1ee3ng \u0111\u01b0\u1ee3c nh\u1eadn l\u1ea1i ho\u00e0n to\u00e0n x\u1ee9ng \u0111\u00e1ng<\/em><\/span><\/p><p><span style=\"color: #333333;\"><em><span style=\"color: #ff0000;\"><strong>Duy H\u00f9ng &#8211; LI\u00caN T\u1ee4C TI\u1ebeN L\u00caN !<\/strong><\/span> l\u00e0 kh\u1ea9u hi\u1ec7u m\u1edbi c\u1ee7a t\u1ea5t c\u1ea3 c\u00e1c c\u00e1n b\u1ed9 nh\u00e2n vi\u00ean tr\u00ean to\u00e0n h\u1ec7 th\u1ed1ng nh\u1eafc nh\u1edf ch\u00fang t\u00f4i lu\u00f4n lu\u00f4n n\u1ed7 l\u1ef1c t\u1eebng ng\u00e0y t\u1eebng gi\u1edd \u0111\u1ec3 mang \u0111\u1ebfn cho c\u00e1c qu\u00fd kh\u00e1ch h\u00e0ng nh\u1eefng gi\u00e1 tr\u1ecb d\u1ecbch v\u1ee5 ng\u00e0y m\u1ed9t tuy\u1ec7t v\u1eddi h\u01a1n v\u00e0 \u0111\u1ea1t \u0111\u01b0\u1ee3c s\u1ef1 k\u1ef3 v\u1ecdng c\u1ee7a c\u00e1c qu\u00fd kh\u00e1ch h\u00e0ng \u0111\u00e3 tin t\u01b0\u1edfng v\u00e0 \u1ee7ng h\u1ed9 ch\u00fang t\u00f4i trong su\u1ed1t 20 n\u0103m v\u1eeba qua !<\/em><\/span><\/p><\/div>\n\t\t\t\t<\/div>\n\t\t\t\t<\/div>\n\t\t\t\t\t\t<\/div>\n\t\t\t<\/div>\n\t\t<\/div>\n\t\t\t\t\t\t<\/div>\n\t\t\t<\/div>\n\t\t<\/section>\n\t\t\t\t\t\t<\/div>\n\t\t\t<\/div>\n\t\t<\/div>\n\t\t","protected":false},"excerpt":{"rendered":"<p>Duy H\u00f9ng &#8211; T\u1ef1 h\u00e0o l\u00e0 th\u01b0\u01a1ng hi\u1ec7u \u0111\u00e3 t\u1ed3n t\u1ea1i 20 n\u0103m tr\u00ean th\u1ecb tr\u01b0\u1eddng xe m\u00e1y xe \u0111i\u1ec7n c\u1ee7a t\u1ec9nh Ph\u00fa Th\u1ecd Su\u1ed1t t\u1eeb bao n\u0103m qua Duy H\u00f9ng lu\u00f4n lu\u00f4n h\u01b0\u1edbng \u0111\u1ebfn l\u00e0 th\u01b0\u01a1ng hi\u1ec7u th\u00e2n thi\u1ec7n v\u1edbi t\u1ea5t c\u1ea3 c\u00e1c kh\u00e1ch h\u00e0ng l\u00e0 ng\u01b0\u1eddi b\u1ea1n \u0111\u1ed3ng h\u00e0nh tr\u00ean h\u00e0nh tr\u00ecnh c\u1ee7a [&hellip;]<\/p>\n","protected":false},"author":1,"featured_media":0,"parent":0,"menu_order":0,"comment_status":"closed","ping_status":"closed","template":"","meta":{"footnotes":""},"class_list":["post-120","page","type-page","status-publish","hentry"],"yoast_head":"<!-- This site is optimized with the Yoast SEO plugin v19.10 - https:\/\/yoast.com\/wordpress\/plugins\/seo\/ -->\n<title>gi\u1edbi thi\u1ec7u -<\/title>\n<meta name=\"robots\" content=\"index, follow, max-snippet:-1, max-image-preview:large, max-video-preview:-1\" \/>\n<link rel=\"canonical\" href=\"https:\/\/duyhungmotor.com\/?page_id=120\" \/>\n<meta property=\"og:locale\" content=\"vi_VN\" \/>\n<meta property=\"og:type\" content=\"article\" \/>\n<meta property=\"og:title\" content=\"gi\u1edbi thi\u1ec7u -\" \/>\n<meta property=\"og:description\" content=\"Duy H\u00f9ng &#8211; T\u1ef1 h\u00e0o l\u00e0 th\u01b0\u01a1ng hi\u1ec7u \u0111\u00e3 t\u1ed3n t\u1ea1i 20 n\u0103m tr\u00ean th\u1ecb tr\u01b0\u1eddng xe m\u00e1y xe \u0111i\u1ec7n c\u1ee7a t\u1ec9nh Ph\u00fa Th\u1ecd Su\u1ed1t t\u1eeb bao n\u0103m qua Duy H\u00f9ng lu\u00f4n lu\u00f4n h\u01b0\u1edbng \u0111\u1ebfn l\u00e0 th\u01b0\u01a1ng hi\u1ec7u th\u00e2n thi\u1ec7n v\u1edbi t\u1ea5t c\u1ea3 c\u00e1c kh\u00e1ch h\u00e0ng l\u00e0 ng\u01b0\u1eddi b\u1ea1n \u0111\u1ed3ng h\u00e0nh tr\u00ean h\u00e0nh tr\u00ecnh c\u1ee7a [&hellip;]\" \/>\n<meta property=\"og:url\" content=\"https:\/\/duyhungmotor.com\/?page_id=120\" \/>\n<meta property=\"article:modified_time\" content=\"2020-11-25T07:18:47+00:00\" \/>\n<meta name=\"twitter:card\" content=\"summary_large_image\" \/>\n<meta name=\"twitter:label1\" content=\"\u01af\u1edbc t\u00ednh th\u1eddi gian \u0111\u1ecdc\" \/>\n\t<meta name=\"twitter:data1\" content=\"3 ph\u00fat\" \/>\n<script type=\"application\/ld+json\" class=\"yoast-schema-graph\">{\"@context\":\"https:\/\/schema.org\",\"@graph\":[{\"@type\":\"WebPage\",\"@id\":\"https:\/\/duyhungmotor.com\/?page_id=120\",\"url\":\"https:\/\/duyhungmotor.com\/?page_id=120\",\"name\":\"gi\u1edbi thi\u1ec7u -\",\"isPartOf\":{\"@id\":\"https:\/\/duyhungmotor.com\/#website\"},\"datePublished\":\"2019-03-06T14:42:42+00:00\",\"dateModified\":\"2020-11-25T07:18:47+00:00\",\"breadcrumb\":{\"@id\":\"https:\/\/duyhungmotor.com\/?page_id=120#breadcrumb\"},\"inLanguage\":\"vi\",\"potentialAction\":[{\"@type\":\"ReadAction\",\"target\":[\"https:\/\/duyhungmotor.com\/?page_id=120\"]}]},{\"@type\":\"BreadcrumbList\",\"@id\":\"https:\/\/duyhungmotor.com\/?page_id=120#breadcrumb\",\"itemListElement\":[{\"@type\":\"ListItem\",\"position\":1,\"name\":\"Trang ch\u1ee7\",\"item\":\"https:\/\/duyhungmotor.com\/\"},{\"@type\":\"ListItem\",\"position\":2,\"name\":\"gi\u1edbi thi\u1ec7u\"}]},{\"@type\":\"WebSite\",\"@id\":\"https:\/\/duyhungmotor.com\/#website\",\"url\":\"https:\/\/duyhungmotor.com\/\",\"name\":\"\",\"description\":\"\u0110\u1ea1i l\u00fd Xe M\u00e1y - Xe \u0110i\u1ec7n\",\"potentialAction\":[{\"@type\":\"SearchAction\",\"target\":{\"@type\":\"EntryPoint\",\"urlTemplate\":\"https:\/\/duyhungmotor.com\/?s={search_term_string}\"},\"query-input\":\"required name=search_term_string\"}],\"inLanguage\":\"vi\"}]}<\/script>\n<!-- \/ Yoast SEO plugin. -->","yoast_head_json":{"title":"gi\u1edbi thi\u1ec7u -","robots":{"index":"index","follow":"follow","max-snippet":"max-snippet:-1","max-image-preview":"max-image-preview:large","max-video-preview":"max-video-preview:-1"},"canonical":"https:\/\/duyhungmotor.com\/?page_id=120","og_locale":"vi_VN","og_type":"article","og_title":"gi\u1edbi thi\u1ec7u -","og_description":"Duy H\u00f9ng &#8211; T\u1ef1 h\u00e0o l\u00e0 th\u01b0\u01a1ng hi\u1ec7u \u0111\u00e3 t\u1ed3n t\u1ea1i 20 n\u0103m tr\u00ean th\u1ecb tr\u01b0\u1eddng xe m\u00e1y xe \u0111i\u1ec7n c\u1ee7a t\u1ec9nh Ph\u00fa Th\u1ecd Su\u1ed1t t\u1eeb bao n\u0103m qua Duy H\u00f9ng lu\u00f4n lu\u00f4n h\u01b0\u1edbng \u0111\u1ebfn l\u00e0 th\u01b0\u01a1ng hi\u1ec7u th\u00e2n thi\u1ec7n v\u1edbi t\u1ea5t c\u1ea3 c\u00e1c kh\u00e1ch h\u00e0ng l\u00e0 ng\u01b0\u1eddi b\u1ea1n \u0111\u1ed3ng h\u00e0nh tr\u00ean h\u00e0nh tr\u00ecnh c\u1ee7a [&hellip;]","og_url":"https:\/\/duyhungmotor.com\/?page_id=120","article_modified_time":"2020-11-25T07:18:47+00:00","twitter_card":"summary_large_image","twitter_misc":{"\u01af\u1edbc t\u00ednh th\u1eddi gian \u0111\u1ecdc":"3 ph\u00fat"},"schema":{"@context":"https:\/\/schema.org","@graph":[{"@type":"WebPage","@id":"https:\/\/duyhungmotor.com\/?page_id=120","url":"https:\/\/duyhungmotor.com\/?page_id=120","name":"gi\u1edbi thi\u1ec7u -","isPartOf":{"@id":"https:\/\/duyhungmotor.com\/#website"},"datePublished":"2019-03-06T14:42:42+00:00","dateModified":"2020-11-25T07:18:47+00:00","breadcrumb":{"@id":"https:\/\/duyhungmotor.com\/?page_id=120#breadcrumb"},"inLanguage":"vi","potentialAction":[{"@type":"ReadAction","target":["https:\/\/duyhungmotor.com\/?page_id=120"]}]},{"@type":"BreadcrumbList","@id":"https:\/\/duyhungmotor.com\/?page_id=120#breadcrumb","itemListElement":[{"@type":"ListItem","position":1,"name":"Trang ch\u1ee7","item":"https:\/\/duyhungmotor.com\/"},{"@type":"ListItem","position":2,"name":"gi\u1edbi thi\u1ec7u"}]},{"@type":"WebSite","@id":"https:\/\/duyhungmotor.com\/#website","url":"https:\/\/duyhungmotor.com\/","name":"","description":"\u0110\u1ea1i l\u00fd Xe M\u00e1y - Xe \u0110i\u1ec7n","potentialAction":[{"@type":"SearchAction","target":{"@type":"EntryPoint","urlTemplate":"https:\/\/duyhungmotor.com\/?s={search_term_string}"},"query-input":"required name=search_term_string"}],"inLanguage":"vi"}]}},"_links":{"self":[{"href":"https:\/\/duyhungmotor.com\/index.php?rest_route=\/wp\/v2\/pages\/120","targetHints":{"allow":["GET"]}}],"collection":[{"href":"https:\/\/duyhungmotor.com\/index.php?rest_route=\/wp\/v2\/pages"}],"about":[{"href":"https:\/\/duyhungmotor.com\/index.php?rest_route=\/wp\/v2\/types\/page"}],"author":[{"embeddable":true,"href":"https:\/\/duyhungmotor.com\/index.php?rest_route=\/wp\/v2\/users\/1"}],"replies":[{"embeddable":true,"href":"https:\/\/duyhungmotor.com\/index.php?rest_route=%2Fwp%2Fv2%2Fcomments&post=120"}],"version-history":[{"count":19,"href":"https:\/\/duyhungmotor.com\/index.php?rest_route=\/wp\/v2\/pages\/120\/revisions"}],"predecessor-version":[{"id":1066,"href":"https:\/\/duyhungmotor.com\/index.php?rest_route=\/wp\/v2\/pages\/120\/revisions\/1066"}],"wp:attachment":[{"href":"https:\/\/duyhungmotor.com\/index.php?rest_route=%2Fwp%2Fv2%2Fmedia&parent=120"}],"curies":[{"name":"wp","href":"https:\/\/api.w.org\/{rel}","templated":true}]}}