{"id":1126,"date":"2020-11-26T16:24:03","date_gmt":"2020-11-26T09:24:03","guid":{"rendered":"http:\/\/duyhungmotor.com\/?page_id=1126"},"modified":"2025-08-14T23:27:47","modified_gmt":"2025-08-14T16:27:47","slug":"elementor-1126","status":"publish","type":"page","link":"https:\/\/duyhungmotor.com\/?page_id=1126","title":{"rendered":"D\u1ecbch v\u1ee5"},"content":{"rendered":"\t\t<div data-elementor-type=\"wp-page\" data-elementor-id=\"1126\" class=\"elementor elementor-1126\" data-elementor-settings=\"[]\">\n\t\t\t<div class=\"elementor-inner\">\n\t\t\t\t<div class=\"elementor-section-wrap\">\n\t\t\t\t\t\t\t<section class=\"elementor-element elementor-element-f46d53c elementor-section-boxed elementor-section-height-default elementor-section-height-default elementor-section elementor-top-section\" data-id=\"f46d53c\" data-element_type=\"section\">\n\t\t\t\t\t\t<div class=\"elementor-container elementor-column-gap-default\">\n\t\t\t\t<div class=\"elementor-row\">\n\t\t\t\t<div class=\"elementor-element elementor-element-6f867de elementor-column elementor-col-100 elementor-top-column\" data-id=\"6f867de\" data-element_type=\"column\">\n\t\t\t<div class=\"elementor-column-wrap  elementor-element-populated\">\n\t\t\t\t\t<div class=\"elementor-widget-wrap\">\n\t\t\t\t<div class=\"elementor-element elementor-element-440f1db elementor-widget elementor-widget-text-editor\" data-id=\"440f1db\" data-element_type=\"widget\" data-widget_type=\"text-editor.default\">\n\t\t\t\t<div class=\"elementor-widget-container\">\n\t\t\t\t\t<div class=\"elementor-text-editor elementor-clearfix\"><h2><span style=\"color: #ff0000;\">C\u1ee8U H\u1ed8 &#8211; S\u1eecA CH\u1eeeA &#8211; B\u1ea2O H\u00c0NH T\u1ea0I NH\u00c0 24\/7<\/span><\/h2>\n<p>Th\u1ea5u hi\u1ec3u nhu c\u1ea7u c\u1ee7a c\u00e1c kh\u00e1ch h\u00e0ng trong su\u1ed1t 15 n\u0103m qua Duy H\u00f9ng l\u00e0 \u0111\u1ea1i l\u00fd duy nh\u1ea5t c\u00f3 d\u1ecbch v\u1ee5 s\u1eeda ch\u1eefa &#8211; b\u1ea3o h\u00e0nh &#8211; giao xe t\u1ea1i nh\u00e0 t\u1ea1i mi\u1ec5n ph\u00ed 100% ti\u1ec1n c\u00f4ng cho t\u1ea5t c\u1ea3 c\u00e1c kh\u00e1ch h\u00e0ng tr\u00ean \u0111\u1ecba b\u00e0n t\u1ec9nh Ph\u00fa Th\u1ecd .<\/p>\n<h1 style=\"text-align: center;\"><br \/><span style=\"color: #ff0000;\"><strong>HOTLINE : 1800 9446 ( MI\u1ec4N PH\u00cd )<\/strong><\/span><\/h1>\n<p>S\u1ed0 C\u1ee8U H\u1ed8 T\u1eeaNG V\u00d9NG :<\/p>\n<ul>\n<li><strong>VI\u1ec6T TR\u00cc &#8211; PH\u00d9 NINH: <span style=\"color: #ff0000;\">Mr Nh\u00e3 : 0961 024 336<\/span><\/strong> .<\/li>\n<li><strong>TH\u1eca X\u00c3 PH\u00da TH\u1ecc:<\/strong>\u00a0 <strong><span style=\"color: #ff0000;\">Mr\u00a0 Quang : 0961 024 334<\/span><\/strong><\/li>\n<li><strong>THANH S\u01a0N:<\/strong>\u00a0 <strong><span style=\"color: #ff0000;\">Mr D\u1ef1 : 0964 232 373.<\/span><\/strong><\/li>\n<li><strong>THANH BA: <span style=\"color: #ff0000;\">Mr Tr\u01b0\u1eddng : 0976 223 271<\/span><\/strong><\/li>\n<\/ul>\n<p>H\u00e3y li\u00ean h\u1ec7 ngay v\u1edbi ch\u00fang t\u00f4i \u0111\u1ec3 \u0111\u01b0\u1ee3c h\u01b0\u1edfng nh\u1eefng \u01b0u \u0111\u00e3i v\u00e0 d\u1ecbch v\u1ee5 ch\u1ea5t l\u01b0\u1ee3ng nh\u1ea5t!<br \/>V\u1edbi ph\u01b0\u01a1ng ch\u00e2m \u201c <em>Kh\u00e1ch h\u00e0ng l\u00e0 ng\u01b0\u1eddi th\u00e2n<\/em> \u201c ch\u00fang t\u00f4i lu\u00f4n mu\u1ed1n mang \u0111\u1ebfn nh\u1eefng d\u1ecbch v\u1ee5 t\u1ed1t nh\u1ea5t thu\u1eadn ti\u1ec7n nh\u1ea5t \u0111\u1ebfn v\u1edbi kh\u00e1ch h\u00e0ng !<\/p><\/div>\n\t\t\t\t<\/div>\n\t\t\t\t<\/div>\n\t\t\t\t\t\t<\/div>\n\t\t\t<\/div>\n\t\t<\/div>\n\t\t\t\t\t\t<\/div>\n\t\t\t<\/div>\n\t\t<\/section>\n\t\t\t\t<section class=\"elementor-element elementor-element-da798bb elementor-section-boxed elementor-section-height-default elementor-section-height-default elementor-section elementor-top-section\" data-id=\"da798bb\" data-element_type=\"section\">\n\t\t\t\t\t\t<div class=\"elementor-container elementor-column-gap-default\">\n\t\t\t\t<div class=\"elementor-row\">\n\t\t\t\t<div class=\"elementor-element elementor-element-2ed222d elementor-column elementor-col-50 elementor-top-column\" data-id=\"2ed222d\" data-element_type=\"column\">\n\t\t\t<div class=\"elementor-column-wrap  elementor-element-populated\">\n\t\t\t\t\t<div class=\"elementor-widget-wrap\">\n\t\t\t\t<div class=\"elementor-element elementor-element-4a0abfe elementor-widget elementor-widget-image\" data-id=\"4a0abfe\" data-element_type=\"widget\" data-widget_type=\"image.default\">\n\t\t\t\t<div class=\"elementor-widget-container\">\n\t\t\t\t\t<div class=\"elementor-image\">\n\t\t\t\t\t\t\t\t\t\t<img loading=\"lazy\" decoding=\"async\" width=\"1920\" height=\"2560\" src=\"https:\/\/duyhungmotor.com\/wp-content\/uploads\/2020\/11\/z2196895212666_02dd69f89e6bb0b93984a50cf23cadda.jpg\" class=\"attachment-large size-large\" alt=\"\" srcset=\"https:\/\/duyhungmotor.com\/wp-content\/uploads\/2020\/11\/z2196895212666_02dd69f89e6bb0b93984a50cf23cadda.jpg 1920w, https:\/\/duyhungmotor.com\/wp-content\/uploads\/2020\/11\/z2196895212666_02dd69f89e6bb0b93984a50cf23cadda-768x1024.jpg 768w, https:\/\/duyhungmotor.com\/wp-content\/uploads\/2020\/11\/z2196895212666_02dd69f89e6bb0b93984a50cf23cadda-1152x1536.jpg 1152w, https:\/\/duyhungmotor.com\/wp-content\/uploads\/2020\/11\/z2196895212666_02dd69f89e6bb0b93984a50cf23cadda-1536x2048.jpg 1536w, https:\/\/duyhungmotor.com\/wp-content\/uploads\/2020\/11\/z2196895212666_02dd69f89e6bb0b93984a50cf23cadda-600x800.jpg 600w\" sizes=\"auto, (max-width: 1920px) 100vw, 1920px\" \/>\t\t\t\t\t\t\t\t\t\t\t<\/div>\n\t\t\t\t<\/div>\n\t\t\t\t<\/div>\n\t\t\t\t\t\t<\/div>\n\t\t\t<\/div>\n\t\t<\/div>\n\t\t\t\t<div class=\"elementor-element elementor-element-9506a6c elementor-column elementor-col-50 elementor-top-column\" data-id=\"9506a6c\" data-element_type=\"column\">\n\t\t\t<div class=\"elementor-column-wrap  elementor-element-populated\">\n\t\t\t\t\t<div class=\"elementor-widget-wrap\">\n\t\t\t\t<div class=\"elementor-element elementor-element-c5f4f8a elementor-widget elementor-widget-image\" data-id=\"c5f4f8a\" data-element_type=\"widget\" data-widget_type=\"image.default\">\n\t\t\t\t<div class=\"elementor-widget-container\">\n\t\t\t\t\t<div class=\"elementor-image\">\n\t\t\t\t\t\t\t\t\t\t<img loading=\"lazy\" decoding=\"async\" width=\"1920\" height=\"2560\" src=\"https:\/\/duyhungmotor.com\/wp-content\/uploads\/2020\/11\/z2196895219430_d8d0262bf180de32ddb92a5fa1afda9b.jpg\" class=\"attachment-large size-large\" alt=\"\" srcset=\"https:\/\/duyhungmotor.com\/wp-content\/uploads\/2020\/11\/z2196895219430_d8d0262bf180de32ddb92a5fa1afda9b.jpg 1920w, https:\/\/duyhungmotor.com\/wp-content\/uploads\/2020\/11\/z2196895219430_d8d0262bf180de32ddb92a5fa1afda9b-768x1024.jpg 768w, https:\/\/duyhungmotor.com\/wp-content\/uploads\/2020\/11\/z2196895219430_d8d0262bf180de32ddb92a5fa1afda9b-1152x1536.jpg 1152w, https:\/\/duyhungmotor.com\/wp-content\/uploads\/2020\/11\/z2196895219430_d8d0262bf180de32ddb92a5fa1afda9b-1536x2048.jpg 1536w, https:\/\/duyhungmotor.com\/wp-content\/uploads\/2020\/11\/z2196895219430_d8d0262bf180de32ddb92a5fa1afda9b-600x800.jpg 600w\" sizes=\"auto, (max-width: 1920px) 100vw, 1920px\" \/>\t\t\t\t\t\t\t\t\t\t\t<\/div>\n\t\t\t\t<\/div>\n\t\t\t\t<\/div>\n\t\t\t\t\t\t<\/div>\n\t\t\t<\/div>\n\t\t<\/div>\n\t\t\t\t\t\t<\/div>\n\t\t\t<\/div>\n\t\t<\/section>\n\t\t\t\t\t\t<\/div>\n\t\t\t<\/div>\n\t\t<\/div>\n\t\t","protected":false},"excerpt":{"rendered":"<p>Un alt motiv important este selec\u021bia de titluri furnizate de cazinouri electronice. Reac\u021bia \u00een Bogdan Casino acel moment era de nedescris \u2014 o fuziune de pl\u0103cere, \u0219oc combinat cu \u0219oc u\u0219or. Aceste cazinouri online permit juc\u0103torilor s\u0103 ocoleasc\u0103 procesul normal de creare a contului pa\u0219i care necesit\u0103 act de identitate personal, prezent\u00e2nd o op\u021biune care [&hellip;]<\/p>\n","protected":false},"author":1,"featured_media":0,"parent":0,"menu_order":0,"comment_status":"closed","ping_status":"closed","template":"","meta":{"footnotes":""},"class_list":["post-1126","page","type-page","status-publish","hentry"],"yoast_head":"<!-- This site is optimized with the Yoast SEO plugin v19.10 - https:\/\/yoast.com\/wordpress\/plugins\/seo\/ -->\n<title>D\u1ecbch v\u1ee5 -<\/title>\n<meta name=\"robots\" content=\"index, follow, max-snippet:-1, max-image-preview:large, max-video-preview:-1\" \/>\n<link rel=\"canonical\" href=\"https:\/\/duyhungmotor.com\/?page_id=1126\" \/>\n<meta property=\"og:locale\" content=\"vi_VN\" \/>\n<meta property=\"og:type\" content=\"article\" \/>\n<meta property=\"og:title\" content=\"D\u1ecbch v\u1ee5 -\" \/>\n<meta property=\"og:description\" content=\"Un alt motiv important este selec\u021bia de titluri furnizate de cazinouri electronice. Reac\u021bia \u00een Bogdan Casino acel moment era de nedescris \u2014 o fuziune de pl\u0103cere, \u0219oc combinat cu \u0219oc u\u0219or. Aceste cazinouri online permit juc\u0103torilor s\u0103 ocoleasc\u0103 procesul normal de creare a contului pa\u0219i care necesit\u0103 act de identitate personal, prezent\u00e2nd o op\u021biune care [&hellip;]\" \/>\n<meta property=\"og:url\" content=\"https:\/\/duyhungmotor.com\/?page_id=1126\" \/>\n<meta property=\"article:modified_time\" content=\"2025-08-14T16:27:47+00:00\" \/>\n<meta property=\"og:image\" content=\"http:\/\/duyhungmotor.com\/wp-content\/uploads\/2020\/11\/z2196895212666_02dd69f89e6bb0b93984a50cf23cadda.jpg\" \/>\n<meta name=\"twitter:card\" content=\"summary_large_image\" \/>\n<meta name=\"twitter:label1\" content=\"\u01af\u1edbc t\u00ednh th\u1eddi gian \u0111\u1ecdc\" \/>\n\t<meta name=\"twitter:data1\" content=\"2 ph\u00fat\" \/>\n<script type=\"application\/ld+json\" class=\"yoast-schema-graph\">{\"@context\":\"https:\/\/schema.org\",\"@graph\":[{\"@type\":\"WebPage\",\"@id\":\"https:\/\/duyhungmotor.com\/?page_id=1126\",\"url\":\"https:\/\/duyhungmotor.com\/?page_id=1126\",\"name\":\"D\u1ecbch v\u1ee5 -\",\"isPartOf\":{\"@id\":\"https:\/\/duyhungmotor.com\/#website\"},\"datePublished\":\"2020-11-26T09:24:03+00:00\",\"dateModified\":\"2025-08-14T16:27:47+00:00\",\"breadcrumb\":{\"@id\":\"https:\/\/duyhungmotor.com\/?page_id=1126#breadcrumb\"},\"inLanguage\":\"vi\",\"potentialAction\":[{\"@type\":\"ReadAction\",\"target\":[\"https:\/\/duyhungmotor.com\/?page_id=1126\"]}]},{\"@type\":\"BreadcrumbList\",\"@id\":\"https:\/\/duyhungmotor.com\/?page_id=1126#breadcrumb\",\"itemListElement\":[{\"@type\":\"ListItem\",\"position\":1,\"name\":\"Trang ch\u1ee7\",\"item\":\"https:\/\/duyhungmotor.com\/\"},{\"@type\":\"ListItem\",\"position\":2,\"name\":\"D\u1ecbch v\u1ee5\"}]},{\"@type\":\"WebSite\",\"@id\":\"https:\/\/duyhungmotor.com\/#website\",\"url\":\"https:\/\/duyhungmotor.com\/\",\"name\":\"\",\"description\":\"\u0110\u1ea1i l\u00fd Xe M\u00e1y - Xe \u0110i\u1ec7n\",\"potentialAction\":[{\"@type\":\"SearchAction\",\"target\":{\"@type\":\"EntryPoint\",\"urlTemplate\":\"https:\/\/duyhungmotor.com\/?s={search_term_string}\"},\"query-input\":\"required name=search_term_string\"}],\"inLanguage\":\"vi\"}]}<\/script>\n<!-- \/ Yoast SEO plugin. -->","yoast_head_json":{"title":"D\u1ecbch v\u1ee5 -","robots":{"index":"index","follow":"follow","max-snippet":"max-snippet:-1","max-image-preview":"max-image-preview:large","max-video-preview":"max-video-preview:-1"},"canonical":"https:\/\/duyhungmotor.com\/?page_id=1126","og_locale":"vi_VN","og_type":"article","og_title":"D\u1ecbch v\u1ee5 -","og_description":"Un alt motiv important este selec\u021bia de titluri furnizate de cazinouri electronice. Reac\u021bia \u00een Bogdan Casino acel moment era de nedescris \u2014 o fuziune de pl\u0103cere, \u0219oc combinat cu \u0219oc u\u0219or. Aceste cazinouri online permit juc\u0103torilor s\u0103 ocoleasc\u0103 procesul normal de creare a contului pa\u0219i care necesit\u0103 act de identitate personal, prezent\u00e2nd o op\u021biune care [&hellip;]","og_url":"https:\/\/duyhungmotor.com\/?page_id=1126","article_modified_time":"2025-08-14T16:27:47+00:00","og_image":[{"url":"http:\/\/duyhungmotor.com\/wp-content\/uploads\/2020\/11\/z2196895212666_02dd69f89e6bb0b93984a50cf23cadda.jpg"}],"twitter_card":"summary_large_image","twitter_misc":{"\u01af\u1edbc t\u00ednh th\u1eddi gian \u0111\u1ecdc":"2 ph\u00fat"},"schema":{"@context":"https:\/\/schema.org","@graph":[{"@type":"WebPage","@id":"https:\/\/duyhungmotor.com\/?page_id=1126","url":"https:\/\/duyhungmotor.com\/?page_id=1126","name":"D\u1ecbch v\u1ee5 -","isPartOf":{"@id":"https:\/\/duyhungmotor.com\/#website"},"datePublished":"2020-11-26T09:24:03+00:00","dateModified":"2025-08-14T16:27:47+00:00","breadcrumb":{"@id":"https:\/\/duyhungmotor.com\/?page_id=1126#breadcrumb"},"inLanguage":"vi","potentialAction":[{"@type":"ReadAction","target":["https:\/\/duyhungmotor.com\/?page_id=1126"]}]},{"@type":"BreadcrumbList","@id":"https:\/\/duyhungmotor.com\/?page_id=1126#breadcrumb","itemListElement":[{"@type":"ListItem","position":1,"name":"Trang ch\u1ee7","item":"https:\/\/duyhungmotor.com\/"},{"@type":"ListItem","position":2,"name":"D\u1ecbch v\u1ee5"}]},{"@type":"WebSite","@id":"https:\/\/duyhungmotor.com\/#website","url":"https:\/\/duyhungmotor.com\/","name":"","description":"\u0110\u1ea1i l\u00fd Xe M\u00e1y - Xe \u0110i\u1ec7n","potentialAction":[{"@type":"SearchAction","target":{"@type":"EntryPoint","urlTemplate":"https:\/\/duyhungmotor.com\/?s={search_term_string}"},"query-input":"required name=search_term_string"}],"inLanguage":"vi"}]}},"_links":{"self":[{"href":"https:\/\/duyhungmotor.com\/index.php?rest_route=\/wp\/v2\/pages\/1126","targetHints":{"allow":["GET"]}}],"collection":[{"href":"https:\/\/duyhungmotor.com\/index.php?rest_route=\/wp\/v2\/pages"}],"about":[{"href":"https:\/\/duyhungmotor.com\/index.php?rest_route=\/wp\/v2\/types\/page"}],"author":[{"embeddable":true,"href":"https:\/\/duyhungmotor.com\/index.php?rest_route=\/wp\/v2\/users\/1"}],"replies":[{"embeddable":true,"href":"https:\/\/duyhungmotor.com\/index.php?rest_route=%2Fwp%2Fv2%2Fcomments&post=1126"}],"version-history":[{"count":5,"href":"https:\/\/duyhungmotor.com\/index.php?rest_route=\/wp\/v2\/pages\/1126\/revisions"}],"predecessor-version":[{"id":1628,"href":"https:\/\/duyhungmotor.com\/index.php?rest_route=\/wp\/v2\/pages\/1126\/revisions\/1628"}],"wp:attachment":[{"href":"https:\/\/duyhungmotor.com\/index.php?rest_route=%2Fwp%2Fv2%2Fmedia&parent=1126"}],"curies":[{"name":"wp","href":"https:\/\/api.w.org\/{rel}","templated":true}]}}